{"id":15729,"date":"2024-11-19T17:00:31","date_gmt":"2024-11-19T10:00:31","guid":{"rendered":"http:\/\/pickle-ball.vn\/-product-\/uncategorized\/vot-pickleball-vot-pickleball-vanguard-pro-invikta-16mm\/"},"modified":"2024-11-19T17:00:35","modified_gmt":"2024-11-19T10:00:35","slug":"vot-pickleball-vot-pickleball-vanguard-pro-invikta-16mm","status":"publish","type":"product","link":"https:\/\/pickle-ball.vn\/ar\/-product-\/vot-pickleball\/vot-pickleball-vot-pickleball-vanguard-pro-invikta-16mm\/","title":{"rendered":"V\u1ee3t PickleballV\u1ee3t Pickleball Vanguard Pro Invikta 16mm"},"content":{"rendered":"<div role=\"tabpanel\" class=\"tab-pane active\" id=\"tab-product-info\">\n<div class=\"vh-content\">\n<h2><strong>V\u1ee3t Pickleball Vanguard Pro Invikta 16mm ch\u00ednh h\u00e3ng<\/strong><\/h2>\n<p><strong>V\u1ee3t Pickleball Selkirk Vanguard Pro Invikta<\/strong> l\u00e0 v\u1ee3t to\u00e0n s\u00e2n l\u00e0m t\u1eeb carbon th\u00f4 cao c\u1ea5p \u0111\u01b0\u1ee3c thi\u1ebft k\u1ebf \u0111\u1ec3 c\u00f3 t\u00ednh linh ho\u1ea1t v\u00e0 hi\u1ec7u su\u1ea5t cao c\u1ea5p. V\u1edbi b\u1ed1n l\u1edbp s\u1ee3i carbon th\u00f4 12K \u2014 g\u1ea5p \u0111\u00f4i ti\u00eau chu\u1ea9n c\u1ee7a c\u00e1c lo\u1ea1i v\u1ee3t kh\u00e1c \u2014 v\u00e0 c\u1ea5u tr\u00fac ch\u1ecbu nhi\u1ec7t, v\u1ee3t t\u0103ng c\u01b0\u1eddng c\u1ea3m gi\u00e1c, \u0111\u1ed9 xo\u00e1y v\u00e0 s\u1ee9c m\u1ea1nh.<\/p>\n<p>M\u1eb7t v\u1ee3t s\u1ee3i carbon th\u00f4 12k 4 l\u1edbp | 4 l\u1edbp s\u1ee3i carbon th\u00f4 12k \u0111\u01b0\u1ee3c x\u1ebfp l\u1edbp \u0111\u1ec3 t\u0103ng c\u01b0\u1eddng \u0111\u1ed9 c\u1ee9ng v\u00e0 kh\u1ea3 n\u0103ng ki\u1ec3m so\u00e1t trong khi v\u1eabn duy tr\u00ec \u0111\u01b0\u1ee3c \u0111\u1ed9 linh ho\u1ea1t c\u1ea7n thi\u1ebft cho nh\u1eefng c\u00fa \u0111\u00e1nh m\u1ea1nh. C\u1ea5u tr\u00fac ti\u00ean ti\u1ebfn n\u00e0y t\u1ea1o ra m\u1eb7t v\u1ee3t lai s\u1eafc n\u00e9t, ph\u1ea3n \u1ee9ng nhanh. V\u1edbi 4 l\u1edbp thay v\u00ec 2 l\u1edbp ti\u00eau chu\u1ea9n, c\u00f3 h\u1ed7 tr\u1ee3 \u0111a h\u01b0\u1edbng, t\u0103ng \u0111\u00e1ng k\u1ec3 \u0111\u1ed9 b\u1ec1n c\u1ee7a m\u1eb7t v\u1ee3t v\u00e0 mang l\u1ea1i \u0111\u1ed9 xo\u00e1y \u0111\u1eb7c bi\u1ec7t.<\/p>\n<p style=\"text-align:center\"><img decoding=\"async\" alt=\"V\u1ee3t Pickleball Vanguard Pro Invikta 16mm\" class=\"lazy\" src=\"http:\/\/pickle-ball.vn\/wp-content\/uploads\/2024\/11\/vot-pickleball-selkirk-vanguard-pro-invikta-16mm-02.webp\" style=\"height:750px;width:750px\" title=\"V\u1ee3t Pickleball Vanguard Pro Invikta 16mm\"><\/p>\n<p>L\u00f5i t\u1ed5 ong Polypropylene X5+ 16mm | \u0110\u01b0\u1ee3c th\u1eed nghi\u1ec7m t\u1ea1i ph\u00f2ng th\u00ed nghi\u1ec7m Selkirk v\u00e0 s\u1eed d\u1ee5ng cho D\u1ef1 \u00e1n 006, c\u00f4ng ngh\u1ec7 l\u00f5i X5+ mang l\u1ea1i s\u1ef1 nh\u1ea5t qu\u00e1n v\u00e0 kh\u1ea3 n\u0103ng ki\u1ec3m so\u00e1t, t\u0103ng c\u01b0\u1eddng \u0111\u00e1ng k\u1ec3 c\u00e1c \u0111\u1eb7c t\u00ednh hi\u1ec7u su\u1ea5t c\u1ee7a m\u00e1i ch\u00e8o.<\/p>\n<p>C\u1ea1nh b\u1ecdt nhi\u1ec7t d\u1ebbo | \u0110\u01b0\u1ee3c th\u00eam v\u00e0o \u0111\u1ec3 m\u1edf r\u1ed9ng \u0111i\u1ec3m ng\u1ecdt nh\u1eb1m t\u0103ng \u0111\u1ed9 ch\u00ednh x\u00e1c, c\u00e1c b\u1ee9c t\u01b0\u1eddng \u0111\u01b0\u1ee3c phun b\u1ecdt m\u1eadt \u0111\u1ed9 cao gi\u00fap h\u1ea5p th\u1ee5 rung \u0111\u1ed9ng t\u1eeb m\u1ed7i c\u00fa \u0111\u00e1nh, mang l\u1ea1i c\u1ea3m gi\u00e1c \u1ed5n \u0111\u1ecbnh, \u0111\u00e1ng tin c\u1eady, \u0111\u1ed3ng th\u1eddi c\u0169ng t\u0103ng s\u1ee9c m\u1ea1nh.<\/p>\n<p>Tay c\u1ea7m h\u00ecnh b\u00e1t gi\u00e1c | \u0110\u01b0\u1ee3c thi\u1ebft k\u1ebf \u0111\u1ec3 t\u0103ng c\u01b0\u1eddng kh\u1ea3 n\u0103ng ki\u1ec3m so\u00e1t, tay c\u1ea7m h\u00ecnh b\u00e1t gi\u00e1c n\u00e2ng c\u1ea5p mang l\u1ea1i kh\u1ea3 n\u0103ng \u0111i\u1ec1u khi\u1ec3n t\u1ed1t h\u01a1n v\u00e0 \u0111\u1ed9 ch\u00ednh x\u00e1c khi \u0111\u00e1nh tr\u00ean s\u00e2n.\u00a0<\/p>\n<p>EdgeSentry DuraEdge | B\u1ea3o v\u1ec7 c\u1ea1nh m\u00e1i ch\u00e8o b\u1ec1n, nh\u1eb9, c\u00f3 c\u1ea5u tr\u00fac th\u1ea5p gi\u00fap m\u00e1i ch\u00e8o c\u00e2n b\u1eb1ng v\u00e0 ch\u1eafc ch\u1eafn.<\/p>\n<h3><strong>Th\u00f4ng s\u1ed1 k\u1ef9 thu\u1eadt\u00a0V\u1ee3t Pickleball Vanguard Pro Invikta 16mm<\/strong><\/h3>\n<table cellspacing=\"0\" style=\"border-collapse:collapse;width:335px\">\n<tbody>\n<tr>\n<td style=\"border-bottom:none;border-left:none;border-right:none;border-top:none;height:20px;vertical-align:bottom;width:151px\"><span style=\"font-size:15px\"><span style=\"color:black\">Thu\u1ed9c t\u00ednh<\/span><\/span><\/td>\n<td style=\"border-bottom:none;border-left:none;border-right:none;border-top:none;vertical-align:bottom;width:184px\"><span style=\"font-size:15px\"><span style=\"color:black\">M\u00f4 t\u1ea3<\/span><\/span><\/td>\n<\/tr>\n<tr>\n<td style=\"border-bottom:none;border-left:none;border-right:none;border-top:none;height:20px;vertical-align:bottom\"><span style=\"font-size:15px\"><span style=\"color:black\">M\u00e3 s\u1ea3n ph\u1ea9m<\/span><\/span><\/td>\n<td style=\"border-bottom:none;border-left:none;border-right:none;border-top:none;vertical-align:bottom\"><span style=\"font-size:15px\"><span style=\"color:black\">7115<\/span><\/span><\/td>\n<\/tr>\n<tr>\n<td style=\"border-bottom:none;border-left:none;border-right:none;border-top:none;height:20px;vertical-align:bottom\"><span style=\"font-size:15px\"><span style=\"color:black\">Th\u01b0\u01a1ng hi\u1ec7u<\/span><\/span><\/td>\n<td style=\"border-bottom:none;border-left:none;border-right:none;border-top:none;vertical-align:bottom\"><span style=\"font-size:15px\"><span style=\"color:black\">Selkirk<\/span><\/span><\/td>\n<\/tr>\n<tr>\n<td style=\"border-bottom:none;border-left:none;border-right:none;border-top:none;height:20px;vertical-align:bottom\"><span style=\"font-size:15px\"><span style=\"color:black\">Tr\u00ecnh \u0111\u1ed9 k\u1ef9 n\u0103ng<\/span><\/span><\/td>\n<td style=\"border-bottom:none;border-left:none;border-right:none;border-top:none;vertical-align:bottom\"><span style=\"font-size:15px\"><span style=\"color:black\">Trung c\u1ea5p \u0111\u1ebfn N\u00e2ng cao<\/span><\/span><\/td>\n<\/tr>\n<tr>\n<td style=\"border-bottom:none;border-left:none;border-right:none;border-top:none;height:20px;vertical-align:bottom\"><span style=\"font-size:15px\"><span style=\"color:black\">Tr\u1ecdng l\u01b0\u1ee3ng trung b\u00ecnh<\/span><\/span><\/td>\n<td style=\"border-bottom:none;border-left:none;border-right:none;border-top:none;vertical-align:bottom\"><span style=\"font-size:15px\"><span style=\"color:black\">7,8 \u2013 8,2 oz<\/span><\/span><\/td>\n<\/tr>\n<tr>\n<td style=\"border-bottom:none;border-left:none;border-right:none;border-top:none;height:20px;vertical-align:bottom\"><span style=\"font-size:15px\"><span style=\"color:black\">Chi\u1ec1u d\u00e0i tay c\u1ea7m<\/span><\/span><\/td>\n<td style=\"border-bottom:none;border-left:none;border-right:none;border-top:none;vertical-align:bottom\"><span style=\"font-size:15px\"><span style=\"color:black\">5,5\u201d\u00a0<\/span><\/span><\/td>\n<\/tr>\n<tr>\n<td style=\"border-bottom:none;border-left:none;border-right:none;border-top:none;height:20px;vertical-align:bottom\"><span style=\"font-size:15px\"><span style=\"color:black\">Ki\u1ec3u tay c\u1ea7m<\/span><\/span><\/td>\n<td style=\"border-bottom:none;border-left:none;border-right:none;border-top:none;vertical-align:bottom\"><span style=\"font-size:15px\"><span style=\"color:black\">White Geo<\/span><\/span><\/td>\n<\/tr>\n<tr>\n<td style=\"border-bottom:none;border-left:none;border-right:none;border-top:none;height:20px;vertical-align:bottom\"><span style=\"font-size:15px\"><span style=\"color:black\">Chu vi tay c\u1ea7m<\/span><\/span><\/td>\n<td style=\"border-bottom:none;border-left:none;border-right:none;border-top:none;vertical-align:bottom\"><span style=\"font-size:15px\"><span style=\"color:black\">4,25\u201d<\/span><\/span><\/td>\n<\/tr>\n<tr>\n<td style=\"border-bottom:none;border-left:none;border-right:none;border-top:none;height:20px;vertical-align:bottom\"><span style=\"font-size:15px\"><span style=\"color:black\">Tr\u1ecdng l\u01b0\u1ee3ng vung trung b\u00ecnh<\/span><\/span><\/td>\n<td style=\"border-bottom:none;border-left:none;border-right:none;border-top:none;vertical-align:bottom\"><span style=\"font-size:15px\"><span style=\"color:black\">113 (c\u00f3 th\u1ec3 thay \u0111\u1ed5i +\/- 2 \u0111i\u1ec3m)<\/span><\/span><\/td>\n<\/tr>\n<tr>\n<td style=\"border-bottom:none;border-left:none;border-right:none;border-top:none;height:20px;vertical-align:bottom\"><span style=\"font-size:15px\"><span style=\"color:black\">Twistweight trung b\u00ecnh<\/span><\/span><\/td>\n<td style=\"border-bottom:none;border-left:none;border-right:none;border-top:none;vertical-align:bottom\"><span style=\"font-size:15px\"><span style=\"color:black\">5,65 (c\u00f3 th\u1ec3 thay \u0111\u1ed5i +\/- 0,3 \u0111i\u1ec3m)<\/span><\/span><\/td>\n<\/tr>\n<tr>\n<td style=\"border-bottom:none;border-left:none;border-right:none;border-top:none;height:20px;vertical-align:bottom\"><span style=\"font-size:15px\"><span style=\"color:black\">Chi\u1ec1u d\u00e0i m\u00e1i ch\u00e8o<\/span><\/span><\/td>\n<td style=\"border-bottom:none;border-left:none;border-right:none;border-top:none;vertical-align:bottom\"><span style=\"font-size:15px\"><span style=\"color:black\">16,45\u201d<\/span><\/span><\/td>\n<\/tr>\n<tr>\n<td style=\"border-bottom:none;border-left:none;border-right:none;border-top:none;height:20px;vertical-align:bottom\"><span style=\"font-size:15px\"><span style=\"color:black\">Chi\u1ec1u r\u1ed9ng m\u00e1i ch\u00e8o<\/span><\/span><\/td>\n<td style=\"border-bottom:none;border-left:none;border-right:none;border-top:none;vertical-align:bottom\"><span style=\"font-size:15px\"><span style=\"color:black\">7,45\u201d<\/span><\/span><\/td>\n<\/tr>\n<tr>\n<td style=\"border-bottom:none;border-left:none;border-right:none;border-top:none;height:20px;vertical-align:bottom\"><span style=\"font-size:15px\"><span style=\"color:black\">\u0110\u1ed9 d\u00e0y l\u00f5i<\/span><\/span><\/td>\n<td style=\"border-bottom:none;border-left:none;border-right:none;border-top:none;vertical-align:bottom\"><span style=\"font-size:15px\"><span style=\"color:black\">16mm<\/span><\/span><\/td>\n<\/tr>\n<tr>\n<td style=\"border-bottom:none;border-left:none;border-right:none;border-top:none;height:20px;vertical-align:bottom\"><span style=\"font-size:15px\"><span style=\"color:black\">K\u00edch th\u01b0\u1edbc \u0111i\u1ec3m ng\u1ecdt<\/span><\/span><\/td>\n<td style=\"border-bottom:none;border-left:none;border-right:none;border-top:none;vertical-align:bottom\"><span style=\"font-size:15px\"><span style=\"color:black\">8<\/span><\/span><\/td>\n<\/tr>\n<tr>\n<td style=\"border-bottom:none;border-left:none;border-right:none;border-top:none;height:20px;vertical-align:bottom\"><span style=\"font-size:15px\"><span style=\"color:black\">L\u1eafp r\u00e1p t\u1ea1i<\/span><\/span><\/td>\n<td style=\"border-bottom:none;border-left:none;border-right:none;border-top:none;vertical-align:bottom\"><span style=\"font-size:15px\"><span style=\"color:black\">Hoa K\u1ef3<\/span><\/span><\/td>\n<\/tr>\n<\/tbody>\n<\/table>\n<p><strong>V\u1ee3t Pickleball Vanguard Pro Invikta 16mm<\/strong> ch\u00ednh h\u00e3ng \u0111ang c\u00f3 s\u1eb5n t\u1ea1i pickle-ball.vn &#8211; Vui l\u00f2ng li\u00ean h\u1ec7 v\u1edbi ch\u00fang t\u00f4i 0.87654321.9 \u0111\u1ec3 \u0111\u01b0\u1ee3c t\u01b0 v\u1ea5n, h\u1ed7 tr\u1ee3 t\u1ed1t nh\u1ea5t.<\/p>\n<\/p><\/div>\n<\/p><\/div>","protected":false},"excerpt":{"rendered":"<ul class=\"list-unstyled params\">\n<li class=\"btt\">Th\u00f4ng tin s\u1ea3n ph\u1ea9m:<\/li>\n<li class=\"dyn\">\n                                            <span class=\"n\">Th\u01b0\u01a1ng hi\u1ec7u:<\/span><br \/>\n\t\t\t\t\t\t\t\t\t\t\t<span class=\"v\"><b>Selkirk<\/b><\/span>\n                                        <\/li>\n<li class=\"dyn\">\n                                            <span class=\"n\">Number order:<\/span><br \/>\n\t\t\t\t\t\t\t\t\t\t\t<span class=\"v\">7115<\/span>\n                                        <\/li>\n<li class=\"dyn\">\n                                            <span class=\"n\">Nh\u00e0 cung c\u1ea5p:<\/span><br \/>\n                                            \t\t\t\t\t\t\t\t\t\t\t<span class=\"v\">Pickleball Vi\u1ec7t Nam<\/span>\n\t\t\t\t\t\t\t\t\t\t\t                                        <\/li>\n<li class=\"dyn\">\n                                            <span class=\"n\">Lo\u1ea1i s\u1ea3n ph\u1ea9m:<\/span><br \/>\n                                            <span class=\"v\">C\u00f4ng, Th\u1ee7<\/span>\n                                        <\/li>\n<li class=\"separator\">\n                                        <\/li>\n<li>\n                                            <span class=\"n\">Tr\u1ea1ng th\u00e1i:<\/span><br \/>\n                                            <span class=\"v\" style=\"font-weight:700;color: #d7000e\">C\u00f3 s\u1eb5n h\u00e0ng<\/span>\n                                        <\/li>\n<li>\n                                            <span class=\"n\">\u0110\u1ed9 d\u00e0y:<\/span><br \/>\n                                            <span class=\"v\">16mm<\/span>\n                                        <\/li>\n<li>\n                                            <span class=\"n\">Tr\u1ecdng l\u01b0\u1ee3ng:<\/span><br \/>\n                                            <span class=\"v\">8,1oz<\/span>\n                                        <\/li>\n<li>\n                                            <span class=\"n\">T\u00ecnh tr\u1ea1ng:<\/span><br \/>\n                                            <span class=\"v\">M\u1edbi 100%<\/span>\n                                        <\/li>\n<li>\n                                            <span class=\"n\">B\u1ea3o h\u00e0nh:<\/span><br \/>\n                                            <span class=\"v\">Ch\u00ednh h\u00e3ng<\/span>\n                                        <\/li>\n<li>\n<p>                                            <span class=\"n\">Giao h\u00e0ng:<\/span><br \/>\n                                            <span class=\"v\">To\u00e0n qu\u1ed1c<\/span>\n                                        <\/li>\n<\/ul>","protected":false},"featured_media":15730,"comment_status":"closed","ping_status":"closed","template":"","meta":[],"pwb-brand":[3742],"product_cat":[2836],"product_tag":[25,3690,55,3815,3417,3691,3814,27],"class_list":{"0":"post-15729","1":"product","2":"type-product","3":"status-publish","4":"has-post-thumbnail","6":"pwb-brand-selkirk","7":"product_cat-vot-pickleball","8":"product_tag-man","9":"product_tag-pickleball-selkirk","10":"product_tag-run","11":"product_tag-vanguard-pro-invikta","12":"product_tag-vot-pickleball","13":"product_tag-vot-pickleball-selkirk","14":"product_tag-vot-pickleball-vanguard-pro-invikta","15":"product_tag-white","17":"first","18":"instock","19":"shipping-taxable","20":"product-type-simple"},"yoast_head":"<!-- This site is optimized with the Yoast SEO plugin v22.9 - https:\/\/yoast.com\/wordpress\/plugins\/seo\/ -->\n<title>V\u1ee3t PickleballV\u1ee3t Pickleball Vanguard Pro Invikta 16mm - PickleBall Vi\u1ec7t Nam<\/title>\n<meta name=\"robots\" content=\"index, follow, max-snippet:-1, max-image-preview:large, max-video-preview:-1\" \/>\n<link rel=\"canonical\" href=\"https:\/\/pickle-ball.vn\/ar\/-product-\/vot-pickleball\/vot-pickleball-vot-pickleball-vanguard-pro-invikta-16mm\/\" \/>\n<meta name=\"twitter:label1\" content=\"\u0648\u0642\u062a \u0627\u0644\u0642\u0631\u0627\u0621\u0629 \u0627\u0644\u0645\u064f\u0642\u062f\u0651\u0631\" \/>\n\t<meta name=\"twitter:data1\" content=\"3 \u062f\u0642\u0627\u0626\u0642\" \/>\n<script type=\"application\/ld+json\" class=\"yoast-schema-graph\">{\"@context\":\"https:\/\/schema.org\",\"@graph\":[{\"@type\":\"WebPage\",\"@id\":\"https:\/\/pickle-ball.vn\/pt\/-product-\/vot-pickleball\/vot-pickleball-vot-pickleball-vanguard-pro-invikta-16mm\/\",\"url\":\"https:\/\/pickle-ball.vn\/pt\/-product-\/vot-pickleball\/vot-pickleball-vot-pickleball-vanguard-pro-invikta-16mm\/\",\"name\":\"V\u1ee3t PickleballV\u1ee3t Pickleball Vanguard Pro Invikta 16mm - PickleBall Vi\u1ec7t Nam\",\"isPartOf\":{\"@id\":\"https:\/\/pickle-ball.vn\/ja\/#website\"},\"primaryImageOfPage\":{\"@id\":\"https:\/\/pickle-ball.vn\/pt\/-product-\/vot-pickleball\/vot-pickleball-vot-pickleball-vanguard-pro-invikta-16mm\/#primaryimage\"},\"image\":{\"@id\":\"https:\/\/pickle-ball.vn\/pt\/-product-\/vot-pickleball\/vot-pickleball-vot-pickleball-vanguard-pro-invikta-16mm\/#primaryimage\"},\"thumbnailUrl\":\"https:\/\/pickle-ball.vn\/wp-content\/uploads\/2024\/11\/vot-pickleball-selkirk-vanguard-pro-invikta-16mm-01_720x720xcrop.webp\",\"datePublished\":\"2024-11-19T10:00:31+00:00\",\"dateModified\":\"2024-11-19T10:00:35+00:00\",\"breadcrumb\":{\"@id\":\"https:\/\/pickle-ball.vn\/pt\/-product-\/vot-pickleball\/vot-pickleball-vot-pickleball-vanguard-pro-invikta-16mm\/#breadcrumb\"},\"inLanguage\":\"ar\",\"potentialAction\":[{\"@type\":\"ReadAction\",\"target\":[\"https:\/\/pickle-ball.vn\/pt\/-product-\/vot-pickleball\/vot-pickleball-vot-pickleball-vanguard-pro-invikta-16mm\/\"]}]},{\"@type\":\"ImageObject\",\"inLanguage\":\"ar\",\"@id\":\"https:\/\/pickle-ball.vn\/pt\/-product-\/vot-pickleball\/vot-pickleball-vot-pickleball-vanguard-pro-invikta-16mm\/#primaryimage\",\"url\":\"https:\/\/pickle-ball.vn\/wp-content\/uploads\/2024\/11\/vot-pickleball-selkirk-vanguard-pro-invikta-16mm-01_720x720xcrop.webp\",\"contentUrl\":\"https:\/\/pickle-ball.vn\/wp-content\/uploads\/2024\/11\/vot-pickleball-selkirk-vanguard-pro-invikta-16mm-01_720x720xcrop.webp\",\"width\":720,\"height\":720,\"caption\":\"V\u1ee3t Pickleball Vanguard Pro Invikta 16mm\"},{\"@type\":\"BreadcrumbList\",\"@id\":\"https:\/\/pickle-ball.vn\/pt\/-product-\/vot-pickleball\/vot-pickleball-vot-pickleball-vanguard-pro-invikta-16mm\/#breadcrumb\",\"itemListElement\":[{\"@type\":\"ListItem\",\"position\":1,\"name\":\"Home\",\"item\":\"https:\/\/pickle-ball.vn\/ja\/\"},{\"@type\":\"ListItem\",\"position\":2,\"name\":\"Shop\",\"item\":\"https:\/\/pickle-ball.vn\/vi\/shop\/\"},{\"@type\":\"ListItem\",\"position\":3,\"name\":\"V\u1ee3t PickleballV\u1ee3t Pickleball Vanguard Pro Invikta 16mm\"}]},{\"@type\":\"WebSite\",\"@id\":\"https:\/\/pickle-ball.vn\/ja\/#website\",\"url\":\"https:\/\/pickle-ball.vn\/ja\/\",\"name\":\"Jabra\",\"description\":\"\",\"publisher\":{\"@id\":\"https:\/\/pickle-ball.vn\/ja\/#organization\"},\"potentialAction\":[{\"@type\":\"SearchAction\",\"target\":{\"@type\":\"EntryPoint\",\"urlTemplate\":\"https:\/\/pickle-ball.vn\/ja\/?s={search_term_string}\"},\"query-input\":\"required name=search_term_string\"}],\"inLanguage\":\"ar\"},{\"@type\":\"Organization\",\"@id\":\"https:\/\/pickle-ball.vn\/ja\/#organization\",\"name\":\"Jabra\",\"url\":\"https:\/\/pickle-ball.vn\/ja\/\",\"logo\":{\"@type\":\"ImageObject\",\"inLanguage\":\"ar\",\"@id\":\"https:\/\/pickle-ball.vn\/ja\/#\/schema\/logo\/image\/\",\"url\":\"\",\"contentUrl\":\"\",\"caption\":\"Jabra\"},\"image\":{\"@id\":\"https:\/\/pickle-ball.vn\/ja\/#\/schema\/logo\/image\/\"}}]}<\/script>\n<!-- \/ Yoast SEO plugin. -->","yoast_head_json":{"title":"V\u1ee3t PickleballV\u1ee3t Pickleball Vanguard Pro Invikta 16mm - PickleBall Vi\u1ec7t Nam","robots":{"index":"index","follow":"follow","max-snippet":"max-snippet:-1","max-image-preview":"max-image-preview:large","max-video-preview":"max-video-preview:-1"},"canonical":"https:\/\/pickle-ball.vn\/ar\/-product-\/vot-pickleball\/vot-pickleball-vot-pickleball-vanguard-pro-invikta-16mm\/","twitter_misc":{"\u0648\u0642\u062a \u0627\u0644\u0642\u0631\u0627\u0621\u0629 \u0627\u0644\u0645\u064f\u0642\u062f\u0651\u0631":"3 \u062f\u0642\u0627\u0626\u0642"},"schema":{"@context":"https:\/\/schema.org","@graph":[{"@type":"WebPage","@id":"https:\/\/pickle-ball.vn\/pt\/-product-\/vot-pickleball\/vot-pickleball-vot-pickleball-vanguard-pro-invikta-16mm\/","url":"https:\/\/pickle-ball.vn\/pt\/-product-\/vot-pickleball\/vot-pickleball-vot-pickleball-vanguard-pro-invikta-16mm\/","name":"V\u1ee3t PickleballV\u1ee3t Pickleball Vanguard Pro Invikta 16mm - PickleBall Vi\u1ec7t Nam","isPartOf":{"@id":"https:\/\/pickle-ball.vn\/ja\/#website"},"primaryImageOfPage":{"@id":"https:\/\/pickle-ball.vn\/pt\/-product-\/vot-pickleball\/vot-pickleball-vot-pickleball-vanguard-pro-invikta-16mm\/#primaryimage"},"image":{"@id":"https:\/\/pickle-ball.vn\/pt\/-product-\/vot-pickleball\/vot-pickleball-vot-pickleball-vanguard-pro-invikta-16mm\/#primaryimage"},"thumbnailUrl":"https:\/\/pickle-ball.vn\/wp-content\/uploads\/2024\/11\/vot-pickleball-selkirk-vanguard-pro-invikta-16mm-01_720x720xcrop.webp","datePublished":"2024-11-19T10:00:31+00:00","dateModified":"2024-11-19T10:00:35+00:00","breadcrumb":{"@id":"https:\/\/pickle-ball.vn\/pt\/-product-\/vot-pickleball\/vot-pickleball-vot-pickleball-vanguard-pro-invikta-16mm\/#breadcrumb"},"inLanguage":"ar","potentialAction":[{"@type":"ReadAction","target":["https:\/\/pickle-ball.vn\/pt\/-product-\/vot-pickleball\/vot-pickleball-vot-pickleball-vanguard-pro-invikta-16mm\/"]}]},{"@type":"ImageObject","inLanguage":"ar","@id":"https:\/\/pickle-ball.vn\/pt\/-product-\/vot-pickleball\/vot-pickleball-vot-pickleball-vanguard-pro-invikta-16mm\/#primaryimage","url":"https:\/\/pickle-ball.vn\/wp-content\/uploads\/2024\/11\/vot-pickleball-selkirk-vanguard-pro-invikta-16mm-01_720x720xcrop.webp","contentUrl":"https:\/\/pickle-ball.vn\/wp-content\/uploads\/2024\/11\/vot-pickleball-selkirk-vanguard-pro-invikta-16mm-01_720x720xcrop.webp","width":720,"height":720,"caption":"V\u1ee3t Pickleball Vanguard Pro Invikta 16mm"},{"@type":"BreadcrumbList","@id":"https:\/\/pickle-ball.vn\/pt\/-product-\/vot-pickleball\/vot-pickleball-vot-pickleball-vanguard-pro-invikta-16mm\/#breadcrumb","itemListElement":[{"@type":"ListItem","position":1,"name":"Home","item":"https:\/\/pickle-ball.vn\/ja\/"},{"@type":"ListItem","position":2,"name":"Shop","item":"https:\/\/pickle-ball.vn\/vi\/shop\/"},{"@type":"ListItem","position":3,"name":"V\u1ee3t PickleballV\u1ee3t Pickleball Vanguard Pro Invikta 16mm"}]},{"@type":"WebSite","@id":"https:\/\/pickle-ball.vn\/ja\/#website","url":"https:\/\/pickle-ball.vn\/ja\/","name":"Jabra","description":"","publisher":{"@id":"https:\/\/pickle-ball.vn\/ja\/#organization"},"potentialAction":[{"@type":"SearchAction","target":{"@type":"EntryPoint","urlTemplate":"https:\/\/pickle-ball.vn\/ja\/?s={search_term_string}"},"query-input":"required name=search_term_string"}],"inLanguage":"ar"},{"@type":"Organization","@id":"https:\/\/pickle-ball.vn\/ja\/#organization","name":"Jabra","url":"https:\/\/pickle-ball.vn\/ja\/","logo":{"@type":"ImageObject","inLanguage":"ar","@id":"https:\/\/pickle-ball.vn\/ja\/#\/schema\/logo\/image\/","url":"","contentUrl":"","caption":"Jabra"},"image":{"@id":"https:\/\/pickle-ball.vn\/ja\/#\/schema\/logo\/image\/"}}]}},"brands":[{"id":3742,"name":"Selkirk","slug":"selkirk"}],"_links":{"self":[{"href":"https:\/\/pickle-ball.vn\/ar\/wp-json\/wp\/v2\/product\/15729","targetHints":{"allow":["GET"]}}],"collection":[{"href":"https:\/\/pickle-ball.vn\/ar\/wp-json\/wp\/v2\/product"}],"about":[{"href":"https:\/\/pickle-ball.vn\/ar\/wp-json\/wp\/v2\/types\/product"}],"replies":[{"embeddable":true,"href":"https:\/\/pickle-ball.vn\/ar\/wp-json\/wp\/v2\/comments?post=15729"}],"wp:featuredmedia":[{"embeddable":true,"href":"https:\/\/pickle-ball.vn\/ar\/wp-json\/wp\/v2\/media\/15730"}],"wp:attachment":[{"href":"https:\/\/pickle-ball.vn\/ar\/wp-json\/wp\/v2\/media?parent=15729"}],"wp:term":[{"taxonomy":"pwb-brand","embeddable":true,"href":"https:\/\/pickle-ball.vn\/ar\/wp-json\/wp\/v2\/pwb-brand?post=15729"},{"taxonomy":"product_cat","embeddable":true,"href":"https:\/\/pickle-ball.vn\/ar\/wp-json\/wp\/v2\/product_cat?post=15729"},{"taxonomy":"product_tag","embeddable":true,"href":"https:\/\/pickle-ball.vn\/ar\/wp-json\/wp\/v2\/product_tag?post=15729"}],"curies":[{"name":"wp","href":"https:\/\/api.w.org\/{rel}","templated":true}]}}