{"id":15990,"date":"2025-02-05T19:30:47","date_gmt":"2025-02-05T12:30:47","guid":{"rendered":"http:\/\/pickle-ball.vn\/-product-\/uncategorized\/vot-pickleball-vot-pickleball-amped-pro-air-invikta-red\/"},"modified":"2025-02-05T19:31:05","modified_gmt":"2025-02-05T12:31:05","slug":"vot-pickleball-vot-pickleball-amped-pro-air-invikta-red","status":"publish","type":"product","link":"https:\/\/pickle-ball.vn\/bn\/-product-\/vot-pickleball\/vot-pickleball-vot-pickleball-amped-pro-air-invikta-red\/","title":{"rendered":"V\u1ee3t PickleballV\u1ee3t Pickleball AMPED Pro Air Invikta Red"},"content":{"rendered":"<div role=\"tabpanel\" class=\"tab-pane active\" id=\"tab-product-info\">\n<div class=\"vh-content\">\n<h2><strong>V\u1ee3t Pickleball AMPED Pro Air Invikta Red<\/strong><\/h2>\n<p><strong>V\u1ee3t Pickleball AMPED Pro Air Invikta Red<\/strong> \u0111\u01b0\u1ee3c ch\u1ebf t\u1ea1o \u0111\u1ec3 mang l\u1ea1i s\u1ee9c m\u1ea1nh v\u00e0 kh\u1ea3 n\u0103ng ki\u1ec3m so\u00e1t c\u00e2n b\u1eb1ng trong m\u1ed9t v\u1ee3t ho\u00e0n h\u1ea3o, v\u1ee3t pickleball Selkirk AMPED Pro Air mang \u0111\u1ebfn c\u1ea3m gi\u00e1c m\u01b0\u1ee3t m\u00e0, quen thu\u1ed9c c\u1ee7a m\u1ed9t v\u1ee3t tr\u00ean m\u1ecdi s\u00e2n c\u00f9ng v\u1edbi c\u00f4ng ngh\u1ec7 ti\u00ean ti\u1ebfn c\u1ea7n thi\u1ebft \u0111\u1ec3 th\u1ed1ng tr\u1ecb tr\u00ean s\u00e2n.<\/p>\n<p style=\"text-align:center\"><img decoding=\"async\" alt=\"V\u1ee3t Pickleball AMPED Pro Air Invikta Red\" class=\"lazy\" src=\"http:\/\/pickle-ball.vn\/wp-content\/uploads\/2025\/02\/selkirk-amped-pro-air-invikta-red-pickleball-paddle-01.webp\" style=\"height:800px;width:800px\" title=\"V\u1ee3t Pickleball AMPED Pro Air Invikta Red\"><\/p>\n<h3><strong>\u0110\u1eb7c \u0111i\u1ec3m n\u1ed5i b\u1eadt c\u1ee7a v\u1ee3t Pickleball AMPED Pro Air Invikta Red<\/strong><\/h3>\n<p>&#8211; M\u1eb7t g\u1eady FiberFlex+ Fiberglass m\u1edbi cho s\u1ee9c m\u1ea1nh v\u00e0 s\u1ef1 nh\u1ea5t qu\u00e1n<\/p>\n<p>\u0110\u01b0\u1ee3c ph\u00e1t tri\u1ec3n t\u1ea1i Ph\u00f2ng th\u00ed nghi\u1ec7m Selkirk, m\u1eb7t k\u00ednh FiberFlex+ m\u1edbi cung c\u1ea5p c\u00f4ng su\u1ea5t v\u00e0 \u0111\u1ed9 \u0111\u1ed3ng nh\u1ea5t cao h\u01a1n, th\u1ec3 hi\u1ec7n s\u1ef1 ti\u1ebfn b\u1ed9 trong c\u00f4ng ngh\u1ec7 hi\u1ec7u su\u1ea5t v\u00e0 thi\u1ebft l\u1eadp ti\u00eau chu\u1ea9n m\u1edbi cho ng\u00e0nh.<\/p>\n<p>&#8211; L\u00f5i t\u1ed5 ong X5+ M\u1edaI 16mm cho \u0111i\u1ec3m ng\u1ecdt nh\u1ea5t qu\u00e1n<\/p>\n<p>L\u00f5i X5+ Honeycomb 16mm ti\u00ean ti\u1ebfn c\u00f3 b\u01b0\u1edbc ti\u1ebfn v\u01b0\u1ee3t b\u1eadc so v\u1edbi l\u00f5i X5 \u0111\u1ed9t ph\u00e1 ban \u0111\u1ea7u. \u0110\u01b0\u1ee3c c\u1ea3i ti\u1ebfn \u0111\u1ec3 c\u00f3 \u0111i\u1ec3m ng\u1ecdt nh\u1ea5t qu\u00e1n \u0111\u00e1ng tin c\u1eady v\u00e0 kh\u1ea3 n\u0103ng ki\u1ec3m so\u00e1t v\u01b0\u1ee3t tr\u1ed9i, l\u00f5i n\u00e0y s\u1eed d\u1ee5ng thi\u1ebft k\u1ebf polypropylene d\u00e0y h\u01a1n, khi k\u1ebft h\u1ee3p v\u1edbi m\u1eb7t FiberFlex+, mang l\u1ea1i s\u1ee9c m\u1ea1nh d\u1ed3i d\u00e0o.<\/p>\n<p style=\"text-align:center\"><img decoding=\"async\" alt=\"V\u1ee3t Pickleball AMPED Pro Air Invikta Red\" class=\"lazy\" src=\"http:\/\/pickle-ball.vn\/wp-content\/uploads\/2025\/02\/selkirk-amped-pro-air-invikta-red-pickleball-paddle-03.webp\" style=\"height:800px;width:800px\" title=\"V\u1ee3t Pickleball AMPED Pro Air Invikta Red\"><\/p>\n<p>&#8211; Air Dynamic Throat cho t\u1ed1c \u0111\u1ed9 vung nhanh h\u01a1n<\/p>\n<p>\u0110\u01b0\u1ee3c ch\u1ebf t\u1ea1o v\u00e0 tinh ch\u1ec9nh t\u1ea1i Selkirk Labs, Air Dynamic Throat l\u1edbn n\u1eb1m g\u1ea7n tay c\u1ea7m, cung c\u1ea5p lu\u1ed3ng kh\u00f4ng kh\u00ed t\u1ed1i \u01b0u v\u00e0 kh\u1ea3 n\u0103ng ki\u1ec3m so\u00e1t b\u00f3ng t\u1ed1t h\u01a1n, mang l\u1ea1i \u0111\u1ed9 linh ho\u1ea1t t\u1ed1i \u0111a v\u00e0 t\u1ed1c \u0111\u1ed9 vung nhanh h\u01a1n.<\/p>\n<p>&#8211; ThroatFlex t\u0103ng c\u01b0\u1eddng s\u1ee9c m\u1ea1nh v\u00e0 th\u1eddi gian l\u01b0u tr\u00fa<\/p>\n<p>\u0110\u01b0\u1ee3c thi\u1ebft k\u1ebf \u0111\u1ec3 cung c\u1ea5p \u0111\u1ed9 u\u1ed1n cong t\u1ed1i \u0111a khi b\u00f3ng ch\u1ea1m v\u00e0o, thi\u1ebft k\u1ebf h\u1ecdng m\u1edf ThroatFlex k\u00e9o d\u00e0i th\u1eddi gian d\u1eebng tr\u00ean v\u1ee3t v\u00e0 t\u0103ng c\u01b0\u1eddng s\u1ee9c m\u1ea1nh, \u0111\u1ea3m b\u1ea3o t\u00ednh nh\u1ea5t qu\u00e1n v\u00f4 song.<\/p>\n<p style=\"text-align:center\"><img decoding=\"async\" alt=\"V\u1ee3t Pickleball AMPED Pro Air Invikta Red\" class=\"lazy\" src=\"http:\/\/pickle-ball.vn\/wp-content\/uploads\/2025\/02\/selkirk-amped-pro-air-invikta-red-pickleball-paddle-04.webp\" style=\"height:800px;width:800px\" title=\"V\u1ee3t Pickleball AMPED Pro Air Invikta Red\"><\/p>\n<p>&#8211; ProSpin+ NextGen Micro Texture<\/p>\n<p>C\u00f4ng ngh\u1ec7 ProSpin+ NextGen Micro Texture ti\u00ean ti\u1ebfn \u0111\u01b0\u1ee3c ph\u00e1t tri\u1ec3n t\u1ea1i Selkirk Labs mang \u0111\u1ebfn b\u1ec1 m\u1eb7t xo\u00e1y b\u1ec1n h\u01a1n, \u0111\u1ea3m b\u1ea3o t\u00ednh nh\u1ea5t qu\u00e1n v\u00e0 \u0111\u1ed9 ch\u00ednh x\u00e1c v\u00f4 song trong vi\u1ec7c \u0111\u1ecbnh h\u00ecnh v\u00e0 ki\u1ec3m so\u00e1t b\u00f3ng.<\/p>\n<p>&#8211; Tay c\u1ea7m b\u00e1t gi\u00e1c n\u00e2ng c\u1ea5p<\/p>\n<p>\u0110\u01b0\u1ee3c thi\u1ebft k\u1ebf \u0111\u1ec3 t\u0103ng c\u01b0\u1eddng kh\u1ea3 n\u0103ng ki\u1ec3m so\u00e1t, tay c\u1ea7m b\u00e1t gi\u00e1c n\u00e2ng c\u1ea5p mang \u0111\u1ebfn cho b\u1ea1n kh\u1ea3 n\u0103ng \u0111i\u1ec1u khi\u1ec3n v\u00e0 \u0111\u1ed9 ch\u00ednh x\u00e1c cao h\u01a1n khi \u0111\u00e1nh tr\u00ean s\u00e2n.\u00a0<\/p>\n<p>&#8211; Khu\u00f4n \u0111\u00fac nguy\u00ean m\u1eabu 360\u00b0 cho s\u1ee9c m\u1ea1nh v\u00e0 \u0111i\u1ec3m ng\u1ecdt nh\u1ea5t qu\u00e1n<\/p>\n<p>\u0110\u01b0\u1ee3c thi\u1ebft k\u1ebf \u0111\u1ec3 cung c\u1ea5p l\u1edbp ph\u1ee7 composite to\u00e0n di\u1ec7n, quy tr\u00ecnh s\u1ea3n xu\u1ea5t \u00e1p su\u1ea5t cao \u0111\u1ed9c quy\u1ec1n c\u1ee7a ch\u00fang t\u00f4i k\u1ebft h\u1ee3p v\u1edbi c\u00f4ng ngh\u1ec7 360\u00b0 Proto Molding mang \u0111\u1ebfn s\u1ee9c m\u1ea1nh t\u1ed1i \u01b0u v\u00e0 c\u1ea3m gi\u00e1c \u0111\u00e1ng tin c\u1eady nh\u1ea5t qu\u00e1n trong m\u1ed7i l\u1ea7n ch\u01a1i.<\/p>\n<p style=\"text-align:center\"><img decoding=\"async\" alt=\"V\u1ee3t Pickleball AMPED Pro Air Invikta Red\" class=\"lazy\" src=\"http:\/\/pickle-ball.vn\/wp-content\/uploads\/2025\/02\/selkirk-amped-pro-air-invikta-red-pickleball-paddle-06.webp\" style=\"height:800px;width:800px\" title=\"V\u1ee3t Pickleball AMPED Pro Air Invikta Red\"><\/p>\n<p>&#8211; C\u00f4ng ngh\u1ec7 Aero-DuraEdge Edgeless gi\u00fap t\u0103ng \u0111\u1ed9 b\u1ec1n v\u00e0 t\u00ednh kh\u00ed \u0111\u1ed9ng h\u1ecdc<\/p>\n<p>\u0110\u01b0\u1ee3c gi\u1edbi thi\u1ec7u nh\u1eb1m t\u0103ng c\u01b0\u1eddng \u0111\u1ed9 b\u1ec1n c\u1ee7a c\u1ea1nh k\u1ebft h\u1ee3p v\u1edbi vi\u1ec1n c\u1ea1nh FlexFoam, c\u00f4ng ngh\u1ec7 Aero-DuraEdge Edgeless bao g\u1ed3m h\u1ed7n h\u1ee3p v\u1eadt li\u1ec7u composite v\u00e0 polyme chuy\u00ean d\u1ee5ng c\u00f3 kh\u1ea3 n\u0103ng ch\u1ed1ng va \u0111\u1eadp.<\/p>\n<h3><strong>Th\u00f4ng s\u1ed1 k\u1ef9 thu\u1eadt v\u1ee3t Pickleball AMPED Pro Air Invikta Red<\/strong><\/h3>\n<table>\n<tbody>\n<tr>\n<td>S\u1ea3n ph\u1ea9m<\/td>\n<td>V\u1ee3t Pickleball AMPED Pro Air Invikta Red<\/td>\n<\/tr>\n<tr>\n<td>M\u00e3 s\u1ea3n ph\u1ea9m<\/td>\n<td>6100<\/td>\n<\/tr>\n<tr>\n<td>Tr\u00ecnh \u0111\u1ed9 k\u1ef9 n\u0103ng<\/td>\n<td>Ng\u01b0\u1eddi m\u1edbi b\u1eaft \u0111\u1ea7u \u0111\u1ebfn Chuy\u00ean nghi\u1ec7p<\/td>\n<\/tr>\n<tr>\n<td>Tr\u1ecdng l\u01b0\u1ee3ng trung b\u00ecnh<\/td>\n<td>7,8-8,2 oz<\/td>\n<\/tr>\n<tr>\n<td>Chi\u1ec1u cao v\u1ee3t<\/td>\n<td>16,5\u201d<\/td>\n<\/tr>\n<tr>\n<td>Chi\u1ec1u r\u1ed9ng v\u1ee3t<\/td>\n<td>7,45\u201d<\/td>\n<\/tr>\n<tr>\n<td>\u0110\u1ed9 d\u00e0y l\u00f5i<\/td>\n<td>16mm<\/td>\n<\/tr>\n<tr>\n<td>Chi\u1ec1u d\u00e0i tay c\u1ea7m<\/td>\n<td>5,25\u201d<\/td>\n<\/tr>\n<tr>\n<td>Chu vi tay c\u1ea7m<\/td>\n<td>4,25\u201d<\/td>\n<\/tr>\n<tr>\n<td>Tr\u1ecdng l\u01b0\u1ee3ng vung trung b\u00ecnh<\/td>\n<td>119 (c\u00f3 th\u1ec3 thay \u0111\u1ed5i +\/- 2 \u0111i\u1ec3m)<\/td>\n<\/tr>\n<tr>\n<td>Twistweight trung b\u00ecnh<\/td>\n<td>5,91 (c\u00f3 th\u1ec3 thay \u0111\u1ed5i +\/- 0,3 \u0111i\u1ec3m)<\/td>\n<\/tr>\n<tr>\n<td>K\u00edch th\u01b0\u1edbc \u0111i\u1ec3m ng\u1ecdt<\/td>\n<td>7<\/td>\n<\/tr>\n<tr>\n<td>L\u1eafp r\u00e1p t\u1ea1i<\/td>\n<td>Hoa K\u1ef3<\/td>\n<\/tr>\n<\/tbody>\n<\/table>\n<p>V\u1ee3t Pickleball AMPED Pro Air Invikta Red ch\u00ednh h\u00e3ng v\u00e0 s\u1eb5n c\u00f3 t\u1ea1i h\u1ec7 th\u1ed1ng ph\u00e2n ph\u1ed1i to\u00e0n qu\u1ed1c c\u1ee7a Pickleball Vi\u1ec7t Nam. H\u00e3y li\u00ean h\u1ec7 v\u1edbi ch\u00fang t\u00f4i 0.87654321.9 \u0111\u1ec3 \u0111\u01b0\u1ee3c t\u01b0 v\u1ea5n, h\u1ed7 tr\u1ee3 chi ti\u1ebft v\u1ec1 s\u1ea3n ph\u1ea9m.<\/p>\n<\/p><\/div>\n<\/p><\/div>","protected":false},"excerpt":{"rendered":"<ul class=\"list-unstyled params\">\n<li class=\"btt\">Th\u00f4ng tin s\u1ea3n ph\u1ea9m:<\/li>\n<li class=\"dyn\">\n                                            <span class=\"n\">Th\u01b0\u01a1ng hi\u1ec7u:<\/span><br \/>\n\t\t\t\t\t\t\t\t\t\t\t<span class=\"v\"><b>Selkirk<\/b><\/span>\n                                        <\/li>\n<li class=\"dyn\">\n                                            <span class=\"n\">Xu\u1ea5t x\u1ee9:<\/span><br \/>\n\t\t\t\t\t\t\t\t\t\t\t<span class=\"v\">M\u1ef9 (Made in USA)<\/span>\n                                        <\/li>\n<li class=\"dyn\">\n                                            <span class=\"n\">Number order:<\/span><br \/>\n\t\t\t\t\t\t\t\t\t\t\t<span class=\"v\">6100<\/span>\n                                        <\/li>\n<li class=\"dyn\">\n                                            <span class=\"n\">Nh\u00e0 cung c\u1ea5p:<\/span><br \/>\n                                            \t\t\t\t\t\t\t\t\t\t\t<span class=\"v\">Pickleball Vi\u1ec7t Nam<\/span>\n\t\t\t\t\t\t\t\t\t\t\t                                        <\/li>\n<li class=\"dyn\">\n                                            <span class=\"n\">Lo\u1ea1i s\u1ea3n ph\u1ea9m:<\/span><br \/>\n                                            <span class=\"v\">C\u00f4ng, Th\u1ee7<\/span>\n                                        <\/li>\n<li class=\"separator\">\n                                        <\/li>\n<li>\n                                            <span class=\"n\">Tr\u1ea1ng th\u00e1i:<\/span><br \/>\n                                            <span class=\"v\" style=\"font-weight:700;color: #d7000e\">C\u00f3 s\u1eb5n h\u00e0ng<\/span>\n                                        <\/li>\n<li>\n                                            <span class=\"n\">\u0110\u1ed9 d\u00e0y:<\/span><br \/>\n                                            <span class=\"v\">16mm<\/span>\n                                        <\/li>\n<li>\n                                            <span class=\"n\">Tr\u1ecdng l\u01b0\u1ee3ng:<\/span><br \/>\n                                            <span class=\"v\">8,2oz<\/span>\n                                        <\/li>\n<li>\n                                            <span class=\"n\">T\u00ecnh tr\u1ea1ng:<\/span><br \/>\n                                            <span class=\"v\">M\u1edbi 100%<\/span>\n                                        <\/li>\n<li>\n                                            <span class=\"n\">B\u1ea3o h\u00e0nh:<\/span><br \/>\n                                            <span class=\"v\">Ch\u00ednh h\u00e3ng<\/span>\n                                        <\/li>\n<li>\n<p>                                            <span class=\"n\">Giao h\u00e0ng:<\/span><br \/>\n                                            <span class=\"v\">To\u00e0n qu\u1ed1c<\/span>\n                                        <\/li>\n<\/ul>","protected":false},"featured_media":15991,"comment_status":"closed","ping_status":"closed","template":"","meta":[],"pwb-brand":[3742],"product_cat":[2836],"product_tag":[3825,3936,3248,3925,25,3690,55,3802,3417,3824,3935,3691],"class_list":{"0":"post-15990","1":"product","2":"type-product","3":"status-publish","4":"has-post-thumbnail","6":"pwb-brand-selkirk","7":"product_cat-vot-pickleball","8":"product_tag-amped-pro-air-invikta","9":"product_tag-amped-pro-air-invikta-red","10":"product_tag-bong","11":"product_tag-invikta-red","12":"product_tag-man","13":"product_tag-pickleball-selkirk","14":"product_tag-run","15":"product_tag-selkirk-labs","16":"product_tag-vot-pickleball","17":"product_tag-vot-pickleball-amped-pro-air-invikta","18":"product_tag-vot-pickleball-amped-pro-air-invikta-red","19":"product_tag-vot-pickleball-selkirk","21":"first","22":"instock","23":"shipping-taxable","24":"product-type-simple"},"yoast_head":"<!-- This site is optimized with the Yoast SEO plugin v22.9 - https:\/\/yoast.com\/wordpress\/plugins\/seo\/ -->\n<title>V\u1ee3t PickleballV\u1ee3t Pickleball AMPED Pro Air Invikta Red - PickleBall Vi\u1ec7t Nam<\/title>\n<meta name=\"robots\" content=\"index, follow, max-snippet:-1, max-image-preview:large, max-video-preview:-1\" \/>\n<link rel=\"canonical\" href=\"http:\/\/pickle-ball.vn\/bn\/-product-\/vot-pickleball\/vot-pickleball-vot-pickleball-amped-pro-air-invikta-red\/\" \/>\n<meta name=\"twitter:label1\" content=\"Est. reading time\" \/>\n\t<meta name=\"twitter:data1\" content=\"5 \u09ae\u09bf\u09a8\u09bf\u099f\" \/>\n<script type=\"application\/ld+json\" class=\"yoast-schema-graph\">{\"@context\":\"https:\/\/schema.org\",\"@graph\":[{\"@type\":\"WebPage\",\"@id\":\"http:\/\/pickle-ball.vn\/hi\/-product-\/vot-pickleball\/vot-pickleball-vot-pickleball-amped-pro-air-invikta-red\/\",\"url\":\"http:\/\/pickle-ball.vn\/hi\/-product-\/vot-pickleball\/vot-pickleball-vot-pickleball-amped-pro-air-invikta-red\/\",\"name\":\"V\u1ee3t PickleballV\u1ee3t Pickleball AMPED Pro Air Invikta Red - PickleBall Vi\u1ec7t Nam\",\"isPartOf\":{\"@id\":\"https:\/\/pickle-ball.vn\/ja\/#website\"},\"primaryImageOfPage\":{\"@id\":\"http:\/\/pickle-ball.vn\/hi\/-product-\/vot-pickleball\/vot-pickleball-vot-pickleball-amped-pro-air-invikta-red\/#primaryimage\"},\"image\":{\"@id\":\"http:\/\/pickle-ball.vn\/hi\/-product-\/vot-pickleball\/vot-pickleball-vot-pickleball-amped-pro-air-invikta-red\/#primaryimage\"},\"thumbnailUrl\":\"https:\/\/pickle-ball.vn\/wp-content\/uploads\/2025\/02\/selkirk-amped-pro-air-invikta-red-pickleball-paddle-02_720x720xcrop.webp\",\"datePublished\":\"2025-02-05T12:30:47+00:00\",\"dateModified\":\"2025-02-05T12:31:05+00:00\",\"breadcrumb\":{\"@id\":\"http:\/\/pickle-ball.vn\/hi\/-product-\/vot-pickleball\/vot-pickleball-vot-pickleball-amped-pro-air-invikta-red\/#breadcrumb\"},\"inLanguage\":\"bn-BD\",\"potentialAction\":[{\"@type\":\"ReadAction\",\"target\":[\"http:\/\/pickle-ball.vn\/hi\/-product-\/vot-pickleball\/vot-pickleball-vot-pickleball-amped-pro-air-invikta-red\/\"]}]},{\"@type\":\"ImageObject\",\"inLanguage\":\"bn-BD\",\"@id\":\"http:\/\/pickle-ball.vn\/hi\/-product-\/vot-pickleball\/vot-pickleball-vot-pickleball-amped-pro-air-invikta-red\/#primaryimage\",\"url\":\"https:\/\/pickle-ball.vn\/wp-content\/uploads\/2025\/02\/selkirk-amped-pro-air-invikta-red-pickleball-paddle-02_720x720xcrop.webp\",\"contentUrl\":\"https:\/\/pickle-ball.vn\/wp-content\/uploads\/2025\/02\/selkirk-amped-pro-air-invikta-red-pickleball-paddle-02_720x720xcrop.webp\",\"width\":720,\"height\":720,\"caption\":\"V\u1ee3t Pickleball AMPED Pro Air Invikta Red\"},{\"@type\":\"BreadcrumbList\",\"@id\":\"http:\/\/pickle-ball.vn\/hi\/-product-\/vot-pickleball\/vot-pickleball-vot-pickleball-amped-pro-air-invikta-red\/#breadcrumb\",\"itemListElement\":[{\"@type\":\"ListItem\",\"position\":1,\"name\":\"Home\",\"item\":\"https:\/\/pickle-ball.vn\/ja\/\"},{\"@type\":\"ListItem\",\"position\":2,\"name\":\"Shop\",\"item\":\"https:\/\/pickle-ball.vn\/vi\/shop\/\"},{\"@type\":\"ListItem\",\"position\":3,\"name\":\"V\u1ee3t PickleballV\u1ee3t Pickleball AMPED Pro Air Invikta Red\"}]},{\"@type\":\"WebSite\",\"@id\":\"https:\/\/pickle-ball.vn\/ja\/#website\",\"url\":\"https:\/\/pickle-ball.vn\/ja\/\",\"name\":\"Jabra\",\"description\":\"\",\"publisher\":{\"@id\":\"https:\/\/pickle-ball.vn\/ja\/#organization\"},\"potentialAction\":[{\"@type\":\"SearchAction\",\"target\":{\"@type\":\"EntryPoint\",\"urlTemplate\":\"https:\/\/pickle-ball.vn\/ja\/?s={search_term_string}\"},\"query-input\":\"required name=search_term_string\"}],\"inLanguage\":\"bn-BD\"},{\"@type\":\"Organization\",\"@id\":\"https:\/\/pickle-ball.vn\/ja\/#organization\",\"name\":\"Jabra\",\"url\":\"https:\/\/pickle-ball.vn\/ja\/\",\"logo\":{\"@type\":\"ImageObject\",\"inLanguage\":\"bn-BD\",\"@id\":\"https:\/\/pickle-ball.vn\/ja\/#\/schema\/logo\/image\/\",\"url\":\"\",\"contentUrl\":\"\",\"caption\":\"Jabra\"},\"image\":{\"@id\":\"https:\/\/pickle-ball.vn\/ja\/#\/schema\/logo\/image\/\"}}]}<\/script>\n<!-- \/ Yoast SEO plugin. -->","yoast_head_json":{"title":"V\u1ee3t PickleballV\u1ee3t Pickleball AMPED Pro Air Invikta Red - PickleBall Vi\u1ec7t Nam","robots":{"index":"index","follow":"follow","max-snippet":"max-snippet:-1","max-image-preview":"max-image-preview:large","max-video-preview":"max-video-preview:-1"},"canonical":"http:\/\/pickle-ball.vn\/bn\/-product-\/vot-pickleball\/vot-pickleball-vot-pickleball-amped-pro-air-invikta-red\/","twitter_misc":{"Est. reading time":"5 \u09ae\u09bf\u09a8\u09bf\u099f"},"schema":{"@context":"https:\/\/schema.org","@graph":[{"@type":"WebPage","@id":"http:\/\/pickle-ball.vn\/hi\/-product-\/vot-pickleball\/vot-pickleball-vot-pickleball-amped-pro-air-invikta-red\/","url":"http:\/\/pickle-ball.vn\/hi\/-product-\/vot-pickleball\/vot-pickleball-vot-pickleball-amped-pro-air-invikta-red\/","name":"V\u1ee3t PickleballV\u1ee3t Pickleball AMPED Pro Air Invikta Red - PickleBall Vi\u1ec7t Nam","isPartOf":{"@id":"https:\/\/pickle-ball.vn\/ja\/#website"},"primaryImageOfPage":{"@id":"http:\/\/pickle-ball.vn\/hi\/-product-\/vot-pickleball\/vot-pickleball-vot-pickleball-amped-pro-air-invikta-red\/#primaryimage"},"image":{"@id":"http:\/\/pickle-ball.vn\/hi\/-product-\/vot-pickleball\/vot-pickleball-vot-pickleball-amped-pro-air-invikta-red\/#primaryimage"},"thumbnailUrl":"https:\/\/pickle-ball.vn\/wp-content\/uploads\/2025\/02\/selkirk-amped-pro-air-invikta-red-pickleball-paddle-02_720x720xcrop.webp","datePublished":"2025-02-05T12:30:47+00:00","dateModified":"2025-02-05T12:31:05+00:00","breadcrumb":{"@id":"http:\/\/pickle-ball.vn\/hi\/-product-\/vot-pickleball\/vot-pickleball-vot-pickleball-amped-pro-air-invikta-red\/#breadcrumb"},"inLanguage":"bn-BD","potentialAction":[{"@type":"ReadAction","target":["http:\/\/pickle-ball.vn\/hi\/-product-\/vot-pickleball\/vot-pickleball-vot-pickleball-amped-pro-air-invikta-red\/"]}]},{"@type":"ImageObject","inLanguage":"bn-BD","@id":"http:\/\/pickle-ball.vn\/hi\/-product-\/vot-pickleball\/vot-pickleball-vot-pickleball-amped-pro-air-invikta-red\/#primaryimage","url":"https:\/\/pickle-ball.vn\/wp-content\/uploads\/2025\/02\/selkirk-amped-pro-air-invikta-red-pickleball-paddle-02_720x720xcrop.webp","contentUrl":"https:\/\/pickle-ball.vn\/wp-content\/uploads\/2025\/02\/selkirk-amped-pro-air-invikta-red-pickleball-paddle-02_720x720xcrop.webp","width":720,"height":720,"caption":"V\u1ee3t Pickleball AMPED Pro Air Invikta Red"},{"@type":"BreadcrumbList","@id":"http:\/\/pickle-ball.vn\/hi\/-product-\/vot-pickleball\/vot-pickleball-vot-pickleball-amped-pro-air-invikta-red\/#breadcrumb","itemListElement":[{"@type":"ListItem","position":1,"name":"Home","item":"https:\/\/pickle-ball.vn\/ja\/"},{"@type":"ListItem","position":2,"name":"Shop","item":"https:\/\/pickle-ball.vn\/vi\/shop\/"},{"@type":"ListItem","position":3,"name":"V\u1ee3t PickleballV\u1ee3t Pickleball AMPED Pro Air Invikta Red"}]},{"@type":"WebSite","@id":"https:\/\/pickle-ball.vn\/ja\/#website","url":"https:\/\/pickle-ball.vn\/ja\/","name":"Jabra","description":"","publisher":{"@id":"https:\/\/pickle-ball.vn\/ja\/#organization"},"potentialAction":[{"@type":"SearchAction","target":{"@type":"EntryPoint","urlTemplate":"https:\/\/pickle-ball.vn\/ja\/?s={search_term_string}"},"query-input":"required name=search_term_string"}],"inLanguage":"bn-BD"},{"@type":"Organization","@id":"https:\/\/pickle-ball.vn\/ja\/#organization","name":"Jabra","url":"https:\/\/pickle-ball.vn\/ja\/","logo":{"@type":"ImageObject","inLanguage":"bn-BD","@id":"https:\/\/pickle-ball.vn\/ja\/#\/schema\/logo\/image\/","url":"","contentUrl":"","caption":"Jabra"},"image":{"@id":"https:\/\/pickle-ball.vn\/ja\/#\/schema\/logo\/image\/"}}]}},"brands":[{"id":3742,"name":"Selkirk","slug":"selkirk"}],"_links":{"self":[{"href":"https:\/\/pickle-ball.vn\/bn\/wp-json\/wp\/v2\/product\/15990","targetHints":{"allow":["GET"]}}],"collection":[{"href":"https:\/\/pickle-ball.vn\/bn\/wp-json\/wp\/v2\/product"}],"about":[{"href":"https:\/\/pickle-ball.vn\/bn\/wp-json\/wp\/v2\/types\/product"}],"replies":[{"embeddable":true,"href":"https:\/\/pickle-ball.vn\/bn\/wp-json\/wp\/v2\/comments?post=15990"}],"wp:featuredmedia":[{"embeddable":true,"href":"https:\/\/pickle-ball.vn\/bn\/wp-json\/wp\/v2\/media\/15991"}],"wp:attachment":[{"href":"https:\/\/pickle-ball.vn\/bn\/wp-json\/wp\/v2\/media?parent=15990"}],"wp:term":[{"taxonomy":"pwb-brand","embeddable":true,"href":"https:\/\/pickle-ball.vn\/bn\/wp-json\/wp\/v2\/pwb-brand?post=15990"},{"taxonomy":"product_cat","embeddable":true,"href":"https:\/\/pickle-ball.vn\/bn\/wp-json\/wp\/v2\/product_cat?post=15990"},{"taxonomy":"product_tag","embeddable":true,"href":"https:\/\/pickle-ball.vn\/bn\/wp-json\/wp\/v2\/product_tag?post=15990"}],"curies":[{"name":"wp","href":"https:\/\/api.w.org\/{rel}","templated":true}]}}