{"id":14733,"date":"2024-11-04T12:30:36","date_gmt":"2024-11-04T05:30:36","guid":{"rendered":"http:\/\/pickle-ball.vn\/-product-\/uncategorized\/luoi-pickleball-joola-elemental\/"},"modified":"2024-11-04T12:30:42","modified_gmt":"2024-11-04T05:30:42","slug":"luoi-pickleball-joola-elemental","status":"publish","type":"product","link":"https:\/\/pickle-ball.vn\/de\/-product-\/phu-kien-pickleball\/luoi-pickleball-joola-elemental\/","title":{"rendered":"L\u01b0\u1edbi Pickleball JOOLA Elemental"},"content":{"rendered":"<div role=\"tabpanel\" class=\"tab-pane active\" id=\"tab-product-info\">\n<div class=\"vh-content\">\n<h2><strong>L\u01b0\u1edbi Pickleball JOOLA Elemental ch\u00ednh h\u00e3ng gi\u00e1 t\u1ed1t, b\u1ea3o \u0111\u1ea3m<\/strong><\/h2>\n<p>T\u1ea1o s\u00e2n pickleball c\u1ee7a ri\u00eang b\u1ea1n m\u1ecdi l\u00fac m\u1ecdi n\u01a1i v\u1edbi L\u01b0\u1edbi Pickleball Elemental Joola. H\u1ec7 th\u1ed1ng d\u1ec5 v\u1eadn chuy\u1ec3n n\u00e0y c\u00f3 chi\u1ec1u cao quy \u0111\u1ecbnh l\u00e0 91,44cm v\u00e0 chi\u1ec1u d\u00e0i khuy\u1ebfn ngh\u1ecb c\u1ee7a USAPA l\u00e0 6,71m. Chi\u1ec1u d\u00e0i 6,71 m\u00e9t cung c\u1ea5p th\u00eam 30,48 cm \u1edf c\u1ea3 hai b\u00ean \u0111\u1ec3 t\u0103ng th\u00eam \u0111\u1ed9 bao ph\u1ee7 l\u01b0\u1edbi. \u0110\u01b0\u1ee3c thi\u1ebft k\u1ebf ch\u00fa tr\u1ecdng \u0111\u1ebfn \u0111\u1ed9 b\u1ec1n, l\u01b0\u1edbi c\u00f3 v\u1ea3i nylon v\u00e0 l\u01b0\u1edbi PPVC kh\u00f4ng n\u00fat th\u1eaft. Ch\u00e2n th\u00e9p kh\u00f3a li\u00ean \u0111\u1ed9ng r\u1ed9ng, u\u1ed1n cong gi\u00fap t\u0103ng \u0111\u1ed9 \u1ed5n \u0111\u1ecbnh. Thi\u1ebft l\u1eadp v\u00e0 ph\u00e1 v\u1ee1 ch\u1ec9 trong v\u00e0i ph\u00fat. T\u00fai \u0111\u1ef1ng \u0111\u01b0\u1ee3c gia c\u1ed1 gi\u00fap thi\u1ebft l\u1eadp n\u00e0y c\u1ef1c k\u1ef3 d\u1ec5 v\u1eadn chuy\u1ec3n.<\/p>\n<h3><strong>L\u01b0\u1edbi Pickleball JOOLA Elemental th\u00f4ng s\u1ed1<\/strong><\/h3>\n<p>C\u00e2n n\u1eb7ng: 9,07kg<br \/>\nK\u00edch th\u01b0\u1edbc: 92,71 \u00d7 13,34 \u00d7 23,18 cm<\/p>\n<p><strong>V\u1eacT LI\u1ec6U B\u1ec0N<\/strong><br \/>\nL\u01b0\u1edbi s\u1eed d\u1ee5ng v\u1ea3i nylon v\u00e0 v\u1eadt li\u1ec7u PE kh\u00f4ng c\u00f3 n\u00fat th\u1eaft v\u1edbi l\u1edbp ph\u1ee7 b\u00ean trong b\u1eb1ng nh\u1ef1a. Th\u00e9p l\u1ed3ng v\u00e0o nhau ch\u1ea5t l\u01b0\u1ee3ng cao t\u1ea1o ra m\u1ed9t c\u1ea5u tr\u00fac ch\u1eafc ch\u1eafn.<\/p>\n<p style=\"text-align:center\"><img decoding=\"async\" alt=\"V\u1eacT LI\u1ec6U B\u1ec0N\" class=\"lazy\" src=\"http:\/\/pickle-ball.vn\/wp-content\/uploads\/2024\/11\/luoi-pickleball-joola-elemental-1.webp\" style=\"height:750px;width:750px\" title=\"luoi-pickleball-joola-elemental-1\"><\/p>\n<p><strong>THI\u1ebeT K\u1ebe TI\u1ec6N L\u1ee2I<\/strong><br \/>\nL\u01b0u tr\u1eef thu\u1eadn ti\u1ec7n di \u0111\u1ed9ng. T\u1ea5t c\u1ea3 c\u00e1c m\u1ea3nh l\u01b0\u1edbi \u0111\u1ec1u \u0111\u01b0\u1ee3c \u0111\u1ef1ng trong m\u1ed9t t\u00fai \u0111\u1ef1ng b\u1ec1n. T\u00fai n\u1eb7ng d\u01b0\u1edbi 9,08kg (c\u00f3 t\u1ea5t c\u1ea3 c\u00e1c m\u1ea3nh l\u01b0\u1edbi b\u00ean trong).<\/p>\n<p style=\"text-align:center\"><img decoding=\"async\" alt=\"THI\u1ebeT K\u1ebe TI\u1ec6N L\u1ee2I\" class=\"lazy\" src=\"http:\/\/pickle-ball.vn\/wp-content\/uploads\/2024\/11\/luoi-pickleball-joola-elemental-2.webp\" style=\"height:750px;width:750px\" title=\"luoi-pickleball-joola-elemental-2\"><\/p>\n<p><strong>K\u00cdCH TH\u01af\u1edaC QUY \u0110\u1ecaNH<\/strong><br \/>\n\u0110\u00e1p \u1ee9ng chi\u1ec1u cao quy \u0111\u1ecbnh l\u00e0 36 inch \u1edf hai b\u00ean v\u00e0 86,36cm \u1edf gi\u1eefa v\u00e0 chi\u1ec1u d\u00e0i khuy\u1ebfn ngh\u1ecb c\u1ee7a USAPA l\u00e0 10,36m. D\u00e2y \u0111eo c\u0103ng gi\u1eef m\u1ecdi th\u1ee9 c\u1ed1 \u0111\u1ecbnh.<\/p>\n<p style=\"text-align:center\"><img decoding=\"async\" alt=\"K\u00cdCH TH\u01af\u1edaC QUY \u0110\u1ecaNH\" class=\"lazy\" src=\"http:\/\/pickle-ball.vn\/wp-content\/uploads\/2024\/11\/luoi-pickleball-joola-elemental-3.webp\" style=\"height:750px;width:750px\" title=\"luoi-pickleball-joola-elemental-3\"><\/p>\n<p><strong>T\u1ea4T C\u1ea2 TH\u1edcI TI\u1ebeT<\/strong><br \/>\nL\u01b0\u1edbi ch\u1eafc ch\u1eafn ch\u1ecbu \u0111\u01b0\u1ee3c m\u1ecdi th\u1eddi ti\u1ebft n\u00e0y ho\u00e0n h\u1ea3o \u0111\u1ec3 s\u1eed d\u1ee5ng trong nh\u00e0 v\u00e0 ngo\u00e0i tr\u1eddi.<\/p>\n<p style=\"text-align:center\"><img decoding=\"async\" alt=\"T\u1ea4T C\u1ea2 TH\u1edcI TI\u1ebeT\" class=\"lazy\" src=\"http:\/\/pickle-ball.vn\/wp-content\/uploads\/2024\/11\/luoi-pickleball-joola-elemental-4.webp\" style=\"height:750px;width:750px\" title=\"luoi-pickleball-joola-elemental-4\"><\/p>\n<\/p><\/div>\n<\/p><\/div>","protected":false},"excerpt":{"rendered":"<ul class=\"list-unstyled params\">\n<li class=\"btt\">Th\u00f4ng tin s\u1ea3n ph\u1ea9m:<\/li>\n<li class=\"dyn\">\n                                            <span class=\"n\">Th\u01b0\u01a1ng hi\u1ec7u:<\/span><br \/>\n\t\t\t\t\t\t\t\t\t\t\t<span class=\"v\"><b>Joola<\/b><\/span>\n                                        <\/li>\n<li class=\"dyn\">\n                                            <span class=\"n\">Number order:<\/span><br \/>\n\t\t\t\t\t\t\t\t\t\t\t<span class=\"v\">18233<\/span>\n                                        <\/li>\n<li class=\"dyn\">\n                                            <span class=\"n\">Nh\u00e0 cung c\u1ea5p:<\/span><br \/>\n                                            \t\t\t\t\t\t\t\t\t\t\t<span class=\"v\"><b>pickle-ball.vn<\/b> &#8211; \u0110\u1ea1i l\u00fd \u1ee7y quy\u1ec1n Joola \u00ae<\/span>\n\t\t\t\t\t\t\t\t\t\t\t                                        <\/li>\n<li class=\"separator\">\n                                        <\/li>\n<li>\n                                            <span class=\"n\">Tr\u1ea1ng th\u00e1i:<\/span><br \/>\n                                            <span class=\"v\" style=\"font-weight:700;color: #d7000e\">C\u00f3 s\u1eb5n h\u00e0ng<\/span>\n                                        <\/li>\n<li>\n                                            <span class=\"n\">T\u00ecnh tr\u1ea1ng:<\/span><br \/>\n                                            <span class=\"v\">M\u1edbi 100%<\/span>\n                                        <\/li>\n<li>\n                                            <span class=\"n\">B\u1ea3o h\u00e0nh:<\/span><br \/>\n                                            <span class=\"v\">Ch\u00ednh h\u00e3ng<\/span>\n                                        <\/li>\n<li>\n<p>                                            <span class=\"n\">Giao h\u00e0ng:<\/span><br \/>\n                                            <span class=\"v\">To\u00e0n qu\u1ed1c<\/span>\n                                        <\/li>\n<\/ul>","protected":false},"featured_media":14734,"comment_status":"closed","ping_status":"closed","template":"","meta":[],"pwb-brand":[3245],"product_cat":[3232],"product_tag":[3282,3283,3281],"class_list":{"0":"post-14733","1":"product","2":"type-product","3":"status-publish","4":"has-post-thumbnail","6":"pwb-brand-joola","7":"product_cat-phu-kien-pickleball","8":"product_tag-luoi-pickleball-joola","9":"product_tag-luoi-pickleball-joola-elemental","10":"product_tag-pickleball-joola-elemental","12":"first","13":"instock","14":"shipping-taxable","15":"product-type-simple"},"yoast_head":"<!-- This site is optimized with the Yoast SEO plugin v22.9 - https:\/\/yoast.com\/wordpress\/plugins\/seo\/ -->\n<title>L\u01b0\u1edbi Pickleball JOOLA Elemental - PickleBall Vi\u1ec7t Nam<\/title>\n<meta name=\"robots\" content=\"index, follow, max-snippet:-1, max-image-preview:large, max-video-preview:-1\" \/>\n<link rel=\"canonical\" href=\"http:\/\/pickle-ball.vn\/de\/-product-\/phu-kien-pickleball\/luoi-pickleball-joola-elemental\/\" \/>\n<meta name=\"twitter:label1\" content=\"Gesch\u00e4tzte Lesezeit\" \/>\n\t<meta name=\"twitter:data1\" content=\"2 minutes\" \/>\n<script type=\"application\/ld+json\" class=\"yoast-schema-graph\">{\"@context\":\"https:\/\/schema.org\",\"@graph\":[{\"@type\":\"WebPage\",\"@id\":\"http:\/\/pickle-ball.vn\/ar\/-product-\/phu-kien-pickleball\/luoi-pickleball-joola-elemental\/\",\"url\":\"http:\/\/pickle-ball.vn\/ar\/-product-\/phu-kien-pickleball\/luoi-pickleball-joola-elemental\/\",\"name\":\"L\u01b0\u1edbi Pickleball JOOLA Elemental - PickleBall Vi\u1ec7t Nam\",\"isPartOf\":{\"@id\":\"https:\/\/pickle-ball.vn\/ja\/#website\"},\"primaryImageOfPage\":{\"@id\":\"http:\/\/pickle-ball.vn\/ar\/-product-\/phu-kien-pickleball\/luoi-pickleball-joola-elemental\/#primaryimage\"},\"image\":{\"@id\":\"http:\/\/pickle-ball.vn\/ar\/-product-\/phu-kien-pickleball\/luoi-pickleball-joola-elemental\/#primaryimage\"},\"thumbnailUrl\":\"https:\/\/pickle-ball.vn\/wp-content\/uploads\/2024\/11\/luoi-pickleball-joola-elemental_720x720xcrop.webp\",\"datePublished\":\"2024-11-04T05:30:36+00:00\",\"dateModified\":\"2024-11-04T05:30:42+00:00\",\"breadcrumb\":{\"@id\":\"http:\/\/pickle-ball.vn\/ar\/-product-\/phu-kien-pickleball\/luoi-pickleball-joola-elemental\/#breadcrumb\"},\"inLanguage\":\"de-DE\",\"potentialAction\":[{\"@type\":\"ReadAction\",\"target\":[\"http:\/\/pickle-ball.vn\/ar\/-product-\/phu-kien-pickleball\/luoi-pickleball-joola-elemental\/\"]}]},{\"@type\":\"ImageObject\",\"inLanguage\":\"de-DE\",\"@id\":\"http:\/\/pickle-ball.vn\/ar\/-product-\/phu-kien-pickleball\/luoi-pickleball-joola-elemental\/#primaryimage\",\"url\":\"https:\/\/pickle-ball.vn\/wp-content\/uploads\/2024\/11\/luoi-pickleball-joola-elemental_720x720xcrop.webp\",\"contentUrl\":\"https:\/\/pickle-ball.vn\/wp-content\/uploads\/2024\/11\/luoi-pickleball-joola-elemental_720x720xcrop.webp\",\"width\":720,\"height\":720,\"caption\":\"L\u01b0\u1edbi Pickleball JOOLA Elemental\"},{\"@type\":\"BreadcrumbList\",\"@id\":\"http:\/\/pickle-ball.vn\/ar\/-product-\/phu-kien-pickleball\/luoi-pickleball-joola-elemental\/#breadcrumb\",\"itemListElement\":[{\"@type\":\"ListItem\",\"position\":1,\"name\":\"Home\",\"item\":\"https:\/\/pickle-ball.vn\/ja\/\"},{\"@type\":\"ListItem\",\"position\":2,\"name\":\"Shop\",\"item\":\"https:\/\/pickle-ball.vn\/vi\/shop\/\"},{\"@type\":\"ListItem\",\"position\":3,\"name\":\"L\u01b0\u1edbi Pickleball JOOLA Elemental\"}]},{\"@type\":\"WebSite\",\"@id\":\"https:\/\/pickle-ball.vn\/ja\/#website\",\"url\":\"https:\/\/pickle-ball.vn\/ja\/\",\"name\":\"Jabra\",\"description\":\"\",\"publisher\":{\"@id\":\"https:\/\/pickle-ball.vn\/ja\/#organization\"},\"potentialAction\":[{\"@type\":\"SearchAction\",\"target\":{\"@type\":\"EntryPoint\",\"urlTemplate\":\"https:\/\/pickle-ball.vn\/ja\/?s={search_term_string}\"},\"query-input\":\"required name=search_term_string\"}],\"inLanguage\":\"de-DE\"},{\"@type\":\"Organization\",\"@id\":\"https:\/\/pickle-ball.vn\/ja\/#organization\",\"name\":\"Jabra\",\"url\":\"https:\/\/pickle-ball.vn\/ja\/\",\"logo\":{\"@type\":\"ImageObject\",\"inLanguage\":\"de-DE\",\"@id\":\"https:\/\/pickle-ball.vn\/ja\/#\/schema\/logo\/image\/\",\"url\":\"\",\"contentUrl\":\"\",\"caption\":\"Jabra\"},\"image\":{\"@id\":\"https:\/\/pickle-ball.vn\/ja\/#\/schema\/logo\/image\/\"}}]}<\/script>\n<!-- \/ Yoast SEO plugin. -->","yoast_head_json":{"title":"L\u01b0\u1edbi Pickleball JOOLA Elemental - PickleBall Vi\u1ec7t Nam","robots":{"index":"index","follow":"follow","max-snippet":"max-snippet:-1","max-image-preview":"max-image-preview:large","max-video-preview":"max-video-preview:-1"},"canonical":"http:\/\/pickle-ball.vn\/de\/-product-\/phu-kien-pickleball\/luoi-pickleball-joola-elemental\/","twitter_misc":{"Gesch\u00e4tzte Lesezeit":"2 minutes"},"schema":{"@context":"https:\/\/schema.org","@graph":[{"@type":"WebPage","@id":"http:\/\/pickle-ball.vn\/ar\/-product-\/phu-kien-pickleball\/luoi-pickleball-joola-elemental\/","url":"http:\/\/pickle-ball.vn\/ar\/-product-\/phu-kien-pickleball\/luoi-pickleball-joola-elemental\/","name":"L\u01b0\u1edbi Pickleball JOOLA Elemental - PickleBall Vi\u1ec7t Nam","isPartOf":{"@id":"https:\/\/pickle-ball.vn\/ja\/#website"},"primaryImageOfPage":{"@id":"http:\/\/pickle-ball.vn\/ar\/-product-\/phu-kien-pickleball\/luoi-pickleball-joola-elemental\/#primaryimage"},"image":{"@id":"http:\/\/pickle-ball.vn\/ar\/-product-\/phu-kien-pickleball\/luoi-pickleball-joola-elemental\/#primaryimage"},"thumbnailUrl":"https:\/\/pickle-ball.vn\/wp-content\/uploads\/2024\/11\/luoi-pickleball-joola-elemental_720x720xcrop.webp","datePublished":"2024-11-04T05:30:36+00:00","dateModified":"2024-11-04T05:30:42+00:00","breadcrumb":{"@id":"http:\/\/pickle-ball.vn\/ar\/-product-\/phu-kien-pickleball\/luoi-pickleball-joola-elemental\/#breadcrumb"},"inLanguage":"de-DE","potentialAction":[{"@type":"ReadAction","target":["http:\/\/pickle-ball.vn\/ar\/-product-\/phu-kien-pickleball\/luoi-pickleball-joola-elemental\/"]}]},{"@type":"ImageObject","inLanguage":"de-DE","@id":"http:\/\/pickle-ball.vn\/ar\/-product-\/phu-kien-pickleball\/luoi-pickleball-joola-elemental\/#primaryimage","url":"https:\/\/pickle-ball.vn\/wp-content\/uploads\/2024\/11\/luoi-pickleball-joola-elemental_720x720xcrop.webp","contentUrl":"https:\/\/pickle-ball.vn\/wp-content\/uploads\/2024\/11\/luoi-pickleball-joola-elemental_720x720xcrop.webp","width":720,"height":720,"caption":"L\u01b0\u1edbi Pickleball JOOLA Elemental"},{"@type":"BreadcrumbList","@id":"http:\/\/pickle-ball.vn\/ar\/-product-\/phu-kien-pickleball\/luoi-pickleball-joola-elemental\/#breadcrumb","itemListElement":[{"@type":"ListItem","position":1,"name":"Home","item":"https:\/\/pickle-ball.vn\/ja\/"},{"@type":"ListItem","position":2,"name":"Shop","item":"https:\/\/pickle-ball.vn\/vi\/shop\/"},{"@type":"ListItem","position":3,"name":"L\u01b0\u1edbi Pickleball JOOLA Elemental"}]},{"@type":"WebSite","@id":"https:\/\/pickle-ball.vn\/ja\/#website","url":"https:\/\/pickle-ball.vn\/ja\/","name":"Jabra","description":"","publisher":{"@id":"https:\/\/pickle-ball.vn\/ja\/#organization"},"potentialAction":[{"@type":"SearchAction","target":{"@type":"EntryPoint","urlTemplate":"https:\/\/pickle-ball.vn\/ja\/?s={search_term_string}"},"query-input":"required name=search_term_string"}],"inLanguage":"de-DE"},{"@type":"Organization","@id":"https:\/\/pickle-ball.vn\/ja\/#organization","name":"Jabra","url":"https:\/\/pickle-ball.vn\/ja\/","logo":{"@type":"ImageObject","inLanguage":"de-DE","@id":"https:\/\/pickle-ball.vn\/ja\/#\/schema\/logo\/image\/","url":"","contentUrl":"","caption":"Jabra"},"image":{"@id":"https:\/\/pickle-ball.vn\/ja\/#\/schema\/logo\/image\/"}}]}},"brands":[{"id":3245,"name":"Joola","slug":"joola"}],"_links":{"self":[{"href":"https:\/\/pickle-ball.vn\/de\/wp-json\/wp\/v2\/product\/14733","targetHints":{"allow":["GET"]}}],"collection":[{"href":"https:\/\/pickle-ball.vn\/de\/wp-json\/wp\/v2\/product"}],"about":[{"href":"https:\/\/pickle-ball.vn\/de\/wp-json\/wp\/v2\/types\/product"}],"replies":[{"embeddable":true,"href":"https:\/\/pickle-ball.vn\/de\/wp-json\/wp\/v2\/comments?post=14733"}],"wp:featuredmedia":[{"embeddable":true,"href":"https:\/\/pickle-ball.vn\/de\/wp-json\/wp\/v2\/media\/14734"}],"wp:attachment":[{"href":"https:\/\/pickle-ball.vn\/de\/wp-json\/wp\/v2\/media?parent=14733"}],"wp:term":[{"taxonomy":"pwb-brand","embeddable":true,"href":"https:\/\/pickle-ball.vn\/de\/wp-json\/wp\/v2\/pwb-brand?post=14733"},{"taxonomy":"product_cat","embeddable":true,"href":"https:\/\/pickle-ball.vn\/de\/wp-json\/wp\/v2\/product_cat?post=14733"},{"taxonomy":"product_tag","embeddable":true,"href":"https:\/\/pickle-ball.vn\/de\/wp-json\/wp\/v2\/product_tag?post=14733"}],"curies":[{"name":"wp","href":"https:\/\/api.w.org\/{rel}","templated":true}]}}