{"id":15596,"date":"2024-11-04T19:05:34","date_gmt":"2024-11-04T12:05:34","guid":{"rendered":"http:\/\/pickle-ball.vn\/-product-\/uncategorized\/vot-pickleball-vot-pickleball-slk-by-selkirk-x-the-holderness-family-pickleball-bundle\/"},"modified":"2024-11-04T19:05:37","modified_gmt":"2024-11-04T12:05:37","slug":"vot-pickleball-vot-pickleball-slk-by-selkirk-x-the-holderness-family-pickleball-bundle","status":"publish","type":"product","link":"https:\/\/pickle-ball.vn\/de\/-product-\/vot-pickleball\/vot-pickleball-vot-pickleball-slk-by-selkirk-x-the-holderness-family-pickleball-bundle\/","title":{"rendered":"V\u1ee3t PickleballV\u1ee3t Pickleball SLK by Selkirk x The Holderness Family Pickleball Bundle"},"content":{"rendered":"<div role=\"tabpanel\" class=\"tab-pane active\" id=\"tab-product-info\">\n<div class=\"vh-content\">\n<h2><strong>V\u1ee3t Pickleball SLK by Selkirk x The Holderness Family Pickleball Bundle<\/strong><\/h2>\n<p>Selkirk Sport, th\u01b0\u01a1ng hi\u1ec7u s\u1ed1 1 trong Pickleball v\u00e0 b\u1ed9 \u0111\u00f4i internet vui nh\u1ed9n v\u00e0 \u1ea5m \u00e1p c\u00f3 t\u00ean The Holderness Family, \u0111\u00e3 h\u1ee3p t\u00e1c \u0111\u1ec3 mang \u0111\u1ebfn cho b\u1ea1n m\u1ecdi th\u1ee9 b\u1ea1n c\u1ea7n \u0111\u1ec3 b\u1eaft \u0111\u1ea7u ch\u01a1i Pickleball.<\/p>\n<p style=\"text-align:center\"><img decoding=\"async\" alt=\"V\u1ee3t Pickleball SLK by Selkirk x The Holderness Family Pickleball Bundle\" class=\"lazy\" src=\"http:\/\/pickle-ball.vn\/wp-content\/uploads\/2024\/11\/slk-by-selkirk-x-the-holderness-family-pickleball-bundle.webp\" style=\"height:525px;width:750px\" title=\"V\u1ee3t Pickleball SLK by Selkirk x The Holderness Family Pickleball Bundle\"><\/p>\n<p style=\"text-align:center\"><em>V\u1ee3t Pickleball Selkirk by Selkirk x The Holderness Family Pickleball Bundle ch\u00ednh h\u00e3ng t\u1ea1i Pickleball Vi\u1ec7t Nam<\/em><\/p>\n<h3><strong>\u0110\u1eb7c \u0111i\u1ec3m n\u1ed5i b\u1eadt c\u1ee7a v\u1ee3tPickleball SLK by Selkirk x The Holderness Family Pickleball Bundle<\/strong><\/h3>\n<p>&#8211; T\u00fai \u0111eo: T\u00fai \u0111\u1ef1ng pickleball Holderness Family x SLK c\u00f3 ng\u0103n ch\u00ednh r\u1ed9ng r\u00e3i, ng\u0103n b\u1ea3o v\u1ec7 v\u1ee3t pickleball chuy\u00ean d\u1ee5ng v\u00e0 t\u00fai \u0111\u1ef1ng v\u00ed, \u0111i\u1ec7n tho\u1ea1i v\u00e0 c\u00e1c v\u1eadt d\u1ee5ng c\u1ea7n thi\u1ebft kh\u00e1c c\u1ee7a b\u1ea1n.<\/p>\n<p>&#8211; K\u1ef9 thu\u1eadt nh\u1eb9: V\u1edbi tr\u1ecdng l\u01b0\u1ee3ng 7,5oz, v\u1ee3t pickleball The Holderness Family x SLK Atlas Pickleball mang l\u1ea1i s\u1ef1 c\u00e2n b\u1eb1ng l\u00fd t\u01b0\u1edfng gi\u1eefa v\u1ee3t pickleball c\u00f3 tr\u1ecdng l\u01b0\u1ee3ng nh\u1eb9 v\u00e0 trung b\u00ecnh, ho\u00e0n h\u1ea3o cho th\u1ebf h\u1ec7 ng\u01b0\u1eddi ch\u01a1i Pickleball ti\u1ebfp theo.<\/p>\n<p>&#8211; M\u1eb7t than ch\u00ec \u0111i\u1ec1u khi\u1ec3n G5: \u0110\u01b0\u1ee3c thi\u1ebft k\u1ebf \u0111\u1ec3 mang l\u1ea1i kh\u1ea3 n\u0103ng ki\u1ec3m so\u00e1t t\u1ed1i \u01b0u, M\u1eb7t than ch\u00ec \u0111i\u1ec1u khi\u1ec3n G5 \u0111\u1ea3m b\u1ea3o c\u1ea3m gi\u00e1c si\u00eau m\u1ec1m gi\u00fap b\u1ea1n c\u00f3 to\u00e0n quy\u1ec1n ki\u1ec3m so\u00e1t tr\u00f2 ch\u01a1i.<\/p>\n<p>&#8211; Polymer Rev-Core+: C\u00f4ng ngh\u1ec7 \u0111\u00e1ng tin c\u1eady, \u0111\u00e3 \u0111\u01b0\u1ee3c ch\u1ee9ng minh k\u1ebft h\u1ee3p v\u1edbi \u0111i\u1ec3m h\u1ea5p d\u1eabn l\u1edbn \u0111\u1ec3 mang l\u1ea1i c\u1ea3m gi\u00e1c v\u00e0 c\u00fa \u0111\u00e1nh nh\u1ea5t qu\u00e1n trong m\u1ed7i l\u1ea7n ch\u01a1i.<\/p>\n<p>&#8211; Tay c\u1ea7m si\u00eau tho\u1ea3i m\u00e1i SLK: \u0110\u01b0\u1ee3c thi\u1ebft k\u1ebf \u0111\u1ec3 c\u1ea7m ch\u1eafc ch\u1eafn, tay c\u1ea7m c\u00f3 \u0111\u1ec7m SLK c\u1ef1c k\u1ef3 tho\u1ea3i m\u00e1i v\u00e0 kh\u00f4ng tr\u01a1n tr\u01b0\u1ee3t.<\/p>\n<p>&#8211; \u0110\u01b0\u1ee3c USAPA ph\u00ea duy\u1ec7t: Ho\u00e0n to\u00e0n tu\u00e2n th\u1ee7 t\u1ea5t c\u1ea3 c\u00e1c y\u00eau c\u1ea7u c\u1ee7a USAPA \u0111\u1ed1i v\u1edbi vi\u1ec7c thi \u0111\u1ea5u theo gi\u1ea3i \u0111\u1ea5u, The Holderness Family x SLK Atlas l\u00e0 s\u1ef1 l\u1ef1a ch\u1ecdn ph\u00f9 h\u1ee3p cho c\u00e1c ch\u01b0\u01a1ng tr\u00ecnh Pickleball, gi\u1ea3i \u0111\u1ea5u, t\u1eadp gym v\u00e0 ch\u01a1i h\u00e0ng ng\u00e0y.<\/p>\n<h2><strong>Th\u00f4ng s\u1ed1 k\u1ef9 thu\u1eadt V\u1ee3t Pickleball SLK by Selkirk x The Holderness Family Pickleball Bundle<\/strong><\/h2>\n<ul>\n<li>T\u00fai \u0111eo<\/li>\n<li>Ng\u0103n ch\u00ednh r\u1ed9ng r\u00e3i<\/li>\n<li>Ng\u0103n b\u1ea3o v\u1ec7 v\u1ee3t pickleball chuy\u00ean d\u1ee5ng<\/li>\n<li>T\u00fai \u0111\u1ef1ng \u0111i\u1ec7n tho\u1ea1i\/v\u00ed<\/li>\n<li>B\u1ea3n \u0111\u1ed3 SLK<\/li>\n<li>C\u1ea5p \u0111\u1ed9 k\u1ef9 n\u0103ng: S\u01a1 c\u1ea5p \u0111\u1ebfn trung c\u1ea5p<\/li>\n<li>Ph\u1ea1m vi tr\u1ecdng l\u01b0\u1ee3ng v\u1ee3t pickleball: 7,5oz &#8211; 8,0oz<\/li>\n<li>Chi\u1ec1u d\u00e0i v\u1ee3t pickleball: 15,5<\/li>\n<li>Chi\u1ec1u r\u1ed9ng v\u1ee3t pickleball: 8,25<\/li>\n<li>Chi\u1ec1u d\u00e0i tay c\u1ea7m: 5,25<\/li>\n<li>Chu vi tay c\u1ea7m: 4,25<\/li>\n<li>Lo\u1ea1i tay c\u1ea7m: Tay c\u1ea7m si\u00eau tho\u1ea3i m\u00e1i SLK<\/li>\n<li>M\u1eb7t v\u1ee3t pickleball: Than ch\u00ec \u0111i\u1ec1u khi\u1ec3n G5<\/li>\n<li>L\u00f5i v\u1ee3t pickleball: Polymer Rev-Core+<\/li>\n<\/ul>\n<p><strong>V\u1ee3t Pickleball SLK by Selkirk x The Holderness Family Pickleball Bundle<\/strong>, Ph\u1ea1m vi tr\u1ecdng l\u01b0\u1ee3ng v\u1ee3t pickleball 7,5oz &#8211; 8,0, Chi\u1ec1u d\u00e0i v\u1ee3t pickleball 15,5, Chi\u1ec1u r\u1ed9ng v\u1ee3t pickleball 8,25, Chi\u1ec1u d\u00e0i tay c\u1ea7m 5,25, Chu vi tay c\u1ea7m 4,25. V\u1ee3t \u0111ang c\u00f3 s\u1eb5n t\u1ea1i Pickleball Vi\u1ec7t Nam. H\u00e3y li\u00ean h\u1ec7 v\u1edbi ch\u00fang t\u00f4i 0.87654321.9 \u0111\u1ec3 \u0111\u01b0\u1ee3c t\u01b0 v\u1ea5n, h\u1ed7 tr\u1ee3 chi ti\u1ebft th\u00f4ng tin s\u1ea3n ph\u1ea9m.<\/p>\n<\/p><\/div>\n<\/p><\/div>","protected":false},"excerpt":{"rendered":"<ul class=\"list-unstyled params\">\n<li class=\"btt\">Th\u00f4ng tin s\u1ea3n ph\u1ea9m:<\/li>\n<li class=\"dyn\">\n                                            <span class=\"n\">Nh\u00e0 cung c\u1ea5p:<\/span><br \/>\n                                            \t\t\t\t\t\t\t\t\t\t\t<span class=\"v\">Pickleball Vi\u1ec7t Nam<\/span>\n\t\t\t\t\t\t\t\t\t\t\t                                        <\/li>\n<li class=\"separator\">\n                                        <\/li>\n<li>\n                                            <span class=\"n\">Tr\u1ea1ng th\u00e1i:<\/span><br \/>\n                                            <span class=\"v\" style=\"font-weight:700;color: #d7000e\">T\u1ea1m h\u1ebft h\u00e0ng<\/span>\n                                        <\/li>\n<li>\n                                            <span class=\"n\">T\u00ecnh tr\u1ea1ng:<\/span><br \/>\n                                            <span class=\"v\">M\u1edbi 100%<\/span>\n                                        <\/li>\n<li>\n                                            <span class=\"n\">B\u1ea3o h\u00e0nh:<\/span><br \/>\n                                            <span class=\"v\">Ch\u00ednh h\u00e3ng<\/span>\n                                        <\/li>\n<li>\n<p>                                            <span class=\"n\">Giao h\u00e0ng:<\/span><br \/>\n                                            <span class=\"v\">To\u00e0n qu\u1ed1c<\/span>\n                                        <\/li>\n<\/ul>","protected":false},"featured_media":15597,"comment_status":"closed","ping_status":"closed","template":"","meta":[],"pwb-brand":[],"product_cat":[2836],"product_tag":[25,3690,55,3729,3417,3691],"class_list":{"0":"post-15596","1":"product","2":"type-product","3":"status-publish","4":"has-post-thumbnail","6":"product_cat-vot-pickleball","7":"product_tag-man","8":"product_tag-pickleball-selkirk","9":"product_tag-run","10":"product_tag-selkirk-x-the-holderness-family-pickleball-bundle","11":"product_tag-vot-pickleball","12":"product_tag-vot-pickleball-selkirk","14":"first","15":"instock","16":"shipping-taxable","17":"product-type-simple"},"yoast_head":"<!-- This site is optimized with the Yoast SEO plugin v22.9 - https:\/\/yoast.com\/wordpress\/plugins\/seo\/ -->\n<title>V\u1ee3t PickleballV\u1ee3t Pickleball SLK by Selkirk x The Holderness Family Pickleball Bundle - PickleBall Vi\u1ec7t Nam<\/title>\n<meta name=\"robots\" content=\"index, follow, max-snippet:-1, max-image-preview:large, max-video-preview:-1\" \/>\n<link rel=\"canonical\" href=\"https:\/\/pickle-ball.vn\/de\/-product-\/vot-pickleball\/vot-pickleball-vot-pickleball-slk-by-selkirk-x-the-holderness-family-pickleball-bundle\/\" \/>\n<meta name=\"twitter:label1\" content=\"Gesch\u00e4tzte Lesezeit\" \/>\n\t<meta name=\"twitter:data1\" content=\"3 minutes\" \/>\n<script type=\"application\/ld+json\" class=\"yoast-schema-graph\">{\"@context\":\"https:\/\/schema.org\",\"@graph\":[{\"@type\":\"WebPage\",\"@id\":\"https:\/\/pickle-ball.vn\/pt\/-product-\/vot-pickleball\/vot-pickleball-vot-pickleball-slk-by-selkirk-x-the-holderness-family-pickleball-bundle\/\",\"url\":\"https:\/\/pickle-ball.vn\/pt\/-product-\/vot-pickleball\/vot-pickleball-vot-pickleball-slk-by-selkirk-x-the-holderness-family-pickleball-bundle\/\",\"name\":\"V\u1ee3t PickleballV\u1ee3t Pickleball SLK by Selkirk x The Holderness Family Pickleball Bundle - PickleBall Vi\u1ec7t Nam\",\"isPartOf\":{\"@id\":\"https:\/\/pickle-ball.vn\/ja\/#website\"},\"primaryImageOfPage\":{\"@id\":\"https:\/\/pickle-ball.vn\/pt\/-product-\/vot-pickleball\/vot-pickleball-vot-pickleball-slk-by-selkirk-x-the-holderness-family-pickleball-bundle\/#primaryimage\"},\"image\":{\"@id\":\"https:\/\/pickle-ball.vn\/pt\/-product-\/vot-pickleball\/vot-pickleball-vot-pickleball-slk-by-selkirk-x-the-holderness-family-pickleball-bundle\/#primaryimage\"},\"thumbnailUrl\":\"https:\/\/pickle-ball.vn\/wp-content\/uploads\/2024\/11\/slk-by-selkirk-x-the-holderness-family-pickleball-bundle-01_720x720xcrop.webp\",\"datePublished\":\"2024-11-04T12:05:34+00:00\",\"dateModified\":\"2024-11-04T12:05:37+00:00\",\"breadcrumb\":{\"@id\":\"https:\/\/pickle-ball.vn\/pt\/-product-\/vot-pickleball\/vot-pickleball-vot-pickleball-slk-by-selkirk-x-the-holderness-family-pickleball-bundle\/#breadcrumb\"},\"inLanguage\":\"de-DE\",\"potentialAction\":[{\"@type\":\"ReadAction\",\"target\":[\"https:\/\/pickle-ball.vn\/pt\/-product-\/vot-pickleball\/vot-pickleball-vot-pickleball-slk-by-selkirk-x-the-holderness-family-pickleball-bundle\/\"]}]},{\"@type\":\"ImageObject\",\"inLanguage\":\"de-DE\",\"@id\":\"https:\/\/pickle-ball.vn\/pt\/-product-\/vot-pickleball\/vot-pickleball-vot-pickleball-slk-by-selkirk-x-the-holderness-family-pickleball-bundle\/#primaryimage\",\"url\":\"https:\/\/pickle-ball.vn\/wp-content\/uploads\/2024\/11\/slk-by-selkirk-x-the-holderness-family-pickleball-bundle-01_720x720xcrop.webp\",\"contentUrl\":\"https:\/\/pickle-ball.vn\/wp-content\/uploads\/2024\/11\/slk-by-selkirk-x-the-holderness-family-pickleball-bundle-01_720x720xcrop.webp\",\"width\":720,\"height\":720,\"caption\":\"Selkirk x The Holderness Family Pickleball Bundle\"},{\"@type\":\"BreadcrumbList\",\"@id\":\"https:\/\/pickle-ball.vn\/pt\/-product-\/vot-pickleball\/vot-pickleball-vot-pickleball-slk-by-selkirk-x-the-holderness-family-pickleball-bundle\/#breadcrumb\",\"itemListElement\":[{\"@type\":\"ListItem\",\"position\":1,\"name\":\"Home\",\"item\":\"https:\/\/pickle-ball.vn\/ja\/\"},{\"@type\":\"ListItem\",\"position\":2,\"name\":\"Shop\",\"item\":\"https:\/\/pickle-ball.vn\/vi\/shop\/\"},{\"@type\":\"ListItem\",\"position\":3,\"name\":\"V\u1ee3t PickleballV\u1ee3t Pickleball SLK by Selkirk x The Holderness Family Pickleball Bundle\"}]},{\"@type\":\"WebSite\",\"@id\":\"https:\/\/pickle-ball.vn\/ja\/#website\",\"url\":\"https:\/\/pickle-ball.vn\/ja\/\",\"name\":\"Jabra\",\"description\":\"\",\"publisher\":{\"@id\":\"https:\/\/pickle-ball.vn\/ja\/#organization\"},\"potentialAction\":[{\"@type\":\"SearchAction\",\"target\":{\"@type\":\"EntryPoint\",\"urlTemplate\":\"https:\/\/pickle-ball.vn\/ja\/?s={search_term_string}\"},\"query-input\":\"required name=search_term_string\"}],\"inLanguage\":\"de-DE\"},{\"@type\":\"Organization\",\"@id\":\"https:\/\/pickle-ball.vn\/ja\/#organization\",\"name\":\"Jabra\",\"url\":\"https:\/\/pickle-ball.vn\/ja\/\",\"logo\":{\"@type\":\"ImageObject\",\"inLanguage\":\"de-DE\",\"@id\":\"https:\/\/pickle-ball.vn\/ja\/#\/schema\/logo\/image\/\",\"url\":\"\",\"contentUrl\":\"\",\"caption\":\"Jabra\"},\"image\":{\"@id\":\"https:\/\/pickle-ball.vn\/ja\/#\/schema\/logo\/image\/\"}}]}<\/script>\n<!-- \/ Yoast SEO plugin. -->","yoast_head_json":{"title":"V\u1ee3t PickleballV\u1ee3t Pickleball SLK by Selkirk x The Holderness Family Pickleball Bundle - PickleBall Vi\u1ec7t Nam","robots":{"index":"index","follow":"follow","max-snippet":"max-snippet:-1","max-image-preview":"max-image-preview:large","max-video-preview":"max-video-preview:-1"},"canonical":"https:\/\/pickle-ball.vn\/de\/-product-\/vot-pickleball\/vot-pickleball-vot-pickleball-slk-by-selkirk-x-the-holderness-family-pickleball-bundle\/","twitter_misc":{"Gesch\u00e4tzte Lesezeit":"3 minutes"},"schema":{"@context":"https:\/\/schema.org","@graph":[{"@type":"WebPage","@id":"https:\/\/pickle-ball.vn\/pt\/-product-\/vot-pickleball\/vot-pickleball-vot-pickleball-slk-by-selkirk-x-the-holderness-family-pickleball-bundle\/","url":"https:\/\/pickle-ball.vn\/pt\/-product-\/vot-pickleball\/vot-pickleball-vot-pickleball-slk-by-selkirk-x-the-holderness-family-pickleball-bundle\/","name":"V\u1ee3t PickleballV\u1ee3t Pickleball SLK by Selkirk x The Holderness Family Pickleball Bundle - PickleBall Vi\u1ec7t Nam","isPartOf":{"@id":"https:\/\/pickle-ball.vn\/ja\/#website"},"primaryImageOfPage":{"@id":"https:\/\/pickle-ball.vn\/pt\/-product-\/vot-pickleball\/vot-pickleball-vot-pickleball-slk-by-selkirk-x-the-holderness-family-pickleball-bundle\/#primaryimage"},"image":{"@id":"https:\/\/pickle-ball.vn\/pt\/-product-\/vot-pickleball\/vot-pickleball-vot-pickleball-slk-by-selkirk-x-the-holderness-family-pickleball-bundle\/#primaryimage"},"thumbnailUrl":"https:\/\/pickle-ball.vn\/wp-content\/uploads\/2024\/11\/slk-by-selkirk-x-the-holderness-family-pickleball-bundle-01_720x720xcrop.webp","datePublished":"2024-11-04T12:05:34+00:00","dateModified":"2024-11-04T12:05:37+00:00","breadcrumb":{"@id":"https:\/\/pickle-ball.vn\/pt\/-product-\/vot-pickleball\/vot-pickleball-vot-pickleball-slk-by-selkirk-x-the-holderness-family-pickleball-bundle\/#breadcrumb"},"inLanguage":"de-DE","potentialAction":[{"@type":"ReadAction","target":["https:\/\/pickle-ball.vn\/pt\/-product-\/vot-pickleball\/vot-pickleball-vot-pickleball-slk-by-selkirk-x-the-holderness-family-pickleball-bundle\/"]}]},{"@type":"ImageObject","inLanguage":"de-DE","@id":"https:\/\/pickle-ball.vn\/pt\/-product-\/vot-pickleball\/vot-pickleball-vot-pickleball-slk-by-selkirk-x-the-holderness-family-pickleball-bundle\/#primaryimage","url":"https:\/\/pickle-ball.vn\/wp-content\/uploads\/2024\/11\/slk-by-selkirk-x-the-holderness-family-pickleball-bundle-01_720x720xcrop.webp","contentUrl":"https:\/\/pickle-ball.vn\/wp-content\/uploads\/2024\/11\/slk-by-selkirk-x-the-holderness-family-pickleball-bundle-01_720x720xcrop.webp","width":720,"height":720,"caption":"Selkirk x The Holderness Family Pickleball Bundle"},{"@type":"BreadcrumbList","@id":"https:\/\/pickle-ball.vn\/pt\/-product-\/vot-pickleball\/vot-pickleball-vot-pickleball-slk-by-selkirk-x-the-holderness-family-pickleball-bundle\/#breadcrumb","itemListElement":[{"@type":"ListItem","position":1,"name":"Home","item":"https:\/\/pickle-ball.vn\/ja\/"},{"@type":"ListItem","position":2,"name":"Shop","item":"https:\/\/pickle-ball.vn\/vi\/shop\/"},{"@type":"ListItem","position":3,"name":"V\u1ee3t PickleballV\u1ee3t Pickleball SLK by Selkirk x The Holderness Family Pickleball Bundle"}]},{"@type":"WebSite","@id":"https:\/\/pickle-ball.vn\/ja\/#website","url":"https:\/\/pickle-ball.vn\/ja\/","name":"Jabra","description":"","publisher":{"@id":"https:\/\/pickle-ball.vn\/ja\/#organization"},"potentialAction":[{"@type":"SearchAction","target":{"@type":"EntryPoint","urlTemplate":"https:\/\/pickle-ball.vn\/ja\/?s={search_term_string}"},"query-input":"required name=search_term_string"}],"inLanguage":"de-DE"},{"@type":"Organization","@id":"https:\/\/pickle-ball.vn\/ja\/#organization","name":"Jabra","url":"https:\/\/pickle-ball.vn\/ja\/","logo":{"@type":"ImageObject","inLanguage":"de-DE","@id":"https:\/\/pickle-ball.vn\/ja\/#\/schema\/logo\/image\/","url":"","contentUrl":"","caption":"Jabra"},"image":{"@id":"https:\/\/pickle-ball.vn\/ja\/#\/schema\/logo\/image\/"}}]}},"brands":[],"_links":{"self":[{"href":"https:\/\/pickle-ball.vn\/de\/wp-json\/wp\/v2\/product\/15596","targetHints":{"allow":["GET"]}}],"collection":[{"href":"https:\/\/pickle-ball.vn\/de\/wp-json\/wp\/v2\/product"}],"about":[{"href":"https:\/\/pickle-ball.vn\/de\/wp-json\/wp\/v2\/types\/product"}],"replies":[{"embeddable":true,"href":"https:\/\/pickle-ball.vn\/de\/wp-json\/wp\/v2\/comments?post=15596"}],"wp:featuredmedia":[{"embeddable":true,"href":"https:\/\/pickle-ball.vn\/de\/wp-json\/wp\/v2\/media\/15597"}],"wp:attachment":[{"href":"https:\/\/pickle-ball.vn\/de\/wp-json\/wp\/v2\/media?parent=15596"}],"wp:term":[{"taxonomy":"pwb-brand","embeddable":true,"href":"https:\/\/pickle-ball.vn\/de\/wp-json\/wp\/v2\/pwb-brand?post=15596"},{"taxonomy":"product_cat","embeddable":true,"href":"https:\/\/pickle-ball.vn\/de\/wp-json\/wp\/v2\/product_cat?post=15596"},{"taxonomy":"product_tag","embeddable":true,"href":"https:\/\/pickle-ball.vn\/de\/wp-json\/wp\/v2\/product_tag?post=15596"}],"curies":[{"name":"wp","href":"https:\/\/api.w.org\/{rel}","templated":true}]}}