{"id":15051,"date":"2024-11-04T14:35:42","date_gmt":"2024-11-04T07:35:42","guid":{"rendered":"http:\/\/pickle-ball.vn\/-product-\/uncategorized\/vot-pickleball-joola-simone-jardim-hyperion-c2-cfs-14\/"},"modified":"2024-11-04T14:35:44","modified_gmt":"2024-11-04T07:35:44","slug":"vot-pickleball-joola-simone-jardim-hyperion-c2-cfs-14","status":"publish","type":"product","link":"https:\/\/pickle-ball.vn\/en\/-product-\/vot-pickleball\/vot-pickleball-joola-simone-jardim-hyperion-c2-cfs-14\/","title":{"rendered":"V\u1ee3t PickleballJoola Simone Jardim Hyperion C2 CFS 14"},"content":{"rendered":"<div role=\"tabpanel\" class=\"tab-pane active\" id=\"tab-product-info\">\n<div class=\"vh-content\">\n<h2><strong>Joola Simone Jardim Hyperion C2 CFS 14 pickleball ch\u00ednh h\u00e3ng<\/strong><\/h2>\n<p><strong>Simone Jardim Hyperion C2 CFS 14<\/strong> c\u00f3 C\u00f4ng ngh\u1ec7 b\u1ec1 m\u1eb7t t\u00edch \u0111i\u1ec7n Carbon m\u1edbi cho s\u1ee9c m\u1ea1nh v\u00e0 \u0111\u1ed9 b\u1eadt \u1ea5n t\u01b0\u1ee3ng c\u0169ng nh\u01b0 t\u1ea1o \u0111\u1ed9 xo\u00e1y d\u1ec5 d\u00e0ng \u0111\u1ec3 gi\u1eef cho c\u00fa \u0111\u00e1nh c\u1ee7a b\u1ea1n lu\u00f4n tr\u00fang m\u1ee5c ti\u00eau. V\u1ee3t Pickleball n\u00e0y \u0111\u01b0\u1ee3c thi\u1ebft k\u1ebf h\u00ecnh d\u1ea1ng Aero-Curve gi\u00fap v\u1ee3t n\u00e0y c\u00f3 c\u1ea5u h\u00ecnh xoay nhanh, trong khi thi\u1ebft k\u1ebf khung carbon t\u0103ng c\u01b0\u1eddng s\u1ee9c m\u1ea1nh v\u00e0 \u0111\u1ed9 b\u1ec1n c\u1ee7a v\u1ee3t \u0111\u1ec3 \u0111\u1ea3m b\u1ea3o tr\u1ea3i nghi\u1ec7m ch\u01a1i nh\u1ea5t qu\u00e1n t\u1eeb tr\u1eadn n\u00e0y \u0111\u1ebfn tr\u1eadn kh\u00e1c. USAPA \u0110\u01b0\u1ee3c ch\u1ea5p thu\u1eadn \u0111\u1ec3 ch\u01a1i gi\u1ea3i \u0111\u1ea5u th\u1ebf gi\u1edbi.<\/p>\n<p style=\"text-align:center\"><img decoding=\"async\" alt=\"V\u1ee3t Pickleball\u00a0Joola Simone Jardim Hyperion C2 CFS 14\" class=\"lazy\" src=\"http:\/\/pickle-ball.vn\/wp-content\/uploads\/2024\/11\/simone-jardim-hyperion-c2-cfs-14-17001-4-720x720xcrop.webp\" style=\"height:522px;width:750px\" title=\"V\u1ee3t Pickleball\u00a0Joola Simone Jardim Hyperion C2 CFS 14\"><\/p>\n<p style=\"text-align:center\"><em>H\u00ecnh \u1ea3nh: <\/em><strong><em>V\u1ee3t Pickleball Joola Simone Jardim Hyperion C2 CFS 14<\/em><\/strong><\/p>\n<h3><strong>Th\u00f4ng s\u1ed1 v\u1ee3t Joola Simone Jardim Hyperion C2 CFS 14<\/strong><\/h3>\n<ul>\n<li>Surface: Carbon Friction<\/li>\n<li>Core: Reactive Honeycomb<\/li>\n<li>Core (mm): 14<\/li>\n<li>Control: 93<\/li>\n<li>Power: 95<\/li>\n<li>Spin: 96<\/li>\n<li>USAPA Approved: Yes<\/li>\n<li>Average Weight: 7.8oz<\/li>\n<li>Paddle Length: 16.5in<\/li>\n<li>Paddle Width: 7.5in<\/li>\n<li>Grip Type: Gray Feel-Tec Pure<\/li>\n<li>Grip Length: 5.5in<\/li>\n<li>Grip Circumference*: 4.125in<\/li>\n<\/ul><\/div>\n<\/p><\/div>","protected":false},"excerpt":{"rendered":"<ul class=\"list-unstyled params\">\n<li class=\"btt\">Th\u00f4ng tin s\u1ea3n ph\u1ea9m:<\/li>\n<li class=\"dyn\">\n                                            <span class=\"n\">Th\u01b0\u01a1ng hi\u1ec7u:<\/span><br \/>\n\t\t\t\t\t\t\t\t\t\t\t<span class=\"v\"><b>Joola<\/b><\/span>\n                                        <\/li>\n<li class=\"dyn\">\n                                            <span class=\"n\">Number order:<\/span><br \/>\n\t\t\t\t\t\t\t\t\t\t\t<span class=\"v\">17001<\/span>\n                                        <\/li>\n<li class=\"dyn\">\n                                            <span class=\"n\">Nh\u00e0 cung c\u1ea5p:<\/span><br \/>\n                                            \t\t\t\t\t\t\t\t\t\t\t<span class=\"v\"><b>pickle-ball.vn<\/b> &#8211; \u0110\u1ea1i l\u00fd \u1ee7y quy\u1ec1n Joola \u00ae<\/span>\n\t\t\t\t\t\t\t\t\t\t\t                                        <\/li>\n<li class=\"dyn\">\n                                            <span class=\"n\">Lo\u1ea1i s\u1ea3n ph\u1ea9m:<\/span><br \/>\n                                            <span class=\"v\">V\u1ee3t th\u1ee7<\/span>\n                                        <\/li>\n<li class=\"dyn\">\n                                            <span class=\"n\">Ch\u1ea5t li\u1ec7u:<\/span><br \/>\n                                            <span class=\"v\">Carbon Friction<\/span>\n                                        <\/li>\n<li class=\"separator\">\n                                        <\/li>\n<li>\n                                            <span class=\"n\">Tr\u1ea1ng th\u00e1i:<\/span><br \/>\n                                            <span class=\"v\" style=\"font-weight:700;color: #d7000e\">T\u1ea1m h\u1ebft h\u00e0ng<\/span>\n                                        <\/li>\n<li>\n                                            <span class=\"n\">\u0110\u1ed9 d\u00e0y:<\/span><br \/>\n                                            <span class=\"v\">14 mm<\/span>\n                                        <\/li>\n<li>\n                                            <span class=\"n\">Tr\u1ecdng l\u01b0\u1ee3ng:<\/span><br \/>\n                                            <span class=\"v\">221g<\/span>\n                                        <\/li>\n<li>\n                                            <span class=\"n\">T\u00ecnh tr\u1ea1ng:<\/span><br \/>\n                                            <span class=\"v\">M\u1edbi 100%<\/span>\n                                        <\/li>\n<li>\n                                            <span class=\"n\">B\u1ea3o h\u00e0nh:<\/span><br \/>\n                                            <span class=\"v\">Ch\u00ednh h\u00e3ng<\/span>\n                                        <\/li>\n<li>\n<p>                                            <span class=\"n\">Giao h\u00e0ng:<\/span><br \/>\n                                            <span class=\"v\">To\u00e0n qu\u1ed1c<\/span>\n                                        <\/li>\n<\/ul>","protected":false},"featured_media":15052,"comment_status":"closed","ping_status":"closed","template":"","meta":[],"pwb-brand":[3245],"product_cat":[2836],"product_tag":[3421,3423,3422,3424,3277,3417],"class_list":{"0":"post-15051","1":"product","2":"type-product","3":"status-publish","4":"has-post-thumbnail","6":"pwb-brand-joola","7":"product_cat-vot-pickleball","8":"product_tag-joola-simone-jardim","9":"product_tag-joola-simone-jardim-hyperion-c2","10":"product_tag-simone-jardim-hyperion-c2","11":"product_tag-simone-jardim-hyperion-c2-14","12":"product_tag-vot-joola","13":"product_tag-vot-pickleball","15":"first","16":"instock","17":"sale","18":"shipping-taxable","19":"purchasable","20":"product-type-simple"},"yoast_head":"<!-- This site is optimized with the Yoast SEO plugin v22.9 - https:\/\/yoast.com\/wordpress\/plugins\/seo\/ -->\n<title>V\u1ee3t PickleballJoola Simone Jardim Hyperion C2 CFS 14 - PickleBall Vi\u1ec7t Nam<\/title>\n<meta name=\"robots\" content=\"index, follow, max-snippet:-1, max-image-preview:large, max-video-preview:-1\" \/>\n<link rel=\"canonical\" href=\"https:\/\/pickle-ball.vn\/en\/-product-\/vot-pickleball\/vot-pickleball-joola-simone-jardim-hyperion-c2-cfs-14\/\" \/>\n<meta name=\"twitter:label1\" content=\"Est. reading time\" \/>\n\t<meta name=\"twitter:data1\" content=\"1 minute\" \/>\n<script type=\"application\/ld+json\" class=\"yoast-schema-graph\">{\"@context\":\"https:\/\/schema.org\",\"@graph\":[{\"@type\":\"WebPage\",\"@id\":\"https:\/\/pickle-ball.vn\/vi\/-product-\/vot-pickleball\/vot-pickleball-joola-simone-jardim-hyperion-c2-cfs-14\/\",\"url\":\"https:\/\/pickle-ball.vn\/vi\/-product-\/vot-pickleball\/vot-pickleball-joola-simone-jardim-hyperion-c2-cfs-14\/\",\"name\":\"V\u1ee3t PickleballJoola Simone Jardim Hyperion C2 CFS 14 - PickleBall Vi\u1ec7t Nam\",\"isPartOf\":{\"@id\":\"https:\/\/pickle-ball.vn\/ja\/#website\"},\"primaryImageOfPage\":{\"@id\":\"https:\/\/pickle-ball.vn\/vi\/-product-\/vot-pickleball\/vot-pickleball-joola-simone-jardim-hyperion-c2-cfs-14\/#primaryimage\"},\"image\":{\"@id\":\"https:\/\/pickle-ball.vn\/vi\/-product-\/vot-pickleball\/vot-pickleball-joola-simone-jardim-hyperion-c2-cfs-14\/#primaryimage\"},\"thumbnailUrl\":\"https:\/\/pickle-ball.vn\/wp-content\/uploads\/2024\/11\/simone-jardim-hyperion-c2-cfs-14-17001_720x720xcrop.webp\",\"datePublished\":\"2024-11-04T07:35:42+00:00\",\"dateModified\":\"2024-11-04T07:35:44+00:00\",\"breadcrumb\":{\"@id\":\"https:\/\/pickle-ball.vn\/vi\/-product-\/vot-pickleball\/vot-pickleball-joola-simone-jardim-hyperion-c2-cfs-14\/#breadcrumb\"},\"inLanguage\":\"en-US\",\"potentialAction\":[{\"@type\":\"ReadAction\",\"target\":[\"https:\/\/pickle-ball.vn\/vi\/-product-\/vot-pickleball\/vot-pickleball-joola-simone-jardim-hyperion-c2-cfs-14\/\"]}]},{\"@type\":\"ImageObject\",\"inLanguage\":\"en-US\",\"@id\":\"https:\/\/pickle-ball.vn\/vi\/-product-\/vot-pickleball\/vot-pickleball-joola-simone-jardim-hyperion-c2-cfs-14\/#primaryimage\",\"url\":\"https:\/\/pickle-ball.vn\/wp-content\/uploads\/2024\/11\/simone-jardim-hyperion-c2-cfs-14-17001_720x720xcrop.webp\",\"contentUrl\":\"https:\/\/pickle-ball.vn\/wp-content\/uploads\/2024\/11\/simone-jardim-hyperion-c2-cfs-14-17001_720x720xcrop.webp\",\"width\":720,\"height\":720,\"caption\":\"Simone Jardim Hyperion C2 CFS 14\"},{\"@type\":\"BreadcrumbList\",\"@id\":\"https:\/\/pickle-ball.vn\/vi\/-product-\/vot-pickleball\/vot-pickleball-joola-simone-jardim-hyperion-c2-cfs-14\/#breadcrumb\",\"itemListElement\":[{\"@type\":\"ListItem\",\"position\":1,\"name\":\"Home\",\"item\":\"https:\/\/pickle-ball.vn\/ja\/\"},{\"@type\":\"ListItem\",\"position\":2,\"name\":\"Shop\",\"item\":\"https:\/\/pickle-ball.vn\/vi\/shop\/\"},{\"@type\":\"ListItem\",\"position\":3,\"name\":\"V\u1ee3t PickleballJoola Simone Jardim Hyperion C2 CFS 14\"}]},{\"@type\":\"WebSite\",\"@id\":\"https:\/\/pickle-ball.vn\/ja\/#website\",\"url\":\"https:\/\/pickle-ball.vn\/ja\/\",\"name\":\"Jabra\",\"description\":\"\",\"publisher\":{\"@id\":\"https:\/\/pickle-ball.vn\/ja\/#organization\"},\"potentialAction\":[{\"@type\":\"SearchAction\",\"target\":{\"@type\":\"EntryPoint\",\"urlTemplate\":\"https:\/\/pickle-ball.vn\/ja\/?s={search_term_string}\"},\"query-input\":\"required name=search_term_string\"}],\"inLanguage\":\"en-US\"},{\"@type\":\"Organization\",\"@id\":\"https:\/\/pickle-ball.vn\/ja\/#organization\",\"name\":\"Jabra\",\"url\":\"https:\/\/pickle-ball.vn\/ja\/\",\"logo\":{\"@type\":\"ImageObject\",\"inLanguage\":\"en-US\",\"@id\":\"https:\/\/pickle-ball.vn\/ja\/#\/schema\/logo\/image\/\",\"url\":\"\",\"contentUrl\":\"\",\"caption\":\"Jabra\"},\"image\":{\"@id\":\"https:\/\/pickle-ball.vn\/ja\/#\/schema\/logo\/image\/\"}}]}<\/script>\n<!-- \/ Yoast SEO plugin. -->","yoast_head_json":{"title":"V\u1ee3t PickleballJoola Simone Jardim Hyperion C2 CFS 14 - PickleBall Vi\u1ec7t Nam","robots":{"index":"index","follow":"follow","max-snippet":"max-snippet:-1","max-image-preview":"max-image-preview:large","max-video-preview":"max-video-preview:-1"},"canonical":"https:\/\/pickle-ball.vn\/en\/-product-\/vot-pickleball\/vot-pickleball-joola-simone-jardim-hyperion-c2-cfs-14\/","twitter_misc":{"Est. reading time":"1 minute"},"schema":{"@context":"https:\/\/schema.org","@graph":[{"@type":"WebPage","@id":"https:\/\/pickle-ball.vn\/vi\/-product-\/vot-pickleball\/vot-pickleball-joola-simone-jardim-hyperion-c2-cfs-14\/","url":"https:\/\/pickle-ball.vn\/vi\/-product-\/vot-pickleball\/vot-pickleball-joola-simone-jardim-hyperion-c2-cfs-14\/","name":"V\u1ee3t PickleballJoola Simone Jardim Hyperion C2 CFS 14 - PickleBall Vi\u1ec7t Nam","isPartOf":{"@id":"https:\/\/pickle-ball.vn\/ja\/#website"},"primaryImageOfPage":{"@id":"https:\/\/pickle-ball.vn\/vi\/-product-\/vot-pickleball\/vot-pickleball-joola-simone-jardim-hyperion-c2-cfs-14\/#primaryimage"},"image":{"@id":"https:\/\/pickle-ball.vn\/vi\/-product-\/vot-pickleball\/vot-pickleball-joola-simone-jardim-hyperion-c2-cfs-14\/#primaryimage"},"thumbnailUrl":"https:\/\/pickle-ball.vn\/wp-content\/uploads\/2024\/11\/simone-jardim-hyperion-c2-cfs-14-17001_720x720xcrop.webp","datePublished":"2024-11-04T07:35:42+00:00","dateModified":"2024-11-04T07:35:44+00:00","breadcrumb":{"@id":"https:\/\/pickle-ball.vn\/vi\/-product-\/vot-pickleball\/vot-pickleball-joola-simone-jardim-hyperion-c2-cfs-14\/#breadcrumb"},"inLanguage":"en-US","potentialAction":[{"@type":"ReadAction","target":["https:\/\/pickle-ball.vn\/vi\/-product-\/vot-pickleball\/vot-pickleball-joola-simone-jardim-hyperion-c2-cfs-14\/"]}]},{"@type":"ImageObject","inLanguage":"en-US","@id":"https:\/\/pickle-ball.vn\/vi\/-product-\/vot-pickleball\/vot-pickleball-joola-simone-jardim-hyperion-c2-cfs-14\/#primaryimage","url":"https:\/\/pickle-ball.vn\/wp-content\/uploads\/2024\/11\/simone-jardim-hyperion-c2-cfs-14-17001_720x720xcrop.webp","contentUrl":"https:\/\/pickle-ball.vn\/wp-content\/uploads\/2024\/11\/simone-jardim-hyperion-c2-cfs-14-17001_720x720xcrop.webp","width":720,"height":720,"caption":"Simone Jardim Hyperion C2 CFS 14"},{"@type":"BreadcrumbList","@id":"https:\/\/pickle-ball.vn\/vi\/-product-\/vot-pickleball\/vot-pickleball-joola-simone-jardim-hyperion-c2-cfs-14\/#breadcrumb","itemListElement":[{"@type":"ListItem","position":1,"name":"Home","item":"https:\/\/pickle-ball.vn\/ja\/"},{"@type":"ListItem","position":2,"name":"Shop","item":"https:\/\/pickle-ball.vn\/vi\/shop\/"},{"@type":"ListItem","position":3,"name":"V\u1ee3t PickleballJoola Simone Jardim Hyperion C2 CFS 14"}]},{"@type":"WebSite","@id":"https:\/\/pickle-ball.vn\/ja\/#website","url":"https:\/\/pickle-ball.vn\/ja\/","name":"Jabra","description":"","publisher":{"@id":"https:\/\/pickle-ball.vn\/ja\/#organization"},"potentialAction":[{"@type":"SearchAction","target":{"@type":"EntryPoint","urlTemplate":"https:\/\/pickle-ball.vn\/ja\/?s={search_term_string}"},"query-input":"required name=search_term_string"}],"inLanguage":"en-US"},{"@type":"Organization","@id":"https:\/\/pickle-ball.vn\/ja\/#organization","name":"Jabra","url":"https:\/\/pickle-ball.vn\/ja\/","logo":{"@type":"ImageObject","inLanguage":"en-US","@id":"https:\/\/pickle-ball.vn\/ja\/#\/schema\/logo\/image\/","url":"","contentUrl":"","caption":"Jabra"},"image":{"@id":"https:\/\/pickle-ball.vn\/ja\/#\/schema\/logo\/image\/"}}]}},"brands":[{"id":3245,"name":"Joola","slug":"joola"}],"_links":{"self":[{"href":"https:\/\/pickle-ball.vn\/en\/wp-json\/wp\/v2\/product\/15051","targetHints":{"allow":["GET"]}}],"collection":[{"href":"https:\/\/pickle-ball.vn\/en\/wp-json\/wp\/v2\/product"}],"about":[{"href":"https:\/\/pickle-ball.vn\/en\/wp-json\/wp\/v2\/types\/product"}],"replies":[{"embeddable":true,"href":"https:\/\/pickle-ball.vn\/en\/wp-json\/wp\/v2\/comments?post=15051"}],"wp:featuredmedia":[{"embeddable":true,"href":"https:\/\/pickle-ball.vn\/en\/wp-json\/wp\/v2\/media\/15052"}],"wp:attachment":[{"href":"https:\/\/pickle-ball.vn\/en\/wp-json\/wp\/v2\/media?parent=15051"}],"wp:term":[{"taxonomy":"pwb-brand","embeddable":true,"href":"https:\/\/pickle-ball.vn\/en\/wp-json\/wp\/v2\/pwb-brand?post=15051"},{"taxonomy":"product_cat","embeddable":true,"href":"https:\/\/pickle-ball.vn\/en\/wp-json\/wp\/v2\/product_cat?post=15051"},{"taxonomy":"product_tag","embeddable":true,"href":"https:\/\/pickle-ball.vn\/en\/wp-json\/wp\/v2\/product_tag?post=15051"}],"curies":[{"name":"wp","href":"https:\/\/api.w.org\/{rel}","templated":true}]}}