{"id":15068,"date":"2024-11-04T14:45:40","date_gmt":"2024-11-04T07:45:40","guid":{"rendered":"http:\/\/pickle-ball.vn\/-product-\/uncategorized\/vot-pickleball-vot-joola-britto-squeaki\/"},"modified":"2024-11-04T14:45:43","modified_gmt":"2024-11-04T07:45:43","slug":"vot-pickleball-vot-joola-britto-squeaki","status":"publish","type":"product","link":"https:\/\/pickle-ball.vn\/en\/-product-\/vot-pickleball\/vot-pickleball-vot-joola-britto-squeaki\/","title":{"rendered":"V\u1ee3t PickleballV\u1ee3t Joola Britto Squeaki"},"content":{"rendered":"<div role=\"tabpanel\" class=\"tab-pane active\" id=\"tab-product-info\">\n<div class=\"vh-content\">\n<h2><strong>V\u1ee3t Pickleball Joola Britto Squeaki ch\u00ednh h\u00e3ng, gi\u00e1 t\u1ed1t<\/strong><\/h2>\n<p><strong>Joola Britto Squeaki<\/strong> l\u00e0 th\u00e0nh qu\u1ea3 c\u1ee7a s\u1ef1 h\u1ee3p t\u00e1c gi\u1eefa JOOLA v\u00e0 ngh\u1ec7 s\u0129 ng\u01b0\u1eddi Brazil Romero Britto mang t\u00ednh ngh\u1ec7 thu\u1eadt v\u00e0 h\u00ecnh \u1ea3nh vui v\u1ebb, t\u00edch c\u1ef1c. <strong>V\u1ee3t Pickleball Britto<\/strong> th\u1ec3 hi\u1ec7n \u00fd ni\u1ec7m v\u1ec1 ni\u1ec1m vui v\u00e0 ni\u1ec1m vui, th\u1ec3 hi\u1ec7n tinh th\u1ea7n bao tr\u00f9m m\u00f4n th\u1ec3 thao n\u00e0y. V\u1edbi nh\u1eefng t\u00e1c ph\u1ea9m n\u00e0y, Britto t\u00ecm ra c\u00e1ch \u0111\u1ec3 m\u1ecdi ng\u01b0\u1eddi th\u01b0\u1edfng th\u1ee9c ngh\u1ec7 thu\u1eadt c\u1ee7a anh \u1ea5y theo c\u00e1ch ri\u00eang c\u1ee7a h\u1ecd v\u1ec1 th\u1ec3 ch\u1ea5t v\u00e0 tr\u1ea3i nghi\u1ec7m.<\/p>\n<p style=\"text-align:center\"><img decoding=\"async\" alt=\"V\u1ee3t Pickleball Joola Britto Squeaki ch\u00ednh h\u00e3ng\" class=\"lazy\" src=\"http:\/\/pickle-ball.vn\/wp-content\/uploads\/2024\/11\/joola-britto-squeaki.webp\" style=\"height:921px;width:504px\" title=\"joola-britto-squeaki\"><\/p>\n<p style=\"text-align:center\"><em>H\u00ecnh \u1ea3nh: <strong>V\u1ee3t Pickleball Joola Britto Squeaki ch\u00ednh h\u00e3ng t\u1ea1i Pickleball Vi\u1ec7t Nam<\/strong><\/em><\/p>\n<p>V\u1ee3t Pickleball Joola Britto Squeaki \u0111\u1ed9c \u0111\u00e1o v\u1edbi b\u1ec1 m\u1eb7t l\u00e0 s\u1ee3i th\u1ee7y tinh m\u1ec1m m\u1ea1i, v\u00e0 ph\u1ea7n l\u00f5i Polypropylene Honeycomb Response cung c\u1ea5p \u0111\u1ed9 b\u1ec1n v\u00e0 hi\u1ec7u su\u1ea5t cao. V\u1ee3t Pickleball Joola Britto Squeaki ch\u00ednh h\u00e3ng, Tr\u1ecdng l\u01b0\u1ee3ng trung b\u00ecnh 7,8oz, Chi\u1ec1u d\u00e0i v\u1ee3t 15,8in, Chi\u1ec1u r\u1ed9ng v\u1ee3t 7,8in, Lo\u1ea1i tay c\u1ea7m Feel-Tec Pure, Chi\u1ec1u d\u00e0i tay c\u1ea7m 5in.<\/p>\n<p style=\"text-align:center\"><img decoding=\"async\" alt=\"Joola Britto Squeaki ch\u00ednh h\u00e3ng\" class=\"lazy\" src=\"http:\/\/pickle-ball.vn\/wp-content\/uploads\/2024\/11\/joola-britto-squeaki-3.webp\" style=\"height:776px;width:708px\" title=\"joola-britto-squeaki-3\"><\/p>\n<p style=\"text-align:center\">V\u1ee3t Pickleball Joola Britto Squeaki ch\u00ednh h\u00e3ng<\/p>\n<h3><strong>Joola Britto Squeaki nh\u1eefng th\u00f4ng s\u1ed1 k\u1ef9 thu\u1eadt ch\u00ednh<\/strong><\/h3>\n<table>\n<tbody>\n<tr>\n<td>T\u00ean s\u1ea3n ph\u1ea9m<\/td>\n<td><strong>V\u1ee3t Pickleball Joola Britto Squeaki<\/strong><\/td>\n<\/tr>\n<tr>\n<td>M\u00e3 s\u1ea3n ph\u1ea9m<\/td>\n<td>18346<\/td>\n<\/tr>\n<tr>\n<td>Th\u01b0\u01a1ng hi\u1ec7u<\/td>\n<td><strong>V\u1ee3t Pickleball JOOLA<\/strong><\/td>\n<\/tr>\n<tr>\n<td>C\u1ed1t l\u00f5i<\/td>\n<td>\u1ed5 ong ph\u1ea3n h\u1ed3i<\/td>\n<\/tr>\n<tr>\n<td>L\u00f5i (mm)<\/td>\n<td>10<\/td>\n<\/tr>\n<tr>\n<td>Ki\u1ec3m so\u00e1t<\/td>\n<td>90<\/td>\n<\/tr>\n<tr>\n<td>S\u1ee9c m\u1ea1nh<\/td>\n<td>87<\/td>\n<\/tr>\n<tr>\n<td>Quay<\/td>\n<td>85<\/td>\n<\/tr>\n<tr>\n<td>\u0110\u01b0\u1ee3c USAPA ph\u00ea duy\u1ec7t<\/td>\n<td>C\u00f3<\/td>\n<\/tr>\n<tr>\n<td>Tr\u1ecdng l\u01b0\u1ee3ng trung b\u00ecnh<\/td>\n<td>7,8oz<\/td>\n<\/tr>\n<tr>\n<td>Chi\u1ec1u d\u00e0i v\u1ee3t<\/td>\n<td>15,8in<\/td>\n<\/tr>\n<tr>\n<td>Chi\u1ec1u r\u1ed9ng v\u1ee3t<\/td>\n<td>7,8in<\/td>\n<\/tr>\n<tr>\n<td>Lo\u1ea1i tay c\u1ea7m<\/td>\n<td>Feel-Tec Pure<\/td>\n<\/tr>\n<tr>\n<td>Chi\u1ec1u d\u00e0i tay c\u1ea7m<\/td>\n<td>5in<\/td>\n<\/tr>\n<tr>\n<td>Chu vi tay c\u1ea7m<\/td>\n<td>4in<\/td>\n<\/tr>\n<tr>\n<td>\u0110\u01a1n v\u1ecb ph\u00e2n ph\u1ed1i<\/td>\n<td>Pickleball Vi\u1ec7t Nam<\/td>\n<\/tr>\n<\/tbody>\n<\/table>\n<p>V\u1ee3t Pickleball Joola Britto Squeaki ch\u00ednh h\u00e3ng hi\u1ec7n \u0111ang \u0111\u01b0\u1ee3c ph\u00e2n ph\u1ed1i b\u1edfi Pickleball Vi\u1ec7t Nam. H\u00e3y li\u00ean h\u1ec7 v\u1edbi ch\u00fang t\u00f4i 0.87654321.9 \u0111\u1ec3 \u0111\u01b0\u1ee3c t\u01b0 v\u1ea5n, h\u1ed7 tr\u1ee3 b\u00e1o gi\u00e1 nhanh v\u00e0 t\u1ed1t nh\u1ea5t.<\/p>\n<\/p><\/div>\n<\/p><\/div>","protected":false},"excerpt":{"rendered":"<ul class=\"list-unstyled params\">\n<li class=\"btt\">Th\u00f4ng tin s\u1ea3n ph\u1ea9m:<\/li>\n<li class=\"dyn\">\n                                            <span class=\"n\">Th\u01b0\u01a1ng hi\u1ec7u:<\/span><br \/>\n\t\t\t\t\t\t\t\t\t\t\t<span class=\"v\"><b>JOOLA<\/b><\/span>\n                                        <\/li>\n<li class=\"dyn\">\n                                            <span class=\"n\">Number order:<\/span><br \/>\n\t\t\t\t\t\t\t\t\t\t\t<span class=\"v\">18346<\/span>\n                                        <\/li>\n<li class=\"dyn\">\n                                            <span class=\"n\">Nh\u00e0 cung c\u1ea5p:<\/span><br \/>\n                                            \t\t\t\t\t\t\t\t\t\t\t<span class=\"v\"><b>pickle-ball.vn<\/b> &#8211; \u0110\u1ea1i l\u00fd \u1ee7y quy\u1ec1n Joola \u00ae<\/span>\n\t\t\t\t\t\t\t\t\t\t\t                                        <\/li>\n<li class=\"separator\">\n                                        <\/li>\n<li>\n                                            <span class=\"n\">Tr\u1ea1ng th\u00e1i:<\/span><br \/>\n                                            <span class=\"v\" style=\"font-weight:700;color: #d7000e\">T\u1ea1m h\u1ebft h\u00e0ng<\/span>\n                                        <\/li>\n<li>\n                                            <span class=\"n\">\u0110\u1ed9 d\u00e0y:<\/span><br \/>\n                                            <span class=\"v\">10mm<\/span>\n                                        <\/li>\n<li>\n                                            <span class=\"n\">Tr\u1ecdng l\u01b0\u1ee3ng:<\/span><br \/>\n                                            <span class=\"v\">221g<\/span>\n                                        <\/li>\n<li>\n                                            <span class=\"n\">T\u00ecnh tr\u1ea1ng:<\/span><br \/>\n                                            <span class=\"v\">M\u1edbi 100%<\/span>\n                                        <\/li>\n<li>\n                                            <span class=\"n\">B\u1ea3o h\u00e0nh:<\/span><br \/>\n                                            <span class=\"v\">Ch\u00ednh h\u00e3ng<\/span>\n                                        <\/li>\n<li>\n<p>                                            <span class=\"n\">Giao h\u00e0ng:<\/span><br \/>\n                                            <span class=\"v\">To\u00e0n qu\u1ed1c<\/span>\n                                        <\/li>\n<\/ul>","protected":false},"featured_media":15069,"comment_status":"closed","ping_status":"closed","template":"","meta":[],"pwb-brand":[3245],"product_cat":[2836],"product_tag":[3440,3438,25,3437,55,3277,3417,3436],"class_list":{"0":"post-15068","1":"product","2":"type-product","3":"status-publish","4":"has-post-thumbnail","6":"pwb-brand-joola","7":"product_cat-vot-pickleball","8":"product_tag-joola-britto","9":"product_tag-joola-britto-squeaki","10":"product_tag-man","11":"product_tag-pickleball-joola-britto-squeaki","12":"product_tag-run","13":"product_tag-vot-joola","14":"product_tag-vot-pickleball","15":"product_tag-vot-pickleball-joola-britto-squeaki","17":"first","18":"instock","19":"shipping-taxable","20":"product-type-simple"},"yoast_head":"<!-- This site is optimized with the Yoast SEO plugin v22.9 - https:\/\/yoast.com\/wordpress\/plugins\/seo\/ -->\n<title>V\u1ee3t PickleballV\u1ee3t Joola Britto Squeaki - PickleBall Vi\u1ec7t Nam<\/title>\n<meta name=\"robots\" content=\"index, follow, max-snippet:-1, max-image-preview:large, max-video-preview:-1\" \/>\n<link rel=\"canonical\" href=\"https:\/\/pickle-ball.vn\/en\/-product-\/vot-pickleball\/vot-pickleball-vot-joola-britto-squeaki\/\" \/>\n<meta name=\"twitter:label1\" content=\"Est. reading time\" \/>\n\t<meta name=\"twitter:data1\" content=\"2 minutes\" \/>\n<script type=\"application\/ld+json\" class=\"yoast-schema-graph\">{\"@context\":\"https:\/\/schema.org\",\"@graph\":[{\"@type\":\"WebPage\",\"@id\":\"https:\/\/pickle-ball.vn\/de\/-product-\/vot-pickleball\/vot-pickleball-vot-joola-britto-squeaki\/\",\"url\":\"https:\/\/pickle-ball.vn\/de\/-product-\/vot-pickleball\/vot-pickleball-vot-joola-britto-squeaki\/\",\"name\":\"V\u1ee3t PickleballV\u1ee3t Joola Britto Squeaki - PickleBall Vi\u1ec7t Nam\",\"isPartOf\":{\"@id\":\"https:\/\/pickle-ball.vn\/ja\/#website\"},\"primaryImageOfPage\":{\"@id\":\"https:\/\/pickle-ball.vn\/de\/-product-\/vot-pickleball\/vot-pickleball-vot-joola-britto-squeaki\/#primaryimage\"},\"image\":{\"@id\":\"https:\/\/pickle-ball.vn\/de\/-product-\/vot-pickleball\/vot-pickleball-vot-joola-britto-squeaki\/#primaryimage\"},\"thumbnailUrl\":\"https:\/\/pickle-ball.vn\/wp-content\/uploads\/2024\/11\/joola-britto-squeaki_720x720xcrop.webp\",\"datePublished\":\"2024-11-04T07:45:40+00:00\",\"dateModified\":\"2024-11-04T07:45:43+00:00\",\"breadcrumb\":{\"@id\":\"https:\/\/pickle-ball.vn\/de\/-product-\/vot-pickleball\/vot-pickleball-vot-joola-britto-squeaki\/#breadcrumb\"},\"inLanguage\":\"en-US\",\"potentialAction\":[{\"@type\":\"ReadAction\",\"target\":[\"https:\/\/pickle-ball.vn\/de\/-product-\/vot-pickleball\/vot-pickleball-vot-joola-britto-squeaki\/\"]}]},{\"@type\":\"ImageObject\",\"inLanguage\":\"en-US\",\"@id\":\"https:\/\/pickle-ball.vn\/de\/-product-\/vot-pickleball\/vot-pickleball-vot-joola-britto-squeaki\/#primaryimage\",\"url\":\"https:\/\/pickle-ball.vn\/wp-content\/uploads\/2024\/11\/joola-britto-squeaki_720x720xcrop.webp\",\"contentUrl\":\"https:\/\/pickle-ball.vn\/wp-content\/uploads\/2024\/11\/joola-britto-squeaki_720x720xcrop.webp\",\"width\":720,\"height\":720,\"caption\":\"Pickleball Joola Britto Squeaki\"},{\"@type\":\"BreadcrumbList\",\"@id\":\"https:\/\/pickle-ball.vn\/de\/-product-\/vot-pickleball\/vot-pickleball-vot-joola-britto-squeaki\/#breadcrumb\",\"itemListElement\":[{\"@type\":\"ListItem\",\"position\":1,\"name\":\"Home\",\"item\":\"https:\/\/pickle-ball.vn\/ja\/\"},{\"@type\":\"ListItem\",\"position\":2,\"name\":\"Shop\",\"item\":\"https:\/\/pickle-ball.vn\/vi\/shop\/\"},{\"@type\":\"ListItem\",\"position\":3,\"name\":\"V\u1ee3t PickleballV\u1ee3t Joola Britto Squeaki\"}]},{\"@type\":\"WebSite\",\"@id\":\"https:\/\/pickle-ball.vn\/ja\/#website\",\"url\":\"https:\/\/pickle-ball.vn\/ja\/\",\"name\":\"Jabra\",\"description\":\"\",\"publisher\":{\"@id\":\"https:\/\/pickle-ball.vn\/ja\/#organization\"},\"potentialAction\":[{\"@type\":\"SearchAction\",\"target\":{\"@type\":\"EntryPoint\",\"urlTemplate\":\"https:\/\/pickle-ball.vn\/ja\/?s={search_term_string}\"},\"query-input\":\"required name=search_term_string\"}],\"inLanguage\":\"en-US\"},{\"@type\":\"Organization\",\"@id\":\"https:\/\/pickle-ball.vn\/ja\/#organization\",\"name\":\"Jabra\",\"url\":\"https:\/\/pickle-ball.vn\/ja\/\",\"logo\":{\"@type\":\"ImageObject\",\"inLanguage\":\"en-US\",\"@id\":\"https:\/\/pickle-ball.vn\/ja\/#\/schema\/logo\/image\/\",\"url\":\"\",\"contentUrl\":\"\",\"caption\":\"Jabra\"},\"image\":{\"@id\":\"https:\/\/pickle-ball.vn\/ja\/#\/schema\/logo\/image\/\"}}]}<\/script>\n<!-- \/ Yoast SEO plugin. -->","yoast_head_json":{"title":"V\u1ee3t PickleballV\u1ee3t Joola Britto Squeaki - PickleBall Vi\u1ec7t Nam","robots":{"index":"index","follow":"follow","max-snippet":"max-snippet:-1","max-image-preview":"max-image-preview:large","max-video-preview":"max-video-preview:-1"},"canonical":"https:\/\/pickle-ball.vn\/en\/-product-\/vot-pickleball\/vot-pickleball-vot-joola-britto-squeaki\/","twitter_misc":{"Est. reading time":"2 minutes"},"schema":{"@context":"https:\/\/schema.org","@graph":[{"@type":"WebPage","@id":"https:\/\/pickle-ball.vn\/de\/-product-\/vot-pickleball\/vot-pickleball-vot-joola-britto-squeaki\/","url":"https:\/\/pickle-ball.vn\/de\/-product-\/vot-pickleball\/vot-pickleball-vot-joola-britto-squeaki\/","name":"V\u1ee3t PickleballV\u1ee3t Joola Britto Squeaki - PickleBall Vi\u1ec7t Nam","isPartOf":{"@id":"https:\/\/pickle-ball.vn\/ja\/#website"},"primaryImageOfPage":{"@id":"https:\/\/pickle-ball.vn\/de\/-product-\/vot-pickleball\/vot-pickleball-vot-joola-britto-squeaki\/#primaryimage"},"image":{"@id":"https:\/\/pickle-ball.vn\/de\/-product-\/vot-pickleball\/vot-pickleball-vot-joola-britto-squeaki\/#primaryimage"},"thumbnailUrl":"https:\/\/pickle-ball.vn\/wp-content\/uploads\/2024\/11\/joola-britto-squeaki_720x720xcrop.webp","datePublished":"2024-11-04T07:45:40+00:00","dateModified":"2024-11-04T07:45:43+00:00","breadcrumb":{"@id":"https:\/\/pickle-ball.vn\/de\/-product-\/vot-pickleball\/vot-pickleball-vot-joola-britto-squeaki\/#breadcrumb"},"inLanguage":"en-US","potentialAction":[{"@type":"ReadAction","target":["https:\/\/pickle-ball.vn\/de\/-product-\/vot-pickleball\/vot-pickleball-vot-joola-britto-squeaki\/"]}]},{"@type":"ImageObject","inLanguage":"en-US","@id":"https:\/\/pickle-ball.vn\/de\/-product-\/vot-pickleball\/vot-pickleball-vot-joola-britto-squeaki\/#primaryimage","url":"https:\/\/pickle-ball.vn\/wp-content\/uploads\/2024\/11\/joola-britto-squeaki_720x720xcrop.webp","contentUrl":"https:\/\/pickle-ball.vn\/wp-content\/uploads\/2024\/11\/joola-britto-squeaki_720x720xcrop.webp","width":720,"height":720,"caption":"Pickleball Joola Britto Squeaki"},{"@type":"BreadcrumbList","@id":"https:\/\/pickle-ball.vn\/de\/-product-\/vot-pickleball\/vot-pickleball-vot-joola-britto-squeaki\/#breadcrumb","itemListElement":[{"@type":"ListItem","position":1,"name":"Home","item":"https:\/\/pickle-ball.vn\/ja\/"},{"@type":"ListItem","position":2,"name":"Shop","item":"https:\/\/pickle-ball.vn\/vi\/shop\/"},{"@type":"ListItem","position":3,"name":"V\u1ee3t PickleballV\u1ee3t Joola Britto Squeaki"}]},{"@type":"WebSite","@id":"https:\/\/pickle-ball.vn\/ja\/#website","url":"https:\/\/pickle-ball.vn\/ja\/","name":"Jabra","description":"","publisher":{"@id":"https:\/\/pickle-ball.vn\/ja\/#organization"},"potentialAction":[{"@type":"SearchAction","target":{"@type":"EntryPoint","urlTemplate":"https:\/\/pickle-ball.vn\/ja\/?s={search_term_string}"},"query-input":"required name=search_term_string"}],"inLanguage":"en-US"},{"@type":"Organization","@id":"https:\/\/pickle-ball.vn\/ja\/#organization","name":"Jabra","url":"https:\/\/pickle-ball.vn\/ja\/","logo":{"@type":"ImageObject","inLanguage":"en-US","@id":"https:\/\/pickle-ball.vn\/ja\/#\/schema\/logo\/image\/","url":"","contentUrl":"","caption":"Jabra"},"image":{"@id":"https:\/\/pickle-ball.vn\/ja\/#\/schema\/logo\/image\/"}}]}},"brands":[{"id":3245,"name":"Joola","slug":"joola"}],"_links":{"self":[{"href":"https:\/\/pickle-ball.vn\/en\/wp-json\/wp\/v2\/product\/15068","targetHints":{"allow":["GET"]}}],"collection":[{"href":"https:\/\/pickle-ball.vn\/en\/wp-json\/wp\/v2\/product"}],"about":[{"href":"https:\/\/pickle-ball.vn\/en\/wp-json\/wp\/v2\/types\/product"}],"replies":[{"embeddable":true,"href":"https:\/\/pickle-ball.vn\/en\/wp-json\/wp\/v2\/comments?post=15068"}],"wp:featuredmedia":[{"embeddable":true,"href":"https:\/\/pickle-ball.vn\/en\/wp-json\/wp\/v2\/media\/15069"}],"wp:attachment":[{"href":"https:\/\/pickle-ball.vn\/en\/wp-json\/wp\/v2\/media?parent=15068"}],"wp:term":[{"taxonomy":"pwb-brand","embeddable":true,"href":"https:\/\/pickle-ball.vn\/en\/wp-json\/wp\/v2\/pwb-brand?post=15068"},{"taxonomy":"product_cat","embeddable":true,"href":"https:\/\/pickle-ball.vn\/en\/wp-json\/wp\/v2\/product_cat?post=15068"},{"taxonomy":"product_tag","embeddable":true,"href":"https:\/\/pickle-ball.vn\/en\/wp-json\/wp\/v2\/product_tag?post=15068"}],"curies":[{"name":"wp","href":"https:\/\/api.w.org\/{rel}","templated":true}]}}