{"id":15109,"date":"2024-11-04T15:05:19","date_gmt":"2024-11-04T08:05:19","guid":{"rendered":"http:\/\/pickle-ball.vn\/-product-\/uncategorized\/vot-pickleball-joola-tyson-mcguffin-magnus-cas-14mm\/"},"modified":"2024-11-04T15:05:24","modified_gmt":"2024-11-04T08:05:24","slug":"vot-pickleball-joola-tyson-mcguffin-magnus-cas-14mm","status":"publish","type":"product","link":"https:\/\/pickle-ball.vn\/en\/-product-\/vot-pickleball\/vot-pickleball-joola-tyson-mcguffin-magnus-cas-14mm\/","title":{"rendered":"V\u1ee3t PickleballJoola Tyson McGuffin Magnus CAS 14mm"},"content":{"rendered":"<div role=\"tabpanel\" class=\"tab-pane active\" id=\"tab-product-info\">\n<div class=\"vh-content\">\n<h2><strong>Joola Tyson McGuffin Magnus Lion CAS 14mm ch\u00ednh h\u00e3ng Joola Vi\u1ec7t Nam<\/strong><\/h2>\n<p>\u0110\u01b0\u1ee3c trang tr\u00ed b\u1eb1ng h\u00ecnh \u1ea3nh s\u01b0 t\u1eed b\u1eaft m\u1eaft tr\u00ean m\u1eb7t v\u1ee3t, <strong>v\u1ee3t Pickleball JOOLA Magnus Lion CAS 14mm<\/strong> \u0111\u01b0\u1ee3c thi\u1ebft k\u1ebf \u0111\u1ec3 l\u00e0m n\u1ed5i b\u1eadt ti\u1ebfng g\u1ea7m \u0111\u1eb7c tr\u01b0ng c\u1ee7a ng\u01b0\u1eddi \u0111\u00e0n \u00f4ng ch\u01a1i pickleball \u0111\u1ea7y ph\u1ea5n kh\u00edch nh\u1ea5t Tyson McGuffin. \u0110\u01b0\u1ee3c thi\u1ebft k\u1ebf v\u1edbi thi\u1ebft k\u1ebf kh\u00f4ng c\u1ea1nh \u0111\u1ea7u ti\u00ean c\u1ee7a JOOLA, Tyson Magnus Lion s\u1eed d\u1ee5ng c\u1ea5u tr\u00fac s\u1ee3i carbon khung \u0111\u00f4i \u0111\u1ec3 t\u0103ng hi\u1ec7u su\u1ea5t v\u00e0 \u0111\u1ed9 \u1ed5n \u0111\u1ecbnh. Chi\u1ebfc v\u1ee3t n\u00e0y nh\u1eb9, cho ph\u00e9p vung nhanh h\u01a1n v\u00e0 c\u00f3 \u0111i\u1ec3m ng\u1ecdt l\u1edbn h\u01a1n s\u1ebd l\u00e0m n\u00ean \u0111i\u1ec1u k\u1ef3 di\u1ec7u cho \u0111\u1ed9 ch\u00ednh x\u00e1c c\u1ee7a c\u00fa \u0111\u00e1nh c\u1ee7a b\u1ea1n.<\/p>\n<p style=\"text-align:center\"><img decoding=\"async\" alt=\"Joola Tyson McGuffin Magnus Lion CAS 14mm\" class=\"lazy\" src=\"http:\/\/pickle-ball.vn\/wp-content\/uploads\/2024\/11\/joola-magnus-lion-cas-14mm-1.webp\" style=\"height:1110px;width:761px\" title=\"joola-magnus-lion-cas-14mm-1\"><\/p>\n<p>V\u1ee3t Magnus Lion \u0111i k\u00e8m v\u1edbi chip NFC t\u00edch h\u1ee3p m\u1edf kh\u00f3a b\u1ea3o h\u00e0nh m\u1edf r\u1ed9ng 12 th\u00e1ng th\u00f4ng qua quy tr\u00ecnh \u0111\u0103ng k\u00fd d\u1ec5 \u0111i\u1ec1u h\u01b0\u1edbng. Nh\u01b0 m\u1ed9t ph\u1ea7n th\u01b0\u1edfng, b\u1ea1n s\u1ebd nh\u1eadn \u0111\u01b0\u1ee3c m\u1ed9t th\u00e1ng mi\u1ec5n ph\u00ed truy c\u1eadp v\u00e0o n\u1ed9i dung \u0111\u1ed9c quy\u1ec1n tr\u00ean \u1ee8ng d\u1ee5ng JOOLA Connect.<\/p>\n<p style=\"text-align:center\"><img decoding=\"async\" alt=\"V\u1ee3t Joola Tyson McGuffin Magnus Lion CAS 14mm\" class=\"lazy\" src=\"http:\/\/pickle-ball.vn\/wp-content\/uploads\/2024\/11\/joola-magnus-lion-cas-14mm.webp\" style=\"height:571px;width:820px\" title=\"joola-magnus-lion-cas-14mm\"><\/p>\n<p style=\"text-align:center\"><img decoding=\"async\" alt=\"V\u1ee3t Joola Magnus Lion CAS 14mm\" class=\"lazy\" src=\"http:\/\/pickle-ball.vn\/wp-content\/uploads\/2024\/11\/joola-magnus-lion-cas-14mm-2.webp\" style=\"height:522px;width:820px\" title=\"joola-magnus-lion-cas-14mm-2\"><\/p>\n<p style=\"text-align:center\"><strong>V\u1ee3t Joola Magnus Lion CAS 14mm<\/strong><\/p>\n<h3><strong>B\u1ec0 M\u1eb6T M\u00c0I M\u00d2N CARBON<\/strong><\/h3>\n<p>C\u00f4ng ngh\u1ec7 CAS c\u1ee7a ch\u00fang t\u00f4i s\u1eed d\u1ee5ng quy tr\u00ecnh phun c\u00e1t m\u00e0i m\u00f2n nhi\u1ec1u b\u01b0\u1edbc, t\u1ea1o ra b\u1ec1 m\u1eb7t c\u00f3 k\u1ebft c\u1ea5u \u0111\u1ed9c \u0111\u00e1o \u0111\u1ec3 t\u0103ng \u0111\u1ed9 xo\u00e1y.<\/p>\n<h3><strong>CHIP NFC C\u00d3 TH\u1ec2 TRUY C\u1eacP<\/strong><\/h3>\n<p>M\u1edf kh\u00f3a tr\u1ea3i nghi\u1ec7m JOOLA v\u1edbi v\u1ee3t pickleball c\u00f3 chip NFC. Ch\u1ea1m \u0111i\u1ec7n tho\u1ea1i v\u00e0o tay c\u1ea7m \u0111\u1ec3 x\u00e1c th\u1ef1c v\u1ee3t c\u1ee7a b\u1ea1n v\u00e0 m\u1edf kh\u00f3a tr\u1ea3i nghi\u1ec7m s\u1ea3n ph\u1ea9m \u0111\u1ed9c quy\u1ec1n th\u00f4ng qua JOOLA Connect.<\/p>\n<h3><strong>H\u00ccNH D\u1ea0NG K\u00c9O D\u00c0I<\/strong><\/h3>\n<p>B\u1ec1 m\u1eb7t \u0111\u00e1nh b\u00f3ng d\u00e0i h\u01a1n k\u1ebft h\u1ee3p v\u1edbi tay c\u1ea7m ng\u1eafn h\u01a1n \u0111\u1ec3 t\u0103ng th\u00eam l\u1ef1c v\u00e0 ph\u1ea1m vi \u0111\u00e1nh.<\/p>\n<h3><strong>THI\u1ebeT K\u1ebe KH\u00d4NG VI\u1ec0N<\/strong><\/h3>\n<p>V\u1ee3t pickleball c\u1ee7a ch\u00fang t\u00f4i \u0111\u01b0\u1ee3c thi\u1ebft k\u1ebf v\u1edbi khung \u0111\u00f4i \u0111\u1ec3 t\u0103ng \u0111\u1ed9 b\u1ec1n v\u00e0 s\u1ee9c m\u1ea1nh trong khi kh\u00f4ng c\u00f3 ph\u1ea7n b\u1ea3o v\u1ec7 c\u1ea1nh v\u00e0 di\u1ec7n t\u00edch \u0111\u00e1nh b\u00f3ng l\u1edbn h\u01a1n. V\u1eabn nh\u1eb9 \u0111\u1ec3 vung nhanh h\u01a1n.<\/p>\n<h3><strong>KHU V\u1ef0C \u0110\u00c1NH L\u1edaN H\u01a0N<\/strong><\/h3>\n<p>Di\u1ec7n t\u00edch \u0111\u00e1nh b\u00f3ng l\u1edbn h\u01a1n gi\u00fap c\u1ea3i thi\u1ec7n kh\u1ea3 n\u0103ng ki\u1ec3m so\u00e1t, gi\u00fap gi\u1eef b\u00f3ng tr\u00ean s\u00e2n l\u00e2u h\u01a1n v\u00e0 t\u1ea1o ra tr\u1ea3i nghi\u1ec7m ch\u01a1i th\u00e2n thi\u1ec7n h\u01a1n v\u1edbi ng\u01b0\u1eddi m\u1edbi b\u1eaft \u0111\u1ea7u.<\/p>\n<h2><strong>Th\u00f4ng s\u1ed1 s\u1ea3n ph\u1ea9m v\u1ee3t Joola Tyson McGuffin Magnus CAS 14mm<\/strong><\/h2>\n<table>\n<tbody>\n<tr>\n<td><strong>H\u00e3ng s\u1ea3n xu\u1ea5t:<\/strong><\/td>\n<td>Joola Pickleball<\/td>\n<\/tr>\n<tr>\n<td><strong>Nh\u00e0 ph\u00e2n ph\u1ed1i:<\/strong><\/td>\n<td>Pickleball Vi\u1ec7t Nam<\/td>\n<\/tr>\n<tr>\n<td><strong>Surface:<\/strong><\/td>\n<td>Carbon Abrasion<\/td>\n<\/tr>\n<tr>\n<td><strong>Core:<\/strong><\/td>\n<td>14mm<\/td>\n<\/tr>\n<tr>\n<td><strong>Control:<\/strong><\/td>\n<td>92<\/td>\n<\/tr>\n<tr>\n<td><strong>Power:<\/strong><\/td>\n<td>92<\/td>\n<\/tr>\n<tr>\n<td><strong>Spin:<\/strong><\/td>\n<td>92<\/td>\n<\/tr>\n<tr>\n<td><strong>USAPA Approved:<\/strong><\/td>\n<td>Yes<\/td>\n<\/tr>\n<tr>\n<td><strong>Class:<\/strong><\/td>\n<td>Paddles : Advanced (100-199)<\/td>\n<\/tr>\n<tr>\n<td><strong>Average Weight:<\/strong><\/td>\n<td>7.8oz<\/td>\n<\/tr>\n<tr>\n<td><strong>Grip Type:<\/strong><\/td>\n<td>Feel-Tec Pure<\/td>\n<\/tr>\n<tr>\n<td><strong>Grip Length:<\/strong><\/td>\n<td>5in<\/td>\n<\/tr>\n<\/tbody>\n<\/table>\n<p>Catalog Joola Tyson McGuffin Magnus CAS 14mm<\/p>\n<\/p><\/div>\n<\/p><\/div>","protected":false},"excerpt":{"rendered":"<ul class=\"list-unstyled params\">\n<li class=\"btt\">Th\u00f4ng tin s\u1ea3n ph\u1ea9m:<\/li>\n<li class=\"dyn\">\n                                            <span class=\"n\">Th\u01b0\u01a1ng hi\u1ec7u:<\/span><br \/>\n\t\t\t\t\t\t\t\t\t\t\t<span class=\"v\"><b>Joola<\/b><\/span>\n                                        <\/li>\n<li class=\"dyn\">\n                                            <span class=\"n\">Number order:<\/span><br \/>\n\t\t\t\t\t\t\t\t\t\t\t<span class=\"v\">17022<\/span>\n                                        <\/li>\n<li class=\"dyn\">\n                                            <span class=\"n\">Nh\u00e0 cung c\u1ea5p:<\/span><br \/>\n                                            \t\t\t\t\t\t\t\t\t\t\t<span class=\"v\"><b>pickle-ball.vn<\/b> &#8211; \u0110\u1ea1i l\u00fd \u1ee7y quy\u1ec1n Joola \u00ae<\/span>\n\t\t\t\t\t\t\t\t\t\t\t                                        <\/li>\n<li class=\"dyn\">\n                                            <span class=\"n\">Lo\u1ea1i s\u1ea3n ph\u1ea9m:<\/span><br \/>\n                                            <span class=\"v\">V\u1ee3t c\u00f4ng, th\u1ee7<\/span>\n                                        <\/li>\n<li class=\"dyn\">\n                                            <span class=\"n\">Ch\u1ea5t li\u1ec7u:<\/span><br \/>\n                                            <span class=\"v\">Carbon Abrasion<\/span>\n                                        <\/li>\n<li class=\"separator\">\n                                        <\/li>\n<li>\n                                            <span class=\"n\">Tr\u1ea1ng th\u00e1i:<\/span><br \/>\n                                            <span class=\"v\" style=\"font-weight:700;color: #d7000e\">T\u1ea1m h\u1ebft h\u00e0ng<\/span>\n                                        <\/li>\n<li>\n                                            <span class=\"n\">\u0110\u1ed9 d\u00e0y:<\/span><br \/>\n                                            <span class=\"v\">14mm<\/span>\n                                        <\/li>\n<li>\n                                            <span class=\"n\">Tr\u1ecdng l\u01b0\u1ee3ng:<\/span><br \/>\n                                            <span class=\"v\">220g<\/span>\n                                        <\/li>\n<li>\n                                            <span class=\"n\">T\u00ecnh tr\u1ea1ng:<\/span><br \/>\n                                            <span class=\"v\">M\u1edbi 100%<\/span>\n                                        <\/li>\n<li>\n                                            <span class=\"n\">B\u1ea3o h\u00e0nh:<\/span><br \/>\n                                            <span class=\"v\">Ch\u00ednh h\u00e3ng<\/span>\n                                        <\/li>\n<li>\n<p>                                            <span class=\"n\">Giao h\u00e0ng:<\/span><br \/>\n                                            <span class=\"v\">To\u00e0n qu\u1ed1c<\/span>\n                                        <\/li>\n<\/ul>","protected":false},"featured_media":15110,"comment_status":"closed","ping_status":"closed","template":"","meta":[],"pwb-brand":[3245],"product_cat":[2836],"product_tag":[3248,3471,3469,3470,3472,3277,3417],"class_list":{"0":"post-15109","1":"product","2":"type-product","3":"status-publish","4":"has-post-thumbnail","6":"pwb-brand-joola","7":"product_cat-vot-pickleball","8":"product_tag-bong","9":"product_tag-magnus-lion","10":"product_tag-magnus-lion-cas-14mm","11":"product_tag-tyson-magnus-lion-cas-14mm","12":"product_tag-tyson-mcguffin-magnus-lion-cas-14mm","13":"product_tag-vot-joola","14":"product_tag-vot-pickleball","16":"first","17":"instock","18":"sale","19":"shipping-taxable","20":"purchasable","21":"product-type-simple"},"yoast_head":"<!-- This site is optimized with the Yoast SEO plugin v22.9 - https:\/\/yoast.com\/wordpress\/plugins\/seo\/ -->\n<title>V\u1ee3t PickleballJoola Tyson McGuffin Magnus CAS 14mm - PickleBall Vi\u1ec7t Nam<\/title>\n<meta name=\"robots\" content=\"index, follow, max-snippet:-1, max-image-preview:large, max-video-preview:-1\" \/>\n<link rel=\"canonical\" href=\"http:\/\/pickle-ball.vn\/en\/-product-\/vot-pickleball\/vot-pickleball-joola-tyson-mcguffin-magnus-cas-14mm\/\" \/>\n<meta name=\"twitter:label1\" content=\"Est. reading time\" \/>\n\t<meta name=\"twitter:data1\" content=\"3 minutes\" \/>\n<script type=\"application\/ld+json\" class=\"yoast-schema-graph\">{\"@context\":\"https:\/\/schema.org\",\"@graph\":[{\"@type\":\"WebPage\",\"@id\":\"http:\/\/pickle-ball.vn\/ru\/-product-\/vot-pickleball\/vot-pickleball-joola-tyson-mcguffin-magnus-cas-14mm\/\",\"url\":\"http:\/\/pickle-ball.vn\/ru\/-product-\/vot-pickleball\/vot-pickleball-joola-tyson-mcguffin-magnus-cas-14mm\/\",\"name\":\"V\u1ee3t PickleballJoola Tyson McGuffin Magnus CAS 14mm - PickleBall Vi\u1ec7t Nam\",\"isPartOf\":{\"@id\":\"https:\/\/pickle-ball.vn\/ja\/#website\"},\"primaryImageOfPage\":{\"@id\":\"http:\/\/pickle-ball.vn\/ru\/-product-\/vot-pickleball\/vot-pickleball-joola-tyson-mcguffin-magnus-cas-14mm\/#primaryimage\"},\"image\":{\"@id\":\"http:\/\/pickle-ball.vn\/ru\/-product-\/vot-pickleball\/vot-pickleball-joola-tyson-mcguffin-magnus-cas-14mm\/#primaryimage\"},\"thumbnailUrl\":\"https:\/\/pickle-ball.vn\/wp-content\/uploads\/2024\/11\/joola-tyson-mcguffin-magnus-cas-14mm_720x720xcrop.webp\",\"datePublished\":\"2024-11-04T08:05:19+00:00\",\"dateModified\":\"2024-11-04T08:05:24+00:00\",\"breadcrumb\":{\"@id\":\"http:\/\/pickle-ball.vn\/ru\/-product-\/vot-pickleball\/vot-pickleball-joola-tyson-mcguffin-magnus-cas-14mm\/#breadcrumb\"},\"inLanguage\":\"en-US\",\"potentialAction\":[{\"@type\":\"ReadAction\",\"target\":[\"http:\/\/pickle-ball.vn\/ru\/-product-\/vot-pickleball\/vot-pickleball-joola-tyson-mcguffin-magnus-cas-14mm\/\"]}]},{\"@type\":\"ImageObject\",\"inLanguage\":\"en-US\",\"@id\":\"http:\/\/pickle-ball.vn\/ru\/-product-\/vot-pickleball\/vot-pickleball-joola-tyson-mcguffin-magnus-cas-14mm\/#primaryimage\",\"url\":\"https:\/\/pickle-ball.vn\/wp-content\/uploads\/2024\/11\/joola-tyson-mcguffin-magnus-cas-14mm_720x720xcrop.webp\",\"contentUrl\":\"https:\/\/pickle-ball.vn\/wp-content\/uploads\/2024\/11\/joola-tyson-mcguffin-magnus-cas-14mm_720x720xcrop.webp\",\"width\":720,\"height\":720,\"caption\":\"Joola Tyson McGuffin Magnus Lion CAS 14mm\"},{\"@type\":\"BreadcrumbList\",\"@id\":\"http:\/\/pickle-ball.vn\/ru\/-product-\/vot-pickleball\/vot-pickleball-joola-tyson-mcguffin-magnus-cas-14mm\/#breadcrumb\",\"itemListElement\":[{\"@type\":\"ListItem\",\"position\":1,\"name\":\"Home\",\"item\":\"https:\/\/pickle-ball.vn\/ja\/\"},{\"@type\":\"ListItem\",\"position\":2,\"name\":\"Shop\",\"item\":\"https:\/\/pickle-ball.vn\/vi\/shop\/\"},{\"@type\":\"ListItem\",\"position\":3,\"name\":\"V\u1ee3t PickleballJoola Tyson McGuffin Magnus CAS 14mm\"}]},{\"@type\":\"WebSite\",\"@id\":\"https:\/\/pickle-ball.vn\/ja\/#website\",\"url\":\"https:\/\/pickle-ball.vn\/ja\/\",\"name\":\"Jabra\",\"description\":\"\",\"publisher\":{\"@id\":\"https:\/\/pickle-ball.vn\/ja\/#organization\"},\"potentialAction\":[{\"@type\":\"SearchAction\",\"target\":{\"@type\":\"EntryPoint\",\"urlTemplate\":\"https:\/\/pickle-ball.vn\/ja\/?s={search_term_string}\"},\"query-input\":\"required name=search_term_string\"}],\"inLanguage\":\"en-US\"},{\"@type\":\"Organization\",\"@id\":\"https:\/\/pickle-ball.vn\/ja\/#organization\",\"name\":\"Jabra\",\"url\":\"https:\/\/pickle-ball.vn\/ja\/\",\"logo\":{\"@type\":\"ImageObject\",\"inLanguage\":\"en-US\",\"@id\":\"https:\/\/pickle-ball.vn\/ja\/#\/schema\/logo\/image\/\",\"url\":\"\",\"contentUrl\":\"\",\"caption\":\"Jabra\"},\"image\":{\"@id\":\"https:\/\/pickle-ball.vn\/ja\/#\/schema\/logo\/image\/\"}}]}<\/script>\n<!-- \/ Yoast SEO plugin. -->","yoast_head_json":{"title":"V\u1ee3t PickleballJoola Tyson McGuffin Magnus CAS 14mm - PickleBall Vi\u1ec7t Nam","robots":{"index":"index","follow":"follow","max-snippet":"max-snippet:-1","max-image-preview":"max-image-preview:large","max-video-preview":"max-video-preview:-1"},"canonical":"http:\/\/pickle-ball.vn\/en\/-product-\/vot-pickleball\/vot-pickleball-joola-tyson-mcguffin-magnus-cas-14mm\/","twitter_misc":{"Est. reading time":"3 minutes"},"schema":{"@context":"https:\/\/schema.org","@graph":[{"@type":"WebPage","@id":"http:\/\/pickle-ball.vn\/ru\/-product-\/vot-pickleball\/vot-pickleball-joola-tyson-mcguffin-magnus-cas-14mm\/","url":"http:\/\/pickle-ball.vn\/ru\/-product-\/vot-pickleball\/vot-pickleball-joola-tyson-mcguffin-magnus-cas-14mm\/","name":"V\u1ee3t PickleballJoola Tyson McGuffin Magnus CAS 14mm - PickleBall Vi\u1ec7t Nam","isPartOf":{"@id":"https:\/\/pickle-ball.vn\/ja\/#website"},"primaryImageOfPage":{"@id":"http:\/\/pickle-ball.vn\/ru\/-product-\/vot-pickleball\/vot-pickleball-joola-tyson-mcguffin-magnus-cas-14mm\/#primaryimage"},"image":{"@id":"http:\/\/pickle-ball.vn\/ru\/-product-\/vot-pickleball\/vot-pickleball-joola-tyson-mcguffin-magnus-cas-14mm\/#primaryimage"},"thumbnailUrl":"https:\/\/pickle-ball.vn\/wp-content\/uploads\/2024\/11\/joola-tyson-mcguffin-magnus-cas-14mm_720x720xcrop.webp","datePublished":"2024-11-04T08:05:19+00:00","dateModified":"2024-11-04T08:05:24+00:00","breadcrumb":{"@id":"http:\/\/pickle-ball.vn\/ru\/-product-\/vot-pickleball\/vot-pickleball-joola-tyson-mcguffin-magnus-cas-14mm\/#breadcrumb"},"inLanguage":"en-US","potentialAction":[{"@type":"ReadAction","target":["http:\/\/pickle-ball.vn\/ru\/-product-\/vot-pickleball\/vot-pickleball-joola-tyson-mcguffin-magnus-cas-14mm\/"]}]},{"@type":"ImageObject","inLanguage":"en-US","@id":"http:\/\/pickle-ball.vn\/ru\/-product-\/vot-pickleball\/vot-pickleball-joola-tyson-mcguffin-magnus-cas-14mm\/#primaryimage","url":"https:\/\/pickle-ball.vn\/wp-content\/uploads\/2024\/11\/joola-tyson-mcguffin-magnus-cas-14mm_720x720xcrop.webp","contentUrl":"https:\/\/pickle-ball.vn\/wp-content\/uploads\/2024\/11\/joola-tyson-mcguffin-magnus-cas-14mm_720x720xcrop.webp","width":720,"height":720,"caption":"Joola Tyson McGuffin Magnus Lion CAS 14mm"},{"@type":"BreadcrumbList","@id":"http:\/\/pickle-ball.vn\/ru\/-product-\/vot-pickleball\/vot-pickleball-joola-tyson-mcguffin-magnus-cas-14mm\/#breadcrumb","itemListElement":[{"@type":"ListItem","position":1,"name":"Home","item":"https:\/\/pickle-ball.vn\/ja\/"},{"@type":"ListItem","position":2,"name":"Shop","item":"https:\/\/pickle-ball.vn\/vi\/shop\/"},{"@type":"ListItem","position":3,"name":"V\u1ee3t PickleballJoola Tyson McGuffin Magnus CAS 14mm"}]},{"@type":"WebSite","@id":"https:\/\/pickle-ball.vn\/ja\/#website","url":"https:\/\/pickle-ball.vn\/ja\/","name":"Jabra","description":"","publisher":{"@id":"https:\/\/pickle-ball.vn\/ja\/#organization"},"potentialAction":[{"@type":"SearchAction","target":{"@type":"EntryPoint","urlTemplate":"https:\/\/pickle-ball.vn\/ja\/?s={search_term_string}"},"query-input":"required name=search_term_string"}],"inLanguage":"en-US"},{"@type":"Organization","@id":"https:\/\/pickle-ball.vn\/ja\/#organization","name":"Jabra","url":"https:\/\/pickle-ball.vn\/ja\/","logo":{"@type":"ImageObject","inLanguage":"en-US","@id":"https:\/\/pickle-ball.vn\/ja\/#\/schema\/logo\/image\/","url":"","contentUrl":"","caption":"Jabra"},"image":{"@id":"https:\/\/pickle-ball.vn\/ja\/#\/schema\/logo\/image\/"}}]}},"brands":[{"id":3245,"name":"Joola","slug":"joola"}],"_links":{"self":[{"href":"https:\/\/pickle-ball.vn\/en\/wp-json\/wp\/v2\/product\/15109","targetHints":{"allow":["GET"]}}],"collection":[{"href":"https:\/\/pickle-ball.vn\/en\/wp-json\/wp\/v2\/product"}],"about":[{"href":"https:\/\/pickle-ball.vn\/en\/wp-json\/wp\/v2\/types\/product"}],"replies":[{"embeddable":true,"href":"https:\/\/pickle-ball.vn\/en\/wp-json\/wp\/v2\/comments?post=15109"}],"wp:featuredmedia":[{"embeddable":true,"href":"https:\/\/pickle-ball.vn\/en\/wp-json\/wp\/v2\/media\/15110"}],"wp:attachment":[{"href":"https:\/\/pickle-ball.vn\/en\/wp-json\/wp\/v2\/media?parent=15109"}],"wp:term":[{"taxonomy":"pwb-brand","embeddable":true,"href":"https:\/\/pickle-ball.vn\/en\/wp-json\/wp\/v2\/pwb-brand?post=15109"},{"taxonomy":"product_cat","embeddable":true,"href":"https:\/\/pickle-ball.vn\/en\/wp-json\/wp\/v2\/product_cat?post=15109"},{"taxonomy":"product_tag","embeddable":true,"href":"https:\/\/pickle-ball.vn\/en\/wp-json\/wp\/v2\/product_tag?post=15109"}],"curies":[{"name":"wp","href":"https:\/\/api.w.org\/{rel}","templated":true}]}}