{"id":15241,"date":"2024-11-04T16:00:39","date_gmt":"2024-11-04T09:00:39","guid":{"rendered":"http:\/\/pickle-ball.vn\/-product-\/uncategorized\/balo-joola-tour-elite-pro-bags-navy-yellow\/"},"modified":"2024-11-04T16:00:44","modified_gmt":"2024-11-04T09:00:44","slug":"balo-joola-tour-elite-pro-bags-navy-yellow","status":"publish","type":"product","link":"https:\/\/pickle-ball.vn\/en\/-product-\/phu-kien-pickleball\/balo-joola-tour-elite-pro-bags-navy-yellow\/","title":{"rendered":"Balo Joola Tour Elite Pro Bags Navy &amp; Yellow"},"content":{"rendered":"<div role=\"tabpanel\" class=\"tab-pane active\" id=\"tab-product-info\">\n<div class=\"vh-content\">\n<h2><strong>Tour Elite Pro Bags Navy &amp; Yellow Balo Joola ch\u00ednh h\u00e3ng<\/strong><\/h2>\n<p>Tour Elite Pro Bags Navy &amp; Yellow Balo Joola ch\u00ednh h\u00e3ng, phong c\u00e1ch \u0111ang \u0111\u01b0\u1ee3c \u0111\u00f4ng \u0111\u1ea3o ng\u01b0\u1eddi ch\u01a1i Pickleball y\u00eau th\u00edch. Tour Elite Pro Bags Navy &amp; Yellow c\u00f3 k\u00edch th\u01b0\u1edbc 16 x 24 x 11 inch, \u0111\u01b0\u1ee3c thi\u1ebft k\u1ebf t\u1ed1i \u01b0u h\u00f3a v\u1edbi kh\u00f4ng gian r\u1ed9ng r\u00e3i bao g\u1ed3m 8 ng\u0103n kh\u00f3a. Trong \u0111\u00f3, ng\u0103n ch\u00ednh \u0111\u01b0\u1ee3c d\u00f9ng \u0111\u1ec3 ch\u1ee9a \u0111\u1ed3 \u0111\u1ea1c, qu\u1ea7n \u00e1o&#8230;2 ng\u0103n \u0111\u1ef1ng v\u1ee3t 2 b\u00ean, m\u1ed7i ng\u0103n c\u00f3 th\u1ec3 ch\u1ee9a \u0111\u01b0\u1ee3c 2 c\u00e2y v\u1ee3t pickleball. Xung quanh Balo l\u00e0 4 ng\u0103n \u0111\u1ef1ng ph\u1ee5 ki\u1ec7n v\u00e0 1 ng\u0103n \u0111\u1ec3 gi\u00e0y ri\u00eang bi\u1ec7t.<\/p>\n<p style=\"text-align:center\"><img decoding=\"async\" alt=\"Tour Elite Pro Bags Navy &amp; Yellow Balo Joola ch\u00ednh h\u00e3ng\" class=\"lazy\" src=\"http:\/\/pickle-ball.vn\/wp-content\/uploads\/2024\/11\/18584-tour-elite-pro-navy-yellow-07.webp\" style=\"height:525px;width:750px\" title=\"Tour Elite Pro Bags Navy &amp; Yellow Balo Joola ch\u00ednh h\u00e3ng\"><\/p>\n<p style=\"text-align:center\">Tour Elite Pro Bags Navy &amp; Yellow Balo Joola ch\u00ednh h\u00e3ng<\/p>\n<p>Tour Elite Pro Bags Navy &amp; Yellow Balo Joola c\u00f3 th\u1ec3 g\u1ecdi l\u00e0 t\u00fai v\u00e0 c\u0169ng c\u00f3 th\u1ec3 n\u00f3i l\u00e0 Vali, b\u1edfi n\u00f3 \u0111\u01b0\u1ee3c thi\u1ebft k\u1ebf m\u1ed9t c\u00e1ch linh ho\u1ea1t v\u1edbi c\u00e1c d\u00e2y \u0111eo, tay x\u00e1ch \u0111\u1ec3 b\u1ea1n c\u00f3 th\u1ec3 linh ho\u1ea1t s\u1eed d\u1ee5ng. Tour Elite Pro Bags Navy &amp; Yellow kh\u00e1c v\u1edbi b\u1ea3n b\u00ecnh th\u01b0\u1eddng \u1edf \u0111i\u1ec3m, n\u00f3 kh\u00f4ng c\u00f3 nhi\u1ec1u h\u1ecda ti\u1ebft b\u00ean ngo\u00e0i m\u00e0 thay v\u00e0o \u0111\u00f3 l\u00e0 s\u1ef1 \u0111\u01a1n gi\u1ea3n v\u1edbi Logo c\u1ee7a h\u00e3ng.<\/p>\n<p>Tour Elite Pro Bags Navy &amp; Yellow Balo Joola ch\u00ednh h\u00e3ng c\u0169ng \u0111\u01b0\u1ee3c l\u00e0m t\u1eeb ch\u1ea5t li\u1ec7u cao c\u1ea5p, c\u00e1c ng\u0103n \u0111\u1ef1ng v\u1ee3t \u0111\u01b0\u1ee3c thi\u1ebft k\u1ebf v\u1edbi l\u1edbp l\u00f3t c\u00e1ch nhi\u1ec7t, \u0111\u1ea3m b\u1ea3o cho v\u1ee3t \u1ed5n \u0111\u1ecbnh h\u01a1n tr\u01b0\u1edbc s\u1ef1 thay \u0111\u1ed5i nhi\u1ec7t c\u1ee7a m\u00f4i tr\u01b0\u1eddng b\u00ean ngo\u00e0i.<\/p>\n<p style=\"text-align:center\"><img decoding=\"async\" alt=\"Tour Elite Pro Bags Navy &amp; Yellow Balo Joola ch\u00ednh h\u00e3ng\" class=\"lazy\" src=\"http:\/\/pickle-ball.vn\/wp-content\/uploads\/2024\/11\/18584-tour-elite-pro-navy-yellow-01.webp\" style=\"height:525px;width:750px\" title=\"Tour Elite Pro Bags Navy &amp; Yellow Balo Joola ch\u00ednh h\u00e3ng\"><\/p>\n<p style=\"text-align:center\">Tour Elite Pro Bags Navy &amp; Yellow Balo Joola ch\u00ednh h\u00e3ng<\/p>\n<h3><strong>\u0110\u1eb7c \u0111i\u1ec3m c\u1ee7a Tour Elite Pro Bags Navy &amp; Yellow<\/strong><\/h3>\n<table>\n<tbody>\n<tr>\n<td>T\u00ean s\u1ea3n ph\u00e2m<\/td>\n<td>Balo Joola Tour Elite Pro Bags Navy &amp; Yellow<\/td>\n<\/tr>\n<tr>\n<td>H\u00e3ng<\/td>\n<td>JOOLA<\/td>\n<\/tr>\n<tr>\n<td>M\u00e3 s\u1ea3n ph\u1ea9m<\/td>\n<td>18584<\/td>\n<\/tr>\n<tr>\n<td>K\u00edch th\u01b0\u1edbc<\/td>\n<td>16 x 24 x 11 inch<\/td>\n<\/tr>\n<tr>\n<td>M\u00e0u s\u1eafc<\/td>\n<td>H\u1ed3ng \u0111\u1eadm \/ Xanh lam<\/td>\n<\/tr>\n<tr>\n<td>V\u1eadt li\u1ec7u c\u00e1ch nhi\u1ec7t<\/td>\n<td>\u0110\u00fang<\/td>\n<\/tr>\n<tr>\n<td>T\u00fai \u0111\u1ef1ng v\u1ee3t<\/td>\n<td>2, m\u1ed7i c\u00e1i ch\u1ee9a \u0111\u01b0\u1ee3c 2 v\u1ee3t pickleball<\/td>\n<\/tr>\n<tr>\n<td>T\u1ed5ng t\u00fai<\/td>\n<td>8<\/td>\n<\/tr>\n<tr>\n<td>S\u1eed d\u1ee5ng<\/td>\n<td>t\u00fai \u0111\u1ef1ng thi\u1ebft b\u1ecb, ba l\u00f4 du l\u1ecbch<\/td>\n<\/tr>\n<tr>\n<td>C\u00e2n n\u1eb7ng<\/td>\n<td>1.360kg<\/td>\n<\/tr>\n<\/tbody>\n<\/table>\n<p>Tour Elite Pro Bags Navy &amp; Yellow Balo Joola ch\u00ednh h\u00e3ng \u0111ang \u0111\u01b0\u1ee3c ph\u00e2n ph\u1ed1i t\u1ea1i Pickleball Vi\u1ec7t Nam. Q\u00fay kh\u00e1ch h\u00e0ng quan t\u00e2m t\u1edbi s\u1ea3n ph\u1ea9m vui l\u00f2ng li\u00ean h\u1ec7 v\u1edbi ch\u00fang t\u00f4i 0.87654321.9 \u0111\u1ec3 \u0111\u01b0\u1ee3c t\u01b0 v\u1ea5n, h\u1ed7 tr\u1ee3 chi ti\u1ebft v\u1ec1 s\u1ea3n ph\u1ea9m.<\/p>\n<\/p><\/div>\n<\/p><\/div>","protected":false},"excerpt":{"rendered":"<ul class=\"list-unstyled params\">\n<li class=\"btt\">Th\u00f4ng tin s\u1ea3n ph\u1ea9m:<\/li>\n<li class=\"dyn\">\n                                            <span class=\"n\">Th\u01b0\u01a1ng hi\u1ec7u:<\/span><br \/>\n\t\t\t\t\t\t\t\t\t\t\t<span class=\"v\"><b>Joola<\/b><\/span>\n                                        <\/li>\n<li class=\"dyn\">\n                                            <span class=\"n\">Number order:<\/span><br \/>\n\t\t\t\t\t\t\t\t\t\t\t<span class=\"v\">18584<\/span>\n                                        <\/li>\n<li class=\"dyn\">\n                                            <span class=\"n\">Nh\u00e0 cung c\u1ea5p:<\/span><br \/>\n                                            \t\t\t\t\t\t\t\t\t\t\t<span class=\"v\"><b>pickle-ball.vn<\/b> &#8211; \u0110\u1ea1i l\u00fd \u1ee7y quy\u1ec1n Joola \u00ae<\/span>\n\t\t\t\t\t\t\t\t\t\t\t                                        <\/li>\n<li class=\"dyn\">\n                                            <span class=\"n\">Lo\u1ea1i s\u1ea3n ph\u1ea9m:<\/span><br \/>\n                                            <span class=\"v\">Balo Pickleball<\/span>\n                                        <\/li>\n<li class=\"separator\">\n                                        <\/li>\n<li>\n                                            <span class=\"n\">Tr\u1ea1ng th\u00e1i:<\/span><br \/>\n                                            <span class=\"v\" style=\"font-weight:700;color: #d7000e\">T\u1ea1m h\u1ebft h\u00e0ng<\/span>\n                                        <\/li>\n<li>\n                                            <span class=\"n\">Tr\u1ecdng l\u01b0\u1ee3ng:<\/span><br \/>\n                                            <span class=\"v\">1,36kg<\/span>\n                                        <\/li>\n<li>\n                                            <span class=\"n\">T\u00ecnh tr\u1ea1ng:<\/span><br \/>\n                                            <span class=\"v\">M\u1edbi 100%<\/span>\n                                        <\/li>\n<li>\n                                            <span class=\"n\">B\u1ea3o h\u00e0nh:<\/span><br \/>\n                                            <span class=\"v\">Ch\u00ednh h\u00e3ng<\/span>\n                                        <\/li>\n<li>\n<p>                                            <span class=\"n\">Giao h\u00e0ng:<\/span><br \/>\n                                            <span class=\"v\">To\u00e0n qu\u1ed1c<\/span>\n                                        <\/li>\n<\/ul>","protected":false},"featured_media":15242,"comment_status":"closed","ping_status":"closed","template":"","meta":[],"pwb-brand":[3245],"product_cat":[3232],"product_tag":[46,3477,3537,3538,3417],"class_list":{"0":"post-15241","1":"product","2":"type-product","3":"status-publish","4":"has-post-thumbnail","6":"pwb-brand-joola","7":"product_cat-phu-kien-pickleball","8":"product_tag-bag","9":"product_tag-balo-joola","10":"product_tag-balo-joola-tour-elite-pro-bags-navy-yellow","11":"product_tag-tour-elite-pro-bags-navy-yellow","12":"product_tag-vot-pickleball","14":"first","15":"instock","16":"shipping-taxable","17":"product-type-simple"},"yoast_head":"<!-- This site is optimized with the Yoast SEO plugin v22.9 - https:\/\/yoast.com\/wordpress\/plugins\/seo\/ -->\n<title>Balo Joola Tour Elite Pro Bags Navy &amp; Yellow - PickleBall Vi\u1ec7t Nam<\/title>\n<meta name=\"robots\" content=\"index, follow, max-snippet:-1, max-image-preview:large, max-video-preview:-1\" \/>\n<link rel=\"canonical\" href=\"http:\/\/pickle-ball.vn\/en\/-product-\/phu-kien-pickleball\/balo-joola-tour-elite-pro-bags-navy-yellow\/\" \/>\n<meta name=\"twitter:label1\" content=\"Est. reading time\" \/>\n\t<meta name=\"twitter:data1\" content=\"3 minutes\" \/>\n<script type=\"application\/ld+json\" class=\"yoast-schema-graph\">{\"@context\":\"https:\/\/schema.org\",\"@graph\":[{\"@type\":\"WebPage\",\"@id\":\"http:\/\/pickle-ball.vn\/zh\/-product-\/phu-kien-pickleball\/balo-joola-tour-elite-pro-bags-navy-yellow\/\",\"url\":\"http:\/\/pickle-ball.vn\/zh\/-product-\/phu-kien-pickleball\/balo-joola-tour-elite-pro-bags-navy-yellow\/\",\"name\":\"Balo Joola Tour Elite Pro Bags Navy &amp; Yellow - PickleBall Vi\u1ec7t Nam\",\"isPartOf\":{\"@id\":\"https:\/\/pickle-ball.vn\/ja\/#website\"},\"primaryImageOfPage\":{\"@id\":\"http:\/\/pickle-ball.vn\/zh\/-product-\/phu-kien-pickleball\/balo-joola-tour-elite-pro-bags-navy-yellow\/#primaryimage\"},\"image\":{\"@id\":\"http:\/\/pickle-ball.vn\/zh\/-product-\/phu-kien-pickleball\/balo-joola-tour-elite-pro-bags-navy-yellow\/#primaryimage\"},\"thumbnailUrl\":\"https:\/\/pickle-ball.vn\/wp-content\/uploads\/2024\/11\/18584-tour-elite-pro-navy-yellow-01_720x720xcrop.webp\",\"datePublished\":\"2024-11-04T09:00:39+00:00\",\"dateModified\":\"2024-11-04T09:00:44+00:00\",\"breadcrumb\":{\"@id\":\"http:\/\/pickle-ball.vn\/zh\/-product-\/phu-kien-pickleball\/balo-joola-tour-elite-pro-bags-navy-yellow\/#breadcrumb\"},\"inLanguage\":\"en-US\",\"potentialAction\":[{\"@type\":\"ReadAction\",\"target\":[\"http:\/\/pickle-ball.vn\/zh\/-product-\/phu-kien-pickleball\/balo-joola-tour-elite-pro-bags-navy-yellow\/\"]}]},{\"@type\":\"ImageObject\",\"inLanguage\":\"en-US\",\"@id\":\"http:\/\/pickle-ball.vn\/zh\/-product-\/phu-kien-pickleball\/balo-joola-tour-elite-pro-bags-navy-yellow\/#primaryimage\",\"url\":\"https:\/\/pickle-ball.vn\/wp-content\/uploads\/2024\/11\/18584-tour-elite-pro-navy-yellow-01_720x720xcrop.webp\",\"contentUrl\":\"https:\/\/pickle-ball.vn\/wp-content\/uploads\/2024\/11\/18584-tour-elite-pro-navy-yellow-01_720x720xcrop.webp\",\"width\":720,\"height\":720,\"caption\":\"Tour Elite Pro Bags Navy & Yellow\"},{\"@type\":\"BreadcrumbList\",\"@id\":\"http:\/\/pickle-ball.vn\/zh\/-product-\/phu-kien-pickleball\/balo-joola-tour-elite-pro-bags-navy-yellow\/#breadcrumb\",\"itemListElement\":[{\"@type\":\"ListItem\",\"position\":1,\"name\":\"Home\",\"item\":\"https:\/\/pickle-ball.vn\/ja\/\"},{\"@type\":\"ListItem\",\"position\":2,\"name\":\"Shop\",\"item\":\"https:\/\/pickle-ball.vn\/vi\/shop\/\"},{\"@type\":\"ListItem\",\"position\":3,\"name\":\"Balo Joola Tour Elite Pro Bags Navy &amp; Yellow\"}]},{\"@type\":\"WebSite\",\"@id\":\"https:\/\/pickle-ball.vn\/ja\/#website\",\"url\":\"https:\/\/pickle-ball.vn\/ja\/\",\"name\":\"Jabra\",\"description\":\"\",\"publisher\":{\"@id\":\"https:\/\/pickle-ball.vn\/ja\/#organization\"},\"potentialAction\":[{\"@type\":\"SearchAction\",\"target\":{\"@type\":\"EntryPoint\",\"urlTemplate\":\"https:\/\/pickle-ball.vn\/ja\/?s={search_term_string}\"},\"query-input\":\"required name=search_term_string\"}],\"inLanguage\":\"en-US\"},{\"@type\":\"Organization\",\"@id\":\"https:\/\/pickle-ball.vn\/ja\/#organization\",\"name\":\"Jabra\",\"url\":\"https:\/\/pickle-ball.vn\/ja\/\",\"logo\":{\"@type\":\"ImageObject\",\"inLanguage\":\"en-US\",\"@id\":\"https:\/\/pickle-ball.vn\/ja\/#\/schema\/logo\/image\/\",\"url\":\"\",\"contentUrl\":\"\",\"caption\":\"Jabra\"},\"image\":{\"@id\":\"https:\/\/pickle-ball.vn\/ja\/#\/schema\/logo\/image\/\"}}]}<\/script>\n<!-- \/ Yoast SEO plugin. -->","yoast_head_json":{"title":"Balo Joola Tour Elite Pro Bags Navy &amp; Yellow - PickleBall Vi\u1ec7t Nam","robots":{"index":"index","follow":"follow","max-snippet":"max-snippet:-1","max-image-preview":"max-image-preview:large","max-video-preview":"max-video-preview:-1"},"canonical":"http:\/\/pickle-ball.vn\/en\/-product-\/phu-kien-pickleball\/balo-joola-tour-elite-pro-bags-navy-yellow\/","twitter_misc":{"Est. reading time":"3 minutes"},"schema":{"@context":"https:\/\/schema.org","@graph":[{"@type":"WebPage","@id":"http:\/\/pickle-ball.vn\/zh\/-product-\/phu-kien-pickleball\/balo-joola-tour-elite-pro-bags-navy-yellow\/","url":"http:\/\/pickle-ball.vn\/zh\/-product-\/phu-kien-pickleball\/balo-joola-tour-elite-pro-bags-navy-yellow\/","name":"Balo Joola Tour Elite Pro Bags Navy &amp; Yellow - PickleBall Vi\u1ec7t Nam","isPartOf":{"@id":"https:\/\/pickle-ball.vn\/ja\/#website"},"primaryImageOfPage":{"@id":"http:\/\/pickle-ball.vn\/zh\/-product-\/phu-kien-pickleball\/balo-joola-tour-elite-pro-bags-navy-yellow\/#primaryimage"},"image":{"@id":"http:\/\/pickle-ball.vn\/zh\/-product-\/phu-kien-pickleball\/balo-joola-tour-elite-pro-bags-navy-yellow\/#primaryimage"},"thumbnailUrl":"https:\/\/pickle-ball.vn\/wp-content\/uploads\/2024\/11\/18584-tour-elite-pro-navy-yellow-01_720x720xcrop.webp","datePublished":"2024-11-04T09:00:39+00:00","dateModified":"2024-11-04T09:00:44+00:00","breadcrumb":{"@id":"http:\/\/pickle-ball.vn\/zh\/-product-\/phu-kien-pickleball\/balo-joola-tour-elite-pro-bags-navy-yellow\/#breadcrumb"},"inLanguage":"en-US","potentialAction":[{"@type":"ReadAction","target":["http:\/\/pickle-ball.vn\/zh\/-product-\/phu-kien-pickleball\/balo-joola-tour-elite-pro-bags-navy-yellow\/"]}]},{"@type":"ImageObject","inLanguage":"en-US","@id":"http:\/\/pickle-ball.vn\/zh\/-product-\/phu-kien-pickleball\/balo-joola-tour-elite-pro-bags-navy-yellow\/#primaryimage","url":"https:\/\/pickle-ball.vn\/wp-content\/uploads\/2024\/11\/18584-tour-elite-pro-navy-yellow-01_720x720xcrop.webp","contentUrl":"https:\/\/pickle-ball.vn\/wp-content\/uploads\/2024\/11\/18584-tour-elite-pro-navy-yellow-01_720x720xcrop.webp","width":720,"height":720,"caption":"Tour Elite Pro Bags Navy & Yellow"},{"@type":"BreadcrumbList","@id":"http:\/\/pickle-ball.vn\/zh\/-product-\/phu-kien-pickleball\/balo-joola-tour-elite-pro-bags-navy-yellow\/#breadcrumb","itemListElement":[{"@type":"ListItem","position":1,"name":"Home","item":"https:\/\/pickle-ball.vn\/ja\/"},{"@type":"ListItem","position":2,"name":"Shop","item":"https:\/\/pickle-ball.vn\/vi\/shop\/"},{"@type":"ListItem","position":3,"name":"Balo Joola Tour Elite Pro Bags Navy &amp; Yellow"}]},{"@type":"WebSite","@id":"https:\/\/pickle-ball.vn\/ja\/#website","url":"https:\/\/pickle-ball.vn\/ja\/","name":"Jabra","description":"","publisher":{"@id":"https:\/\/pickle-ball.vn\/ja\/#organization"},"potentialAction":[{"@type":"SearchAction","target":{"@type":"EntryPoint","urlTemplate":"https:\/\/pickle-ball.vn\/ja\/?s={search_term_string}"},"query-input":"required name=search_term_string"}],"inLanguage":"en-US"},{"@type":"Organization","@id":"https:\/\/pickle-ball.vn\/ja\/#organization","name":"Jabra","url":"https:\/\/pickle-ball.vn\/ja\/","logo":{"@type":"ImageObject","inLanguage":"en-US","@id":"https:\/\/pickle-ball.vn\/ja\/#\/schema\/logo\/image\/","url":"","contentUrl":"","caption":"Jabra"},"image":{"@id":"https:\/\/pickle-ball.vn\/ja\/#\/schema\/logo\/image\/"}}]}},"brands":[{"id":3245,"name":"Joola","slug":"joola"}],"_links":{"self":[{"href":"https:\/\/pickle-ball.vn\/en\/wp-json\/wp\/v2\/product\/15241","targetHints":{"allow":["GET"]}}],"collection":[{"href":"https:\/\/pickle-ball.vn\/en\/wp-json\/wp\/v2\/product"}],"about":[{"href":"https:\/\/pickle-ball.vn\/en\/wp-json\/wp\/v2\/types\/product"}],"replies":[{"embeddable":true,"href":"https:\/\/pickle-ball.vn\/en\/wp-json\/wp\/v2\/comments?post=15241"}],"wp:featuredmedia":[{"embeddable":true,"href":"https:\/\/pickle-ball.vn\/en\/wp-json\/wp\/v2\/media\/15242"}],"wp:attachment":[{"href":"https:\/\/pickle-ball.vn\/en\/wp-json\/wp\/v2\/media?parent=15241"}],"wp:term":[{"taxonomy":"pwb-brand","embeddable":true,"href":"https:\/\/pickle-ball.vn\/en\/wp-json\/wp\/v2\/pwb-brand?post=15241"},{"taxonomy":"product_cat","embeddable":true,"href":"https:\/\/pickle-ball.vn\/en\/wp-json\/wp\/v2\/product_cat?post=15241"},{"taxonomy":"product_tag","embeddable":true,"href":"https:\/\/pickle-ball.vn\/en\/wp-json\/wp\/v2\/product_tag?post=15241"}],"curies":[{"name":"wp","href":"https:\/\/api.w.org\/{rel}","templated":true}]}}