{"id":15581,"date":"2024-11-04T18:55:46","date_gmt":"2024-11-04T11:55:46","guid":{"rendered":"http:\/\/pickle-ball.vn\/-product-\/uncategorized\/vot-pickleball-vot-pickleball-slk-halo-xl\/"},"modified":"2024-11-04T18:55:51","modified_gmt":"2024-11-04T11:55:51","slug":"vot-pickleball-vot-pickleball-slk-halo-xl","status":"publish","type":"product","link":"https:\/\/pickle-ball.vn\/en\/-product-\/vot-pickleball\/vot-pickleball-vot-pickleball-slk-halo-xl\/","title":{"rendered":"V\u1ee3t PickleballV\u1ee3t Pickleball SLK Halo &#8211; XL"},"content":{"rendered":"<div role=\"tabpanel\" class=\"tab-pane active\" id=\"tab-product-info\">\n<div class=\"vh-content\">\n<h2><strong>V\u1ee3t Pickleball SLK Halo &#8211; XL ch\u00ednh h\u00e3ng, gi\u00e1 t\u1ed1t<\/strong><\/h2>\n<p><strong>SLK Halo<\/strong> l\u00e0 m\u1ed9t s\u1ef1 l\u1ef1a ch\u1ecdn \u0111\u1eb7c bi\u1ec7t d\u00e0nh cho nh\u1eefng ng\u01b0\u1eddi ch\u01a1i t\u1eeb ng\u01b0\u1eddi m\u1edbi b\u1eaft \u0111\u1ea7u \u0111\u1ebfn nh\u1eefng ng\u01b0\u1eddi chuy\u00ean nghi\u1ec7p, nh\u1eefng ng\u01b0\u1eddi \u01b0u ti\u00ean \u0111\u1ed9 xo\u00e1y v\u00e0 kh\u1ea3 n\u0103ng ki\u1ec3m so\u00e1t \u0111\u1eb7c bi\u1ec7t tr\u00ean s\u00e2n. <strong>V\u1ee3t Pickleball SLK Halo &#8211; XL<\/strong> c\u00f3 2 lo\u1ea1i \u0111\u1ed9 d\u00e0y v\u1ee3t l\u00e0 16mm v\u00e0 13mm mang \u0111\u1ebfn cho b\u1ea1n s\u1ef1 l\u1ef1a ch\u1ecdn v\u1ec1 hi\u1ec7u su\u1ea5t \u0111\u1ed3ng th\u1eddi mang l\u1ea1i cho b\u1ea1n \u0111\u1ed9 xo\u00e1y t\u1ed1i \u0111a \u1edf c\u1ea3 hai ki\u1ec3u b\u00f3ng.<\/p>\n<p style=\"text-align:center\"><img decoding=\"async\" alt=\"V\u1ee3t Pickleball SLK Halo - XL ch\u00ednh h\u00e3ng t\u1ea1i Pickleball Vi\u1ec7t Nam\" class=\"lazy\" src=\"http:\/\/pickle-ball.vn\/wp-content\/uploads\/2024\/11\/ve1bba3t20pickleball20slk20halo20-20xl-chinh-hang.jpg\" style=\"height:525px;width:750px\" title=\"V\u1ee3t Pickleball SLK Halo - XL ch\u00ednh h\u00e3ng t\u1ea1i Pickleball Vi\u1ec7t Nam\"><\/p>\n<p style=\"text-align:center\"><strong><em>V\u1ee3t Pickleball SLK Halo &#8211; XL ch\u00ednh h\u00e3ng t\u1ea1i Pickleball Vi\u1ec7t Nam<\/em><\/strong><\/p>\n<h3><strong>Nh\u1eefng \u0111\u1eb7c tr\u01b0ng n\u1ed5i b\u1eadt c\u1ee7a V\u1ee3t Pickleball SLK Halo &#8211; XL<\/strong><\/h3>\n<p>&#8211; S\u1ee9c m\u1ea1nh: K\u1ebft h\u1ee3p l\u00f5i tr\u1ee3 l\u1ef1c 13 mm m\u1ea1nh m\u1ebd v\u1edbi \u0111i\u1ec3m ng\u1ecdt l\u1edbn, Rev-Core Power Polymer Core \u0111\u01b0\u1ee3c thi\u1ebft k\u1ebf \u0111\u1ec3 th\u1ed1ng tr\u1ecb s\u00e2n \u0111\u1ea5u.<\/p>\n<p>&#8211; Ki\u1ec3m so\u00e1t: K\u1ebft h\u1ee3p l\u00f5i v\u1ee3t pickleball 16 mm c\u00f3 th\u1ec3 \u0111i\u1ec1u khi\u1ec3n r\u1ea5t d\u1ec5 d\u00e0ng v\u1edbi \u0111i\u1ec3m ng\u1ecdt c\u1ef1c l\u1edbn, Rev-Core Control Polymer Core \u0111\u01b0\u1ee3c thi\u1ebft k\u1ebf \u0111\u1ec3 mang \u0111\u1ebfn cho b\u1ea1n kh\u1ea3 n\u0103ng ki\u1ec3m so\u00e1t t\u1ed1i \u01b0u.<\/p>\n<p>&#8211; Edgesentry: T\u1ea5m b\u1ea3o v\u1ec7 c\u1ea1nh c\u00f3 c\u1ea5u h\u00ecnh th\u1ea5p, nh\u1eb9, b\u1ec1n gi\u00fap V\u1ee3t Pickleball Selkirk ch\u1eafc ch\u1eafn v\u00e0 c\u00e2n b\u1eb1ng t\u1ed1t.<\/p>\n<p>&#8211; S\u1ee3i carbon th\u00f4 T700: \u0110\u01b0\u1ee3c ph\u00e1t tri\u1ec3n \u0111\u1ec3 th\u1ed1ng tr\u1ecb tr\u00f2 ch\u01a1i, S\u1ee3i carbon th\u00f4 T700 c\u00f3 C\u00f4ng ngh\u1ec7 quay th\u00f4 mang \u0111\u1ebfn kh\u1ea3 n\u0103ng ki\u1ec3m so\u00e1t v\u00e0 \u0111\u1ed9 xo\u00e1y t\u1ed1i \u01b0u<\/p>\n<p>&#8211; Tay c\u1ea7m gi\u1ea3 da SLK: \u0110\u01b0\u1ee3c t\u1ea1o ra \u0111\u1ec3 c\u1ea7m n\u1eafm ch\u1eafc ch\u1eafn, tay c\u1ea7m gi\u1ea3 da SLK c\u00f3 \u0111\u1ec7m \u1ed5n \u0111\u1ecbnh v\u00e0 c\u1ef1c k\u1ef3 tho\u1ea3i m\u00e1i v\u1edbi v\u1ebb ngo\u00e0i sang tr\u1ecdng tr\u00ean s\u00e2n<\/p>\n<p style=\"text-align:center\"><img decoding=\"async\" alt=\"V\u1ee3t Pickleball SLK Halo - XL ch\u00ednh h\u00e3ng t\u1ea1i Pickleball Vi\u1ec7t Nam\" class=\"lazy\" src=\"http:\/\/pickle-ball.vn\/wp-content\/uploads\/2024\/11\/ve1bba3t20pickleball20slk20halo20-20xl.jpg\" style=\"height:525px;width:750px\" title=\"V\u1ee3t Pickleball SLK Halo - XL ch\u00ednh h\u00e3ng t\u1ea1i Pickleball Vi\u1ec7t Nam\"><\/p>\n<p style=\"text-align:center\"><em>V\u1ee3t Pickleball SLK Halo &#8211; XL ch\u00ednh h\u00e3ng t\u1ea1i Pickleball Vi\u1ec7t Nam<\/em><\/p>\n<h2><strong>Th\u00f4ng s\u1ed1 k\u1ef9 thu\u1eadt V\u1ee3t Pickleball SLK Halo &#8211; XL ch\u00ednh h\u00e3ng<\/strong><\/h2>\n<p><strong>Power<\/strong><\/p>\n<ul>\n<li>Ph\u1ea1m vi tr\u1ecdng l\u01b0\u1ee3ng: 7,7 &#8211; 8,0 oz.<\/li>\n<li>Chi\u1ec1u d\u00e0i: T\u1ed1i \u0111a &#8211; 16\u201d | XL-16.4<\/li>\n<li>Chi\u1ec1u r\u1ed9ng: T\u1ed1i \u0111a 7,85\u201d | XL-7.4&#8243;<\/li>\n<li>M\u1eb7t: S\u1ee3i carbon th\u00f4 T700<\/li>\n<li>Chu vi tay c\u1ea7m: 4.0\u201d<\/li>\n<li>Tay c\u1ea7m: Tay c\u1ea7m gi\u1ea3 da SLK<\/li>\n<li>Chi\u1ec1u d\u00e0i tay c\u1ea7m: T\u1ed1i \u0111a &#8211; 4,85\u201d | XL-5.75<\/li>\n<li>L\u00f5i: L\u00f5i polymer \u0111i\u1ec1u khi\u1ec3n Rev-Core<\/li>\n<\/ul>\n<p><strong>Control<\/strong><\/p>\n<ul>\n<li>Ph\u1ea1m vi tr\u1ecdng l\u01b0\u1ee3ng: 7,7 &#8211; 8,0 oz.<\/li>\n<li>Chi\u1ec1u d\u00e0i: T\u1ed1i \u0111a &#8211; 16\u201d | XL-16.4<\/li>\n<li>Chi\u1ec1u r\u1ed9ng: T\u1ed1i \u0111a 7,85\u201d | XL-7.4<\/li>\n<li>M\u1eb7t: S\u1ee3i carbon th\u00f4 T700<\/li>\n<li>Chu vi tay c\u1ea7m: 4,35\u201d<\/li>\n<li>Tay c\u1ea7m: Tay c\u1ea7m gi\u1ea3 da SLK<\/li>\n<li>Chi\u1ec1u d\u00e0i tay c\u1ea7m: T\u1ed1i \u0111a &#8211; 4,85\u201d | XL-5.75<\/li>\n<li>L\u00f5i: L\u00f5i polymer \u0111i\u1ec1u khi\u1ec3n Rev-Core<\/li>\n<\/ul>\n<p><strong>V\u1ee3t Pickleball SLK Halo &#8211; XL<\/strong> ch\u00ednh h\u00e3ng \u0111ang c\u00f3 s\u1eb5n t\u1ea1i h\u1ec7 th\u1ed1ng ph\u00e2n ph\u1ed1i to\u00e0n qu\u1ed1c c\u1ee7a Pickleball Vi\u1ec7t Nam. H\u00e3y li\u00ean h\u1ec7 v\u1edbi ch\u00fang t\u00f4i \u0111\u1ec3 \u0111\u01b0\u1ee3c t\u01b0 v\u1ea5n, h\u1ed7 tr\u1ee3 chi ti\u1ebft nh\u1ea5t.<\/p>\n<\/p><\/div>\n<\/p><\/div>","protected":false},"excerpt":{"rendered":"<ul class=\"list-unstyled params\">\n<li class=\"btt\">Th\u00f4ng tin s\u1ea3n ph\u1ea9m:<\/li>\n<li class=\"dyn\">\n                                            <span class=\"n\">Nh\u00e0 cung c\u1ea5p:<\/span><br \/>\n                                            \t\t\t\t\t\t\t\t\t\t\t<span class=\"v\">Pickleball Vi\u1ec7t Nam<\/span>\n\t\t\t\t\t\t\t\t\t\t\t                                        <\/li>\n<li class=\"separator\">\n                                        <\/li>\n<li>\n                                            <span class=\"n\">Tr\u1ea1ng th\u00e1i:<\/span><br \/>\n                                            <span class=\"v\" style=\"font-weight:700;color: #d7000e\">T\u1ea1m h\u1ebft h\u00e0ng<\/span>\n                                        <\/li>\n<li>\n                                            <span class=\"n\">T\u00ecnh tr\u1ea1ng:<\/span><br \/>\n                                            <span class=\"v\">M\u1edbi 100%<\/span>\n                                        <\/li>\n<li>\n                                            <span class=\"n\">B\u1ea3o h\u00e0nh:<\/span><br \/>\n                                            <span class=\"v\">Ch\u00ednh h\u00e3ng<\/span>\n                                        <\/li>\n<li>\n<p>                                            <span class=\"n\">Giao h\u00e0ng:<\/span><br \/>\n                                            <span class=\"v\">To\u00e0n qu\u1ed1c<\/span>\n                                        <\/li>\n<\/ul>","protected":false},"featured_media":15582,"comment_status":"closed","ping_status":"closed","template":"","meta":[],"pwb-brand":[],"product_cat":[2836],"product_tag":[3248,25,3690,3724,3417,3691,3723],"class_list":{"0":"post-15581","1":"product","2":"type-product","3":"status-publish","4":"has-post-thumbnail","6":"product_cat-vot-pickleball","7":"product_tag-bong","8":"product_tag-man","9":"product_tag-pickleball-selkirk","10":"product_tag-slk-halo-xl","11":"product_tag-vot-pickleball","12":"product_tag-vot-pickleball-selkirk","13":"product_tag-vot-pickleball-slk-halo-xl","15":"first","16":"instock","17":"shipping-taxable","18":"product-type-simple"},"yoast_head":"<!-- This site is optimized with the Yoast SEO plugin v22.9 - https:\/\/yoast.com\/wordpress\/plugins\/seo\/ -->\n<title>V\u1ee3t PickleballV\u1ee3t Pickleball SLK Halo - XL - PickleBall Vi\u1ec7t Nam<\/title>\n<meta name=\"robots\" content=\"index, follow, max-snippet:-1, max-image-preview:large, max-video-preview:-1\" \/>\n<link rel=\"canonical\" href=\"https:\/\/pickle-ball.vn\/en\/-product-\/vot-pickleball\/vot-pickleball-vot-pickleball-slk-halo-xl\/\" \/>\n<meta name=\"twitter:label1\" content=\"Est. reading time\" \/>\n\t<meta name=\"twitter:data1\" content=\"3 minutes\" \/>\n<script type=\"application\/ld+json\" class=\"yoast-schema-graph\">{\"@context\":\"https:\/\/schema.org\",\"@graph\":[{\"@type\":\"WebPage\",\"@id\":\"https:\/\/pickle-ball.vn\/de\/-product-\/vot-pickleball\/vot-pickleball-vot-pickleball-slk-halo-xl\/\",\"url\":\"https:\/\/pickle-ball.vn\/de\/-product-\/vot-pickleball\/vot-pickleball-vot-pickleball-slk-halo-xl\/\",\"name\":\"V\u1ee3t PickleballV\u1ee3t Pickleball SLK Halo - XL - PickleBall Vi\u1ec7t Nam\",\"isPartOf\":{\"@id\":\"https:\/\/pickle-ball.vn\/ja\/#website\"},\"primaryImageOfPage\":{\"@id\":\"https:\/\/pickle-ball.vn\/de\/-product-\/vot-pickleball\/vot-pickleball-vot-pickleball-slk-halo-xl\/#primaryimage\"},\"image\":{\"@id\":\"https:\/\/pickle-ball.vn\/de\/-product-\/vot-pickleball\/vot-pickleball-vot-pickleball-slk-halo-xl\/#primaryimage\"},\"thumbnailUrl\":\"https:\/\/pickle-ball.vn\/wp-content\/uploads\/2024\/11\/vot-pickleball-slk-halo-xl-chinh-hang_720x720xcrop.webp\",\"datePublished\":\"2024-11-04T11:55:46+00:00\",\"dateModified\":\"2024-11-04T11:55:51+00:00\",\"breadcrumb\":{\"@id\":\"https:\/\/pickle-ball.vn\/de\/-product-\/vot-pickleball\/vot-pickleball-vot-pickleball-slk-halo-xl\/#breadcrumb\"},\"inLanguage\":\"en-US\",\"potentialAction\":[{\"@type\":\"ReadAction\",\"target\":[\"https:\/\/pickle-ball.vn\/de\/-product-\/vot-pickleball\/vot-pickleball-vot-pickleball-slk-halo-xl\/\"]}]},{\"@type\":\"ImageObject\",\"inLanguage\":\"en-US\",\"@id\":\"https:\/\/pickle-ball.vn\/de\/-product-\/vot-pickleball\/vot-pickleball-vot-pickleball-slk-halo-xl\/#primaryimage\",\"url\":\"https:\/\/pickle-ball.vn\/wp-content\/uploads\/2024\/11\/vot-pickleball-slk-halo-xl-chinh-hang_720x720xcrop.webp\",\"contentUrl\":\"https:\/\/pickle-ball.vn\/wp-content\/uploads\/2024\/11\/vot-pickleball-slk-halo-xl-chinh-hang_720x720xcrop.webp\",\"width\":720,\"height\":720,\"caption\":\"V\u1ee3t Pickleball SLK Halo - XL\"},{\"@type\":\"BreadcrumbList\",\"@id\":\"https:\/\/pickle-ball.vn\/de\/-product-\/vot-pickleball\/vot-pickleball-vot-pickleball-slk-halo-xl\/#breadcrumb\",\"itemListElement\":[{\"@type\":\"ListItem\",\"position\":1,\"name\":\"Home\",\"item\":\"https:\/\/pickle-ball.vn\/ja\/\"},{\"@type\":\"ListItem\",\"position\":2,\"name\":\"Shop\",\"item\":\"https:\/\/pickle-ball.vn\/vi\/shop\/\"},{\"@type\":\"ListItem\",\"position\":3,\"name\":\"V\u1ee3t PickleballV\u1ee3t Pickleball SLK Halo &#8211; XL\"}]},{\"@type\":\"WebSite\",\"@id\":\"https:\/\/pickle-ball.vn\/ja\/#website\",\"url\":\"https:\/\/pickle-ball.vn\/ja\/\",\"name\":\"Jabra\",\"description\":\"\",\"publisher\":{\"@id\":\"https:\/\/pickle-ball.vn\/ja\/#organization\"},\"potentialAction\":[{\"@type\":\"SearchAction\",\"target\":{\"@type\":\"EntryPoint\",\"urlTemplate\":\"https:\/\/pickle-ball.vn\/ja\/?s={search_term_string}\"},\"query-input\":\"required name=search_term_string\"}],\"inLanguage\":\"en-US\"},{\"@type\":\"Organization\",\"@id\":\"https:\/\/pickle-ball.vn\/ja\/#organization\",\"name\":\"Jabra\",\"url\":\"https:\/\/pickle-ball.vn\/ja\/\",\"logo\":{\"@type\":\"ImageObject\",\"inLanguage\":\"en-US\",\"@id\":\"https:\/\/pickle-ball.vn\/ja\/#\/schema\/logo\/image\/\",\"url\":\"\",\"contentUrl\":\"\",\"caption\":\"Jabra\"},\"image\":{\"@id\":\"https:\/\/pickle-ball.vn\/ja\/#\/schema\/logo\/image\/\"}}]}<\/script>\n<!-- \/ Yoast SEO plugin. -->","yoast_head_json":{"title":"V\u1ee3t PickleballV\u1ee3t Pickleball SLK Halo - XL - PickleBall Vi\u1ec7t Nam","robots":{"index":"index","follow":"follow","max-snippet":"max-snippet:-1","max-image-preview":"max-image-preview:large","max-video-preview":"max-video-preview:-1"},"canonical":"https:\/\/pickle-ball.vn\/en\/-product-\/vot-pickleball\/vot-pickleball-vot-pickleball-slk-halo-xl\/","twitter_misc":{"Est. reading time":"3 minutes"},"schema":{"@context":"https:\/\/schema.org","@graph":[{"@type":"WebPage","@id":"https:\/\/pickle-ball.vn\/de\/-product-\/vot-pickleball\/vot-pickleball-vot-pickleball-slk-halo-xl\/","url":"https:\/\/pickle-ball.vn\/de\/-product-\/vot-pickleball\/vot-pickleball-vot-pickleball-slk-halo-xl\/","name":"V\u1ee3t PickleballV\u1ee3t Pickleball SLK Halo - XL - PickleBall Vi\u1ec7t Nam","isPartOf":{"@id":"https:\/\/pickle-ball.vn\/ja\/#website"},"primaryImageOfPage":{"@id":"https:\/\/pickle-ball.vn\/de\/-product-\/vot-pickleball\/vot-pickleball-vot-pickleball-slk-halo-xl\/#primaryimage"},"image":{"@id":"https:\/\/pickle-ball.vn\/de\/-product-\/vot-pickleball\/vot-pickleball-vot-pickleball-slk-halo-xl\/#primaryimage"},"thumbnailUrl":"https:\/\/pickle-ball.vn\/wp-content\/uploads\/2024\/11\/vot-pickleball-slk-halo-xl-chinh-hang_720x720xcrop.webp","datePublished":"2024-11-04T11:55:46+00:00","dateModified":"2024-11-04T11:55:51+00:00","breadcrumb":{"@id":"https:\/\/pickle-ball.vn\/de\/-product-\/vot-pickleball\/vot-pickleball-vot-pickleball-slk-halo-xl\/#breadcrumb"},"inLanguage":"en-US","potentialAction":[{"@type":"ReadAction","target":["https:\/\/pickle-ball.vn\/de\/-product-\/vot-pickleball\/vot-pickleball-vot-pickleball-slk-halo-xl\/"]}]},{"@type":"ImageObject","inLanguage":"en-US","@id":"https:\/\/pickle-ball.vn\/de\/-product-\/vot-pickleball\/vot-pickleball-vot-pickleball-slk-halo-xl\/#primaryimage","url":"https:\/\/pickle-ball.vn\/wp-content\/uploads\/2024\/11\/vot-pickleball-slk-halo-xl-chinh-hang_720x720xcrop.webp","contentUrl":"https:\/\/pickle-ball.vn\/wp-content\/uploads\/2024\/11\/vot-pickleball-slk-halo-xl-chinh-hang_720x720xcrop.webp","width":720,"height":720,"caption":"V\u1ee3t Pickleball SLK Halo - XL"},{"@type":"BreadcrumbList","@id":"https:\/\/pickle-ball.vn\/de\/-product-\/vot-pickleball\/vot-pickleball-vot-pickleball-slk-halo-xl\/#breadcrumb","itemListElement":[{"@type":"ListItem","position":1,"name":"Home","item":"https:\/\/pickle-ball.vn\/ja\/"},{"@type":"ListItem","position":2,"name":"Shop","item":"https:\/\/pickle-ball.vn\/vi\/shop\/"},{"@type":"ListItem","position":3,"name":"V\u1ee3t PickleballV\u1ee3t Pickleball SLK Halo &#8211; XL"}]},{"@type":"WebSite","@id":"https:\/\/pickle-ball.vn\/ja\/#website","url":"https:\/\/pickle-ball.vn\/ja\/","name":"Jabra","description":"","publisher":{"@id":"https:\/\/pickle-ball.vn\/ja\/#organization"},"potentialAction":[{"@type":"SearchAction","target":{"@type":"EntryPoint","urlTemplate":"https:\/\/pickle-ball.vn\/ja\/?s={search_term_string}"},"query-input":"required name=search_term_string"}],"inLanguage":"en-US"},{"@type":"Organization","@id":"https:\/\/pickle-ball.vn\/ja\/#organization","name":"Jabra","url":"https:\/\/pickle-ball.vn\/ja\/","logo":{"@type":"ImageObject","inLanguage":"en-US","@id":"https:\/\/pickle-ball.vn\/ja\/#\/schema\/logo\/image\/","url":"","contentUrl":"","caption":"Jabra"},"image":{"@id":"https:\/\/pickle-ball.vn\/ja\/#\/schema\/logo\/image\/"}}]}},"brands":[],"_links":{"self":[{"href":"https:\/\/pickle-ball.vn\/en\/wp-json\/wp\/v2\/product\/15581","targetHints":{"allow":["GET"]}}],"collection":[{"href":"https:\/\/pickle-ball.vn\/en\/wp-json\/wp\/v2\/product"}],"about":[{"href":"https:\/\/pickle-ball.vn\/en\/wp-json\/wp\/v2\/types\/product"}],"replies":[{"embeddable":true,"href":"https:\/\/pickle-ball.vn\/en\/wp-json\/wp\/v2\/comments?post=15581"}],"wp:featuredmedia":[{"embeddable":true,"href":"https:\/\/pickle-ball.vn\/en\/wp-json\/wp\/v2\/media\/15582"}],"wp:attachment":[{"href":"https:\/\/pickle-ball.vn\/en\/wp-json\/wp\/v2\/media?parent=15581"}],"wp:term":[{"taxonomy":"pwb-brand","embeddable":true,"href":"https:\/\/pickle-ball.vn\/en\/wp-json\/wp\/v2\/pwb-brand?post=15581"},{"taxonomy":"product_cat","embeddable":true,"href":"https:\/\/pickle-ball.vn\/en\/wp-json\/wp\/v2\/product_cat?post=15581"},{"taxonomy":"product_tag","embeddable":true,"href":"https:\/\/pickle-ball.vn\/en\/wp-json\/wp\/v2\/product_tag?post=15581"}],"curies":[{"name":"wp","href":"https:\/\/api.w.org\/{rel}","templated":true}]}}