{"id":15588,"date":"2024-11-04T19:00:35","date_gmt":"2024-11-04T12:00:35","guid":{"rendered":"http:\/\/pickle-ball.vn\/-product-\/uncategorized\/vot-pickleball-vot-pickleball-slk-parris-todd-signature-halo-xl-control\/"},"modified":"2024-11-04T19:00:38","modified_gmt":"2024-11-04T12:00:38","slug":"vot-pickleball-vot-pickleball-slk-parris-todd-signature-halo-xl-control","status":"publish","type":"product","link":"https:\/\/pickle-ball.vn\/es\/-product-\/vot-pickleball\/vot-pickleball-vot-pickleball-slk-parris-todd-signature-halo-xl-control\/","title":{"rendered":"V\u1ee3t PickleballV\u1ee3t Pickleball SLK Parris Todd Signature Halo &#8211; XL &#8211; Control"},"content":{"rendered":"<div role=\"tabpanel\" class=\"tab-pane active\" id=\"tab-product-info\">\n<div class=\"vh-content\">\n<h2><strong>V\u1ee3t Pickleball Selkirk SLK Parris Todd Signature Halo &#8211; XL &#8211; Control<\/strong><\/h2>\n<p><strong>V\u1ee3t Pickleball Selkirk SLK Parris Todd Signature Halo &#8211; XL &#8211; Control<\/strong> n\u1ed5i b\u1eadt nh\u01b0 m\u1ed9t l\u1ef1a ch\u1ecdn tuy\u1ec7t v\u1eddi cho ng\u01b0\u1eddi ch\u01a1i \u1edf m\u1ecdi c\u1ea5p \u0111\u1ed9 k\u1ef9 n\u0103ng, t\u1eeb ng\u01b0\u1eddi m\u1edbi b\u1eaft \u0111\u1ea7u \u0111\u1ebfn chuy\u00ean gia. N\u00f3 ph\u1ee5c v\u1ee5 cho nh\u1eefng ng\u01b0\u1eddi coi tr\u1ecdng \u0111\u1ed9 xo\u00e1y v\u00e0 kh\u1ea3 n\u0103ng ki\u1ec3m so\u00e1t v\u01b0\u1ee3t tr\u1ed9i trong c\u00e1c tr\u1eadn \u0111\u1ea5u c\u1ee7a h\u1ecd. Tr\u1ea3i nghi\u1ec7m tr\u00f2 ch\u01a1i m\u1ed9t c\u00e1ch t\u1ed1t nh\u1ea5t v\u1edbi v\u1ee3t Parris Todd Signature, c\u00f3 vi\u1ec1n b\u1ea3o v\u1ec7 v\u00e0 b\u0103ng d\u00ednh m\u00e0u xanh b\u0103ng.<\/p>\n<p style=\"text-align:center\"><img decoding=\"async\" alt=\"V\u1ee3t Pickleball\u00a0SLK Parris Todd Signature Halo - XL - Control\" class=\"lazy\" src=\"http:\/\/pickle-ball.vn\/wp-content\/uploads\/2024\/11\/slk-parris-todd-signature-halo-xl-control.webp\" style=\"height:525px;width:750px\" title=\"V\u1ee3t Pickleball\u00a0SLK Parris Todd Signature Halo - XL - Control\"><\/p>\n<p style=\"text-align:center\"><strong><em>V\u1ee3t Pickleball SLK Parris Todd Signature Halo &#8211; XL &#8211; Control<\/em><\/strong><\/p>\n<h3><strong>\u0110\u1eb7c \u0111i\u1ec3m n\u1ed5i b\u1eadt c\u1ee7a SLK Parris Todd Signature Halo &#8211; XL &#8211; Control<\/strong><\/h3>\n<p>&#8211; S\u1ee9c m\u1ea1nh: K\u1ebft h\u1ee3p l\u00f5i tr\u1ee3 l\u1ef1c 13 mm m\u1ea1nh m\u1ebd v\u1edbi \u0111i\u1ec3m ng\u1ecdt l\u1edbn, Rev-Core Power Polymer Core \u0111\u01b0\u1ee3c thi\u1ebft k\u1ebf \u0111\u1ec3 th\u1ed1ng tr\u1ecb s\u00e2n \u0111\u1ea5u.<\/p>\n<p>&#8211; Ki\u1ec3m so\u00e1t: K\u1ebft h\u1ee3p l\u00f5i v\u1ee3t pickleball 16 mm c\u00f3 th\u1ec3 \u0111i\u1ec1u khi\u1ec3n r\u1ea5t d\u1ec5 d\u00e0ng v\u1edbi \u0111i\u1ec3m ng\u1ecdt c\u1ef1c l\u1edbn, Rev-Core Control Polymer Core \u0111\u01b0\u1ee3c thi\u1ebft k\u1ebf \u0111\u1ec3 mang \u0111\u1ebfn cho b\u1ea1n kh\u1ea3 n\u0103ng ki\u1ec3m so\u00e1t t\u1ed1i \u01b0u.<\/p>\n<p>&#8211; Edgesentry: T\u1ea5m b\u1ea3o v\u1ec7 c\u1ea1nh c\u00f3 c\u1ea5u h\u00ecnh th\u1ea5p, nh\u1eb9, b\u1ec1n gi\u00fap V\u1ee3t Pickleball Selkirk ch\u1eafc ch\u1eafn v\u00e0 c\u00e2n b\u1eb1ng t\u1ed1t.<\/p>\n<p>&#8211; S\u1ee3i carbon th\u00f4 T700: \u0110\u01b0\u1ee3c ph\u00e1t tri\u1ec3n \u0111\u1ec3 th\u1ed1ng tr\u1ecb tr\u00f2 ch\u01a1i, S\u1ee3i carbon th\u00f4 T700 c\u00f3 C\u00f4ng ngh\u1ec7 quay th\u00f4 mang \u0111\u1ebfn kh\u1ea3 n\u0103ng ki\u1ec3m so\u00e1t v\u00e0 \u0111\u1ed9 xo\u00e1y t\u1ed1i \u01b0u.<\/p>\n<p>&#8211; Tay c\u1ea7m gi\u1ea3 da SLK: \u0110\u01b0\u1ee3c t\u1ea1o ra \u0111\u1ec3 c\u1ea7m n\u1eafm ch\u1eafc ch\u1eafn, tay c\u1ea7m gi\u1ea3 da SLK c\u00f3 \u0111\u1ec7m \u1ed5n \u0111\u1ecbnh v\u00e0 c\u1ef1c k\u1ef3 tho\u1ea3i m\u00e1i v\u1edbi v\u1ebb ngo\u00e0i sang tr\u1ecdng tr\u00ean s\u00e2n.<\/p>\n<p style=\"text-align:center\"><img decoding=\"async\" alt=\"V\u1ee3t Pickleball\u00a0SLK Parris Todd Signature Halo - XL - Control\" class=\"lazy\" src=\"http:\/\/pickle-ball.vn\/wp-content\/uploads\/2024\/11\/slk-parris-todd-signature-halo-xl-control-01.webp\" style=\"height:525px;width:750px\" title=\"V\u1ee3t Pickleball\u00a0SLK Parris Todd Signature Halo - XL - Control\"><\/p>\n<p style=\"text-align:center\"><em>V\u1ee3t Pickleball SLK Parris Todd Signature Halo &#8211; XL &#8211; Control<\/em><\/p>\n<h2><strong>Th\u00f4ng s\u1ed1 k\u1ef9 thu\u1eadt SLK Parris Todd Signature Halo &#8211; XL &#8211; Control<\/strong><\/h2>\n<p><strong>Power<\/strong><\/p>\n<p>Ph\u1ea1m vi tr\u1ecdng l\u01b0\u1ee3ng: 7,7 &#8211; 8,0 oz.<\/p>\n<p>Chi\u1ec1u d\u00e0i: T\u1ed1i \u0111a &#8211; 16\u201d | XL-16.4&#8243;<\/p>\n<p>Chi\u1ec1u r\u1ed9ng: T\u1ed1i \u0111a 7,85\u201d | XL-7.4&#8243;<\/p>\n<p>M\u1eb7t: S\u1ee3i carbon th\u00f4 T700<\/p>\n<p>Chu vi tay c\u1ea7m: 4.0\u201d<\/p>\n<p>Tay c\u1ea7m: Tay c\u1ea7m gi\u1ea3 da SLK<\/p>\n<p>Chi\u1ec1u d\u00e0i tay c\u1ea7m: T\u1ed1i \u0111a &#8211; 4,85\u201d | XL-5.75&#8243;<\/p>\n<p>L\u00f5i: L\u00f5i polymer \u0111i\u1ec1u khi\u1ec3n Rev-Core<\/p>\n<p><strong>Control<\/strong><\/p>\n<p>Ph\u1ea1m vi tr\u1ecdng l\u01b0\u1ee3ng: 7,7 &#8211; 8,0 oz.<\/p>\n<p>Chi\u1ec1u d\u00e0i: T\u1ed1i \u0111a &#8211; 16\u201d | XL-16.4&#8243;<\/p>\n<p>Chi\u1ec1u r\u1ed9ng: T\u1ed1i \u0111a 7,85\u201d | XL-7.4&#8243;<\/p>\n<p>M\u1eb7t: S\u1ee3i carbon th\u00f4 T700<\/p>\n<p>Chu vi tay c\u1ea7m: 4,35\u201d<\/p>\n<p>Tay c\u1ea7m: Tay c\u1ea7m gi\u1ea3 da SLK<\/p>\n<p>Chi\u1ec1u d\u00e0i tay c\u1ea7m: T\u1ed1i \u0111a &#8211; 4,85\u201d | XL-5.75&#8243;<\/p>\n<p>L\u00f5i: L\u00f5i polymer \u0111i\u1ec1u khi\u1ec3n Rev-Core<\/p>\n<p><strong>V\u1ee3t Pickleball SLK Parris Todd Signature Halo &#8211; XL &#8211; Control<\/strong>, ph\u1ee5c v\u1ee5 cho nh\u1eefng ng\u01b0\u1eddi coi tr\u1ecdng \u0111\u1ed9 xo\u00e1y v\u00e0 kh\u1ea3 n\u0103ng ki\u1ec3m so\u00e1t v\u01b0\u1ee3t tr\u1ed9i trong c\u00e1c tr\u1eadn \u0111\u1ea5u c\u1ee7a h\u1ecd. V\u1ee3t \u0111ang c\u00f3 s\u1eb5n t\u1ea1i t\u1ea5t c\u1ea3 c\u00e1c \u0111\u1ea1i l\u00fd thu\u1ed9c chu\u1ed5i ph\u00e2n ph\u1ed1i c\u1ee7a Pickleball Vi\u1ec7t Nam tr\u00ean kh\u1eafp c\u1ea3 n\u01b0\u1edbc. H\u00e3y li\u00ean h\u1ec7 v\u1edbi ch\u00fang t\u00f4i \u0111\u1ec3 \u0111\u01b0\u1ee3c t\u01b0 v\u1ea5n, h\u1ed7 tr\u1ee3.<\/p>\n<\/p><\/div>\n<\/p><\/div>","protected":false},"excerpt":{"rendered":"<ul class=\"list-unstyled params\">\n<li class=\"btt\">Th\u00f4ng tin s\u1ea3n ph\u1ea9m:<\/li>\n<li class=\"dyn\">\n                                            <span class=\"n\">Nh\u00e0 cung c\u1ea5p:<\/span><br \/>\n                                            \t\t\t\t\t\t\t\t\t\t\t<span class=\"v\">Pickleball Vi\u1ec7t Nam<\/span>\n\t\t\t\t\t\t\t\t\t\t\t                                        <\/li>\n<li class=\"separator\">\n                                        <\/li>\n<li>\n                                            <span class=\"n\">Tr\u1ea1ng th\u00e1i:<\/span><br \/>\n                                            <span class=\"v\" style=\"font-weight:700;color: #d7000e\">T\u1ea1m h\u1ebft h\u00e0ng<\/span>\n                                        <\/li>\n<li>\n                                            <span class=\"n\">T\u00ecnh tr\u1ea1ng:<\/span><br \/>\n                                            <span class=\"v\">M\u1edbi 100%<\/span>\n                                        <\/li>\n<li>\n                                            <span class=\"n\">B\u1ea3o h\u00e0nh:<\/span><br \/>\n                                            <span class=\"v\">Ch\u00ednh h\u00e3ng<\/span>\n                                        <\/li>\n<li>\n<p>                                            <span class=\"n\">Giao h\u00e0ng:<\/span><br \/>\n                                            <span class=\"v\">To\u00e0n qu\u1ed1c<\/span>\n                                        <\/li>\n<\/ul>","protected":false},"featured_media":15589,"comment_status":"closed","ping_status":"closed","template":"","meta":[],"pwb-brand":[],"product_cat":[2836],"product_tag":[25,3690,3727,3417,3691,3726],"class_list":{"0":"post-15588","1":"product","2":"type-product","3":"status-publish","4":"has-post-thumbnail","6":"product_cat-vot-pickleball","7":"product_tag-man","8":"product_tag-pickleball-selkirk","9":"product_tag-slk-parris-todd-signature-halo-xl-control","10":"product_tag-vot-pickleball","11":"product_tag-vot-pickleball-selkirk","12":"product_tag-vot-selkirk","14":"first","15":"instock","16":"shipping-taxable","17":"product-type-simple"},"yoast_head":"<!-- This site is optimized with the Yoast SEO plugin v22.9 - https:\/\/yoast.com\/wordpress\/plugins\/seo\/ -->\n<title>V\u1ee3t PickleballV\u1ee3t Pickleball SLK Parris Todd Signature Halo - XL - Control - PickleBall Vi\u1ec7t Nam<\/title>\n<meta name=\"robots\" content=\"index, follow, max-snippet:-1, max-image-preview:large, max-video-preview:-1\" \/>\n<link rel=\"canonical\" href=\"https:\/\/pickle-ball.vn\/es\/-product-\/vot-pickleball\/vot-pickleball-vot-pickleball-slk-parris-todd-signature-halo-xl-control\/\" \/>\n<meta name=\"twitter:label1\" content=\"Tiempo de lectura\" \/>\n\t<meta name=\"twitter:data1\" content=\"3 minutos\" \/>\n<script type=\"application\/ld+json\" class=\"yoast-schema-graph\">{\"@context\":\"https:\/\/schema.org\",\"@graph\":[{\"@type\":\"WebPage\",\"@id\":\"https:\/\/pickle-ball.vn\/fr\/-product-\/vot-pickleball\/vot-pickleball-vot-pickleball-slk-parris-todd-signature-halo-xl-control\/\",\"url\":\"https:\/\/pickle-ball.vn\/fr\/-product-\/vot-pickleball\/vot-pickleball-vot-pickleball-slk-parris-todd-signature-halo-xl-control\/\",\"name\":\"V\u1ee3t PickleballV\u1ee3t Pickleball SLK Parris Todd Signature Halo - XL - Control - PickleBall Vi\u1ec7t Nam\",\"isPartOf\":{\"@id\":\"https:\/\/pickle-ball.vn\/ja\/#website\"},\"primaryImageOfPage\":{\"@id\":\"https:\/\/pickle-ball.vn\/fr\/-product-\/vot-pickleball\/vot-pickleball-vot-pickleball-slk-parris-todd-signature-halo-xl-control\/#primaryimage\"},\"image\":{\"@id\":\"https:\/\/pickle-ball.vn\/fr\/-product-\/vot-pickleball\/vot-pickleball-vot-pickleball-slk-parris-todd-signature-halo-xl-control\/#primaryimage\"},\"thumbnailUrl\":\"https:\/\/pickle-ball.vn\/wp-content\/uploads\/2024\/11\/slk-parris-todd-signature-halo-xl-control_720x720xcrop.webp\",\"datePublished\":\"2024-11-04T12:00:35+00:00\",\"dateModified\":\"2024-11-04T12:00:38+00:00\",\"breadcrumb\":{\"@id\":\"https:\/\/pickle-ball.vn\/fr\/-product-\/vot-pickleball\/vot-pickleball-vot-pickleball-slk-parris-todd-signature-halo-xl-control\/#breadcrumb\"},\"inLanguage\":\"es\",\"potentialAction\":[{\"@type\":\"ReadAction\",\"target\":[\"https:\/\/pickle-ball.vn\/fr\/-product-\/vot-pickleball\/vot-pickleball-vot-pickleball-slk-parris-todd-signature-halo-xl-control\/\"]}]},{\"@type\":\"ImageObject\",\"inLanguage\":\"es\",\"@id\":\"https:\/\/pickle-ball.vn\/fr\/-product-\/vot-pickleball\/vot-pickleball-vot-pickleball-slk-parris-todd-signature-halo-xl-control\/#primaryimage\",\"url\":\"https:\/\/pickle-ball.vn\/wp-content\/uploads\/2024\/11\/slk-parris-todd-signature-halo-xl-control_720x720xcrop.webp\",\"contentUrl\":\"https:\/\/pickle-ball.vn\/wp-content\/uploads\/2024\/11\/slk-parris-todd-signature-halo-xl-control_720x720xcrop.webp\",\"width\":720,\"height\":720,\"caption\":\"SLK Parris Todd Signature Halo - XL - Control\"},{\"@type\":\"BreadcrumbList\",\"@id\":\"https:\/\/pickle-ball.vn\/fr\/-product-\/vot-pickleball\/vot-pickleball-vot-pickleball-slk-parris-todd-signature-halo-xl-control\/#breadcrumb\",\"itemListElement\":[{\"@type\":\"ListItem\",\"position\":1,\"name\":\"Home\",\"item\":\"https:\/\/pickle-ball.vn\/ja\/\"},{\"@type\":\"ListItem\",\"position\":2,\"name\":\"Shop\",\"item\":\"https:\/\/pickle-ball.vn\/vi\/shop\/\"},{\"@type\":\"ListItem\",\"position\":3,\"name\":\"V\u1ee3t PickleballV\u1ee3t Pickleball SLK Parris Todd Signature Halo &#8211; XL &#8211; Control\"}]},{\"@type\":\"WebSite\",\"@id\":\"https:\/\/pickle-ball.vn\/ja\/#website\",\"url\":\"https:\/\/pickle-ball.vn\/ja\/\",\"name\":\"Jabra\",\"description\":\"\",\"publisher\":{\"@id\":\"https:\/\/pickle-ball.vn\/ja\/#organization\"},\"potentialAction\":[{\"@type\":\"SearchAction\",\"target\":{\"@type\":\"EntryPoint\",\"urlTemplate\":\"https:\/\/pickle-ball.vn\/ja\/?s={search_term_string}\"},\"query-input\":\"required name=search_term_string\"}],\"inLanguage\":\"es\"},{\"@type\":\"Organization\",\"@id\":\"https:\/\/pickle-ball.vn\/ja\/#organization\",\"name\":\"Jabra\",\"url\":\"https:\/\/pickle-ball.vn\/ja\/\",\"logo\":{\"@type\":\"ImageObject\",\"inLanguage\":\"es\",\"@id\":\"https:\/\/pickle-ball.vn\/ja\/#\/schema\/logo\/image\/\",\"url\":\"\",\"contentUrl\":\"\",\"caption\":\"Jabra\"},\"image\":{\"@id\":\"https:\/\/pickle-ball.vn\/ja\/#\/schema\/logo\/image\/\"}}]}<\/script>\n<!-- \/ Yoast SEO plugin. -->","yoast_head_json":{"title":"V\u1ee3t PickleballV\u1ee3t Pickleball SLK Parris Todd Signature Halo - XL - Control - PickleBall Vi\u1ec7t Nam","robots":{"index":"index","follow":"follow","max-snippet":"max-snippet:-1","max-image-preview":"max-image-preview:large","max-video-preview":"max-video-preview:-1"},"canonical":"https:\/\/pickle-ball.vn\/es\/-product-\/vot-pickleball\/vot-pickleball-vot-pickleball-slk-parris-todd-signature-halo-xl-control\/","twitter_misc":{"Tiempo de lectura":"3 minutos"},"schema":{"@context":"https:\/\/schema.org","@graph":[{"@type":"WebPage","@id":"https:\/\/pickle-ball.vn\/fr\/-product-\/vot-pickleball\/vot-pickleball-vot-pickleball-slk-parris-todd-signature-halo-xl-control\/","url":"https:\/\/pickle-ball.vn\/fr\/-product-\/vot-pickleball\/vot-pickleball-vot-pickleball-slk-parris-todd-signature-halo-xl-control\/","name":"V\u1ee3t PickleballV\u1ee3t Pickleball SLK Parris Todd Signature Halo - XL - Control - PickleBall Vi\u1ec7t Nam","isPartOf":{"@id":"https:\/\/pickle-ball.vn\/ja\/#website"},"primaryImageOfPage":{"@id":"https:\/\/pickle-ball.vn\/fr\/-product-\/vot-pickleball\/vot-pickleball-vot-pickleball-slk-parris-todd-signature-halo-xl-control\/#primaryimage"},"image":{"@id":"https:\/\/pickle-ball.vn\/fr\/-product-\/vot-pickleball\/vot-pickleball-vot-pickleball-slk-parris-todd-signature-halo-xl-control\/#primaryimage"},"thumbnailUrl":"https:\/\/pickle-ball.vn\/wp-content\/uploads\/2024\/11\/slk-parris-todd-signature-halo-xl-control_720x720xcrop.webp","datePublished":"2024-11-04T12:00:35+00:00","dateModified":"2024-11-04T12:00:38+00:00","breadcrumb":{"@id":"https:\/\/pickle-ball.vn\/fr\/-product-\/vot-pickleball\/vot-pickleball-vot-pickleball-slk-parris-todd-signature-halo-xl-control\/#breadcrumb"},"inLanguage":"es","potentialAction":[{"@type":"ReadAction","target":["https:\/\/pickle-ball.vn\/fr\/-product-\/vot-pickleball\/vot-pickleball-vot-pickleball-slk-parris-todd-signature-halo-xl-control\/"]}]},{"@type":"ImageObject","inLanguage":"es","@id":"https:\/\/pickle-ball.vn\/fr\/-product-\/vot-pickleball\/vot-pickleball-vot-pickleball-slk-parris-todd-signature-halo-xl-control\/#primaryimage","url":"https:\/\/pickle-ball.vn\/wp-content\/uploads\/2024\/11\/slk-parris-todd-signature-halo-xl-control_720x720xcrop.webp","contentUrl":"https:\/\/pickle-ball.vn\/wp-content\/uploads\/2024\/11\/slk-parris-todd-signature-halo-xl-control_720x720xcrop.webp","width":720,"height":720,"caption":"SLK Parris Todd Signature Halo - XL - Control"},{"@type":"BreadcrumbList","@id":"https:\/\/pickle-ball.vn\/fr\/-product-\/vot-pickleball\/vot-pickleball-vot-pickleball-slk-parris-todd-signature-halo-xl-control\/#breadcrumb","itemListElement":[{"@type":"ListItem","position":1,"name":"Home","item":"https:\/\/pickle-ball.vn\/ja\/"},{"@type":"ListItem","position":2,"name":"Shop","item":"https:\/\/pickle-ball.vn\/vi\/shop\/"},{"@type":"ListItem","position":3,"name":"V\u1ee3t PickleballV\u1ee3t Pickleball SLK Parris Todd Signature Halo &#8211; XL &#8211; Control"}]},{"@type":"WebSite","@id":"https:\/\/pickle-ball.vn\/ja\/#website","url":"https:\/\/pickle-ball.vn\/ja\/","name":"Jabra","description":"","publisher":{"@id":"https:\/\/pickle-ball.vn\/ja\/#organization"},"potentialAction":[{"@type":"SearchAction","target":{"@type":"EntryPoint","urlTemplate":"https:\/\/pickle-ball.vn\/ja\/?s={search_term_string}"},"query-input":"required name=search_term_string"}],"inLanguage":"es"},{"@type":"Organization","@id":"https:\/\/pickle-ball.vn\/ja\/#organization","name":"Jabra","url":"https:\/\/pickle-ball.vn\/ja\/","logo":{"@type":"ImageObject","inLanguage":"es","@id":"https:\/\/pickle-ball.vn\/ja\/#\/schema\/logo\/image\/","url":"","contentUrl":"","caption":"Jabra"},"image":{"@id":"https:\/\/pickle-ball.vn\/ja\/#\/schema\/logo\/image\/"}}]}},"brands":[],"_links":{"self":[{"href":"https:\/\/pickle-ball.vn\/es\/wp-json\/wp\/v2\/product\/15588","targetHints":{"allow":["GET"]}}],"collection":[{"href":"https:\/\/pickle-ball.vn\/es\/wp-json\/wp\/v2\/product"}],"about":[{"href":"https:\/\/pickle-ball.vn\/es\/wp-json\/wp\/v2\/types\/product"}],"replies":[{"embeddable":true,"href":"https:\/\/pickle-ball.vn\/es\/wp-json\/wp\/v2\/comments?post=15588"}],"wp:featuredmedia":[{"embeddable":true,"href":"https:\/\/pickle-ball.vn\/es\/wp-json\/wp\/v2\/media\/15589"}],"wp:attachment":[{"href":"https:\/\/pickle-ball.vn\/es\/wp-json\/wp\/v2\/media?parent=15588"}],"wp:term":[{"taxonomy":"pwb-brand","embeddable":true,"href":"https:\/\/pickle-ball.vn\/es\/wp-json\/wp\/v2\/pwb-brand?post=15588"},{"taxonomy":"product_cat","embeddable":true,"href":"https:\/\/pickle-ball.vn\/es\/wp-json\/wp\/v2\/product_cat?post=15588"},{"taxonomy":"product_tag","embeddable":true,"href":"https:\/\/pickle-ball.vn\/es\/wp-json\/wp\/v2\/product_tag?post=15588"}],"curies":[{"name":"wp","href":"https:\/\/api.w.org\/{rel}","templated":true}]}}