{"id":15686,"date":"2024-11-05T11:05:30","date_gmt":"2024-11-05T04:05:30","guid":{"rendered":"http:\/\/pickle-ball.vn\/-product-\/uncategorized\/balo-pickleball-six-zero-pro-tour-bag\/"},"modified":"2024-11-05T11:05:40","modified_gmt":"2024-11-05T04:05:40","slug":"balo-pickleball-six-zero-pro-tour-bag","status":"publish","type":"product","link":"https:\/\/pickle-ball.vn\/es\/-product-\/phu-kien-pickleball\/balo-pickleball-six-zero-pro-tour-bag\/","title":{"rendered":"Balo Pickleball Six Zero Pro Tour Bag"},"content":{"rendered":"<div role=\"tabpanel\" class=\"tab-pane active\" id=\"tab-product-info\">\n<div class=\"vh-content\">\n<h2><strong>Balo Pickleball Six Zero Pro Tour Bag ch\u00ednh h\u00e3ng, gi\u00e1 t\u1ed1t<\/strong><\/h2>\n<p>Six Zero Pro Tour Bag \u0111\u01b0\u1ee3c thi\u1ebft k\u1ebf ri\u00eang cho ng\u01b0\u1eddi ch\u01a1i Pickleball n\u0103ng \u0111\u1ed9ng, chi\u1ebfc balo n\u00e0y c\u00f3 \u0111\u1ee7 kh\u00f4ng gian l\u01b0u tr\u1eef \u0111\u1ec3 mang theo t\u1ed1i \u0111a 6 c\u00e2y v\u1ee3t pickleball v\u00e0 t\u1ea5t c\u1ea3 c\u00e1c thi\u1ebft b\u1ecb c\u1ea7n thi\u1ebft cho m\u1ed9t ng\u00e0y ch\u01a1i \u0111\u1ea7y h\u00e0nh \u0111\u1ed9ng.<\/p>\n<p style=\"text-align:center\"><img decoding=\"async\" alt=\"Balo Pickleball Six Zero Pro Tour Bag\" class=\"lazy\" src=\"http:\/\/pickle-ball.vn\/wp-content\/uploads\/2024\/11\/six-zero-pro-tour-bag.webp\" style=\"height:750px;width:750px\" title=\"Balo Pickleball Six Zero Pro Tour Bag\"><\/p>\n<p>Nh\u01b0ng Six Zero Pro Tour Bag kh\u00f4ng ch\u1ec9 l\u00e0 m\u1ed9t v\u1eadt d\u1ee5ng \u0111\u1ef1ng v\u1ee3t, n\u00f3 c\u00f2n \u0111\u01b0\u1ee3c t\u00edch h\u1ee3p nhi\u1ec1u t\u00ednh n\u0103ng th\u00e2n thi\u1ec7n v\u1edbi ng\u01b0\u1eddi d\u00f9ng \u0111\u1ec3 n\u00e2ng cao tr\u1ea3i nghi\u1ec7m ch\u01a1i pickleball c\u1ee7a b\u1ea1n.<\/p>\n<p>&#8211; C\u00f3 hai t\u00fai b\u00ean h\u00f4ng l\u00f3t \u0111\u1ec7m c\u00e1ch nhi\u1ec7t, m\u1ed7i t\u00fai c\u00f3 th\u1ec3 \u0111\u1ef1ng v\u1eeba ba m\u00e1i ch\u00e8o m\u1ed9t c\u00e1ch d\u1ec5 d\u00e0ng.<\/p>\n<p>&#8211; Ng\u0103n th\u00f4ng gi\u00f3 \u0111\u1ec3 gi\u00e0y d\u00e9p, \u0111\u1ea3m b\u1ea3o gi\u00e0y lu\u00f4n m\u1edbi v\u00e0 s\u1eb5n s\u00e0ng s\u1eed d\u1ee5ng.<\/p>\n<p>&#8211; T\u00fai l\u00f3t nhi\u1ec7t l\u1edbn \u0111\u1ec3 \u0111\u1ef1ng \u0111\u1ed3 linh ho\u1ea1t ho\u1eb7c gi\u1eef cho \u0111\u1ed3 u\u1ed1ng c\u1ee7a b\u1ea1n m\u00e1t l\u1ea1nh v\u00e0 ngon mi\u1ec7ng.<\/p>\n<p>&#8211; T\u00fai \u0111\u1ef1ng b\u00ean trong r\u1ed9ng r\u00e3i \u0111\u1ec3 s\u1eafp x\u1ebfp \u0111\u1ed3 \u0111\u1ea1c m\u1ed9t c\u00e1ch c\u00f3 h\u1ec7 th\u1ed1ng, c\u00f3 ng\u0103n k\u00e9o kh\u00f3a ri\u00eang v\u00e0 kh\u00f4ng gian l\u01b0\u1edbi ng\u0103n n\u1eafp b\u1ed5 sung.<\/p>\n<p>&#8211; Ng\u0103n d\u01b0\u1edbi k\u00edn \u0111\u00e1o \u0111\u1ec3 c\u1ea5t qu\u1ea7n \u00e1o b\u1ea9n ho\u1eb7c c\u00e1c v\u1eadt d\u1ee5ng kh\u00e1c.<\/p>\n<p>&#8211; M\u00f3c treo t\u00edch h\u1ee3p gi\u00fap b\u1ea1n treo t\u00fai d\u1ec5 d\u00e0ng.<\/p>\n<p>&#8211; Khu v\u1ef1c ri\u00eang bi\u1ec7t b\u00ean ngo\u00e0i v\u1edbi c\u00e1c ng\u0103n \u0111\u1ef1ng ri\u00eang \u0111\u1ec3 b\u1ea1n c\u1ea5t v\u00ed, ch\u00eca kh\u00f3a, k\u00ednh m\u00e1t v\u00e0 \u0111i\u1ec7n tho\u1ea1i.<\/p>\n<p style=\"text-align:center\"><img decoding=\"async\" alt=\"Balo Pickleball Six Zero Pro Tour Bag\" class=\"lazy\" src=\"http:\/\/pickle-ball.vn\/wp-content\/uploads\/2024\/11\/six-zero-pro-tour-bag-02.webp\" style=\"height:750px;width:750px\" title=\"Balo Pickleball Six Zero Pro Tour Bag\"><\/p>\n<p>B\u00e2y gi\u1edd, ch\u00fang ta h\u00e3y n\u00f3i v\u1ec1 phong c\u00e1ch. T\u00fai Pro Tour c\u00f3 hai s\u1ef1 k\u1ebft h\u1ee3p m\u00e0u s\u1eafc trang nh\u00e3 v\u1edbi c\u00e1c \u0111\u01b0\u1eddng n\u00e9t \u0111\u1eb7c tr\u01b0ng c\u1ee7a th\u01b0\u01a1ng hi\u1ec7u: M\u1ed9t chi\u1ebfc t\u00fai m\u00e0u \u0111en tinh t\u1ebf \u0111\u01b0\u1ee3c trang tr\u00ed b\u1eb1ng nh\u1eefng \u0111i\u1ec3m nh\u1ea5n m\u00e0u tr\u1eafng tinh kh\u00f4i, to\u00e1t l\u00ean v\u1ebb quy\u1ebfn r\u0169 v\u01b0\u1ee3t th\u1eddi gian v\u00e0 th\u1ec3 thao.<\/p>\n<p>Chi\u1ebfc t\u00fai m\u00e0u \u0111en n\u1ed5i b\u1eadt v\u1edbi \u0111i\u1ec3m nh\u1ea5n l\u00e0 h\u1ecda ti\u1ebft hoa anh \u0111\u00e0o m\u00e0u h\u1ed3ng tinh t\u1ebf, mang \u0111\u1ebfn n\u00e9t tinh t\u1ebf cho b\u1ed9 trang ph\u1ee5c c\u1ee7a b\u1ea1n.<\/p>\n<p>S\u1ef1 tho\u1ea3i m\u00e1i \u0111\u01b0\u1ee3c \u01b0u ti\u00ean, v\u1edbi d\u00e2y \u0111eo vai ti\u1ec7n d\u1ee5ng c\u00f3 th\u1ec3 d\u1ec5 d\u00e0ng chuy\u1ec3n \u0111\u1ed5i th\u00e0nh quai x\u00e1ch t\u00fai du l\u1ecbch. L\u1edbp v\u1ecf ngo\u00e0i b\u1eb1ng s\u1ee3i carbon ch\u1eafc ch\u1eafn \u0111\u1ea3m b\u1ea3o thi\u1ebft b\u1ecb c\u1ee7a b\u1ea1n lu\u00f4n an to\u00e0n v\u00e0 kh\u00f4 r\u00e1o, b\u1ea5t k\u1ec3 \u0111i\u1ec1u ki\u1ec7n th\u1eddi ti\u1ebft.<\/p>\n<p>V\u1edbi thi\u1ebft k\u1ebf hi\u1ec7n \u0111\u1ea1i, nhi\u1ec1u l\u1ef1a ch\u1ecdn ph\u1ed1i m\u00e0u h\u1ea5p d\u1eabn v\u00e0 nhi\u1ec1u y\u1ebfu t\u1ed1 thi\u1ebft th\u1ef1c, T\u00fai Six Zero Pro Tour l\u00e0 ng\u01b0\u1eddi b\u1ea1n \u0111\u1ed3ng h\u00e0nh kh\u00f4ng th\u1ec3 thi\u1ebfu cho nh\u1eefng ng\u01b0\u1eddi \u0111am m\u00ea pickleball. H\u00e3y s\u1eb5n s\u00e0ng cho tr\u1eadn \u0111\u1ea5u ti\u1ebfp theo c\u1ee7a b\u1ea1n theo phong c\u00e1ch v\u00e0 v\u1edbi t\u1ea5t c\u1ea3 c\u00e1c thi\u1ebft b\u1ecb c\u1ee7a b\u1ea1n \u0111\u01b0\u1ee3c s\u1eafp x\u1ebfp ho\u00e0n h\u1ea3o.<\/p>\n<p style=\"text-align:center\"><img decoding=\"async\" alt=\"Balo Pickleball Six Zero Pro Tour Bag\" class=\"lazy\" src=\"http:\/\/pickle-ball.vn\/wp-content\/uploads\/2024\/11\/six-zero-pro-tour-bag-04.webp\" style=\"height:750px;width:750px\" title=\"Balo Pickleball Six Zero Pro Tour Bag\"><\/p>\n<h3><strong>Th\u00f4ng s\u1ed1 k\u1ef9 thu\u1eadt Balo Six Zero Pro Tour Bag<\/strong><\/h3>\n<p>Chi\u1ec1u d\u00e0i &#8211; 25in \/ 65cm<\/p>\n<p>Chi\u1ec1u cao &#8211; 12in \/ 30cm<\/p>\n<p>Chi\u1ec1u r\u1ed9ng &#8211; 16in \/ 40cm<\/p>\n<p>Tr\u1ecdng l\u01b0\u1ee3ng &#8211; 2,8lbs \/ 1,3kg<\/p>\n<p>M\u1ecdi nhu c\u1ea7u b\u00e1o gi\u00e1, \u0111\u1eb7t mua vui l\u00f2ng li\u00ean h\u1ec7 v\u1edbi ch\u00fang t\u00f4i HOTLINE: 0.87654321.9 \u0111\u1ec3 \u0111\u01b0\u1ee3c t\u01b0 v\u1ea5n, h\u1ed7 tr\u1ee3.<\/p>\n<\/p><\/div>\n<\/p><\/div>","protected":false},"excerpt":{"rendered":"<ul class=\"list-unstyled params\">\n<li class=\"btt\">Th\u00f4ng tin s\u1ea3n ph\u1ea9m:<\/li>\n<li class=\"dyn\">\n                                            <span class=\"n\">Th\u01b0\u01a1ng hi\u1ec7u:<\/span><br \/>\n\t\t\t\t\t\t\t\t\t\t\t<span class=\"v\"><b>Six Zero<\/b><\/span>\n                                        <\/li>\n<li class=\"dyn\">\n                                            <span class=\"n\">Nh\u00e0 cung c\u1ea5p:<\/span><br \/>\n                                            \t\t\t\t\t\t\t\t\t\t\t<span class=\"v\">Pickleball Vi\u1ec7t Nam<\/span>\n\t\t\t\t\t\t\t\t\t\t\t                                        <\/li>\n<li class=\"dyn\">\n                                            <span class=\"n\">Lo\u1ea1i s\u1ea3n ph\u1ea9m:<\/span><br \/>\n                                            <span class=\"v\">Balo Pickleball<\/span>\n                                        <\/li>\n<li class=\"separator\">\n                                        <\/li>\n<li>\n                                            <span class=\"n\">Tr\u1ea1ng th\u00e1i:<\/span><br \/>\n                                            <span class=\"v\" style=\"font-weight:700;color: #d7000e\">\u0110\u1eb7t mua tr\u01b0\u1edbc<\/span>\n                                        <\/li>\n<li>\n                                            <span class=\"n\">Tr\u1ecdng l\u01b0\u1ee3ng:<\/span><br \/>\n                                            <span class=\"v\">1.3kg<\/span>\n                                        <\/li>\n<li>\n                                            <span class=\"n\">T\u00ecnh tr\u1ea1ng:<\/span><br \/>\n                                            <span class=\"v\">M\u1edbi 100%<\/span>\n                                        <\/li>\n<li>\n                                            <span class=\"n\">B\u1ea3o h\u00e0nh:<\/span><br \/>\n                                            <span class=\"v\">Ch\u00ednh h\u00e3ng<\/span>\n                                        <\/li>\n<li>\n<p>                                            <span class=\"n\">Giao h\u00e0ng:<\/span><br \/>\n                                            <span class=\"v\">To\u00e0n qu\u1ed1c<\/span>\n                                        <\/li>\n<\/ul>","protected":false},"featured_media":15687,"comment_status":"closed","ping_status":"closed","template":"","meta":[],"pwb-brand":[3799],"product_cat":[3232],"product_tag":[46,3797,3801,3445,25,3798,3417],"class_list":{"0":"post-15686","1":"product","2":"type-product","3":"status-publish","4":"has-post-thumbnail","6":"pwb-brand-six-zero","7":"product_cat-phu-kien-pickleball","8":"product_tag-bag","9":"product_tag-balo-pickleball-six-zero-pro-tour-bag","10":"product_tag-balo-six-zero-pro-tour-bag","11":"product_tag-luoi","12":"product_tag-man","13":"product_tag-six-zero-pro-tour-bag","14":"product_tag-vot-pickleball","16":"first","17":"instock","18":"shipping-taxable","19":"product-type-simple"},"yoast_head":"<!-- This site is optimized with the Yoast SEO plugin v22.9 - https:\/\/yoast.com\/wordpress\/plugins\/seo\/ -->\n<title>Balo Pickleball Six Zero Pro Tour Bag - PickleBall Vi\u1ec7t Nam<\/title>\n<meta name=\"robots\" content=\"index, follow, max-snippet:-1, max-image-preview:large, max-video-preview:-1\" \/>\n<link rel=\"canonical\" href=\"http:\/\/pickle-ball.vn\/es\/-product-\/phu-kien-pickleball\/balo-pickleball-six-zero-pro-tour-bag\/\" \/>\n<meta name=\"twitter:label1\" content=\"Tiempo de lectura\" \/>\n\t<meta name=\"twitter:data1\" content=\"4 minutos\" \/>\n<script type=\"application\/ld+json\" class=\"yoast-schema-graph\">{\"@context\":\"https:\/\/schema.org\",\"@graph\":[{\"@type\":\"WebPage\",\"@id\":\"http:\/\/pickle-ball.vn\/ja\/-product-\/phu-kien-pickleball\/balo-pickleball-six-zero-pro-tour-bag\/\",\"url\":\"http:\/\/pickle-ball.vn\/ja\/-product-\/phu-kien-pickleball\/balo-pickleball-six-zero-pro-tour-bag\/\",\"name\":\"Balo Pickleball Six Zero Pro Tour Bag - PickleBall Vi\u1ec7t Nam\",\"isPartOf\":{\"@id\":\"https:\/\/pickle-ball.vn\/ja\/#website\"},\"primaryImageOfPage\":{\"@id\":\"http:\/\/pickle-ball.vn\/ja\/-product-\/phu-kien-pickleball\/balo-pickleball-six-zero-pro-tour-bag\/#primaryimage\"},\"image\":{\"@id\":\"http:\/\/pickle-ball.vn\/ja\/-product-\/phu-kien-pickleball\/balo-pickleball-six-zero-pro-tour-bag\/#primaryimage\"},\"thumbnailUrl\":\"https:\/\/pickle-ball.vn\/wp-content\/uploads\/2024\/11\/six-zero-pro-tour-bag-02_720x720xcrop.webp\",\"datePublished\":\"2024-11-05T04:05:30+00:00\",\"dateModified\":\"2024-11-05T04:05:40+00:00\",\"breadcrumb\":{\"@id\":\"http:\/\/pickle-ball.vn\/ja\/-product-\/phu-kien-pickleball\/balo-pickleball-six-zero-pro-tour-bag\/#breadcrumb\"},\"inLanguage\":\"es\",\"potentialAction\":[{\"@type\":\"ReadAction\",\"target\":[\"http:\/\/pickle-ball.vn\/ja\/-product-\/phu-kien-pickleball\/balo-pickleball-six-zero-pro-tour-bag\/\"]}]},{\"@type\":\"ImageObject\",\"inLanguage\":\"es\",\"@id\":\"http:\/\/pickle-ball.vn\/ja\/-product-\/phu-kien-pickleball\/balo-pickleball-six-zero-pro-tour-bag\/#primaryimage\",\"url\":\"https:\/\/pickle-ball.vn\/wp-content\/uploads\/2024\/11\/six-zero-pro-tour-bag-02_720x720xcrop.webp\",\"contentUrl\":\"https:\/\/pickle-ball.vn\/wp-content\/uploads\/2024\/11\/six-zero-pro-tour-bag-02_720x720xcrop.webp\",\"width\":720,\"height\":720,\"caption\":\"Balo Pickleball Six Zero Pro Tour Bag\"},{\"@type\":\"BreadcrumbList\",\"@id\":\"http:\/\/pickle-ball.vn\/ja\/-product-\/phu-kien-pickleball\/balo-pickleball-six-zero-pro-tour-bag\/#breadcrumb\",\"itemListElement\":[{\"@type\":\"ListItem\",\"position\":1,\"name\":\"Home\",\"item\":\"https:\/\/pickle-ball.vn\/ja\/\"},{\"@type\":\"ListItem\",\"position\":2,\"name\":\"Shop\",\"item\":\"https:\/\/pickle-ball.vn\/vi\/shop\/\"},{\"@type\":\"ListItem\",\"position\":3,\"name\":\"Balo Pickleball Six Zero Pro Tour Bag\"}]},{\"@type\":\"WebSite\",\"@id\":\"https:\/\/pickle-ball.vn\/ja\/#website\",\"url\":\"https:\/\/pickle-ball.vn\/ja\/\",\"name\":\"Jabra\",\"description\":\"\",\"publisher\":{\"@id\":\"https:\/\/pickle-ball.vn\/ja\/#organization\"},\"potentialAction\":[{\"@type\":\"SearchAction\",\"target\":{\"@type\":\"EntryPoint\",\"urlTemplate\":\"https:\/\/pickle-ball.vn\/ja\/?s={search_term_string}\"},\"query-input\":\"required name=search_term_string\"}],\"inLanguage\":\"es\"},{\"@type\":\"Organization\",\"@id\":\"https:\/\/pickle-ball.vn\/ja\/#organization\",\"name\":\"Jabra\",\"url\":\"https:\/\/pickle-ball.vn\/ja\/\",\"logo\":{\"@type\":\"ImageObject\",\"inLanguage\":\"es\",\"@id\":\"https:\/\/pickle-ball.vn\/ja\/#\/schema\/logo\/image\/\",\"url\":\"\",\"contentUrl\":\"\",\"caption\":\"Jabra\"},\"image\":{\"@id\":\"https:\/\/pickle-ball.vn\/ja\/#\/schema\/logo\/image\/\"}}]}<\/script>\n<!-- \/ Yoast SEO plugin. -->","yoast_head_json":{"title":"Balo Pickleball Six Zero Pro Tour Bag - PickleBall Vi\u1ec7t Nam","robots":{"index":"index","follow":"follow","max-snippet":"max-snippet:-1","max-image-preview":"max-image-preview:large","max-video-preview":"max-video-preview:-1"},"canonical":"http:\/\/pickle-ball.vn\/es\/-product-\/phu-kien-pickleball\/balo-pickleball-six-zero-pro-tour-bag\/","twitter_misc":{"Tiempo de lectura":"4 minutos"},"schema":{"@context":"https:\/\/schema.org","@graph":[{"@type":"WebPage","@id":"http:\/\/pickle-ball.vn\/ja\/-product-\/phu-kien-pickleball\/balo-pickleball-six-zero-pro-tour-bag\/","url":"http:\/\/pickle-ball.vn\/ja\/-product-\/phu-kien-pickleball\/balo-pickleball-six-zero-pro-tour-bag\/","name":"Balo Pickleball Six Zero Pro Tour Bag - PickleBall Vi\u1ec7t Nam","isPartOf":{"@id":"https:\/\/pickle-ball.vn\/ja\/#website"},"primaryImageOfPage":{"@id":"http:\/\/pickle-ball.vn\/ja\/-product-\/phu-kien-pickleball\/balo-pickleball-six-zero-pro-tour-bag\/#primaryimage"},"image":{"@id":"http:\/\/pickle-ball.vn\/ja\/-product-\/phu-kien-pickleball\/balo-pickleball-six-zero-pro-tour-bag\/#primaryimage"},"thumbnailUrl":"https:\/\/pickle-ball.vn\/wp-content\/uploads\/2024\/11\/six-zero-pro-tour-bag-02_720x720xcrop.webp","datePublished":"2024-11-05T04:05:30+00:00","dateModified":"2024-11-05T04:05:40+00:00","breadcrumb":{"@id":"http:\/\/pickle-ball.vn\/ja\/-product-\/phu-kien-pickleball\/balo-pickleball-six-zero-pro-tour-bag\/#breadcrumb"},"inLanguage":"es","potentialAction":[{"@type":"ReadAction","target":["http:\/\/pickle-ball.vn\/ja\/-product-\/phu-kien-pickleball\/balo-pickleball-six-zero-pro-tour-bag\/"]}]},{"@type":"ImageObject","inLanguage":"es","@id":"http:\/\/pickle-ball.vn\/ja\/-product-\/phu-kien-pickleball\/balo-pickleball-six-zero-pro-tour-bag\/#primaryimage","url":"https:\/\/pickle-ball.vn\/wp-content\/uploads\/2024\/11\/six-zero-pro-tour-bag-02_720x720xcrop.webp","contentUrl":"https:\/\/pickle-ball.vn\/wp-content\/uploads\/2024\/11\/six-zero-pro-tour-bag-02_720x720xcrop.webp","width":720,"height":720,"caption":"Balo Pickleball Six Zero Pro Tour Bag"},{"@type":"BreadcrumbList","@id":"http:\/\/pickle-ball.vn\/ja\/-product-\/phu-kien-pickleball\/balo-pickleball-six-zero-pro-tour-bag\/#breadcrumb","itemListElement":[{"@type":"ListItem","position":1,"name":"Home","item":"https:\/\/pickle-ball.vn\/ja\/"},{"@type":"ListItem","position":2,"name":"Shop","item":"https:\/\/pickle-ball.vn\/vi\/shop\/"},{"@type":"ListItem","position":3,"name":"Balo Pickleball Six Zero Pro Tour Bag"}]},{"@type":"WebSite","@id":"https:\/\/pickle-ball.vn\/ja\/#website","url":"https:\/\/pickle-ball.vn\/ja\/","name":"Jabra","description":"","publisher":{"@id":"https:\/\/pickle-ball.vn\/ja\/#organization"},"potentialAction":[{"@type":"SearchAction","target":{"@type":"EntryPoint","urlTemplate":"https:\/\/pickle-ball.vn\/ja\/?s={search_term_string}"},"query-input":"required name=search_term_string"}],"inLanguage":"es"},{"@type":"Organization","@id":"https:\/\/pickle-ball.vn\/ja\/#organization","name":"Jabra","url":"https:\/\/pickle-ball.vn\/ja\/","logo":{"@type":"ImageObject","inLanguage":"es","@id":"https:\/\/pickle-ball.vn\/ja\/#\/schema\/logo\/image\/","url":"","contentUrl":"","caption":"Jabra"},"image":{"@id":"https:\/\/pickle-ball.vn\/ja\/#\/schema\/logo\/image\/"}}]}},"brands":[{"id":3799,"name":"Six Zero","slug":"six-zero"}],"_links":{"self":[{"href":"https:\/\/pickle-ball.vn\/es\/wp-json\/wp\/v2\/product\/15686","targetHints":{"allow":["GET"]}}],"collection":[{"href":"https:\/\/pickle-ball.vn\/es\/wp-json\/wp\/v2\/product"}],"about":[{"href":"https:\/\/pickle-ball.vn\/es\/wp-json\/wp\/v2\/types\/product"}],"replies":[{"embeddable":true,"href":"https:\/\/pickle-ball.vn\/es\/wp-json\/wp\/v2\/comments?post=15686"}],"wp:featuredmedia":[{"embeddable":true,"href":"https:\/\/pickle-ball.vn\/es\/wp-json\/wp\/v2\/media\/15687"}],"wp:attachment":[{"href":"https:\/\/pickle-ball.vn\/es\/wp-json\/wp\/v2\/media?parent=15686"}],"wp:term":[{"taxonomy":"pwb-brand","embeddable":true,"href":"https:\/\/pickle-ball.vn\/es\/wp-json\/wp\/v2\/pwb-brand?post=15686"},{"taxonomy":"product_cat","embeddable":true,"href":"https:\/\/pickle-ball.vn\/es\/wp-json\/wp\/v2\/product_cat?post=15686"},{"taxonomy":"product_tag","embeddable":true,"href":"https:\/\/pickle-ball.vn\/es\/wp-json\/wp\/v2\/product_tag?post=15686"}],"curies":[{"name":"wp","href":"https:\/\/api.w.org\/{rel}","templated":true}]}}