{"id":15330,"date":"2024-11-04T16:50:33","date_gmt":"2024-11-04T09:50:33","guid":{"rendered":"http:\/\/pickle-ball.vn\/-product-\/uncategorized\/mu-joola-trucker-hat-blue\/"},"modified":"2024-11-04T16:50:35","modified_gmt":"2024-11-04T09:50:35","slug":"mu-joola-trucker-hat-blue","status":"publish","type":"product","link":"https:\/\/pickle-ball.vn\/fr\/-product-\/phu-kien-pickleball\/mu-joola-trucker-hat-blue\/","title":{"rendered":"M\u0169 Joola Trucker Hat (Blue)"},"content":{"rendered":"<div role=\"tabpanel\" class=\"tab-pane active\" id=\"tab-product-info\">\n<div class=\"vh-content\">\n<h2><strong>M\u0169 Joola Trucker Hat (Blue) ch\u00ednh h\u00e3ng, ki\u1ec3u d\u00e1ng m\u1edbi m\u1ebb tr\u1ebb trung<\/strong><\/h2>\n<\/p><\/div>\n<\/p><\/div>","protected":false},"excerpt":{"rendered":"<ul class=\"list-unstyled params\">\n<li class=\"btt\">Th\u00f4ng tin s\u1ea3n ph\u1ea9m:<\/li>\n<li class=\"dyn\">\n                                            <span class=\"n\">Th\u01b0\u01a1ng hi\u1ec7u:<\/span><br \/>\n\t\t\t\t\t\t\t\t\t\t\t<span class=\"v\"><b>Joola<\/b><\/span>\n                                        <\/li>\n<li class=\"dyn\">\n                                            <span class=\"n\">Number order:<\/span><br \/>\n\t\t\t\t\t\t\t\t\t\t\t<span class=\"v\">18278<\/span>\n                                        <\/li>\n<li class=\"dyn\">\n                                            <span class=\"n\">Nh\u00e0 cung c\u1ea5p:<\/span><br \/>\n                                            \t\t\t\t\t\t\t\t\t\t\t<span class=\"v\"><b>pickle-ball.vn<\/b> &#8211; \u0110\u1ea1i l\u00fd \u1ee7y quy\u1ec1n Joola \u00ae<\/span>\n\t\t\t\t\t\t\t\t\t\t\t                                        <\/li>\n<li class=\"dyn\">\n                                            <span class=\"n\">Lo\u1ea1i s\u1ea3n ph\u1ea9m:<\/span><br \/>\n                                            <span class=\"v\">M\u0169 Pickleball<\/span>\n                                        <\/li>\n<li class=\"separator\">\n                                        <\/li>\n<li>\n                                            <span class=\"n\">Tr\u1ea1ng th\u00e1i:<\/span><br \/>\n                                            <span class=\"v\" style=\"font-weight:700;color: #d7000e\">T\u1ea1m h\u1ebft h\u00e0ng<\/span>\n                                        <\/li>\n<li>\n                                            <span class=\"n\">T\u00ecnh tr\u1ea1ng:<\/span><br \/>\n                                            <span class=\"v\">M\u1edbi 100%<\/span>\n                                        <\/li>\n<li>\n                                            <span class=\"n\">B\u1ea3o h\u00e0nh:<\/span><br \/>\n                                            <span class=\"v\">Ch\u00ednh h\u00e3ng<\/span>\n                                        <\/li>\n<li>\n<p>                                            <span class=\"n\">Giao h\u00e0ng:<\/span><br \/>\n                                            <span class=\"v\">To\u00e0n qu\u1ed1c<\/span>\n                                        <\/li>\n<\/ul>","protected":false},"featured_media":15331,"comment_status":"closed","ping_status":"closed","template":"","meta":[],"pwb-brand":[3245],"product_cat":[3232],"product_tag":[3603,55],"class_list":{"0":"post-15330","1":"product","2":"type-product","3":"status-publish","4":"has-post-thumbnail","6":"pwb-brand-joola","7":"product_cat-phu-kien-pickleball","8":"product_tag-mu-joola-trucker-hat-blue","9":"product_tag-run","11":"first","12":"instock","13":"shipping-taxable","14":"product-type-simple"},"yoast_head":"<!-- This site is optimized with the Yoast SEO plugin v22.9 - https:\/\/yoast.com\/wordpress\/plugins\/seo\/ -->\n<title>M\u0169 Joola Trucker Hat (Blue) - PickleBall Vi\u1ec7t Nam<\/title>\n<meta name=\"robots\" content=\"index, follow, max-snippet:-1, max-image-preview:large, max-video-preview:-1\" \/>\n<link rel=\"canonical\" href=\"http:\/\/pickle-ball.vn\/fr\/-product-\/phu-kien-pickleball\/mu-joola-trucker-hat-blue\/\" \/>\n<script type=\"application\/ld+json\" class=\"yoast-schema-graph\">{\"@context\":\"https:\/\/schema.org\",\"@graph\":[{\"@type\":\"WebPage\",\"@id\":\"http:\/\/pickle-ball.vn\/ur\/-product-\/phu-kien-pickleball\/mu-joola-trucker-hat-blue\/\",\"url\":\"http:\/\/pickle-ball.vn\/ur\/-product-\/phu-kien-pickleball\/mu-joola-trucker-hat-blue\/\",\"name\":\"M\u0169 Joola Trucker Hat (Blue) - PickleBall Vi\u1ec7t Nam\",\"isPartOf\":{\"@id\":\"https:\/\/pickle-ball.vn\/ja\/#website\"},\"primaryImageOfPage\":{\"@id\":\"http:\/\/pickle-ball.vn\/ur\/-product-\/phu-kien-pickleball\/mu-joola-trucker-hat-blue\/#primaryimage\"},\"image\":{\"@id\":\"http:\/\/pickle-ball.vn\/ur\/-product-\/phu-kien-pickleball\/mu-joola-trucker-hat-blue\/#primaryimage\"},\"thumbnailUrl\":\"https:\/\/pickle-ball.vn\/wp-content\/uploads\/2024\/11\/joola-pb-ig-trucker-hat-blue-01_720x720xcrop.webp\",\"datePublished\":\"2024-11-04T09:50:33+00:00\",\"dateModified\":\"2024-11-04T09:50:35+00:00\",\"breadcrumb\":{\"@id\":\"http:\/\/pickle-ball.vn\/ur\/-product-\/phu-kien-pickleball\/mu-joola-trucker-hat-blue\/#breadcrumb\"},\"inLanguage\":\"fr-FR\",\"potentialAction\":[{\"@type\":\"ReadAction\",\"target\":[\"http:\/\/pickle-ball.vn\/ur\/-product-\/phu-kien-pickleball\/mu-joola-trucker-hat-blue\/\"]}]},{\"@type\":\"ImageObject\",\"inLanguage\":\"fr-FR\",\"@id\":\"http:\/\/pickle-ball.vn\/ur\/-product-\/phu-kien-pickleball\/mu-joola-trucker-hat-blue\/#primaryimage\",\"url\":\"https:\/\/pickle-ball.vn\/wp-content\/uploads\/2024\/11\/joola-pb-ig-trucker-hat-blue-01_720x720xcrop.webp\",\"contentUrl\":\"https:\/\/pickle-ball.vn\/wp-content\/uploads\/2024\/11\/joola-pb-ig-trucker-hat-blue-01_720x720xcrop.webp\",\"width\":720,\"height\":720,\"caption\":\"M\u0169 Joola Trucker Hat (Blue)\"},{\"@type\":\"BreadcrumbList\",\"@id\":\"http:\/\/pickle-ball.vn\/ur\/-product-\/phu-kien-pickleball\/mu-joola-trucker-hat-blue\/#breadcrumb\",\"itemListElement\":[{\"@type\":\"ListItem\",\"position\":1,\"name\":\"Home\",\"item\":\"https:\/\/pickle-ball.vn\/ja\/\"},{\"@type\":\"ListItem\",\"position\":2,\"name\":\"Shop\",\"item\":\"https:\/\/pickle-ball.vn\/vi\/shop\/\"},{\"@type\":\"ListItem\",\"position\":3,\"name\":\"M\u0169 Joola Trucker Hat (Blue)\"}]},{\"@type\":\"WebSite\",\"@id\":\"https:\/\/pickle-ball.vn\/ja\/#website\",\"url\":\"https:\/\/pickle-ball.vn\/ja\/\",\"name\":\"Jabra\",\"description\":\"\",\"publisher\":{\"@id\":\"https:\/\/pickle-ball.vn\/ja\/#organization\"},\"potentialAction\":[{\"@type\":\"SearchAction\",\"target\":{\"@type\":\"EntryPoint\",\"urlTemplate\":\"https:\/\/pickle-ball.vn\/ja\/?s={search_term_string}\"},\"query-input\":\"required name=search_term_string\"}],\"inLanguage\":\"fr-FR\"},{\"@type\":\"Organization\",\"@id\":\"https:\/\/pickle-ball.vn\/ja\/#organization\",\"name\":\"Jabra\",\"url\":\"https:\/\/pickle-ball.vn\/ja\/\",\"logo\":{\"@type\":\"ImageObject\",\"inLanguage\":\"fr-FR\",\"@id\":\"https:\/\/pickle-ball.vn\/ja\/#\/schema\/logo\/image\/\",\"url\":\"\",\"contentUrl\":\"\",\"caption\":\"Jabra\"},\"image\":{\"@id\":\"https:\/\/pickle-ball.vn\/ja\/#\/schema\/logo\/image\/\"}}]}<\/script>\n<!-- \/ Yoast SEO plugin. -->","yoast_head_json":{"title":"M\u0169 Joola Trucker Hat (Blue) - PickleBall Vi\u1ec7t Nam","robots":{"index":"index","follow":"follow","max-snippet":"max-snippet:-1","max-image-preview":"max-image-preview:large","max-video-preview":"max-video-preview:-1"},"canonical":"http:\/\/pickle-ball.vn\/fr\/-product-\/phu-kien-pickleball\/mu-joola-trucker-hat-blue\/","schema":{"@context":"https:\/\/schema.org","@graph":[{"@type":"WebPage","@id":"http:\/\/pickle-ball.vn\/ur\/-product-\/phu-kien-pickleball\/mu-joola-trucker-hat-blue\/","url":"http:\/\/pickle-ball.vn\/ur\/-product-\/phu-kien-pickleball\/mu-joola-trucker-hat-blue\/","name":"M\u0169 Joola Trucker Hat (Blue) - PickleBall Vi\u1ec7t Nam","isPartOf":{"@id":"https:\/\/pickle-ball.vn\/ja\/#website"},"primaryImageOfPage":{"@id":"http:\/\/pickle-ball.vn\/ur\/-product-\/phu-kien-pickleball\/mu-joola-trucker-hat-blue\/#primaryimage"},"image":{"@id":"http:\/\/pickle-ball.vn\/ur\/-product-\/phu-kien-pickleball\/mu-joola-trucker-hat-blue\/#primaryimage"},"thumbnailUrl":"https:\/\/pickle-ball.vn\/wp-content\/uploads\/2024\/11\/joola-pb-ig-trucker-hat-blue-01_720x720xcrop.webp","datePublished":"2024-11-04T09:50:33+00:00","dateModified":"2024-11-04T09:50:35+00:00","breadcrumb":{"@id":"http:\/\/pickle-ball.vn\/ur\/-product-\/phu-kien-pickleball\/mu-joola-trucker-hat-blue\/#breadcrumb"},"inLanguage":"fr-FR","potentialAction":[{"@type":"ReadAction","target":["http:\/\/pickle-ball.vn\/ur\/-product-\/phu-kien-pickleball\/mu-joola-trucker-hat-blue\/"]}]},{"@type":"ImageObject","inLanguage":"fr-FR","@id":"http:\/\/pickle-ball.vn\/ur\/-product-\/phu-kien-pickleball\/mu-joola-trucker-hat-blue\/#primaryimage","url":"https:\/\/pickle-ball.vn\/wp-content\/uploads\/2024\/11\/joola-pb-ig-trucker-hat-blue-01_720x720xcrop.webp","contentUrl":"https:\/\/pickle-ball.vn\/wp-content\/uploads\/2024\/11\/joola-pb-ig-trucker-hat-blue-01_720x720xcrop.webp","width":720,"height":720,"caption":"M\u0169 Joola Trucker Hat (Blue)"},{"@type":"BreadcrumbList","@id":"http:\/\/pickle-ball.vn\/ur\/-product-\/phu-kien-pickleball\/mu-joola-trucker-hat-blue\/#breadcrumb","itemListElement":[{"@type":"ListItem","position":1,"name":"Home","item":"https:\/\/pickle-ball.vn\/ja\/"},{"@type":"ListItem","position":2,"name":"Shop","item":"https:\/\/pickle-ball.vn\/vi\/shop\/"},{"@type":"ListItem","position":3,"name":"M\u0169 Joola Trucker Hat (Blue)"}]},{"@type":"WebSite","@id":"https:\/\/pickle-ball.vn\/ja\/#website","url":"https:\/\/pickle-ball.vn\/ja\/","name":"Jabra","description":"","publisher":{"@id":"https:\/\/pickle-ball.vn\/ja\/#organization"},"potentialAction":[{"@type":"SearchAction","target":{"@type":"EntryPoint","urlTemplate":"https:\/\/pickle-ball.vn\/ja\/?s={search_term_string}"},"query-input":"required name=search_term_string"}],"inLanguage":"fr-FR"},{"@type":"Organization","@id":"https:\/\/pickle-ball.vn\/ja\/#organization","name":"Jabra","url":"https:\/\/pickle-ball.vn\/ja\/","logo":{"@type":"ImageObject","inLanguage":"fr-FR","@id":"https:\/\/pickle-ball.vn\/ja\/#\/schema\/logo\/image\/","url":"","contentUrl":"","caption":"Jabra"},"image":{"@id":"https:\/\/pickle-ball.vn\/ja\/#\/schema\/logo\/image\/"}}]}},"brands":[{"id":3245,"name":"Joola","slug":"joola"}],"_links":{"self":[{"href":"https:\/\/pickle-ball.vn\/fr\/wp-json\/wp\/v2\/product\/15330","targetHints":{"allow":["GET"]}}],"collection":[{"href":"https:\/\/pickle-ball.vn\/fr\/wp-json\/wp\/v2\/product"}],"about":[{"href":"https:\/\/pickle-ball.vn\/fr\/wp-json\/wp\/v2\/types\/product"}],"replies":[{"embeddable":true,"href":"https:\/\/pickle-ball.vn\/fr\/wp-json\/wp\/v2\/comments?post=15330"}],"wp:featuredmedia":[{"embeddable":true,"href":"https:\/\/pickle-ball.vn\/fr\/wp-json\/wp\/v2\/media\/15331"}],"wp:attachment":[{"href":"https:\/\/pickle-ball.vn\/fr\/wp-json\/wp\/v2\/media?parent=15330"}],"wp:term":[{"taxonomy":"pwb-brand","embeddable":true,"href":"https:\/\/pickle-ball.vn\/fr\/wp-json\/wp\/v2\/pwb-brand?post=15330"},{"taxonomy":"product_cat","embeddable":true,"href":"https:\/\/pickle-ball.vn\/fr\/wp-json\/wp\/v2\/product_cat?post=15330"},{"taxonomy":"product_tag","embeddable":true,"href":"https:\/\/pickle-ball.vn\/fr\/wp-json\/wp\/v2\/product_tag?post=15330"}],"curies":[{"name":"wp","href":"https:\/\/api.w.org\/{rel}","templated":true}]}}