{"id":15463,"date":"2024-11-04T17:55:44","date_gmt":"2024-11-04T10:55:44","guid":{"rendered":"http:\/\/pickle-ball.vn\/-product-\/uncategorized\/vot-pickleball-carbon-fiber-pickleball-paddles-stx1\/"},"modified":"2024-11-04T17:55:47","modified_gmt":"2024-11-04T10:55:47","slug":"vot-pickleball-carbon-fiber-pickleball-paddles-stx1","status":"publish","type":"product","link":"https:\/\/pickle-ball.vn\/fr\/-product-\/vot-pickleball\/vot-pickleball-carbon-fiber-pickleball-paddles-stx1\/","title":{"rendered":"V\u1ee3t PickleballCarbon Fiber Pickleball Paddles STX1"},"content":{"rendered":"<div role=\"tabpanel\" class=\"tab-pane active\" id=\"tab-product-info\">\n<div class=\"vh-content\">\n<h2><strong>T\u1ed5ng quan V\u1ee3t Carbon Fiber Pickleball Paddles STX1<\/strong><\/h2>\n<p><strong>V\u1ee3t Carbon Fiber Pickleball Paddles STX1<\/strong> \u0111\u01b0\u1ee3c thi\u1ebft k\u1ebf t\u1ec9 m\u1ec9 d\u00e0nh cho c\u00e1c v\u1eadn \u0111\u1ed9ng vi\u00ean thi \u0111\u1ea5u chuy\u00ean nghi\u1ec7p. Kh\u00f4ng ch\u1ec9 l\u00e0 thi\u1ebft b\u1ecb, nh\u1eefng v\u1ee3t pickleball n\u00e0y c\u00f2n l\u00e0 c\u1eeda ng\u00f5 gi\u00fap b\u1ea1n \u0111\u1ea1t \u0111\u01b0\u1ee3c \u0111\u1ed9 ch\u00ednh x\u00e1c v\u00e0 hi\u1ec7u su\u1ea5t tuy\u1ec7t v\u1eddi tr\u00ean s\u00e2n.<\/p>\n<p>V\u1ee3t Carbon Fiber Pickleball Paddles STX1 c\u00f3 K\u00edch th\u01b0\u1edbc: 417 * 188mm, Tr\u1ecdng l\u01b0\u1ee3ng: 220 \u00b1 10g, \u0110\u1ed9 d\u00e0y: 16mm.<\/p>\n<p style=\"text-align:center\"><img decoding=\"async\" alt=\"Carbon Fiber Pickleball Paddles STX1\" class=\"lazy\" src=\"http:\/\/pickle-ball.vn\/wp-content\/uploads\/2024\/11\/carbon-fiber-pickleball-paddles-stx1.webp\" style=\"height:720px;width:720px\" title=\"Carbon Fiber Pickleball Paddles STX1\"><\/p>\n<p>V\u1ee3t pickleball Beesoul b\u1eb1ng s\u1ee3i carbon STX1 c\u00f3 b\u1ec1 m\u1eb7t PrecisionCarbon, mang l\u1ea1i \u0111\u1ed9 ch\u00ednh x\u00e1c v\u00e0 kh\u1ea3 n\u0103ng ki\u1ec3m so\u00e1t \u0111\u1eb7c bi\u1ec7t tr\u00ean s\u00e2n. v\u1ee3t pickleball n\u00e0y \u0111\u01b0\u1ee3c thi\u1ebft k\u1ebf d\u00e0nh cho nh\u1eefng ng\u01b0\u1eddi ch\u01a1i \u01b0u ti\u00ean \u0111\u1ed9 ch\u00ednh x\u00e1c trong l\u1ed1i ch\u01a1i c\u1ee7a h\u1ecd.<\/p>\n<p>V\u1edbi Tay c\u1ea7m m\u1edf r\u1ed9ng ControlReach, v\u1ee3t pickleball n\u00e0y mang l\u1ea1i t\u1ea7m v\u1edbi m\u1edf r\u1ed9ng \u0111\u1ec3 \u0111\u1ea1t \u0111\u01b0\u1ee3c \u0111i\u1ec3m ng\u1ecdt l\u1edbn h\u01a1n. T\u1eadn h\u01b0\u1edfng kh\u1ea3 n\u0103ng ki\u1ec3m so\u00e1t b\u1ed5 sung, ph\u1ea1m vi ti\u1ebfp c\u1eadn t\u0103ng l\u00ean v\u00e0 \u0111\u1ed9 xo\u00e1y n\u00e2ng cao, khi\u1ebfn n\u00f3 tr\u1edf th\u00e0nh l\u1ef1a ch\u1ecdn l\u00fd t\u01b0\u1edfng cho l\u1ed1i ch\u01a1i chi\u1ebfn l\u01b0\u1ee3c v\u00e0 c\u00f3 ki\u1ec3m so\u00e1t.<\/p>\n<p>GuardTech Edge Protection \u0111\u1ea3m b\u1ea3o v\u1ee3t pickleball c\u00e2n b\u1eb1ng t\u1ed1t v\u00e0 ch\u1eafc ch\u1eafn v\u1edbi c\u00f4ng ngh\u1ec7 b\u1ea3o v\u1ec7 c\u1ea1nh c\u1ea5u h\u00ecnh th\u1ea5p, nh\u1eb9 v\u00e0 b\u1ec1n. T\u00ednh n\u0103ng n\u00e0y gi\u00fap t\u0103ng c\u01b0\u1eddng \u0111\u1ed9 b\u1ec1n, mang l\u1ea1i tr\u1ea3i nghi\u1ec7m ch\u01a1i \u0111\u00e1ng tin c\u1eady v\u00e0 nh\u1ea5t qu\u00e1n.<\/p>\n<p style=\"text-align:center\"><img decoding=\"async\" alt=\"Carbon Fiber Pickleball Paddles STX1\" class=\"lazy\" src=\"http:\/\/pickle-ball.vn\/wp-content\/uploads\/2024\/11\/carbon-fiber-pickleball-paddles-stx1-2.webp\" style=\"height:720px;width:720px\" title=\"Carbon Fiber Pickleball Paddles STX1\"><\/p>\n<h2><strong>Thi\u1ebft k\u1ebf Carbon PrecisionFlow<\/strong><\/h2>\n<p>\u0110\u01b0\u1ee3c ch\u1ebf t\u1ea1o v\u1edbi Thi\u1ebft k\u1ebf Carbon PrecisionFlow, m\u1eb7t b\u1eb1ng s\u1ee3i carbon \u0111\u1ed9c quy\u1ec1n \u0111\u1ea3m b\u1ea3o c\u1ea3m gi\u00e1c ch\u00ednh x\u00e1c v\u00e0 \u0111\u01b0\u1ee3c ki\u1ec3m so\u00e1t. H\u01b0\u1edfng l\u1ee3i t\u1eeb l\u1ed1i ch\u01a1i nh\u1ea5t qu\u00e1n, \u0111\u1ed9 xo\u00e1y n\u00e2ng cao v\u00e0 c\u1ea3m gi\u00e1c ch\u1ea1m ho\u00e0n h\u1ea3o v\u1edbi m\u1ed7i c\u00fa \u0111\u00e1nh.<\/p>\n<p style=\"text-align:center\"><img decoding=\"async\" alt=\"Carbon Fiber Pickleball Paddles STX1\" class=\"lazy\" src=\"http:\/\/pickle-ball.vn\/wp-content\/uploads\/2024\/11\/carbon-fiber-pickleball-paddles-stx1-3.webp\" style=\"height:720px;width:720px\" title=\"Carbon Fiber Pickleball Paddles STX1\"><\/p>\n<p>L\u00f5i t\u1ed5 ong ControlFlex, l\u00e0 k\u1ebft qu\u1ea3 c\u1ee7a c\u00f4ng ngh\u1ec7 t\u1ed5 ong polypropylen, b\u1ed5 sung cho Thi\u1ebft k\u1ebf Carbon PrecisionFlow. Gi\u1ea3m \u0111\u1ed9 rung \u0111\u1ec3 c\u00f3 \u0111i\u1ec3m ng\u1ecdt m\u1edf r\u1ed9ng v\u00e0 c\u1ea3m gi\u00e1c \u0111\u1ec7m, cho ph\u00e9p th\u1ef1c hi\u1ec7n c\u00fa \u0111\u00e1nh ch\u00ednh x\u00e1c.<\/p>\n<p>\u0110\u01b0\u1ee3c trang b\u1ecb Tay c\u1ea7m b\u1eb1ng da ComfortGrip+, v\u1ee3t pickleball pickleball b\u1eb1ng s\u1ee3i carbon STX1 mang l\u1ea1i c\u1ea3m gi\u00e1c c\u1ea7m n\u1eafm tho\u1ea3i m\u00e1i v\u1edbi k\u1ebft c\u1ea5u th\u00f4 \u0111\u1ec3 t\u0103ng c\u01b0\u1eddng \u0111\u1ed9 b\u00e1m. T\u1eadn h\u01b0\u1edfng s\u1ef1 tho\u1ea3i m\u00e1i t\u1ed1i \u01b0u v\u00e0 kh\u1ea3 n\u0103ng h\u1ea5p th\u1ee5 s\u1ed1c \u0111\u01b0\u1ee3c c\u1ea3i thi\u1ec7n, \u0111\u1ea3m b\u1ea3o kh\u1ea3 n\u0103ng ki\u1ec3m so\u00e1t trong c\u00e1c cu\u1ed9c bi\u1ec3u t\u00ecnh chi\u1ebfn l\u01b0\u1ee3c.<\/p>\n<\/p><\/div>\n<\/p><\/div>","protected":false},"excerpt":{"rendered":"<ul class=\"list-unstyled params\">\n<li class=\"btt\">Th\u00f4ng tin s\u1ea3n ph\u1ea9m:<\/li>\n<li class=\"dyn\">\n                                            <span class=\"n\">Nh\u00e0 cung c\u1ea5p:<\/span><br \/>\n                                            \t\t\t\t\t\t\t\t\t\t\t<span class=\"v\">Pickleball Vi\u1ec7t Nam<\/span>\n\t\t\t\t\t\t\t\t\t\t\t                                        <\/li>\n<li class=\"separator\">\n                                        <\/li>\n<li>\n                                            <span class=\"n\">Tr\u1ea1ng th\u00e1i:<\/span><br \/>\n                                            <span class=\"v\" style=\"font-weight:700;color: #d7000e\">T\u1ea1m h\u1ebft h\u00e0ng<\/span>\n                                        <\/li>\n<li>\n                                            <span class=\"n\">T\u00ecnh tr\u1ea1ng:<\/span><br \/>\n                                            <span class=\"v\">M\u1edbi 100%<\/span>\n                                        <\/li>\n<li>\n                                            <span class=\"n\">B\u1ea3o h\u00e0nh:<\/span><br \/>\n                                            <span class=\"v\">Ch\u00ednh h\u00e3ng<\/span>\n                                        <\/li>\n<li>\n<p>                                            <span class=\"n\">Giao h\u00e0ng:<\/span><br \/>\n                                            <span class=\"v\">To\u00e0n qu\u1ed1c<\/span>\n                                        <\/li>\n<\/ul>","protected":false},"featured_media":15464,"comment_status":"closed","ping_status":"closed","template":"","meta":[],"pwb-brand":[],"product_cat":[2836],"product_tag":[3665,25,55,3417],"class_list":{"0":"post-15463","1":"product","2":"type-product","3":"status-publish","4":"has-post-thumbnail","6":"product_cat-vot-pickleball","7":"product_tag-carbon-fiber-pickleball-paddles-stx1","8":"product_tag-man","9":"product_tag-run","10":"product_tag-vot-pickleball","12":"first","13":"instock","14":"shipping-taxable","15":"product-type-simple"},"yoast_head":"<!-- This site is optimized with the Yoast SEO plugin v22.9 - https:\/\/yoast.com\/wordpress\/plugins\/seo\/ -->\n<title>V\u1ee3t PickleballCarbon Fiber Pickleball Paddles STX1 - PickleBall Vi\u1ec7t Nam<\/title>\n<meta name=\"robots\" content=\"index, follow, max-snippet:-1, max-image-preview:large, max-video-preview:-1\" \/>\n<link rel=\"canonical\" href=\"https:\/\/pickle-ball.vn\/fr\/-product-\/vot-pickleball\/vot-pickleball-carbon-fiber-pickleball-paddles-stx1\/\" \/>\n<meta name=\"twitter:label1\" content=\"Dur\u00e9e de lecture estim\u00e9e\" \/>\n\t<meta name=\"twitter:data1\" content=\"3 minutes\" \/>\n<script type=\"application\/ld+json\" class=\"yoast-schema-graph\">{\"@context\":\"https:\/\/schema.org\",\"@graph\":[{\"@type\":\"WebPage\",\"@id\":\"http:\/\/pickle-ball.vn\/vi\/-product-\/vot-pickleball\/vot-pickleball-carbon-fiber-pickleball-paddles-stx1\/\",\"url\":\"http:\/\/pickle-ball.vn\/vi\/-product-\/vot-pickleball\/vot-pickleball-carbon-fiber-pickleball-paddles-stx1\/\",\"name\":\"V\u1ee3t PickleballCarbon Fiber Pickleball Paddles STX1 - PickleBall Vi\u1ec7t Nam\",\"isPartOf\":{\"@id\":\"https:\/\/pickle-ball.vn\/ja\/#website\"},\"primaryImageOfPage\":{\"@id\":\"http:\/\/pickle-ball.vn\/vi\/-product-\/vot-pickleball\/vot-pickleball-carbon-fiber-pickleball-paddles-stx1\/#primaryimage\"},\"image\":{\"@id\":\"http:\/\/pickle-ball.vn\/vi\/-product-\/vot-pickleball\/vot-pickleball-carbon-fiber-pickleball-paddles-stx1\/#primaryimage\"},\"thumbnailUrl\":\"https:\/\/pickle-ball.vn\/wp-content\/uploads\/2024\/11\/carbon-fiber-pickleball-paddles-stx1_720x720xcrop.webp\",\"datePublished\":\"2024-11-04T10:55:44+00:00\",\"dateModified\":\"2024-11-04T10:55:47+00:00\",\"breadcrumb\":{\"@id\":\"http:\/\/pickle-ball.vn\/vi\/-product-\/vot-pickleball\/vot-pickleball-carbon-fiber-pickleball-paddles-stx1\/#breadcrumb\"},\"inLanguage\":\"fr-FR\",\"potentialAction\":[{\"@type\":\"ReadAction\",\"target\":[\"http:\/\/pickle-ball.vn\/vi\/-product-\/vot-pickleball\/vot-pickleball-carbon-fiber-pickleball-paddles-stx1\/\"]}]},{\"@type\":\"ImageObject\",\"inLanguage\":\"fr-FR\",\"@id\":\"http:\/\/pickle-ball.vn\/vi\/-product-\/vot-pickleball\/vot-pickleball-carbon-fiber-pickleball-paddles-stx1\/#primaryimage\",\"url\":\"https:\/\/pickle-ball.vn\/wp-content\/uploads\/2024\/11\/carbon-fiber-pickleball-paddles-stx1_720x720xcrop.webp\",\"contentUrl\":\"https:\/\/pickle-ball.vn\/wp-content\/uploads\/2024\/11\/carbon-fiber-pickleball-paddles-stx1_720x720xcrop.webp\",\"width\":720,\"height\":720,\"caption\":\"Carbon Fiber Pickleball Paddles STX1\"},{\"@type\":\"BreadcrumbList\",\"@id\":\"http:\/\/pickle-ball.vn\/vi\/-product-\/vot-pickleball\/vot-pickleball-carbon-fiber-pickleball-paddles-stx1\/#breadcrumb\",\"itemListElement\":[{\"@type\":\"ListItem\",\"position\":1,\"name\":\"Home\",\"item\":\"https:\/\/pickle-ball.vn\/ja\/\"},{\"@type\":\"ListItem\",\"position\":2,\"name\":\"Shop\",\"item\":\"https:\/\/pickle-ball.vn\/vi\/shop\/\"},{\"@type\":\"ListItem\",\"position\":3,\"name\":\"V\u1ee3t PickleballCarbon Fiber Pickleball Paddles STX1\"}]},{\"@type\":\"WebSite\",\"@id\":\"https:\/\/pickle-ball.vn\/ja\/#website\",\"url\":\"https:\/\/pickle-ball.vn\/ja\/\",\"name\":\"Jabra\",\"description\":\"\",\"publisher\":{\"@id\":\"https:\/\/pickle-ball.vn\/ja\/#organization\"},\"potentialAction\":[{\"@type\":\"SearchAction\",\"target\":{\"@type\":\"EntryPoint\",\"urlTemplate\":\"https:\/\/pickle-ball.vn\/ja\/?s={search_term_string}\"},\"query-input\":\"required name=search_term_string\"}],\"inLanguage\":\"fr-FR\"},{\"@type\":\"Organization\",\"@id\":\"https:\/\/pickle-ball.vn\/ja\/#organization\",\"name\":\"Jabra\",\"url\":\"https:\/\/pickle-ball.vn\/ja\/\",\"logo\":{\"@type\":\"ImageObject\",\"inLanguage\":\"fr-FR\",\"@id\":\"https:\/\/pickle-ball.vn\/ja\/#\/schema\/logo\/image\/\",\"url\":\"\",\"contentUrl\":\"\",\"caption\":\"Jabra\"},\"image\":{\"@id\":\"https:\/\/pickle-ball.vn\/ja\/#\/schema\/logo\/image\/\"}}]}<\/script>\n<!-- \/ Yoast SEO plugin. -->","yoast_head_json":{"title":"V\u1ee3t PickleballCarbon Fiber Pickleball Paddles STX1 - PickleBall Vi\u1ec7t Nam","robots":{"index":"index","follow":"follow","max-snippet":"max-snippet:-1","max-image-preview":"max-image-preview:large","max-video-preview":"max-video-preview:-1"},"canonical":"https:\/\/pickle-ball.vn\/fr\/-product-\/vot-pickleball\/vot-pickleball-carbon-fiber-pickleball-paddles-stx1\/","twitter_misc":{"Dur\u00e9e de lecture estim\u00e9e":"3 minutes"},"schema":{"@context":"https:\/\/schema.org","@graph":[{"@type":"WebPage","@id":"http:\/\/pickle-ball.vn\/vi\/-product-\/vot-pickleball\/vot-pickleball-carbon-fiber-pickleball-paddles-stx1\/","url":"http:\/\/pickle-ball.vn\/vi\/-product-\/vot-pickleball\/vot-pickleball-carbon-fiber-pickleball-paddles-stx1\/","name":"V\u1ee3t PickleballCarbon Fiber Pickleball Paddles STX1 - PickleBall Vi\u1ec7t Nam","isPartOf":{"@id":"https:\/\/pickle-ball.vn\/ja\/#website"},"primaryImageOfPage":{"@id":"http:\/\/pickle-ball.vn\/vi\/-product-\/vot-pickleball\/vot-pickleball-carbon-fiber-pickleball-paddles-stx1\/#primaryimage"},"image":{"@id":"http:\/\/pickle-ball.vn\/vi\/-product-\/vot-pickleball\/vot-pickleball-carbon-fiber-pickleball-paddles-stx1\/#primaryimage"},"thumbnailUrl":"https:\/\/pickle-ball.vn\/wp-content\/uploads\/2024\/11\/carbon-fiber-pickleball-paddles-stx1_720x720xcrop.webp","datePublished":"2024-11-04T10:55:44+00:00","dateModified":"2024-11-04T10:55:47+00:00","breadcrumb":{"@id":"http:\/\/pickle-ball.vn\/vi\/-product-\/vot-pickleball\/vot-pickleball-carbon-fiber-pickleball-paddles-stx1\/#breadcrumb"},"inLanguage":"fr-FR","potentialAction":[{"@type":"ReadAction","target":["http:\/\/pickle-ball.vn\/vi\/-product-\/vot-pickleball\/vot-pickleball-carbon-fiber-pickleball-paddles-stx1\/"]}]},{"@type":"ImageObject","inLanguage":"fr-FR","@id":"http:\/\/pickle-ball.vn\/vi\/-product-\/vot-pickleball\/vot-pickleball-carbon-fiber-pickleball-paddles-stx1\/#primaryimage","url":"https:\/\/pickle-ball.vn\/wp-content\/uploads\/2024\/11\/carbon-fiber-pickleball-paddles-stx1_720x720xcrop.webp","contentUrl":"https:\/\/pickle-ball.vn\/wp-content\/uploads\/2024\/11\/carbon-fiber-pickleball-paddles-stx1_720x720xcrop.webp","width":720,"height":720,"caption":"Carbon Fiber Pickleball Paddles STX1"},{"@type":"BreadcrumbList","@id":"http:\/\/pickle-ball.vn\/vi\/-product-\/vot-pickleball\/vot-pickleball-carbon-fiber-pickleball-paddles-stx1\/#breadcrumb","itemListElement":[{"@type":"ListItem","position":1,"name":"Home","item":"https:\/\/pickle-ball.vn\/ja\/"},{"@type":"ListItem","position":2,"name":"Shop","item":"https:\/\/pickle-ball.vn\/vi\/shop\/"},{"@type":"ListItem","position":3,"name":"V\u1ee3t PickleballCarbon Fiber Pickleball Paddles STX1"}]},{"@type":"WebSite","@id":"https:\/\/pickle-ball.vn\/ja\/#website","url":"https:\/\/pickle-ball.vn\/ja\/","name":"Jabra","description":"","publisher":{"@id":"https:\/\/pickle-ball.vn\/ja\/#organization"},"potentialAction":[{"@type":"SearchAction","target":{"@type":"EntryPoint","urlTemplate":"https:\/\/pickle-ball.vn\/ja\/?s={search_term_string}"},"query-input":"required name=search_term_string"}],"inLanguage":"fr-FR"},{"@type":"Organization","@id":"https:\/\/pickle-ball.vn\/ja\/#organization","name":"Jabra","url":"https:\/\/pickle-ball.vn\/ja\/","logo":{"@type":"ImageObject","inLanguage":"fr-FR","@id":"https:\/\/pickle-ball.vn\/ja\/#\/schema\/logo\/image\/","url":"","contentUrl":"","caption":"Jabra"},"image":{"@id":"https:\/\/pickle-ball.vn\/ja\/#\/schema\/logo\/image\/"}}]}},"brands":[],"_links":{"self":[{"href":"https:\/\/pickle-ball.vn\/fr\/wp-json\/wp\/v2\/product\/15463","targetHints":{"allow":["GET"]}}],"collection":[{"href":"https:\/\/pickle-ball.vn\/fr\/wp-json\/wp\/v2\/product"}],"about":[{"href":"https:\/\/pickle-ball.vn\/fr\/wp-json\/wp\/v2\/types\/product"}],"replies":[{"embeddable":true,"href":"https:\/\/pickle-ball.vn\/fr\/wp-json\/wp\/v2\/comments?post=15463"}],"wp:featuredmedia":[{"embeddable":true,"href":"https:\/\/pickle-ball.vn\/fr\/wp-json\/wp\/v2\/media\/15464"}],"wp:attachment":[{"href":"https:\/\/pickle-ball.vn\/fr\/wp-json\/wp\/v2\/media?parent=15463"}],"wp:term":[{"taxonomy":"pwb-brand","embeddable":true,"href":"https:\/\/pickle-ball.vn\/fr\/wp-json\/wp\/v2\/pwb-brand?post=15463"},{"taxonomy":"product_cat","embeddable":true,"href":"https:\/\/pickle-ball.vn\/fr\/wp-json\/wp\/v2\/product_cat?post=15463"},{"taxonomy":"product_tag","embeddable":true,"href":"https:\/\/pickle-ball.vn\/fr\/wp-json\/wp\/v2\/product_tag?post=15463"}],"curies":[{"name":"wp","href":"https:\/\/api.w.org\/{rel}","templated":true}]}}