{"id":14900,"date":"2024-11-04T13:25:46","date_gmt":"2024-11-04T06:25:46","guid":{"rendered":"http:\/\/pickle-ball.vn\/-product-\/uncategorized\/vot-pickleball-vot-pickleball-joola-ben-johns-hyperion-cfs-16\/"},"modified":"2024-11-04T13:25:49","modified_gmt":"2024-11-04T06:25:49","slug":"vot-pickleball-vot-pickleball-joola-ben-johns-hyperion-cfs-16","status":"publish","type":"product","link":"https:\/\/pickle-ball.vn\/hi\/-product-\/vot-pickleball\/vot-pickleball-vot-pickleball-joola-ben-johns-hyperion-cfs-16\/","title":{"rendered":"V\u1ee3t PickleballV\u1ee3t Pickleball Joola Ben Johns Hyperion CFS 16"},"content":{"rendered":"<div role=\"tabpanel\" class=\"tab-pane active\" id=\"tab-product-info\">\n<div class=\"vh-content\">\n<h2><strong>V\u1ee3t Pickleball Joola Ben Johns Hyperion CFS 16<\/strong><\/h2>\n<p><strong>JOOLA Ben Johns Hyperion CFS 16<\/strong> l\u00e0 c\u00e2y V\u1ee3t Pickleball kh\u00f4ng th\u1ec3 nh\u1ea7m l\u1eabn c\u1ee7a nh\u00e0 v\u00f4 \u0111\u1ecbch th\u1ebf gi\u1edbi Ben Johns! \u0110\u01b0\u1ee3c ph\u00e1t tri\u1ec3n v\u1edbi s\u1ef1 c\u1ed9ng t\u00e1c c\u1ee7a Ben v\u00e0 \u0111\u01b0\u1ee3c anh \u1ea5y th\u1eed nghi\u1ec7m trong thi \u0111\u1ea5u, b\u1ea1n c\u00f3 th\u1ec3 mong \u0111\u1ee3i m\u1ed9t c\u00e2y v\u1ee3t ho\u1ea1t \u0111\u1ed9ng \u1edf c\u1ea5p \u0111\u1ed9 cao nh\u1ea5t trong m\u1ecdi l\u0129nh v\u1ef1c.<\/p>\n<p style=\"text-align:center\"><img decoding=\"async\" alt=\"V\u1ee3t Pickleball Joola Ben Johns Hyperion CFS 16 ch\u00ednh h\u00e3ng\" class=\"lazy\" src=\"http:\/\/pickle-ball.vn\/wp-content\/uploads\/2024\/11\/joola-ben-johns-perseus-cfs-16.webp\" style=\"height:525px;width:750px\" title=\"V\u1ee3t Pickleball Joola Ben Johns Hyperion CFS 16 ch\u00ednh h\u00e3ng\"><\/p>\n<p style=\"text-align:center\"><em><strong>V\u1ee3t Pickleball Joola Ben Johns Hyperion CFS 16 ch\u00ednh h\u00e3ng<\/strong><\/em><\/p>\n<ul>\n<li>Tr\u1ecdng l\u01b0\u1ee3ng trung b\u00ecnh: 238,14g<\/li>\n<li>Chi\u1ec1u d\u00e0i: 41,91 cm<\/li>\n<li>Chi\u1ec1u r\u1ed9ng: 19cm<\/li>\n<li>Chi\u1ec1u d\u00e0i tay c\u1ea7m: 14 cm<\/li>\n<li>Chu vi tay c\u1ea7m: 10,8 cm<\/li>\n<\/ul>\n<p style=\"text-align:center\"><img decoding=\"async\" alt=\"V\u1ee3t Pickleball Joola Ben Johns Hyperion CFS 16 ch\u00ednh h\u00e3ng\" class=\"lazy\" src=\"http:\/\/pickle-ball.vn\/wp-content\/uploads\/2024\/11\/vot-joola-ben-johns-perseus-cfs-16-chinh-hang.webp\" style=\"height:525px;width:750px\" title=\"V\u1ee3t Pickleball Joola Ben Johns Hyperion CFS 16 ch\u00ednh h\u00e3ng\"><\/p>\n<p style=\"text-align:center\"><em><strong>V\u1ee3t Pickleball Joola Ben Johns Hyperion CFS 16 ch\u00ednh h\u00e3ng<\/strong><\/em><\/p>\n<div class=\"shortcode-info\">\n<p>Tham kh\u1ea3o m\u1ed9t s\u1ed1 m\u1eabu v\u1ee3t pickleball Joola c\u0169ng \u0111ang \u0111\u01b0\u1ee3c s\u1eed d\u1ee5ng nhi\u1ec1u nh\u01b0:<\/p>\n<p>Joola Ben Johns Blue Lightning Set<\/p>\n<p>Ben Johns Hyperion CAS 13.5<\/p>\n<p>Ben Johns Perseus CFS 14mm<\/p>\n<p>Ben Johns Perseus CFS 16mm<\/p>\n<p>Joola Essentials Set<\/p>\n<\/div>\n<h3><strong>B\u1ea3ng th\u00f4ng s\u1ed1 k\u1ef9 thu\u1eadt Joola Ben Johns Hyperion CFS 16<\/strong><\/h3>\n<table>\n<tbody>\n<tr>\n<td>T\u00ean s\u1ea3n ph\u1ea9m<\/td>\n<td><strong>Joola Ben Johns Hyperion CFS 16<\/strong><\/td>\n<\/tr>\n<tr>\n<td>M\u00e3 s\u1ea3n ph\u1ea9m<\/td>\n<td>18502<\/td>\n<\/tr>\n<tr>\n<td>H\u00e3ng<\/td>\n<td>Joola<\/td>\n<\/tr>\n<tr>\n<td>B\u1ec1 m\u1eb7t<\/td>\n<td>B\u1ec1 m\u1eb7t ma s\u00e1t cacbon (CFS)<\/td>\n<\/tr>\n<tr>\n<td>C\u1ed1t l\u00f5i<\/td>\n<td>L\u00f5i polymer t\u1ed5 ong ph\u1ea3n \u1ee9ng<\/td>\n<\/tr>\n<tr>\n<td>S\u1ee9c m\u1ea1nh c\u1ed1t l\u00f5i<\/td>\n<td>16 mm<\/td>\n<\/tr>\n<tr>\n<td>Cho ph\u00e9p l\u00e0m g\u00ec<\/td>\n<td>\u0110\u1eeaNG CHO<\/td>\n<\/tr>\n<tr>\n<td>Tr\u1ecdng l\u01b0\u1ee3ng t\u1ecbnh (t\u00ednh b\u1eb1ng g)<\/td>\n<td>238<\/td>\n<\/tr>\n<tr>\n<td>T\u1ed5ng tr\u1ecdng l\u01b0\u1ee3ng (kg)<\/td>\n<td>0.238<\/td>\n<\/tr>\n<tr>\n<td>D\u00e0i<\/td>\n<td>41.91<\/td>\n<\/tr>\n<tr>\n<td>Chi\u1ec1u r\u1ed9ng<\/td>\n<td>19<\/td>\n<\/tr>\n<\/tbody>\n<\/table>\n<p><strong>V\u1ee3t Pickleball Joola Ben Johns Hyperion CFS 16<\/strong> ch\u00ednh h\u00e3ng \u0111ang \u0111\u01b0\u1ee3c ph\u00e2n ph\u1ed1i b\u1edfi Pickleball Vi\u1ec7t Nam. Li\u00ean h\u1ec7 v\u1edbi ch\u00fang t\u00f4i 0.87654321.9 \u0111\u1ec3 \u0111\u01b0\u1ee3c t\u01b0 v\u1ea5n, h\u1ed7 tr\u1ee3 chi ti\u1ebft c\u00e1c th\u00f4ng tin v\u1ec1 s\u1ea3n ph\u1ea9m.<\/p>\n<\/p><\/div>\n<\/p><\/div>","protected":false},"excerpt":{"rendered":"<ul class=\"list-unstyled params\">\n<li class=\"btt\">Th\u00f4ng tin s\u1ea3n ph\u1ea9m:<\/li>\n<li class=\"dyn\">\n                                            <span class=\"n\">Th\u01b0\u01a1ng hi\u1ec7u:<\/span><br \/>\n\t\t\t\t\t\t\t\t\t\t\t<span class=\"v\"><b>Joola<\/b><\/span>\n                                        <\/li>\n<li class=\"dyn\">\n                                            <span class=\"n\">Number order:<\/span><br \/>\n\t\t\t\t\t\t\t\t\t\t\t<span class=\"v\">18502<\/span>\n                                        <\/li>\n<li class=\"dyn\">\n                                            <span class=\"n\">Nh\u00e0 cung c\u1ea5p:<\/span><br \/>\n                                            \t\t\t\t\t\t\t\t\t\t\t<span class=\"v\"><b>pickle-ball.vn<\/b> &#8211; \u0110\u1ea1i l\u00fd \u1ee7y quy\u1ec1n Joola \u00ae<\/span>\n\t\t\t\t\t\t\t\t\t\t\t                                        <\/li>\n<li class=\"dyn\">\n                                            <span class=\"n\">Lo\u1ea1i s\u1ea3n ph\u1ea9m:<\/span><br \/>\n                                            <span class=\"v\">V\u1ee3t c\u00f4ng, th\u1ee7<\/span>\n                                        <\/li>\n<li class=\"dyn\">\n                                            <span class=\"n\">Ch\u1ea5t li\u1ec7u:<\/span><br \/>\n                                            <span class=\"v\">Carbon Fiber<\/span>\n                                        <\/li>\n<li class=\"separator\">\n                                        <\/li>\n<li>\n                                            <span class=\"n\">Tr\u1ea1ng th\u00e1i:<\/span><br \/>\n                                            <span class=\"v\" style=\"font-weight:700;color: #d7000e\">T\u1ea1m h\u1ebft h\u00e0ng<\/span>\n                                        <\/li>\n<li>\n                                            <span class=\"n\">\u0110\u1ed9 d\u00e0y:<\/span><br \/>\n                                            <span class=\"v\">16 mm<\/span>\n                                        <\/li>\n<li>\n                                            <span class=\"n\">Tr\u1ecdng l\u01b0\u1ee3ng:<\/span><br \/>\n                                            <span class=\"v\">238g<\/span>\n                                        <\/li>\n<li>\n                                            <span class=\"n\">T\u00ecnh tr\u1ea1ng:<\/span><br \/>\n                                            <span class=\"v\">M\u1edbi 100%<\/span>\n                                        <\/li>\n<li>\n                                            <span class=\"n\">B\u1ea3o h\u00e0nh:<\/span><br \/>\n                                            <span class=\"v\">Ch\u00ednh h\u00e3ng<\/span>\n                                        <\/li>\n<li>\n<p>                                            <span class=\"n\">Giao h\u00e0ng:<\/span><br \/>\n                                            <span class=\"v\">To\u00e0n qu\u1ed1c<\/span>\n                                        <\/li>\n<\/ul>","protected":false},"featured_media":14901,"comment_status":"closed","ping_status":"closed","template":"","meta":[],"pwb-brand":[3245],"product_cat":[2836],"product_tag":[3353,3352],"class_list":{"0":"post-14900","1":"product","2":"type-product","3":"status-publish","4":"has-post-thumbnail","6":"pwb-brand-joola","7":"product_cat-vot-pickleball","8":"product_tag-ben-johns-hyperion-cfs-16","9":"product_tag-joola-ben-johns-hyperion-cfs-16","11":"first","12":"instock","13":"sale","14":"shipping-taxable","15":"purchasable","16":"product-type-simple"},"yoast_head":"<!-- This site is optimized with the Yoast SEO plugin v22.9 - https:\/\/yoast.com\/wordpress\/plugins\/seo\/ -->\n<title>V\u1ee3t PickleballV\u1ee3t Pickleball Joola Ben Johns Hyperion CFS 16 - PickleBall Vi\u1ec7t Nam<\/title>\n<meta name=\"robots\" content=\"index, follow, max-snippet:-1, max-image-preview:large, max-video-preview:-1\" \/>\n<link rel=\"canonical\" href=\"https:\/\/pickle-ball.vn\/hi\/-product-\/vot-pickleball\/vot-pickleball-vot-pickleball-joola-ben-johns-hyperion-cfs-16\/\" \/>\n<meta name=\"twitter:label1\" content=\"\u0905\u0928\u0941\u092e\u093e\u0928\u093f\u0924 \u092a\u0922\u093c\u0928\u0947 \u0915\u093e \u0938\u092e\u092f\" \/>\n\t<meta name=\"twitter:data1\" content=\"2 \u092e\u093f\u0928\u091f\" \/>\n<script type=\"application\/ld+json\" class=\"yoast-schema-graph\">{\"@context\":\"https:\/\/schema.org\",\"@graph\":[{\"@type\":\"WebPage\",\"@id\":\"http:\/\/pickle-ball.vn\/vi\/-product-\/vot-pickleball\/vot-pickleball-vot-pickleball-joola-ben-johns-hyperion-cfs-16\/\",\"url\":\"http:\/\/pickle-ball.vn\/vi\/-product-\/vot-pickleball\/vot-pickleball-vot-pickleball-joola-ben-johns-hyperion-cfs-16\/\",\"name\":\"V\u1ee3t PickleballV\u1ee3t Pickleball Joola Ben Johns Hyperion CFS 16 - PickleBall Vi\u1ec7t Nam\",\"isPartOf\":{\"@id\":\"https:\/\/pickle-ball.vn\/ja\/#website\"},\"primaryImageOfPage\":{\"@id\":\"http:\/\/pickle-ball.vn\/vi\/-product-\/vot-pickleball\/vot-pickleball-vot-pickleball-joola-ben-johns-hyperion-cfs-16\/#primaryimage\"},\"image\":{\"@id\":\"http:\/\/pickle-ball.vn\/vi\/-product-\/vot-pickleball\/vot-pickleball-vot-pickleball-joola-ben-johns-hyperion-cfs-16\/#primaryimage\"},\"thumbnailUrl\":\"https:\/\/pickle-ball.vn\/wp-content\/uploads\/2024\/11\/ben-johns-hyperion-cfs-16_720x720xcrop.webp\",\"datePublished\":\"2024-11-04T06:25:46+00:00\",\"dateModified\":\"2024-11-04T06:25:49+00:00\",\"breadcrumb\":{\"@id\":\"http:\/\/pickle-ball.vn\/vi\/-product-\/vot-pickleball\/vot-pickleball-vot-pickleball-joola-ben-johns-hyperion-cfs-16\/#breadcrumb\"},\"inLanguage\":\"hi-IN\",\"potentialAction\":[{\"@type\":\"ReadAction\",\"target\":[\"http:\/\/pickle-ball.vn\/vi\/-product-\/vot-pickleball\/vot-pickleball-vot-pickleball-joola-ben-johns-hyperion-cfs-16\/\"]}]},{\"@type\":\"ImageObject\",\"inLanguage\":\"hi-IN\",\"@id\":\"http:\/\/pickle-ball.vn\/vi\/-product-\/vot-pickleball\/vot-pickleball-vot-pickleball-joola-ben-johns-hyperion-cfs-16\/#primaryimage\",\"url\":\"https:\/\/pickle-ball.vn\/wp-content\/uploads\/2024\/11\/ben-johns-hyperion-cfs-16_720x720xcrop.webp\",\"contentUrl\":\"https:\/\/pickle-ball.vn\/wp-content\/uploads\/2024\/11\/ben-johns-hyperion-cfs-16_720x720xcrop.webp\",\"width\":720,\"height\":720,\"caption\":\"V\u1ee3t Pickleball Joola Ben Johns Hyperion CFS 16 ch\u00ednh h\u00e3ng\"},{\"@type\":\"BreadcrumbList\",\"@id\":\"http:\/\/pickle-ball.vn\/vi\/-product-\/vot-pickleball\/vot-pickleball-vot-pickleball-joola-ben-johns-hyperion-cfs-16\/#breadcrumb\",\"itemListElement\":[{\"@type\":\"ListItem\",\"position\":1,\"name\":\"Home\",\"item\":\"https:\/\/pickle-ball.vn\/ja\/\"},{\"@type\":\"ListItem\",\"position\":2,\"name\":\"Shop\",\"item\":\"https:\/\/pickle-ball.vn\/vi\/shop\/\"},{\"@type\":\"ListItem\",\"position\":3,\"name\":\"V\u1ee3t PickleballV\u1ee3t Pickleball Joola Ben Johns Hyperion CFS 16\"}]},{\"@type\":\"WebSite\",\"@id\":\"https:\/\/pickle-ball.vn\/ja\/#website\",\"url\":\"https:\/\/pickle-ball.vn\/ja\/\",\"name\":\"Jabra\",\"description\":\"\",\"publisher\":{\"@id\":\"https:\/\/pickle-ball.vn\/ja\/#organization\"},\"potentialAction\":[{\"@type\":\"SearchAction\",\"target\":{\"@type\":\"EntryPoint\",\"urlTemplate\":\"https:\/\/pickle-ball.vn\/ja\/?s={search_term_string}\"},\"query-input\":\"required name=search_term_string\"}],\"inLanguage\":\"hi-IN\"},{\"@type\":\"Organization\",\"@id\":\"https:\/\/pickle-ball.vn\/ja\/#organization\",\"name\":\"Jabra\",\"url\":\"https:\/\/pickle-ball.vn\/ja\/\",\"logo\":{\"@type\":\"ImageObject\",\"inLanguage\":\"hi-IN\",\"@id\":\"https:\/\/pickle-ball.vn\/ja\/#\/schema\/logo\/image\/\",\"url\":\"\",\"contentUrl\":\"\",\"caption\":\"Jabra\"},\"image\":{\"@id\":\"https:\/\/pickle-ball.vn\/ja\/#\/schema\/logo\/image\/\"}}]}<\/script>\n<!-- \/ Yoast SEO plugin. -->","yoast_head_json":{"title":"V\u1ee3t PickleballV\u1ee3t Pickleball Joola Ben Johns Hyperion CFS 16 - PickleBall Vi\u1ec7t Nam","robots":{"index":"index","follow":"follow","max-snippet":"max-snippet:-1","max-image-preview":"max-image-preview:large","max-video-preview":"max-video-preview:-1"},"canonical":"https:\/\/pickle-ball.vn\/hi\/-product-\/vot-pickleball\/vot-pickleball-vot-pickleball-joola-ben-johns-hyperion-cfs-16\/","twitter_misc":{"\u0905\u0928\u0941\u092e\u093e\u0928\u093f\u0924 \u092a\u0922\u093c\u0928\u0947 \u0915\u093e \u0938\u092e\u092f":"2 \u092e\u093f\u0928\u091f"},"schema":{"@context":"https:\/\/schema.org","@graph":[{"@type":"WebPage","@id":"http:\/\/pickle-ball.vn\/vi\/-product-\/vot-pickleball\/vot-pickleball-vot-pickleball-joola-ben-johns-hyperion-cfs-16\/","url":"http:\/\/pickle-ball.vn\/vi\/-product-\/vot-pickleball\/vot-pickleball-vot-pickleball-joola-ben-johns-hyperion-cfs-16\/","name":"V\u1ee3t PickleballV\u1ee3t Pickleball Joola Ben Johns Hyperion CFS 16 - PickleBall Vi\u1ec7t Nam","isPartOf":{"@id":"https:\/\/pickle-ball.vn\/ja\/#website"},"primaryImageOfPage":{"@id":"http:\/\/pickle-ball.vn\/vi\/-product-\/vot-pickleball\/vot-pickleball-vot-pickleball-joola-ben-johns-hyperion-cfs-16\/#primaryimage"},"image":{"@id":"http:\/\/pickle-ball.vn\/vi\/-product-\/vot-pickleball\/vot-pickleball-vot-pickleball-joola-ben-johns-hyperion-cfs-16\/#primaryimage"},"thumbnailUrl":"https:\/\/pickle-ball.vn\/wp-content\/uploads\/2024\/11\/ben-johns-hyperion-cfs-16_720x720xcrop.webp","datePublished":"2024-11-04T06:25:46+00:00","dateModified":"2024-11-04T06:25:49+00:00","breadcrumb":{"@id":"http:\/\/pickle-ball.vn\/vi\/-product-\/vot-pickleball\/vot-pickleball-vot-pickleball-joola-ben-johns-hyperion-cfs-16\/#breadcrumb"},"inLanguage":"hi-IN","potentialAction":[{"@type":"ReadAction","target":["http:\/\/pickle-ball.vn\/vi\/-product-\/vot-pickleball\/vot-pickleball-vot-pickleball-joola-ben-johns-hyperion-cfs-16\/"]}]},{"@type":"ImageObject","inLanguage":"hi-IN","@id":"http:\/\/pickle-ball.vn\/vi\/-product-\/vot-pickleball\/vot-pickleball-vot-pickleball-joola-ben-johns-hyperion-cfs-16\/#primaryimage","url":"https:\/\/pickle-ball.vn\/wp-content\/uploads\/2024\/11\/ben-johns-hyperion-cfs-16_720x720xcrop.webp","contentUrl":"https:\/\/pickle-ball.vn\/wp-content\/uploads\/2024\/11\/ben-johns-hyperion-cfs-16_720x720xcrop.webp","width":720,"height":720,"caption":"V\u1ee3t Pickleball Joola Ben Johns Hyperion CFS 16 ch\u00ednh h\u00e3ng"},{"@type":"BreadcrumbList","@id":"http:\/\/pickle-ball.vn\/vi\/-product-\/vot-pickleball\/vot-pickleball-vot-pickleball-joola-ben-johns-hyperion-cfs-16\/#breadcrumb","itemListElement":[{"@type":"ListItem","position":1,"name":"Home","item":"https:\/\/pickle-ball.vn\/ja\/"},{"@type":"ListItem","position":2,"name":"Shop","item":"https:\/\/pickle-ball.vn\/vi\/shop\/"},{"@type":"ListItem","position":3,"name":"V\u1ee3t PickleballV\u1ee3t Pickleball Joola Ben Johns Hyperion CFS 16"}]},{"@type":"WebSite","@id":"https:\/\/pickle-ball.vn\/ja\/#website","url":"https:\/\/pickle-ball.vn\/ja\/","name":"Jabra","description":"","publisher":{"@id":"https:\/\/pickle-ball.vn\/ja\/#organization"},"potentialAction":[{"@type":"SearchAction","target":{"@type":"EntryPoint","urlTemplate":"https:\/\/pickle-ball.vn\/ja\/?s={search_term_string}"},"query-input":"required name=search_term_string"}],"inLanguage":"hi-IN"},{"@type":"Organization","@id":"https:\/\/pickle-ball.vn\/ja\/#organization","name":"Jabra","url":"https:\/\/pickle-ball.vn\/ja\/","logo":{"@type":"ImageObject","inLanguage":"hi-IN","@id":"https:\/\/pickle-ball.vn\/ja\/#\/schema\/logo\/image\/","url":"","contentUrl":"","caption":"Jabra"},"image":{"@id":"https:\/\/pickle-ball.vn\/ja\/#\/schema\/logo\/image\/"}}]}},"brands":[{"id":3245,"name":"Joola","slug":"joola"}],"_links":{"self":[{"href":"https:\/\/pickle-ball.vn\/hi\/wp-json\/wp\/v2\/product\/14900","targetHints":{"allow":["GET"]}}],"collection":[{"href":"https:\/\/pickle-ball.vn\/hi\/wp-json\/wp\/v2\/product"}],"about":[{"href":"https:\/\/pickle-ball.vn\/hi\/wp-json\/wp\/v2\/types\/product"}],"replies":[{"embeddable":true,"href":"https:\/\/pickle-ball.vn\/hi\/wp-json\/wp\/v2\/comments?post=14900"}],"wp:featuredmedia":[{"embeddable":true,"href":"https:\/\/pickle-ball.vn\/hi\/wp-json\/wp\/v2\/media\/14901"}],"wp:attachment":[{"href":"https:\/\/pickle-ball.vn\/hi\/wp-json\/wp\/v2\/media?parent=14900"}],"wp:term":[{"taxonomy":"pwb-brand","embeddable":true,"href":"https:\/\/pickle-ball.vn\/hi\/wp-json\/wp\/v2\/pwb-brand?post=14900"},{"taxonomy":"product_cat","embeddable":true,"href":"https:\/\/pickle-ball.vn\/hi\/wp-json\/wp\/v2\/product_cat?post=14900"},{"taxonomy":"product_tag","embeddable":true,"href":"https:\/\/pickle-ball.vn\/hi\/wp-json\/wp\/v2\/product_tag?post=14900"}],"curies":[{"name":"wp","href":"https:\/\/api.w.org\/{rel}","templated":true}]}}