{"id":15064,"date":"2024-11-04T14:45:35","date_gmt":"2024-11-04T07:45:35","guid":{"rendered":"http:\/\/pickle-ball.vn\/-product-\/uncategorized\/vot-pickleball-vot-joola-britto-love\/"},"modified":"2024-11-04T14:45:39","modified_gmt":"2024-11-04T07:45:39","slug":"vot-pickleball-vot-joola-britto-love","status":"publish","type":"product","link":"https:\/\/pickle-ball.vn\/hi\/-product-\/vot-pickleball\/vot-pickleball-vot-joola-britto-love\/","title":{"rendered":"V\u1ee3t PickleballV\u1ee3t Joola Britto Love"},"content":{"rendered":"<div role=\"tabpanel\" class=\"tab-pane active\" id=\"tab-product-info\">\n<div class=\"vh-content\">\n<h2><strong>V\u1ee3t Pickleball Joola Britto Love ch\u00ednh h\u00e3ng, gi\u00e1 t\u1ed1t<\/strong><\/h2>\n<p><strong>Joola Britto Love<\/strong> c\u00f3 thi\u1ebft k\u1ebf \u0111\u1eb3ng c\u1ea5p th\u1ebf gi\u1edbi \u0111\u01b0\u1ee3c truy\u1ec1n v\u00e0o c\u00e2y v\u1ee3t 10 mm v\u1edbi b\u1ec1 m\u1eb7t s\u1ee3i th\u1ee7y tinh m\u1ecbn, b\u1ec1n. V\u1ee3t Pickleball n\u00e0y kh\u00f4ng ch\u1ec9 c\u00f3 thi\u1ebft k\u1ebf b\u1eaft m\u1eaft m\u00e0 c\u00f2n ch\u1ee9a \u0111\u1ef1ng nh\u1eefng c\u00f4ng ngh\u1ec7 gi\u00fap n\u00e2ng t\u1ea7m tr\u00f2 ch\u01a1i Pickleball c\u1ee7a b\u1ea1n.<\/p>\n<p>B\u1ec1 m\u1eb7t c\u1ee7a <strong>V\u1ee3t pickleball Joola Britto Love<\/strong> l\u00e0<strong> <\/strong>s\u1ee3i th\u1ee7y tinh d\u00e0y 10 mm mang l\u1ea1i s\u1ee9c m\u1ea1nh t\u1ed1i \u01b0u \u0111\u1ec3 h\u1ed7 tr\u1ee3 ng\u01b0\u1eddi ch\u01a1i m\u1edbi b\u1eaft \u0111\u1ea7u h\u1ecdc k\u1ef9 thu\u1eadt di chuy\u1ec3n ph\u00f9 h\u1ee3p. V\u1ee3t c\u0169ng c\u00f3 s\u1ef1 k\u1ebft h\u1ee3p h\u00e0i h\u00f2a gi\u1eefa m\u00e0u s\u1eafc v\u00e0 ki\u1ec3u d\u00e1ng. L\u00f5i <strong>V\u1ee3t Joola Britto Lov<\/strong>e \u0111\u01b0\u1ee3c l\u00e0m t\u1eeb polymer ph\u1ea3n \u1ee9ng gi\u00fap gi\u1ea3m \u0111\u1ed9 rung v\u00e0 ki\u1ec3m so\u00e1t t\u1ed1t h\u01a1n. C\u1ea5u tr\u00fac t\u1ed5 ong c\u00f3 \u0111\u1eb7c t\u00ednh \u0111\u00e0n h\u1ed3i mang l\u1ea1i l\u1ef1c ch\u1ea1m v\u00e0 \u0111\u1ed9 b\u1ec1n t\u1ed1t h\u01a1n.<\/p>\n<p style=\"text-align:center\"><img decoding=\"async\" alt=\"V\u1ee3t Pickleball Joola Britto Love ch\u00ednh h\u00e3ng\" class=\"lazy\" src=\"http:\/\/pickle-ball.vn\/wp-content\/uploads\/2024\/11\/joola-britto-love-21.webp\" style=\"height:525px;width:750px\" title=\"V\u1ee3t Pickleball Joola Britto Love ch\u00ednh h\u00e3ng\"><\/p>\n<p style=\"text-align:center\"><em>H\u00ecnh \u1ea3nh: <strong>V\u1ee3t Pickleball Joola Britto Love ch\u00ednh h\u00e3ng<\/strong><\/em><\/p>\n<p><strong>V\u1ee3t Joola Britto Love<\/strong> \u0111\u01b0\u1ee3c trang b\u1ecb c\u00f4ng ngh\u1ec7 Black Feel-Tec Pure Grip mang l\u1ea1i c\u1ea3m gi\u00e1c b\u00e1m tay \u0111\u1ec3 b\u1ea1n c\u1ea7m v\u1ee3t t\u1ed1t h\u01a1n, an to\u00e0n h\u01a1n. Tay c\u1ea7m c\u00f2n gi\u00fap h\u1ea5p th\u1ee5 l\u1ef1c t\u00e1c \u0111\u1ed9ng, mang l\u1ea1i c\u1ea3m gi\u00e1c tho\u1ea3i m\u00e1i h\u01a1n v\u00e0 \u00edt m\u1ec7t m\u1ecfi h\u01a1n, gi\u00fap ng\u01b0\u1eddi ch\u01a1i ch\u01a1i l\u00e2u h\u01a1n.<\/p>\n<p style=\"text-align:center\"><img decoding=\"async\" alt=\"V\u1ee3t Pickleball Joola Britto Love\" class=\"lazy\" src=\"http:\/\/pickle-ball.vn\/wp-content\/uploads\/2024\/11\/joola-britto-love.webp\" style=\"height:919px;width:529px\" title=\"joola-britto-love\"><\/p>\n<h3>\u0110\u1eb7c \u0111i\u1ec3m n\u1ed5i b\u1eadt c\u1ee7a <strong>V\u1ee3t Pickleball Joola Britto Love<\/strong><\/h3>\n<table>\n<tbody>\n<tr>\n<td>T\u00ean s\u1ea3n ph\u1ea9m<\/td>\n<td><strong>V\u1ee3t Pickleball Joola Britto Love<\/strong><\/td>\n<\/tr>\n<tr>\n<td>Th\u01b0\u01a1ng hi\u1ec7u<\/td>\n<td><strong>V\u1ee3t Pickleball JOOLA<\/strong><\/td>\n<\/tr>\n<tr>\n<td>C\u1ed1t l\u00f5i<\/td>\n<td>t\u1ed5 ong ph\u1ea3n h\u1ed3i<\/td>\n<\/tr>\n<tr>\n<td>L\u00f5i (mm)<\/td>\n<td>10<\/td>\n<\/tr>\n<tr>\n<td>Ki\u1ec3m so\u00e1t<\/td>\n<td>90<\/td>\n<\/tr>\n<tr>\n<td>S\u1ee9c m\u1ea1nh<\/td>\n<td>87<\/td>\n<\/tr>\n<tr>\n<td>Quay<\/td>\n<td>85<\/td>\n<\/tr>\n<tr>\n<td>\u0110\u01b0\u1ee3c USAPA ph\u00ea duy\u1ec7t<\/td>\n<td>C\u00f3<\/td>\n<\/tr>\n<tr>\n<td>Tr\u1ecdng l\u01b0\u1ee3ng trung b\u00ecnh<\/td>\n<td>7,8oz<\/td>\n<\/tr>\n<tr>\n<td>Chi\u1ec1u d\u00e0i v\u1ee3t<\/td>\n<td>15,8in<\/td>\n<\/tr>\n<tr>\n<td>Chi\u1ec1u r\u1ed9ng v\u1ee3t<\/td>\n<td>7,8in<\/td>\n<\/tr>\n<tr>\n<td>Lo\u1ea1i tay c\u1ea7m<\/td>\n<td>Feel-Tec Pure<\/td>\n<\/tr>\n<tr>\n<td>Chi\u1ec1u d\u00e0i tay c\u1ea7m<\/td>\n<td>5in<\/td>\n<\/tr>\n<tr>\n<td>Chu vi tay c\u1ea7m<\/td>\n<td>4in<\/td>\n<\/tr>\n<tr>\n<td>\u0110\u01a1n v\u1ecb ph\u00e2n ph\u1ed1i<\/td>\n<td>Pickleball Vi\u1ec7t Nam<\/td>\n<\/tr>\n<\/tbody>\n<\/table>\n<p>G\u1ecdi ngay cho ch\u00fang t\u00f4i, Pickleball Vi\u1ec7t Nam 0.87654321.9 \u0111\u1ec3 \u0111\u01b0\u1ee3c t\u01b0 v\u1ea5n, h\u1ed7 tr\u1ee3 b\u00e1o gi\u00e1 nhanh v\u00e0 t\u1ed1t nh\u1ea5t v\u1ec1 s\u1ea3n ph\u1ea9m.<\/p>\n<\/p><\/div>\n<\/p><\/div>","protected":false},"excerpt":{"rendered":"<ul class=\"list-unstyled params\">\n<li class=\"btt\">Th\u00f4ng tin s\u1ea3n ph\u1ea9m:<\/li>\n<li class=\"dyn\">\n                                            <span class=\"n\">Th\u01b0\u01a1ng hi\u1ec7u:<\/span><br \/>\n\t\t\t\t\t\t\t\t\t\t\t<span class=\"v\"><b>JOOLA<\/b><\/span>\n                                        <\/li>\n<li class=\"dyn\">\n                                            <span class=\"n\">Number order:<\/span><br \/>\n\t\t\t\t\t\t\t\t\t\t\t<span class=\"v\">18345<\/span>\n                                        <\/li>\n<li class=\"dyn\">\n                                            <span class=\"n\">Nh\u00e0 cung c\u1ea5p:<\/span><br \/>\n                                            \t\t\t\t\t\t\t\t\t\t\t<span class=\"v\"><b>pickle-ball.vn<\/b> &#8211; \u0110\u1ea1i l\u00fd \u1ee7y quy\u1ec1n Joola \u00ae<\/span>\n\t\t\t\t\t\t\t\t\t\t\t                                        <\/li>\n<li class=\"separator\">\n                                        <\/li>\n<li>\n                                            <span class=\"n\">Tr\u1ea1ng th\u00e1i:<\/span><br \/>\n                                            <span class=\"v\" style=\"font-weight:700;color: #d7000e\">T\u1ea1m h\u1ebft h\u00e0ng<\/span>\n                                        <\/li>\n<li>\n                                            <span class=\"n\">\u0110\u1ed9 d\u00e0y:<\/span><br \/>\n                                            <span class=\"v\">10mm<\/span>\n                                        <\/li>\n<li>\n                                            <span class=\"n\">Tr\u1ecdng l\u01b0\u1ee3ng:<\/span><br \/>\n                                            <span class=\"v\">221g<\/span>\n                                        <\/li>\n<li>\n                                            <span class=\"n\">T\u00ecnh tr\u1ea1ng:<\/span><br \/>\n                                            <span class=\"v\">M\u1edbi 100%<\/span>\n                                        <\/li>\n<li>\n                                            <span class=\"n\">B\u1ea3o h\u00e0nh:<\/span><br \/>\n                                            <span class=\"v\">Ch\u00ednh h\u00e3ng<\/span>\n                                        <\/li>\n<li>\n<p>                                            <span class=\"n\">Giao h\u00e0ng:<\/span><br \/>\n                                            <span class=\"v\">To\u00e0n qu\u1ed1c<\/span>\n                                        <\/li>\n<\/ul>","protected":false},"featured_media":15065,"comment_status":"closed","ping_status":"closed","template":"","meta":[],"pwb-brand":[3245],"product_cat":[2836],"product_tag":[3440,3435,25,55,3277,3417,3434],"class_list":{"0":"post-15064","1":"product","2":"type-product","3":"status-publish","4":"has-post-thumbnail","6":"pwb-brand-joola","7":"product_cat-vot-pickleball","8":"product_tag-joola-britto","9":"product_tag-joola-britto-love","10":"product_tag-man","11":"product_tag-run","12":"product_tag-vot-joola","13":"product_tag-vot-pickleball","14":"product_tag-vot-pickleball-joola-britto-love","16":"first","17":"instock","18":"shipping-taxable","19":"product-type-simple"},"yoast_head":"<!-- This site is optimized with the Yoast SEO plugin v22.9 - https:\/\/yoast.com\/wordpress\/plugins\/seo\/ -->\n<title>V\u1ee3t PickleballV\u1ee3t Joola Britto Love - PickleBall Vi\u1ec7t Nam<\/title>\n<meta name=\"robots\" content=\"index, follow, max-snippet:-1, max-image-preview:large, max-video-preview:-1\" \/>\n<link rel=\"canonical\" href=\"https:\/\/pickle-ball.vn\/hi\/-product-\/vot-pickleball\/vot-pickleball-vot-joola-britto-love\/\" \/>\n<meta name=\"twitter:label1\" content=\"\u0905\u0928\u0941\u092e\u093e\u0928\u093f\u0924 \u092a\u0922\u093c\u0928\u0947 \u0915\u093e \u0938\u092e\u092f\" \/>\n\t<meta name=\"twitter:data1\" content=\"2 \u092e\u093f\u0928\u091f\" \/>\n<script type=\"application\/ld+json\" class=\"yoast-schema-graph\">{\"@context\":\"https:\/\/schema.org\",\"@graph\":[{\"@type\":\"WebPage\",\"@id\":\"https:\/\/pickle-ball.vn\/id\/-product-\/vot-pickleball\/vot-pickleball-vot-joola-britto-love\/\",\"url\":\"https:\/\/pickle-ball.vn\/id\/-product-\/vot-pickleball\/vot-pickleball-vot-joola-britto-love\/\",\"name\":\"V\u1ee3t PickleballV\u1ee3t Joola Britto Love - PickleBall Vi\u1ec7t Nam\",\"isPartOf\":{\"@id\":\"https:\/\/pickle-ball.vn\/ja\/#website\"},\"primaryImageOfPage\":{\"@id\":\"https:\/\/pickle-ball.vn\/id\/-product-\/vot-pickleball\/vot-pickleball-vot-joola-britto-love\/#primaryimage\"},\"image\":{\"@id\":\"https:\/\/pickle-ball.vn\/id\/-product-\/vot-pickleball\/vot-pickleball-vot-joola-britto-love\/#primaryimage\"},\"thumbnailUrl\":\"https:\/\/pickle-ball.vn\/wp-content\/uploads\/2024\/11\/joola-britto-love_720x720xcrop.webp\",\"datePublished\":\"2024-11-04T07:45:35+00:00\",\"dateModified\":\"2024-11-04T07:45:39+00:00\",\"breadcrumb\":{\"@id\":\"https:\/\/pickle-ball.vn\/id\/-product-\/vot-pickleball\/vot-pickleball-vot-joola-britto-love\/#breadcrumb\"},\"inLanguage\":\"hi-IN\",\"potentialAction\":[{\"@type\":\"ReadAction\",\"target\":[\"https:\/\/pickle-ball.vn\/id\/-product-\/vot-pickleball\/vot-pickleball-vot-joola-britto-love\/\"]}]},{\"@type\":\"ImageObject\",\"inLanguage\":\"hi-IN\",\"@id\":\"https:\/\/pickle-ball.vn\/id\/-product-\/vot-pickleball\/vot-pickleball-vot-joola-britto-love\/#primaryimage\",\"url\":\"https:\/\/pickle-ball.vn\/wp-content\/uploads\/2024\/11\/joola-britto-love_720x720xcrop.webp\",\"contentUrl\":\"https:\/\/pickle-ball.vn\/wp-content\/uploads\/2024\/11\/joola-britto-love_720x720xcrop.webp\",\"width\":720,\"height\":720,\"caption\":\"Pickleball Joola Britto Love\"},{\"@type\":\"BreadcrumbList\",\"@id\":\"https:\/\/pickle-ball.vn\/id\/-product-\/vot-pickleball\/vot-pickleball-vot-joola-britto-love\/#breadcrumb\",\"itemListElement\":[{\"@type\":\"ListItem\",\"position\":1,\"name\":\"Home\",\"item\":\"https:\/\/pickle-ball.vn\/ja\/\"},{\"@type\":\"ListItem\",\"position\":2,\"name\":\"Shop\",\"item\":\"https:\/\/pickle-ball.vn\/vi\/shop\/\"},{\"@type\":\"ListItem\",\"position\":3,\"name\":\"V\u1ee3t PickleballV\u1ee3t Joola Britto Love\"}]},{\"@type\":\"WebSite\",\"@id\":\"https:\/\/pickle-ball.vn\/ja\/#website\",\"url\":\"https:\/\/pickle-ball.vn\/ja\/\",\"name\":\"Jabra\",\"description\":\"\",\"publisher\":{\"@id\":\"https:\/\/pickle-ball.vn\/ja\/#organization\"},\"potentialAction\":[{\"@type\":\"SearchAction\",\"target\":{\"@type\":\"EntryPoint\",\"urlTemplate\":\"https:\/\/pickle-ball.vn\/ja\/?s={search_term_string}\"},\"query-input\":\"required name=search_term_string\"}],\"inLanguage\":\"hi-IN\"},{\"@type\":\"Organization\",\"@id\":\"https:\/\/pickle-ball.vn\/ja\/#organization\",\"name\":\"Jabra\",\"url\":\"https:\/\/pickle-ball.vn\/ja\/\",\"logo\":{\"@type\":\"ImageObject\",\"inLanguage\":\"hi-IN\",\"@id\":\"https:\/\/pickle-ball.vn\/ja\/#\/schema\/logo\/image\/\",\"url\":\"\",\"contentUrl\":\"\",\"caption\":\"Jabra\"},\"image\":{\"@id\":\"https:\/\/pickle-ball.vn\/ja\/#\/schema\/logo\/image\/\"}}]}<\/script>\n<!-- \/ Yoast SEO plugin. -->","yoast_head_json":{"title":"V\u1ee3t PickleballV\u1ee3t Joola Britto Love - PickleBall Vi\u1ec7t Nam","robots":{"index":"index","follow":"follow","max-snippet":"max-snippet:-1","max-image-preview":"max-image-preview:large","max-video-preview":"max-video-preview:-1"},"canonical":"https:\/\/pickle-ball.vn\/hi\/-product-\/vot-pickleball\/vot-pickleball-vot-joola-britto-love\/","twitter_misc":{"\u0905\u0928\u0941\u092e\u093e\u0928\u093f\u0924 \u092a\u0922\u093c\u0928\u0947 \u0915\u093e \u0938\u092e\u092f":"2 \u092e\u093f\u0928\u091f"},"schema":{"@context":"https:\/\/schema.org","@graph":[{"@type":"WebPage","@id":"https:\/\/pickle-ball.vn\/id\/-product-\/vot-pickleball\/vot-pickleball-vot-joola-britto-love\/","url":"https:\/\/pickle-ball.vn\/id\/-product-\/vot-pickleball\/vot-pickleball-vot-joola-britto-love\/","name":"V\u1ee3t PickleballV\u1ee3t Joola Britto Love - PickleBall Vi\u1ec7t Nam","isPartOf":{"@id":"https:\/\/pickle-ball.vn\/ja\/#website"},"primaryImageOfPage":{"@id":"https:\/\/pickle-ball.vn\/id\/-product-\/vot-pickleball\/vot-pickleball-vot-joola-britto-love\/#primaryimage"},"image":{"@id":"https:\/\/pickle-ball.vn\/id\/-product-\/vot-pickleball\/vot-pickleball-vot-joola-britto-love\/#primaryimage"},"thumbnailUrl":"https:\/\/pickle-ball.vn\/wp-content\/uploads\/2024\/11\/joola-britto-love_720x720xcrop.webp","datePublished":"2024-11-04T07:45:35+00:00","dateModified":"2024-11-04T07:45:39+00:00","breadcrumb":{"@id":"https:\/\/pickle-ball.vn\/id\/-product-\/vot-pickleball\/vot-pickleball-vot-joola-britto-love\/#breadcrumb"},"inLanguage":"hi-IN","potentialAction":[{"@type":"ReadAction","target":["https:\/\/pickle-ball.vn\/id\/-product-\/vot-pickleball\/vot-pickleball-vot-joola-britto-love\/"]}]},{"@type":"ImageObject","inLanguage":"hi-IN","@id":"https:\/\/pickle-ball.vn\/id\/-product-\/vot-pickleball\/vot-pickleball-vot-joola-britto-love\/#primaryimage","url":"https:\/\/pickle-ball.vn\/wp-content\/uploads\/2024\/11\/joola-britto-love_720x720xcrop.webp","contentUrl":"https:\/\/pickle-ball.vn\/wp-content\/uploads\/2024\/11\/joola-britto-love_720x720xcrop.webp","width":720,"height":720,"caption":"Pickleball Joola Britto Love"},{"@type":"BreadcrumbList","@id":"https:\/\/pickle-ball.vn\/id\/-product-\/vot-pickleball\/vot-pickleball-vot-joola-britto-love\/#breadcrumb","itemListElement":[{"@type":"ListItem","position":1,"name":"Home","item":"https:\/\/pickle-ball.vn\/ja\/"},{"@type":"ListItem","position":2,"name":"Shop","item":"https:\/\/pickle-ball.vn\/vi\/shop\/"},{"@type":"ListItem","position":3,"name":"V\u1ee3t PickleballV\u1ee3t Joola Britto Love"}]},{"@type":"WebSite","@id":"https:\/\/pickle-ball.vn\/ja\/#website","url":"https:\/\/pickle-ball.vn\/ja\/","name":"Jabra","description":"","publisher":{"@id":"https:\/\/pickle-ball.vn\/ja\/#organization"},"potentialAction":[{"@type":"SearchAction","target":{"@type":"EntryPoint","urlTemplate":"https:\/\/pickle-ball.vn\/ja\/?s={search_term_string}"},"query-input":"required name=search_term_string"}],"inLanguage":"hi-IN"},{"@type":"Organization","@id":"https:\/\/pickle-ball.vn\/ja\/#organization","name":"Jabra","url":"https:\/\/pickle-ball.vn\/ja\/","logo":{"@type":"ImageObject","inLanguage":"hi-IN","@id":"https:\/\/pickle-ball.vn\/ja\/#\/schema\/logo\/image\/","url":"","contentUrl":"","caption":"Jabra"},"image":{"@id":"https:\/\/pickle-ball.vn\/ja\/#\/schema\/logo\/image\/"}}]}},"brands":[{"id":3245,"name":"Joola","slug":"joola"}],"_links":{"self":[{"href":"https:\/\/pickle-ball.vn\/hi\/wp-json\/wp\/v2\/product\/15064","targetHints":{"allow":["GET"]}}],"collection":[{"href":"https:\/\/pickle-ball.vn\/hi\/wp-json\/wp\/v2\/product"}],"about":[{"href":"https:\/\/pickle-ball.vn\/hi\/wp-json\/wp\/v2\/types\/product"}],"replies":[{"embeddable":true,"href":"https:\/\/pickle-ball.vn\/hi\/wp-json\/wp\/v2\/comments?post=15064"}],"wp:featuredmedia":[{"embeddable":true,"href":"https:\/\/pickle-ball.vn\/hi\/wp-json\/wp\/v2\/media\/15065"}],"wp:attachment":[{"href":"https:\/\/pickle-ball.vn\/hi\/wp-json\/wp\/v2\/media?parent=15064"}],"wp:term":[{"taxonomy":"pwb-brand","embeddable":true,"href":"https:\/\/pickle-ball.vn\/hi\/wp-json\/wp\/v2\/pwb-brand?post=15064"},{"taxonomy":"product_cat","embeddable":true,"href":"https:\/\/pickle-ball.vn\/hi\/wp-json\/wp\/v2\/product_cat?post=15064"},{"taxonomy":"product_tag","embeddable":true,"href":"https:\/\/pickle-ball.vn\/hi\/wp-json\/wp\/v2\/product_tag?post=15064"}],"curies":[{"name":"wp","href":"https:\/\/api.w.org\/{rel}","templated":true}]}}