{"id":15121,"date":"2024-11-04T15:10:55","date_gmt":"2024-11-04T08:10:55","guid":{"rendered":"http:\/\/pickle-ball.vn\/-product-\/uncategorized\/joola-vision-ii-backpack-blue\/"},"modified":"2024-11-04T15:10:58","modified_gmt":"2024-11-04T08:10:58","slug":"joola-vision-ii-backpack-blue","status":"publish","type":"product","link":"https:\/\/pickle-ball.vn\/hi\/-product-\/phu-kien-pickleball\/joola-vision-ii-backpack-blue\/","title":{"rendered":"Joola Vision II Backpack (Blue)"},"content":{"rendered":"<div role=\"tabpanel\" class=\"tab-pane active\" id=\"tab-product-info\">\n<div class=\"vh-content\">\n<h2><strong>Balo Joola Vision II Backpack (Blue) ch\u00ednh h\u00e3ng gi\u00e1 t\u1ed1t<\/strong><\/h2>\n<p>Balo JOOLA Vision II (M\u00e0u xanh) r\u1ea5t th\u00edch h\u1ee3p cho t\u1ea5t c\u1ea3 m\u1ecdi ng\u01b0\u1eddi. Ng\u0103n ch\u1ee9a laptop \u0111\u01b0\u1ee3c thi\u1ebft k\u1ebf v\u1edbi \u0111\u1ec7m b\u00ean trong, t\u1ea1o s\u1ef1 r\u1ed9ng r\u00e3i, gi\u00fap b\u1ea1n d\u1ec5 d\u00e0ng chuy\u1ec3n t\u1eeb v\u0103n ph\u00f2ng \u0111\u1ebfn s\u00e2n t\u1eadp. V\u1edbi nhi\u1ec1u ng\u0103n v\u00e0 t\u00fai, bao g\u1ed3m m\u1ed9t ng\u0103n gi\u00e0y th\u00f4ng gi\u00f3 ri\u00eang bi\u1ec7t, vi\u1ec7c s\u1eafp x\u1ebfp thi\u1ebft b\u1ecb c\u1ee7a b\u1ea1n tr\u1edf n\u00ean \u0111\u01a1n gi\u1ea3n h\u01a1n. C\u00e1c t\u00fai ph\u1ee5 ki\u1ec7n b\u00ean ngo\u00e0i cho ph\u00e9p b\u1ea1n ti\u1ebfp c\u1eadn nhanh ch\u00f3ng \u0111\u1ebfn c\u00e1c v\u1eadt d\u1ee5ng nh\u1ecf, trong khi t\u00fai l\u01b0\u1edbi b\u00ean h\u00f4ng c\u00f3 th\u1ec3 \u0111i\u1ec1u ch\u1ec9nh mang \u0111\u1ebfn kh\u00f4ng gian l\u00fd t\u01b0\u1edfng \u0111\u1ec3 l\u01b0u tr\u1eef b\u00ecnh n\u01b0\u1edbc. K\u00edch th\u01b0\u1edbc g\u1ecdn nh\u1eb9 v\u00e0 d\u00e2y \u0111eo vai \u00eam \u00e1i l\u00e0m cho s\u1ea3n ph\u1ea9m tr\u1edf th\u00e0nh l\u1ef1a ch\u1ecdn ho\u00e0n h\u1ea3o cho s\u1eed d\u1ee5ng h\u1eb1ng ng\u00e0y.<\/p>\n<\/p><\/div>\n<\/p><\/div>","protected":false},"excerpt":{"rendered":"<ul class=\"list-unstyled params\">\n<li class=\"btt\">Th\u00f4ng tin s\u1ea3n ph\u1ea9m:<\/li>\n<li class=\"dyn\">\n                                            <span class=\"n\">Th\u01b0\u01a1ng hi\u1ec7u:<\/span><br \/>\n\t\t\t\t\t\t\t\t\t\t\t<span class=\"v\"><b>Joola<\/b><\/span>\n                                        <\/li>\n<li class=\"dyn\">\n                                            <span class=\"n\">Number order:<\/span><br \/>\n\t\t\t\t\t\t\t\t\t\t\t<span class=\"v\">80165<\/span>\n                                        <\/li>\n<li class=\"dyn\">\n                                            <span class=\"n\">Nh\u00e0 cung c\u1ea5p:<\/span><br \/>\n                                            \t\t\t\t\t\t\t\t\t\t\t<span class=\"v\"><b>pickle-ball.vn<\/b> &#8211; \u0110\u1ea1i l\u00fd \u1ee7y quy\u1ec1n Joola \u00ae<\/span>\n\t\t\t\t\t\t\t\t\t\t\t                                        <\/li>\n<li class=\"dyn\">\n                                            <span class=\"n\">Lo\u1ea1i s\u1ea3n ph\u1ea9m:<\/span><br \/>\n                                            <span class=\"v\">Balo pickleball<\/span>\n                                        <\/li>\n<li class=\"separator\">\n                                        <\/li>\n<li>\n                                            <span class=\"n\">Tr\u1ea1ng th\u00e1i:<\/span><br \/>\n                                            <span class=\"v\" style=\"font-weight:700;color: #d7000e\">C\u00f3 s\u1eb5n h\u00e0ng<\/span>\n                                        <\/li>\n<li>\n                                            <span class=\"n\">T\u00ecnh tr\u1ea1ng:<\/span><br \/>\n                                            <span class=\"v\">M\u1edbi 100%<\/span>\n                                        <\/li>\n<li>\n                                            <span class=\"n\">B\u1ea3o h\u00e0nh:<\/span><br \/>\n                                            <span class=\"v\">Ch\u00ednh h\u00e3ng<\/span>\n                                        <\/li>\n<li>\n<p>                                            <span class=\"n\">Giao h\u00e0ng:<\/span><br \/>\n                                            <span class=\"v\">To\u00e0n qu\u1ed1c<\/span>\n                                        <\/li>\n<\/ul>","protected":false},"featured_media":15122,"comment_status":"closed","ping_status":"closed","template":"","meta":[],"pwb-brand":[3245],"product_cat":[3232],"product_tag":[3477,3478],"class_list":{"0":"post-15121","1":"product","2":"type-product","3":"status-publish","4":"has-post-thumbnail","6":"pwb-brand-joola","7":"product_cat-phu-kien-pickleball","8":"product_tag-balo-joola","9":"product_tag-balo-joola-vision-ii","11":"first","12":"instock","13":"shipping-taxable","14":"product-type-simple"},"yoast_head":"<!-- This site is optimized with the Yoast SEO plugin v22.9 - https:\/\/yoast.com\/wordpress\/plugins\/seo\/ -->\n<title>Joola Vision II Backpack (Blue) - PickleBall Vi\u1ec7t Nam<\/title>\n<meta name=\"robots\" content=\"index, follow, max-snippet:-1, max-image-preview:large, max-video-preview:-1\" \/>\n<link rel=\"canonical\" href=\"https:\/\/pickle-ball.vn\/hi\/-product-\/phu-kien-pickleball\/joola-vision-ii-backpack-blue\/\" \/>\n<meta name=\"twitter:label1\" content=\"\u0905\u0928\u0941\u092e\u093e\u0928\u093f\u0924 \u092a\u0922\u093c\u0928\u0947 \u0915\u093e \u0938\u092e\u092f\" \/>\n\t<meta name=\"twitter:data1\" content=\"1 \u092e\u093f\u0928\u091f\" \/>\n<script type=\"application\/ld+json\" class=\"yoast-schema-graph\">{\"@context\":\"https:\/\/schema.org\",\"@graph\":[{\"@type\":\"WebPage\",\"@id\":\"https:\/\/pickle-ball.vn\/vi\/-product-\/phu-kien-pickleball\/joola-vision-ii-backpack-blue\/\",\"url\":\"https:\/\/pickle-ball.vn\/vi\/-product-\/phu-kien-pickleball\/joola-vision-ii-backpack-blue\/\",\"name\":\"Joola Vision II Backpack (Blue) - PickleBall Vi\u1ec7t Nam\",\"isPartOf\":{\"@id\":\"https:\/\/pickle-ball.vn\/ja\/#website\"},\"primaryImageOfPage\":{\"@id\":\"https:\/\/pickle-ball.vn\/vi\/-product-\/phu-kien-pickleball\/joola-vision-ii-backpack-blue\/#primaryimage\"},\"image\":{\"@id\":\"https:\/\/pickle-ball.vn\/vi\/-product-\/phu-kien-pickleball\/joola-vision-ii-backpack-blue\/#primaryimage\"},\"thumbnailUrl\":\"https:\/\/pickle-ball.vn\/wp-content\/uploads\/2024\/11\/joola-vision-ii-backpack-blue_720x720xcrop.webp\",\"datePublished\":\"2024-11-04T08:10:55+00:00\",\"dateModified\":\"2024-11-04T08:10:58+00:00\",\"breadcrumb\":{\"@id\":\"https:\/\/pickle-ball.vn\/vi\/-product-\/phu-kien-pickleball\/joola-vision-ii-backpack-blue\/#breadcrumb\"},\"inLanguage\":\"hi-IN\",\"potentialAction\":[{\"@type\":\"ReadAction\",\"target\":[\"https:\/\/pickle-ball.vn\/vi\/-product-\/phu-kien-pickleball\/joola-vision-ii-backpack-blue\/\"]}]},{\"@type\":\"ImageObject\",\"inLanguage\":\"hi-IN\",\"@id\":\"https:\/\/pickle-ball.vn\/vi\/-product-\/phu-kien-pickleball\/joola-vision-ii-backpack-blue\/#primaryimage\",\"url\":\"https:\/\/pickle-ball.vn\/wp-content\/uploads\/2024\/11\/joola-vision-ii-backpack-blue_720x720xcrop.webp\",\"contentUrl\":\"https:\/\/pickle-ball.vn\/wp-content\/uploads\/2024\/11\/joola-vision-ii-backpack-blue_720x720xcrop.webp\",\"width\":720,\"height\":720,\"caption\":\"Balo Joola Vision II Backpack (Blue) ch\u00ednh h\u00e3ng gi\u00e1 t\u1ed1t\"},{\"@type\":\"BreadcrumbList\",\"@id\":\"https:\/\/pickle-ball.vn\/vi\/-product-\/phu-kien-pickleball\/joola-vision-ii-backpack-blue\/#breadcrumb\",\"itemListElement\":[{\"@type\":\"ListItem\",\"position\":1,\"name\":\"Home\",\"item\":\"https:\/\/pickle-ball.vn\/ja\/\"},{\"@type\":\"ListItem\",\"position\":2,\"name\":\"Shop\",\"item\":\"https:\/\/pickle-ball.vn\/vi\/shop\/\"},{\"@type\":\"ListItem\",\"position\":3,\"name\":\"Joola Vision II Backpack (Blue)\"}]},{\"@type\":\"WebSite\",\"@id\":\"https:\/\/pickle-ball.vn\/ja\/#website\",\"url\":\"https:\/\/pickle-ball.vn\/ja\/\",\"name\":\"Jabra\",\"description\":\"\",\"publisher\":{\"@id\":\"https:\/\/pickle-ball.vn\/ja\/#organization\"},\"potentialAction\":[{\"@type\":\"SearchAction\",\"target\":{\"@type\":\"EntryPoint\",\"urlTemplate\":\"https:\/\/pickle-ball.vn\/ja\/?s={search_term_string}\"},\"query-input\":\"required name=search_term_string\"}],\"inLanguage\":\"hi-IN\"},{\"@type\":\"Organization\",\"@id\":\"https:\/\/pickle-ball.vn\/ja\/#organization\",\"name\":\"Jabra\",\"url\":\"https:\/\/pickle-ball.vn\/ja\/\",\"logo\":{\"@type\":\"ImageObject\",\"inLanguage\":\"hi-IN\",\"@id\":\"https:\/\/pickle-ball.vn\/ja\/#\/schema\/logo\/image\/\",\"url\":\"\",\"contentUrl\":\"\",\"caption\":\"Jabra\"},\"image\":{\"@id\":\"https:\/\/pickle-ball.vn\/ja\/#\/schema\/logo\/image\/\"}}]}<\/script>\n<!-- \/ Yoast SEO plugin. -->","yoast_head_json":{"title":"Joola Vision II Backpack (Blue) - PickleBall Vi\u1ec7t Nam","robots":{"index":"index","follow":"follow","max-snippet":"max-snippet:-1","max-image-preview":"max-image-preview:large","max-video-preview":"max-video-preview:-1"},"canonical":"https:\/\/pickle-ball.vn\/hi\/-product-\/phu-kien-pickleball\/joola-vision-ii-backpack-blue\/","twitter_misc":{"\u0905\u0928\u0941\u092e\u093e\u0928\u093f\u0924 \u092a\u0922\u093c\u0928\u0947 \u0915\u093e \u0938\u092e\u092f":"1 \u092e\u093f\u0928\u091f"},"schema":{"@context":"https:\/\/schema.org","@graph":[{"@type":"WebPage","@id":"https:\/\/pickle-ball.vn\/vi\/-product-\/phu-kien-pickleball\/joola-vision-ii-backpack-blue\/","url":"https:\/\/pickle-ball.vn\/vi\/-product-\/phu-kien-pickleball\/joola-vision-ii-backpack-blue\/","name":"Joola Vision II Backpack (Blue) - PickleBall Vi\u1ec7t Nam","isPartOf":{"@id":"https:\/\/pickle-ball.vn\/ja\/#website"},"primaryImageOfPage":{"@id":"https:\/\/pickle-ball.vn\/vi\/-product-\/phu-kien-pickleball\/joola-vision-ii-backpack-blue\/#primaryimage"},"image":{"@id":"https:\/\/pickle-ball.vn\/vi\/-product-\/phu-kien-pickleball\/joola-vision-ii-backpack-blue\/#primaryimage"},"thumbnailUrl":"https:\/\/pickle-ball.vn\/wp-content\/uploads\/2024\/11\/joola-vision-ii-backpack-blue_720x720xcrop.webp","datePublished":"2024-11-04T08:10:55+00:00","dateModified":"2024-11-04T08:10:58+00:00","breadcrumb":{"@id":"https:\/\/pickle-ball.vn\/vi\/-product-\/phu-kien-pickleball\/joola-vision-ii-backpack-blue\/#breadcrumb"},"inLanguage":"hi-IN","potentialAction":[{"@type":"ReadAction","target":["https:\/\/pickle-ball.vn\/vi\/-product-\/phu-kien-pickleball\/joola-vision-ii-backpack-blue\/"]}]},{"@type":"ImageObject","inLanguage":"hi-IN","@id":"https:\/\/pickle-ball.vn\/vi\/-product-\/phu-kien-pickleball\/joola-vision-ii-backpack-blue\/#primaryimage","url":"https:\/\/pickle-ball.vn\/wp-content\/uploads\/2024\/11\/joola-vision-ii-backpack-blue_720x720xcrop.webp","contentUrl":"https:\/\/pickle-ball.vn\/wp-content\/uploads\/2024\/11\/joola-vision-ii-backpack-blue_720x720xcrop.webp","width":720,"height":720,"caption":"Balo Joola Vision II Backpack (Blue) ch\u00ednh h\u00e3ng gi\u00e1 t\u1ed1t"},{"@type":"BreadcrumbList","@id":"https:\/\/pickle-ball.vn\/vi\/-product-\/phu-kien-pickleball\/joola-vision-ii-backpack-blue\/#breadcrumb","itemListElement":[{"@type":"ListItem","position":1,"name":"Home","item":"https:\/\/pickle-ball.vn\/ja\/"},{"@type":"ListItem","position":2,"name":"Shop","item":"https:\/\/pickle-ball.vn\/vi\/shop\/"},{"@type":"ListItem","position":3,"name":"Joola Vision II Backpack (Blue)"}]},{"@type":"WebSite","@id":"https:\/\/pickle-ball.vn\/ja\/#website","url":"https:\/\/pickle-ball.vn\/ja\/","name":"Jabra","description":"","publisher":{"@id":"https:\/\/pickle-ball.vn\/ja\/#organization"},"potentialAction":[{"@type":"SearchAction","target":{"@type":"EntryPoint","urlTemplate":"https:\/\/pickle-ball.vn\/ja\/?s={search_term_string}"},"query-input":"required name=search_term_string"}],"inLanguage":"hi-IN"},{"@type":"Organization","@id":"https:\/\/pickle-ball.vn\/ja\/#organization","name":"Jabra","url":"https:\/\/pickle-ball.vn\/ja\/","logo":{"@type":"ImageObject","inLanguage":"hi-IN","@id":"https:\/\/pickle-ball.vn\/ja\/#\/schema\/logo\/image\/","url":"","contentUrl":"","caption":"Jabra"},"image":{"@id":"https:\/\/pickle-ball.vn\/ja\/#\/schema\/logo\/image\/"}}]}},"brands":[{"id":3245,"name":"Joola","slug":"joola"}],"_links":{"self":[{"href":"https:\/\/pickle-ball.vn\/hi\/wp-json\/wp\/v2\/product\/15121","targetHints":{"allow":["GET"]}}],"collection":[{"href":"https:\/\/pickle-ball.vn\/hi\/wp-json\/wp\/v2\/product"}],"about":[{"href":"https:\/\/pickle-ball.vn\/hi\/wp-json\/wp\/v2\/types\/product"}],"replies":[{"embeddable":true,"href":"https:\/\/pickle-ball.vn\/hi\/wp-json\/wp\/v2\/comments?post=15121"}],"wp:featuredmedia":[{"embeddable":true,"href":"https:\/\/pickle-ball.vn\/hi\/wp-json\/wp\/v2\/media\/15122"}],"wp:attachment":[{"href":"https:\/\/pickle-ball.vn\/hi\/wp-json\/wp\/v2\/media?parent=15121"}],"wp:term":[{"taxonomy":"pwb-brand","embeddable":true,"href":"https:\/\/pickle-ball.vn\/hi\/wp-json\/wp\/v2\/pwb-brand?post=15121"},{"taxonomy":"product_cat","embeddable":true,"href":"https:\/\/pickle-ball.vn\/hi\/wp-json\/wp\/v2\/product_cat?post=15121"},{"taxonomy":"product_tag","embeddable":true,"href":"https:\/\/pickle-ball.vn\/hi\/wp-json\/wp\/v2\/product_tag?post=15121"}],"curies":[{"name":"wp","href":"https:\/\/api.w.org\/{rel}","templated":true}]}}