{"id":15585,"date":"2024-11-04T19:00:30","date_gmt":"2024-11-04T12:00:30","guid":{"rendered":"http:\/\/pickle-ball.vn\/-product-\/uncategorized\/vot-pickleball-vot-pickleball-selkirk-cammy-macgregor-amped-s2\/"},"modified":"2024-11-04T19:00:34","modified_gmt":"2024-11-04T12:00:34","slug":"vot-pickleball-vot-pickleball-selkirk-cammy-macgregor-amped-s2","status":"publish","type":"product","link":"https:\/\/pickle-ball.vn\/hi\/-product-\/vot-pickleball\/vot-pickleball-vot-pickleball-selkirk-cammy-macgregor-amped-s2\/","title":{"rendered":"V\u1ee3t PickleballV\u1ee3t Pickleball Selkirk Cammy MacGregor AMPED &#8211; S2"},"content":{"rendered":"<div role=\"tabpanel\" class=\"tab-pane active\" id=\"tab-product-info\">\n<div class=\"vh-content\">\n<h2><strong>V\u1ee3t Pickleball Selkirk Cammy MacGregor AMPED &#8211; S2<\/strong><\/h2>\n<p><strong>V\u1ee3t Pickleball Selkirk Amped MacGregor Signature S2<\/strong> t\u1ef1 h\u00e0o c\u00f3 \u0111i\u1ec3m ng\u1ecdt m\u1edf r\u1ed9ng, mang \u0111\u1ebfn s\u1ef1 k\u1ebft h\u1ee3p \u0111\u1eb7c bi\u1ec7t gi\u1eefa s\u1ee9c m\u1ea1nh v\u00e0 kh\u1ea3 n\u0103ng ki\u1ec3m so\u00e1t. V\u1edbi h\u00ecnh d\u1ea1ng S2 c\u00f3 tay c\u1ea7m ng\u1eafn v\u00e0 m\u1eb7t l\u1edbn nh\u1ea5t trong s\u1ed1 c\u00e1c V\u1ee3t Pickleball Selkirk, v\u1ee3t pickleball n\u00e0y \u0111\u1ea3m b\u1ea3o \u0111i\u1ec3m ng\u1ecdt r\u1ed9ng nh\u1ea5t \u0111\u1ec3 t\u0103ng c\u01b0\u1eddng t\u00ednh nh\u1ea5t qu\u00e1n. N\u00f3 \u0111\u1eb7c bi\u1ec7t th\u00edch h\u1ee3p cho nh\u1eefng ng\u01b0\u1eddi \u0111am m\u00ea Pickleball v\u00e0 b\u00f3ng b\u00e0n.<\/p>\n<p style=\"text-align:center\"><img decoding=\"async\" alt=\"V\u1ee3t Pickleball Selkirk Cammy MacGregor AMPED - S2\" class=\"lazy\" src=\"http:\/\/pickle-ball.vn\/wp-content\/uploads\/2024\/11\/selkirk-cammy-macgregor-amped-s2.webp\" style=\"height:525px;width:750px\" title=\"V\u1ee3t Pickleball Selkirk Cammy MacGregor AMPED - S2\"><\/p>\n<p style=\"text-align:center\"><em>V\u1ee3t Pickleball Selkirk Cammy MacGregor AMPED &#8211; S2 ch\u00ednh h\u00e3ng<\/em><\/p>\n<h3><strong>V\u1ee3t Pickleball Selkirk Cammy MacGregor AMPED &#8211; S2 ch\u00ednh h\u00e3ng \u0111\u01b0\u1ee3c t\u00edch h\u1ee3p nh\u1eefng c\u00f4ng ngh\u1ec7 hi\u1ec7n \u0111\u1ea1i nh\u01b0:<\/strong><\/h3>\n<p>&#8211; EdgeSentry: C\u00f4ng ngh\u1ec7 b\u1ea3o v\u1ec7 c\u1ea1nh c\u1ea5u h\u00ecnh th\u1ea5p, nh\u1eb9 v\u00e0 b\u1ec1n cho v\u1ee3t pickleball ch\u1eafc ch\u1eafn, c\u00e2n b\u1eb1ng t\u1ed1t<\/p>\n<p>&#8211; FiberFlex: C\u00f4ng ngh\u1ec7 s\u1ee3i th\u1ee7y tinh t\u1ea1o ra b\u1ec1 m\u1eb7t tuy\u1ec7t v\u1eddi t\u1ea1o ra \u0111\u1ed9 xo\u00e1y, \u0111\u1ed3ng th\u1eddi t\u0103ng c\u01b0\u1eddng kh\u1ea3 n\u0103ng ki\u1ec3m so\u00e1t<\/p>\n<p>&#8211; L\u00f5i X5: C\u00f4ng ngh\u1ec7 t\u1ed5 ong polypropylen b\u1ec1n b\u1ec9 gi\u00fap t\u0103ng s\u1ee9c m\u1ea1nh<\/p>\n<p>&#8211; Comfort Grip: Ch\u1ea5t li\u1ec7u \u0111\u1ec7m gi\u00fap c\u1ea7m n\u1eafm tho\u1ea3i m\u00e1i, t\u1ef1 tin.<\/p>\n<h3><strong>Th\u00f4ng s\u1ed1 k\u1ef9 thu\u1eadt V\u1ee3t Pickleball Selkirk Cammy MacGregor AMPED &#8211; S2<\/strong><\/h3>\n<p>C\u1ea5p \u0111\u1ed9 k\u1ef9 n\u0103ng: S\u01a1 c\u1ea5p \u0111\u1ebfn chuy\u00ean nghi\u1ec7p<\/p>\n<p>Nh\u1eb9 trung b\u00ecnh: 7,4oz &#8211; 7,8oz<\/p>\n<p>C\u00e2n n\u1eb7ng trung b\u00ecnh: 7,9oz &#8211; 8,4oz<\/p>\n<p>Chi\u1ec1u cao: 15,75<\/p>\n<p>Chi\u1ec1u r\u1ed9ng: 8,0<\/p>\n<p>\u0110\u1ed9 d\u00e0y l\u00f5i: 16mm<\/p>\n<p>Chi\u1ec1u d\u00e0i tay c\u1ea7m: 4,5<\/p>\n<p>Chu vi tay c\u1ea7m: 4,25<\/p>\n<p>K\u00edch th\u01b0\u1edbc \u0111i\u1ec3m ng\u1ecdt: 10<\/p>\n<p>Di\u1ec7n t\u00edch b\u1ec1 m\u1eb7t: L\u1edbn nh\u1ea5t<\/p>\n<p>Chi\u1ec1u d\u00e0i tay c\u1ea7m: 4,5<\/p>\n<p><strong>V\u1ee3t Pickleball Selkirk Cammy MacGregor AMPED &#8211; S2<\/strong>, C\u00e2n n\u1eb7ng trung b\u00ecnh 7,9oz &#8211; 8,4oz, Chi\u1ec1u cao 15,75, Chi\u1ec1u r\u1ed9ng 8,0, \u0110\u1ed9 d\u00e0y l\u00f5i 16mm ch\u00ednh h\u00e3ng t\u1ea1i Pickleball Vi\u1ec7t Nam.<\/p>\n<\/p><\/div>\n<\/p><\/div>","protected":false},"excerpt":{"rendered":"<ul class=\"list-unstyled params\">\n<li class=\"btt\">Th\u00f4ng tin s\u1ea3n ph\u1ea9m:<\/li>\n<li class=\"dyn\">\n                                            <span class=\"n\">Nh\u00e0 cung c\u1ea5p:<\/span><br \/>\n                                            \t\t\t\t\t\t\t\t\t\t\t<span class=\"v\">Pickleball Vi\u1ec7t Nam<\/span>\n\t\t\t\t\t\t\t\t\t\t\t                                        <\/li>\n<li class=\"separator\">\n                                        <\/li>\n<li>\n                                            <span class=\"n\">Tr\u1ea1ng th\u00e1i:<\/span><br \/>\n                                            <span class=\"v\" style=\"font-weight:700;color: #d7000e\">T\u1ea1m h\u1ebft h\u00e0ng<\/span>\n                                        <\/li>\n<li>\n                                            <span class=\"n\">T\u00ecnh tr\u1ea1ng:<\/span><br \/>\n                                            <span class=\"v\">M\u1edbi 100%<\/span>\n                                        <\/li>\n<li>\n                                            <span class=\"n\">B\u1ea3o h\u00e0nh:<\/span><br \/>\n                                            <span class=\"v\">Ch\u00ednh h\u00e3ng<\/span>\n                                        <\/li>\n<li>\n<p>                                            <span class=\"n\">Giao h\u00e0ng:<\/span><br \/>\n                                            <span class=\"v\">To\u00e0n qu\u1ed1c<\/span>\n                                        <\/li>\n<\/ul>","protected":false},"featured_media":15586,"comment_status":"closed","ping_status":"closed","template":"","meta":[],"pwb-brand":[],"product_cat":[2836],"product_tag":[3248,25,3690,55,3725,3417,3691],"class_list":{"0":"post-15585","1":"product","2":"type-product","3":"status-publish","4":"has-post-thumbnail","6":"product_cat-vot-pickleball","7":"product_tag-bong","8":"product_tag-man","9":"product_tag-pickleball-selkirk","10":"product_tag-run","11":"product_tag-selkirk-cammy-macgregor-amped-s2","12":"product_tag-vot-pickleball","13":"product_tag-vot-pickleball-selkirk","15":"first","16":"instock","17":"shipping-taxable","18":"product-type-simple"},"yoast_head":"<!-- This site is optimized with the Yoast SEO plugin v22.9 - https:\/\/yoast.com\/wordpress\/plugins\/seo\/ -->\n<title>V\u1ee3t PickleballV\u1ee3t Pickleball Selkirk Cammy MacGregor AMPED - S2 - PickleBall Vi\u1ec7t Nam<\/title>\n<meta name=\"robots\" content=\"index, follow, max-snippet:-1, max-image-preview:large, max-video-preview:-1\" \/>\n<link rel=\"canonical\" href=\"https:\/\/pickle-ball.vn\/hi\/-product-\/vot-pickleball\/vot-pickleball-vot-pickleball-selkirk-cammy-macgregor-amped-s2\/\" \/>\n<meta name=\"twitter:label1\" content=\"\u0905\u0928\u0941\u092e\u093e\u0928\u093f\u0924 \u092a\u0922\u093c\u0928\u0947 \u0915\u093e \u0938\u092e\u092f\" \/>\n\t<meta name=\"twitter:data1\" content=\"2 \u092e\u093f\u0928\u091f\" \/>\n<script type=\"application\/ld+json\" class=\"yoast-schema-graph\">{\"@context\":\"https:\/\/schema.org\",\"@graph\":[{\"@type\":\"WebPage\",\"@id\":\"https:\/\/pickle-ball.vn\/vi\/-product-\/vot-pickleball\/vot-pickleball-vot-pickleball-selkirk-cammy-macgregor-amped-s2\/\",\"url\":\"https:\/\/pickle-ball.vn\/vi\/-product-\/vot-pickleball\/vot-pickleball-vot-pickleball-selkirk-cammy-macgregor-amped-s2\/\",\"name\":\"V\u1ee3t PickleballV\u1ee3t Pickleball Selkirk Cammy MacGregor AMPED - S2 - PickleBall Vi\u1ec7t Nam\",\"isPartOf\":{\"@id\":\"https:\/\/pickle-ball.vn\/ja\/#website\"},\"primaryImageOfPage\":{\"@id\":\"https:\/\/pickle-ball.vn\/vi\/-product-\/vot-pickleball\/vot-pickleball-vot-pickleball-selkirk-cammy-macgregor-amped-s2\/#primaryimage\"},\"image\":{\"@id\":\"https:\/\/pickle-ball.vn\/vi\/-product-\/vot-pickleball\/vot-pickleball-vot-pickleball-selkirk-cammy-macgregor-amped-s2\/#primaryimage\"},\"thumbnailUrl\":\"https:\/\/pickle-ball.vn\/wp-content\/uploads\/2024\/11\/selkirk-cammy-macgregor-amped-s2_720x720xcrop.webp\",\"datePublished\":\"2024-11-04T12:00:30+00:00\",\"dateModified\":\"2024-11-04T12:00:34+00:00\",\"breadcrumb\":{\"@id\":\"https:\/\/pickle-ball.vn\/vi\/-product-\/vot-pickleball\/vot-pickleball-vot-pickleball-selkirk-cammy-macgregor-amped-s2\/#breadcrumb\"},\"inLanguage\":\"hi-IN\",\"potentialAction\":[{\"@type\":\"ReadAction\",\"target\":[\"https:\/\/pickle-ball.vn\/vi\/-product-\/vot-pickleball\/vot-pickleball-vot-pickleball-selkirk-cammy-macgregor-amped-s2\/\"]}]},{\"@type\":\"ImageObject\",\"inLanguage\":\"hi-IN\",\"@id\":\"https:\/\/pickle-ball.vn\/vi\/-product-\/vot-pickleball\/vot-pickleball-vot-pickleball-selkirk-cammy-macgregor-amped-s2\/#primaryimage\",\"url\":\"https:\/\/pickle-ball.vn\/wp-content\/uploads\/2024\/11\/selkirk-cammy-macgregor-amped-s2_720x720xcrop.webp\",\"contentUrl\":\"https:\/\/pickle-ball.vn\/wp-content\/uploads\/2024\/11\/selkirk-cammy-macgregor-amped-s2_720x720xcrop.webp\",\"width\":720,\"height\":720,\"caption\":\"Selkirk Cammy MacGregor AMPED - S2\"},{\"@type\":\"BreadcrumbList\",\"@id\":\"https:\/\/pickle-ball.vn\/vi\/-product-\/vot-pickleball\/vot-pickleball-vot-pickleball-selkirk-cammy-macgregor-amped-s2\/#breadcrumb\",\"itemListElement\":[{\"@type\":\"ListItem\",\"position\":1,\"name\":\"Home\",\"item\":\"https:\/\/pickle-ball.vn\/ja\/\"},{\"@type\":\"ListItem\",\"position\":2,\"name\":\"Shop\",\"item\":\"https:\/\/pickle-ball.vn\/vi\/shop\/\"},{\"@type\":\"ListItem\",\"position\":3,\"name\":\"V\u1ee3t PickleballV\u1ee3t Pickleball Selkirk Cammy MacGregor AMPED &#8211; S2\"}]},{\"@type\":\"WebSite\",\"@id\":\"https:\/\/pickle-ball.vn\/ja\/#website\",\"url\":\"https:\/\/pickle-ball.vn\/ja\/\",\"name\":\"Jabra\",\"description\":\"\",\"publisher\":{\"@id\":\"https:\/\/pickle-ball.vn\/ja\/#organization\"},\"potentialAction\":[{\"@type\":\"SearchAction\",\"target\":{\"@type\":\"EntryPoint\",\"urlTemplate\":\"https:\/\/pickle-ball.vn\/ja\/?s={search_term_string}\"},\"query-input\":\"required name=search_term_string\"}],\"inLanguage\":\"hi-IN\"},{\"@type\":\"Organization\",\"@id\":\"https:\/\/pickle-ball.vn\/ja\/#organization\",\"name\":\"Jabra\",\"url\":\"https:\/\/pickle-ball.vn\/ja\/\",\"logo\":{\"@type\":\"ImageObject\",\"inLanguage\":\"hi-IN\",\"@id\":\"https:\/\/pickle-ball.vn\/ja\/#\/schema\/logo\/image\/\",\"url\":\"\",\"contentUrl\":\"\",\"caption\":\"Jabra\"},\"image\":{\"@id\":\"https:\/\/pickle-ball.vn\/ja\/#\/schema\/logo\/image\/\"}}]}<\/script>\n<!-- \/ Yoast SEO plugin. -->","yoast_head_json":{"title":"V\u1ee3t PickleballV\u1ee3t Pickleball Selkirk Cammy MacGregor AMPED - S2 - PickleBall Vi\u1ec7t Nam","robots":{"index":"index","follow":"follow","max-snippet":"max-snippet:-1","max-image-preview":"max-image-preview:large","max-video-preview":"max-video-preview:-1"},"canonical":"https:\/\/pickle-ball.vn\/hi\/-product-\/vot-pickleball\/vot-pickleball-vot-pickleball-selkirk-cammy-macgregor-amped-s2\/","twitter_misc":{"\u0905\u0928\u0941\u092e\u093e\u0928\u093f\u0924 \u092a\u0922\u093c\u0928\u0947 \u0915\u093e \u0938\u092e\u092f":"2 \u092e\u093f\u0928\u091f"},"schema":{"@context":"https:\/\/schema.org","@graph":[{"@type":"WebPage","@id":"https:\/\/pickle-ball.vn\/vi\/-product-\/vot-pickleball\/vot-pickleball-vot-pickleball-selkirk-cammy-macgregor-amped-s2\/","url":"https:\/\/pickle-ball.vn\/vi\/-product-\/vot-pickleball\/vot-pickleball-vot-pickleball-selkirk-cammy-macgregor-amped-s2\/","name":"V\u1ee3t PickleballV\u1ee3t Pickleball Selkirk Cammy MacGregor AMPED - S2 - PickleBall Vi\u1ec7t Nam","isPartOf":{"@id":"https:\/\/pickle-ball.vn\/ja\/#website"},"primaryImageOfPage":{"@id":"https:\/\/pickle-ball.vn\/vi\/-product-\/vot-pickleball\/vot-pickleball-vot-pickleball-selkirk-cammy-macgregor-amped-s2\/#primaryimage"},"image":{"@id":"https:\/\/pickle-ball.vn\/vi\/-product-\/vot-pickleball\/vot-pickleball-vot-pickleball-selkirk-cammy-macgregor-amped-s2\/#primaryimage"},"thumbnailUrl":"https:\/\/pickle-ball.vn\/wp-content\/uploads\/2024\/11\/selkirk-cammy-macgregor-amped-s2_720x720xcrop.webp","datePublished":"2024-11-04T12:00:30+00:00","dateModified":"2024-11-04T12:00:34+00:00","breadcrumb":{"@id":"https:\/\/pickle-ball.vn\/vi\/-product-\/vot-pickleball\/vot-pickleball-vot-pickleball-selkirk-cammy-macgregor-amped-s2\/#breadcrumb"},"inLanguage":"hi-IN","potentialAction":[{"@type":"ReadAction","target":["https:\/\/pickle-ball.vn\/vi\/-product-\/vot-pickleball\/vot-pickleball-vot-pickleball-selkirk-cammy-macgregor-amped-s2\/"]}]},{"@type":"ImageObject","inLanguage":"hi-IN","@id":"https:\/\/pickle-ball.vn\/vi\/-product-\/vot-pickleball\/vot-pickleball-vot-pickleball-selkirk-cammy-macgregor-amped-s2\/#primaryimage","url":"https:\/\/pickle-ball.vn\/wp-content\/uploads\/2024\/11\/selkirk-cammy-macgregor-amped-s2_720x720xcrop.webp","contentUrl":"https:\/\/pickle-ball.vn\/wp-content\/uploads\/2024\/11\/selkirk-cammy-macgregor-amped-s2_720x720xcrop.webp","width":720,"height":720,"caption":"Selkirk Cammy MacGregor AMPED - S2"},{"@type":"BreadcrumbList","@id":"https:\/\/pickle-ball.vn\/vi\/-product-\/vot-pickleball\/vot-pickleball-vot-pickleball-selkirk-cammy-macgregor-amped-s2\/#breadcrumb","itemListElement":[{"@type":"ListItem","position":1,"name":"Home","item":"https:\/\/pickle-ball.vn\/ja\/"},{"@type":"ListItem","position":2,"name":"Shop","item":"https:\/\/pickle-ball.vn\/vi\/shop\/"},{"@type":"ListItem","position":3,"name":"V\u1ee3t PickleballV\u1ee3t Pickleball Selkirk Cammy MacGregor AMPED &#8211; S2"}]},{"@type":"WebSite","@id":"https:\/\/pickle-ball.vn\/ja\/#website","url":"https:\/\/pickle-ball.vn\/ja\/","name":"Jabra","description":"","publisher":{"@id":"https:\/\/pickle-ball.vn\/ja\/#organization"},"potentialAction":[{"@type":"SearchAction","target":{"@type":"EntryPoint","urlTemplate":"https:\/\/pickle-ball.vn\/ja\/?s={search_term_string}"},"query-input":"required name=search_term_string"}],"inLanguage":"hi-IN"},{"@type":"Organization","@id":"https:\/\/pickle-ball.vn\/ja\/#organization","name":"Jabra","url":"https:\/\/pickle-ball.vn\/ja\/","logo":{"@type":"ImageObject","inLanguage":"hi-IN","@id":"https:\/\/pickle-ball.vn\/ja\/#\/schema\/logo\/image\/","url":"","contentUrl":"","caption":"Jabra"},"image":{"@id":"https:\/\/pickle-ball.vn\/ja\/#\/schema\/logo\/image\/"}}]}},"brands":[],"_links":{"self":[{"href":"https:\/\/pickle-ball.vn\/hi\/wp-json\/wp\/v2\/product\/15585","targetHints":{"allow":["GET"]}}],"collection":[{"href":"https:\/\/pickle-ball.vn\/hi\/wp-json\/wp\/v2\/product"}],"about":[{"href":"https:\/\/pickle-ball.vn\/hi\/wp-json\/wp\/v2\/types\/product"}],"replies":[{"embeddable":true,"href":"https:\/\/pickle-ball.vn\/hi\/wp-json\/wp\/v2\/comments?post=15585"}],"wp:featuredmedia":[{"embeddable":true,"href":"https:\/\/pickle-ball.vn\/hi\/wp-json\/wp\/v2\/media\/15586"}],"wp:attachment":[{"href":"https:\/\/pickle-ball.vn\/hi\/wp-json\/wp\/v2\/media?parent=15585"}],"wp:term":[{"taxonomy":"pwb-brand","embeddable":true,"href":"https:\/\/pickle-ball.vn\/hi\/wp-json\/wp\/v2\/pwb-brand?post=15585"},{"taxonomy":"product_cat","embeddable":true,"href":"https:\/\/pickle-ball.vn\/hi\/wp-json\/wp\/v2\/product_cat?post=15585"},{"taxonomy":"product_tag","embeddable":true,"href":"https:\/\/pickle-ball.vn\/hi\/wp-json\/wp\/v2\/product_tag?post=15585"}],"curies":[{"name":"wp","href":"https:\/\/api.w.org\/{rel}","templated":true}]}}