{"id":15599,"date":"2024-11-04T19:05:38","date_gmt":"2024-11-04T12:05:38","guid":{"rendered":"http:\/\/pickle-ball.vn\/-product-\/uncategorized\/vot-pickleball-vot-pickleball-selkirk-slk-latitude-2-0\/"},"modified":"2024-11-04T19:05:41","modified_gmt":"2024-11-04T12:05:41","slug":"vot-pickleball-vot-pickleball-selkirk-slk-latitude-2-0","status":"publish","type":"product","link":"https:\/\/pickle-ball.vn\/hi\/-product-\/vot-pickleball\/vot-pickleball-vot-pickleball-selkirk-slk-latitude-2-0\/","title":{"rendered":"V\u1ee3t PickleballV\u1ee3t Pickleball Selkirk SLK Latitude 2.0"},"content":{"rendered":"<div role=\"tabpanel\" class=\"tab-pane active\" id=\"tab-product-info\">\n<div class=\"vh-content\">\n<h2><strong>V\u1ee3t Pickleball Selkirk SLK Latitude 2.0 ch\u00ednh h\u00e3ng<\/strong><\/h2>\n<p><strong>V\u1ee3t Pickleball SLK Latitude 2.0<\/strong> mang l\u1ea1i tr\u1ea3i nghi\u1ec7m tho\u1ea3i m\u00e1i tho\u1ea3i m\u00e1i v\u00e0 d\u1ec5 d\u00e0ng ti\u1ebfp c\u1eadn cho ng\u01b0\u1eddi m\u1edbi ch\u01a1i. Tr\u1ea3i nghi\u1ec7m ni\u1ec1m vui ch\u01a1i b\u00f3ng v\u1edbi Latitude 2.0, \u0111\u01b0\u1ee3c thi\u1ebft k\u1ebf \u0111\u1ec3 gi\u00fap vi\u1ec7c h\u1ecdc tr\u00f2 ch\u01a1i tr\u1edf n\u00ean d\u1ec5 d\u00e0ng v\u00e0 th\u00fa v\u1ecb, \u0111\u1ea3m b\u1ea3o h\u00e0nh tr\u00ecnh \u0111\u01b0\u1ee3c chia s\u1ebb v\u00e0 \u0111\u1ea7y th\u00fa v\u1ecb tr\u00ean s\u00e2n.<\/p>\n<p style=\"text-align:center\"><img decoding=\"async\" alt=\"V\u1ee3t Pickleball Selkirk SLK Latitude 2.0\" class=\"lazy\" src=\"http:\/\/pickle-ball.vn\/wp-content\/uploads\/2024\/11\/selkirk-slk-latitude-2-0-chinh-hang.webp\" style=\"height:525px;width:750px\" title=\"V\u1ee3t Pickleball Selkirk SLK Latitude 2.0\"><\/p>\n<p style=\"text-align:center\"><em>V\u1ee3t Pickleball Selkirk SLK Latitude 2.0 ch\u00ednh h\u00e3ng c\u00f3 s\u1eb5n t\u1ea1i Pickleball Vi\u1ec7t Nam<\/em><\/p>\n<p>B\u1ec1 m\u1eb7t v\u1ee3t pickleball \u0111\u01b0\u1ee3c thi\u1ebft k\u1ebf \u0111\u1ec3 t\u0103ng t\u1ed1c \u0111\u1ed9 xo\u00e1y, t\u00ednh n\u0103ng t\u1ed1i \u01b0u v\u00e0 t\u0103ng kh\u1ea3 n\u0103ng ki\u1ec3m so\u00e1t b\u00f3ng. V\u1ee3t Pickleball Selkirk c\u00f3 m\u1eb7t G4 Graphite mang \u0111\u1ebfn cho b\u1ea1n kh\u1ea3 n\u0103ng ki\u1ec3m so\u00e1t v\u00e0 c\u1ea3m gi\u00e1c gi\u00e1c m\u00e0 t\u1ea5t c\u1ea3 nh\u1eefng ng\u01b0\u1eddi ch\u01a1i Pickleball m\u1edbi n\u1ed5i \u0111ang t\u00ecm ki\u1ebfm. V\u00e0 Polymer Rev-Core c\u1ee7a v\u1ee3t l\u00e0 m\u1ed9t c\u00f4ng ngh\u1ec7 \u0111\u00e1ng tin c\u1eady v\u00e0 \u0111\u00e3 \u0111\u01b0\u1ee3c ch\u1ee9ng minh r\u1eb1ng khi k\u1ebft h\u1ee3p v\u1edbi thi\u1ebft b\u1ecb G4 Graphite s\u1ebd mang l\u1ea1i cho b\u1ea1n c\u1ea3m gi\u00e1c gi\u00e1c gi\u00e1c v\u00e0 c\u1ea3m gi\u00e1c gi\u00e1c nh\u1ea5t qu\u00e1n m\u1ecdi l\u00fac m\u1ecdi n\u01a1i.<\/p>\n<h3><strong>Th\u00f4ng s\u1ed1 k\u1ef9 thu\u1eadt V\u1ee3t Pickleball Selkirk SLK Latitude 2.0<\/strong><\/h3>\n<ul>\n<li>Ph\u1ea1m vi tr\u1ecdng l\u01b0\u1ee3ng: 7,5-8,0oz.<\/li>\n<li>Chi\u1ec1u d\u00e0i: 15,5<\/li>\n<li>Chi\u1ec1u r\u1ed9ng: 8,25<\/li>\n<li>SpinFlex config surface<\/li>\n<li>M\u1eb7t: M\u1eb7t h\u01a1n G4<\/li>\n<li>Chu vi tay c\u1ea7m: 4,25<\/li>\n<li>Tay c\u1ea7m: Tay c\u1ea7m si\u00eau tho\u1ea3i m\u00e1i SLK<\/li>\n<li>Chi\u1ec1u d\u00e0i tay c\u1ea7m: 5,25<\/li>\n<li>L\u00f5i: Rev-Core + Polymer d\u00e0y h\u01a1n<\/li>\n<li>\u0110\u1ed9 d\u00e0y: 13mm<\/li>\n<\/ul><\/div>\n<\/p><\/div>","protected":false},"excerpt":{"rendered":"<ul class=\"list-unstyled params\">\n<li class=\"btt\">Th\u00f4ng tin s\u1ea3n ph\u1ea9m:<\/li>\n<li class=\"dyn\">\n                                            <span class=\"n\">Nh\u00e0 cung c\u1ea5p:<\/span><br \/>\n                                            \t\t\t\t\t\t\t\t\t\t\t<span class=\"v\">Pickleball Vi\u1ec7t Nam<\/span>\n\t\t\t\t\t\t\t\t\t\t\t                                        <\/li>\n<li class=\"separator\">\n                                        <\/li>\n<li>\n                                            <span class=\"n\">Tr\u1ea1ng th\u00e1i:<\/span><br \/>\n                                            <span class=\"v\" style=\"font-weight:700;color: #d7000e\">T\u1ea1m h\u1ebft h\u00e0ng<\/span>\n                                        <\/li>\n<li>\n                                            <span class=\"n\">T\u00ecnh tr\u1ea1ng:<\/span><br \/>\n                                            <span class=\"v\">M\u1edbi 100%<\/span>\n                                        <\/li>\n<li>\n                                            <span class=\"n\">B\u1ea3o h\u00e0nh:<\/span><br \/>\n                                            <span class=\"v\">Ch\u00ednh h\u00e3ng<\/span>\n                                        <\/li>\n<li>\n<p>                                            <span class=\"n\">Giao h\u00e0ng:<\/span><br \/>\n                                            <span class=\"v\">To\u00e0n qu\u1ed1c<\/span>\n                                        <\/li>\n<\/ul>","protected":false},"featured_media":15600,"comment_status":"closed","ping_status":"closed","template":"","meta":[],"pwb-brand":[],"product_cat":[2836],"product_tag":[3248,25,3690,3731,3730,3417,3691],"class_list":{"0":"post-15599","1":"product","2":"type-product","3":"status-publish","4":"has-post-thumbnail","6":"product_cat-vot-pickleball","7":"product_tag-bong","8":"product_tag-man","9":"product_tag-pickleball-selkirk","10":"product_tag-pickleball-selkirk-slk-latitude-2-0","11":"product_tag-selkirk-slk-latitude-2-0","12":"product_tag-vot-pickleball","13":"product_tag-vot-pickleball-selkirk","15":"first","16":"instock","17":"shipping-taxable","18":"product-type-simple"},"yoast_head":"<!-- This site is optimized with the Yoast SEO plugin v22.9 - https:\/\/yoast.com\/wordpress\/plugins\/seo\/ -->\n<title>V\u1ee3t PickleballV\u1ee3t Pickleball Selkirk SLK Latitude 2.0 - PickleBall Vi\u1ec7t Nam<\/title>\n<meta name=\"robots\" content=\"index, follow, max-snippet:-1, max-image-preview:large, max-video-preview:-1\" \/>\n<link rel=\"canonical\" href=\"https:\/\/pickle-ball.vn\/hi\/-product-\/vot-pickleball\/vot-pickleball-vot-pickleball-selkirk-slk-latitude-2-0\/\" \/>\n<meta name=\"twitter:label1\" content=\"\u0905\u0928\u0941\u092e\u093e\u0928\u093f\u0924 \u092a\u0922\u093c\u0928\u0947 \u0915\u093e \u0938\u092e\u092f\" \/>\n\t<meta name=\"twitter:data1\" content=\"2 \u092e\u093f\u0928\u091f\" \/>\n<script type=\"application\/ld+json\" class=\"yoast-schema-graph\">{\"@context\":\"https:\/\/schema.org\",\"@graph\":[{\"@type\":\"WebPage\",\"@id\":\"https:\/\/pickle-ball.vn\/en\/-product-\/vot-pickleball\/vot-pickleball-vot-pickleball-selkirk-slk-latitude-2-0\/\",\"url\":\"https:\/\/pickle-ball.vn\/en\/-product-\/vot-pickleball\/vot-pickleball-vot-pickleball-selkirk-slk-latitude-2-0\/\",\"name\":\"V\u1ee3t PickleballV\u1ee3t Pickleball Selkirk SLK Latitude 2.0 - PickleBall Vi\u1ec7t Nam\",\"isPartOf\":{\"@id\":\"https:\/\/pickle-ball.vn\/ja\/#website\"},\"primaryImageOfPage\":{\"@id\":\"https:\/\/pickle-ball.vn\/en\/-product-\/vot-pickleball\/vot-pickleball-vot-pickleball-selkirk-slk-latitude-2-0\/#primaryimage\"},\"image\":{\"@id\":\"https:\/\/pickle-ball.vn\/en\/-product-\/vot-pickleball\/vot-pickleball-vot-pickleball-selkirk-slk-latitude-2-0\/#primaryimage\"},\"thumbnailUrl\":\"https:\/\/pickle-ball.vn\/wp-content\/uploads\/2024\/11\/selkirk-slk-latitude-20_720x720xcrop.webp\",\"datePublished\":\"2024-11-04T12:05:38+00:00\",\"dateModified\":\"2024-11-04T12:05:41+00:00\",\"breadcrumb\":{\"@id\":\"https:\/\/pickle-ball.vn\/en\/-product-\/vot-pickleball\/vot-pickleball-vot-pickleball-selkirk-slk-latitude-2-0\/#breadcrumb\"},\"inLanguage\":\"hi-IN\",\"potentialAction\":[{\"@type\":\"ReadAction\",\"target\":[\"https:\/\/pickle-ball.vn\/en\/-product-\/vot-pickleball\/vot-pickleball-vot-pickleball-selkirk-slk-latitude-2-0\/\"]}]},{\"@type\":\"ImageObject\",\"inLanguage\":\"hi-IN\",\"@id\":\"https:\/\/pickle-ball.vn\/en\/-product-\/vot-pickleball\/vot-pickleball-vot-pickleball-selkirk-slk-latitude-2-0\/#primaryimage\",\"url\":\"https:\/\/pickle-ball.vn\/wp-content\/uploads\/2024\/11\/selkirk-slk-latitude-20_720x720xcrop.webp\",\"contentUrl\":\"https:\/\/pickle-ball.vn\/wp-content\/uploads\/2024\/11\/selkirk-slk-latitude-20_720x720xcrop.webp\",\"width\":720,\"height\":720,\"caption\":\"Pickleball Selkirk SLK Latitude 2.0\"},{\"@type\":\"BreadcrumbList\",\"@id\":\"https:\/\/pickle-ball.vn\/en\/-product-\/vot-pickleball\/vot-pickleball-vot-pickleball-selkirk-slk-latitude-2-0\/#breadcrumb\",\"itemListElement\":[{\"@type\":\"ListItem\",\"position\":1,\"name\":\"Home\",\"item\":\"https:\/\/pickle-ball.vn\/ja\/\"},{\"@type\":\"ListItem\",\"position\":2,\"name\":\"Shop\",\"item\":\"https:\/\/pickle-ball.vn\/vi\/shop\/\"},{\"@type\":\"ListItem\",\"position\":3,\"name\":\"V\u1ee3t PickleballV\u1ee3t Pickleball Selkirk SLK Latitude 2.0\"}]},{\"@type\":\"WebSite\",\"@id\":\"https:\/\/pickle-ball.vn\/ja\/#website\",\"url\":\"https:\/\/pickle-ball.vn\/ja\/\",\"name\":\"Jabra\",\"description\":\"\",\"publisher\":{\"@id\":\"https:\/\/pickle-ball.vn\/ja\/#organization\"},\"potentialAction\":[{\"@type\":\"SearchAction\",\"target\":{\"@type\":\"EntryPoint\",\"urlTemplate\":\"https:\/\/pickle-ball.vn\/ja\/?s={search_term_string}\"},\"query-input\":\"required name=search_term_string\"}],\"inLanguage\":\"hi-IN\"},{\"@type\":\"Organization\",\"@id\":\"https:\/\/pickle-ball.vn\/ja\/#organization\",\"name\":\"Jabra\",\"url\":\"https:\/\/pickle-ball.vn\/ja\/\",\"logo\":{\"@type\":\"ImageObject\",\"inLanguage\":\"hi-IN\",\"@id\":\"https:\/\/pickle-ball.vn\/ja\/#\/schema\/logo\/image\/\",\"url\":\"\",\"contentUrl\":\"\",\"caption\":\"Jabra\"},\"image\":{\"@id\":\"https:\/\/pickle-ball.vn\/ja\/#\/schema\/logo\/image\/\"}}]}<\/script>\n<!-- \/ Yoast SEO plugin. -->","yoast_head_json":{"title":"V\u1ee3t PickleballV\u1ee3t Pickleball Selkirk SLK Latitude 2.0 - PickleBall Vi\u1ec7t Nam","robots":{"index":"index","follow":"follow","max-snippet":"max-snippet:-1","max-image-preview":"max-image-preview:large","max-video-preview":"max-video-preview:-1"},"canonical":"https:\/\/pickle-ball.vn\/hi\/-product-\/vot-pickleball\/vot-pickleball-vot-pickleball-selkirk-slk-latitude-2-0\/","twitter_misc":{"\u0905\u0928\u0941\u092e\u093e\u0928\u093f\u0924 \u092a\u0922\u093c\u0928\u0947 \u0915\u093e \u0938\u092e\u092f":"2 \u092e\u093f\u0928\u091f"},"schema":{"@context":"https:\/\/schema.org","@graph":[{"@type":"WebPage","@id":"https:\/\/pickle-ball.vn\/en\/-product-\/vot-pickleball\/vot-pickleball-vot-pickleball-selkirk-slk-latitude-2-0\/","url":"https:\/\/pickle-ball.vn\/en\/-product-\/vot-pickleball\/vot-pickleball-vot-pickleball-selkirk-slk-latitude-2-0\/","name":"V\u1ee3t PickleballV\u1ee3t Pickleball Selkirk SLK Latitude 2.0 - PickleBall Vi\u1ec7t Nam","isPartOf":{"@id":"https:\/\/pickle-ball.vn\/ja\/#website"},"primaryImageOfPage":{"@id":"https:\/\/pickle-ball.vn\/en\/-product-\/vot-pickleball\/vot-pickleball-vot-pickleball-selkirk-slk-latitude-2-0\/#primaryimage"},"image":{"@id":"https:\/\/pickle-ball.vn\/en\/-product-\/vot-pickleball\/vot-pickleball-vot-pickleball-selkirk-slk-latitude-2-0\/#primaryimage"},"thumbnailUrl":"https:\/\/pickle-ball.vn\/wp-content\/uploads\/2024\/11\/selkirk-slk-latitude-20_720x720xcrop.webp","datePublished":"2024-11-04T12:05:38+00:00","dateModified":"2024-11-04T12:05:41+00:00","breadcrumb":{"@id":"https:\/\/pickle-ball.vn\/en\/-product-\/vot-pickleball\/vot-pickleball-vot-pickleball-selkirk-slk-latitude-2-0\/#breadcrumb"},"inLanguage":"hi-IN","potentialAction":[{"@type":"ReadAction","target":["https:\/\/pickle-ball.vn\/en\/-product-\/vot-pickleball\/vot-pickleball-vot-pickleball-selkirk-slk-latitude-2-0\/"]}]},{"@type":"ImageObject","inLanguage":"hi-IN","@id":"https:\/\/pickle-ball.vn\/en\/-product-\/vot-pickleball\/vot-pickleball-vot-pickleball-selkirk-slk-latitude-2-0\/#primaryimage","url":"https:\/\/pickle-ball.vn\/wp-content\/uploads\/2024\/11\/selkirk-slk-latitude-20_720x720xcrop.webp","contentUrl":"https:\/\/pickle-ball.vn\/wp-content\/uploads\/2024\/11\/selkirk-slk-latitude-20_720x720xcrop.webp","width":720,"height":720,"caption":"Pickleball Selkirk SLK Latitude 2.0"},{"@type":"BreadcrumbList","@id":"https:\/\/pickle-ball.vn\/en\/-product-\/vot-pickleball\/vot-pickleball-vot-pickleball-selkirk-slk-latitude-2-0\/#breadcrumb","itemListElement":[{"@type":"ListItem","position":1,"name":"Home","item":"https:\/\/pickle-ball.vn\/ja\/"},{"@type":"ListItem","position":2,"name":"Shop","item":"https:\/\/pickle-ball.vn\/vi\/shop\/"},{"@type":"ListItem","position":3,"name":"V\u1ee3t PickleballV\u1ee3t Pickleball Selkirk SLK Latitude 2.0"}]},{"@type":"WebSite","@id":"https:\/\/pickle-ball.vn\/ja\/#website","url":"https:\/\/pickle-ball.vn\/ja\/","name":"Jabra","description":"","publisher":{"@id":"https:\/\/pickle-ball.vn\/ja\/#organization"},"potentialAction":[{"@type":"SearchAction","target":{"@type":"EntryPoint","urlTemplate":"https:\/\/pickle-ball.vn\/ja\/?s={search_term_string}"},"query-input":"required name=search_term_string"}],"inLanguage":"hi-IN"},{"@type":"Organization","@id":"https:\/\/pickle-ball.vn\/ja\/#organization","name":"Jabra","url":"https:\/\/pickle-ball.vn\/ja\/","logo":{"@type":"ImageObject","inLanguage":"hi-IN","@id":"https:\/\/pickle-ball.vn\/ja\/#\/schema\/logo\/image\/","url":"","contentUrl":"","caption":"Jabra"},"image":{"@id":"https:\/\/pickle-ball.vn\/ja\/#\/schema\/logo\/image\/"}}]}},"brands":[],"_links":{"self":[{"href":"https:\/\/pickle-ball.vn\/hi\/wp-json\/wp\/v2\/product\/15599","targetHints":{"allow":["GET"]}}],"collection":[{"href":"https:\/\/pickle-ball.vn\/hi\/wp-json\/wp\/v2\/product"}],"about":[{"href":"https:\/\/pickle-ball.vn\/hi\/wp-json\/wp\/v2\/types\/product"}],"replies":[{"embeddable":true,"href":"https:\/\/pickle-ball.vn\/hi\/wp-json\/wp\/v2\/comments?post=15599"}],"wp:featuredmedia":[{"embeddable":true,"href":"https:\/\/pickle-ball.vn\/hi\/wp-json\/wp\/v2\/media\/15600"}],"wp:attachment":[{"href":"https:\/\/pickle-ball.vn\/hi\/wp-json\/wp\/v2\/media?parent=15599"}],"wp:term":[{"taxonomy":"pwb-brand","embeddable":true,"href":"https:\/\/pickle-ball.vn\/hi\/wp-json\/wp\/v2\/pwb-brand?post=15599"},{"taxonomy":"product_cat","embeddable":true,"href":"https:\/\/pickle-ball.vn\/hi\/wp-json\/wp\/v2\/product_cat?post=15599"},{"taxonomy":"product_tag","embeddable":true,"href":"https:\/\/pickle-ball.vn\/hi\/wp-json\/wp\/v2\/product_tag?post=15599"}],"curies":[{"name":"wp","href":"https:\/\/api.w.org\/{rel}","templated":true}]}}