{"id":15738,"date":"2024-11-20T13:45:32","date_gmt":"2024-11-20T06:45:32","guid":{"rendered":"http:\/\/pickle-ball.vn\/-product-\/uncategorized\/vot-pickleball-vot-pickleball-amped-pro-air-invikta-blue\/"},"modified":"2024-11-20T13:45:35","modified_gmt":"2024-11-20T06:45:35","slug":"vot-pickleball-vot-pickleball-amped-pro-air-invikta-blue","status":"publish","type":"product","link":"https:\/\/pickle-ball.vn\/hi\/-product-\/vot-pickleball\/vot-pickleball-vot-pickleball-amped-pro-air-invikta-blue\/","title":{"rendered":"V\u1ee3t PickleballV\u1ee3t Pickleball Amped Pro Air Invikta Blue"},"content":{"rendered":"<div role=\"tabpanel\" class=\"tab-pane active\" id=\"tab-product-info\">\n<div class=\"vh-content\">\n<h2><strong>V\u1ee3t Pickleball Amped Pro Air Invikta Blue ch\u00ednh h\u00e3ng, gi\u00e1 t\u1ed1t<\/strong><\/h2>\n<p>\u0110\u01b0\u1ee3c thi\u1ebft k\u1ebf \u0111\u1ec3 cung c\u1ea5p s\u1ee9c m\u1ea1nh v\u00e0 kh\u1ea3 n\u0103ng ki\u1ec3m so\u00e1t \u1edf c\u1ea5p \u0111\u1ed9 ti\u1ebfp theo trong m\u1ed9t g\u00f3i d\u00e0i 16,5 inch, <strong>V\u1ee3t Pickleball Amped Pro Air Invikta Blue<\/strong> gi\u00fap ch\u00fang ta th\u1ed1ng tr\u1ecb t\u1eeb \u0111\u01b0\u1eddng bi\u00ean \u0111\u1ebfn nh\u00e0 b\u1ebfp. \u0110\u1ec3 c\u00f3 c\u1ea3m gi\u00e1c m\u1edbi m\u1ebb v\u00e0 s\u1ef1 b\u00f9ng n\u1ed5 x\u00e1c nh\u1eadn d\u00f2ng th\u1ebb m\u1ea1nh m\u1ebd, b\u1ec1 m\u1eb7t \u0111\u00e1nh r\u1ed9ng 7,5 inch \u0111\u01b0\u1ee3c ch\u1ebf t\u1ea1o t\u1eeb S\u1ee3i th\u1ee7y tinh FiberFlex +.<\/p>\n<p>ThroatFlex v\u00e0 Air Dynamic Throat ti\u1ebfp t\u1ee5c th\u00fac \u0111\u1ea9y s\u1ee9c m\u1ea1nh b\u1eb1ng c\u00e1ch u\u1ed1n cong v\u00e0 h\u1ea1n ch\u1ebf l\u1ef1c c\u1ea3n \u0111\u1ec3 t\u0103ng t\u1ed1c \u0111\u1ed9 vung v\u00e0 nhi\u1ec1u c\u00fa \u0111\u00e1nh khi vung nhanh \u0111\u1ec3 c\u00f3 th\u00eam m\u1ed9t ch\u00fat th\u1ea9m quy\u1ec1n.<\/p>\n<p style=\"text-align:center\"><img decoding=\"async\" alt=\"Amped Pro Air Invikta Blue\" class=\"lazy\" src=\"http:\/\/pickle-ball.vn\/wp-content\/uploads\/2024\/11\/amped-pro-air-invikta-blue.webp\" style=\"height:750px;width:750px\" title=\"Amped Pro Air Invikta Blue\"><\/p>\n<p><strong>V\u1ee3t Pickleball<\/strong> n\u00e0y\u00a0\u0111\u01b0\u1ee3c ch\u1ebf t\u1ea1o b\u1eb1ng quy tr\u00ecnh \u0111\u00fac khu\u00f4n m\u1eabu 360\u00b0, <strong>v\u1ee3t Pickleball Amped Pro Air Invikta Blue<\/strong> c\u1ee7a Selkirk Sport k\u1ebft h\u1ee3p t\u1ea5t c\u1ea3 c\u00e1c thu\u1ed9c t\u00ednh m\u1ea1nh m\u1ebd c\u1ee7a n\u00f3 v\u1edbi kh\u1ea3 n\u0103ng ki\u1ec3m so\u00e1t to\u00e0n di\u1ec7n.<\/p>\n<p>B\u1ec1 m\u1eb7t \u0111\u00e1nh FiberFlex+ \u0111\u01b0\u1ee3c gia c\u1ed1 b\u1eb1ng ProSpin+ Nextgen Micro Texture cung c\u1ea5p \u0111\u1ed9 xo\u00e1y \u1ed5n \u0111\u1ecbnh v\u00e0 khuy\u1ebfn kh\u00edch t\u1ea1o h\u00ecnh c\u00fa \u0111\u00e1nh, \u0111\u1eb7c bi\u1ec7t l\u00e0 khi k\u1ebft h\u1ee3p v\u1edbi th\u1eddi gian d\u1eebng c\u1ee7a l\u00f5i X5+ Honeycomb 16mm. L\u00f5i n\u00e0y, \u0111\u01b0\u1ee3c gia c\u1ed1 b\u1eb1ng chu vi FlexFoam, mang l\u1ea1i c\u1ea3m gi\u00e1c \u0111\u1ec7m, gi\u1ea3m rung \u1ea5n t\u01b0\u1ee3ng, \u0111i\u1ec3m ng\u1ecdt m\u1edf r\u1ed9ng v\u00e0 \u0111\u1ed9 \u1ed5n \u0111\u1ecbnh \u0111\u00e1p \u1ee9ng nhu c\u1ea7u c\u1ee7a ng\u01b0\u1eddi ch\u01a1i.<\/p>\n<p>Cu\u1ed1i c\u00f9ng, tay c\u1ea7m h\u00ecnh b\u00e1t gi\u00e1c d\u00e0i 5\u201d \u0111\u01b0\u1ee3c n\u00e2ng c\u1ea5p gi\u00fap b\u1ea1n ph\u00e1t huy t\u1ea5t c\u1ea3 ti\u1ec1m n\u0103ng n\u00e0y v\u1edbi kh\u1ea3 n\u0103ng \u0111i\u1ec1u khi\u1ec3n v\u00e0 t\u00ednh nh\u1ea5t qu\u00e1n t\u00e0n nh\u1eabn.<\/p>\n<h3><strong>Th\u00f4ng s\u1ed1 k\u1ef9 thu\u1eadt c\u1ee7a V\u1ee3t Pickleball Amped Pro Air Invikta Blue<\/strong><\/h3>\n<table cellspacing=\"0\" style=\"border-collapse:collapse;width:545px\">\n<tbody>\n<tr>\n<td style=\"border-bottom:none;border-left:none;border-right:none;border-top:none;height:20px;vertical-align:bottom;width:182px\"><span style=\"font-size:15px\"><span style=\"color:black\">Thu\u1ed9c t\u00ednh<\/span><\/span><\/td>\n<td style=\"border-bottom:none;border-left:none;border-right:none;border-top:none;vertical-align:bottom;width:363px\"><span style=\"font-size:15px\"><span style=\"color:black\">M\u00f4 t\u1ea3<\/span><\/span><\/td>\n<\/tr>\n<tr>\n<td style=\"border-bottom:none;border-left:none;border-right:none;border-top:none;height:20px;vertical-align:bottom\"><span style=\"font-size:15px\"><span style=\"color:black\">Th\u01b0\u01a1ng hi\u1ec7u<\/span><\/span><\/td>\n<td style=\"border-bottom:none;border-left:none;border-right:none;border-top:none;vertical-align:bottom\"><span style=\"font-size:15px\"><span style=\"color:black\">Selkirk<\/span><\/span><\/td>\n<\/tr>\n<tr>\n<td style=\"border-bottom:none;border-left:none;border-right:none;border-top:none;height:20px;vertical-align:bottom\"><span style=\"font-size:15px\"><span style=\"color:black\">S\u1ea3n ph\u1ea9m<\/span><\/span><\/td>\n<td style=\"border-bottom:none;border-left:none;border-right:none;border-top:none;vertical-align:bottom\"><strong>Amped Pro Air Invikta Blue<\/strong><\/td>\n<\/tr>\n<tr>\n<td style=\"border-bottom:none;border-left:none;border-right:none;border-top:none;height:20px;vertical-align:bottom\"><span style=\"font-size:15px\"><span style=\"color:black\">Tr\u1ecdng l\u01b0\u1ee3ng trung b\u00ecnh<\/span><\/span><\/td>\n<td style=\"border-bottom:none;border-left:none;border-right:none;border-top:none;vertical-align:bottom\"><span style=\"font-size:15px\"><span style=\"color:black\">8,0 ounce<\/span><\/span><\/td>\n<\/tr>\n<tr>\n<td style=\"border-bottom:none;border-left:none;border-right:none;border-top:none;height:20px;vertical-align:bottom\"><span style=\"font-size:15px\"><span style=\"color:black\">Ph\u1ea1m vi tr\u1ecdng l\u01b0\u1ee3ng<\/span><\/span><\/td>\n<td style=\"border-bottom:none;border-left:none;border-right:none;border-top:none;vertical-align:bottom\"><span style=\"font-size:15px\"><span style=\"color:black\">7,8 \u2013 8,2 ounce<\/span><\/span><\/td>\n<\/tr>\n<tr>\n<td style=\"border-bottom:none;border-left:none;border-right:none;border-top:none;height:20px;vertical-align:bottom\"><span style=\"font-size:15px\"><span style=\"color:black\">Chu vi tay c\u1ea7m<\/span><\/span><\/td>\n<td style=\"border-bottom:none;border-left:none;border-right:none;border-top:none;vertical-align:bottom\"><span style=\"font-size:15px\"><span style=\"color:black\">4 1\/4&#8243; (Trung b\u00ecnh) K\u00edch th\u01b0\u1edbc tay c\u1ea7m th\u1ef1c t\u1ebf c\u00f3 th\u1ec3 thay \u0111\u1ed5i t\u1edbi 1\/8&#8243;<\/span><\/span><\/td>\n<\/tr>\n<tr>\n<td style=\"border-bottom:none;border-left:none;border-right:none;border-top:none;height:20px;vertical-align:bottom\"><span style=\"font-size:15px\"><span style=\"color:black\">Chi\u1ec1u d\u00e0i tay c\u1ea7m<\/span><\/span><\/td>\n<td style=\"border-bottom:none;border-left:none;border-right:none;border-top:none;vertical-align:bottom\"><span style=\"font-size:15px\"><span style=\"color:black\">5&#8243;<\/span><\/span><\/td>\n<\/tr>\n<tr>\n<td style=\"border-bottom:none;border-left:none;border-right:none;border-top:none;height:20px;vertical-align:bottom\"><span style=\"font-size:15px\"><span style=\"color:black\">Chi\u1ec1u d\u00e0i<\/span><\/span><\/td>\n<td style=\"border-bottom:none;border-left:none;border-right:none;border-top:none;vertical-align:bottom\"><span style=\"font-size:15px\"><span style=\"color:black\">16,5&#8243;<\/span><\/span><\/td>\n<\/tr>\n<tr>\n<td style=\"border-bottom:none;border-left:none;border-right:none;border-top:none;height:20px;vertical-align:bottom\"><span style=\"font-size:15px\"><span style=\"color:black\">Chi\u1ec1u r\u1ed9ng<\/span><\/span><\/td>\n<td style=\"border-bottom:none;border-left:none;border-right:none;border-top:none;vertical-align:bottom\"><span style=\"font-size:15px\"><span style=\"color:black\">7,5&#8243;<\/span><\/span><\/td>\n<\/tr>\n<tr>\n<td style=\"border-bottom:none;border-left:none;border-right:none;border-top:none;height:20px;vertical-align:bottom\"><span style=\"font-size:15px\"><span style=\"color:black\">M\u1eb7t v\u1ee3t<\/span><\/span><\/td>\n<td style=\"border-bottom:none;border-left:none;border-right:none;border-top:none;vertical-align:bottom\"><span style=\"font-size:15px\"><span style=\"color:black\">FiberFlex+ S\u1ee3i th\u1ee7y tinh<\/span><\/span><\/td>\n<\/tr>\n<tr>\n<td style=\"border-bottom:none;border-left:none;border-right:none;border-top:none;height:20px;vertical-align:bottom\"><span style=\"font-size:15px\"><span style=\"color:black\">V\u1eadt li\u1ec7u l\u00f5i<\/span><\/span><\/td>\n<td style=\"border-bottom:none;border-left:none;border-right:none;border-top:none;vertical-align:bottom\"><span style=\"font-size:15px\"><span style=\"color:black\">X5+ Honeycomb, FlexFoam \u0110\u1ed9 d\u00e0y l\u00f5i chu<\/span><\/span><\/td>\n<\/tr>\n<tr>\n<td style=\"border-bottom:none;border-left:none;border-right:none;border-top:none;height:20px;vertical-align:bottom\"><span style=\"font-size:15px\"><span style=\"color:black\">\u0110\u1ed9 d\u00e0y l\u00f5i<\/span><\/span><\/td>\n<td style=\"border-bottom:none;border-left:none;border-right:none;border-top:none;vertical-align:bottom\"><span style=\"font-size:15px\"><span style=\"color:black\">16mm (0,629&#8243;)<\/span><\/span><\/td>\n<\/tr>\n<tr>\n<td style=\"border-bottom:none;border-left:none;border-right:none;border-top:none;height:20px;vertical-align:bottom\"><span style=\"font-size:15px\"><span style=\"color:black\">B\u1ea3o v\u1ec7 c\u1ea1nh<\/span><\/span><\/td>\n<td style=\"border-bottom:none;border-left:none;border-right:none;border-top:none;vertical-align:bottom\"><span style=\"font-size:15px\"><span style=\"color:black\">Aero-DuraEdge<\/span><\/span><\/td>\n<\/tr>\n<tr>\n<td style=\"border-bottom:none;border-left:none;border-right:none;border-top:none;height:20px;vertical-align:bottom\"><span style=\"font-size:15px\"><span style=\"color:black\">Nh\u00e0 s\u1ea3n xu\u1ea5t<\/span><\/span><\/td>\n<td style=\"border-bottom:none;border-left:none;border-right:none;border-top:none;vertical-align:bottom\"><span style=\"font-size:15px\"><span style=\"color:black\">Selkirk Sport<\/span><\/span><\/td>\n<\/tr>\n<tr>\n<td style=\"border-bottom:none;border-left:none;border-right:none;border-top:none;height:20px;vertical-align:bottom\"><span style=\"font-size:15px\"><span style=\"color:black\">L\u1eafp r\u00e1p t\u1ea1i<\/span><\/span><\/td>\n<td style=\"border-bottom:none;border-left:none;border-right:none;border-top:none;vertical-align:bottom\"><span style=\"font-size:15px\"><span style=\"color:black\">Hoa K\u1ef3<\/span><\/span><\/td>\n<\/tr>\n<\/tbody>\n<\/table>\n<p><strong>V\u1ee3t Pickleball Amped Pro Air Invikta Blue<\/strong> 16mm ch\u00ednh h\u00e3ng \u0111ang c\u00f3 s\u1eb5n t\u1ea1i pickle-ball.vn &#8211; Vui l\u00f2ng li\u00ean h\u1ec7 v\u1edbi ch\u00fang t\u00f4i 0.87654321.9 \u0111\u1ec3 \u0111\u01b0\u1ee3c t\u01b0 v\u1ea5n, h\u1ed7 tr\u1ee3 t\u1ed1t nh\u1ea5t.<\/p>\n<\/p><\/div>\n<\/p><\/div>","protected":false},"excerpt":{"rendered":"<ul class=\"list-unstyled params\">\n<li class=\"btt\">Th\u00f4ng tin s\u1ea3n ph\u1ea9m:<\/li>\n<li class=\"dyn\">\n                                            <span class=\"n\">Th\u01b0\u01a1ng hi\u1ec7u:<\/span><br \/>\n\t\t\t\t\t\t\t\t\t\t\t<span class=\"v\"><b>Selkirk<\/b><\/span>\n                                        <\/li>\n<li class=\"dyn\">\n                                            <span class=\"n\">Nh\u00e0 cung c\u1ea5p:<\/span><br \/>\n                                            \t\t\t\t\t\t\t\t\t\t\t<span class=\"v\">Pickleball Vi\u1ec7t Nam<\/span>\n\t\t\t\t\t\t\t\t\t\t\t                                        <\/li>\n<li class=\"dyn\">\n                                            <span class=\"n\">Lo\u1ea1i s\u1ea3n ph\u1ea9m:<\/span><br \/>\n                                            <span class=\"v\">C\u00f4ng, Th\u1ee7<\/span>\n                                        <\/li>\n<li class=\"separator\">\n                                        <\/li>\n<li>\n                                            <span class=\"n\">Tr\u1ea1ng th\u00e1i:<\/span><br \/>\n                                            <span class=\"v\" style=\"font-weight:700;color: #d7000e\">C\u00f3 s\u1eb5n h\u00e0ng<\/span>\n                                        <\/li>\n<li>\n                                            <span class=\"n\">\u0110\u1ed9 d\u00e0y:<\/span><br \/>\n                                            <span class=\"v\">16mm<\/span>\n                                        <\/li>\n<li>\n                                            <span class=\"n\">Tr\u1ecdng l\u01b0\u1ee3ng:<\/span><br \/>\n                                            <span class=\"v\">8,0oz<\/span>\n                                        <\/li>\n<li>\n                                            <span class=\"n\">T\u00ecnh tr\u1ea1ng:<\/span><br \/>\n                                            <span class=\"v\">M\u1edbi 100%<\/span>\n                                        <\/li>\n<li>\n                                            <span class=\"n\">B\u1ea3o h\u00e0nh:<\/span><br \/>\n                                            <span class=\"v\">Ch\u00ednh h\u00e3ng<\/span>\n                                        <\/li>\n<li>\n<p>                                            <span class=\"n\">Giao h\u00e0ng:<\/span><br \/>\n                                            <span class=\"v\">To\u00e0n qu\u1ed1c<\/span>\n                                        <\/li>\n<\/ul>","protected":false},"featured_media":15739,"comment_status":"closed","ping_status":"closed","template":"","meta":[],"pwb-brand":[3742],"product_cat":[2836],"product_tag":[3825,3821,25,55,3417,3824,3820],"class_list":{"0":"post-15738","1":"product","2":"type-product","3":"status-publish","4":"has-post-thumbnail","6":"pwb-brand-selkirk","7":"product_cat-vot-pickleball","8":"product_tag-amped-pro-air-invikta","9":"product_tag-amped-pro-air-invikta-blue","10":"product_tag-man","11":"product_tag-run","12":"product_tag-vot-pickleball","13":"product_tag-vot-pickleball-amped-pro-air-invikta","14":"product_tag-vot-pickleball-amped-pro-air-invikta-blue","16":"first","17":"instock","18":"shipping-taxable","19":"product-type-simple"},"yoast_head":"<!-- This site is optimized with the Yoast SEO plugin v22.9 - https:\/\/yoast.com\/wordpress\/plugins\/seo\/ -->\n<title>V\u1ee3t PickleballV\u1ee3t Pickleball Amped Pro Air Invikta Blue - PickleBall Vi\u1ec7t Nam<\/title>\n<meta name=\"robots\" content=\"index, follow, max-snippet:-1, max-image-preview:large, max-video-preview:-1\" \/>\n<link rel=\"canonical\" href=\"https:\/\/pickle-ball.vn\/hi\/-product-\/vot-pickleball\/vot-pickleball-vot-pickleball-amped-pro-air-invikta-blue\/\" \/>\n<meta name=\"twitter:label1\" content=\"\u0905\u0928\u0941\u092e\u093e\u0928\u093f\u0924 \u092a\u0922\u093c\u0928\u0947 \u0915\u093e \u0938\u092e\u092f\" \/>\n\t<meta name=\"twitter:data1\" content=\"3 \u092e\u093f\u0928\u091f\" \/>\n<script type=\"application\/ld+json\" class=\"yoast-schema-graph\">{\"@context\":\"https:\/\/schema.org\",\"@graph\":[{\"@type\":\"WebPage\",\"@id\":\"http:\/\/pickle-ball.vn\/vi\/-product-\/vot-pickleball\/vot-pickleball-vot-pickleball-amped-pro-air-invikta-blue\/\",\"url\":\"http:\/\/pickle-ball.vn\/vi\/-product-\/vot-pickleball\/vot-pickleball-vot-pickleball-amped-pro-air-invikta-blue\/\",\"name\":\"V\u1ee3t PickleballV\u1ee3t Pickleball Amped Pro Air Invikta Blue - PickleBall Vi\u1ec7t Nam\",\"isPartOf\":{\"@id\":\"https:\/\/pickle-ball.vn\/ja\/#website\"},\"primaryImageOfPage\":{\"@id\":\"http:\/\/pickle-ball.vn\/vi\/-product-\/vot-pickleball\/vot-pickleball-vot-pickleball-amped-pro-air-invikta-blue\/#primaryimage\"},\"image\":{\"@id\":\"http:\/\/pickle-ball.vn\/vi\/-product-\/vot-pickleball\/vot-pickleball-vot-pickleball-amped-pro-air-invikta-blue\/#primaryimage\"},\"thumbnailUrl\":\"https:\/\/pickle-ball.vn\/wp-content\/uploads\/2024\/11\/amped-pro-air-invikta-blue_720x720xcrop.webp\",\"datePublished\":\"2024-11-20T06:45:32+00:00\",\"dateModified\":\"2024-11-20T06:45:35+00:00\",\"breadcrumb\":{\"@id\":\"http:\/\/pickle-ball.vn\/vi\/-product-\/vot-pickleball\/vot-pickleball-vot-pickleball-amped-pro-air-invikta-blue\/#breadcrumb\"},\"inLanguage\":\"hi-IN\",\"potentialAction\":[{\"@type\":\"ReadAction\",\"target\":[\"http:\/\/pickle-ball.vn\/vi\/-product-\/vot-pickleball\/vot-pickleball-vot-pickleball-amped-pro-air-invikta-blue\/\"]}]},{\"@type\":\"ImageObject\",\"inLanguage\":\"hi-IN\",\"@id\":\"http:\/\/pickle-ball.vn\/vi\/-product-\/vot-pickleball\/vot-pickleball-vot-pickleball-amped-pro-air-invikta-blue\/#primaryimage\",\"url\":\"https:\/\/pickle-ball.vn\/wp-content\/uploads\/2024\/11\/amped-pro-air-invikta-blue_720x720xcrop.webp\",\"contentUrl\":\"https:\/\/pickle-ball.vn\/wp-content\/uploads\/2024\/11\/amped-pro-air-invikta-blue_720x720xcrop.webp\",\"width\":720,\"height\":720,\"caption\":\"Amped Pro Air Invikta Blue\"},{\"@type\":\"BreadcrumbList\",\"@id\":\"http:\/\/pickle-ball.vn\/vi\/-product-\/vot-pickleball\/vot-pickleball-vot-pickleball-amped-pro-air-invikta-blue\/#breadcrumb\",\"itemListElement\":[{\"@type\":\"ListItem\",\"position\":1,\"name\":\"Home\",\"item\":\"https:\/\/pickle-ball.vn\/ja\/\"},{\"@type\":\"ListItem\",\"position\":2,\"name\":\"Shop\",\"item\":\"https:\/\/pickle-ball.vn\/vi\/shop\/\"},{\"@type\":\"ListItem\",\"position\":3,\"name\":\"V\u1ee3t PickleballV\u1ee3t Pickleball Amped Pro Air Invikta Blue\"}]},{\"@type\":\"WebSite\",\"@id\":\"https:\/\/pickle-ball.vn\/ja\/#website\",\"url\":\"https:\/\/pickle-ball.vn\/ja\/\",\"name\":\"Jabra\",\"description\":\"\",\"publisher\":{\"@id\":\"https:\/\/pickle-ball.vn\/ja\/#organization\"},\"potentialAction\":[{\"@type\":\"SearchAction\",\"target\":{\"@type\":\"EntryPoint\",\"urlTemplate\":\"https:\/\/pickle-ball.vn\/ja\/?s={search_term_string}\"},\"query-input\":\"required name=search_term_string\"}],\"inLanguage\":\"hi-IN\"},{\"@type\":\"Organization\",\"@id\":\"https:\/\/pickle-ball.vn\/ja\/#organization\",\"name\":\"Jabra\",\"url\":\"https:\/\/pickle-ball.vn\/ja\/\",\"logo\":{\"@type\":\"ImageObject\",\"inLanguage\":\"hi-IN\",\"@id\":\"https:\/\/pickle-ball.vn\/ja\/#\/schema\/logo\/image\/\",\"url\":\"\",\"contentUrl\":\"\",\"caption\":\"Jabra\"},\"image\":{\"@id\":\"https:\/\/pickle-ball.vn\/ja\/#\/schema\/logo\/image\/\"}}]}<\/script>\n<!-- \/ Yoast SEO plugin. -->","yoast_head_json":{"title":"V\u1ee3t PickleballV\u1ee3t Pickleball Amped Pro Air Invikta Blue - PickleBall Vi\u1ec7t Nam","robots":{"index":"index","follow":"follow","max-snippet":"max-snippet:-1","max-image-preview":"max-image-preview:large","max-video-preview":"max-video-preview:-1"},"canonical":"https:\/\/pickle-ball.vn\/hi\/-product-\/vot-pickleball\/vot-pickleball-vot-pickleball-amped-pro-air-invikta-blue\/","twitter_misc":{"\u0905\u0928\u0941\u092e\u093e\u0928\u093f\u0924 \u092a\u0922\u093c\u0928\u0947 \u0915\u093e \u0938\u092e\u092f":"3 \u092e\u093f\u0928\u091f"},"schema":{"@context":"https:\/\/schema.org","@graph":[{"@type":"WebPage","@id":"http:\/\/pickle-ball.vn\/vi\/-product-\/vot-pickleball\/vot-pickleball-vot-pickleball-amped-pro-air-invikta-blue\/","url":"http:\/\/pickle-ball.vn\/vi\/-product-\/vot-pickleball\/vot-pickleball-vot-pickleball-amped-pro-air-invikta-blue\/","name":"V\u1ee3t PickleballV\u1ee3t Pickleball Amped Pro Air Invikta Blue - PickleBall Vi\u1ec7t Nam","isPartOf":{"@id":"https:\/\/pickle-ball.vn\/ja\/#website"},"primaryImageOfPage":{"@id":"http:\/\/pickle-ball.vn\/vi\/-product-\/vot-pickleball\/vot-pickleball-vot-pickleball-amped-pro-air-invikta-blue\/#primaryimage"},"image":{"@id":"http:\/\/pickle-ball.vn\/vi\/-product-\/vot-pickleball\/vot-pickleball-vot-pickleball-amped-pro-air-invikta-blue\/#primaryimage"},"thumbnailUrl":"https:\/\/pickle-ball.vn\/wp-content\/uploads\/2024\/11\/amped-pro-air-invikta-blue_720x720xcrop.webp","datePublished":"2024-11-20T06:45:32+00:00","dateModified":"2024-11-20T06:45:35+00:00","breadcrumb":{"@id":"http:\/\/pickle-ball.vn\/vi\/-product-\/vot-pickleball\/vot-pickleball-vot-pickleball-amped-pro-air-invikta-blue\/#breadcrumb"},"inLanguage":"hi-IN","potentialAction":[{"@type":"ReadAction","target":["http:\/\/pickle-ball.vn\/vi\/-product-\/vot-pickleball\/vot-pickleball-vot-pickleball-amped-pro-air-invikta-blue\/"]}]},{"@type":"ImageObject","inLanguage":"hi-IN","@id":"http:\/\/pickle-ball.vn\/vi\/-product-\/vot-pickleball\/vot-pickleball-vot-pickleball-amped-pro-air-invikta-blue\/#primaryimage","url":"https:\/\/pickle-ball.vn\/wp-content\/uploads\/2024\/11\/amped-pro-air-invikta-blue_720x720xcrop.webp","contentUrl":"https:\/\/pickle-ball.vn\/wp-content\/uploads\/2024\/11\/amped-pro-air-invikta-blue_720x720xcrop.webp","width":720,"height":720,"caption":"Amped Pro Air Invikta Blue"},{"@type":"BreadcrumbList","@id":"http:\/\/pickle-ball.vn\/vi\/-product-\/vot-pickleball\/vot-pickleball-vot-pickleball-amped-pro-air-invikta-blue\/#breadcrumb","itemListElement":[{"@type":"ListItem","position":1,"name":"Home","item":"https:\/\/pickle-ball.vn\/ja\/"},{"@type":"ListItem","position":2,"name":"Shop","item":"https:\/\/pickle-ball.vn\/vi\/shop\/"},{"@type":"ListItem","position":3,"name":"V\u1ee3t PickleballV\u1ee3t Pickleball Amped Pro Air Invikta Blue"}]},{"@type":"WebSite","@id":"https:\/\/pickle-ball.vn\/ja\/#website","url":"https:\/\/pickle-ball.vn\/ja\/","name":"Jabra","description":"","publisher":{"@id":"https:\/\/pickle-ball.vn\/ja\/#organization"},"potentialAction":[{"@type":"SearchAction","target":{"@type":"EntryPoint","urlTemplate":"https:\/\/pickle-ball.vn\/ja\/?s={search_term_string}"},"query-input":"required name=search_term_string"}],"inLanguage":"hi-IN"},{"@type":"Organization","@id":"https:\/\/pickle-ball.vn\/ja\/#organization","name":"Jabra","url":"https:\/\/pickle-ball.vn\/ja\/","logo":{"@type":"ImageObject","inLanguage":"hi-IN","@id":"https:\/\/pickle-ball.vn\/ja\/#\/schema\/logo\/image\/","url":"","contentUrl":"","caption":"Jabra"},"image":{"@id":"https:\/\/pickle-ball.vn\/ja\/#\/schema\/logo\/image\/"}}]}},"brands":[{"id":3742,"name":"Selkirk","slug":"selkirk"}],"_links":{"self":[{"href":"https:\/\/pickle-ball.vn\/hi\/wp-json\/wp\/v2\/product\/15738","targetHints":{"allow":["GET"]}}],"collection":[{"href":"https:\/\/pickle-ball.vn\/hi\/wp-json\/wp\/v2\/product"}],"about":[{"href":"https:\/\/pickle-ball.vn\/hi\/wp-json\/wp\/v2\/types\/product"}],"replies":[{"embeddable":true,"href":"https:\/\/pickle-ball.vn\/hi\/wp-json\/wp\/v2\/comments?post=15738"}],"wp:featuredmedia":[{"embeddable":true,"href":"https:\/\/pickle-ball.vn\/hi\/wp-json\/wp\/v2\/media\/15739"}],"wp:attachment":[{"href":"https:\/\/pickle-ball.vn\/hi\/wp-json\/wp\/v2\/media?parent=15738"}],"wp:term":[{"taxonomy":"pwb-brand","embeddable":true,"href":"https:\/\/pickle-ball.vn\/hi\/wp-json\/wp\/v2\/pwb-brand?post=15738"},{"taxonomy":"product_cat","embeddable":true,"href":"https:\/\/pickle-ball.vn\/hi\/wp-json\/wp\/v2\/product_cat?post=15738"},{"taxonomy":"product_tag","embeddable":true,"href":"https:\/\/pickle-ball.vn\/hi\/wp-json\/wp\/v2\/product_tag?post=15738"}],"curies":[{"name":"wp","href":"https:\/\/api.w.org\/{rel}","templated":true}]}}