{"id":15025,"date":"2024-11-04T14:20:40","date_gmt":"2024-11-04T07:20:40","guid":{"rendered":"http:\/\/pickle-ball.vn\/-product-\/uncategorized\/joola-vision-ii-backpack-black\/"},"modified":"2024-11-04T14:20:42","modified_gmt":"2024-11-04T07:20:42","slug":"joola-vision-ii-backpack-black","status":"publish","type":"product","link":"https:\/\/pickle-ball.vn\/id\/-product-\/phu-kien-pickleball\/joola-vision-ii-backpack-black\/","title":{"rendered":"Joola Vision II Backpack Black"},"content":{"rendered":"<div role=\"tabpanel\" class=\"tab-pane active\" id=\"tab-product-info\">\n<div class=\"vh-content\">\n<h2><strong>Balo Joola Vision II Backpack Black ch\u00ednh h\u00e3ng<\/strong><\/h2>\n<p><strong>Joola Vision II Backpack Black<\/strong> l\u00e0 s\u1ef1 k\u1ebft h\u1ee3p tuy\u1ec7t v\u1eddi gi\u1eefa ti\u1ec7n \u00edch v\u00e0 phong c\u00e1ch! Ng\u0103n ch\u00ednh c\u00f3 \u0111\u1ec7m \u0111\u1ef1ng m\u00e1y t\u00ednh x\u00e1ch tay c\u00f3 th\u1ec3 \u0111\u01b0\u1ee3c c\u1ed1 \u0111\u1ecbnh b\u1eb1ng d\u00e2y bu\u1ed9c m\u00f3c v\u00e0 v\u00f2ng, m\u1ed9t t\u00fai c\u00f3 kh\u00f3a k\u00e9o l\u1edbn b\u00ean trong v\u00e0 2 t\u00fai nh\u1ecf h\u01a1n. C\u00f3 3 ng\u0103n \u1edf ph\u00eda tr\u01b0\u1edbc, 2 trong s\u1ed1 \u0111\u00f3 c\u00f3 kh\u00f3a k\u00e9o \u0111\u00f3ng b\u1eb1ng SBS \u0111\u00fac t\u00f9y ch\u1ec9nh d\u00e2y k\u00e9o. M\u0169 tr\u00f9m \u0111\u1ea7u \u0111\u01b0\u1ee3c may s\u1eb5n v\u1edbi d\u00e2y \u0111eo kh\u00f3a gi\u00fap \u0111\u1ed3 \u0111\u1ea1c c\u1ee7a b\u1ea1n an to\u00e0n v\u00e0 kh\u00f4 r\u00e1o.<\/p>\n<p style=\"text-align:center\"><img decoding=\"async\" alt=\"Balo Joola Vision II Backpack Black\" class=\"lazy\" src=\"http:\/\/pickle-ball.vn\/wp-content\/uploads\/2024\/11\/joola-vision-ii-backpack-black.webp\" style=\"height:524px;width:750px\" title=\"Balo Joola Vision II Backpack Black\"><\/p>\n<p style=\"text-align:center\"><em>Balo Joola Vision II Backpack Black ch\u00ednh h\u00e3ng t\u1ea1i Pickleball Vi\u1ec7t Nam<\/em><\/p>\n<blockquote>\n<p>M\u1eddi b\u1ea1n tham kh\u1ea3o m\u1ed9t s\u1ed1 m\u1eabu Balo Pickleball Joola \u0111ang \u0111\u01b0\u1ee3c \u01b0a chu\u1ed9ng s\u1eed d\u1ee5ng<\/p>\n<p><em>Vision II Deluxe Backpack Blue, Joola Vision II Deluxe Backpack Pink , T\u00fai Joola Vision Duo , Joola Tour Elite Black &amp; Yellow , Joola Tour Elite Turquoise &amp; Teal<\/em><\/p>\n<\/blockquote>\n<h3><strong>Chi ti\u1ebft v\u1ec1 Joola Vision II Backpack (Black)<\/strong><\/h3>\n<ul>\n<li>Measurements (width x height x depth): 31x 48 x 17,5 cm<\/li>\n<li>Bag size: Medium<\/li>\n<li>Material: 600D Polyester + 210D Polyester<\/li>\n<li>Weight (in kg): 0.9<\/li>\n<\/ul>\n<p>Pickleball Vi\u1ec7t Nam \u0111\u01a1n v\u1ecb cung c\u1ea5p v\u1ee3t Pickleball Joola v\u00e0 ph\u1ee5 ki\u1ec7n pickleball ch\u00ednh h\u00e3ng t\u1ea1i Vi\u1ec7t Nam. H\u00e3y li\u00ean h\u1ec7 v\u1edbi ch\u00fang t\u00f4i 0.87654321.9 \u0111\u1ec3 \u0111\u01b0\u1ee3c t\u01b0 v\u1ea5n, b\u00e1o gi\u00e1 chi ti\u1ebft s\u1ea3n ph\u1ea9m Balo Joola Vision II Backpack (Black).<\/p>\n<\/p><\/div>\n<\/p><\/div>","protected":false},"excerpt":{"rendered":"<ul class=\"list-unstyled params\">\n<li class=\"btt\">Th\u00f4ng tin s\u1ea3n ph\u1ea9m:<\/li>\n<li class=\"dyn\">\n                                            <span class=\"n\">Th\u01b0\u01a1ng hi\u1ec7u:<\/span><br \/>\n\t\t\t\t\t\t\t\t\t\t\t<span class=\"v\"><b>Joola<\/b><\/span>\n                                        <\/li>\n<li class=\"dyn\">\n                                            <span class=\"n\">Number order:<\/span><br \/>\n\t\t\t\t\t\t\t\t\t\t\t<span class=\"v\">80166<\/span>\n                                        <\/li>\n<li class=\"dyn\">\n                                            <span class=\"n\">Nh\u00e0 cung c\u1ea5p:<\/span><br \/>\n                                            \t\t\t\t\t\t\t\t\t\t\t<span class=\"v\"><b>pickle-ball.vn<\/b> &#8211; \u0110\u1ea1i l\u00fd \u1ee7y quy\u1ec1n Joola \u00ae<\/span>\n\t\t\t\t\t\t\t\t\t\t\t                                        <\/li>\n<li class=\"dyn\">\n                                            <span class=\"n\">Ch\u1ea5t li\u1ec7u:<\/span><br \/>\n                                            <span class=\"v\">Polyester<\/span>\n                                        <\/li>\n<li class=\"separator\">\n                                        <\/li>\n<li>\n                                            <span class=\"n\">Tr\u1ea1ng th\u00e1i:<\/span><br \/>\n                                            <span class=\"v\" style=\"font-weight:700;color: #d7000e\">C\u00f3 s\u1eb5n h\u00e0ng<\/span>\n                                        <\/li>\n<li>\n                                            <span class=\"n\">T\u00ecnh tr\u1ea1ng:<\/span><br \/>\n                                            <span class=\"v\">M\u1edbi 100%<\/span>\n                                        <\/li>\n<li>\n                                            <span class=\"n\">B\u1ea3o h\u00e0nh:<\/span><br \/>\n                                            <span class=\"v\">Ch\u00ednh h\u00e3ng<\/span>\n                                        <\/li>\n<li>\n<p>                                            <span class=\"n\">Giao h\u00e0ng:<\/span><br \/>\n                                            <span class=\"v\">To\u00e0n qu\u1ed1c<\/span>\n                                        <\/li>\n<\/ul>","protected":false},"featured_media":15026,"comment_status":"closed","ping_status":"closed","template":"","meta":[],"pwb-brand":[3245],"product_cat":[3232],"product_tag":[3404,3403],"class_list":{"0":"post-15025","1":"product","2":"type-product","3":"status-publish","4":"has-post-thumbnail","6":"pwb-brand-joola","7":"product_cat-phu-kien-pickleball","8":"product_tag-joola-vision-ii-backpack-black","9":"product_tag-vision-ii-backpack-black","11":"first","12":"instock","13":"shipping-taxable","14":"product-type-simple"},"yoast_head":"<!-- This site is optimized with the Yoast SEO plugin v22.9 - https:\/\/yoast.com\/wordpress\/plugins\/seo\/ -->\n<title>Joola Vision II Backpack Black - PickleBall Vi\u1ec7t Nam<\/title>\n<meta name=\"robots\" content=\"index, follow, max-snippet:-1, max-image-preview:large, max-video-preview:-1\" \/>\n<link rel=\"canonical\" href=\"https:\/\/pickle-ball.vn\/id\/-product-\/phu-kien-pickleball\/joola-vision-ii-backpack-black\/\" \/>\n<meta name=\"twitter:label1\" content=\"Estimasi waktu membaca\" \/>\n\t<meta name=\"twitter:data1\" content=\"1 menit\" \/>\n<script type=\"application\/ld+json\" class=\"yoast-schema-graph\">{\"@context\":\"https:\/\/schema.org\",\"@graph\":[{\"@type\":\"WebPage\",\"@id\":\"http:\/\/pickle-ball.vn\/vi\/-product-\/phu-kien-pickleball\/joola-vision-ii-backpack-black\/\",\"url\":\"http:\/\/pickle-ball.vn\/vi\/-product-\/phu-kien-pickleball\/joola-vision-ii-backpack-black\/\",\"name\":\"Joola Vision II Backpack Black - PickleBall Vi\u1ec7t Nam\",\"isPartOf\":{\"@id\":\"https:\/\/pickle-ball.vn\/ja\/#website\"},\"primaryImageOfPage\":{\"@id\":\"http:\/\/pickle-ball.vn\/vi\/-product-\/phu-kien-pickleball\/joola-vision-ii-backpack-black\/#primaryimage\"},\"image\":{\"@id\":\"http:\/\/pickle-ball.vn\/vi\/-product-\/phu-kien-pickleball\/joola-vision-ii-backpack-black\/#primaryimage\"},\"thumbnailUrl\":\"https:\/\/pickle-ball.vn\/wp-content\/uploads\/2024\/11\/joola-vision-ii-backpack-black_720x720xcrop.webp\",\"datePublished\":\"2024-11-04T07:20:40+00:00\",\"dateModified\":\"2024-11-04T07:20:42+00:00\",\"breadcrumb\":{\"@id\":\"http:\/\/pickle-ball.vn\/vi\/-product-\/phu-kien-pickleball\/joola-vision-ii-backpack-black\/#breadcrumb\"},\"inLanguage\":\"id\",\"potentialAction\":[{\"@type\":\"ReadAction\",\"target\":[\"http:\/\/pickle-ball.vn\/vi\/-product-\/phu-kien-pickleball\/joola-vision-ii-backpack-black\/\"]}]},{\"@type\":\"ImageObject\",\"inLanguage\":\"id\",\"@id\":\"http:\/\/pickle-ball.vn\/vi\/-product-\/phu-kien-pickleball\/joola-vision-ii-backpack-black\/#primaryimage\",\"url\":\"https:\/\/pickle-ball.vn\/wp-content\/uploads\/2024\/11\/joola-vision-ii-backpack-black_720x720xcrop.webp\",\"contentUrl\":\"https:\/\/pickle-ball.vn\/wp-content\/uploads\/2024\/11\/joola-vision-ii-backpack-black_720x720xcrop.webp\",\"width\":720,\"height\":720,\"caption\":\"Joola Vision II Backpack Black\"},{\"@type\":\"BreadcrumbList\",\"@id\":\"http:\/\/pickle-ball.vn\/vi\/-product-\/phu-kien-pickleball\/joola-vision-ii-backpack-black\/#breadcrumb\",\"itemListElement\":[{\"@type\":\"ListItem\",\"position\":1,\"name\":\"Home\",\"item\":\"https:\/\/pickle-ball.vn\/ja\/\"},{\"@type\":\"ListItem\",\"position\":2,\"name\":\"Shop\",\"item\":\"https:\/\/pickle-ball.vn\/vi\/shop\/\"},{\"@type\":\"ListItem\",\"position\":3,\"name\":\"Joola Vision II Backpack Black\"}]},{\"@type\":\"WebSite\",\"@id\":\"https:\/\/pickle-ball.vn\/ja\/#website\",\"url\":\"https:\/\/pickle-ball.vn\/ja\/\",\"name\":\"Jabra\",\"description\":\"\",\"publisher\":{\"@id\":\"https:\/\/pickle-ball.vn\/ja\/#organization\"},\"potentialAction\":[{\"@type\":\"SearchAction\",\"target\":{\"@type\":\"EntryPoint\",\"urlTemplate\":\"https:\/\/pickle-ball.vn\/ja\/?s={search_term_string}\"},\"query-input\":\"required name=search_term_string\"}],\"inLanguage\":\"id\"},{\"@type\":\"Organization\",\"@id\":\"https:\/\/pickle-ball.vn\/ja\/#organization\",\"name\":\"Jabra\",\"url\":\"https:\/\/pickle-ball.vn\/ja\/\",\"logo\":{\"@type\":\"ImageObject\",\"inLanguage\":\"id\",\"@id\":\"https:\/\/pickle-ball.vn\/ja\/#\/schema\/logo\/image\/\",\"url\":\"\",\"contentUrl\":\"\",\"caption\":\"Jabra\"},\"image\":{\"@id\":\"https:\/\/pickle-ball.vn\/ja\/#\/schema\/logo\/image\/\"}}]}<\/script>\n<!-- \/ Yoast SEO plugin. -->","yoast_head_json":{"title":"Joola Vision II Backpack Black - PickleBall Vi\u1ec7t Nam","robots":{"index":"index","follow":"follow","max-snippet":"max-snippet:-1","max-image-preview":"max-image-preview:large","max-video-preview":"max-video-preview:-1"},"canonical":"https:\/\/pickle-ball.vn\/id\/-product-\/phu-kien-pickleball\/joola-vision-ii-backpack-black\/","twitter_misc":{"Estimasi waktu membaca":"1 menit"},"schema":{"@context":"https:\/\/schema.org","@graph":[{"@type":"WebPage","@id":"http:\/\/pickle-ball.vn\/vi\/-product-\/phu-kien-pickleball\/joola-vision-ii-backpack-black\/","url":"http:\/\/pickle-ball.vn\/vi\/-product-\/phu-kien-pickleball\/joola-vision-ii-backpack-black\/","name":"Joola Vision II Backpack Black - PickleBall Vi\u1ec7t Nam","isPartOf":{"@id":"https:\/\/pickle-ball.vn\/ja\/#website"},"primaryImageOfPage":{"@id":"http:\/\/pickle-ball.vn\/vi\/-product-\/phu-kien-pickleball\/joola-vision-ii-backpack-black\/#primaryimage"},"image":{"@id":"http:\/\/pickle-ball.vn\/vi\/-product-\/phu-kien-pickleball\/joola-vision-ii-backpack-black\/#primaryimage"},"thumbnailUrl":"https:\/\/pickle-ball.vn\/wp-content\/uploads\/2024\/11\/joola-vision-ii-backpack-black_720x720xcrop.webp","datePublished":"2024-11-04T07:20:40+00:00","dateModified":"2024-11-04T07:20:42+00:00","breadcrumb":{"@id":"http:\/\/pickle-ball.vn\/vi\/-product-\/phu-kien-pickleball\/joola-vision-ii-backpack-black\/#breadcrumb"},"inLanguage":"id","potentialAction":[{"@type":"ReadAction","target":["http:\/\/pickle-ball.vn\/vi\/-product-\/phu-kien-pickleball\/joola-vision-ii-backpack-black\/"]}]},{"@type":"ImageObject","inLanguage":"id","@id":"http:\/\/pickle-ball.vn\/vi\/-product-\/phu-kien-pickleball\/joola-vision-ii-backpack-black\/#primaryimage","url":"https:\/\/pickle-ball.vn\/wp-content\/uploads\/2024\/11\/joola-vision-ii-backpack-black_720x720xcrop.webp","contentUrl":"https:\/\/pickle-ball.vn\/wp-content\/uploads\/2024\/11\/joola-vision-ii-backpack-black_720x720xcrop.webp","width":720,"height":720,"caption":"Joola Vision II Backpack Black"},{"@type":"BreadcrumbList","@id":"http:\/\/pickle-ball.vn\/vi\/-product-\/phu-kien-pickleball\/joola-vision-ii-backpack-black\/#breadcrumb","itemListElement":[{"@type":"ListItem","position":1,"name":"Home","item":"https:\/\/pickle-ball.vn\/ja\/"},{"@type":"ListItem","position":2,"name":"Shop","item":"https:\/\/pickle-ball.vn\/vi\/shop\/"},{"@type":"ListItem","position":3,"name":"Joola Vision II Backpack Black"}]},{"@type":"WebSite","@id":"https:\/\/pickle-ball.vn\/ja\/#website","url":"https:\/\/pickle-ball.vn\/ja\/","name":"Jabra","description":"","publisher":{"@id":"https:\/\/pickle-ball.vn\/ja\/#organization"},"potentialAction":[{"@type":"SearchAction","target":{"@type":"EntryPoint","urlTemplate":"https:\/\/pickle-ball.vn\/ja\/?s={search_term_string}"},"query-input":"required name=search_term_string"}],"inLanguage":"id"},{"@type":"Organization","@id":"https:\/\/pickle-ball.vn\/ja\/#organization","name":"Jabra","url":"https:\/\/pickle-ball.vn\/ja\/","logo":{"@type":"ImageObject","inLanguage":"id","@id":"https:\/\/pickle-ball.vn\/ja\/#\/schema\/logo\/image\/","url":"","contentUrl":"","caption":"Jabra"},"image":{"@id":"https:\/\/pickle-ball.vn\/ja\/#\/schema\/logo\/image\/"}}]}},"brands":[{"id":3245,"name":"Joola","slug":"joola"}],"_links":{"self":[{"href":"https:\/\/pickle-ball.vn\/id\/wp-json\/wp\/v2\/product\/15025","targetHints":{"allow":["GET"]}}],"collection":[{"href":"https:\/\/pickle-ball.vn\/id\/wp-json\/wp\/v2\/product"}],"about":[{"href":"https:\/\/pickle-ball.vn\/id\/wp-json\/wp\/v2\/types\/product"}],"replies":[{"embeddable":true,"href":"https:\/\/pickle-ball.vn\/id\/wp-json\/wp\/v2\/comments?post=15025"}],"wp:featuredmedia":[{"embeddable":true,"href":"https:\/\/pickle-ball.vn\/id\/wp-json\/wp\/v2\/media\/15026"}],"wp:attachment":[{"href":"https:\/\/pickle-ball.vn\/id\/wp-json\/wp\/v2\/media?parent=15025"}],"wp:term":[{"taxonomy":"pwb-brand","embeddable":true,"href":"https:\/\/pickle-ball.vn\/id\/wp-json\/wp\/v2\/pwb-brand?post=15025"},{"taxonomy":"product_cat","embeddable":true,"href":"https:\/\/pickle-ball.vn\/id\/wp-json\/wp\/v2\/product_cat?post=15025"},{"taxonomy":"product_tag","embeddable":true,"href":"https:\/\/pickle-ball.vn\/id\/wp-json\/wp\/v2\/product_tag?post=15025"}],"curies":[{"name":"wp","href":"https:\/\/api.w.org\/{rel}","templated":true}]}}