{"id":14887,"date":"2024-11-04T13:20:43","date_gmt":"2024-11-04T06:20:43","guid":{"rendered":"http:\/\/pickle-ball.vn\/-product-\/uncategorized\/giay-pickleball-gel-game-9-cho-nam\/"},"modified":"2024-11-04T13:20:47","modified_gmt":"2024-11-04T06:20:47","slug":"giay-pickleball-gel-game-9-cho-nam","status":"publish","type":"product","link":"https:\/\/pickle-ball.vn\/ja\/-product-\/quan-ao-phu-kien\/giay-pickleball-gel-game-9-cho-nam\/","title":{"rendered":"Gi\u00e0y Pickleball Gel-Game 9 cho nam"},"content":{"rendered":"<div role=\"tabpanel\" class=\"tab-pane active\" id=\"tab-product-info\">\n<div class=\"vh-content\">\n<h2><strong>Gi\u00e0y Pickleball Gel-Game 9 d\u00e0nh cho nam<\/strong><\/h2>\n<p>Gi\u00e0y Pickleball Gel-Game 9 d\u00e0nh cho nam n\u1ed5i b\u1eadt v\u1edbi gam m\u00e0y \u0111en tr\u1eafng xen k\u1ebd, s\u1edf h\u1eefu ki\u1ec3u d\u00e1ng kh\u1ecfe kho\u1eafn, m\u1ea1nh m\u1ebd. Gi\u00e0y Pickleball Gel-Game 9 c\u00f3 nhi\u1ec1u k\u00edch th\u01b0\u1edbc \u0111\u1ec3 b\u1ea1n l\u1ef1a ch\u1ecdn nh\u01b0 6, 6,5, 7, 7,5, 8, 8,5, 9, 9,5, 10, 10,5, 11, 11,5, 12, 12,5, 13, 14.<\/p>\n<p style=\"text-align:center\"><img decoding=\"async\" alt=\"Gi\u00e0y Pickleball Gel-Game 9 d\u00e0nh cho nam gi\u1edbi\" class=\"lazy\" src=\"http:\/\/pickle-ball.vn\/wp-content\/uploads\/2024\/11\/gel-game-9-pickleball.webp\" style=\"height:525px;width:750px\" title=\"Gi\u00e0y Pickleball Gel-Game 9 d\u00e0nh cho nam gi\u1edbi\"><\/p>\n<p style=\"text-align:center\"><em>H\u00ecnh \u1ea3nh: Gi\u00e0y Pickleball Gel-Game 9 d\u00e0nh cho nam gi\u1edbi<\/em><\/p>\n<p>V\u1eeba b\u1ec1n v\u1eeba tho\u1ea3i m\u00e1i, gi\u00e0y pickleball GEL-GAME 9 r\u1ea5t linh ho\u1ea1t d\u00e0nh cho v\u1eadn \u0111\u1ed9ng vi\u00ean gi\u1ea3i tr\u00ed ch\u01a1i v\u00e0i l\u1ea7n m\u1ed7i tu\u1ea7n. V\u1edbi thi\u1ebft k\u1ebf l\u01b0\u1edbi m\u1edf \u1edf ph\u00eda tr\u00ean \u0111\u1ec3 c\u1ea3i thi\u1ec7n lu\u1ed3ng kh\u00f4ng kh\u00ed v\u00e0 gi\u1eef cho b\u00e0n ch\u00e2n lu\u00f4n m\u00e1t m\u1ebb, \u0111\u00f4i gi\u00e0y n\u00e0y \u0111\u01b0\u1ee3c b\u1ed5 sung l\u1edbp ph\u1ee7 da t\u1ed5ng h\u1ee3p v\u00e0 m\u00e0ng PU (polyurethane) gi\u00fap c\u1ea3i thi\u1ec7n \u0111\u1ed9 \u1ed5n \u0111\u1ecbnh khi th\u1ef1c hi\u1ec7n chuy\u1ec3n \u0111\u1ed5i \u0111\u1ed9t ng\u1ed9t.<\/p>\n<p style=\"text-align:center\"><img decoding=\"async\" alt=\"Gi\u00e0y Pickleball Gel-Game 9 d\u00e0nh cho nam gi\u1edbi\" class=\"lazy\" src=\"http:\/\/pickle-ball.vn\/wp-content\/uploads\/2024\/11\/gel-game-9-pickleball-01.webp\" style=\"height:525px;width:750px\" title=\"Gi\u00e0y Pickleball Gel-Game 9 d\u00e0nh cho nam gi\u1edbi\"><\/p>\n<p style=\"text-align:center\"><em>H\u00ecnh \u1ea3nh: Gi\u00e0y Pickleball Gel-Game 9 d\u00e0nh cho nam gi\u1edbi<\/em><\/p>\n<p>C\u00f4ng ngh\u1ec7 TRUSSTIC \u1edf \u0111\u1ebf gi\u1eefa t\u1ea1o ra s\u1ef1 \u1ed5n \u0111\u1ecbnh h\u01a1n tr\u00ean s\u00e2n. \u0110\u1ed3ng th\u1eddi, c\u00f4ng c\u1ee5 m\u1edbi k\u1ebft h\u1ee3p l\u1edbp \u0111\u1ec7m gi\u1eefa c\u1ee7a EVA v\u1edbi l\u1edbp \u0111\u1ec7m c\u00f4ng ngh\u1ec7 GEL \u1edf b\u00e0n ch\u00e2n tr\u01b0\u1edbc \u0111\u1ec3 t\u0103ng kh\u1ea3 n\u0103ng h\u1ea5p th\u1ee5 s\u1ed1c.<\/p>\n<p style=\"text-align:center\"><img decoding=\"async\" alt=\"Gi\u00e0y Pickleball Gel-Game 9 d\u00e0nh cho nam gi\u1edbi\" class=\"lazy\" src=\"http:\/\/pickle-ball.vn\/wp-content\/uploads\/2024\/11\/gel-game-9-pickleball-02.webp\" style=\"height:525px;width:750px\" title=\"Gi\u00e0y Pickleball Gel-Game 9 d\u00e0nh cho nam gi\u1edbi\"><\/p>\n<p style=\"text-align:center\"><em>H\u00ecnh \u1ea3nh: Gi\u00e0y Pickleball Gel-Game 9 d\u00e0nh cho nam gi\u1edbi<\/em><\/p>\n<p>Gi\u00e0y Pickleball Gel-Game 9 d\u00e0nh cho nam hi\u1ec7n \u0111ang c\u00f3 m\u1eb7t t\u1ea1i t\u1ea5t c\u1ea3 c\u00e1c c\u1eeda h\u00e0ng thu\u1ed9c chu\u1ed1i ph\u00e2n ph\u1ed1i c\u1ee7a Pickleball Vi\u1ec7t Nam tr\u00ean to\u00e0n qu\u1ed1c. H\u00e3y li\u00ean h\u1ec7 v\u1edbi ch\u00fang t\u00f4i 0.87654321.9 \u0111\u1ec3 \u0111\u01b0\u1ee3c t\u01b0 v\u1ea5n, h\u1ed7 tr\u1ee3 chi ti\u1ebft c\u00e1c th\u00f4ng tin v\u1ec1 s\u1ea3n ph\u1ea9m.<\/p>\n<\/p><\/div>\n<\/p><\/div>","protected":false},"excerpt":{"rendered":"<ul class=\"list-unstyled params\">\n<li class=\"btt\">Th\u00f4ng tin s\u1ea3n ph\u1ea9m:<\/li>\n<li class=\"dyn\">\n                                            <span class=\"n\">Th\u01b0\u01a1ng hi\u1ec7u:<\/span><br \/>\n\t\t\t\t\t\t\t\t\t\t\t<span class=\"v\"><b>Asics<\/b><\/span>\n                                        <\/li>\n<li class=\"dyn\">\n                                            <span class=\"n\">Nh\u00e0 cung c\u1ea5p:<\/span><br \/>\n                                            \t\t\t\t\t\t\t\t\t\t\t<span class=\"v\">Pickleball Vi\u1ec7t Nam<\/span>\n\t\t\t\t\t\t\t\t\t\t\t                                        <\/li>\n<li class=\"separator\">\n                                        <\/li>\n<li>\n                                            <span class=\"n\">Tr\u1ea1ng th\u00e1i:<\/span><br \/>\n                                            <span class=\"v\" style=\"font-weight:700;color: #d7000e\">T\u1ea1m h\u1ebft h\u00e0ng<\/span>\n                                        <\/li>\n<li>\n                                            <span class=\"n\">T\u00ecnh tr\u1ea1ng:<\/span><br \/>\n                                            <span class=\"v\">M\u1edbi 100%<\/span>\n                                        <\/li>\n<li>\n                                            <span class=\"n\">B\u1ea3o h\u00e0nh:<\/span><br \/>\n                                            <span class=\"v\">Ch\u00ednh h\u00e3ng<\/span>\n                                        <\/li>\n<li>\n<p>                                            <span class=\"n\">Giao h\u00e0ng:<\/span><br \/>\n                                            <span class=\"v\">To\u00e0n qu\u1ed1c<\/span>\n                                        <\/li>\n<\/ul>","protected":false},"featured_media":14888,"comment_status":"closed","ping_status":"closed","template":"","meta":[],"pwb-brand":[3297],"product_cat":[3233],"product_tag":[3346,3321,3345],"class_list":{"0":"post-14887","1":"product","2":"type-product","3":"status-publish","4":"has-post-thumbnail","6":"pwb-brand-asics","7":"product_cat-quan-ao-phu-kien","8":"product_tag-gel-game-9-pickleball","9":"product_tag-giay-pickleball-cho-nam","10":"product_tag-giay-pickleball-gel-game-9","12":"first","13":"instock","14":"shipping-taxable","15":"product-type-simple"},"yoast_head":"<!-- This site is optimized with the Yoast SEO plugin v22.9 - https:\/\/yoast.com\/wordpress\/plugins\/seo\/ -->\n<title>Gi\u00e0y Pickleball Gel-Game 9 cho nam - PickleBall Vi\u1ec7t Nam<\/title>\n<meta name=\"robots\" content=\"index, follow, max-snippet:-1, max-image-preview:large, max-video-preview:-1\" \/>\n<link rel=\"canonical\" href=\"https:\/\/pickle-ball.vn\/ja\/-product-\/quan-ao-phu-kien\/giay-pickleball-gel-game-9-cho-nam\/\" \/>\n<meta name=\"twitter:label1\" content=\"\u63a8\u5b9a\u8aad\u307f\u53d6\u308a\u6642\u9593\" \/>\n\t<meta name=\"twitter:data1\" content=\"2\u5206\" \/>\n<script type=\"application\/ld+json\" class=\"yoast-schema-graph\">{\"@context\":\"https:\/\/schema.org\",\"@graph\":[{\"@type\":\"WebPage\",\"@id\":\"http:\/\/pickle-ball.vn\/vi\/-product-\/quan-ao-phu-kien\/giay-pickleball-gel-game-9-cho-nam\/\",\"url\":\"http:\/\/pickle-ball.vn\/vi\/-product-\/quan-ao-phu-kien\/giay-pickleball-gel-game-9-cho-nam\/\",\"name\":\"Gi\u00e0y Pickleball Gel-Game 9 cho nam - PickleBall Vi\u1ec7t Nam\",\"isPartOf\":{\"@id\":\"https:\/\/pickle-ball.vn\/ja\/#website\"},\"primaryImageOfPage\":{\"@id\":\"http:\/\/pickle-ball.vn\/vi\/-product-\/quan-ao-phu-kien\/giay-pickleball-gel-game-9-cho-nam\/#primaryimage\"},\"image\":{\"@id\":\"http:\/\/pickle-ball.vn\/vi\/-product-\/quan-ao-phu-kien\/giay-pickleball-gel-game-9-cho-nam\/#primaryimage\"},\"thumbnailUrl\":\"https:\/\/pickle-ball.vn\/wp-content\/uploads\/2024\/11\/gel-game-9-pickleball_720x720xcrop.webp\",\"datePublished\":\"2024-11-04T06:20:43+00:00\",\"dateModified\":\"2024-11-04T06:20:47+00:00\",\"breadcrumb\":{\"@id\":\"http:\/\/pickle-ball.vn\/vi\/-product-\/quan-ao-phu-kien\/giay-pickleball-gel-game-9-cho-nam\/#breadcrumb\"},\"inLanguage\":\"ja\",\"potentialAction\":[{\"@type\":\"ReadAction\",\"target\":[\"http:\/\/pickle-ball.vn\/vi\/-product-\/quan-ao-phu-kien\/giay-pickleball-gel-game-9-cho-nam\/\"]}]},{\"@type\":\"ImageObject\",\"inLanguage\":\"ja\",\"@id\":\"http:\/\/pickle-ball.vn\/vi\/-product-\/quan-ao-phu-kien\/giay-pickleball-gel-game-9-cho-nam\/#primaryimage\",\"url\":\"https:\/\/pickle-ball.vn\/wp-content\/uploads\/2024\/11\/gel-game-9-pickleball_720x720xcrop.webp\",\"contentUrl\":\"https:\/\/pickle-ball.vn\/wp-content\/uploads\/2024\/11\/gel-game-9-pickleball_720x720xcrop.webp\",\"width\":720,\"height\":720,\"caption\":\"Gi\u00e0y Pickleball Gel-Game 9\"},{\"@type\":\"BreadcrumbList\",\"@id\":\"http:\/\/pickle-ball.vn\/vi\/-product-\/quan-ao-phu-kien\/giay-pickleball-gel-game-9-cho-nam\/#breadcrumb\",\"itemListElement\":[{\"@type\":\"ListItem\",\"position\":1,\"name\":\"Home\",\"item\":\"https:\/\/pickle-ball.vn\/ja\/\"},{\"@type\":\"ListItem\",\"position\":2,\"name\":\"Shop\",\"item\":\"https:\/\/pickle-ball.vn\/vi\/shop\/\"},{\"@type\":\"ListItem\",\"position\":3,\"name\":\"Gi\u00e0y Pickleball Gel-Game 9 cho nam\"}]},{\"@type\":\"WebSite\",\"@id\":\"https:\/\/pickle-ball.vn\/ja\/#website\",\"url\":\"https:\/\/pickle-ball.vn\/ja\/\",\"name\":\"Jabra\",\"description\":\"\",\"publisher\":{\"@id\":\"https:\/\/pickle-ball.vn\/ja\/#organization\"},\"potentialAction\":[{\"@type\":\"SearchAction\",\"target\":{\"@type\":\"EntryPoint\",\"urlTemplate\":\"https:\/\/pickle-ball.vn\/ja\/?s={search_term_string}\"},\"query-input\":\"required name=search_term_string\"}],\"inLanguage\":\"ja\"},{\"@type\":\"Organization\",\"@id\":\"https:\/\/pickle-ball.vn\/ja\/#organization\",\"name\":\"Jabra\",\"url\":\"https:\/\/pickle-ball.vn\/ja\/\",\"logo\":{\"@type\":\"ImageObject\",\"inLanguage\":\"ja\",\"@id\":\"https:\/\/pickle-ball.vn\/ja\/#\/schema\/logo\/image\/\",\"url\":\"\",\"contentUrl\":\"\",\"caption\":\"Jabra\"},\"image\":{\"@id\":\"https:\/\/pickle-ball.vn\/ja\/#\/schema\/logo\/image\/\"}}]}<\/script>\n<!-- \/ Yoast SEO plugin. -->","yoast_head_json":{"title":"Gi\u00e0y Pickleball Gel-Game 9 cho nam - PickleBall Vi\u1ec7t Nam","robots":{"index":"index","follow":"follow","max-snippet":"max-snippet:-1","max-image-preview":"max-image-preview:large","max-video-preview":"max-video-preview:-1"},"canonical":"https:\/\/pickle-ball.vn\/ja\/-product-\/quan-ao-phu-kien\/giay-pickleball-gel-game-9-cho-nam\/","twitter_misc":{"\u63a8\u5b9a\u8aad\u307f\u53d6\u308a\u6642\u9593":"2\u5206"},"schema":{"@context":"https:\/\/schema.org","@graph":[{"@type":"WebPage","@id":"http:\/\/pickle-ball.vn\/vi\/-product-\/quan-ao-phu-kien\/giay-pickleball-gel-game-9-cho-nam\/","url":"http:\/\/pickle-ball.vn\/vi\/-product-\/quan-ao-phu-kien\/giay-pickleball-gel-game-9-cho-nam\/","name":"Gi\u00e0y Pickleball Gel-Game 9 cho nam - PickleBall Vi\u1ec7t Nam","isPartOf":{"@id":"https:\/\/pickle-ball.vn\/ja\/#website"},"primaryImageOfPage":{"@id":"http:\/\/pickle-ball.vn\/vi\/-product-\/quan-ao-phu-kien\/giay-pickleball-gel-game-9-cho-nam\/#primaryimage"},"image":{"@id":"http:\/\/pickle-ball.vn\/vi\/-product-\/quan-ao-phu-kien\/giay-pickleball-gel-game-9-cho-nam\/#primaryimage"},"thumbnailUrl":"https:\/\/pickle-ball.vn\/wp-content\/uploads\/2024\/11\/gel-game-9-pickleball_720x720xcrop.webp","datePublished":"2024-11-04T06:20:43+00:00","dateModified":"2024-11-04T06:20:47+00:00","breadcrumb":{"@id":"http:\/\/pickle-ball.vn\/vi\/-product-\/quan-ao-phu-kien\/giay-pickleball-gel-game-9-cho-nam\/#breadcrumb"},"inLanguage":"ja","potentialAction":[{"@type":"ReadAction","target":["http:\/\/pickle-ball.vn\/vi\/-product-\/quan-ao-phu-kien\/giay-pickleball-gel-game-9-cho-nam\/"]}]},{"@type":"ImageObject","inLanguage":"ja","@id":"http:\/\/pickle-ball.vn\/vi\/-product-\/quan-ao-phu-kien\/giay-pickleball-gel-game-9-cho-nam\/#primaryimage","url":"https:\/\/pickle-ball.vn\/wp-content\/uploads\/2024\/11\/gel-game-9-pickleball_720x720xcrop.webp","contentUrl":"https:\/\/pickle-ball.vn\/wp-content\/uploads\/2024\/11\/gel-game-9-pickleball_720x720xcrop.webp","width":720,"height":720,"caption":"Gi\u00e0y Pickleball Gel-Game 9"},{"@type":"BreadcrumbList","@id":"http:\/\/pickle-ball.vn\/vi\/-product-\/quan-ao-phu-kien\/giay-pickleball-gel-game-9-cho-nam\/#breadcrumb","itemListElement":[{"@type":"ListItem","position":1,"name":"Home","item":"https:\/\/pickle-ball.vn\/ja\/"},{"@type":"ListItem","position":2,"name":"Shop","item":"https:\/\/pickle-ball.vn\/vi\/shop\/"},{"@type":"ListItem","position":3,"name":"Gi\u00e0y Pickleball Gel-Game 9 cho nam"}]},{"@type":"WebSite","@id":"https:\/\/pickle-ball.vn\/ja\/#website","url":"https:\/\/pickle-ball.vn\/ja\/","name":"Jabra","description":"","publisher":{"@id":"https:\/\/pickle-ball.vn\/ja\/#organization"},"potentialAction":[{"@type":"SearchAction","target":{"@type":"EntryPoint","urlTemplate":"https:\/\/pickle-ball.vn\/ja\/?s={search_term_string}"},"query-input":"required name=search_term_string"}],"inLanguage":"ja"},{"@type":"Organization","@id":"https:\/\/pickle-ball.vn\/ja\/#organization","name":"Jabra","url":"https:\/\/pickle-ball.vn\/ja\/","logo":{"@type":"ImageObject","inLanguage":"ja","@id":"https:\/\/pickle-ball.vn\/ja\/#\/schema\/logo\/image\/","url":"","contentUrl":"","caption":"Jabra"},"image":{"@id":"https:\/\/pickle-ball.vn\/ja\/#\/schema\/logo\/image\/"}}]}},"brands":[{"id":3297,"name":"Asics","slug":"asics"}],"_links":{"self":[{"href":"https:\/\/pickle-ball.vn\/ja\/wp-json\/wp\/v2\/product\/14887","targetHints":{"allow":["GET"]}}],"collection":[{"href":"https:\/\/pickle-ball.vn\/ja\/wp-json\/wp\/v2\/product"}],"about":[{"href":"https:\/\/pickle-ball.vn\/ja\/wp-json\/wp\/v2\/types\/product"}],"replies":[{"embeddable":true,"href":"https:\/\/pickle-ball.vn\/ja\/wp-json\/wp\/v2\/comments?post=14887"}],"wp:featuredmedia":[{"embeddable":true,"href":"https:\/\/pickle-ball.vn\/ja\/wp-json\/wp\/v2\/media\/14888"}],"wp:attachment":[{"href":"https:\/\/pickle-ball.vn\/ja\/wp-json\/wp\/v2\/media?parent=14887"}],"wp:term":[{"taxonomy":"pwb-brand","embeddable":true,"href":"https:\/\/pickle-ball.vn\/ja\/wp-json\/wp\/v2\/pwb-brand?post=14887"},{"taxonomy":"product_cat","embeddable":true,"href":"https:\/\/pickle-ball.vn\/ja\/wp-json\/wp\/v2\/product_cat?post=14887"},{"taxonomy":"product_tag","embeddable":true,"href":"https:\/\/pickle-ball.vn\/ja\/wp-json\/wp\/v2\/product_tag?post=14887"}],"curies":[{"name":"wp","href":"https:\/\/api.w.org\/{rel}","templated":true}]}}