{"id":15544,"date":"2024-11-04T18:40:35","date_gmt":"2024-11-04T11:40:35","guid":{"rendered":"http:\/\/pickle-ball.vn\/-product-\/uncategorized\/khan-logo-towel\/"},"modified":"2024-11-04T18:40:37","modified_gmt":"2024-11-04T11:40:37","slug":"khan-logo-towel","status":"publish","type":"product","link":"https:\/\/pickle-ball.vn\/ja\/-product-\/phu-kien-pickleball\/khan-logo-towel\/","title":{"rendered":"Kh\u0103n Logo Towel"},"content":{"rendered":"<div role=\"tabpanel\" class=\"tab-pane active\" id=\"tab-product-info\">\n<div class=\"vh-content\">\n<h2><strong>Kh\u0103n Logo Towel ch\u00ednh h\u00e3ng, thu\u1eadn ti\u1ec7n cho t\u1eadp luy\u1ec7n v\u00e0 thi \u0111\u1ea5u<\/strong><\/h2>\n<\/p><\/div>\n<\/p><\/div>","protected":false},"excerpt":{"rendered":"<ul class=\"list-unstyled params\">\n<li class=\"btt\">Th\u00f4ng tin s\u1ea3n ph\u1ea9m:<\/li>\n<li class=\"dyn\">\n                                            <span class=\"n\">Th\u01b0\u01a1ng hi\u1ec7u:<\/span><br \/>\n\t\t\t\t\t\t\t\t\t\t\t<span class=\"v\"><b>Joola<\/b><\/span>\n                                        <\/li>\n<li class=\"dyn\">\n                                            <span class=\"n\">Number order:<\/span><br \/>\n\t\t\t\t\t\t\t\t\t\t\t<span class=\"v\">98994<\/span>\n                                        <\/li>\n<li class=\"dyn\">\n                                            <span class=\"n\">Nh\u00e0 cung c\u1ea5p:<\/span><br \/>\n                                            \t\t\t\t\t\t\t\t\t\t\t<span class=\"v\">Pickleball Vi\u1ec7t Nam<\/span>\n\t\t\t\t\t\t\t\t\t\t\t                                        <\/li>\n<li class=\"separator\">\n                                        <\/li>\n<li>\n                                            <span class=\"n\">Tr\u1ea1ng th\u00e1i:<\/span><br \/>\n                                            <span class=\"v\" style=\"font-weight:700;color: #d7000e\">T\u1ea1m h\u1ebft h\u00e0ng<\/span>\n                                        <\/li>\n<li>\n                                            <span class=\"n\">T\u00ecnh tr\u1ea1ng:<\/span><br \/>\n                                            <span class=\"v\">M\u1edbi 100%<\/span>\n                                        <\/li>\n<li>\n                                            <span class=\"n\">B\u1ea3o h\u00e0nh:<\/span><br \/>\n                                            <span class=\"v\">Ch\u00ednh h\u00e3ng<\/span>\n                                        <\/li>\n<li>\n<p>                                            <span class=\"n\">Giao h\u00e0ng:<\/span><br \/>\n                                            <span class=\"v\">To\u00e0n qu\u1ed1c<\/span>\n                                        <\/li>\n<\/ul>","protected":false},"featured_media":15545,"comment_status":"closed","ping_status":"closed","template":"","meta":[],"pwb-brand":[3245],"product_cat":[3232],"product_tag":[3704,3705],"class_list":{"0":"post-15544","1":"product","2":"type-product","3":"status-publish","4":"has-post-thumbnail","6":"pwb-brand-joola","7":"product_cat-phu-kien-pickleball","8":"product_tag-khan-logo-towel","9":"product_tag-logo-towel","11":"first","12":"instock","13":"shipping-taxable","14":"product-type-simple"},"yoast_head":"<!-- This site is optimized with the Yoast SEO plugin v22.9 - https:\/\/yoast.com\/wordpress\/plugins\/seo\/ -->\n<title>Kh\u0103n Logo Towel - PickleBall Vi\u1ec7t Nam<\/title>\n<meta name=\"robots\" content=\"index, follow, max-snippet:-1, max-image-preview:large, max-video-preview:-1\" \/>\n<link rel=\"canonical\" href=\"https:\/\/pickle-ball.vn\/ja\/-product-\/phu-kien-pickleball\/khan-logo-towel\/\" \/>\n<script type=\"application\/ld+json\" class=\"yoast-schema-graph\">{\"@context\":\"https:\/\/schema.org\",\"@graph\":[{\"@type\":\"WebPage\",\"@id\":\"https:\/\/pickle-ball.vn\/zh\/-product-\/phu-kien-pickleball\/khan-logo-towel\/\",\"url\":\"https:\/\/pickle-ball.vn\/zh\/-product-\/phu-kien-pickleball\/khan-logo-towel\/\",\"name\":\"Kh\u0103n Logo Towel - PickleBall Vi\u1ec7t Nam\",\"isPartOf\":{\"@id\":\"https:\/\/pickle-ball.vn\/ja\/#website\"},\"primaryImageOfPage\":{\"@id\":\"https:\/\/pickle-ball.vn\/zh\/-product-\/phu-kien-pickleball\/khan-logo-towel\/#primaryimage\"},\"image\":{\"@id\":\"https:\/\/pickle-ball.vn\/zh\/-product-\/phu-kien-pickleball\/khan-logo-towel\/#primaryimage\"},\"thumbnailUrl\":\"https:\/\/pickle-ball.vn\/wp-content\/uploads\/2024\/11\/98994-logo-towel-663aff5f40ba2_720x720xcrop.webp\",\"datePublished\":\"2024-11-04T11:40:35+00:00\",\"dateModified\":\"2024-11-04T11:40:37+00:00\",\"breadcrumb\":{\"@id\":\"https:\/\/pickle-ball.vn\/zh\/-product-\/phu-kien-pickleball\/khan-logo-towel\/#breadcrumb\"},\"inLanguage\":\"ja\",\"potentialAction\":[{\"@type\":\"ReadAction\",\"target\":[\"https:\/\/pickle-ball.vn\/zh\/-product-\/phu-kien-pickleball\/khan-logo-towel\/\"]}]},{\"@type\":\"ImageObject\",\"inLanguage\":\"ja\",\"@id\":\"https:\/\/pickle-ball.vn\/zh\/-product-\/phu-kien-pickleball\/khan-logo-towel\/#primaryimage\",\"url\":\"https:\/\/pickle-ball.vn\/wp-content\/uploads\/2024\/11\/98994-logo-towel-663aff5f40ba2_720x720xcrop.webp\",\"contentUrl\":\"https:\/\/pickle-ball.vn\/wp-content\/uploads\/2024\/11\/98994-logo-towel-663aff5f40ba2_720x720xcrop.webp\",\"width\":720,\"height\":720,\"caption\":\"Kh\u0103n Logo Towel, Logo Towel\"},{\"@type\":\"BreadcrumbList\",\"@id\":\"https:\/\/pickle-ball.vn\/zh\/-product-\/phu-kien-pickleball\/khan-logo-towel\/#breadcrumb\",\"itemListElement\":[{\"@type\":\"ListItem\",\"position\":1,\"name\":\"Home\",\"item\":\"https:\/\/pickle-ball.vn\/ja\/\"},{\"@type\":\"ListItem\",\"position\":2,\"name\":\"Shop\",\"item\":\"https:\/\/pickle-ball.vn\/vi\/shop\/\"},{\"@type\":\"ListItem\",\"position\":3,\"name\":\"Kh\u0103n Logo Towel\"}]},{\"@type\":\"WebSite\",\"@id\":\"https:\/\/pickle-ball.vn\/ja\/#website\",\"url\":\"https:\/\/pickle-ball.vn\/ja\/\",\"name\":\"Jabra\",\"description\":\"\",\"publisher\":{\"@id\":\"https:\/\/pickle-ball.vn\/ja\/#organization\"},\"potentialAction\":[{\"@type\":\"SearchAction\",\"target\":{\"@type\":\"EntryPoint\",\"urlTemplate\":\"https:\/\/pickle-ball.vn\/ja\/?s={search_term_string}\"},\"query-input\":\"required name=search_term_string\"}],\"inLanguage\":\"ja\"},{\"@type\":\"Organization\",\"@id\":\"https:\/\/pickle-ball.vn\/ja\/#organization\",\"name\":\"Jabra\",\"url\":\"https:\/\/pickle-ball.vn\/ja\/\",\"logo\":{\"@type\":\"ImageObject\",\"inLanguage\":\"ja\",\"@id\":\"https:\/\/pickle-ball.vn\/ja\/#\/schema\/logo\/image\/\",\"url\":\"\",\"contentUrl\":\"\",\"caption\":\"Jabra\"},\"image\":{\"@id\":\"https:\/\/pickle-ball.vn\/ja\/#\/schema\/logo\/image\/\"}}]}<\/script>\n<!-- \/ Yoast SEO plugin. -->","yoast_head_json":{"title":"Kh\u0103n Logo Towel - PickleBall Vi\u1ec7t Nam","robots":{"index":"index","follow":"follow","max-snippet":"max-snippet:-1","max-image-preview":"max-image-preview:large","max-video-preview":"max-video-preview:-1"},"canonical":"https:\/\/pickle-ball.vn\/ja\/-product-\/phu-kien-pickleball\/khan-logo-towel\/","schema":{"@context":"https:\/\/schema.org","@graph":[{"@type":"WebPage","@id":"https:\/\/pickle-ball.vn\/zh\/-product-\/phu-kien-pickleball\/khan-logo-towel\/","url":"https:\/\/pickle-ball.vn\/zh\/-product-\/phu-kien-pickleball\/khan-logo-towel\/","name":"Kh\u0103n Logo Towel - PickleBall Vi\u1ec7t Nam","isPartOf":{"@id":"https:\/\/pickle-ball.vn\/ja\/#website"},"primaryImageOfPage":{"@id":"https:\/\/pickle-ball.vn\/zh\/-product-\/phu-kien-pickleball\/khan-logo-towel\/#primaryimage"},"image":{"@id":"https:\/\/pickle-ball.vn\/zh\/-product-\/phu-kien-pickleball\/khan-logo-towel\/#primaryimage"},"thumbnailUrl":"https:\/\/pickle-ball.vn\/wp-content\/uploads\/2024\/11\/98994-logo-towel-663aff5f40ba2_720x720xcrop.webp","datePublished":"2024-11-04T11:40:35+00:00","dateModified":"2024-11-04T11:40:37+00:00","breadcrumb":{"@id":"https:\/\/pickle-ball.vn\/zh\/-product-\/phu-kien-pickleball\/khan-logo-towel\/#breadcrumb"},"inLanguage":"ja","potentialAction":[{"@type":"ReadAction","target":["https:\/\/pickle-ball.vn\/zh\/-product-\/phu-kien-pickleball\/khan-logo-towel\/"]}]},{"@type":"ImageObject","inLanguage":"ja","@id":"https:\/\/pickle-ball.vn\/zh\/-product-\/phu-kien-pickleball\/khan-logo-towel\/#primaryimage","url":"https:\/\/pickle-ball.vn\/wp-content\/uploads\/2024\/11\/98994-logo-towel-663aff5f40ba2_720x720xcrop.webp","contentUrl":"https:\/\/pickle-ball.vn\/wp-content\/uploads\/2024\/11\/98994-logo-towel-663aff5f40ba2_720x720xcrop.webp","width":720,"height":720,"caption":"Kh\u0103n Logo Towel, Logo Towel"},{"@type":"BreadcrumbList","@id":"https:\/\/pickle-ball.vn\/zh\/-product-\/phu-kien-pickleball\/khan-logo-towel\/#breadcrumb","itemListElement":[{"@type":"ListItem","position":1,"name":"Home","item":"https:\/\/pickle-ball.vn\/ja\/"},{"@type":"ListItem","position":2,"name":"Shop","item":"https:\/\/pickle-ball.vn\/vi\/shop\/"},{"@type":"ListItem","position":3,"name":"Kh\u0103n Logo Towel"}]},{"@type":"WebSite","@id":"https:\/\/pickle-ball.vn\/ja\/#website","url":"https:\/\/pickle-ball.vn\/ja\/","name":"Jabra","description":"","publisher":{"@id":"https:\/\/pickle-ball.vn\/ja\/#organization"},"potentialAction":[{"@type":"SearchAction","target":{"@type":"EntryPoint","urlTemplate":"https:\/\/pickle-ball.vn\/ja\/?s={search_term_string}"},"query-input":"required name=search_term_string"}],"inLanguage":"ja"},{"@type":"Organization","@id":"https:\/\/pickle-ball.vn\/ja\/#organization","name":"Jabra","url":"https:\/\/pickle-ball.vn\/ja\/","logo":{"@type":"ImageObject","inLanguage":"ja","@id":"https:\/\/pickle-ball.vn\/ja\/#\/schema\/logo\/image\/","url":"","contentUrl":"","caption":"Jabra"},"image":{"@id":"https:\/\/pickle-ball.vn\/ja\/#\/schema\/logo\/image\/"}}]}},"brands":[{"id":3245,"name":"Joola","slug":"joola"}],"_links":{"self":[{"href":"https:\/\/pickle-ball.vn\/ja\/wp-json\/wp\/v2\/product\/15544","targetHints":{"allow":["GET"]}}],"collection":[{"href":"https:\/\/pickle-ball.vn\/ja\/wp-json\/wp\/v2\/product"}],"about":[{"href":"https:\/\/pickle-ball.vn\/ja\/wp-json\/wp\/v2\/types\/product"}],"replies":[{"embeddable":true,"href":"https:\/\/pickle-ball.vn\/ja\/wp-json\/wp\/v2\/comments?post=15544"}],"wp:featuredmedia":[{"embeddable":true,"href":"https:\/\/pickle-ball.vn\/ja\/wp-json\/wp\/v2\/media\/15545"}],"wp:attachment":[{"href":"https:\/\/pickle-ball.vn\/ja\/wp-json\/wp\/v2\/media?parent=15544"}],"wp:term":[{"taxonomy":"pwb-brand","embeddable":true,"href":"https:\/\/pickle-ball.vn\/ja\/wp-json\/wp\/v2\/pwb-brand?post=15544"},{"taxonomy":"product_cat","embeddable":true,"href":"https:\/\/pickle-ball.vn\/ja\/wp-json\/wp\/v2\/product_cat?post=15544"},{"taxonomy":"product_tag","embeddable":true,"href":"https:\/\/pickle-ball.vn\/ja\/wp-json\/wp\/v2\/product_tag?post=15544"}],"curies":[{"name":"wp","href":"https:\/\/api.w.org\/{rel}","templated":true}]}}