{"id":15697,"date":"2024-11-12T14:30:35","date_gmt":"2024-11-12T07:30:35","guid":{"rendered":"http:\/\/pickle-ball.vn\/-product-\/uncategorized\/vot-pickleball-selkirk-labs-project-007-14mm\/"},"modified":"2024-11-12T14:31:00","modified_gmt":"2024-11-12T07:31:00","slug":"vot-pickleball-selkirk-labs-project-007-14mm","status":"publish","type":"product","link":"https:\/\/pickle-ball.vn\/ja\/-product-\/vot-pickleball\/vot-pickleball-selkirk-labs-project-007-14mm\/","title":{"rendered":"V\u1ee3t PickleballSelkirk Labs Project 007 14mm"},"content":{"rendered":"<div role=\"tabpanel\" class=\"tab-pane active\" id=\"tab-product-info\">\n<div class=\"vh-content\">\n<h2><strong>V\u1ee3t Pickleball Selkirk Labs Project 007 14mm ch\u00ednh h\u00e3ng gi\u00e1 t\u1ed1t<\/strong><\/h2>\n<p><strong>Selkirk LABS Project 007 14mm<\/strong> \u0111\u01b0\u1ee3c thi\u1ebft k\u1ebf cho nh\u1eefng ng\u01b0\u1eddi ch\u01a1i th\u00edch m\u1ed9t v\u1ee3t c\u00e2n b\u1eb1ng v\u1edbi \u0111\u1ed9 b\u1ec1n \u0111\u01b0\u1ee3c c\u1ea3i thi\u1ec7n, gi\u1ea3i quy\u1ebft v\u1ea5n \u0111\u1ec1 v\u1ec1 b\u1ec1 m\u1eb7t xo\u00e1y b\u1ecb m\u00f2n th\u01b0\u1eddng th\u1ea5y \u1edf v\u1ee3t carbon th\u00f4. \u0110\u01b0\u1ee3c thi\u1ebft k\u1ebf v\u1edbi H\u1ec7 th\u1ed1ng l\u01b0\u1edbi titan \u0111ang ch\u1edd c\u1ea5p b\u1eb1ng s\u00e1ng ch\u1ebf 14mm v\u00e0 M\u1eb7t s\u1ee3i carbon Florek, v\u1ee3t n\u00e0y cung c\u1ea5p \u0111i\u1ec3m ng\u1ecdt l\u1edbn h\u01a1n \u0111\u1ec3 t\u0103ng t\u00ednh nh\u1ea5t qu\u00e1n v\u00e0 \u1ed5n \u0111\u1ecbnh, gi\u00fap n\u00f3 \u0111\u00e1ng tin c\u1eady h\u01a1n trong m\u1ecdi c\u00fa \u0111\u00e1nh. L\u00f5i 14mm mang l\u1ea1i kh\u1ea3 n\u0103ng ki\u1ec3m so\u00e1t t\u1ed1t h\u01a1n trong khi v\u1eabn mang l\u1ea1i hi\u1ec7u su\u1ea5t m\u1ea1nh m\u1ebd, \u0111\u1ea3m b\u1ea3o ng\u01b0\u1eddi ch\u01a1i c\u00f3 s\u1ef1 t\u1ef1 tin \u0111\u1ec3 t\u1ea5n c\u00f4ng trong khi v\u1eabn duy tr\u00ec \u0111\u1ed9 ch\u00ednh x\u00e1c trong c\u00e1c t\u00ecnh hu\u1ed1ng ph\u00f2ng th\u1ee7.\u00a0<\/p>\n<p>B\u1ec1 m\u1eb7t InfiniGrit c\u1ea3i ti\u1ebfn b\u1ec1n g\u1ea5p ba l\u1ea7n so v\u1edbi b\u1ec1 m\u1eb7t carbon th\u00f4 truy\u1ec1n th\u1ed1ng, mang l\u1ea1i \u0111\u1ed9 b\u1ec1n v\u00f4 song v\u00e0 ti\u1ec1m n\u0103ng t\u1ea1o xo\u00e1y l\u00ean \u0111\u1ebfn 2000 v\u00f2ng\/ph\u00fat, mang \u0111\u1ebfn cho ng\u01b0\u1eddi ch\u01a1i nh\u1eefng c\u00fa \u0111\u00e1nh ch\u00ednh x\u00e1c v\u00e0 ki\u1ec3m so\u00e1t h\u01a1n. K\u1ebft h\u1ee3p v\u1edbi c\u00f4ng ngh\u1ec7 DuraEdge kh\u00f4ng c\u1ea1nh, v\u1eadt li\u1ec7u ti\u00ean ti\u1ebfn v\u00e0 thi\u1ebft k\u1ebf c\u00e1nh \u0111\u01b0\u1ee3c c\u1eadp nh\u1eadt c\u1ee7a Air Dynamic Throat ban \u0111\u1ea7u \u0111\u01b0\u1ee3c ph\u00e1t tri\u1ec3n t\u1ea1i LABS cho D\u1ef1 \u00e1n 002, LABS Project 007 14mm mang \u0111\u1ebfn l\u1ee3i th\u1ebf c\u1ea1nh tranh l\u00e2u d\u00e0i.<\/p>\n<p><strong>C\u00f3 s\u1eb5n hai h\u00ecnh d\u1ea1ng v\u1ee3t.<\/strong><\/p>\n<p>Invikta | Tay c\u1ea7m d\u00e0i h\u01a1n &amp; H\u00ecnh d\u1ea1ng v\u1ee3t d\u00e0i nh\u1ea5t. \u0110\u01b0\u1ee3c \u01b0a chu\u1ed9ng v\u00ec k\u00edch th\u01b0\u1edbc \u0111i\u1ec3m ng\u1ecdt t\u0103ng l\u00ean khi so s\u00e1nh v\u1edbi c\u00e1c h\u00ecnh d\u1ea1ng v\u1ee3t pickleball d\u00e0i kh\u00e1c, Invikta \u0111\u01b0\u1ee3c \u01b0a chu\u1ed9ng b\u1edfi nh\u1eefng ng\u01b0\u1eddi ch\u01a1i trung c\u1ea5p \u0111\u1ebfn chuy\u00ean nghi\u1ec7p. V\u1edbi Invikta, b\u1ea1n c\u00f3 \u0111\u01b0\u1ee3c h\u00ecnh d\u1ea1ng d\u00e0i h\u01a1n, \u0111i\u1ec3m ng\u1ecdt l\u1edbn v\u00e0 tay c\u1ea7m th\u1eadm ch\u00ed c\u00f2n d\u00e0i h\u01a1n, cung c\u1ea5p nhi\u1ec1u l\u1ef1c h\u01a1n, ph\u1ea1m vi ti\u1ebfp c\u1eadn r\u1ed9ng h\u01a1n v\u00e0 \u0111\u1ed9 xo\u00e1y cao h\u01a1n.<\/p>\n<p>Epic | C\u00e1n d\u00e0i &amp; H\u00ecnh d\u1ea1ng v\u1ee3t ti\u00eau chu\u1ea9n: K\u1ebft h\u1ee3p h\u00ecnh d\u1ea1ng v\u1ee3t Pickleball truy\u1ec1n th\u1ed1ng v\u1edbi di\u1ec7n t\u00edch b\u1ec1 m\u1eb7t l\u1edbn v\u00e0 tay c\u1ea7m d\u00e0i, Epic mang \u0111\u1ebfn s\u1ef1 k\u1ebft h\u1ee3p ho\u00e0n h\u1ea3o gi\u1eefa s\u1ee9c m\u1ea1nh v\u00e0 kh\u1ea3 n\u0103ng ki\u1ec3m so\u00e1t. \u0110a n\u0103ng v\u00e0 to\u00e0n di\u1ec7n, h\u00ecnh d\u1ea1ng v\u1ee3t Epic l\u00fd t\u01b0\u1edfng cho ng\u01b0\u1eddi m\u1edbi b\u1eaft \u0111\u1ea7u v\u00e0 ng\u01b0\u1eddi chuy\u00ean nghi\u1ec7p d\u00e0y d\u1ea1n kinh nghi\u1ec7m.<\/p>\n<p><strong>007 c\u00f3 s\u1eb5n v\u1edbi \u0111\u1ed9 d\u00e0y l\u00f5i 10mm v\u00e0 14mm:<\/strong><\/p>\n<p>14mm | L\u00f5i 14mm cung c\u1ea5p \u0111i\u1ec3m ng\u1ecdt l\u1edbn h\u01a1n khi so s\u00e1nh v\u1edbi l\u00f5i 10mm \u0111\u1ec3 c\u00f3 \u0111\u1ed9 \u1ed5n \u0111\u1ecbnh v\u00e0 nh\u1ea5t qu\u00e1n h\u01a1n m\u00e0 kh\u00f4ng ph\u1ea3i hy sinh s\u1ee9c m\u1ea1nh. L\u00fd t\u01b0\u1edfng cho nh\u1eefng ng\u01b0\u1eddi ch\u01a1i mu\u1ed1n t\u1ea5n c\u00f4ng v\u00e0 ph\u00f2ng th\u1ee7 \u0111\u00e1ng tin c\u1eady h\u01a1n m\u1ed9t ch\u00fat.<\/p>\n<h3><strong>T\u00ednh n\u0103ng c\u1ee7a Selkirk Labs Project 007 14mm<\/strong><\/h3>\n<p><strong>B\u1ec0 M\u1eb6T INFINIGRIT T\u0102NG \u0110\u1ed8 B\u1ec0N G\u1ea4P 3 L\u1ea6N<\/strong><br \/>\nC\u00f4ng ngh\u1ec7 InfiniGrit Surface t\u0103ng g\u1ea5p ba l\u1ea7n \u0111\u1ed9 b\u1ec1n c\u1ee7a b\u1ec1 m\u1eb7t carbon th\u00f4 c\u00f3 k\u1ebft c\u1ea5u b\u00f3c t\u00e1ch epoxy n\u1ed5i truy\u1ec1n th\u1ed1ng \u0111\u1ed3ng th\u1eddi t\u0103ng \u0111\u00e1ng k\u1ec3 ti\u1ec1m n\u0103ng t\u1ea1o xo\u00e1y, cho ph\u00e9p ng\u01b0\u1eddi ch\u01a1i \u0111\u1ea1t t\u1edbi 2000 v\u00f2ng\/ph\u00fat \u0111\u1ec3 c\u00f3 nh\u1eefng c\u00fa \u0111\u00e1nh ch\u00ednh x\u00e1c v\u00e0 \u0111\u01b0\u1ee3c ki\u1ec3m so\u00e1t h\u01a1n. B\u1ec1 m\u1eb7t ti\u00ean ti\u1ebfn n\u00e0y \u0111\u1ea3m b\u1ea3o hi\u1ec7u su\u1ea5t nh\u1ea5t qu\u00e1n v\u00e0 l\u1ee3i th\u1ebf c\u1ea1nh tranh, ngay c\u1ea3 khi ch\u01a1i trong th\u1eddi gian d\u00e0i.<\/p>\n<p style=\"text-align:center\"><img decoding=\"async\" alt=\"B\u1ec0 M\u1eb6T INFINIGRIT T\u0102NG \u0110\u1ed8 B\u1ec0N G\u1ea4P 3 L\u1ea6N\" class=\"lazy\" src=\"http:\/\/pickle-ball.vn\/wp-content\/uploads\/2024\/11\/be-mat-infinigrit-tang-do-ben-gap-3-lan.webp\" style=\"height:1000px;width:800px\" title=\"be-mat-infinigrit-tang-do-ben-gap-3-lan\"><\/p>\n<p><strong>L\u1edaP L\u01af\u1edaI TITAN \u0110ANG CH\u1edc C\u1ea4P B\u1eb0NG S\u00c1NG CH\u1ebe<\/strong><br \/>\nC\u1ea5u tr\u00fac ti\u00ean ti\u1ebfn n\u00e0y c\u00f3 l\u1edbp l\u01b0\u1edbi titan \u0111\u01b0\u1ee3c \u0111\u1ecbnh v\u1ecb chi\u1ebfn l\u01b0\u1ee3c gi\u1eefa l\u1edbp l\u00f5i v\u00e0 l\u1edbp ngo\u00e0i, mang l\u1ea1i c\u1ea3m gi\u00e1c v\u00e0 hi\u1ec7u su\u1ea5t \u0111\u1eb7c bi\u1ec7t. L\u01b0\u1edbi titan c\u1ee9ng c\u00e1p t\u0103ng c\u01b0\u1eddng \u0111\u1ed9 c\u1ee9ng c\u1ee7a v\u1ee3t \u0111\u1ed3ng th\u1eddi b\u1ed5 sung ho\u00e0n h\u1ea3o cho kh\u1ea3 n\u0103ng ph\u1ea3n h\u1ed3i \u0111\u1eb7c bi\u1ec7t c\u1ee7a m\u1eb7t v\u1ee3t Florek Carbon Fiber. S\u1ef1 k\u1ebft h\u1ee3p \u0111\u1ed9c \u0111\u00e1o n\u00e0y mang l\u1ea1i \u0111\u1ed9 ch\u00ednh x\u00e1c, kh\u1ea3 n\u0103ng ki\u1ec3m so\u00e1t v\u00e0 s\u1ee9c m\u1ea1nh, mang \u0111\u1ebfn cho ng\u01b0\u1eddi ch\u01a1i l\u1ee3i th\u1ebf c\u1ea1nh tranh.<\/p>\n<p style=\"text-align:center\"><img decoding=\"async\" alt=\"L\u1edaP L\u01af\u1edaI TITAN \u0110ANG CH\u1edc C\u1ea4P B\u1eb0NG S\u00c1NG CH\u1ebe\" class=\"lazy\" src=\"http:\/\/pickle-ball.vn\/wp-content\/uploads\/2024\/11\/lop-luoi-titan-dang-cho-cap-bang-sang-che.webp\" style=\"height:869px;width:800px\" title=\"lop-luoi-titan-dang-cho-cap-bang-sang-che\"><\/p>\n<p><strong>\u0110\u00c3 C\u1eacP NH\u1eacT WING AIR DYNAMIC THROAT<\/strong><br \/>\n\u0110\u01b0\u1ee3c ph\u00e1t tri\u1ec3n t\u1ea1i Selkirk Labs trong D\u1ef1 \u00e1n 002 v\u00e0 \u0111\u01b0\u1ee3c t\u1ed1i \u01b0u h\u00f3a h\u01a1n n\u1eefa cho D\u1ef1 \u00e1n 007, Air Dynamic Throat c\u00f3 thi\u1ebft k\u1ebf c\u00e1nh \u0111\u01b0\u1ee3c c\u1eadp nh\u1eadt gi\u00fap t\u0103ng c\u01b0\u1eddng lu\u1ed3ng kh\u00f4ng kh\u00ed, cho ph\u00e9p t\u1ed1c \u0111\u1ed9 vung nhanh h\u01a1n v\u00e0 ki\u1ec3m so\u00e1t b\u00f3ng t\u1ed1t h\u01a1n. Thi\u1ebft k\u1ebf tinh ch\u1ec9nh n\u00e0y cung c\u1ea5p \u0111\u1ed9 u\u1ed1n cong t\u1ed1i \u0111a, cho ph\u00e9p ng\u01b0\u1eddi ch\u01a1i t\u1ea1o ra s\u1ee9c m\u1ea1nh b\u00f9ng n\u1ed5 trong khi v\u1eabn duy tr\u00ec v\u1ecb tr\u00ed \u0111\u00e1nh ch\u00ednh x\u00e1c.<\/p>\n<p><strong>M\u1eb6T CARBON FLOREK<\/strong><br \/>\nFlorek Carbon Fiber l\u00e0 h\u1ed7n h\u1ee3p s\u1ee3i carbon \u0111\u1ed9c quy\u1ec1n c\u1ee7a Selkirk, ban \u0111\u1ea7u \u0111\u01b0\u1ee3c ph\u00e1t tri\u1ec3n cho LUXX Control Air, mang l\u1ea1i kh\u1ea3 n\u0103ng ki\u1ec3m so\u00e1t \u0111\u1eb7c bi\u1ec7t v\u1edbi s\u1ee9c m\u1ea1nh b\u1ed5 sung. Th\u00e0nh ph\u1ea7n s\u1ee3i ti\u00ean ti\u1ebfn n\u00e0y t\u0103ng c\u01b0\u1eddng \u0111i\u1ec3m ng\u1ecdt cho hi\u1ec7u su\u1ea5t nh\u1ea5t qu\u00e1n v\u1edbi m\u1ed7i c\u00fa \u0111\u00e1nh. K\u1ebft h\u1ee3p v\u1edbi Titanium Mesh Core, Florek Carbon Face mang l\u1ea1i kh\u1ea3 n\u0103ng ki\u1ec3m so\u00e1t ch\u00ednh x\u00e1c, trong khi h\u1ec7 th\u1ed1ng l\u01b0\u1edbi g\u00f3p ph\u1ea7n t\u0103ng s\u1ee9c m\u1ea1nh.<\/p>\n<p style=\"text-align:center\"><img decoding=\"async\" alt=\"M\u1eb6T CARBON FLOREK\" class=\"lazy\" src=\"http:\/\/pickle-ball.vn\/wp-content\/uploads\/2024\/11\/mat-carbon-florek.webp\" style=\"height:835px;width:800px\" title=\"mat-carbon-florek\"><\/p>\n<p><strong>TAY C\u1ea6M H\u00ccNH B\u00c1T GI\u00c1C<\/strong><br \/>\n\u0110\u01b0\u1ee3c thi\u1ebft k\u1ebf \u0111\u1ec3 t\u0103ng c\u01b0\u1eddng kh\u1ea3 n\u0103ng ki\u1ec3m so\u00e1t, b\u00e1ng c\u1ea7m h\u00ecnh b\u00e1t gi\u00e1c mang \u0111\u1ebfn cho b\u1ea1n kh\u1ea3 n\u0103ng \u0111i\u1ec1u khi\u1ec3n v\u00e0 \u0111\u1ed9 ch\u00ednh x\u00e1c cao h\u01a1n khi \u0111\u00e1nh b\u00f3ng tr\u00ean s\u00e2n.<\/p>\n<p style=\"text-align:center\"><img decoding=\"async\" alt=\"TAY C\u1ea6M H\u00ccNH B\u00c1T GI\u00c1C\" class=\"lazy\" src=\"http:\/\/pickle-ball.vn\/wp-content\/uploads\/2024\/11\/tay-cam-hinh-bat-giac.webp\" style=\"height:700px;width:800px\" title=\"tay-cam-hinh-bat-giac\"><\/p>\n<h3><strong>Th\u00f4ng s\u1ed1 k\u1ef9 thu\u1eadt c\u1ee7a V\u1ee3t Pickleball Selkirk Labs Project 007 14mm<\/strong><\/h3>\n<ul>\n<li>Tr\u00ecnh \u0111\u1ed9 k\u1ef9 n\u0103ng: Trung c\u1ea5p \u0111\u1ebfn Chuy\u00ean nghi\u1ec7p<\/li>\n<li>Tr\u1ecdng l\u01b0\u1ee3ng trung b\u00ecnh: 7,9 &#8211; 8,4 oz<\/li>\n<li>Chi\u1ec1u d\u00e0i tay c\u1ea7m: 5,25\u201d<\/li>\n<li>Ki\u1ec3u tay c\u1ea7m: B\u00e1t gi\u00e1c<\/li>\n<li>Chu vi tay c\u1ea7m: 4,25\u201d<\/li>\n<li>Chi\u1ec1u cao v\u1ee3t: 15,9\u201d<\/li>\n<li>Chi\u1ec1u r\u1ed9ng v\u1ee3t: 7,85\u201d<\/li>\n<li>\u0110\u1ed9 d\u00e0y l\u00f5i: 14mm<\/li>\n<li>V\u1eadt li\u1ec7u l\u00f5i: Polypropylene t\u1ed5 ong v\u1edbi h\u1ec7 th\u1ed1ng l\u1edbp l\u01b0\u1edbi titan \u0111ang ch\u1edd c\u1ea5p b\u1eb1ng s\u00e1ng ch\u1ebf<\/li>\n<li>K\u00edch th\u01b0\u1edbc \u0111i\u1ec3m ng\u1ecdt: 8<\/li>\n<li>L\u1eafp r\u00e1p t\u1ea1i Hoa K\u1ef3<\/li>\n<li>B\u1ea3o h\u00e0nh 2 n\u0103m c\u1ee7a Selkirk LABS<\/li>\n<\/ul><\/div>\n<\/p><\/div>","protected":false},"excerpt":{"rendered":"<ul class=\"list-unstyled params\">\n<li class=\"btt\">Th\u00f4ng tin s\u1ea3n ph\u1ea9m:<\/li>\n<li class=\"dyn\">\n                                            <span class=\"n\">Th\u01b0\u01a1ng hi\u1ec7u:<\/span><br \/>\n\t\t\t\t\t\t\t\t\t\t\t<span class=\"v\"><b>Selkirk<\/b><\/span>\n                                        <\/li>\n<li class=\"dyn\">\n                                            <span class=\"n\">Number order:<\/span><br \/>\n\t\t\t\t\t\t\t\t\t\t\t<span class=\"v\">007-14<\/span>\n                                        <\/li>\n<li class=\"dyn\">\n                                            <span class=\"n\">Nh\u00e0 cung c\u1ea5p:<\/span><br \/>\n                                            \t\t\t\t\t\t\t\t\t\t\t<span class=\"v\">Pickleball Vi\u1ec7t Nam<\/span>\n\t\t\t\t\t\t\t\t\t\t\t                                        <\/li>\n<li class=\"dyn\">\n                                            <span class=\"n\">Lo\u1ea1i s\u1ea3n ph\u1ea9m:<\/span><br \/>\n                                            <span class=\"v\">V\u1ee3t c\u00f4ng, th\u1ee7<\/span>\n                                        <\/li>\n<li class=\"dyn\">\n                                            <span class=\"n\">Ch\u1ea5t li\u1ec7u:<\/span><br \/>\n                                            <span class=\"v\">Polypropylene + Titan<\/span>\n                                        <\/li>\n<li class=\"separator\">\n                                        <\/li>\n<li>\n                                            <span class=\"n\">Tr\u1ea1ng th\u00e1i:<\/span><br \/>\n                                            <span class=\"v\" style=\"font-weight:700;color: #d7000e\">\u0110\u1eb7t mua tr\u01b0\u1edbc<\/span>\n                                        <\/li>\n<li>\n                                            <span class=\"n\">\u0110\u1ed9 d\u00e0y:<\/span><br \/>\n                                            <span class=\"v\">14mm<\/span>\n                                        <\/li>\n<li>\n                                            <span class=\"n\">Tr\u1ecdng l\u01b0\u1ee3ng:<\/span><br \/>\n                                            <span class=\"v\">238g<\/span>\n                                        <\/li>\n<li>\n                                            <span class=\"n\">T\u00ecnh tr\u1ea1ng:<\/span><br \/>\n                                            <span class=\"v\">M\u1edbi 100%<\/span>\n                                        <\/li>\n<li>\n                                            <span class=\"n\">B\u1ea3o h\u00e0nh:<\/span><br \/>\n                                            <span class=\"v\">Ch\u00ednh h\u00e3ng<\/span>\n                                        <\/li>\n<li>\n<p>                                            <span class=\"n\">Giao h\u00e0ng:<\/span><br \/>\n                                            <span class=\"v\">To\u00e0n qu\u1ed1c<\/span>\n                                        <\/li>\n<\/ul>","protected":false},"featured_media":15698,"comment_status":"closed","ping_status":"closed","template":"","meta":[],"pwb-brand":[3742],"product_cat":[2836],"product_tag":[3643,3248,3445,25,3690,55,3802,3803,3804,3805,3417,3691],"class_list":{"0":"post-15697","1":"product","2":"type-product","3":"status-publish","4":"has-post-thumbnail","6":"pwb-brand-selkirk","7":"product_cat-vot-pickleball","8":"product_tag-14mm","9":"product_tag-bong","10":"product_tag-luoi","11":"product_tag-man","12":"product_tag-pickleball-selkirk","13":"product_tag-run","14":"product_tag-selkirk-labs","15":"product_tag-selkirk-labs-project","16":"product_tag-selkirk-labs-project-007","17":"product_tag-selkirk-labs-project-007-14mm","18":"product_tag-vot-pickleball","19":"product_tag-vot-pickleball-selkirk","21":"first","22":"instock","23":"shipping-taxable","24":"product-type-simple"},"yoast_head":"<!-- This site is optimized with the Yoast SEO plugin v22.9 - https:\/\/yoast.com\/wordpress\/plugins\/seo\/ -->\n<title>V\u1ee3t PickleballSelkirk Labs Project 007 14mm - PickleBall Vi\u1ec7t Nam<\/title>\n<meta name=\"robots\" content=\"index, follow, max-snippet:-1, max-image-preview:large, max-video-preview:-1\" \/>\n<link rel=\"canonical\" href=\"http:\/\/pickle-ball.vn\/ja\/-product-\/vot-pickleball\/vot-pickleball-selkirk-labs-project-007-14mm\/\" \/>\n<meta name=\"twitter:label1\" content=\"\u63a8\u5b9a\u8aad\u307f\u53d6\u308a\u6642\u9593\" \/>\n\t<meta name=\"twitter:data1\" content=\"7\u5206\" \/>\n<script type=\"application\/ld+json\" class=\"yoast-schema-graph\">{\"@context\":\"https:\/\/schema.org\",\"@graph\":[{\"@type\":\"WebPage\",\"@id\":\"http:\/\/pickle-ball.vn\/ur\/-product-\/vot-pickleball\/vot-pickleball-selkirk-labs-project-007-14mm\/\",\"url\":\"http:\/\/pickle-ball.vn\/ur\/-product-\/vot-pickleball\/vot-pickleball-selkirk-labs-project-007-14mm\/\",\"name\":\"V\u1ee3t PickleballSelkirk Labs Project 007 14mm - PickleBall Vi\u1ec7t Nam\",\"isPartOf\":{\"@id\":\"https:\/\/pickle-ball.vn\/ja\/#website\"},\"primaryImageOfPage\":{\"@id\":\"http:\/\/pickle-ball.vn\/ur\/-product-\/vot-pickleball\/vot-pickleball-selkirk-labs-project-007-14mm\/#primaryimage\"},\"image\":{\"@id\":\"http:\/\/pickle-ball.vn\/ur\/-product-\/vot-pickleball\/vot-pickleball-selkirk-labs-project-007-14mm\/#primaryimage\"},\"thumbnailUrl\":\"https:\/\/pickle-ball.vn\/wp-content\/uploads\/2024\/11\/selkirk-labs-project-007-14mm_720x720xcrop.webp\",\"datePublished\":\"2024-11-12T07:30:35+00:00\",\"dateModified\":\"2024-11-12T07:31:00+00:00\",\"breadcrumb\":{\"@id\":\"http:\/\/pickle-ball.vn\/ur\/-product-\/vot-pickleball\/vot-pickleball-selkirk-labs-project-007-14mm\/#breadcrumb\"},\"inLanguage\":\"ja\",\"potentialAction\":[{\"@type\":\"ReadAction\",\"target\":[\"http:\/\/pickle-ball.vn\/ur\/-product-\/vot-pickleball\/vot-pickleball-selkirk-labs-project-007-14mm\/\"]}]},{\"@type\":\"ImageObject\",\"inLanguage\":\"ja\",\"@id\":\"http:\/\/pickle-ball.vn\/ur\/-product-\/vot-pickleball\/vot-pickleball-selkirk-labs-project-007-14mm\/#primaryimage\",\"url\":\"https:\/\/pickle-ball.vn\/wp-content\/uploads\/2024\/11\/selkirk-labs-project-007-14mm_720x720xcrop.webp\",\"contentUrl\":\"https:\/\/pickle-ball.vn\/wp-content\/uploads\/2024\/11\/selkirk-labs-project-007-14mm_720x720xcrop.webp\",\"width\":720,\"height\":720,\"caption\":\"Selkirk Labs Project 007 14mm\"},{\"@type\":\"BreadcrumbList\",\"@id\":\"http:\/\/pickle-ball.vn\/ur\/-product-\/vot-pickleball\/vot-pickleball-selkirk-labs-project-007-14mm\/#breadcrumb\",\"itemListElement\":[{\"@type\":\"ListItem\",\"position\":1,\"name\":\"Home\",\"item\":\"https:\/\/pickle-ball.vn\/ja\/\"},{\"@type\":\"ListItem\",\"position\":2,\"name\":\"Shop\",\"item\":\"https:\/\/pickle-ball.vn\/vi\/shop\/\"},{\"@type\":\"ListItem\",\"position\":3,\"name\":\"V\u1ee3t PickleballSelkirk Labs Project 007 14mm\"}]},{\"@type\":\"WebSite\",\"@id\":\"https:\/\/pickle-ball.vn\/ja\/#website\",\"url\":\"https:\/\/pickle-ball.vn\/ja\/\",\"name\":\"Jabra\",\"description\":\"\",\"publisher\":{\"@id\":\"https:\/\/pickle-ball.vn\/ja\/#organization\"},\"potentialAction\":[{\"@type\":\"SearchAction\",\"target\":{\"@type\":\"EntryPoint\",\"urlTemplate\":\"https:\/\/pickle-ball.vn\/ja\/?s={search_term_string}\"},\"query-input\":\"required name=search_term_string\"}],\"inLanguage\":\"ja\"},{\"@type\":\"Organization\",\"@id\":\"https:\/\/pickle-ball.vn\/ja\/#organization\",\"name\":\"Jabra\",\"url\":\"https:\/\/pickle-ball.vn\/ja\/\",\"logo\":{\"@type\":\"ImageObject\",\"inLanguage\":\"ja\",\"@id\":\"https:\/\/pickle-ball.vn\/ja\/#\/schema\/logo\/image\/\",\"url\":\"\",\"contentUrl\":\"\",\"caption\":\"Jabra\"},\"image\":{\"@id\":\"https:\/\/pickle-ball.vn\/ja\/#\/schema\/logo\/image\/\"}}]}<\/script>\n<!-- \/ Yoast SEO plugin. -->","yoast_head_json":{"title":"V\u1ee3t PickleballSelkirk Labs Project 007 14mm - PickleBall Vi\u1ec7t Nam","robots":{"index":"index","follow":"follow","max-snippet":"max-snippet:-1","max-image-preview":"max-image-preview:large","max-video-preview":"max-video-preview:-1"},"canonical":"http:\/\/pickle-ball.vn\/ja\/-product-\/vot-pickleball\/vot-pickleball-selkirk-labs-project-007-14mm\/","twitter_misc":{"\u63a8\u5b9a\u8aad\u307f\u53d6\u308a\u6642\u9593":"7\u5206"},"schema":{"@context":"https:\/\/schema.org","@graph":[{"@type":"WebPage","@id":"http:\/\/pickle-ball.vn\/ur\/-product-\/vot-pickleball\/vot-pickleball-selkirk-labs-project-007-14mm\/","url":"http:\/\/pickle-ball.vn\/ur\/-product-\/vot-pickleball\/vot-pickleball-selkirk-labs-project-007-14mm\/","name":"V\u1ee3t PickleballSelkirk Labs Project 007 14mm - PickleBall Vi\u1ec7t Nam","isPartOf":{"@id":"https:\/\/pickle-ball.vn\/ja\/#website"},"primaryImageOfPage":{"@id":"http:\/\/pickle-ball.vn\/ur\/-product-\/vot-pickleball\/vot-pickleball-selkirk-labs-project-007-14mm\/#primaryimage"},"image":{"@id":"http:\/\/pickle-ball.vn\/ur\/-product-\/vot-pickleball\/vot-pickleball-selkirk-labs-project-007-14mm\/#primaryimage"},"thumbnailUrl":"https:\/\/pickle-ball.vn\/wp-content\/uploads\/2024\/11\/selkirk-labs-project-007-14mm_720x720xcrop.webp","datePublished":"2024-11-12T07:30:35+00:00","dateModified":"2024-11-12T07:31:00+00:00","breadcrumb":{"@id":"http:\/\/pickle-ball.vn\/ur\/-product-\/vot-pickleball\/vot-pickleball-selkirk-labs-project-007-14mm\/#breadcrumb"},"inLanguage":"ja","potentialAction":[{"@type":"ReadAction","target":["http:\/\/pickle-ball.vn\/ur\/-product-\/vot-pickleball\/vot-pickleball-selkirk-labs-project-007-14mm\/"]}]},{"@type":"ImageObject","inLanguage":"ja","@id":"http:\/\/pickle-ball.vn\/ur\/-product-\/vot-pickleball\/vot-pickleball-selkirk-labs-project-007-14mm\/#primaryimage","url":"https:\/\/pickle-ball.vn\/wp-content\/uploads\/2024\/11\/selkirk-labs-project-007-14mm_720x720xcrop.webp","contentUrl":"https:\/\/pickle-ball.vn\/wp-content\/uploads\/2024\/11\/selkirk-labs-project-007-14mm_720x720xcrop.webp","width":720,"height":720,"caption":"Selkirk Labs Project 007 14mm"},{"@type":"BreadcrumbList","@id":"http:\/\/pickle-ball.vn\/ur\/-product-\/vot-pickleball\/vot-pickleball-selkirk-labs-project-007-14mm\/#breadcrumb","itemListElement":[{"@type":"ListItem","position":1,"name":"Home","item":"https:\/\/pickle-ball.vn\/ja\/"},{"@type":"ListItem","position":2,"name":"Shop","item":"https:\/\/pickle-ball.vn\/vi\/shop\/"},{"@type":"ListItem","position":3,"name":"V\u1ee3t PickleballSelkirk Labs Project 007 14mm"}]},{"@type":"WebSite","@id":"https:\/\/pickle-ball.vn\/ja\/#website","url":"https:\/\/pickle-ball.vn\/ja\/","name":"Jabra","description":"","publisher":{"@id":"https:\/\/pickle-ball.vn\/ja\/#organization"},"potentialAction":[{"@type":"SearchAction","target":{"@type":"EntryPoint","urlTemplate":"https:\/\/pickle-ball.vn\/ja\/?s={search_term_string}"},"query-input":"required name=search_term_string"}],"inLanguage":"ja"},{"@type":"Organization","@id":"https:\/\/pickle-ball.vn\/ja\/#organization","name":"Jabra","url":"https:\/\/pickle-ball.vn\/ja\/","logo":{"@type":"ImageObject","inLanguage":"ja","@id":"https:\/\/pickle-ball.vn\/ja\/#\/schema\/logo\/image\/","url":"","contentUrl":"","caption":"Jabra"},"image":{"@id":"https:\/\/pickle-ball.vn\/ja\/#\/schema\/logo\/image\/"}}]}},"brands":[{"id":3742,"name":"Selkirk","slug":"selkirk"}],"_links":{"self":[{"href":"https:\/\/pickle-ball.vn\/ja\/wp-json\/wp\/v2\/product\/15697","targetHints":{"allow":["GET"]}}],"collection":[{"href":"https:\/\/pickle-ball.vn\/ja\/wp-json\/wp\/v2\/product"}],"about":[{"href":"https:\/\/pickle-ball.vn\/ja\/wp-json\/wp\/v2\/types\/product"}],"replies":[{"embeddable":true,"href":"https:\/\/pickle-ball.vn\/ja\/wp-json\/wp\/v2\/comments?post=15697"}],"wp:featuredmedia":[{"embeddable":true,"href":"https:\/\/pickle-ball.vn\/ja\/wp-json\/wp\/v2\/media\/15698"}],"wp:attachment":[{"href":"https:\/\/pickle-ball.vn\/ja\/wp-json\/wp\/v2\/media?parent=15697"}],"wp:term":[{"taxonomy":"pwb-brand","embeddable":true,"href":"https:\/\/pickle-ball.vn\/ja\/wp-json\/wp\/v2\/pwb-brand?post=15697"},{"taxonomy":"product_cat","embeddable":true,"href":"https:\/\/pickle-ball.vn\/ja\/wp-json\/wp\/v2\/product_cat?post=15697"},{"taxonomy":"product_tag","embeddable":true,"href":"https:\/\/pickle-ball.vn\/ja\/wp-json\/wp\/v2\/product_tag?post=15697"}],"curies":[{"name":"wp","href":"https:\/\/api.w.org\/{rel}","templated":true}]}}