{"id":16266,"date":"2025-02-21T19:15:06","date_gmt":"2025-02-21T12:15:06","guid":{"rendered":"http:\/\/pickle-ball.vn\/-product-\/uncategorized\/mu-pickleball-joola-essential-cap-black\/"},"modified":"2025-02-21T19:15:24","modified_gmt":"2025-02-21T12:15:24","slug":"mu-pickleball-joola-essential-cap-black","status":"publish","type":"product","link":"https:\/\/pickle-ball.vn\/ja\/-product-\/phu-kien-pickleball\/mu-pickleball-joola-essential-cap-black\/","title":{"rendered":"M\u0169 Pickleball Joola Essential Cap Black"},"content":{"rendered":"<div role=\"tabpanel\" class=\"tab-pane active\" id=\"tab-product-info\">\n<div class=\"vh-content\">\n<h2><strong>M\u0169 Pickleball Joola Essential Cap Black<\/strong><\/h2>\n<p>M\u0169 Pickleball Joola Essential Cap Black bi\u1ec3u t\u01b0\u1ee3ng th\u01b0\u01a1ng hi\u1ec7u \u0111\u1eb7c tr\u01b0ng c\u1ee7a JOOLA v\u00e0 d\u00e2y \u0111eo c\u00f3 th\u1ec3 \u0111i\u1ec1u ch\u1ec9nh d\u1ec5 s\u1eed d\u1ee5ng gi\u00fap gi\u1eef m\u0169 c\u1ed1 \u0111\u1ecbnh. \u0110\u01b0\u1ee3c trang b\u1ecb l\u1edbp ho\u00e0n thi\u1ec7n th\u1ea5m m\u1ed3 h\u00f4i v\u00e0 l\u01b0\u1edbi th\u1ea5m m\u1ed3 h\u00f4i b\u00ean trong gi\u00fap b\u1ea1n lu\u00f4n m\u00e1t m\u1ebb v\u00e0 tho\u1ea3i m\u00e1i b\u1ea5t k\u1ec3 \u0111i\u1ec1u g\u00ec x\u1ea3y ra.<\/p>\n<p>&#8211; D\u00e2y \u0111eo c\u00f3 th\u1ec3 \u0111i\u1ec1u ch\u1ec9nh v\u1edbi tab k\u00e9o c\u00f3 th\u01b0\u01a1ng hi\u1ec7u.<\/p>\n<p>&#8211; Chi ti\u1ebft th\u00eau th\u01b0\u01a1ng hi\u1ec7u.<\/p>\n<p>&#8211; L\u01b0\u1edbi th\u1ea5m m\u1ed3 h\u00f4i b\u00ean trong.<\/p>\n<p>&#8211; B\u1ea5c m\u1ed3 h\u00f4i.<\/p>\n<p>&#8211; Ch\u1ea5t li\u1ec7u: \u00a097% Polyester 3% Spandex.<\/p>\n<p>&#8211; Gi\u1eb7t tay theo h\u01b0\u1edbng d\u1eabn ch\u0103m s\u00f3c tr\u00ean nh\u00e3n.<\/p>\n<\/p><\/div>\n<\/p><\/div>","protected":false},"excerpt":{"rendered":"<ul class=\"list-unstyled params\">\n<li class=\"btt\">Th\u00f4ng tin s\u1ea3n ph\u1ea9m:<\/li>\n<li class=\"dyn\">\n                                            <span class=\"n\">Th\u01b0\u01a1ng hi\u1ec7u:<\/span><br \/>\n                                            <span class=\"v\" style=\"text-transform: uppercase\"><b>JOOLA<\/b><\/span>\n                                        <\/li>\n<li class=\"dyn\">\n                                            <span class=\"n\">Number order:<\/span><br \/>\n                                            <span class=\"v\">14564<\/span>\n                                        <\/li>\n<li class=\"dyn\">\n                                        <span class=\"n\">Nh\u00e0 cung c\u1ea5p:<\/span><br \/>\n                                                                                    <span class=\"v\">Pickleball Vi\u1ec7t Nam<\/span>\n                                                                            <\/li>\n<li class=\"dyn\">\n                                            <span class=\"n\">Lo\u1ea1i s\u1ea3n ph\u1ea9m:<\/span><br \/>\n                                            <span class=\"v\">M\u0169 Pickleball<\/span>\n                                        <\/li>\n<li class=\"dyn\">\n                                            <span class=\"n\">Ch\u1ea5t li\u1ec7u:<\/span><br \/>\n                                            <span class=\"v\">Polyester<\/span>\n                                        <\/li>\n<li class=\"separator\">\n                                    <\/li>\n<li>\n                                        <span class=\"n\">Tr\u1ea1ng th\u00e1i:<\/span><br \/>\n                                        <span class=\"v\" style=\"font-weight:700;color: #d7000e\">C\u00f3 s\u1eb5n h\u00e0ng<\/span>\n                                    <\/li>\n<li>\n                                        <span class=\"n\">T\u00ecnh tr\u1ea1ng:<\/span><br \/>\n                                        <span class=\"v\">M\u1edbi 100%<\/span>\n                                    <\/li>\n<li>\n                                        <span class=\"n\">B\u1ea3o h\u00e0nh:<\/span><br \/>\n                                        <span class=\"v\">Ch\u00ednh h\u00e3ng<\/span>\n                                    <\/li>\n<li>\n<p>                                        <span class=\"n\">Giao h\u00e0ng:<\/span><br \/>\n                                        <span class=\"v\">To\u00e0n qu\u1ed1c<\/span>\n                                    <\/li>\n<\/ul>","protected":false},"featured_media":16267,"comment_status":"closed","ping_status":"closed","template":"","meta":[],"pwb-brand":[3245],"product_cat":[3232],"product_tag":[4051,3445,4031,3648,4050],"class_list":{"0":"post-16266","1":"product","2":"type-product","3":"status-publish","4":"has-post-thumbnail","6":"pwb-brand-joola","7":"product_cat-phu-kien-pickleball","8":"product_tag-joola-essential-cap-black","9":"product_tag-luoi","10":"product_tag-mu-pickleball","11":"product_tag-mu-pickleball-joola","12":"product_tag-mu-pickleball-joola-essential-cap-black","14":"first","15":"instock","16":"shipping-taxable","17":"product-type-simple"},"yoast_head":"<!-- This site is optimized with the Yoast SEO plugin v22.9 - https:\/\/yoast.com\/wordpress\/plugins\/seo\/ -->\n<title>M\u0169 Pickleball Joola Essential Cap Black - PickleBall Vi\u1ec7t Nam<\/title>\n<meta name=\"robots\" content=\"index, follow, max-snippet:-1, max-image-preview:large, max-video-preview:-1\" \/>\n<link rel=\"canonical\" href=\"http:\/\/pickle-ball.vn\/ja\/-product-\/phu-kien-pickleball\/mu-pickleball-joola-essential-cap-black\/\" \/>\n<meta name=\"twitter:label1\" content=\"\u63a8\u5b9a\u8aad\u307f\u53d6\u308a\u6642\u9593\" \/>\n\t<meta name=\"twitter:data1\" content=\"1\u5206\" \/>\n<script type=\"application\/ld+json\" class=\"yoast-schema-graph\">{\"@context\":\"https:\/\/schema.org\",\"@graph\":[{\"@type\":\"WebPage\",\"@id\":\"http:\/\/pickle-ball.vn\/pt\/-product-\/phu-kien-pickleball\/mu-pickleball-joola-essential-cap-black\/\",\"url\":\"http:\/\/pickle-ball.vn\/pt\/-product-\/phu-kien-pickleball\/mu-pickleball-joola-essential-cap-black\/\",\"name\":\"M\u0169 Pickleball Joola Essential Cap Black - PickleBall Vi\u1ec7t Nam\",\"isPartOf\":{\"@id\":\"https:\/\/pickle-ball.vn\/ja\/#website\"},\"primaryImageOfPage\":{\"@id\":\"http:\/\/pickle-ball.vn\/pt\/-product-\/phu-kien-pickleball\/mu-pickleball-joola-essential-cap-black\/#primaryimage\"},\"image\":{\"@id\":\"http:\/\/pickle-ball.vn\/pt\/-product-\/phu-kien-pickleball\/mu-pickleball-joola-essential-cap-black\/#primaryimage\"},\"thumbnailUrl\":\"https:\/\/pickle-ball.vn\/wp-content\/uploads\/2025\/02\/mu-pickleball-joola-essential-cap-black-01-pixian-ai_720x720xcrop.webp\",\"datePublished\":\"2025-02-21T12:15:06+00:00\",\"dateModified\":\"2025-02-21T12:15:24+00:00\",\"breadcrumb\":{\"@id\":\"http:\/\/pickle-ball.vn\/pt\/-product-\/phu-kien-pickleball\/mu-pickleball-joola-essential-cap-black\/#breadcrumb\"},\"inLanguage\":\"ja\",\"potentialAction\":[{\"@type\":\"ReadAction\",\"target\":[\"http:\/\/pickle-ball.vn\/pt\/-product-\/phu-kien-pickleball\/mu-pickleball-joola-essential-cap-black\/\"]}]},{\"@type\":\"ImageObject\",\"inLanguage\":\"ja\",\"@id\":\"http:\/\/pickle-ball.vn\/pt\/-product-\/phu-kien-pickleball\/mu-pickleball-joola-essential-cap-black\/#primaryimage\",\"url\":\"https:\/\/pickle-ball.vn\/wp-content\/uploads\/2025\/02\/mu-pickleball-joola-essential-cap-black-01-pixian-ai_720x720xcrop.webp\",\"contentUrl\":\"https:\/\/pickle-ball.vn\/wp-content\/uploads\/2025\/02\/mu-pickleball-joola-essential-cap-black-01-pixian-ai_720x720xcrop.webp\",\"width\":720,\"height\":720,\"caption\":\"M\u0169 Pickleball Joola Essential Cap Black\"},{\"@type\":\"BreadcrumbList\",\"@id\":\"http:\/\/pickle-ball.vn\/pt\/-product-\/phu-kien-pickleball\/mu-pickleball-joola-essential-cap-black\/#breadcrumb\",\"itemListElement\":[{\"@type\":\"ListItem\",\"position\":1,\"name\":\"Home\",\"item\":\"https:\/\/pickle-ball.vn\/ja\/\"},{\"@type\":\"ListItem\",\"position\":2,\"name\":\"Shop\",\"item\":\"https:\/\/pickle-ball.vn\/vi\/shop\/\"},{\"@type\":\"ListItem\",\"position\":3,\"name\":\"M\u0169 Pickleball Joola Essential Cap Black\"}]},{\"@type\":\"WebSite\",\"@id\":\"https:\/\/pickle-ball.vn\/ja\/#website\",\"url\":\"https:\/\/pickle-ball.vn\/ja\/\",\"name\":\"Jabra\",\"description\":\"\",\"publisher\":{\"@id\":\"https:\/\/pickle-ball.vn\/ja\/#organization\"},\"potentialAction\":[{\"@type\":\"SearchAction\",\"target\":{\"@type\":\"EntryPoint\",\"urlTemplate\":\"https:\/\/pickle-ball.vn\/ja\/?s={search_term_string}\"},\"query-input\":\"required name=search_term_string\"}],\"inLanguage\":\"ja\"},{\"@type\":\"Organization\",\"@id\":\"https:\/\/pickle-ball.vn\/ja\/#organization\",\"name\":\"Jabra\",\"url\":\"https:\/\/pickle-ball.vn\/ja\/\",\"logo\":{\"@type\":\"ImageObject\",\"inLanguage\":\"ja\",\"@id\":\"https:\/\/pickle-ball.vn\/ja\/#\/schema\/logo\/image\/\",\"url\":\"\",\"contentUrl\":\"\",\"caption\":\"Jabra\"},\"image\":{\"@id\":\"https:\/\/pickle-ball.vn\/ja\/#\/schema\/logo\/image\/\"}}]}<\/script>\n<!-- \/ Yoast SEO plugin. -->","yoast_head_json":{"title":"M\u0169 Pickleball Joola Essential Cap Black - PickleBall Vi\u1ec7t Nam","robots":{"index":"index","follow":"follow","max-snippet":"max-snippet:-1","max-image-preview":"max-image-preview:large","max-video-preview":"max-video-preview:-1"},"canonical":"http:\/\/pickle-ball.vn\/ja\/-product-\/phu-kien-pickleball\/mu-pickleball-joola-essential-cap-black\/","twitter_misc":{"\u63a8\u5b9a\u8aad\u307f\u53d6\u308a\u6642\u9593":"1\u5206"},"schema":{"@context":"https:\/\/schema.org","@graph":[{"@type":"WebPage","@id":"http:\/\/pickle-ball.vn\/pt\/-product-\/phu-kien-pickleball\/mu-pickleball-joola-essential-cap-black\/","url":"http:\/\/pickle-ball.vn\/pt\/-product-\/phu-kien-pickleball\/mu-pickleball-joola-essential-cap-black\/","name":"M\u0169 Pickleball Joola Essential Cap Black - PickleBall Vi\u1ec7t Nam","isPartOf":{"@id":"https:\/\/pickle-ball.vn\/ja\/#website"},"primaryImageOfPage":{"@id":"http:\/\/pickle-ball.vn\/pt\/-product-\/phu-kien-pickleball\/mu-pickleball-joola-essential-cap-black\/#primaryimage"},"image":{"@id":"http:\/\/pickle-ball.vn\/pt\/-product-\/phu-kien-pickleball\/mu-pickleball-joola-essential-cap-black\/#primaryimage"},"thumbnailUrl":"https:\/\/pickle-ball.vn\/wp-content\/uploads\/2025\/02\/mu-pickleball-joola-essential-cap-black-01-pixian-ai_720x720xcrop.webp","datePublished":"2025-02-21T12:15:06+00:00","dateModified":"2025-02-21T12:15:24+00:00","breadcrumb":{"@id":"http:\/\/pickle-ball.vn\/pt\/-product-\/phu-kien-pickleball\/mu-pickleball-joola-essential-cap-black\/#breadcrumb"},"inLanguage":"ja","potentialAction":[{"@type":"ReadAction","target":["http:\/\/pickle-ball.vn\/pt\/-product-\/phu-kien-pickleball\/mu-pickleball-joola-essential-cap-black\/"]}]},{"@type":"ImageObject","inLanguage":"ja","@id":"http:\/\/pickle-ball.vn\/pt\/-product-\/phu-kien-pickleball\/mu-pickleball-joola-essential-cap-black\/#primaryimage","url":"https:\/\/pickle-ball.vn\/wp-content\/uploads\/2025\/02\/mu-pickleball-joola-essential-cap-black-01-pixian-ai_720x720xcrop.webp","contentUrl":"https:\/\/pickle-ball.vn\/wp-content\/uploads\/2025\/02\/mu-pickleball-joola-essential-cap-black-01-pixian-ai_720x720xcrop.webp","width":720,"height":720,"caption":"M\u0169 Pickleball Joola Essential Cap Black"},{"@type":"BreadcrumbList","@id":"http:\/\/pickle-ball.vn\/pt\/-product-\/phu-kien-pickleball\/mu-pickleball-joola-essential-cap-black\/#breadcrumb","itemListElement":[{"@type":"ListItem","position":1,"name":"Home","item":"https:\/\/pickle-ball.vn\/ja\/"},{"@type":"ListItem","position":2,"name":"Shop","item":"https:\/\/pickle-ball.vn\/vi\/shop\/"},{"@type":"ListItem","position":3,"name":"M\u0169 Pickleball Joola Essential Cap Black"}]},{"@type":"WebSite","@id":"https:\/\/pickle-ball.vn\/ja\/#website","url":"https:\/\/pickle-ball.vn\/ja\/","name":"Jabra","description":"","publisher":{"@id":"https:\/\/pickle-ball.vn\/ja\/#organization"},"potentialAction":[{"@type":"SearchAction","target":{"@type":"EntryPoint","urlTemplate":"https:\/\/pickle-ball.vn\/ja\/?s={search_term_string}"},"query-input":"required name=search_term_string"}],"inLanguage":"ja"},{"@type":"Organization","@id":"https:\/\/pickle-ball.vn\/ja\/#organization","name":"Jabra","url":"https:\/\/pickle-ball.vn\/ja\/","logo":{"@type":"ImageObject","inLanguage":"ja","@id":"https:\/\/pickle-ball.vn\/ja\/#\/schema\/logo\/image\/","url":"","contentUrl":"","caption":"Jabra"},"image":{"@id":"https:\/\/pickle-ball.vn\/ja\/#\/schema\/logo\/image\/"}}]}},"brands":[{"id":3245,"name":"Joola","slug":"joola"}],"_links":{"self":[{"href":"https:\/\/pickle-ball.vn\/ja\/wp-json\/wp\/v2\/product\/16266","targetHints":{"allow":["GET"]}}],"collection":[{"href":"https:\/\/pickle-ball.vn\/ja\/wp-json\/wp\/v2\/product"}],"about":[{"href":"https:\/\/pickle-ball.vn\/ja\/wp-json\/wp\/v2\/types\/product"}],"replies":[{"embeddable":true,"href":"https:\/\/pickle-ball.vn\/ja\/wp-json\/wp\/v2\/comments?post=16266"}],"wp:featuredmedia":[{"embeddable":true,"href":"https:\/\/pickle-ball.vn\/ja\/wp-json\/wp\/v2\/media\/16267"}],"wp:attachment":[{"href":"https:\/\/pickle-ball.vn\/ja\/wp-json\/wp\/v2\/media?parent=16266"}],"wp:term":[{"taxonomy":"pwb-brand","embeddable":true,"href":"https:\/\/pickle-ball.vn\/ja\/wp-json\/wp\/v2\/pwb-brand?post=16266"},{"taxonomy":"product_cat","embeddable":true,"href":"https:\/\/pickle-ball.vn\/ja\/wp-json\/wp\/v2\/product_cat?post=16266"},{"taxonomy":"product_tag","embeddable":true,"href":"https:\/\/pickle-ball.vn\/ja\/wp-json\/wp\/v2\/product_tag?post=16266"}],"curies":[{"name":"wp","href":"https:\/\/api.w.org\/{rel}","templated":true}]}}