{"id":14820,"date":"2024-11-04T12:55:47","date_gmt":"2024-11-04T05:55:47","guid":{"rendered":"http:\/\/pickle-ball.vn\/-product-\/uncategorized\/vot-pickleball-joola-ben-johns-hyperion-3s-14mm\/"},"modified":"2024-11-04T12:55:57","modified_gmt":"2024-11-04T05:55:57","slug":"vot-pickleball-joola-ben-johns-hyperion-3s-14mm","status":"publish","type":"product","link":"https:\/\/pickle-ball.vn\/pt\/-product-\/vot-pickleball\/vot-pickleball-joola-ben-johns-hyperion-3s-14mm\/","title":{"rendered":"V\u1ee3t PickleballJoola Ben Johns Hyperion 3S 14mm"},"content":{"rendered":"<div role=\"tabpanel\" class=\"tab-pane active\" id=\"tab-product-info\">\n<div class=\"vh-content\">\n<h2><strong>Joola Ben Johns Hyperion 3S 14mm UPA-A Certified ch\u00ednh h\u00e3ng<\/strong><\/h2>\n<p>V\u1ee3t pickleball Joola gen 3S Ben Johns Hyperion 14mm c\u00f3 ch\u1ee9ng nh\u1eadn UPA-A Certified cho c\u00e1c gi\u1ea3i \u0111\u1ea5u tr\u00ean to\u00e0n th\u1ebf gi\u1edbi, s\u1ea3n ph\u1ea9m ch\u00ednh h\u00e3ng \u0111\u01b0\u1ee3c ph\u00e2n ph\u1ed1i b\u1edfi Pickleball Vi\u1ec7t Nam<\/p>\n<p style=\"text-align:center\"><img decoding=\"async\" alt=\"Ben Johns Hyperion 14mm Joola Gen 3S UPA-A Certified ch\u00ednh h\u00e3ng\" class=\"lazy\" src=\"http:\/\/pickle-ball.vn\/wp-content\/uploads\/2024\/11\/ben-johns-hyperion-14mm-gen3s.webp\" style=\"height:904px;width:820px\" title=\"ben-johns-hyperion-14mm-gen3s\"><\/p>\n<p>Joola t\u1ef1 h\u00e0o gi\u1edbi thi\u1ec7u b\u1ed9 s\u1ea3n ph\u1ea9m v\u1ee3t hi\u1ec7u su\u1ea5t m\u1edbi nh\u1ea5t c\u1ee7a m\u00ecnh, \u0111\u01b0\u1ee3c thi\u1ebft k\u1ebf \u0111\u1ec3 cung c\u1ea5p s\u1ef1 \u1ed5n \u0111\u1ecbnh, s\u1ee9c m\u1ea1nh v\u00e0 c\u1ea5u tr\u00fac v\u01b0\u1ee3t tr\u1ed9i m\u00e0 b\u1ea1n c\u00f3 th\u1ec3 d\u1ec5 d\u00e0ng nh\u1eadn th\u1ea5y, nghe th\u1ea5y v\u00e0 c\u1ea3m nh\u1eadn. S\u1ea3n ph\u1ea9m \u0111\u01b0\u1ee3c ch\u1ebf t\u1ea1o \u0111\u1ec3 b\u1ec1n l\u00e2u v\u00e0 n\u1ed5i b\u1eadt m\u00e0 kh\u00f4ng c\u1ea7n ph\u1ea3i hy sinh ch\u1ea5t l\u01b0\u1ee3ng, d\u00f2ng JOOLA 3S \u0111\u01b0\u1ee3c c\u00e1c v\u1eadn \u0111\u1ed9ng vi\u00ean h\u00e0ng \u0111\u1ea7u trong l\u0129nh v\u1ef1c n\u00e0y l\u1ef1a ch\u1ecdn. Nh\u1eefng chi\u1ebfc v\u1ee3t n\u00e0y t\u00f4n vinh s\u1ef1 ph\u00e1t tri\u1ec3n c\u1ee7a m\u00f4n th\u1ec3 thao c\u0169ng nh\u01b0 s\u1ef1 m\u1edf r\u1ed9ng c\u1ee7a cu\u1ed9c thi Pickleball tr\u00ean to\u00e0n c\u1ea7u. V\u1edbi s\u1ef1 k\u1ebft h\u1ee3p ho\u00e0n h\u1ea3o gi\u1eefa s\u1ee9c m\u1ea1nh, kh\u1ea3 n\u0103ng ph\u1ee5c h\u1ed3i v\u00e0 ki\u1ec3m so\u00e1t, d\u00f2ng s\u1ea3n ph\u1ea9m JOOLA 3S gi\u00fap b\u1ea1n khai th\u00e1c t\u1ed1i \u0111a ti\u1ec1m n\u0103ng c\u1ee7a b\u1ea3n th\u00e2n tr\u00ean s\u00e2n, n\u00e2ng cao tr\u00ecnh \u0111\u1ed9 ch\u01a1i c\u1ee7a b\u1ea1n l\u00ean m\u1ed9t b\u01b0\u1edbc m\u1edbi.<\/p>\n<p style=\"text-align:center\"><img decoding=\"async\" alt=\"Joola Ben Johns Hyperion 14mm Joola Gen 3S\" class=\"lazy\" src=\"http:\/\/pickle-ball.vn\/wp-content\/uploads\/2024\/11\/ben-johns-hyperion-3s-14mm.webp\" style=\"height:804px;width:800px\" title=\"ben-johns-hyperion-3s-14mm\"><\/p>\n<p style=\"text-align:center\"><img decoding=\"async\" alt=\"Ben Johns Hyperion 14mm Joola Gen 3S\" class=\"lazy\" src=\"http:\/\/pickle-ball.vn\/wp-content\/uploads\/2024\/11\/ben-johns-hyperion-3s-14mm-1.webp\" style=\"height:800px;width:800px\" title=\"ben-johns-hyperion-3s-14mm-1\"><\/p>\n<p style=\"text-align:center\"><img decoding=\"async\" alt=\"Ben Johns Hyperion 14mm Joola Gen 3S\" class=\"lazy\" src=\"http:\/\/pickle-ball.vn\/wp-content\/uploads\/2024\/11\/ben-johns-hyperion-3s-14mm-2.webp\" style=\"height:805px;width:800px\" title=\"ben-johns-hyperion-3s-14mm-2\"><\/p>\n<p style=\"text-align:center\"><img decoding=\"async\" alt=\"Ben Johns Hyperion 14mm Joola Gen 3S\" class=\"lazy\" src=\"http:\/\/pickle-ball.vn\/wp-content\/uploads\/2024\/11\/ben-johns-hyperion-3s-14mm-3.webp\" style=\"height:792px;width:800px\" title=\"ben-johns-hyperion-3s-14mm-3\"><\/p>\n<p style=\"text-align:center\"><img decoding=\"async\" alt=\"Ben Johns Hyperion 14mm Joola Gen 3S\" class=\"lazy\" src=\"http:\/\/pickle-ball.vn\/wp-content\/uploads\/2024\/11\/hyperion-14mm-gen3s.webp\" style=\"height:637px;width:820px\" title=\"hyperion-14mm-gen3s\"><\/p>\n<p style=\"text-align:center\"><img decoding=\"async\" alt=\"Joola Ben Johns Hyperion 14mm Joola Gen 3S\" class=\"lazy\" src=\"http:\/\/pickle-ball.vn\/wp-content\/uploads\/2024\/11\/hyperion-14mm-gen3s-2.webp\" style=\"height:608px;width:820px\" title=\"hyperion-14mm-gen3s-2\"><\/p>\n<p style=\"text-align:center\"><strong>Ben Johns Hyperion 14mm Joola Gen 3S<\/strong><\/p>\n<p>JOOLA 3S m\u1edbi \u0111\u01b0\u1ee3c thi\u1ebft k\u1ebf v\u1edbi v\u1ebb \u0111\u1eb9p sang tr\u1ecdng v\u00e0 \u0111\u1ed9 \u1ed5n \u0111\u1ecbnh cao, \u0111i k\u00e8m v\u1edbi s\u1ee9c m\u1ea1nh \u1ea5n t\u01b0\u1ee3ng.<\/p>\n<h3><strong>L\u00f5i \u0111\u1ea9y \u0111\u1ed9c quy\u1ec1n Joola<\/strong><\/h3>\n<p>L\u00f5i \u0111\u1ea9y \u0111ang ch\u1edd c\u1ea5p b\u1eb1ng s\u00e1ng ch\u1ebf cho ph\u00e9p t\u1ea1o ra s\u1ee9c m\u1ea1nh b\u00f9ng n\u1ed5, ph\u1ea3n c\u00f4ng v\u00e0 t\u0103ng t\u1ed1c, nh\u01b0ng v\u1eabn mang l\u1ea1i c\u1ea3m gi\u00e1c v\u00e0 kh\u1ea3 n\u0103ng ki\u1ec3m so\u00e1t tinh t\u1ebf khi \u0111\u1eb7t l\u1ea1i, th\u1ea3 v\u00e0 tr\u01b0\u1ee3t.<\/p>\n<h3><strong>Chip NFC c\u00f3 th\u1ec3 truy c\u1eadp<\/strong><\/h3>\n<p>M\u1edf kh\u00f3a tr\u1ea3i nghi\u1ec7m JOOLA v\u1edbi v\u1ee3t pickleball c\u00f3 chip NFC. Ch\u1ea1m \u0111i\u1ec7n tho\u1ea1i v\u00e0o tay c\u1ea7m \u0111\u1ec3 x\u00e1c th\u1ef1c v\u1ee3t c\u1ee7a b\u1ea1n v\u00e0 m\u1edf kh\u00f3a tr\u1ea3i nghi\u1ec7m s\u1ea3n ph\u1ea9m \u0111\u1ed9c quy\u1ec1n th\u00f4ng qua JOOLA Connect.<\/p>\n<h3><strong>H\u00ecnh d\u1ea1ng k\u00e9o d\u00e0i<\/strong><\/h3>\n<p>B\u1ec1 m\u1eb7t \u0111\u00e1nh b\u00f3ng d\u00e0i h\u01a1n k\u1ebft h\u1ee3p v\u1edbi tay c\u1ea7m ng\u1eafn h\u01a1n \u0111\u1ec3 t\u0103ng th\u00eam l\u1ef1c v\u00e0 ph\u1ea1m vi \u0111\u00e1nh.<\/p>\n<h3><strong>B\u1ec1 m\u1eb7t cacbon t\u00edch \u0111i\u1ec7n<\/strong><\/h3>\n<p>M\u1ed9t ph\u01b0\u01a1ng ph\u00e1p x\u1eed l\u00fd li\u00ean k\u1ebft ph\u1ee5 gia gi\u00fap t\u0103ng c\u01b0\u1eddng b\u1ec1 m\u1eb7t c\u1ee7a v\u1ee3t pickleball \u0111\u1ec3 mang l\u1ea1i c\u1ea3m gi\u00e1c s\u1eafc n\u00e9t h\u01a1n v\u1edbi kh\u1ea3 n\u0103ng ph\u1ea3n h\u1ed3i n\u0103ng l\u01b0\u1ee3ng l\u1edbn h\u01a1n. Mang l\u1ea1i ph\u1ea3n h\u1ed3i \u1ea5n t\u01b0\u1ee3ng v\u1edbi ph\u1ea3n \u1ee9ng m\u1ea1nh m\u1ebd h\u01a1n.<\/p>\n<p>Catalog Joola Ben Johns Hyperion 3S 14mm<\/p>\n<\/p><\/div>\n<\/p><\/div>","protected":false},"excerpt":{"rendered":"<ul class=\"list-unstyled params\">\n<li class=\"btt\">Th\u00f4ng tin s\u1ea3n ph\u1ea9m:<\/li>\n<li class=\"dyn\">\n                                            <span class=\"n\">Th\u01b0\u01a1ng hi\u1ec7u:<\/span><br \/>\n\t\t\t\t\t\t\t\t\t\t\t<span class=\"v\"><b>Joola<\/b><\/span>\n                                        <\/li>\n<li class=\"dyn\">\n                                            <span class=\"n\">Number order:<\/span><br \/>\n\t\t\t\t\t\t\t\t\t\t\t<span class=\"v\">17071 (17122-G)<\/span>\n                                        <\/li>\n<li class=\"dyn\">\n                                            <span class=\"n\">Nh\u00e0 cung c\u1ea5p:<\/span><br \/>\n                                            \t\t\t\t\t\t\t\t\t\t\t<span class=\"v\"><b>pickle-ball.vn<\/b> &#8211; \u0110\u1ea1i l\u00fd \u1ee7y quy\u1ec1n Joola \u00ae<\/span>\n\t\t\t\t\t\t\t\t\t\t\t                                        <\/li>\n<li class=\"dyn\">\n                                            <span class=\"n\">Lo\u1ea1i s\u1ea3n ph\u1ea9m:<\/span><br \/>\n                                            <span class=\"v\">V\u1ee3t c\u00f4ng<\/span>\n                                        <\/li>\n<li class=\"dyn\">\n                                            <span class=\"n\">Ch\u1ea5t li\u1ec7u:<\/span><br \/>\n                                            <span class=\"v\">Charged Carbon<\/span>\n                                        <\/li>\n<li class=\"separator\">\n                                        <\/li>\n<li>\n                                            <span class=\"n\">Tr\u1ea1ng th\u00e1i:<\/span><br \/>\n                                            <span class=\"v\" style=\"font-weight:700;color: #d7000e\">\u0110\u1eb7t mua tr\u01b0\u1edbc<\/span>\n                                        <\/li>\n<li>\n                                            <span class=\"n\">\u0110\u1ed9 d\u00e0y:<\/span><br \/>\n                                            <span class=\"v\">14mm<\/span>\n                                        <\/li>\n<li>\n                                            <span class=\"n\">Tr\u1ecdng l\u01b0\u1ee3ng:<\/span><br \/>\n                                            <span class=\"v\">225g<\/span>\n                                        <\/li>\n<li>\n                                            <span class=\"n\">T\u00ecnh tr\u1ea1ng:<\/span><br \/>\n                                            <span class=\"v\">M\u1edbi 100%<\/span>\n                                        <\/li>\n<li>\n                                            <span class=\"n\">B\u1ea3o h\u00e0nh:<\/span><br \/>\n                                            <span class=\"v\">Ch\u00ednh h\u00e3ng<\/span>\n                                        <\/li>\n<li>\n<p>                                            <span class=\"n\">Giao h\u00e0ng:<\/span><br \/>\n                                            <span class=\"v\">To\u00e0n qu\u1ed1c<\/span>\n                                        <\/li>\n<\/ul>","protected":false},"featured_media":14821,"comment_status":"closed","ping_status":"closed","template":"","meta":[],"pwb-brand":[3245],"product_cat":[2836],"product_tag":[3312,3309,3248,3234,3310,3278,25],"class_list":{"0":"post-14820","1":"product","2":"type-product","3":"status-publish","4":"has-post-thumbnail","6":"pwb-brand-joola","7":"product_cat-vot-pickleball","8":"product_tag-ben-johns-hyperion-14mm","9":"product_tag-ben-johns-hyperion-gen3s","10":"product_tag-bong","11":"product_tag-joola-ben-johns-hyperion-3","12":"product_tag-joola-ben-johns-hyperion-gen-3s","13":"product_tag-joola-gen-3s","14":"product_tag-man","16":"first","17":"instock","18":"sale","19":"shipping-taxable","20":"purchasable","21":"product-type-simple"},"yoast_head":"<!-- This site is optimized with the Yoast SEO plugin v22.9 - https:\/\/yoast.com\/wordpress\/plugins\/seo\/ -->\n<title>V\u1ee3t PickleballJoola Ben Johns Hyperion 3S 14mm - PickleBall Vi\u1ec7t Nam<\/title>\n<meta name=\"robots\" content=\"index, follow, max-snippet:-1, max-image-preview:large, max-video-preview:-1\" \/>\n<link rel=\"canonical\" href=\"https:\/\/pickle-ball.vn\/pt\/-product-\/vot-pickleball\/vot-pickleball-joola-ben-johns-hyperion-3s-14mm\/\" \/>\n<meta name=\"twitter:label1\" content=\"Tempo estimado de leitura\" \/>\n\t<meta name=\"twitter:data1\" content=\"3 minutos\" \/>\n<script type=\"application\/ld+json\" class=\"yoast-schema-graph\">{\"@context\":\"https:\/\/schema.org\",\"@graph\":[{\"@type\":\"WebPage\",\"@id\":\"http:\/\/pickle-ball.vn\/vi\/-product-\/vot-pickleball\/vot-pickleball-joola-ben-johns-hyperion-3s-14mm\/\",\"url\":\"http:\/\/pickle-ball.vn\/vi\/-product-\/vot-pickleball\/vot-pickleball-joola-ben-johns-hyperion-3s-14mm\/\",\"name\":\"V\u1ee3t PickleballJoola Ben Johns Hyperion 3S 14mm - PickleBall Vi\u1ec7t Nam\",\"isPartOf\":{\"@id\":\"https:\/\/pickle-ball.vn\/ja\/#website\"},\"primaryImageOfPage\":{\"@id\":\"http:\/\/pickle-ball.vn\/vi\/-product-\/vot-pickleball\/vot-pickleball-joola-ben-johns-hyperion-3s-14mm\/#primaryimage\"},\"image\":{\"@id\":\"http:\/\/pickle-ball.vn\/vi\/-product-\/vot-pickleball\/vot-pickleball-joola-ben-johns-hyperion-3s-14mm\/#primaryimage\"},\"thumbnailUrl\":\"https:\/\/pickle-ball.vn\/wp-content\/uploads\/2024\/11\/joola-ben-johns-hyperion-14mm-gen3s_720x720xcrop.webp\",\"datePublished\":\"2024-11-04T05:55:47+00:00\",\"dateModified\":\"2024-11-04T05:55:57+00:00\",\"breadcrumb\":{\"@id\":\"http:\/\/pickle-ball.vn\/vi\/-product-\/vot-pickleball\/vot-pickleball-joola-ben-johns-hyperion-3s-14mm\/#breadcrumb\"},\"inLanguage\":\"pt-PT\",\"potentialAction\":[{\"@type\":\"ReadAction\",\"target\":[\"http:\/\/pickle-ball.vn\/vi\/-product-\/vot-pickleball\/vot-pickleball-joola-ben-johns-hyperion-3s-14mm\/\"]}]},{\"@type\":\"ImageObject\",\"inLanguage\":\"pt-PT\",\"@id\":\"http:\/\/pickle-ball.vn\/vi\/-product-\/vot-pickleball\/vot-pickleball-joola-ben-johns-hyperion-3s-14mm\/#primaryimage\",\"url\":\"https:\/\/pickle-ball.vn\/wp-content\/uploads\/2024\/11\/joola-ben-johns-hyperion-14mm-gen3s_720x720xcrop.webp\",\"contentUrl\":\"https:\/\/pickle-ball.vn\/wp-content\/uploads\/2024\/11\/joola-ben-johns-hyperion-14mm-gen3s_720x720xcrop.webp\",\"width\":720,\"height\":720,\"caption\":\"Ben Johns Hyperion 14mm\"},{\"@type\":\"BreadcrumbList\",\"@id\":\"http:\/\/pickle-ball.vn\/vi\/-product-\/vot-pickleball\/vot-pickleball-joola-ben-johns-hyperion-3s-14mm\/#breadcrumb\",\"itemListElement\":[{\"@type\":\"ListItem\",\"position\":1,\"name\":\"Home\",\"item\":\"https:\/\/pickle-ball.vn\/ja\/\"},{\"@type\":\"ListItem\",\"position\":2,\"name\":\"Shop\",\"item\":\"https:\/\/pickle-ball.vn\/vi\/shop\/\"},{\"@type\":\"ListItem\",\"position\":3,\"name\":\"V\u1ee3t PickleballJoola Ben Johns Hyperion 3S 14mm\"}]},{\"@type\":\"WebSite\",\"@id\":\"https:\/\/pickle-ball.vn\/ja\/#website\",\"url\":\"https:\/\/pickle-ball.vn\/ja\/\",\"name\":\"Jabra\",\"description\":\"\",\"publisher\":{\"@id\":\"https:\/\/pickle-ball.vn\/ja\/#organization\"},\"potentialAction\":[{\"@type\":\"SearchAction\",\"target\":{\"@type\":\"EntryPoint\",\"urlTemplate\":\"https:\/\/pickle-ball.vn\/ja\/?s={search_term_string}\"},\"query-input\":\"required name=search_term_string\"}],\"inLanguage\":\"pt-PT\"},{\"@type\":\"Organization\",\"@id\":\"https:\/\/pickle-ball.vn\/ja\/#organization\",\"name\":\"Jabra\",\"url\":\"https:\/\/pickle-ball.vn\/ja\/\",\"logo\":{\"@type\":\"ImageObject\",\"inLanguage\":\"pt-PT\",\"@id\":\"https:\/\/pickle-ball.vn\/ja\/#\/schema\/logo\/image\/\",\"url\":\"\",\"contentUrl\":\"\",\"caption\":\"Jabra\"},\"image\":{\"@id\":\"https:\/\/pickle-ball.vn\/ja\/#\/schema\/logo\/image\/\"}}]}<\/script>\n<!-- \/ Yoast SEO plugin. -->","yoast_head_json":{"title":"V\u1ee3t PickleballJoola Ben Johns Hyperion 3S 14mm - PickleBall Vi\u1ec7t Nam","robots":{"index":"index","follow":"follow","max-snippet":"max-snippet:-1","max-image-preview":"max-image-preview:large","max-video-preview":"max-video-preview:-1"},"canonical":"https:\/\/pickle-ball.vn\/pt\/-product-\/vot-pickleball\/vot-pickleball-joola-ben-johns-hyperion-3s-14mm\/","twitter_misc":{"Tempo estimado de leitura":"3 minutos"},"schema":{"@context":"https:\/\/schema.org","@graph":[{"@type":"WebPage","@id":"http:\/\/pickle-ball.vn\/vi\/-product-\/vot-pickleball\/vot-pickleball-joola-ben-johns-hyperion-3s-14mm\/","url":"http:\/\/pickle-ball.vn\/vi\/-product-\/vot-pickleball\/vot-pickleball-joola-ben-johns-hyperion-3s-14mm\/","name":"V\u1ee3t PickleballJoola Ben Johns Hyperion 3S 14mm - PickleBall Vi\u1ec7t Nam","isPartOf":{"@id":"https:\/\/pickle-ball.vn\/ja\/#website"},"primaryImageOfPage":{"@id":"http:\/\/pickle-ball.vn\/vi\/-product-\/vot-pickleball\/vot-pickleball-joola-ben-johns-hyperion-3s-14mm\/#primaryimage"},"image":{"@id":"http:\/\/pickle-ball.vn\/vi\/-product-\/vot-pickleball\/vot-pickleball-joola-ben-johns-hyperion-3s-14mm\/#primaryimage"},"thumbnailUrl":"https:\/\/pickle-ball.vn\/wp-content\/uploads\/2024\/11\/joola-ben-johns-hyperion-14mm-gen3s_720x720xcrop.webp","datePublished":"2024-11-04T05:55:47+00:00","dateModified":"2024-11-04T05:55:57+00:00","breadcrumb":{"@id":"http:\/\/pickle-ball.vn\/vi\/-product-\/vot-pickleball\/vot-pickleball-joola-ben-johns-hyperion-3s-14mm\/#breadcrumb"},"inLanguage":"pt-PT","potentialAction":[{"@type":"ReadAction","target":["http:\/\/pickle-ball.vn\/vi\/-product-\/vot-pickleball\/vot-pickleball-joola-ben-johns-hyperion-3s-14mm\/"]}]},{"@type":"ImageObject","inLanguage":"pt-PT","@id":"http:\/\/pickle-ball.vn\/vi\/-product-\/vot-pickleball\/vot-pickleball-joola-ben-johns-hyperion-3s-14mm\/#primaryimage","url":"https:\/\/pickle-ball.vn\/wp-content\/uploads\/2024\/11\/joola-ben-johns-hyperion-14mm-gen3s_720x720xcrop.webp","contentUrl":"https:\/\/pickle-ball.vn\/wp-content\/uploads\/2024\/11\/joola-ben-johns-hyperion-14mm-gen3s_720x720xcrop.webp","width":720,"height":720,"caption":"Ben Johns Hyperion 14mm"},{"@type":"BreadcrumbList","@id":"http:\/\/pickle-ball.vn\/vi\/-product-\/vot-pickleball\/vot-pickleball-joola-ben-johns-hyperion-3s-14mm\/#breadcrumb","itemListElement":[{"@type":"ListItem","position":1,"name":"Home","item":"https:\/\/pickle-ball.vn\/ja\/"},{"@type":"ListItem","position":2,"name":"Shop","item":"https:\/\/pickle-ball.vn\/vi\/shop\/"},{"@type":"ListItem","position":3,"name":"V\u1ee3t PickleballJoola Ben Johns Hyperion 3S 14mm"}]},{"@type":"WebSite","@id":"https:\/\/pickle-ball.vn\/ja\/#website","url":"https:\/\/pickle-ball.vn\/ja\/","name":"Jabra","description":"","publisher":{"@id":"https:\/\/pickle-ball.vn\/ja\/#organization"},"potentialAction":[{"@type":"SearchAction","target":{"@type":"EntryPoint","urlTemplate":"https:\/\/pickle-ball.vn\/ja\/?s={search_term_string}"},"query-input":"required name=search_term_string"}],"inLanguage":"pt-PT"},{"@type":"Organization","@id":"https:\/\/pickle-ball.vn\/ja\/#organization","name":"Jabra","url":"https:\/\/pickle-ball.vn\/ja\/","logo":{"@type":"ImageObject","inLanguage":"pt-PT","@id":"https:\/\/pickle-ball.vn\/ja\/#\/schema\/logo\/image\/","url":"","contentUrl":"","caption":"Jabra"},"image":{"@id":"https:\/\/pickle-ball.vn\/ja\/#\/schema\/logo\/image\/"}}]}},"brands":[{"id":3245,"name":"Joola","slug":"joola"}],"_links":{"self":[{"href":"https:\/\/pickle-ball.vn\/pt\/wp-json\/wp\/v2\/product\/14820","targetHints":{"allow":["GET"]}}],"collection":[{"href":"https:\/\/pickle-ball.vn\/pt\/wp-json\/wp\/v2\/product"}],"about":[{"href":"https:\/\/pickle-ball.vn\/pt\/wp-json\/wp\/v2\/types\/product"}],"replies":[{"embeddable":true,"href":"https:\/\/pickle-ball.vn\/pt\/wp-json\/wp\/v2\/comments?post=14820"}],"wp:featuredmedia":[{"embeddable":true,"href":"https:\/\/pickle-ball.vn\/pt\/wp-json\/wp\/v2\/media\/14821"}],"wp:attachment":[{"href":"https:\/\/pickle-ball.vn\/pt\/wp-json\/wp\/v2\/media?parent=14820"}],"wp:term":[{"taxonomy":"pwb-brand","embeddable":true,"href":"https:\/\/pickle-ball.vn\/pt\/wp-json\/wp\/v2\/pwb-brand?post=14820"},{"taxonomy":"product_cat","embeddable":true,"href":"https:\/\/pickle-ball.vn\/pt\/wp-json\/wp\/v2\/product_cat?post=14820"},{"taxonomy":"product_tag","embeddable":true,"href":"https:\/\/pickle-ball.vn\/pt\/wp-json\/wp\/v2\/product_tag?post=14820"}],"curies":[{"name":"wp","href":"https:\/\/api.w.org\/{rel}","templated":true}]}}