{"id":14941,"date":"2024-11-04T13:45:37","date_gmt":"2024-11-04T06:45:37","guid":{"rendered":"http:\/\/pickle-ball.vn\/-product-\/uncategorized\/vot-pickleball-vot-pickleball-joola-ben-johns-hyperion-c2-cfs-16\/"},"modified":"2024-11-04T13:45:42","modified_gmt":"2024-11-04T06:45:42","slug":"vot-pickleball-vot-pickleball-joola-ben-johns-hyperion-c2-cfs-16","status":"publish","type":"product","link":"https:\/\/pickle-ball.vn\/pt\/-product-\/vot-pickleball\/vot-pickleball-vot-pickleball-joola-ben-johns-hyperion-c2-cfs-16\/","title":{"rendered":"V\u1ee3t PickleballV\u1ee3t Pickleball Joola Ben Johns Hyperion C2 CFS 16"},"content":{"rendered":"<div role=\"tabpanel\" class=\"tab-pane active\" id=\"tab-product-info\">\n<div class=\"vh-content\">\n<h2><strong>V\u1ee3t Pickleball Joola Ben Johns Hyperion C2 CFS 16<\/strong><\/h2>\n<p><strong>V\u1ee3t pickleball JOOLA Hyperion C2 CFS 16<\/strong> \u0111\u00e3 \u0111\u01b0\u1ee3c thi\u1ebft k\u1ebf l\u1ea1i v\u1edbi c\u00f4ng ngh\u1ec7 v\u1ee3t m\u1edbi nh\u1ea5t trong <strong>Joola Ben Johns Hyperion C2<\/strong>. Hyperion C2 v\u1eabn gi\u1eef nguy\u00ean h\u00ecnh d\u1ea1ng \u0111\u01b0\u1eddng cong kh\u00ed \u0111\u1ed9ng h\u1ecdc c\u1ee7a Hyperion v\u00e0 b\u1ed5 sung C\u00f4ng ngh\u1ec7 b\u1ec1 m\u1eb7t cacbon t\u00edch \u0111i\u1ec7n c\u00f3 trong <strong>v\u1ee3t pickleball Ben Johns Perseus<\/strong>.<\/p>\n<p style=\"text-align:center\"><img decoding=\"async\" alt=\"V\u1ee3t Pickleball Joola Ben Johns Hyperion C2 CFS 16\" class=\"lazy\" src=\"http:\/\/pickle-ball.vn\/wp-content\/uploads\/2024\/11\/joola-ben-johns-hyperion-c2-cfs-16-chinh-hang.webp\" style=\"height:525px;width:750px\" title=\"V\u1ee3t Pickleball Joola Ben Johns Hyperion C2 CFS 16\"><\/p>\n<p style=\"text-align:center\"><em>H\u00ecnh \u1ea3nh: <strong>V\u1ee3t Pickleball Joola Ben Johns Hyperion C2 CFS 16<\/strong> ch\u00ednh h\u00e3ng t\u1ea1i Pickleball Vi\u1ec7t Nam<\/em><\/p>\n<p>K\u1ebft qu\u1ea3 l\u00e0 m\u1ed9t c\u1ea7n \u0111i\u1ec1u khi\u1ec3n \u0111\u01b0\u1ee3c c\u00e2n b\u1eb1ng t\u1ed1t mang l\u1ea1i nhi\u1ec1u ti\u1ebfng b\u1eadt v\u00e0 s\u1ee9c m\u1ea1nh. H\u00ecnh d\u1ea1ng thon d\u00e0i c\u1ee7a Joola Hyperion v\u00e0 \u0111i\u1ec3m ng\u1ecdt l\u1edbn c\u1ee7a n\u00f3 cho ph\u00e9p ph\u1ea1m vi ti\u1ebfp c\u1eadn l\u1edbn h\u01a1n. \u0110\u1ec3 l\u00e0m cho v\u1ee3t pickleball b\u1ec1n h\u01a1n n\u1eefa, n\u00f3 \u0111\u01b0\u1ee3c bao ph\u1ee7 ho\u00e0n to\u00e0n b\u1eb1ng carbon. S\u1ee3i carbon \u0111\u1ea3m b\u1ea3o r\u1eb1ng v\u1ee3t c\u00f3 th\u1ec3 \u0111\u01b0\u1ee3c ch\u01a1i th\u01b0\u1eddng xuy\u00ean h\u01a1n v\u00e0 \u0111\u1ea3m b\u1ea3o m\u1ed9t c\u00fa \u0111\u00e1nh \u1ed5n \u0111\u1ecbnh trong su\u1ed1t tu\u1ed5i th\u1ecd c\u1ee7a v\u1ee3t. USAPA \u0111\u00e3 \u0111\u01b0\u1ee3c ph\u00ea duy\u1ec7t \u0111\u1ec3 ch\u01a1i gi\u1ea3i \u0111\u1ea5u.<\/p>\n<p style=\"text-align:center\"><img decoding=\"async\" alt=\"V\u1ee3t Pickleball Joola Ben Johns Hyperion C2 CFS 16\" class=\"lazy\" src=\"http:\/\/pickle-ball.vn\/wp-content\/uploads\/2024\/11\/joola-ben-johns-hyperion-c2-cfs-16-chinh-hang-02.webp\" style=\"height:525px;width:750px\" title=\"V\u1ee3t Pickleball Joola Ben Johns Hyperion C2 CFS 16\"><\/p>\n<p style=\"text-align:center\"><em>H\u00ecnh \u1ea3nh: <strong>V\u1ee3t Pickleball Joola Ben Johns Hyperion C2 CFS 16<\/strong> ch\u00ednh h\u00e3ng t\u1ea1i Pickleball Vi\u1ec7t Nam<\/em><\/p>\n<p>Tr\u1ecdng l\u01b0\u1ee3ng trung b\u00ecnh: 226,8g<\/p>\n<p>Chi\u1ec1u d\u00e0i: 41,9 cm<\/p>\n<p>Chi\u1ec1u r\u1ed9ng: 19,0cm<\/p>\n<p>Chi\u1ec1u d\u00e0i tay c\u1ea7m: 14,0 cm<\/p>\n<p>Chu vi tay c\u1ea7m: 10,5 cm<\/p>\n<p style=\"text-align:center\"><img decoding=\"async\" alt=\"V\u1ee3t Pickleball Joola Ben Johns Hyperion C2 CFS 16\" class=\"lazy\" src=\"http:\/\/pickle-ball.vn\/wp-content\/uploads\/2024\/11\/joola-ben-johns-hyperion-c2-cfs-16-chinh-hang-03.webp\" style=\"height:525px;width:750px\" title=\"V\u1ee3t Pickleball Joola Ben Johns Hyperion C2 CFS 16\"><\/p>\n<p style=\"text-align:center\"><em>H\u00ecnh \u1ea3nh: <strong>V\u1ee3t Pickleball Joola Ben Johns Hyperion C2 CFS 16<\/strong> ch\u00ednh h\u00e3ng t\u1ea1i Pickleball Vi\u1ec7t Nam<\/em><\/p>\n<h3><strong>Th\u00f4ng s\u1ed1 ch\u00ednh tr\u00ean V\u1ee3t Pickleball Joola Ben Johns Hyperion C2 CFS 16<\/strong><\/h3>\n<p>T\u00ean s\u1ea3n ph\u1ea9m: <strong>Joola Ben Johns Hyperion C2 CFS 16<\/strong><\/p>\n<p>H\u00e3ng: V\u1ee3t Pickleball Joola<\/p>\n<p>B\u1ec1 m\u1eb7t: B\u1ec1 m\u1eb7t ma s\u00e1t cacbon (CFS)<\/p>\n<p>C\u1ed1t l\u00f5i: L\u00f5i polymer t\u1ed5 ong ph\u1ea3n \u1ee9ng<\/p>\n<p>S\u1ee9c m\u1ea1nh c\u1ed1t l\u00f5i: 16 mm<\/p>\n<p>Tr\u1ecdng l\u01b0\u1ee3ng t\u1ecbnh (t\u00ednh b\u1eb1ng g): 226<\/p>\n<p>T\u1ed5ng tr\u1ecdng l\u01b0\u1ee3ng (kg): 0.226<\/p>\n<p>D\u00e0i: 41.91<\/p>\n<p>Chi\u1ec1u r\u1ed9ng: 19<\/p>\n<\/p><\/div>\n<\/p><\/div>","protected":false},"excerpt":{"rendered":"<ul class=\"list-unstyled params\">\n<li class=\"btt\">Th\u00f4ng tin s\u1ea3n ph\u1ea9m:<\/li>\n<li class=\"dyn\">\n                                            <span class=\"n\">Th\u01b0\u01a1ng hi\u1ec7u:<\/span><br \/>\n\t\t\t\t\t\t\t\t\t\t\t<span class=\"v\"><b>Joola<\/b><\/span>\n                                        <\/li>\n<li class=\"dyn\">\n                                            <span class=\"n\">Number order:<\/span><br \/>\n\t\t\t\t\t\t\t\t\t\t\t<span class=\"v\">17002<\/span>\n                                        <\/li>\n<li class=\"dyn\">\n                                            <span class=\"n\">Nh\u00e0 cung c\u1ea5p:<\/span><br \/>\n                                            \t\t\t\t\t\t\t\t\t\t\t<span class=\"v\"><b>pickle-ball.vn<\/b> &#8211; \u0110\u1ea1i l\u00fd \u1ee7y quy\u1ec1n Joola \u00ae<\/span>\n\t\t\t\t\t\t\t\t\t\t\t                                        <\/li>\n<li class=\"dyn\">\n                                            <span class=\"n\">Lo\u1ea1i s\u1ea3n ph\u1ea9m:<\/span><br \/>\n                                            <span class=\"v\">V\u1ee3t c\u00f4ng<\/span>\n                                        <\/li>\n<li class=\"dyn\">\n                                            <span class=\"n\">Ch\u1ea5t li\u1ec7u:<\/span><br \/>\n                                            <span class=\"v\">Cacbon ma s\u00e1t (CFS)<\/span>\n                                        <\/li>\n<li class=\"separator\">\n                                        <\/li>\n<li>\n                                            <span class=\"n\">Tr\u1ea1ng th\u00e1i:<\/span><br \/>\n                                            <span class=\"v\" style=\"font-weight:700;color: #d7000e\">T\u1ea1m h\u1ebft h\u00e0ng<\/span>\n                                        <\/li>\n<li>\n                                            <span class=\"n\">\u0110\u1ed9 d\u00e0y:<\/span><br \/>\n                                            <span class=\"v\">16 mm<\/span>\n                                        <\/li>\n<li>\n                                            <span class=\"n\">Tr\u1ecdng l\u01b0\u1ee3ng:<\/span><br \/>\n                                            <span class=\"v\">226g<\/span>\n                                        <\/li>\n<li>\n                                            <span class=\"n\">T\u00ecnh tr\u1ea1ng:<\/span><br \/>\n                                            <span class=\"v\">M\u1edbi 100%<\/span>\n                                        <\/li>\n<li>\n                                            <span class=\"n\">B\u1ea3o h\u00e0nh:<\/span><br \/>\n                                            <span class=\"v\">Ch\u00ednh h\u00e3ng<\/span>\n                                        <\/li>\n<li>\n<p>                                            <span class=\"n\">Giao h\u00e0ng:<\/span><br \/>\n                                            <span class=\"v\">To\u00e0n qu\u1ed1c<\/span>\n                                        <\/li>\n<\/ul>","protected":false},"featured_media":14942,"comment_status":"closed","ping_status":"closed","template":"","meta":[],"pwb-brand":[3245],"product_cat":[2836],"product_tag":[3370,3369,25,55],"class_list":{"0":"post-14941","1":"product","2":"type-product","3":"status-publish","4":"has-post-thumbnail","6":"pwb-brand-joola","7":"product_cat-vot-pickleball","8":"product_tag-ben-johns-hyperion-c2-cfs-16","9":"product_tag-joola-ben-johns-hyperion-c2-cfs-16","10":"product_tag-man","11":"product_tag-run","13":"first","14":"instock","15":"sale","16":"shipping-taxable","17":"purchasable","18":"product-type-simple"},"yoast_head":"<!-- This site is optimized with the Yoast SEO plugin v22.9 - https:\/\/yoast.com\/wordpress\/plugins\/seo\/ -->\n<title>V\u1ee3t PickleballV\u1ee3t Pickleball Joola Ben Johns Hyperion C2 CFS 16 - PickleBall Vi\u1ec7t Nam<\/title>\n<meta name=\"robots\" content=\"index, follow, max-snippet:-1, max-image-preview:large, max-video-preview:-1\" \/>\n<link rel=\"canonical\" href=\"https:\/\/pickle-ball.vn\/pt\/-product-\/vot-pickleball\/vot-pickleball-vot-pickleball-joola-ben-johns-hyperion-c2-cfs-16\/\" \/>\n<meta name=\"twitter:label1\" content=\"Tempo estimado de leitura\" \/>\n\t<meta name=\"twitter:data1\" content=\"2 minutos\" \/>\n<script type=\"application\/ld+json\" class=\"yoast-schema-graph\">{\"@context\":\"https:\/\/schema.org\",\"@graph\":[{\"@type\":\"WebPage\",\"@id\":\"http:\/\/pickle-ball.vn\/vi\/-product-\/vot-pickleball\/vot-pickleball-vot-pickleball-joola-ben-johns-hyperion-c2-cfs-16\/\",\"url\":\"http:\/\/pickle-ball.vn\/vi\/-product-\/vot-pickleball\/vot-pickleball-vot-pickleball-joola-ben-johns-hyperion-c2-cfs-16\/\",\"name\":\"V\u1ee3t PickleballV\u1ee3t Pickleball Joola Ben Johns Hyperion C2 CFS 16 - PickleBall Vi\u1ec7t Nam\",\"isPartOf\":{\"@id\":\"https:\/\/pickle-ball.vn\/ja\/#website\"},\"primaryImageOfPage\":{\"@id\":\"http:\/\/pickle-ball.vn\/vi\/-product-\/vot-pickleball\/vot-pickleball-vot-pickleball-joola-ben-johns-hyperion-c2-cfs-16\/#primaryimage\"},\"image\":{\"@id\":\"http:\/\/pickle-ball.vn\/vi\/-product-\/vot-pickleball\/vot-pickleball-vot-pickleball-joola-ben-johns-hyperion-c2-cfs-16\/#primaryimage\"},\"thumbnailUrl\":\"https:\/\/pickle-ball.vn\/wp-content\/uploads\/2024\/11\/joola-ben-johns-hyperion-c2-cfs-16_720x720xcrop.webp\",\"datePublished\":\"2024-11-04T06:45:37+00:00\",\"dateModified\":\"2024-11-04T06:45:42+00:00\",\"breadcrumb\":{\"@id\":\"http:\/\/pickle-ball.vn\/vi\/-product-\/vot-pickleball\/vot-pickleball-vot-pickleball-joola-ben-johns-hyperion-c2-cfs-16\/#breadcrumb\"},\"inLanguage\":\"pt-PT\",\"potentialAction\":[{\"@type\":\"ReadAction\",\"target\":[\"http:\/\/pickle-ball.vn\/vi\/-product-\/vot-pickleball\/vot-pickleball-vot-pickleball-joola-ben-johns-hyperion-c2-cfs-16\/\"]}]},{\"@type\":\"ImageObject\",\"inLanguage\":\"pt-PT\",\"@id\":\"http:\/\/pickle-ball.vn\/vi\/-product-\/vot-pickleball\/vot-pickleball-vot-pickleball-joola-ben-johns-hyperion-c2-cfs-16\/#primaryimage\",\"url\":\"https:\/\/pickle-ball.vn\/wp-content\/uploads\/2024\/11\/joola-ben-johns-hyperion-c2-cfs-16_720x720xcrop.webp\",\"contentUrl\":\"https:\/\/pickle-ball.vn\/wp-content\/uploads\/2024\/11\/joola-ben-johns-hyperion-c2-cfs-16_720x720xcrop.webp\",\"width\":720,\"height\":720,\"caption\":\"V\u1ee3t Pickleball Joola Ben Johns Hyperion C2 CFS 16\"},{\"@type\":\"BreadcrumbList\",\"@id\":\"http:\/\/pickle-ball.vn\/vi\/-product-\/vot-pickleball\/vot-pickleball-vot-pickleball-joola-ben-johns-hyperion-c2-cfs-16\/#breadcrumb\",\"itemListElement\":[{\"@type\":\"ListItem\",\"position\":1,\"name\":\"Home\",\"item\":\"https:\/\/pickle-ball.vn\/ja\/\"},{\"@type\":\"ListItem\",\"position\":2,\"name\":\"Shop\",\"item\":\"https:\/\/pickle-ball.vn\/vi\/shop\/\"},{\"@type\":\"ListItem\",\"position\":3,\"name\":\"V\u1ee3t PickleballV\u1ee3t Pickleball Joola Ben Johns Hyperion C2 CFS 16\"}]},{\"@type\":\"WebSite\",\"@id\":\"https:\/\/pickle-ball.vn\/ja\/#website\",\"url\":\"https:\/\/pickle-ball.vn\/ja\/\",\"name\":\"Jabra\",\"description\":\"\",\"publisher\":{\"@id\":\"https:\/\/pickle-ball.vn\/ja\/#organization\"},\"potentialAction\":[{\"@type\":\"SearchAction\",\"target\":{\"@type\":\"EntryPoint\",\"urlTemplate\":\"https:\/\/pickle-ball.vn\/ja\/?s={search_term_string}\"},\"query-input\":\"required name=search_term_string\"}],\"inLanguage\":\"pt-PT\"},{\"@type\":\"Organization\",\"@id\":\"https:\/\/pickle-ball.vn\/ja\/#organization\",\"name\":\"Jabra\",\"url\":\"https:\/\/pickle-ball.vn\/ja\/\",\"logo\":{\"@type\":\"ImageObject\",\"inLanguage\":\"pt-PT\",\"@id\":\"https:\/\/pickle-ball.vn\/ja\/#\/schema\/logo\/image\/\",\"url\":\"\",\"contentUrl\":\"\",\"caption\":\"Jabra\"},\"image\":{\"@id\":\"https:\/\/pickle-ball.vn\/ja\/#\/schema\/logo\/image\/\"}}]}<\/script>\n<!-- \/ Yoast SEO plugin. -->","yoast_head_json":{"title":"V\u1ee3t PickleballV\u1ee3t Pickleball Joola Ben Johns Hyperion C2 CFS 16 - PickleBall Vi\u1ec7t Nam","robots":{"index":"index","follow":"follow","max-snippet":"max-snippet:-1","max-image-preview":"max-image-preview:large","max-video-preview":"max-video-preview:-1"},"canonical":"https:\/\/pickle-ball.vn\/pt\/-product-\/vot-pickleball\/vot-pickleball-vot-pickleball-joola-ben-johns-hyperion-c2-cfs-16\/","twitter_misc":{"Tempo estimado de leitura":"2 minutos"},"schema":{"@context":"https:\/\/schema.org","@graph":[{"@type":"WebPage","@id":"http:\/\/pickle-ball.vn\/vi\/-product-\/vot-pickleball\/vot-pickleball-vot-pickleball-joola-ben-johns-hyperion-c2-cfs-16\/","url":"http:\/\/pickle-ball.vn\/vi\/-product-\/vot-pickleball\/vot-pickleball-vot-pickleball-joola-ben-johns-hyperion-c2-cfs-16\/","name":"V\u1ee3t PickleballV\u1ee3t Pickleball Joola Ben Johns Hyperion C2 CFS 16 - PickleBall Vi\u1ec7t Nam","isPartOf":{"@id":"https:\/\/pickle-ball.vn\/ja\/#website"},"primaryImageOfPage":{"@id":"http:\/\/pickle-ball.vn\/vi\/-product-\/vot-pickleball\/vot-pickleball-vot-pickleball-joola-ben-johns-hyperion-c2-cfs-16\/#primaryimage"},"image":{"@id":"http:\/\/pickle-ball.vn\/vi\/-product-\/vot-pickleball\/vot-pickleball-vot-pickleball-joola-ben-johns-hyperion-c2-cfs-16\/#primaryimage"},"thumbnailUrl":"https:\/\/pickle-ball.vn\/wp-content\/uploads\/2024\/11\/joola-ben-johns-hyperion-c2-cfs-16_720x720xcrop.webp","datePublished":"2024-11-04T06:45:37+00:00","dateModified":"2024-11-04T06:45:42+00:00","breadcrumb":{"@id":"http:\/\/pickle-ball.vn\/vi\/-product-\/vot-pickleball\/vot-pickleball-vot-pickleball-joola-ben-johns-hyperion-c2-cfs-16\/#breadcrumb"},"inLanguage":"pt-PT","potentialAction":[{"@type":"ReadAction","target":["http:\/\/pickle-ball.vn\/vi\/-product-\/vot-pickleball\/vot-pickleball-vot-pickleball-joola-ben-johns-hyperion-c2-cfs-16\/"]}]},{"@type":"ImageObject","inLanguage":"pt-PT","@id":"http:\/\/pickle-ball.vn\/vi\/-product-\/vot-pickleball\/vot-pickleball-vot-pickleball-joola-ben-johns-hyperion-c2-cfs-16\/#primaryimage","url":"https:\/\/pickle-ball.vn\/wp-content\/uploads\/2024\/11\/joola-ben-johns-hyperion-c2-cfs-16_720x720xcrop.webp","contentUrl":"https:\/\/pickle-ball.vn\/wp-content\/uploads\/2024\/11\/joola-ben-johns-hyperion-c2-cfs-16_720x720xcrop.webp","width":720,"height":720,"caption":"V\u1ee3t Pickleball Joola Ben Johns Hyperion C2 CFS 16"},{"@type":"BreadcrumbList","@id":"http:\/\/pickle-ball.vn\/vi\/-product-\/vot-pickleball\/vot-pickleball-vot-pickleball-joola-ben-johns-hyperion-c2-cfs-16\/#breadcrumb","itemListElement":[{"@type":"ListItem","position":1,"name":"Home","item":"https:\/\/pickle-ball.vn\/ja\/"},{"@type":"ListItem","position":2,"name":"Shop","item":"https:\/\/pickle-ball.vn\/vi\/shop\/"},{"@type":"ListItem","position":3,"name":"V\u1ee3t PickleballV\u1ee3t Pickleball Joola Ben Johns Hyperion C2 CFS 16"}]},{"@type":"WebSite","@id":"https:\/\/pickle-ball.vn\/ja\/#website","url":"https:\/\/pickle-ball.vn\/ja\/","name":"Jabra","description":"","publisher":{"@id":"https:\/\/pickle-ball.vn\/ja\/#organization"},"potentialAction":[{"@type":"SearchAction","target":{"@type":"EntryPoint","urlTemplate":"https:\/\/pickle-ball.vn\/ja\/?s={search_term_string}"},"query-input":"required name=search_term_string"}],"inLanguage":"pt-PT"},{"@type":"Organization","@id":"https:\/\/pickle-ball.vn\/ja\/#organization","name":"Jabra","url":"https:\/\/pickle-ball.vn\/ja\/","logo":{"@type":"ImageObject","inLanguage":"pt-PT","@id":"https:\/\/pickle-ball.vn\/ja\/#\/schema\/logo\/image\/","url":"","contentUrl":"","caption":"Jabra"},"image":{"@id":"https:\/\/pickle-ball.vn\/ja\/#\/schema\/logo\/image\/"}}]}},"brands":[{"id":3245,"name":"Joola","slug":"joola"}],"_links":{"self":[{"href":"https:\/\/pickle-ball.vn\/pt\/wp-json\/wp\/v2\/product\/14941","targetHints":{"allow":["GET"]}}],"collection":[{"href":"https:\/\/pickle-ball.vn\/pt\/wp-json\/wp\/v2\/product"}],"about":[{"href":"https:\/\/pickle-ball.vn\/pt\/wp-json\/wp\/v2\/types\/product"}],"replies":[{"embeddable":true,"href":"https:\/\/pickle-ball.vn\/pt\/wp-json\/wp\/v2\/comments?post=14941"}],"wp:featuredmedia":[{"embeddable":true,"href":"https:\/\/pickle-ball.vn\/pt\/wp-json\/wp\/v2\/media\/14942"}],"wp:attachment":[{"href":"https:\/\/pickle-ball.vn\/pt\/wp-json\/wp\/v2\/media?parent=14941"}],"wp:term":[{"taxonomy":"pwb-brand","embeddable":true,"href":"https:\/\/pickle-ball.vn\/pt\/wp-json\/wp\/v2\/pwb-brand?post=14941"},{"taxonomy":"product_cat","embeddable":true,"href":"https:\/\/pickle-ball.vn\/pt\/wp-json\/wp\/v2\/product_cat?post=14941"},{"taxonomy":"product_tag","embeddable":true,"href":"https:\/\/pickle-ball.vn\/pt\/wp-json\/wp\/v2\/product_tag?post=14941"}],"curies":[{"name":"wp","href":"https:\/\/api.w.org\/{rel}","templated":true}]}}