{"id":14950,"date":"2024-11-04T13:45:46","date_gmt":"2024-11-04T06:45:46","guid":{"rendered":"http:\/\/pickle-ball.vn\/-product-\/uncategorized\/vot-pickleball-vot-pickleball-joola-collin-johns-scorpeus-cfs-16\/"},"modified":"2024-11-04T13:45:50","modified_gmt":"2024-11-04T06:45:50","slug":"vot-pickleball-vot-pickleball-joola-collin-johns-scorpeus-cfs-16","status":"publish","type":"product","link":"https:\/\/pickle-ball.vn\/pt\/-product-\/vot-pickleball\/vot-pickleball-vot-pickleball-joola-collin-johns-scorpeus-cfs-16\/","title":{"rendered":"V\u1ee3t PickleballV\u1ee3t Pickleball Joola Collin Johns Scorpeus CFS 16"},"content":{"rendered":"<div role=\"tabpanel\" class=\"tab-pane active\" id=\"tab-product-info\">\n<div class=\"vh-content\">\n<h2><strong>V\u1ee3t Pickleball Joola Collin Johns Scorpeus CFS 16 ch\u00ednh h\u00e3ng, gi\u00e1 t\u1ed1t<\/strong><\/h2>\n<p><strong>V\u1ee3t Joola Collin Johns Scorpeus CFS 16<\/strong> \u0111\u01b0\u1ee3c ph\u00e1t tri\u1ec3n c\u00f9ng v\u1edbi c\u1ed9ng t\u00e1c vi\u00ean c\u1ee7a c\u00e1c chuy\u00ean gia \u0111\u1ea7u ng\u00e0nh c\u1ee7a ch\u00fang t\u00f4i v\u00e0 s\u1eed d\u1ee5ng c\u00f4ng ngh\u1ec7 b\u00f3ng Pickleball m\u1edbi nh\u1ea5t. V\u1ee3t Pickleball n\u00e0y s\u1eed d\u1ee5ng c\u00f4ng ngh\u1ec7 b\u1ec1 m\u1eb7t Carbon Charged m\u1edbi, c\u00fa n\u00e9m b\u00f3ng chuy\u00ean nghi\u1ec7p n\u00e0y mang l\u1ea1i c\u1ea3m gi\u00e1c nh\u1ea1y b\u00e9n v\u00e0 bi\u1ec3u t\u01b0\u1ee3ng c\u1ea3m gi\u00e1c m\u1ea1nh \u0111\u1ec3 ch\u1ed1ng l\u1ea1i nh\u1eefng c\u00fa \u0111\u00e1nh nhanh h\u01a1n. V\u1ee3t Pickleball Joola c\u0169ng \u0111\u01b0\u1ee3c trang b\u1ecb b\u1ec1 m\u1eb7t Ma s\u00e1t Carbon b\u1ec1n b\u1ec9 \u0111\u1ec3 \u0111\u1ea3m b\u1ea3o \u0111\u1ed9 xo\u00e1y t\u1ed1i \u0111a. Th\u00e2n b\u00e0i r\u1ed9ng, \u0111\u01b0\u1ee3c t\u1ed1i \u01b0u h\u00f3a cho \u0111i\u1ec3m s\u1eafc, t\u0103ng \u0111\u1ed9 b\u00f3ng c\u1ee7a trang \u0111\u1ec3 \u0111i\u1ec1u ch\u1ec9nh l\u1ea1i m\u1ee9c \u0111\u1ed9 c\u00e2n b\u1eb1ng b\u1eb1ng kh\u1ea3 n\u0103ng \u1ed5n \u0111\u1ecbnh m\u1ee9c \u0111\u1ed9 t\u1ed1i \u01b0u v\u00e0 ki\u1ec3m so\u00e1t. Thi\u1ebft k\u1ebf ho\u00e0n to\u00e0n b\u1eb1ng carbon gi\u00fap t\u0103ng s\u1ee9c m\u1ea1nh v\u00e0 \u0111\u1ed9 b\u1ec1n c\u1ee7a v\u1ee3t, \u0111\u1ea3m b\u1ea3o tr\u1ea3i nghi\u1ec7m ch\u01a1i game nh\u1ea5t qu\u00e1n m\u1ed7i khi b\u1ea1n ch\u01a1i.<\/p>\n<p style=\"text-align:center\"><img decoding=\"async\" alt=\"V\u1ee3t Pickleball Joola Collin Johns Scorpeus CFS 16\" class=\"lazy\" src=\"http:\/\/pickle-ball.vn\/wp-content\/uploads\/2024\/11\/joola-anna-bright-scorpeus-cfs-16-03.webp\" style=\"height:525px;width:750px\" title=\"V\u1ee3t Pickleball Joola Collin Johns Scorpeus CFS 16\"><\/p>\n<p style=\"text-align:center\"><em>H\u00ecnh \u1ea3nh: <strong>V\u1ee3t Pickleball Joola Collin Johns Scorpeus CFS 16<\/strong> ch\u00ednh h\u00e3ng t\u1ea1i Pickleball Vi\u1ec7t Nam<\/em><\/p>\n<p>Tr\u1ecdng l\u01b0\u1ee3ng trung b\u00ecnh: 226,8g<\/p>\n<p>Chi\u1ec1u d\u00e0i: 16&#8243;<\/p>\n<p>Chi\u1ec1u r\u1ed9ng: 8&#8243;<\/p>\n<p>Chi\u1ec1u d\u00e0i tay c\u1ea7m: 13,3 cm<\/p>\n<p>Chu vi tay c\u1ea7m: 10,8 cm<\/p>\n<p style=\"text-align:center\"><img decoding=\"async\" alt=\"V\u1ee3t Pickleball Joola Collin Johns Scorpeus CFS 16\" class=\"lazy\" src=\"http:\/\/pickle-ball.vn\/wp-content\/uploads\/2024\/11\/joola-anna-bright-scorpeus-cfs-16-04.webp\" style=\"height:524px;width:750px\" title=\"V\u1ee3t Pickleball Joola Collin Johns Scorpeus CFS 16\"><\/p>\n<p style=\"text-align:center\"><em>H\u00ecnh \u1ea3nh: <strong>V\u1ee3t Pickleball Joola Collin Johns Scorpeus CFS 16<\/strong> ch\u00ednh h\u00e3ng t\u1ea1i Pickleball Vi\u1ec7t Nam<\/em><\/p>\n<h3><strong>Th\u00f4ng s\u1ed1 tr\u00ean v\u1ee3t Joola Collin Johns Scorpeus CFS 16<\/strong><\/h3>\n<p>Lo\u1ea1i: Ph\u1ea7n th\u01b0\u1edfng<\/p>\n<p>B\u1ec1 m\u1eb7t: B\u1ec1 m\u1eb7t ma s\u00e1t cacbon (CFS)<\/p>\n<p>C\u1ed1t l\u00f5i: T\u1ed5ng h\u1ee3p ph\u1ea3n \u1ee9ng c\u1ed1t l\u00f5i polymer<\/p>\n<p>S\u1ee9c m\u1ea1nh c\u1ed1t l\u00f5i: 16mm<\/p>\n<p>Cho ph\u00e9p l\u00e0m g\u00ec: USAPA<\/p>\n<p>Tr\u1ecdng l\u01b0\u1ee3ng t\u1ecbnh (t\u00ednh b\u1eb1ng g): 226<\/p>\n<p>T\u1ed5ng kh\u1ed1i l\u01b0\u1ee3ng (kg): 0,226<\/p>\n<p>Chi\u1ec1u d\u00e0i: 40,6<\/p>\n<p>Chi\u1ec1u r\u1ed9ng: 20,3<\/p>\n<p><strong>V\u1ee3t Pickleball Joola Collin Johns Scorpeus CFS 16<\/strong> ch\u00ednh h\u00e3ng t\u1ea1i Pickleball Vi\u1ec7t Nam, \u0111ang c\u00f3 s\u1eb5n t\u1ea1i t\u1ea5t c\u1ea3 c\u00e1c \u0111\u1ea1i l\u00fd tr\u00ean to\u00e0n qu\u1ed1c. H\u00e3y li\u00ean h\u1ec7 v\u1edbi ch\u00fang t\u00f4i \u0111\u1ec3 \u0111\u01b0\u1ee3c t\u01b0 v\u1ea5n, h\u1ed7 tr\u1ee3 chi ti\u1ebft v\u1ec1 s\u1ea3n ph\u1ea9m.<\/p>\n<\/p><\/div>\n<\/p><\/div>","protected":false},"excerpt":{"rendered":"<ul class=\"list-unstyled params\">\n<li class=\"btt\">Th\u00f4ng tin s\u1ea3n ph\u1ea9m:<\/li>\n<li class=\"dyn\">\n                                            <span class=\"n\">Th\u01b0\u01a1ng hi\u1ec7u:<\/span><br \/>\n\t\t\t\t\t\t\t\t\t\t\t<span class=\"v\"><b>Joola<\/b><\/span>\n                                        <\/li>\n<li class=\"dyn\">\n                                            <span class=\"n\">Number order:<\/span><br \/>\n\t\t\t\t\t\t\t\t\t\t\t<span class=\"v\">18517<\/span>\n                                        <\/li>\n<li class=\"dyn\">\n                                            <span class=\"n\">Nh\u00e0 cung c\u1ea5p:<\/span><br \/>\n                                            \t\t\t\t\t\t\t\t\t\t\t<span class=\"v\"><b>pickle-ball.vn<\/b> &#8211; \u0110\u1ea1i l\u00fd \u1ee7y quy\u1ec1n Joola \u00ae<\/span>\n\t\t\t\t\t\t\t\t\t\t\t                                        <\/li>\n<li class=\"dyn\">\n                                            <span class=\"n\">Lo\u1ea1i s\u1ea3n ph\u1ea9m:<\/span><br \/>\n                                            <span class=\"v\">V\u1ee3t c\u00f4ng, th\u1ee7<\/span>\n                                        <\/li>\n<li class=\"dyn\">\n                                            <span class=\"n\">Ch\u1ea5t li\u1ec7u:<\/span><br \/>\n                                            <span class=\"v\">Carbon Fiber<\/span>\n                                        <\/li>\n<li class=\"separator\">\n                                        <\/li>\n<li>\n                                            <span class=\"n\">Tr\u1ea1ng th\u00e1i:<\/span><br \/>\n                                            <span class=\"v\" style=\"font-weight:700;color: #d7000e\">T\u1ea1m h\u1ebft h\u00e0ng<\/span>\n                                        <\/li>\n<li>\n                                            <span class=\"n\">\u0110\u1ed9 d\u00e0y:<\/span><br \/>\n                                            <span class=\"v\">16 mm<\/span>\n                                        <\/li>\n<li>\n                                            <span class=\"n\">Tr\u1ecdng l\u01b0\u1ee3ng:<\/span><br \/>\n                                            <span class=\"v\">226g<\/span>\n                                        <\/li>\n<li>\n                                            <span class=\"n\">T\u00ecnh tr\u1ea1ng:<\/span><br \/>\n                                            <span class=\"v\">M\u1edbi 100%<\/span>\n                                        <\/li>\n<li>\n                                            <span class=\"n\">B\u1ea3o h\u00e0nh:<\/span><br \/>\n                                            <span class=\"v\">Ch\u00ednh h\u00e3ng<\/span>\n                                        <\/li>\n<li>\n<p>                                            <span class=\"n\">Giao h\u00e0ng:<\/span><br \/>\n                                            <span class=\"v\">To\u00e0n qu\u1ed1c<\/span>\n                                        <\/li>\n<\/ul>","protected":false},"featured_media":14951,"comment_status":"closed","ping_status":"closed","template":"","meta":[],"pwb-brand":[3245],"product_cat":[2836],"product_tag":[3248,3355,3249,2839,3372,25,55,3277,3373],"class_list":{"0":"post-14950","1":"product","2":"type-product","3":"status-publish","4":"has-post-thumbnail","6":"pwb-brand-joola","7":"product_cat-vot-pickleball","8":"product_tag-bong","9":"product_tag-bong-picklebal","10":"product_tag-bong-pickleball","11":"product_tag-choi-game","12":"product_tag-joola-collin-johns-scorpeus-cfs-16","13":"product_tag-man","14":"product_tag-run","15":"product_tag-vot-joola","16":"product_tag-vot-pickleball-joola-collin-johns-scorpeus-cfs-16","18":"first","19":"instock","20":"sale","21":"shipping-taxable","22":"purchasable","23":"product-type-simple"},"yoast_head":"<!-- This site is optimized with the Yoast SEO plugin v22.9 - https:\/\/yoast.com\/wordpress\/plugins\/seo\/ -->\n<title>V\u1ee3t PickleballV\u1ee3t Pickleball Joola Collin Johns Scorpeus CFS 16 - PickleBall Vi\u1ec7t Nam<\/title>\n<meta name=\"robots\" content=\"index, follow, max-snippet:-1, max-image-preview:large, max-video-preview:-1\" \/>\n<link rel=\"canonical\" href=\"http:\/\/pickle-ball.vn\/pt\/-product-\/vot-pickleball\/vot-pickleball-vot-pickleball-joola-collin-johns-scorpeus-cfs-16\/\" \/>\n<meta name=\"twitter:label1\" content=\"Tempo estimado de leitura\" \/>\n\t<meta name=\"twitter:data1\" content=\"2 minutos\" \/>\n<script type=\"application\/ld+json\" class=\"yoast-schema-graph\">{\"@context\":\"https:\/\/schema.org\",\"@graph\":[{\"@type\":\"WebPage\",\"@id\":\"http:\/\/pickle-ball.vn\/en\/-product-\/vot-pickleball\/vot-pickleball-vot-pickleball-joola-collin-johns-scorpeus-cfs-16\/\",\"url\":\"http:\/\/pickle-ball.vn\/en\/-product-\/vot-pickleball\/vot-pickleball-vot-pickleball-joola-collin-johns-scorpeus-cfs-16\/\",\"name\":\"V\u1ee3t PickleballV\u1ee3t Pickleball Joola Collin Johns Scorpeus CFS 16 - PickleBall Vi\u1ec7t Nam\",\"isPartOf\":{\"@id\":\"https:\/\/pickle-ball.vn\/ja\/#website\"},\"primaryImageOfPage\":{\"@id\":\"http:\/\/pickle-ball.vn\/en\/-product-\/vot-pickleball\/vot-pickleball-vot-pickleball-joola-collin-johns-scorpeus-cfs-16\/#primaryimage\"},\"image\":{\"@id\":\"http:\/\/pickle-ball.vn\/en\/-product-\/vot-pickleball\/vot-pickleball-vot-pickleball-joola-collin-johns-scorpeus-cfs-16\/#primaryimage\"},\"thumbnailUrl\":\"https:\/\/pickle-ball.vn\/wp-content\/uploads\/2024\/11\/joola-anna-bright-scorpeus-cfs-16_720x720xcrop.webp\",\"datePublished\":\"2024-11-04T06:45:46+00:00\",\"dateModified\":\"2024-11-04T06:45:50+00:00\",\"breadcrumb\":{\"@id\":\"http:\/\/pickle-ball.vn\/en\/-product-\/vot-pickleball\/vot-pickleball-vot-pickleball-joola-collin-johns-scorpeus-cfs-16\/#breadcrumb\"},\"inLanguage\":\"pt-PT\",\"potentialAction\":[{\"@type\":\"ReadAction\",\"target\":[\"http:\/\/pickle-ball.vn\/en\/-product-\/vot-pickleball\/vot-pickleball-vot-pickleball-joola-collin-johns-scorpeus-cfs-16\/\"]}]},{\"@type\":\"ImageObject\",\"inLanguage\":\"pt-PT\",\"@id\":\"http:\/\/pickle-ball.vn\/en\/-product-\/vot-pickleball\/vot-pickleball-vot-pickleball-joola-collin-johns-scorpeus-cfs-16\/#primaryimage\",\"url\":\"https:\/\/pickle-ball.vn\/wp-content\/uploads\/2024\/11\/joola-anna-bright-scorpeus-cfs-16_720x720xcrop.webp\",\"contentUrl\":\"https:\/\/pickle-ball.vn\/wp-content\/uploads\/2024\/11\/joola-anna-bright-scorpeus-cfs-16_720x720xcrop.webp\",\"width\":720,\"height\":720,\"caption\":\"V\u1ee3t Pickleball Joola Collin Johns Scorpeus CFS 16\"},{\"@type\":\"BreadcrumbList\",\"@id\":\"http:\/\/pickle-ball.vn\/en\/-product-\/vot-pickleball\/vot-pickleball-vot-pickleball-joola-collin-johns-scorpeus-cfs-16\/#breadcrumb\",\"itemListElement\":[{\"@type\":\"ListItem\",\"position\":1,\"name\":\"Home\",\"item\":\"https:\/\/pickle-ball.vn\/ja\/\"},{\"@type\":\"ListItem\",\"position\":2,\"name\":\"Shop\",\"item\":\"https:\/\/pickle-ball.vn\/vi\/shop\/\"},{\"@type\":\"ListItem\",\"position\":3,\"name\":\"V\u1ee3t PickleballV\u1ee3t Pickleball Joola Collin Johns Scorpeus CFS 16\"}]},{\"@type\":\"WebSite\",\"@id\":\"https:\/\/pickle-ball.vn\/ja\/#website\",\"url\":\"https:\/\/pickle-ball.vn\/ja\/\",\"name\":\"Jabra\",\"description\":\"\",\"publisher\":{\"@id\":\"https:\/\/pickle-ball.vn\/ja\/#organization\"},\"potentialAction\":[{\"@type\":\"SearchAction\",\"target\":{\"@type\":\"EntryPoint\",\"urlTemplate\":\"https:\/\/pickle-ball.vn\/ja\/?s={search_term_string}\"},\"query-input\":\"required name=search_term_string\"}],\"inLanguage\":\"pt-PT\"},{\"@type\":\"Organization\",\"@id\":\"https:\/\/pickle-ball.vn\/ja\/#organization\",\"name\":\"Jabra\",\"url\":\"https:\/\/pickle-ball.vn\/ja\/\",\"logo\":{\"@type\":\"ImageObject\",\"inLanguage\":\"pt-PT\",\"@id\":\"https:\/\/pickle-ball.vn\/ja\/#\/schema\/logo\/image\/\",\"url\":\"\",\"contentUrl\":\"\",\"caption\":\"Jabra\"},\"image\":{\"@id\":\"https:\/\/pickle-ball.vn\/ja\/#\/schema\/logo\/image\/\"}}]}<\/script>\n<!-- \/ Yoast SEO plugin. -->","yoast_head_json":{"title":"V\u1ee3t PickleballV\u1ee3t Pickleball Joola Collin Johns Scorpeus CFS 16 - PickleBall Vi\u1ec7t Nam","robots":{"index":"index","follow":"follow","max-snippet":"max-snippet:-1","max-image-preview":"max-image-preview:large","max-video-preview":"max-video-preview:-1"},"canonical":"http:\/\/pickle-ball.vn\/pt\/-product-\/vot-pickleball\/vot-pickleball-vot-pickleball-joola-collin-johns-scorpeus-cfs-16\/","twitter_misc":{"Tempo estimado de leitura":"2 minutos"},"schema":{"@context":"https:\/\/schema.org","@graph":[{"@type":"WebPage","@id":"http:\/\/pickle-ball.vn\/en\/-product-\/vot-pickleball\/vot-pickleball-vot-pickleball-joola-collin-johns-scorpeus-cfs-16\/","url":"http:\/\/pickle-ball.vn\/en\/-product-\/vot-pickleball\/vot-pickleball-vot-pickleball-joola-collin-johns-scorpeus-cfs-16\/","name":"V\u1ee3t PickleballV\u1ee3t Pickleball Joola Collin Johns Scorpeus CFS 16 - PickleBall Vi\u1ec7t Nam","isPartOf":{"@id":"https:\/\/pickle-ball.vn\/ja\/#website"},"primaryImageOfPage":{"@id":"http:\/\/pickle-ball.vn\/en\/-product-\/vot-pickleball\/vot-pickleball-vot-pickleball-joola-collin-johns-scorpeus-cfs-16\/#primaryimage"},"image":{"@id":"http:\/\/pickle-ball.vn\/en\/-product-\/vot-pickleball\/vot-pickleball-vot-pickleball-joola-collin-johns-scorpeus-cfs-16\/#primaryimage"},"thumbnailUrl":"https:\/\/pickle-ball.vn\/wp-content\/uploads\/2024\/11\/joola-anna-bright-scorpeus-cfs-16_720x720xcrop.webp","datePublished":"2024-11-04T06:45:46+00:00","dateModified":"2024-11-04T06:45:50+00:00","breadcrumb":{"@id":"http:\/\/pickle-ball.vn\/en\/-product-\/vot-pickleball\/vot-pickleball-vot-pickleball-joola-collin-johns-scorpeus-cfs-16\/#breadcrumb"},"inLanguage":"pt-PT","potentialAction":[{"@type":"ReadAction","target":["http:\/\/pickle-ball.vn\/en\/-product-\/vot-pickleball\/vot-pickleball-vot-pickleball-joola-collin-johns-scorpeus-cfs-16\/"]}]},{"@type":"ImageObject","inLanguage":"pt-PT","@id":"http:\/\/pickle-ball.vn\/en\/-product-\/vot-pickleball\/vot-pickleball-vot-pickleball-joola-collin-johns-scorpeus-cfs-16\/#primaryimage","url":"https:\/\/pickle-ball.vn\/wp-content\/uploads\/2024\/11\/joola-anna-bright-scorpeus-cfs-16_720x720xcrop.webp","contentUrl":"https:\/\/pickle-ball.vn\/wp-content\/uploads\/2024\/11\/joola-anna-bright-scorpeus-cfs-16_720x720xcrop.webp","width":720,"height":720,"caption":"V\u1ee3t Pickleball Joola Collin Johns Scorpeus CFS 16"},{"@type":"BreadcrumbList","@id":"http:\/\/pickle-ball.vn\/en\/-product-\/vot-pickleball\/vot-pickleball-vot-pickleball-joola-collin-johns-scorpeus-cfs-16\/#breadcrumb","itemListElement":[{"@type":"ListItem","position":1,"name":"Home","item":"https:\/\/pickle-ball.vn\/ja\/"},{"@type":"ListItem","position":2,"name":"Shop","item":"https:\/\/pickle-ball.vn\/vi\/shop\/"},{"@type":"ListItem","position":3,"name":"V\u1ee3t PickleballV\u1ee3t Pickleball Joola Collin Johns Scorpeus CFS 16"}]},{"@type":"WebSite","@id":"https:\/\/pickle-ball.vn\/ja\/#website","url":"https:\/\/pickle-ball.vn\/ja\/","name":"Jabra","description":"","publisher":{"@id":"https:\/\/pickle-ball.vn\/ja\/#organization"},"potentialAction":[{"@type":"SearchAction","target":{"@type":"EntryPoint","urlTemplate":"https:\/\/pickle-ball.vn\/ja\/?s={search_term_string}"},"query-input":"required name=search_term_string"}],"inLanguage":"pt-PT"},{"@type":"Organization","@id":"https:\/\/pickle-ball.vn\/ja\/#organization","name":"Jabra","url":"https:\/\/pickle-ball.vn\/ja\/","logo":{"@type":"ImageObject","inLanguage":"pt-PT","@id":"https:\/\/pickle-ball.vn\/ja\/#\/schema\/logo\/image\/","url":"","contentUrl":"","caption":"Jabra"},"image":{"@id":"https:\/\/pickle-ball.vn\/ja\/#\/schema\/logo\/image\/"}}]}},"brands":[{"id":3245,"name":"Joola","slug":"joola"}],"_links":{"self":[{"href":"https:\/\/pickle-ball.vn\/pt\/wp-json\/wp\/v2\/product\/14950","targetHints":{"allow":["GET"]}}],"collection":[{"href":"https:\/\/pickle-ball.vn\/pt\/wp-json\/wp\/v2\/product"}],"about":[{"href":"https:\/\/pickle-ball.vn\/pt\/wp-json\/wp\/v2\/types\/product"}],"replies":[{"embeddable":true,"href":"https:\/\/pickle-ball.vn\/pt\/wp-json\/wp\/v2\/comments?post=14950"}],"wp:featuredmedia":[{"embeddable":true,"href":"https:\/\/pickle-ball.vn\/pt\/wp-json\/wp\/v2\/media\/14951"}],"wp:attachment":[{"href":"https:\/\/pickle-ball.vn\/pt\/wp-json\/wp\/v2\/media?parent=14950"}],"wp:term":[{"taxonomy":"pwb-brand","embeddable":true,"href":"https:\/\/pickle-ball.vn\/pt\/wp-json\/wp\/v2\/pwb-brand?post=14950"},{"taxonomy":"product_cat","embeddable":true,"href":"https:\/\/pickle-ball.vn\/pt\/wp-json\/wp\/v2\/product_cat?post=14950"},{"taxonomy":"product_tag","embeddable":true,"href":"https:\/\/pickle-ball.vn\/pt\/wp-json\/wp\/v2\/product_tag?post=14950"}],"curies":[{"name":"wp","href":"https:\/\/api.w.org\/{rel}","templated":true}]}}