{"id":15048,"date":"2024-11-04T14:35:39","date_gmt":"2024-11-04T07:35:39","guid":{"rendered":"http:\/\/pickle-ball.vn\/-product-\/uncategorized\/vot-pickleball-joola-simone-jardim-hyperion-c2-cfs-16\/"},"modified":"2024-11-04T14:35:41","modified_gmt":"2024-11-04T07:35:41","slug":"vot-pickleball-joola-simone-jardim-hyperion-c2-cfs-16","status":"publish","type":"product","link":"https:\/\/pickle-ball.vn\/pt\/-product-\/vot-pickleball\/vot-pickleball-joola-simone-jardim-hyperion-c2-cfs-16\/","title":{"rendered":"V\u1ee3t PickleballJoola Simone Jardim Hyperion C2 CFS 16"},"content":{"rendered":"<div role=\"tabpanel\" class=\"tab-pane active\" id=\"tab-product-info\">\n<div class=\"vh-content\">\n<h2><strong>V\u1ee3t Joola Simone Jardim Hyperion C2 CFS 16 ch\u00ednh h\u00e3ng<\/strong><\/h2>\n<p>V\u1ee3t Pickleball <strong>Joola Simone Hyperion C2 CFS 16<\/strong> \u0111\u01b0\u1ee3c thi\u1ebft k\u1ebf v\u1edbi s\u1ef1 h\u1ee3p t\u00e1c c\u1ee7a c\u00e1c chuy\u00ean gia h\u00e0ng \u0111\u1ea7u c\u1ee7a ch\u00fang t\u00f4i, s\u1eed d\u1ee5ng c\u00f4ng ngh\u1ec7 v\u1ee3t pickleball m\u1edbi nh\u1ea5t. C\u00f4ng ngh\u1ec7 b\u1ec1 m\u1eb7t Chargeed Carbon m\u1edbi k\u1ebft h\u1ee3p v\u1edbi thi\u1ebft k\u1ebf Aero-Curve mang l\u1ea1i hi\u1ec7u \u1ee9ng n\u1ed5i b\u1eadt \u1ea5n t\u01b0\u1ee3ng \u0111\u1ec3 ch\u1ed1ng l\u1ea1i nh\u1eefng c\u00fa \u0111\u00e1nh nhanh \u0111\u1ed3ng th\u1eddi t\u1ed1i \u0111a h\u00f3a kh\u1ea3 n\u0103ng ki\u1ec3m so\u00e1t. Thi\u1ebft k\u1ebf khung ho\u00e0n to\u00e0n b\u1eb1ng carbon gi\u00fap t\u0103ng \u0111\u1ed9 b\u1ec1n v\u00e0 \u0111\u1ed9 b\u1ec1n c\u1ee7a v\u1ee3t, duy tr\u00ec tr\u1ea3i nghi\u1ec7m ch\u01a1i nh\u1ea5t qu\u00e1n t\u1eeb tr\u1eadn n\u00e0y \u0111\u1ebfn tr\u1eadn kh\u00e1c.<\/p>\n<p style=\"text-align:center\"><img decoding=\"async\" alt=\"V\u1ee3t Joola Simone Jardim Hyperion C2 CFS 16 ch\u00ednh h\u00e3ng\" class=\"lazy\" src=\"http:\/\/pickle-ball.vn\/wp-content\/uploads\/2024\/11\/simone-jardim-hyperion-c2-cfs-16-17000-5-720x720xcrop.webp\" style=\"height:522px;width:750px\" title=\"V\u1ee3t Joola Simone Jardim Hyperion C2 CFS 16 ch\u00ednh h\u00e3ng\"><\/p>\n<p style=\"text-align:center\"><em>H\u00ecnh \u1ea3nh: V\u1ee3t Pickleball Joola Simone Jardim Hyperion C2 CFS 16 ch\u00ednh h\u00e3ng<\/em><\/p>\n<h3><strong>Th\u00f4ng s\u1ed1 c\u1ee7a Joola Simone Jardim Hyperion C2 CFS 16<\/strong><\/h3>\n<p>Surface: Carbon Friction<br \/>\nCore: Reactive Honeycomb<br \/>\nCore (mm): 16<br \/>\nControl: 95<br \/>\nPower: 94<br \/>\nSpin: 96<br \/>\nUSAPA Approved: Yes<br \/>\nAverage Weight: 8oz<br \/>\nPaddle Length: 16.5in<br \/>\nPaddle Width: 7.5in<br \/>\nGrip Type: Gray Feel-Tec Pure<br \/>\nGrip Length: 5.5in<br \/>\nGrip Circumference*: 4.125in<\/p>\n<p>Simone Hyperion C2 CFS 16 \u0111\u01b0\u1ee3c thi\u1ebft k\u1ebf v\u1edbi s\u1ef1 h\u1ee3p t\u00e1c c\u1ee7a c\u00e1c chuy\u00ean gia h\u00e0ng \u0111\u1ea7u. S\u1ea3n ph\u1ea9m \u0111ang \u0111\u01b0\u1ee3c ph\u00e2n ph\u1ed1i b\u1edfi Pickleball Vi\u1ec7t Nam. H\u00e3y li\u00ean h\u1ec7 v\u1edbi ch\u00fang t\u00f4i 0.87654321.9 \u0111\u1ec3 \u0111\u01b0\u1ee3c t\u01b0 v\u1ea5n, h\u1ed7 tr\u1ee3 chi ti\u1ebft v\u1ec1 s\u1ea3n ph\u1ea9m.<\/p>\n<\/p><\/div>\n<\/p><\/div>","protected":false},"excerpt":{"rendered":"<ul class=\"list-unstyled params\">\n<li class=\"btt\">Th\u00f4ng tin s\u1ea3n ph\u1ea9m:<\/li>\n<li class=\"dyn\">\n                                            <span class=\"n\">Th\u01b0\u01a1ng hi\u1ec7u:<\/span><br \/>\n\t\t\t\t\t\t\t\t\t\t\t<span class=\"v\"><b>Joola<\/b><\/span>\n                                        <\/li>\n<li class=\"dyn\">\n                                            <span class=\"n\">Number order:<\/span><br \/>\n\t\t\t\t\t\t\t\t\t\t\t<span class=\"v\">17000<\/span>\n                                        <\/li>\n<li class=\"dyn\">\n                                            <span class=\"n\">Nh\u00e0 cung c\u1ea5p:<\/span><br \/>\n                                            \t\t\t\t\t\t\t\t\t\t\t<span class=\"v\"><b>pickle-ball.vn<\/b> &#8211; \u0110\u1ea1i l\u00fd \u1ee7y quy\u1ec1n Joola \u00ae<\/span>\n\t\t\t\t\t\t\t\t\t\t\t                                        <\/li>\n<li class=\"dyn\">\n                                            <span class=\"n\">Lo\u1ea1i s\u1ea3n ph\u1ea9m:<\/span><br \/>\n                                            <span class=\"v\">V\u1ee3t c\u00f4ng, th\u1ee7<\/span>\n                                        <\/li>\n<li class=\"dyn\">\n                                            <span class=\"n\">Ch\u1ea5t li\u1ec7u:<\/span><br \/>\n                                            <span class=\"v\">Carbon Friction<\/span>\n                                        <\/li>\n<li class=\"separator\">\n                                        <\/li>\n<li>\n                                            <span class=\"n\">Tr\u1ea1ng th\u00e1i:<\/span><br \/>\n                                            <span class=\"v\" style=\"font-weight:700;color: #d7000e\">T\u1ea1m h\u1ebft h\u00e0ng<\/span>\n                                        <\/li>\n<li>\n                                            <span class=\"n\">\u0110\u1ed9 d\u00e0y:<\/span><br \/>\n                                            <span class=\"v\">16 mm<\/span>\n                                        <\/li>\n<li>\n                                            <span class=\"n\">Tr\u1ecdng l\u01b0\u1ee3ng:<\/span><br \/>\n                                            <span class=\"v\">226g<\/span>\n                                        <\/li>\n<li>\n                                            <span class=\"n\">T\u00ecnh tr\u1ea1ng:<\/span><br \/>\n                                            <span class=\"v\">M\u1edbi 100%<\/span>\n                                        <\/li>\n<li>\n                                            <span class=\"n\">B\u1ea3o h\u00e0nh:<\/span><br \/>\n                                            <span class=\"v\">Ch\u00ednh h\u00e3ng<\/span>\n                                        <\/li>\n<li>\n<p>                                            <span class=\"n\">Giao h\u00e0ng:<\/span><br \/>\n                                            <span class=\"v\">To\u00e0n qu\u1ed1c<\/span>\n                                        <\/li>\n<\/ul>","protected":false},"featured_media":15049,"comment_status":"closed","ping_status":"closed","template":"","meta":[],"pwb-brand":[3245],"product_cat":[2836],"product_tag":[3421,3423,25,3422,3420,3277,3417],"class_list":{"0":"post-15048","1":"product","2":"type-product","3":"status-publish","4":"has-post-thumbnail","6":"pwb-brand-joola","7":"product_cat-vot-pickleball","8":"product_tag-joola-simone-jardim","9":"product_tag-joola-simone-jardim-hyperion-c2","10":"product_tag-man","11":"product_tag-simone-jardim-hyperion-c2","12":"product_tag-simone-jardim-hyperion-c2-cfs-16","13":"product_tag-vot-joola","14":"product_tag-vot-pickleball","16":"first","17":"instock","18":"sale","19":"shipping-taxable","20":"purchasable","21":"product-type-simple"},"yoast_head":"<!-- This site is optimized with the Yoast SEO plugin v22.9 - https:\/\/yoast.com\/wordpress\/plugins\/seo\/ -->\n<title>V\u1ee3t PickleballJoola Simone Jardim Hyperion C2 CFS 16 - PickleBall Vi\u1ec7t Nam<\/title>\n<meta name=\"robots\" content=\"index, follow, max-snippet:-1, max-image-preview:large, max-video-preview:-1\" \/>\n<link rel=\"canonical\" href=\"http:\/\/pickle-ball.vn\/pt\/-product-\/vot-pickleball\/vot-pickleball-joola-simone-jardim-hyperion-c2-cfs-16\/\" \/>\n<meta name=\"twitter:label1\" content=\"Tempo estimado de leitura\" \/>\n\t<meta name=\"twitter:data1\" content=\"1 minuto\" \/>\n<script type=\"application\/ld+json\" class=\"yoast-schema-graph\">{\"@context\":\"https:\/\/schema.org\",\"@graph\":[{\"@type\":\"WebPage\",\"@id\":\"http:\/\/pickle-ball.vn\/fr\/-product-\/vot-pickleball\/vot-pickleball-joola-simone-jardim-hyperion-c2-cfs-16\/\",\"url\":\"http:\/\/pickle-ball.vn\/fr\/-product-\/vot-pickleball\/vot-pickleball-joola-simone-jardim-hyperion-c2-cfs-16\/\",\"name\":\"V\u1ee3t PickleballJoola Simone Jardim Hyperion C2 CFS 16 - PickleBall Vi\u1ec7t Nam\",\"isPartOf\":{\"@id\":\"https:\/\/pickle-ball.vn\/ja\/#website\"},\"primaryImageOfPage\":{\"@id\":\"http:\/\/pickle-ball.vn\/fr\/-product-\/vot-pickleball\/vot-pickleball-joola-simone-jardim-hyperion-c2-cfs-16\/#primaryimage\"},\"image\":{\"@id\":\"http:\/\/pickle-ball.vn\/fr\/-product-\/vot-pickleball\/vot-pickleball-joola-simone-jardim-hyperion-c2-cfs-16\/#primaryimage\"},\"thumbnailUrl\":\"https:\/\/pickle-ball.vn\/wp-content\/uploads\/2024\/11\/simone-jardim-hyperion-c2-cfs-16-17000-1_720x720xcrop.webp\",\"datePublished\":\"2024-11-04T07:35:39+00:00\",\"dateModified\":\"2024-11-04T07:35:41+00:00\",\"breadcrumb\":{\"@id\":\"http:\/\/pickle-ball.vn\/fr\/-product-\/vot-pickleball\/vot-pickleball-joola-simone-jardim-hyperion-c2-cfs-16\/#breadcrumb\"},\"inLanguage\":\"pt-PT\",\"potentialAction\":[{\"@type\":\"ReadAction\",\"target\":[\"http:\/\/pickle-ball.vn\/fr\/-product-\/vot-pickleball\/vot-pickleball-joola-simone-jardim-hyperion-c2-cfs-16\/\"]}]},{\"@type\":\"ImageObject\",\"inLanguage\":\"pt-PT\",\"@id\":\"http:\/\/pickle-ball.vn\/fr\/-product-\/vot-pickleball\/vot-pickleball-joola-simone-jardim-hyperion-c2-cfs-16\/#primaryimage\",\"url\":\"https:\/\/pickle-ball.vn\/wp-content\/uploads\/2024\/11\/simone-jardim-hyperion-c2-cfs-16-17000-1_720x720xcrop.webp\",\"contentUrl\":\"https:\/\/pickle-ball.vn\/wp-content\/uploads\/2024\/11\/simone-jardim-hyperion-c2-cfs-16-17000-1_720x720xcrop.webp\",\"width\":720,\"height\":720,\"caption\":\"V\u1ee3t Joola Simone Jardim Hyperion C2 CFS 16\"},{\"@type\":\"BreadcrumbList\",\"@id\":\"http:\/\/pickle-ball.vn\/fr\/-product-\/vot-pickleball\/vot-pickleball-joola-simone-jardim-hyperion-c2-cfs-16\/#breadcrumb\",\"itemListElement\":[{\"@type\":\"ListItem\",\"position\":1,\"name\":\"Home\",\"item\":\"https:\/\/pickle-ball.vn\/ja\/\"},{\"@type\":\"ListItem\",\"position\":2,\"name\":\"Shop\",\"item\":\"https:\/\/pickle-ball.vn\/vi\/shop\/\"},{\"@type\":\"ListItem\",\"position\":3,\"name\":\"V\u1ee3t PickleballJoola Simone Jardim Hyperion C2 CFS 16\"}]},{\"@type\":\"WebSite\",\"@id\":\"https:\/\/pickle-ball.vn\/ja\/#website\",\"url\":\"https:\/\/pickle-ball.vn\/ja\/\",\"name\":\"Jabra\",\"description\":\"\",\"publisher\":{\"@id\":\"https:\/\/pickle-ball.vn\/ja\/#organization\"},\"potentialAction\":[{\"@type\":\"SearchAction\",\"target\":{\"@type\":\"EntryPoint\",\"urlTemplate\":\"https:\/\/pickle-ball.vn\/ja\/?s={search_term_string}\"},\"query-input\":\"required name=search_term_string\"}],\"inLanguage\":\"pt-PT\"},{\"@type\":\"Organization\",\"@id\":\"https:\/\/pickle-ball.vn\/ja\/#organization\",\"name\":\"Jabra\",\"url\":\"https:\/\/pickle-ball.vn\/ja\/\",\"logo\":{\"@type\":\"ImageObject\",\"inLanguage\":\"pt-PT\",\"@id\":\"https:\/\/pickle-ball.vn\/ja\/#\/schema\/logo\/image\/\",\"url\":\"\",\"contentUrl\":\"\",\"caption\":\"Jabra\"},\"image\":{\"@id\":\"https:\/\/pickle-ball.vn\/ja\/#\/schema\/logo\/image\/\"}}]}<\/script>\n<!-- \/ Yoast SEO plugin. -->","yoast_head_json":{"title":"V\u1ee3t PickleballJoola Simone Jardim Hyperion C2 CFS 16 - PickleBall Vi\u1ec7t Nam","robots":{"index":"index","follow":"follow","max-snippet":"max-snippet:-1","max-image-preview":"max-image-preview:large","max-video-preview":"max-video-preview:-1"},"canonical":"http:\/\/pickle-ball.vn\/pt\/-product-\/vot-pickleball\/vot-pickleball-joola-simone-jardim-hyperion-c2-cfs-16\/","twitter_misc":{"Tempo estimado de leitura":"1 minuto"},"schema":{"@context":"https:\/\/schema.org","@graph":[{"@type":"WebPage","@id":"http:\/\/pickle-ball.vn\/fr\/-product-\/vot-pickleball\/vot-pickleball-joola-simone-jardim-hyperion-c2-cfs-16\/","url":"http:\/\/pickle-ball.vn\/fr\/-product-\/vot-pickleball\/vot-pickleball-joola-simone-jardim-hyperion-c2-cfs-16\/","name":"V\u1ee3t PickleballJoola Simone Jardim Hyperion C2 CFS 16 - PickleBall Vi\u1ec7t Nam","isPartOf":{"@id":"https:\/\/pickle-ball.vn\/ja\/#website"},"primaryImageOfPage":{"@id":"http:\/\/pickle-ball.vn\/fr\/-product-\/vot-pickleball\/vot-pickleball-joola-simone-jardim-hyperion-c2-cfs-16\/#primaryimage"},"image":{"@id":"http:\/\/pickle-ball.vn\/fr\/-product-\/vot-pickleball\/vot-pickleball-joola-simone-jardim-hyperion-c2-cfs-16\/#primaryimage"},"thumbnailUrl":"https:\/\/pickle-ball.vn\/wp-content\/uploads\/2024\/11\/simone-jardim-hyperion-c2-cfs-16-17000-1_720x720xcrop.webp","datePublished":"2024-11-04T07:35:39+00:00","dateModified":"2024-11-04T07:35:41+00:00","breadcrumb":{"@id":"http:\/\/pickle-ball.vn\/fr\/-product-\/vot-pickleball\/vot-pickleball-joola-simone-jardim-hyperion-c2-cfs-16\/#breadcrumb"},"inLanguage":"pt-PT","potentialAction":[{"@type":"ReadAction","target":["http:\/\/pickle-ball.vn\/fr\/-product-\/vot-pickleball\/vot-pickleball-joola-simone-jardim-hyperion-c2-cfs-16\/"]}]},{"@type":"ImageObject","inLanguage":"pt-PT","@id":"http:\/\/pickle-ball.vn\/fr\/-product-\/vot-pickleball\/vot-pickleball-joola-simone-jardim-hyperion-c2-cfs-16\/#primaryimage","url":"https:\/\/pickle-ball.vn\/wp-content\/uploads\/2024\/11\/simone-jardim-hyperion-c2-cfs-16-17000-1_720x720xcrop.webp","contentUrl":"https:\/\/pickle-ball.vn\/wp-content\/uploads\/2024\/11\/simone-jardim-hyperion-c2-cfs-16-17000-1_720x720xcrop.webp","width":720,"height":720,"caption":"V\u1ee3t Joola Simone Jardim Hyperion C2 CFS 16"},{"@type":"BreadcrumbList","@id":"http:\/\/pickle-ball.vn\/fr\/-product-\/vot-pickleball\/vot-pickleball-joola-simone-jardim-hyperion-c2-cfs-16\/#breadcrumb","itemListElement":[{"@type":"ListItem","position":1,"name":"Home","item":"https:\/\/pickle-ball.vn\/ja\/"},{"@type":"ListItem","position":2,"name":"Shop","item":"https:\/\/pickle-ball.vn\/vi\/shop\/"},{"@type":"ListItem","position":3,"name":"V\u1ee3t PickleballJoola Simone Jardim Hyperion C2 CFS 16"}]},{"@type":"WebSite","@id":"https:\/\/pickle-ball.vn\/ja\/#website","url":"https:\/\/pickle-ball.vn\/ja\/","name":"Jabra","description":"","publisher":{"@id":"https:\/\/pickle-ball.vn\/ja\/#organization"},"potentialAction":[{"@type":"SearchAction","target":{"@type":"EntryPoint","urlTemplate":"https:\/\/pickle-ball.vn\/ja\/?s={search_term_string}"},"query-input":"required name=search_term_string"}],"inLanguage":"pt-PT"},{"@type":"Organization","@id":"https:\/\/pickle-ball.vn\/ja\/#organization","name":"Jabra","url":"https:\/\/pickle-ball.vn\/ja\/","logo":{"@type":"ImageObject","inLanguage":"pt-PT","@id":"https:\/\/pickle-ball.vn\/ja\/#\/schema\/logo\/image\/","url":"","contentUrl":"","caption":"Jabra"},"image":{"@id":"https:\/\/pickle-ball.vn\/ja\/#\/schema\/logo\/image\/"}}]}},"brands":[{"id":3245,"name":"Joola","slug":"joola"}],"_links":{"self":[{"href":"https:\/\/pickle-ball.vn\/pt\/wp-json\/wp\/v2\/product\/15048","targetHints":{"allow":["GET"]}}],"collection":[{"href":"https:\/\/pickle-ball.vn\/pt\/wp-json\/wp\/v2\/product"}],"about":[{"href":"https:\/\/pickle-ball.vn\/pt\/wp-json\/wp\/v2\/types\/product"}],"replies":[{"embeddable":true,"href":"https:\/\/pickle-ball.vn\/pt\/wp-json\/wp\/v2\/comments?post=15048"}],"wp:featuredmedia":[{"embeddable":true,"href":"https:\/\/pickle-ball.vn\/pt\/wp-json\/wp\/v2\/media\/15049"}],"wp:attachment":[{"href":"https:\/\/pickle-ball.vn\/pt\/wp-json\/wp\/v2\/media?parent=15048"}],"wp:term":[{"taxonomy":"pwb-brand","embeddable":true,"href":"https:\/\/pickle-ball.vn\/pt\/wp-json\/wp\/v2\/pwb-brand?post=15048"},{"taxonomy":"product_cat","embeddable":true,"href":"https:\/\/pickle-ball.vn\/pt\/wp-json\/wp\/v2\/product_cat?post=15048"},{"taxonomy":"product_tag","embeddable":true,"href":"https:\/\/pickle-ball.vn\/pt\/wp-json\/wp\/v2\/product_tag?post=15048"}],"curies":[{"name":"wp","href":"https:\/\/api.w.org\/{rel}","templated":true}]}}