{"id":15546,"date":"2024-11-04T18:40:38","date_gmt":"2024-11-04T11:40:38","guid":{"rendered":"http:\/\/pickle-ball.vn\/-product-\/uncategorized\/tui-joola-vision-ii-bag-blue\/"},"modified":"2024-11-04T18:40:40","modified_gmt":"2024-11-04T11:40:40","slug":"tui-joola-vision-ii-bag-blue","status":"publish","type":"product","link":"https:\/\/pickle-ball.vn\/pt\/-product-\/phu-kien-pickleball\/tui-joola-vision-ii-bag-blue\/","title":{"rendered":"T\u00fai Joola Vision II Bag (Blue)"},"content":{"rendered":"<div role=\"tabpanel\" class=\"tab-pane active\" id=\"tab-product-info\">\n<div class=\"vh-content\">\n<h2><strong>T\u00fai Joola Vision II Bag (Blue) ch\u00ednh h\u00e3ng<\/strong><\/h2>\n<\/p><\/div>\n<\/p><\/div>","protected":false},"excerpt":{"rendered":"<ul class=\"list-unstyled params\">\n<li class=\"btt\">Th\u00f4ng tin s\u1ea3n ph\u1ea9m:<\/li>\n<li class=\"dyn\">\n                                            <span class=\"n\">Th\u01b0\u01a1ng hi\u1ec7u:<\/span><br \/>\n\t\t\t\t\t\t\t\t\t\t\t<span class=\"v\"><b>Joola<\/b><\/span>\n                                        <\/li>\n<li class=\"dyn\">\n                                            <span class=\"n\">Number order:<\/span><br \/>\n\t\t\t\t\t\t\t\t\t\t\t<span class=\"v\">80162<\/span>\n                                        <\/li>\n<li class=\"dyn\">\n                                            <span class=\"n\">Nh\u00e0 cung c\u1ea5p:<\/span><br \/>\n                                            \t\t\t\t\t\t\t\t\t\t\t<span class=\"v\"><b>pickle-ball.vn<\/b> &#8211; \u0110\u1ea1i l\u00fd \u1ee7y quy\u1ec1n Joola \u00ae<\/span>\n\t\t\t\t\t\t\t\t\t\t\t                                        <\/li>\n<li class=\"separator\">\n                                        <\/li>\n<li>\n                                            <span class=\"n\">Tr\u1ea1ng th\u00e1i:<\/span><br \/>\n                                            <span class=\"v\" style=\"font-weight:700;color: #d7000e\">T\u1ea1m h\u1ebft h\u00e0ng<\/span>\n                                        <\/li>\n<li>\n                                            <span class=\"n\">T\u00ecnh tr\u1ea1ng:<\/span><br \/>\n                                            <span class=\"v\">M\u1edbi 100%<\/span>\n                                        <\/li>\n<li>\n                                            <span class=\"n\">B\u1ea3o h\u00e0nh:<\/span><br \/>\n                                            <span class=\"v\">Ch\u00ednh h\u00e3ng<\/span>\n                                        <\/li>\n<li>\n<p>                                            <span class=\"n\">Giao h\u00e0ng:<\/span><br \/>\n                                            <span class=\"v\">To\u00e0n qu\u1ed1c<\/span>\n                                        <\/li>\n<\/ul>","protected":false},"featured_media":15547,"comment_status":"closed","ping_status":"closed","template":"","meta":[],"pwb-brand":[3245],"product_cat":[3232],"product_tag":[46,3706],"class_list":{"0":"post-15546","1":"product","2":"type-product","3":"status-publish","4":"has-post-thumbnail","6":"pwb-brand-joola","7":"product_cat-phu-kien-pickleball","8":"product_tag-bag","9":"product_tag-tui-joola-vision-ii-bag-blue","11":"first","12":"instock","13":"shipping-taxable","14":"product-type-simple"},"yoast_head":"<!-- This site is optimized with the Yoast SEO plugin v22.9 - https:\/\/yoast.com\/wordpress\/plugins\/seo\/ -->\n<title>T\u00fai Joola Vision II Bag (Blue) - PickleBall Vi\u1ec7t Nam<\/title>\n<meta name=\"robots\" content=\"index, follow, max-snippet:-1, max-image-preview:large, max-video-preview:-1\" \/>\n<link rel=\"canonical\" href=\"https:\/\/pickle-ball.vn\/pt\/-product-\/phu-kien-pickleball\/tui-joola-vision-ii-bag-blue\/\" \/>\n<script type=\"application\/ld+json\" class=\"yoast-schema-graph\">{\"@context\":\"https:\/\/schema.org\",\"@graph\":[{\"@type\":\"WebPage\",\"@id\":\"https:\/\/pickle-ball.vn\/bn\/-product-\/phu-kien-pickleball\/tui-joola-vision-ii-bag-blue\/\",\"url\":\"https:\/\/pickle-ball.vn\/bn\/-product-\/phu-kien-pickleball\/tui-joola-vision-ii-bag-blue\/\",\"name\":\"T\u00fai Joola Vision II Bag (Blue) - PickleBall Vi\u1ec7t Nam\",\"isPartOf\":{\"@id\":\"https:\/\/pickle-ball.vn\/ja\/#website\"},\"primaryImageOfPage\":{\"@id\":\"https:\/\/pickle-ball.vn\/bn\/-product-\/phu-kien-pickleball\/tui-joola-vision-ii-bag-blue\/#primaryimage\"},\"image\":{\"@id\":\"https:\/\/pickle-ball.vn\/bn\/-product-\/phu-kien-pickleball\/tui-joola-vision-ii-bag-blue\/#primaryimage\"},\"thumbnailUrl\":\"https:\/\/pickle-ball.vn\/wp-content\/uploads\/2024\/11\/80162-vision-ii-bag-blue-01-663afef32f9fb_720x720xcrop.webp\",\"datePublished\":\"2024-11-04T11:40:38+00:00\",\"dateModified\":\"2024-11-04T11:40:40+00:00\",\"breadcrumb\":{\"@id\":\"https:\/\/pickle-ball.vn\/bn\/-product-\/phu-kien-pickleball\/tui-joola-vision-ii-bag-blue\/#breadcrumb\"},\"inLanguage\":\"pt-PT\",\"potentialAction\":[{\"@type\":\"ReadAction\",\"target\":[\"https:\/\/pickle-ball.vn\/bn\/-product-\/phu-kien-pickleball\/tui-joola-vision-ii-bag-blue\/\"]}]},{\"@type\":\"ImageObject\",\"inLanguage\":\"pt-PT\",\"@id\":\"https:\/\/pickle-ball.vn\/bn\/-product-\/phu-kien-pickleball\/tui-joola-vision-ii-bag-blue\/#primaryimage\",\"url\":\"https:\/\/pickle-ball.vn\/wp-content\/uploads\/2024\/11\/80162-vision-ii-bag-blue-01-663afef32f9fb_720x720xcrop.webp\",\"contentUrl\":\"https:\/\/pickle-ball.vn\/wp-content\/uploads\/2024\/11\/80162-vision-ii-bag-blue-01-663afef32f9fb_720x720xcrop.webp\",\"width\":720,\"height\":720,\"caption\":\"T\u00fai Joola Vision II Bag (Blue)\"},{\"@type\":\"BreadcrumbList\",\"@id\":\"https:\/\/pickle-ball.vn\/bn\/-product-\/phu-kien-pickleball\/tui-joola-vision-ii-bag-blue\/#breadcrumb\",\"itemListElement\":[{\"@type\":\"ListItem\",\"position\":1,\"name\":\"Home\",\"item\":\"https:\/\/pickle-ball.vn\/ja\/\"},{\"@type\":\"ListItem\",\"position\":2,\"name\":\"Shop\",\"item\":\"https:\/\/pickle-ball.vn\/vi\/shop\/\"},{\"@type\":\"ListItem\",\"position\":3,\"name\":\"T\u00fai Joola Vision II Bag (Blue)\"}]},{\"@type\":\"WebSite\",\"@id\":\"https:\/\/pickle-ball.vn\/ja\/#website\",\"url\":\"https:\/\/pickle-ball.vn\/ja\/\",\"name\":\"Jabra\",\"description\":\"\",\"publisher\":{\"@id\":\"https:\/\/pickle-ball.vn\/ja\/#organization\"},\"potentialAction\":[{\"@type\":\"SearchAction\",\"target\":{\"@type\":\"EntryPoint\",\"urlTemplate\":\"https:\/\/pickle-ball.vn\/ja\/?s={search_term_string}\"},\"query-input\":\"required name=search_term_string\"}],\"inLanguage\":\"pt-PT\"},{\"@type\":\"Organization\",\"@id\":\"https:\/\/pickle-ball.vn\/ja\/#organization\",\"name\":\"Jabra\",\"url\":\"https:\/\/pickle-ball.vn\/ja\/\",\"logo\":{\"@type\":\"ImageObject\",\"inLanguage\":\"pt-PT\",\"@id\":\"https:\/\/pickle-ball.vn\/ja\/#\/schema\/logo\/image\/\",\"url\":\"\",\"contentUrl\":\"\",\"caption\":\"Jabra\"},\"image\":{\"@id\":\"https:\/\/pickle-ball.vn\/ja\/#\/schema\/logo\/image\/\"}}]}<\/script>\n<!-- \/ Yoast SEO plugin. -->","yoast_head_json":{"title":"T\u00fai Joola Vision II Bag (Blue) - PickleBall Vi\u1ec7t Nam","robots":{"index":"index","follow":"follow","max-snippet":"max-snippet:-1","max-image-preview":"max-image-preview:large","max-video-preview":"max-video-preview:-1"},"canonical":"https:\/\/pickle-ball.vn\/pt\/-product-\/phu-kien-pickleball\/tui-joola-vision-ii-bag-blue\/","schema":{"@context":"https:\/\/schema.org","@graph":[{"@type":"WebPage","@id":"https:\/\/pickle-ball.vn\/bn\/-product-\/phu-kien-pickleball\/tui-joola-vision-ii-bag-blue\/","url":"https:\/\/pickle-ball.vn\/bn\/-product-\/phu-kien-pickleball\/tui-joola-vision-ii-bag-blue\/","name":"T\u00fai Joola Vision II Bag (Blue) - PickleBall Vi\u1ec7t Nam","isPartOf":{"@id":"https:\/\/pickle-ball.vn\/ja\/#website"},"primaryImageOfPage":{"@id":"https:\/\/pickle-ball.vn\/bn\/-product-\/phu-kien-pickleball\/tui-joola-vision-ii-bag-blue\/#primaryimage"},"image":{"@id":"https:\/\/pickle-ball.vn\/bn\/-product-\/phu-kien-pickleball\/tui-joola-vision-ii-bag-blue\/#primaryimage"},"thumbnailUrl":"https:\/\/pickle-ball.vn\/wp-content\/uploads\/2024\/11\/80162-vision-ii-bag-blue-01-663afef32f9fb_720x720xcrop.webp","datePublished":"2024-11-04T11:40:38+00:00","dateModified":"2024-11-04T11:40:40+00:00","breadcrumb":{"@id":"https:\/\/pickle-ball.vn\/bn\/-product-\/phu-kien-pickleball\/tui-joola-vision-ii-bag-blue\/#breadcrumb"},"inLanguage":"pt-PT","potentialAction":[{"@type":"ReadAction","target":["https:\/\/pickle-ball.vn\/bn\/-product-\/phu-kien-pickleball\/tui-joola-vision-ii-bag-blue\/"]}]},{"@type":"ImageObject","inLanguage":"pt-PT","@id":"https:\/\/pickle-ball.vn\/bn\/-product-\/phu-kien-pickleball\/tui-joola-vision-ii-bag-blue\/#primaryimage","url":"https:\/\/pickle-ball.vn\/wp-content\/uploads\/2024\/11\/80162-vision-ii-bag-blue-01-663afef32f9fb_720x720xcrop.webp","contentUrl":"https:\/\/pickle-ball.vn\/wp-content\/uploads\/2024\/11\/80162-vision-ii-bag-blue-01-663afef32f9fb_720x720xcrop.webp","width":720,"height":720,"caption":"T\u00fai Joola Vision II Bag (Blue)"},{"@type":"BreadcrumbList","@id":"https:\/\/pickle-ball.vn\/bn\/-product-\/phu-kien-pickleball\/tui-joola-vision-ii-bag-blue\/#breadcrumb","itemListElement":[{"@type":"ListItem","position":1,"name":"Home","item":"https:\/\/pickle-ball.vn\/ja\/"},{"@type":"ListItem","position":2,"name":"Shop","item":"https:\/\/pickle-ball.vn\/vi\/shop\/"},{"@type":"ListItem","position":3,"name":"T\u00fai Joola Vision II Bag (Blue)"}]},{"@type":"WebSite","@id":"https:\/\/pickle-ball.vn\/ja\/#website","url":"https:\/\/pickle-ball.vn\/ja\/","name":"Jabra","description":"","publisher":{"@id":"https:\/\/pickle-ball.vn\/ja\/#organization"},"potentialAction":[{"@type":"SearchAction","target":{"@type":"EntryPoint","urlTemplate":"https:\/\/pickle-ball.vn\/ja\/?s={search_term_string}"},"query-input":"required name=search_term_string"}],"inLanguage":"pt-PT"},{"@type":"Organization","@id":"https:\/\/pickle-ball.vn\/ja\/#organization","name":"Jabra","url":"https:\/\/pickle-ball.vn\/ja\/","logo":{"@type":"ImageObject","inLanguage":"pt-PT","@id":"https:\/\/pickle-ball.vn\/ja\/#\/schema\/logo\/image\/","url":"","contentUrl":"","caption":"Jabra"},"image":{"@id":"https:\/\/pickle-ball.vn\/ja\/#\/schema\/logo\/image\/"}}]}},"brands":[{"id":3245,"name":"Joola","slug":"joola"}],"_links":{"self":[{"href":"https:\/\/pickle-ball.vn\/pt\/wp-json\/wp\/v2\/product\/15546","targetHints":{"allow":["GET"]}}],"collection":[{"href":"https:\/\/pickle-ball.vn\/pt\/wp-json\/wp\/v2\/product"}],"about":[{"href":"https:\/\/pickle-ball.vn\/pt\/wp-json\/wp\/v2\/types\/product"}],"replies":[{"embeddable":true,"href":"https:\/\/pickle-ball.vn\/pt\/wp-json\/wp\/v2\/comments?post=15546"}],"wp:featuredmedia":[{"embeddable":true,"href":"https:\/\/pickle-ball.vn\/pt\/wp-json\/wp\/v2\/media\/15547"}],"wp:attachment":[{"href":"https:\/\/pickle-ball.vn\/pt\/wp-json\/wp\/v2\/media?parent=15546"}],"wp:term":[{"taxonomy":"pwb-brand","embeddable":true,"href":"https:\/\/pickle-ball.vn\/pt\/wp-json\/wp\/v2\/pwb-brand?post=15546"},{"taxonomy":"product_cat","embeddable":true,"href":"https:\/\/pickle-ball.vn\/pt\/wp-json\/wp\/v2\/product_cat?post=15546"},{"taxonomy":"product_tag","embeddable":true,"href":"https:\/\/pickle-ball.vn\/pt\/wp-json\/wp\/v2\/product_tag?post=15546"}],"curies":[{"name":"wp","href":"https:\/\/api.w.org\/{rel}","templated":true}]}}