{"id":16210,"date":"2025-02-10T14:15:38","date_gmt":"2025-02-10T07:15:38","guid":{"rendered":"http:\/\/pickle-ball.vn\/-product-\/uncategorized\/balo-pickleball-core-series-team-backpack-red\/"},"modified":"2025-02-10T14:16:00","modified_gmt":"2025-02-10T07:16:00","slug":"balo-pickleball-core-series-team-backpack-red","status":"publish","type":"product","link":"https:\/\/pickle-ball.vn\/pt\/-product-\/phu-kien-pickleball\/balo-pickleball-core-series-team-backpack-red\/","title":{"rendered":"Balo Pickleball Core Series Team Backpack Red"},"content":{"rendered":"<div role=\"tabpanel\" class=\"tab-pane active\" id=\"tab-product-info\">\n<div class=\"vh-content\">\n<h2><strong>Balo Pickleball Core Series Team Backpack Red ch\u00ednh h\u00e3ng<\/strong><\/h2>\n<p><strong>Balo Pickleball Core Series Team Backpack Red<\/strong> l\u00e0 l\u1ef1a ch\u1ecdn l\u00fd t\u01b0\u1edfng cho nh\u1eefng ng\u01b0\u1eddi ch\u01a1i pickleball chuy\u00ean nghi\u1ec7p c\u1ea7n kh\u00f4ng gian l\u01b0u tr\u1eef r\u1ed9ng r\u00e3i m\u00e0 kh\u00f4ng c\u1ed3ng k\u1ec1nh. L\u1ea5y c\u1ea3m h\u1ee9ng t\u1eeb Balo Tour Bag ph\u1ed5 bi\u1ebfn, phi\u00ean b\u1ea3n <strong>balo pickleball<\/strong> n\u00e0y cung c\u1ea5p t\u1ea5t c\u1ea3 c\u00e1c t\u00ednh n\u0103ng c\u1ea7n thi\u1ebft trong khi v\u1eabn gi\u1eef \u0111\u01b0\u1ee3c ki\u1ec3u d\u00e1ng \u0111\u1eb9p.<\/p>\n<p>Balo \u0111\u1ed9i Selkirk Sport Core Line l\u00e0 l\u1ef1a ch\u1ecdn l\u00fd t\u01b0\u1edfng cho nh\u1eefng ng\u01b0\u1eddi ch\u01a1i pickleball chuy\u00ean nghi\u1ec7p c\u1ea7n kh\u00f4ng gian l\u01b0u tr\u1eef r\u1ed9ng r\u00e3i m\u00e0 kh\u00f4ng c\u1ed3ng k\u1ec1nh. L\u1ea5y c\u1ea3m h\u1ee9ng t\u1eeb Balo Tour ph\u1ed5 bi\u1ebfn, phi\u00ean b\u1ea3n h\u1ee3p l\u00fd n\u00e0y cung c\u1ea5p t\u1ea5t c\u1ea3 c\u00e1c t\u00ednh n\u0103ng c\u1ea7n thi\u1ebft trong khi v\u1eabn gi\u1eef \u0111\u01b0\u1ee3c ki\u1ec3u d\u00e1ng \u0111\u1eb9p.<\/p>\n<p style=\"text-align:center\"><img decoding=\"async\" alt=\"Balo Pickleball Core Series Team Backpack Red\" class=\"lazy\" src=\"http:\/\/pickle-ball.vn\/wp-content\/uploads\/2025\/02\/balo-pickleball-core-series-team-backpack-red-01.webp\" style=\"height:800px;width:800px\" title=\"Balo Pickleball Core Series Team Backpack Red\"><\/p>\n<p><strong>Core Series Team Backpack Red<\/strong> \u0111\u01b0\u1ee3c l\u00e0m t\u1eeb ch\u1ea5t li\u1ec7u +V11 Max Polyfiber Performance b\u1ec1n b\u1ec9 c\u1ee7a Selkirk, Balo \u0111\u1ed9i Core nh\u1eb9 v\u00e0 c\u00f3 kh\u1ea3 n\u0103ng b\u1ea3o v\u1ec7. Ng\u0103n ch\u00ednh l\u1edbn c\u1ee7a Balo d\u1ec5 d\u00e0ng \u0111\u1ef1ng \u0111\u01b0\u1ee3c nhi\u1ec1u <strong>v\u1ee3t pickleball<\/strong>, b\u00f3ng, kh\u0103n v\u00e0 c\u00e1c ph\u1ee5 ki\u1ec7n kh\u00e1c, \u0111\u1ea3m b\u1ea3o b\u1ea1n \u0111\u00e3 chu\u1ea9n b\u1ecb t\u1ed1t cho m\u1ed9t ng\u00e0y tr\u00ean s\u00e2n.<\/p>\n<p>Balo c\u0169ng c\u00f3 Balo tr\u01b0\u1edbc c\u00f3 \u0111\u1ec7m \u0111\u1ec3 \u0111\u1ef1ng c\u00e1c v\u1eadt d\u1ee5ng nh\u1ecf, ph\u1ea7n tr\u00ean b\u1eb1ng EVA c\u1ee9ng c\u00f3 Balo \u0111\u1ef1ng \u0111i\u1ec7n tho\u1ea1i di \u0111\u1ed9ng an to\u00e0n v\u00e0 k\u1eb9p ti\u1ec7n l\u1ee3i \u0111\u1ec3 treo tr\u00ean h\u00e0ng r\u00e0o.<\/p>\n<p>V\u1edbi ng\u0103n \u0111\u1ef1ng m\u00e1y t\u00ednh x\u00e1ch tay \u0111\u01b0\u1ee3c b\u1ea3o v\u1ec7 v\u00e0 c\u00e1c Balo b\u00ean trong b\u1ed5 sung, chi\u1ebfc Balo n\u00e0y gi\u00fap b\u1ea1n s\u1eafp x\u1ebfp \u0111\u1ed3 \u0111\u1ea1c g\u1ecdn g\u00e0ng \u0111\u1ed3ng th\u1eddi mang l\u1ea1i s\u1ef1 tho\u1ea3i m\u00e1i v\u00e0 \u1ed5n \u0111\u1ecbnh t\u1ed1i \u0111a v\u1edbi h\u1ec7 th\u1ed1ng d\u00e2y \u0111eo c\u00f3 th\u1ec3 \u0111i\u1ec1u ch\u1ec9nh.<\/p>\n<p style=\"text-align:center\"><img decoding=\"async\" alt=\"Balo Pickleball Core Series Team Backpack Red\" class=\"lazy\" src=\"http:\/\/pickle-ball.vn\/wp-content\/uploads\/2025\/02\/balo-pickleball-core-series-team-backpack-red-02.webp\" style=\"height:800px;width:800px\" title=\"Balo Pickleball Core Series Team Backpack Red\"><\/p>\n<h3><strong>\u0110\u1eb7c \u0111i\u1ec3m n\u1ed5i b\u1eadt c\u1ee7a Balo Pickleball Core Series Team Backpack Red<\/strong><\/h3>\n<p>&#8211; K\u00edch th\u01b0\u1edbc Balo: R\u1ed9ng 11&#8243; x S\u00e2u 11&#8243; x Cao 20,5&#8243;\u00a0<\/p>\n<p>&#8211; V\u1eadt li\u1ec7u hi\u1ec7u su\u1ea5t Polyfiber +V11 Max b\u1ec1n b\u1ec9<\/p>\n<p>&#8211; Ng\u0103n ch\u00ednh l\u1edbn c\u00f3 th\u1ec3 ch\u1ee9a nhi\u1ec1u v\u1ee3t pickleball, b\u00f3ng v\u00e0 ph\u1ee5 ki\u1ec7n<\/p>\n<p>&#8211; Balo \u0111\u1ec7m ph\u00eda tr\u01b0\u1edbc \u0111\u1ef1ng \u0111\u1ed3 nh\u1ecf<\/p>\n<p>&#8211; M\u1eb7t tr\u00ean EVA c\u1ee9ng c\u00f3 Balo \u0111\u1ef1ng \u0111i\u1ec7n tho\u1ea1i di \u0111\u1ed9ng an to\u00e0n<\/p>\n<p>&#8211; K\u1eb9p \u0111\u1ec3 treo tr\u00ean h\u00e0ng r\u00e0o<\/p>\n<p>&#8211; Balo \u0111\u1ef1ng m\u00e1y t\u00ednh x\u00e1ch tay \u0111\u01b0\u1ee3c b\u1ea3o v\u1ec7 v\u1eeba v\u1eb7n v\u1edbi m\u00e1y t\u00ednh x\u00e1ch tay 15 inch<\/p>\n<p>&#8211; 3 Balo b\u00ean trong c\u00f3 th\u00eam kh\u00f3a k\u00e9o \u0111\u1ec3 s\u1eafp x\u1ebfp c\u00e1c v\u1eadt d\u1ee5ng nh\u1ecf<\/p>\n<p>&#8211; Balo l\u01b0\u1edbi \u0111\u1ef1ng b\u00ecnh n\u01b0\u1edbc l\u1edbn<\/p>\n<p>&#8211; H\u1ec7 th\u1ed1ng d\u00e2y \u0111eo c\u00f3 th\u1ec3 \u0111i\u1ec1u ch\u1ec9nh mang l\u1ea1i s\u1ef1 tho\u1ea3i m\u00e1i v\u00e0 \u1ed5n \u0111\u1ecbnh t\u1ed1i \u01b0u<\/p>\n<p>&#8211; Kh\u00f3a k\u00e9o cao c\u1ea5p cho \u0111\u1ed9 b\u1ec1n cao<\/p>\n<p><strong>Balo Pickleball Core Series Team Backpack Red<\/strong> ch\u00ednh h\u00e3ng, \u0111ang c\u00f3 s\u1eb5n t\u1ea1i Pickleball Vi\u1ec7t Nam. Vui l\u00f2ng li\u00ean h\u1ec7 v\u1edbi ch\u00fang t\u00f4i\u00a00.87654321.9 \u0111\u1ec3 \u0111\u01b0\u1ee3c t\u01b0 v\u1ea5n, h\u1ed7 tr\u1ee3 chi ti\u1ebft c\u00e1c th\u00f4ng tin v\u1ec1 s\u1ea3n ph\u1ea9m.<\/p>\n<\/p><\/div>\n<\/p><\/div>","protected":false},"excerpt":{"rendered":"<ul class=\"list-unstyled params\">\n<li class=\"btt\">Th\u00f4ng tin s\u1ea3n ph\u1ea9m:<\/li>\n<li class=\"dyn\">\n                                            <span class=\"n\">Th\u01b0\u01a1ng hi\u1ec7u:<\/span><br \/>\n\t\t\t\t\t\t\t\t\t\t\t<span class=\"v\" style=\"text-transform: uppercase\"><b>Selkirk<\/b><\/span>\n                                        <\/li>\n<li class=\"dyn\">\n                                            <span class=\"n\">Xu\u1ea5t x\u1ee9:<\/span><br \/>\n\t\t\t\t\t\t\t\t\t\t\t<span class=\"v\">M\u1ef9 (Made in USA)<\/span>\n                                        <\/li>\n<li class=\"dyn\">\n                                            <span class=\"n\">Number order:<\/span><br \/>\n\t\t\t\t\t\t\t\t\t\t\t<span class=\"v\">10043<\/span>\n                                        <\/li>\n<li class=\"dyn\">\n                                            <span class=\"n\">Nh\u00e0 cung c\u1ea5p:<\/span><br \/>\n                                            \t\t\t\t\t\t\t\t\t\t\t<span class=\"v\">Pickleball Vi\u1ec7t Nam<\/span>\n\t\t\t\t\t\t\t\t\t\t\t                                        <\/li>\n<li class=\"dyn\">\n                                            <span class=\"n\">Lo\u1ea1i s\u1ea3n ph\u1ea9m:<\/span><br \/>\n                                            <span class=\"v\">Balo Pickleball<\/span>\n                                        <\/li>\n<li class=\"dyn\">\n                                            <span class=\"n\">Ch\u1ea5t li\u1ec7u:<\/span><br \/>\n                                            <span class=\"v\">Polyfiber +V11 Max<\/span>\n                                        <\/li>\n<li class=\"separator\">\n                                        <\/li>\n<li>\n                                            <span class=\"n\">Tr\u1ea1ng th\u00e1i:<\/span><br \/>\n                                            <span class=\"v\" style=\"font-weight:700;color: #d7000e\">C\u00f3 s\u1eb5n h\u00e0ng<\/span>\n                                        <\/li>\n<li>\n                                            <span class=\"n\">T\u00ecnh tr\u1ea1ng:<\/span><br \/>\n                                            <span class=\"v\">M\u1edbi 100%<\/span>\n                                        <\/li>\n<li>\n                                            <span class=\"n\">B\u1ea3o h\u00e0nh:<\/span><br \/>\n                                            <span class=\"v\">Ch\u00ednh h\u00e3ng<\/span>\n                                        <\/li>\n<li>\n<p>                                            <span class=\"n\">Giao h\u00e0ng:<\/span><br \/>\n                                            <span class=\"v\">To\u00e0n qu\u1ed1c<\/span>\n                                        <\/li>\n<\/ul>","protected":false},"featured_media":16211,"comment_status":"closed","ping_status":"closed","template":"","meta":[],"pwb-brand":[3742],"product_cat":[3232],"product_tag":[46,3997,4036,4017,3996,3248,4037,4018,3445,25,3999,3465,3417],"class_list":{"0":"post-16210","1":"product","2":"type-product","3":"status-publish","4":"has-post-thumbnail","6":"pwb-brand-selkirk","7":"product_cat-phu-kien-pickleball","8":"product_tag-bag","9":"product_tag-balo-pickleball","10":"product_tag-balo-pickleball-core-series-team-backpack","11":"product_tag-balo-pickleball-core-series-team-backpack-red","12":"product_tag-balo-selkirk","13":"product_tag-bong","14":"product_tag-core-series-team-backpack","15":"product_tag-core-series-team-backpack-red","16":"product_tag-luoi","17":"product_tag-man","18":"product_tag-tui-pickleball","19":"product_tag-tui-vot-pickleball","20":"product_tag-vot-pickleball","22":"first","23":"instock","24":"shipping-taxable","25":"product-type-simple"},"yoast_head":"<!-- This site is optimized with the Yoast SEO plugin v22.9 - https:\/\/yoast.com\/wordpress\/plugins\/seo\/ -->\n<title>Balo Pickleball Core Series Team Backpack Red - PickleBall Vi\u1ec7t Nam<\/title>\n<meta name=\"robots\" content=\"index, follow, max-snippet:-1, max-image-preview:large, max-video-preview:-1\" \/>\n<link rel=\"canonical\" href=\"https:\/\/pickle-ball.vn\/pt\/-product-\/phu-kien-pickleball\/balo-pickleball-core-series-team-backpack-red\/\" \/>\n<meta name=\"twitter:label1\" content=\"Tempo estimado de leitura\" \/>\n\t<meta name=\"twitter:data1\" content=\"3 minutos\" \/>\n<script type=\"application\/ld+json\" class=\"yoast-schema-graph\">{\"@context\":\"https:\/\/schema.org\",\"@graph\":[{\"@type\":\"WebPage\",\"@id\":\"http:\/\/pickle-ball.vn\/vi\/-product-\/phu-kien-pickleball\/balo-pickleball-core-series-team-backpack-red\/\",\"url\":\"http:\/\/pickle-ball.vn\/vi\/-product-\/phu-kien-pickleball\/balo-pickleball-core-series-team-backpack-red\/\",\"name\":\"Balo Pickleball Core Series Team Backpack Red - PickleBall Vi\u1ec7t Nam\",\"isPartOf\":{\"@id\":\"https:\/\/pickle-ball.vn\/ja\/#website\"},\"primaryImageOfPage\":{\"@id\":\"http:\/\/pickle-ball.vn\/vi\/-product-\/phu-kien-pickleball\/balo-pickleball-core-series-team-backpack-red\/#primaryimage\"},\"image\":{\"@id\":\"http:\/\/pickle-ball.vn\/vi\/-product-\/phu-kien-pickleball\/balo-pickleball-core-series-team-backpack-red\/#primaryimage\"},\"thumbnailUrl\":\"https:\/\/pickle-ball.vn\/wp-content\/uploads\/2025\/02\/balo-pickleball-core-series-team-backpack-red-01_720x720xcrop.webp\",\"datePublished\":\"2025-02-10T07:15:38+00:00\",\"dateModified\":\"2025-02-10T07:16:00+00:00\",\"breadcrumb\":{\"@id\":\"http:\/\/pickle-ball.vn\/vi\/-product-\/phu-kien-pickleball\/balo-pickleball-core-series-team-backpack-red\/#breadcrumb\"},\"inLanguage\":\"pt-PT\",\"potentialAction\":[{\"@type\":\"ReadAction\",\"target\":[\"http:\/\/pickle-ball.vn\/vi\/-product-\/phu-kien-pickleball\/balo-pickleball-core-series-team-backpack-red\/\"]}]},{\"@type\":\"ImageObject\",\"inLanguage\":\"pt-PT\",\"@id\":\"http:\/\/pickle-ball.vn\/vi\/-product-\/phu-kien-pickleball\/balo-pickleball-core-series-team-backpack-red\/#primaryimage\",\"url\":\"https:\/\/pickle-ball.vn\/wp-content\/uploads\/2025\/02\/balo-pickleball-core-series-team-backpack-red-01_720x720xcrop.webp\",\"contentUrl\":\"https:\/\/pickle-ball.vn\/wp-content\/uploads\/2025\/02\/balo-pickleball-core-series-team-backpack-red-01_720x720xcrop.webp\",\"width\":720,\"height\":720,\"caption\":\"Balo Pickleball Core Series Team Backpack Red b\u1ec1n \u0111\u1eb9p\"},{\"@type\":\"BreadcrumbList\",\"@id\":\"http:\/\/pickle-ball.vn\/vi\/-product-\/phu-kien-pickleball\/balo-pickleball-core-series-team-backpack-red\/#breadcrumb\",\"itemListElement\":[{\"@type\":\"ListItem\",\"position\":1,\"name\":\"Home\",\"item\":\"https:\/\/pickle-ball.vn\/ja\/\"},{\"@type\":\"ListItem\",\"position\":2,\"name\":\"Shop\",\"item\":\"https:\/\/pickle-ball.vn\/vi\/shop\/\"},{\"@type\":\"ListItem\",\"position\":3,\"name\":\"Balo Pickleball Core Series Team Backpack Red\"}]},{\"@type\":\"WebSite\",\"@id\":\"https:\/\/pickle-ball.vn\/ja\/#website\",\"url\":\"https:\/\/pickle-ball.vn\/ja\/\",\"name\":\"Jabra\",\"description\":\"\",\"publisher\":{\"@id\":\"https:\/\/pickle-ball.vn\/ja\/#organization\"},\"potentialAction\":[{\"@type\":\"SearchAction\",\"target\":{\"@type\":\"EntryPoint\",\"urlTemplate\":\"https:\/\/pickle-ball.vn\/ja\/?s={search_term_string}\"},\"query-input\":\"required name=search_term_string\"}],\"inLanguage\":\"pt-PT\"},{\"@type\":\"Organization\",\"@id\":\"https:\/\/pickle-ball.vn\/ja\/#organization\",\"name\":\"Jabra\",\"url\":\"https:\/\/pickle-ball.vn\/ja\/\",\"logo\":{\"@type\":\"ImageObject\",\"inLanguage\":\"pt-PT\",\"@id\":\"https:\/\/pickle-ball.vn\/ja\/#\/schema\/logo\/image\/\",\"url\":\"\",\"contentUrl\":\"\",\"caption\":\"Jabra\"},\"image\":{\"@id\":\"https:\/\/pickle-ball.vn\/ja\/#\/schema\/logo\/image\/\"}}]}<\/script>\n<!-- \/ Yoast SEO plugin. -->","yoast_head_json":{"title":"Balo Pickleball Core Series Team Backpack Red - PickleBall Vi\u1ec7t Nam","robots":{"index":"index","follow":"follow","max-snippet":"max-snippet:-1","max-image-preview":"max-image-preview:large","max-video-preview":"max-video-preview:-1"},"canonical":"https:\/\/pickle-ball.vn\/pt\/-product-\/phu-kien-pickleball\/balo-pickleball-core-series-team-backpack-red\/","twitter_misc":{"Tempo estimado de leitura":"3 minutos"},"schema":{"@context":"https:\/\/schema.org","@graph":[{"@type":"WebPage","@id":"http:\/\/pickle-ball.vn\/vi\/-product-\/phu-kien-pickleball\/balo-pickleball-core-series-team-backpack-red\/","url":"http:\/\/pickle-ball.vn\/vi\/-product-\/phu-kien-pickleball\/balo-pickleball-core-series-team-backpack-red\/","name":"Balo Pickleball Core Series Team Backpack Red - PickleBall Vi\u1ec7t Nam","isPartOf":{"@id":"https:\/\/pickle-ball.vn\/ja\/#website"},"primaryImageOfPage":{"@id":"http:\/\/pickle-ball.vn\/vi\/-product-\/phu-kien-pickleball\/balo-pickleball-core-series-team-backpack-red\/#primaryimage"},"image":{"@id":"http:\/\/pickle-ball.vn\/vi\/-product-\/phu-kien-pickleball\/balo-pickleball-core-series-team-backpack-red\/#primaryimage"},"thumbnailUrl":"https:\/\/pickle-ball.vn\/wp-content\/uploads\/2025\/02\/balo-pickleball-core-series-team-backpack-red-01_720x720xcrop.webp","datePublished":"2025-02-10T07:15:38+00:00","dateModified":"2025-02-10T07:16:00+00:00","breadcrumb":{"@id":"http:\/\/pickle-ball.vn\/vi\/-product-\/phu-kien-pickleball\/balo-pickleball-core-series-team-backpack-red\/#breadcrumb"},"inLanguage":"pt-PT","potentialAction":[{"@type":"ReadAction","target":["http:\/\/pickle-ball.vn\/vi\/-product-\/phu-kien-pickleball\/balo-pickleball-core-series-team-backpack-red\/"]}]},{"@type":"ImageObject","inLanguage":"pt-PT","@id":"http:\/\/pickle-ball.vn\/vi\/-product-\/phu-kien-pickleball\/balo-pickleball-core-series-team-backpack-red\/#primaryimage","url":"https:\/\/pickle-ball.vn\/wp-content\/uploads\/2025\/02\/balo-pickleball-core-series-team-backpack-red-01_720x720xcrop.webp","contentUrl":"https:\/\/pickle-ball.vn\/wp-content\/uploads\/2025\/02\/balo-pickleball-core-series-team-backpack-red-01_720x720xcrop.webp","width":720,"height":720,"caption":"Balo Pickleball Core Series Team Backpack Red b\u1ec1n \u0111\u1eb9p"},{"@type":"BreadcrumbList","@id":"http:\/\/pickle-ball.vn\/vi\/-product-\/phu-kien-pickleball\/balo-pickleball-core-series-team-backpack-red\/#breadcrumb","itemListElement":[{"@type":"ListItem","position":1,"name":"Home","item":"https:\/\/pickle-ball.vn\/ja\/"},{"@type":"ListItem","position":2,"name":"Shop","item":"https:\/\/pickle-ball.vn\/vi\/shop\/"},{"@type":"ListItem","position":3,"name":"Balo Pickleball Core Series Team Backpack Red"}]},{"@type":"WebSite","@id":"https:\/\/pickle-ball.vn\/ja\/#website","url":"https:\/\/pickle-ball.vn\/ja\/","name":"Jabra","description":"","publisher":{"@id":"https:\/\/pickle-ball.vn\/ja\/#organization"},"potentialAction":[{"@type":"SearchAction","target":{"@type":"EntryPoint","urlTemplate":"https:\/\/pickle-ball.vn\/ja\/?s={search_term_string}"},"query-input":"required name=search_term_string"}],"inLanguage":"pt-PT"},{"@type":"Organization","@id":"https:\/\/pickle-ball.vn\/ja\/#organization","name":"Jabra","url":"https:\/\/pickle-ball.vn\/ja\/","logo":{"@type":"ImageObject","inLanguage":"pt-PT","@id":"https:\/\/pickle-ball.vn\/ja\/#\/schema\/logo\/image\/","url":"","contentUrl":"","caption":"Jabra"},"image":{"@id":"https:\/\/pickle-ball.vn\/ja\/#\/schema\/logo\/image\/"}}]}},"brands":[{"id":3742,"name":"Selkirk","slug":"selkirk"}],"_links":{"self":[{"href":"https:\/\/pickle-ball.vn\/pt\/wp-json\/wp\/v2\/product\/16210","targetHints":{"allow":["GET"]}}],"collection":[{"href":"https:\/\/pickle-ball.vn\/pt\/wp-json\/wp\/v2\/product"}],"about":[{"href":"https:\/\/pickle-ball.vn\/pt\/wp-json\/wp\/v2\/types\/product"}],"replies":[{"embeddable":true,"href":"https:\/\/pickle-ball.vn\/pt\/wp-json\/wp\/v2\/comments?post=16210"}],"wp:featuredmedia":[{"embeddable":true,"href":"https:\/\/pickle-ball.vn\/pt\/wp-json\/wp\/v2\/media\/16211"}],"wp:attachment":[{"href":"https:\/\/pickle-ball.vn\/pt\/wp-json\/wp\/v2\/media?parent=16210"}],"wp:term":[{"taxonomy":"pwb-brand","embeddable":true,"href":"https:\/\/pickle-ball.vn\/pt\/wp-json\/wp\/v2\/pwb-brand?post=16210"},{"taxonomy":"product_cat","embeddable":true,"href":"https:\/\/pickle-ball.vn\/pt\/wp-json\/wp\/v2\/product_cat?post=16210"},{"taxonomy":"product_tag","embeddable":true,"href":"https:\/\/pickle-ball.vn\/pt\/wp-json\/wp\/v2\/product_tag?post=16210"}],"curies":[{"name":"wp","href":"https:\/\/api.w.org\/{rel}","templated":true}]}}