{"id":16233,"date":"2025-02-10T14:30:59","date_gmt":"2025-02-10T07:30:59","guid":{"rendered":"http:\/\/pickle-ball.vn\/-product-\/uncategorized\/balo-pickleball-core-series-tour-backpack-pine\/"},"modified":"2025-02-10T14:31:07","modified_gmt":"2025-02-10T07:31:07","slug":"balo-pickleball-core-series-tour-backpack-pine","status":"publish","type":"product","link":"https:\/\/pickle-ball.vn\/pt\/-product-\/phu-kien-pickleball\/balo-pickleball-core-series-tour-backpack-pine\/","title":{"rendered":"Balo Pickleball Core Series Tour Backpack Pine"},"content":{"rendered":"<div role=\"tabpanel\" class=\"tab-pane active\" id=\"tab-product-info\">\n<div class=\"vh-content\">\n<h2><strong>Balo Pickleball Core Series Tour Backpack Pine ch\u00ednh h\u00e3ng<\/strong><\/h2>\n<p><strong>Balo Pickleball Core Series Tour Backpack Pine<\/strong>\u00a0l\u00e0 chi\u1ebfc balo l\u1edbn nh\u1ea5t trong Core Line, \u0111\u01b0\u1ee3c thi\u1ebft k\u1ebf \u0111\u1ec3 \u0111\u00e1p \u1ee9ng nhu c\u1ea7u c\u1ee7a nh\u1eefng ng\u01b0\u1eddi ch\u01a1i pickleball chuy\u00ean nghi\u1ec7p, nh\u1eefng ng\u01b0\u1eddi c\u1ea7n l\u01b0u tr\u1eef t\u1ed1i \u0111a v\u00e0 s\u1eafp x\u1ebfp chuy\u00ean d\u1ee5ng. <strong>Balo Pickleball<\/strong> n\u00e0y \u0111\u01b0\u1ee3c ch\u1ebf t\u00e1c t\u1eeb v\u1eadt li\u1ec7u +V11 Max Polyfiber Performance b\u1ec1n b\u1ec9 c\u1ee7a Selkirk, chi\u1ebfc t\u00fai n\u00e0y mang \u0111\u1ebfn kh\u1ea3 n\u0103ng b\u1ea3o v\u1ec7 nh\u1eb9 \u0111\u1ed3ng th\u1eddi cung c\u1ea5p kh\u00f4ng gian r\u1ed9ng r\u00e3i cho t\u1ea5t c\u1ea3 c\u00e1c thi\u1ebft b\u1ecb c\u1ee7a b\u1ea1n.\u00a0<\/p>\n<p style=\"text-align:center\"><img decoding=\"async\" alt=\"Balo Pickleball Core Series Tour Backpack Pine\" class=\"lazy\" src=\"http:\/\/pickle-ball.vn\/wp-content\/uploads\/2025\/02\/balo-pickleball-core-series-tour-backpack-pine-01.webp\" style=\"height:800px;width:800px\" title=\"Balo Pickleball Core Series Tour Backpack Pine\"><\/p>\n<p><strong>Core Series Tour Backpack Pine<\/strong>\u00a0c\u00f3 ng\u0103n ch\u00ednh r\u1ed9ng r\u00e3i, t\u00fai \u0111\u1ef1ng v\u1ee3t pickleball chuy\u00ean d\u1ee5ng c\u00f3 th\u1ec3 ch\u1ee9a t\u1edbi hai v\u1ee3t pickleball v\u00e0 t\u00fai l\u01b0\u1edbi l\u1edbn b\u00ean h\u00f4ng \u0111\u1ec3 gi\u1eef nh\u1eefng v\u1eadt d\u1ee5ng c\u1ea7n thi\u1ebft c\u1ee7a b\u1ea1n \u0111\u01b0\u1ee3c ng\u0103n n\u1eafp. V\u1edbi ng\u0103n \u0111\u1ef1ng gi\u00e0y \u0111\u1ec3 ph\u00e2n lo\u1ea1i \u0111\u1ed3 d\u00f9ng ho\u00e0n to\u00e0n v\u00e0 t\u00fai gi\u1eef nhi\u1ec7t c\u00e1ch nhi\u1ec7t \u0111\u1ec3 gi\u1eef th\u1ee9c \u0103n v\u00e0 \u0111\u1ed3 u\u1ed1ng c\u1ee7a b\u1ea1n \u1edf nhi\u1ec7t \u0111\u1ed9 ho\u00e0n h\u1ea3o.<\/p>\n<p><strong>Balo Pickleball Core Series Tour Backpack Pine<\/strong> \u0111\u1ea3m b\u1ea3o b\u1ea1n \u0111\u00e3 s\u1eb5n s\u00e0ng cho nh\u1eefng ng\u00e0y d\u00e0i tr\u00ean s\u00e2n. Ngo\u00e0i ra, t\u00fai c\u00f2n c\u00f3 ph\u1ea7n tr\u00ean EVA c\u1ee9ng c\u00f3 t\u00fai \u0111\u1ef1ng \u0111i\u1ec7n tho\u1ea1i di \u0111\u1ed9ng, k\u1eb9p \u0111\u1ec3 treo tr\u00ean h\u00e0ng r\u00e0o v\u00e0 ng\u0103n \u0111\u1ef1ng m\u00e1y t\u00ednh x\u00e1ch tay \u0111\u01b0\u1ee3c b\u1ea3o v\u1ec7, gi\u00fap t\u00fai ti\u1ec7n d\u1ee5ng c\u1ea3 khi kh\u00f4ng \u1edf tr\u00ean s\u00e2n c\u0169ng nh\u01b0 khi \u1edf ngo\u00e0i s\u00e2n.<\/p>\n<p style=\"text-align:center\"><img decoding=\"async\" alt=\"Balo Pickleball Core Series Tour Backpack Pine\" class=\"lazy\" src=\"http:\/\/pickle-ball.vn\/wp-content\/uploads\/2025\/02\/balo-pickleball-core-series-tour-backpack-pine-02.webp\" style=\"height:800px;width:800px\" title=\"Balo Pickleball Core Series Tour Backpack Pine\"><\/p>\n<h3><strong>\u0110\u1eb7c \u0111i\u1ec3m n\u1ed5i b\u1eadt c\u1ee7a Balo Pickleball Core Series Tour Backpack Pine<\/strong><\/h3>\n<p>&#8211; K\u00edch th\u01b0\u1edbc t\u00fai: R\u1ed9ng 14&#8243; x S\u00e2u 11&#8243; x Cao 20,5&#8243;<\/p>\n<p>&#8211; \u0110\u01b0\u1ee3c l\u00e0m t\u1eeb v\u1eadt li\u1ec7u hi\u1ec7u su\u1ea5t +V11 Max Polyfiber b\u1ec1n b\u1ec9<\/p>\n<p style=\"text-align:center\"><img decoding=\"async\" alt=\"Balo Pickleball Core Series Tour Backpack Pine\" class=\"lazy\" src=\"http:\/\/pickle-ball.vn\/wp-content\/uploads\/2025\/02\/balo-pickleball-core-series-tour-backpack-pine-03.webp\" style=\"height:800px;width:800px\" title=\"Balo Pickleball Core Series Tour Backpack Pine\"><\/p>\n<p>&#8211; Ng\u0103n ch\u00ednh r\u1ed9ng r\u00e3i v\u1edbi kh\u1ea3 n\u0103ng truy c\u1eadp d\u1ec5 d\u00e0ng t\u1eeb ph\u00eda tr\u00ean v\u00e0 ph\u00eda tr\u01b0\u1edbc<\/p>\n<p>&#8211; T\u00fai \u0111\u1ef1ng v\u1ee3t pickleball chuy\u00ean d\u1ee5ng c\u00f3 th\u1ec3 ch\u1ee9a t\u1ed1i \u0111a hai v\u1ee3t pickleball<\/p>\n<p>&#8211; T\u00fai \u0111\u1ec7m ph\u00eda tr\u01b0\u1edbc \u0111\u1ef1ng \u0111\u1ed3 nh\u1ecf<\/p>\n<p>&#8211; M\u1eb7t tr\u00ean EVA c\u1ee9ng c\u00f3 t\u00fai \u0111\u1ef1ng \u0111i\u1ec7n tho\u1ea1i di \u0111\u1ed9ng an to\u00e0n<\/p>\n<p>&#8211; K\u1eb9p \u0111\u1ec3 treo tr\u00ean h\u00e0ng r\u00e0o<\/p>\n<p>&#8211; Ng\u0103n \u0111\u1ef1ng gi\u00e0y th\u00f4ng gi\u00f3 t\u00e1ch bi\u1ec7t gi\u00e0y d\u00e9p v\u1edbi c\u00e1c \u0111\u1ed3 d\u00f9ng kh\u00e1c<\/p>\n<p>&#8211; T\u00fai \u0111\u1ef1ng th\u1ee9c \u0103n v\u00e0 \u0111\u1ed3 u\u1ed1ng gi\u1eef nhi\u1ec7t<\/p>\n<p>&#8211; T\u00fai \u0111\u1ef1ng m\u00e1y t\u00ednh x\u00e1ch tay \u0111\u01b0\u1ee3c b\u1ea3o v\u1ec7 v\u1eeba v\u1eb7n v\u1edbi m\u00e1y t\u00ednh x\u00e1ch tay 15 inch<\/p>\n<p>&#8211; T\u00fai l\u01b0\u1edbi l\u1edbn b\u00ean h\u00f4ng \u0111\u1ec3 l\u01b0u tr\u1eef th\u00eam<\/p>\n<p>&#8211; Tay c\u1ea7m c\u00f3 \u0111\u1ec7m \u1edf tr\u00ean \u0111\u1ec3 d\u1ec5 d\u00e0ng mang theo<\/p>\n<p><strong>Balo Pickleball Core Series Tour Backpack Pine<\/strong> ch\u00ednh h\u00e3ng, \u0111ang c\u00f3 s\u1eb5n t\u1ea1i Pickleball Vi\u1ec7t Nam. Vui l\u00f2ng li\u00ean h\u1ec7 v\u1edbi ch\u00fang t\u00f4i\u00a00.87654321.9 \u0111\u1ec3 \u0111\u01b0\u1ee3c t\u01b0 v\u1ea5n, h\u1ed7 tr\u1ee3 chi ti\u1ebft c\u00e1c th\u00f4ng tin v\u1ec1 s\u1ea3n ph\u1ea9m.<\/p>\n<\/p><\/div>\n<\/p><\/div>","protected":false},"excerpt":{"rendered":"<ul class=\"list-unstyled params\">\n<li class=\"btt\">Th\u00f4ng tin s\u1ea3n ph\u1ea9m:<\/li>\n<li class=\"dyn\">\n                                            <span class=\"n\">Th\u01b0\u01a1ng hi\u1ec7u:<\/span><br \/>\n\t\t\t\t\t\t\t\t\t\t\t<span class=\"v\" style=\"text-transform: uppercase\"><b>Selkirk<\/b><\/span>\n                                        <\/li>\n<li class=\"dyn\">\n                                            <span class=\"n\">Xu\u1ea5t x\u1ee9:<\/span><br \/>\n\t\t\t\t\t\t\t\t\t\t\t<span class=\"v\">M\u1ef9 (Made in USA)<\/span>\n                                        <\/li>\n<li class=\"dyn\">\n                                            <span class=\"n\">Number order:<\/span><br \/>\n\t\t\t\t\t\t\t\t\t\t\t<span class=\"v\">10154<\/span>\n                                        <\/li>\n<li class=\"dyn\">\n                                            <span class=\"n\">Nh\u00e0 cung c\u1ea5p:<\/span><br \/>\n                                            \t\t\t\t\t\t\t\t\t\t\t<span class=\"v\">Pickleball Vi\u1ec7t Nam<\/span>\n\t\t\t\t\t\t\t\t\t\t\t                                        <\/li>\n<li class=\"dyn\">\n                                            <span class=\"n\">Lo\u1ea1i s\u1ea3n ph\u1ea9m:<\/span><br \/>\n                                            <span class=\"v\">Balo Pickleball<\/span>\n                                        <\/li>\n<li class=\"dyn\">\n                                            <span class=\"n\">Ch\u1ea5t li\u1ec7u:<\/span><br \/>\n                                            <span class=\"v\">+V11 Max Polyfiber Performance<\/span>\n                                        <\/li>\n<li class=\"separator\">\n                                        <\/li>\n<li>\n                                            <span class=\"n\">Tr\u1ea1ng th\u00e1i:<\/span><br \/>\n                                            <span class=\"v\" style=\"font-weight:700;color: #d7000e\">C\u00f3 s\u1eb5n h\u00e0ng<\/span>\n                                        <\/li>\n<li>\n                                            <span class=\"n\">T\u00ecnh tr\u1ea1ng:<\/span><br \/>\n                                            <span class=\"v\">M\u1edbi 100%<\/span>\n                                        <\/li>\n<li>\n                                            <span class=\"n\">B\u1ea3o h\u00e0nh:<\/span><br \/>\n                                            <span class=\"v\">Ch\u00ednh h\u00e3ng<\/span>\n                                        <\/li>\n<li>\n<p>                                            <span class=\"n\">Giao h\u00e0ng:<\/span><br \/>\n                                            <span class=\"v\">To\u00e0n qu\u1ed1c<\/span>\n                                        <\/li>\n<\/ul>","protected":false},"featured_media":16234,"comment_status":"closed","ping_status":"closed","template":"","meta":[],"pwb-brand":[3742],"product_cat":[3232],"product_tag":[3997,4027,3996,4028,3445,25,3999,3465,3417],"class_list":{"0":"post-16233","1":"product","2":"type-product","3":"status-publish","4":"has-post-thumbnail","6":"pwb-brand-selkirk","7":"product_cat-phu-kien-pickleball","8":"product_tag-balo-pickleball","9":"product_tag-balo-pickleball-core-series-tour-backpack-pine","10":"product_tag-balo-selkirk","11":"product_tag-core-series-tour-backpack-pine","12":"product_tag-luoi","13":"product_tag-man","14":"product_tag-tui-pickleball","15":"product_tag-tui-vot-pickleball","16":"product_tag-vot-pickleball","18":"first","19":"instock","20":"shipping-taxable","21":"product-type-simple"},"yoast_head":"<!-- This site is optimized with the Yoast SEO plugin v22.9 - https:\/\/yoast.com\/wordpress\/plugins\/seo\/ -->\n<title>Balo Pickleball Core Series Tour Backpack Pine - PickleBall Vi\u1ec7t Nam<\/title>\n<meta name=\"robots\" content=\"index, follow, max-snippet:-1, max-image-preview:large, max-video-preview:-1\" \/>\n<link rel=\"canonical\" href=\"https:\/\/pickle-ball.vn\/pt\/-product-\/phu-kien-pickleball\/balo-pickleball-core-series-tour-backpack-pine\/\" \/>\n<meta name=\"twitter:label1\" content=\"Tempo estimado de leitura\" \/>\n\t<meta name=\"twitter:data1\" content=\"3 minutos\" \/>\n<script type=\"application\/ld+json\" class=\"yoast-schema-graph\">{\"@context\":\"https:\/\/schema.org\",\"@graph\":[{\"@type\":\"WebPage\",\"@id\":\"https:\/\/pickle-ball.vn\/vi\/-product-\/phu-kien-pickleball\/balo-pickleball-core-series-tour-backpack-pine\/\",\"url\":\"https:\/\/pickle-ball.vn\/vi\/-product-\/phu-kien-pickleball\/balo-pickleball-core-series-tour-backpack-pine\/\",\"name\":\"Balo Pickleball Core Series Tour Backpack Pine - PickleBall Vi\u1ec7t Nam\",\"isPartOf\":{\"@id\":\"https:\/\/pickle-ball.vn\/ja\/#website\"},\"primaryImageOfPage\":{\"@id\":\"https:\/\/pickle-ball.vn\/vi\/-product-\/phu-kien-pickleball\/balo-pickleball-core-series-tour-backpack-pine\/#primaryimage\"},\"image\":{\"@id\":\"https:\/\/pickle-ball.vn\/vi\/-product-\/phu-kien-pickleball\/balo-pickleball-core-series-tour-backpack-pine\/#primaryimage\"},\"thumbnailUrl\":\"https:\/\/pickle-ball.vn\/wp-content\/uploads\/2025\/02\/balo-pickleball-core-series-tour-backpack-pine-01_720x720xcrop.webp\",\"datePublished\":\"2025-02-10T07:30:59+00:00\",\"dateModified\":\"2025-02-10T07:31:07+00:00\",\"breadcrumb\":{\"@id\":\"https:\/\/pickle-ball.vn\/vi\/-product-\/phu-kien-pickleball\/balo-pickleball-core-series-tour-backpack-pine\/#breadcrumb\"},\"inLanguage\":\"pt-PT\",\"potentialAction\":[{\"@type\":\"ReadAction\",\"target\":[\"https:\/\/pickle-ball.vn\/vi\/-product-\/phu-kien-pickleball\/balo-pickleball-core-series-tour-backpack-pine\/\"]}]},{\"@type\":\"ImageObject\",\"inLanguage\":\"pt-PT\",\"@id\":\"https:\/\/pickle-ball.vn\/vi\/-product-\/phu-kien-pickleball\/balo-pickleball-core-series-tour-backpack-pine\/#primaryimage\",\"url\":\"https:\/\/pickle-ball.vn\/wp-content\/uploads\/2025\/02\/balo-pickleball-core-series-tour-backpack-pine-01_720x720xcrop.webp\",\"contentUrl\":\"https:\/\/pickle-ball.vn\/wp-content\/uploads\/2025\/02\/balo-pickleball-core-series-tour-backpack-pine-01_720x720xcrop.webp\",\"width\":720,\"height\":720,\"caption\":\"Balo Pickleball Core Series Tour Backpack Pine\"},{\"@type\":\"BreadcrumbList\",\"@id\":\"https:\/\/pickle-ball.vn\/vi\/-product-\/phu-kien-pickleball\/balo-pickleball-core-series-tour-backpack-pine\/#breadcrumb\",\"itemListElement\":[{\"@type\":\"ListItem\",\"position\":1,\"name\":\"Home\",\"item\":\"https:\/\/pickle-ball.vn\/ja\/\"},{\"@type\":\"ListItem\",\"position\":2,\"name\":\"Shop\",\"item\":\"https:\/\/pickle-ball.vn\/vi\/shop\/\"},{\"@type\":\"ListItem\",\"position\":3,\"name\":\"Balo Pickleball Core Series Tour Backpack Pine\"}]},{\"@type\":\"WebSite\",\"@id\":\"https:\/\/pickle-ball.vn\/ja\/#website\",\"url\":\"https:\/\/pickle-ball.vn\/ja\/\",\"name\":\"Jabra\",\"description\":\"\",\"publisher\":{\"@id\":\"https:\/\/pickle-ball.vn\/ja\/#organization\"},\"potentialAction\":[{\"@type\":\"SearchAction\",\"target\":{\"@type\":\"EntryPoint\",\"urlTemplate\":\"https:\/\/pickle-ball.vn\/ja\/?s={search_term_string}\"},\"query-input\":\"required name=search_term_string\"}],\"inLanguage\":\"pt-PT\"},{\"@type\":\"Organization\",\"@id\":\"https:\/\/pickle-ball.vn\/ja\/#organization\",\"name\":\"Jabra\",\"url\":\"https:\/\/pickle-ball.vn\/ja\/\",\"logo\":{\"@type\":\"ImageObject\",\"inLanguage\":\"pt-PT\",\"@id\":\"https:\/\/pickle-ball.vn\/ja\/#\/schema\/logo\/image\/\",\"url\":\"\",\"contentUrl\":\"\",\"caption\":\"Jabra\"},\"image\":{\"@id\":\"https:\/\/pickle-ball.vn\/ja\/#\/schema\/logo\/image\/\"}}]}<\/script>\n<!-- \/ Yoast SEO plugin. -->","yoast_head_json":{"title":"Balo Pickleball Core Series Tour Backpack Pine - PickleBall Vi\u1ec7t Nam","robots":{"index":"index","follow":"follow","max-snippet":"max-snippet:-1","max-image-preview":"max-image-preview:large","max-video-preview":"max-video-preview:-1"},"canonical":"https:\/\/pickle-ball.vn\/pt\/-product-\/phu-kien-pickleball\/balo-pickleball-core-series-tour-backpack-pine\/","twitter_misc":{"Tempo estimado de leitura":"3 minutos"},"schema":{"@context":"https:\/\/schema.org","@graph":[{"@type":"WebPage","@id":"https:\/\/pickle-ball.vn\/vi\/-product-\/phu-kien-pickleball\/balo-pickleball-core-series-tour-backpack-pine\/","url":"https:\/\/pickle-ball.vn\/vi\/-product-\/phu-kien-pickleball\/balo-pickleball-core-series-tour-backpack-pine\/","name":"Balo Pickleball Core Series Tour Backpack Pine - PickleBall Vi\u1ec7t Nam","isPartOf":{"@id":"https:\/\/pickle-ball.vn\/ja\/#website"},"primaryImageOfPage":{"@id":"https:\/\/pickle-ball.vn\/vi\/-product-\/phu-kien-pickleball\/balo-pickleball-core-series-tour-backpack-pine\/#primaryimage"},"image":{"@id":"https:\/\/pickle-ball.vn\/vi\/-product-\/phu-kien-pickleball\/balo-pickleball-core-series-tour-backpack-pine\/#primaryimage"},"thumbnailUrl":"https:\/\/pickle-ball.vn\/wp-content\/uploads\/2025\/02\/balo-pickleball-core-series-tour-backpack-pine-01_720x720xcrop.webp","datePublished":"2025-02-10T07:30:59+00:00","dateModified":"2025-02-10T07:31:07+00:00","breadcrumb":{"@id":"https:\/\/pickle-ball.vn\/vi\/-product-\/phu-kien-pickleball\/balo-pickleball-core-series-tour-backpack-pine\/#breadcrumb"},"inLanguage":"pt-PT","potentialAction":[{"@type":"ReadAction","target":["https:\/\/pickle-ball.vn\/vi\/-product-\/phu-kien-pickleball\/balo-pickleball-core-series-tour-backpack-pine\/"]}]},{"@type":"ImageObject","inLanguage":"pt-PT","@id":"https:\/\/pickle-ball.vn\/vi\/-product-\/phu-kien-pickleball\/balo-pickleball-core-series-tour-backpack-pine\/#primaryimage","url":"https:\/\/pickle-ball.vn\/wp-content\/uploads\/2025\/02\/balo-pickleball-core-series-tour-backpack-pine-01_720x720xcrop.webp","contentUrl":"https:\/\/pickle-ball.vn\/wp-content\/uploads\/2025\/02\/balo-pickleball-core-series-tour-backpack-pine-01_720x720xcrop.webp","width":720,"height":720,"caption":"Balo Pickleball Core Series Tour Backpack Pine"},{"@type":"BreadcrumbList","@id":"https:\/\/pickle-ball.vn\/vi\/-product-\/phu-kien-pickleball\/balo-pickleball-core-series-tour-backpack-pine\/#breadcrumb","itemListElement":[{"@type":"ListItem","position":1,"name":"Home","item":"https:\/\/pickle-ball.vn\/ja\/"},{"@type":"ListItem","position":2,"name":"Shop","item":"https:\/\/pickle-ball.vn\/vi\/shop\/"},{"@type":"ListItem","position":3,"name":"Balo Pickleball Core Series Tour Backpack Pine"}]},{"@type":"WebSite","@id":"https:\/\/pickle-ball.vn\/ja\/#website","url":"https:\/\/pickle-ball.vn\/ja\/","name":"Jabra","description":"","publisher":{"@id":"https:\/\/pickle-ball.vn\/ja\/#organization"},"potentialAction":[{"@type":"SearchAction","target":{"@type":"EntryPoint","urlTemplate":"https:\/\/pickle-ball.vn\/ja\/?s={search_term_string}"},"query-input":"required name=search_term_string"}],"inLanguage":"pt-PT"},{"@type":"Organization","@id":"https:\/\/pickle-ball.vn\/ja\/#organization","name":"Jabra","url":"https:\/\/pickle-ball.vn\/ja\/","logo":{"@type":"ImageObject","inLanguage":"pt-PT","@id":"https:\/\/pickle-ball.vn\/ja\/#\/schema\/logo\/image\/","url":"","contentUrl":"","caption":"Jabra"},"image":{"@id":"https:\/\/pickle-ball.vn\/ja\/#\/schema\/logo\/image\/"}}]}},"brands":[{"id":3742,"name":"Selkirk","slug":"selkirk"}],"_links":{"self":[{"href":"https:\/\/pickle-ball.vn\/pt\/wp-json\/wp\/v2\/product\/16233","targetHints":{"allow":["GET"]}}],"collection":[{"href":"https:\/\/pickle-ball.vn\/pt\/wp-json\/wp\/v2\/product"}],"about":[{"href":"https:\/\/pickle-ball.vn\/pt\/wp-json\/wp\/v2\/types\/product"}],"replies":[{"embeddable":true,"href":"https:\/\/pickle-ball.vn\/pt\/wp-json\/wp\/v2\/comments?post=16233"}],"wp:featuredmedia":[{"embeddable":true,"href":"https:\/\/pickle-ball.vn\/pt\/wp-json\/wp\/v2\/media\/16234"}],"wp:attachment":[{"href":"https:\/\/pickle-ball.vn\/pt\/wp-json\/wp\/v2\/media?parent=16233"}],"wp:term":[{"taxonomy":"pwb-brand","embeddable":true,"href":"https:\/\/pickle-ball.vn\/pt\/wp-json\/wp\/v2\/pwb-brand?post=16233"},{"taxonomy":"product_cat","embeddable":true,"href":"https:\/\/pickle-ball.vn\/pt\/wp-json\/wp\/v2\/product_cat?post=16233"},{"taxonomy":"product_tag","embeddable":true,"href":"https:\/\/pickle-ball.vn\/pt\/wp-json\/wp\/v2\/product_tag?post=16233"}],"curies":[{"name":"wp","href":"https:\/\/api.w.org\/{rel}","templated":true}]}}