{"id":14920,"date":"2024-11-04T13:35:41","date_gmt":"2024-11-04T06:35:41","guid":{"rendered":"http:\/\/pickle-ball.vn\/-product-\/uncategorized\/vot-pickleball-vot-pickleball-joola-ben-johns-hyperion-cfs-14-swift\/"},"modified":"2024-11-04T13:35:45","modified_gmt":"2024-11-04T06:35:45","slug":"vot-pickleball-vot-pickleball-joola-ben-johns-hyperion-cfs-14-swift","status":"publish","type":"product","link":"https:\/\/pickle-ball.vn\/ru\/-product-\/vot-pickleball\/vot-pickleball-vot-pickleball-joola-ben-johns-hyperion-cfs-14-swift\/","title":{"rendered":"V\u1ee3t PickleballV\u1ee3t Pickleball Joola Ben Johns Hyperion CFS 14 Swift"},"content":{"rendered":"<div role=\"tabpanel\" class=\"tab-pane active\" id=\"tab-product-info\">\n<div class=\"vh-content\">\n<h2><strong>V\u1ee3t Pickleball Joola Ben Johns Hyperion CFS 14 Swift ch\u00ednh h\u00e3ng, gi\u00e1 t\u1ed1t<\/strong><\/h2>\n<p><strong>Joola Ben Johns Hyperion CFS 14 Swift<\/strong> l\u00e0 c\u00e2y v\u1ee3t \u0111\u1eb7c tr\u01b0ng c\u1ee7a tay v\u1ee3t s\u1ed1 m\u1ed9t th\u1ebf gi\u1edbi Ben Johns v\u00e0 \u0111\u01b0\u1ee3c thi\u1ebft k\u1ebf d\u00e0nh cho nh\u1eefng ng\u01b0\u1eddi ch\u01a1i c\u1ea5p cao, nh\u1eefng ng\u01b0\u1eddi th\u00edch l\u1ed1i ch\u01a1i hung h\u00e3n v\u00e0 t\u1ea5n c\u00f4ng. <strong>V\u1ee3t Pickleball <\/strong>c\u00f3 c\u00f4ng ngh\u1ec7 Swift c\u1ee7a JOola, gi\u00fap v\u1ee3t c\u1ea7m tr\u00ean tay nhanh h\u01a1n v\u00e0 c\u00fa \u0111\u00e1nh c\u1ee7a b\u1ea1n m\u1ea1nh h\u01a1n bao gi\u1edd h\u1ebft.<\/p>\n<p style=\"text-align:center\"><img decoding=\"async\" alt=\"V\u1ee3t Pickleball Joola Ben Johns Hyperion CFS 14 Swift\" class=\"lazy\" src=\"http:\/\/pickle-ball.vn\/wp-content\/uploads\/2024\/11\/joola-ben-johns-hyperion-cfs-14-swift-02.webp\" style=\"height:525px;width:750px\" title=\"V\u1ee3t Pickleball Joola Ben Johns Hyperion CFS 14 Swift\"><\/p>\n<p style=\"text-align:center\"><em>H\u00ecnh \u1ea3nh: <strong>V\u1ee3t Pickleball Joola Ben Johns Hyperion CFS 14 Swift <\/strong>ch\u00ednh h\u00e3ng t\u1ea1i Pickleball Vi\u1ec7t Nam<\/em><\/p>\n<p>V\u1edbi m\u1ed9t lo\u1ea1i b\u1ecdt \u0111\u1eb7c bi\u1ec7t \u0111\u01b0\u1ee3c b\u01a1m v\u00e0o m\u00e9p v\u1ee3t, v\u1ee3t mang l\u1ea1i hi\u1ec7u su\u1ea5t \u1ea5n t\u01b0\u1ee3ng \u0111\u1ec3 c\u00f3 \u0111\u1ed9 \u1ed5n \u0111\u1ecbnh t\u1ed1i \u01b0u ngay c\u1ea3 khi \u0111\u00e1nh l\u1ec7ch t\u00e2m. L\u00f5i Polymer ph\u1ea3n \u1ee9ng c\u0169ng g\u00f3p ph\u1ea7n t\u1ea1o ra ph\u1ea3n h\u1ed3i nh\u1ea5t qu\u00e1n \u0111\u1ed3ng th\u1eddi gi\u1ea3m \u0111\u1ed9 rung \u0111\u1ec3 mang l\u1ea1i c\u1ea3m gi\u00e1c tho\u1ea3i m\u00e1i v\u00e0 t\u1ed1i \u01b0u khi \u0111\u00e1nh <strong>Pickleball<\/strong>. B\u1ec1 m\u1eb7t ma s\u00e1t Carbon mang l\u1ea1i b\u1ec1 m\u1eb7t c\u00f3 k\u1ebft c\u1ea5u, b\u1ec1n l\u00e2u h\u01a1n cho ph\u00e9p b\u1ea1n k\u1ebft h\u1ee3p s\u1ee9c m\u1ea1nh \u1ea5n t\u01b0\u1ee3ng v\u1edbi \u0111\u1ed9 xo\u00e1y cao. \u0110\u01b0a tr\u00f2 ch\u01a1i c\u1ee7a b\u1ea1n l\u00ean m\u1ed9t t\u1ea7m cao m\u1edbi v\u1edbi <strong>c\u00e2y v\u1ee3t Pickleball<\/strong> cao c\u1ea5p n\u00e0y.<\/p>\n<p style=\"text-align:center\"><img decoding=\"async\" alt=\"V\u1ee3t Pickleball Joola Ben Johns Hyperion CFS 14 Swift\" class=\"lazy\" src=\"http:\/\/pickle-ball.vn\/wp-content\/uploads\/2024\/11\/joola-ben-johns-hyperion-cfs-14-swift-04.webp\" style=\"height:525px;width:750px\" title=\"V\u1ee3t Pickleball Joola Ben Johns Hyperion CFS 14 Swift\"><\/p>\n<p style=\"text-align:center\"><em>H\u00ecnh \u1ea3nh: <strong>V\u1ee3t Pickleball Joola Ben Johns Hyperion CFS 14 Swift <\/strong>ch\u00ednh h\u00e3ng t\u1ea1i Pickleball Vi\u1ec7t Nam<\/em><\/p>\n<p>Tr\u1ecdng l\u01b0\u1ee3ng trung b\u00ecnh: 218,0g<\/p>\n<p>Chi\u1ec1u d\u00e0i: 41,9cm<\/p>\n<p>Chi\u1ec1u r\u1ed9ng: 19,0cm<\/p>\n<p>Chi\u1ec1u d\u00e0i tay c\u1ea7m: 14,0 cm<\/p>\n<p>Chu vi tay c\u1ea7m: 10,5 cm<\/p>\n<p style=\"text-align:center\"><img decoding=\"async\" alt=\"V\u1ee3t Pickleball Joola Ben Johns Hyperion CFS 14 Swift\" class=\"lazy\" src=\"http:\/\/pickle-ball.vn\/wp-content\/uploads\/2024\/11\/joola-ben-johns-hyperion-cfs-14-swift-05.webp\" style=\"height:525px;width:750px\" title=\"V\u1ee3t Pickleball Joola Ben Johns Hyperion CFS 14 Swift\"><\/p>\n<p style=\"text-align:center\"><em>H\u00ecnh \u1ea3nh: <strong>V\u1ee3t Pickleball Joola Ben Johns Hyperion CFS 14 Swift <\/strong>ch\u00ednh h\u00e3ng t\u1ea1i Pickleball Vi\u1ec7t Nam<\/em><\/p>\n<h3><strong>Th\u00f4ng s\u1ed1 ch\u00ednh c\u1ee7a v\u1ee3t Pickleball Joola Ben Johns Hyperion CFS 14 Swift<\/strong><\/h3>\n<p>S\u1ea3n ph\u1ea9m: Joola Ben Johns Hyperion CFS 14 Swift<\/p>\n<p>H\u00e3ng: V\u1ee3t Pickleball Joola<\/p>\n<p>B\u1ec1 m\u1eb7t: B\u1ec1 m\u1eb7t ma s\u00e1t cacbon (CFS)<\/p>\n<p>C\u1ed1t l\u00f5i: L\u00f5i polymer t\u1ed5 ong ph\u1ea3n \u1ee9ng<\/p>\n<p>S\u1ee9c m\u1ea1nh c\u1ed1t l\u00f5i: 14mm<\/p>\n<p>Cho ph\u00e9p l\u00e0m g\u00ec: USAPA<\/p>\n<p>Tr\u1ecdng l\u01b0\u1ee3ng t\u1ecbnh (t\u00ednh b\u1eb1ng g): 224<\/p>\n<p>T\u1ed5ng tr\u1ecdng l\u01b0\u1ee3ng (kg): 0,224<\/p>\n<p>Chi\u1ec1u d\u00e0i: 41,91<\/p>\n<p>Chi\u1ec1u r\u1ed9ng: 19<\/p>\n<\/p><\/div>\n<\/p><\/div>","protected":false},"excerpt":{"rendered":"<ul class=\"list-unstyled params\">\n<li class=\"btt\">Th\u00f4ng tin s\u1ea3n ph\u1ea9m:<\/li>\n<li class=\"dyn\">\n                                            <span class=\"n\">Th\u01b0\u01a1ng hi\u1ec7u:<\/span><br \/>\n\t\t\t\t\t\t\t\t\t\t\t<span class=\"v\"><b>Joola<\/b><\/span>\n                                        <\/li>\n<li class=\"dyn\">\n                                            <span class=\"n\">Number order:<\/span><br \/>\n\t\t\t\t\t\t\t\t\t\t\t<span class=\"v\">18506<\/span>\n                                        <\/li>\n<li class=\"dyn\">\n                                            <span class=\"n\">Nh\u00e0 cung c\u1ea5p:<\/span><br \/>\n                                            \t\t\t\t\t\t\t\t\t\t\t<span class=\"v\"><b>pickle-ball.vn<\/b> &#8211; \u0110\u1ea1i l\u00fd \u1ee7y quy\u1ec1n Joola \u00ae<\/span>\n\t\t\t\t\t\t\t\t\t\t\t                                        <\/li>\n<li class=\"dyn\">\n                                            <span class=\"n\">Lo\u1ea1i s\u1ea3n ph\u1ea9m:<\/span><br \/>\n                                            <span class=\"v\">V\u1ee3t c\u00f4ng, th\u1ee7<\/span>\n                                        <\/li>\n<li class=\"dyn\">\n                                            <span class=\"n\">Ch\u1ea5t li\u1ec7u:<\/span><br \/>\n                                            <span class=\"v\">Carbon Fiber<\/span>\n                                        <\/li>\n<li class=\"separator\">\n                                        <\/li>\n<li>\n                                            <span class=\"n\">Tr\u1ea1ng th\u00e1i:<\/span><br \/>\n                                            <span class=\"v\" style=\"font-weight:700;color: #d7000e\">T\u1ea1m h\u1ebft h\u00e0ng<\/span>\n                                        <\/li>\n<li>\n                                            <span class=\"n\">\u0110\u1ed9 d\u00e0y:<\/span><br \/>\n                                            <span class=\"v\">14 mm<\/span>\n                                        <\/li>\n<li>\n                                            <span class=\"n\">Tr\u1ecdng l\u01b0\u1ee3ng:<\/span><br \/>\n                                            <span class=\"v\">218g<\/span>\n                                        <\/li>\n<li>\n                                            <span class=\"n\">T\u00ecnh tr\u1ea1ng:<\/span><br \/>\n                                            <span class=\"v\">M\u1edbi 100%<\/span>\n                                        <\/li>\n<li>\n                                            <span class=\"n\">B\u1ea3o h\u00e0nh:<\/span><br \/>\n                                            <span class=\"v\">Ch\u00ednh h\u00e3ng<\/span>\n                                        <\/li>\n<li>\n<p>                                            <span class=\"n\">Giao h\u00e0ng:<\/span><br \/>\n                                            <span class=\"v\">To\u00e0n qu\u1ed1c<\/span>\n                                        <\/li>\n<\/ul>","protected":false},"featured_media":14921,"comment_status":"closed","ping_status":"closed","template":"","meta":[],"pwb-brand":[3245],"product_cat":[2836],"product_tag":[3359,25,3360,55],"class_list":{"0":"post-14920","1":"product","2":"type-product","3":"status-publish","4":"has-post-thumbnail","6":"pwb-brand-joola","7":"product_cat-vot-pickleball","8":"product_tag-ben-johns-hyperion-cfs-14-swift","9":"product_tag-man","10":"product_tag-pickleball-joola-ben-johns-hyperion-cfs-14-swift","11":"product_tag-run","13":"first","14":"instock","15":"shipping-taxable","16":"product-type-simple"},"yoast_head":"<!-- This site is optimized with the Yoast SEO plugin v22.9 - https:\/\/yoast.com\/wordpress\/plugins\/seo\/ -->\n<title>V\u1ee3t PickleballV\u1ee3t Pickleball Joola Ben Johns Hyperion CFS 14 Swift - PickleBall Vi\u1ec7t Nam<\/title>\n<meta name=\"robots\" content=\"index, follow, max-snippet:-1, max-image-preview:large, max-video-preview:-1\" \/>\n<link rel=\"canonical\" href=\"https:\/\/pickle-ball.vn\/ru\/-product-\/vot-pickleball\/vot-pickleball-vot-pickleball-joola-ben-johns-hyperion-cfs-14-swift\/\" \/>\n<meta name=\"twitter:label1\" content=\"\u041f\u0440\u0438\u043c\u0435\u0440\u043d\u043e\u0435 \u0432\u0440\u0435\u043c\u044f \u0434\u043b\u044f \u0447\u0442\u0435\u043d\u0438\u044f\" \/>\n\t<meta name=\"twitter:data1\" content=\"2 \u043c\u0438\u043d\u0443\u0442\u044b\" \/>\n<script type=\"application\/ld+json\" class=\"yoast-schema-graph\">{\"@context\":\"https:\/\/schema.org\",\"@graph\":[{\"@type\":\"WebPage\",\"@id\":\"http:\/\/pickle-ball.vn\/vi\/-product-\/vot-pickleball\/vot-pickleball-vot-pickleball-joola-ben-johns-hyperion-cfs-14-swift\/\",\"url\":\"http:\/\/pickle-ball.vn\/vi\/-product-\/vot-pickleball\/vot-pickleball-vot-pickleball-joola-ben-johns-hyperion-cfs-14-swift\/\",\"name\":\"V\u1ee3t PickleballV\u1ee3t Pickleball Joola Ben Johns Hyperion CFS 14 Swift - PickleBall Vi\u1ec7t Nam\",\"isPartOf\":{\"@id\":\"https:\/\/pickle-ball.vn\/ja\/#website\"},\"primaryImageOfPage\":{\"@id\":\"http:\/\/pickle-ball.vn\/vi\/-product-\/vot-pickleball\/vot-pickleball-vot-pickleball-joola-ben-johns-hyperion-cfs-14-swift\/#primaryimage\"},\"image\":{\"@id\":\"http:\/\/pickle-ball.vn\/vi\/-product-\/vot-pickleball\/vot-pickleball-vot-pickleball-joola-ben-johns-hyperion-cfs-14-swift\/#primaryimage\"},\"thumbnailUrl\":\"https:\/\/pickle-ball.vn\/wp-content\/uploads\/2024\/11\/joola-ben-johns-hyperion-cfs-14-swift_720x720xcrop.webp\",\"datePublished\":\"2024-11-04T06:35:41+00:00\",\"dateModified\":\"2024-11-04T06:35:45+00:00\",\"breadcrumb\":{\"@id\":\"http:\/\/pickle-ball.vn\/vi\/-product-\/vot-pickleball\/vot-pickleball-vot-pickleball-joola-ben-johns-hyperion-cfs-14-swift\/#breadcrumb\"},\"inLanguage\":\"ru-RU\",\"potentialAction\":[{\"@type\":\"ReadAction\",\"target\":[\"http:\/\/pickle-ball.vn\/vi\/-product-\/vot-pickleball\/vot-pickleball-vot-pickleball-joola-ben-johns-hyperion-cfs-14-swift\/\"]}]},{\"@type\":\"ImageObject\",\"inLanguage\":\"ru-RU\",\"@id\":\"http:\/\/pickle-ball.vn\/vi\/-product-\/vot-pickleball\/vot-pickleball-vot-pickleball-joola-ben-johns-hyperion-cfs-14-swift\/#primaryimage\",\"url\":\"https:\/\/pickle-ball.vn\/wp-content\/uploads\/2024\/11\/joola-ben-johns-hyperion-cfs-14-swift_720x720xcrop.webp\",\"contentUrl\":\"https:\/\/pickle-ball.vn\/wp-content\/uploads\/2024\/11\/joola-ben-johns-hyperion-cfs-14-swift_720x720xcrop.webp\",\"width\":720,\"height\":720,\"caption\":\"Joola Ben Johns Hyperion CFS 14 Swift\"},{\"@type\":\"BreadcrumbList\",\"@id\":\"http:\/\/pickle-ball.vn\/vi\/-product-\/vot-pickleball\/vot-pickleball-vot-pickleball-joola-ben-johns-hyperion-cfs-14-swift\/#breadcrumb\",\"itemListElement\":[{\"@type\":\"ListItem\",\"position\":1,\"name\":\"Home\",\"item\":\"https:\/\/pickle-ball.vn\/ja\/\"},{\"@type\":\"ListItem\",\"position\":2,\"name\":\"Shop\",\"item\":\"https:\/\/pickle-ball.vn\/vi\/shop\/\"},{\"@type\":\"ListItem\",\"position\":3,\"name\":\"V\u1ee3t PickleballV\u1ee3t Pickleball Joola Ben Johns Hyperion CFS 14 Swift\"}]},{\"@type\":\"WebSite\",\"@id\":\"https:\/\/pickle-ball.vn\/ja\/#website\",\"url\":\"https:\/\/pickle-ball.vn\/ja\/\",\"name\":\"Jabra\",\"description\":\"\",\"publisher\":{\"@id\":\"https:\/\/pickle-ball.vn\/ja\/#organization\"},\"potentialAction\":[{\"@type\":\"SearchAction\",\"target\":{\"@type\":\"EntryPoint\",\"urlTemplate\":\"https:\/\/pickle-ball.vn\/ja\/?s={search_term_string}\"},\"query-input\":\"required name=search_term_string\"}],\"inLanguage\":\"ru-RU\"},{\"@type\":\"Organization\",\"@id\":\"https:\/\/pickle-ball.vn\/ja\/#organization\",\"name\":\"Jabra\",\"url\":\"https:\/\/pickle-ball.vn\/ja\/\",\"logo\":{\"@type\":\"ImageObject\",\"inLanguage\":\"ru-RU\",\"@id\":\"https:\/\/pickle-ball.vn\/ja\/#\/schema\/logo\/image\/\",\"url\":\"\",\"contentUrl\":\"\",\"caption\":\"Jabra\"},\"image\":{\"@id\":\"https:\/\/pickle-ball.vn\/ja\/#\/schema\/logo\/image\/\"}}]}<\/script>\n<!-- \/ Yoast SEO plugin. -->","yoast_head_json":{"title":"V\u1ee3t PickleballV\u1ee3t Pickleball Joola Ben Johns Hyperion CFS 14 Swift - PickleBall Vi\u1ec7t Nam","robots":{"index":"index","follow":"follow","max-snippet":"max-snippet:-1","max-image-preview":"max-image-preview:large","max-video-preview":"max-video-preview:-1"},"canonical":"https:\/\/pickle-ball.vn\/ru\/-product-\/vot-pickleball\/vot-pickleball-vot-pickleball-joola-ben-johns-hyperion-cfs-14-swift\/","twitter_misc":{"\u041f\u0440\u0438\u043c\u0435\u0440\u043d\u043e\u0435 \u0432\u0440\u0435\u043c\u044f \u0434\u043b\u044f \u0447\u0442\u0435\u043d\u0438\u044f":"2 \u043c\u0438\u043d\u0443\u0442\u044b"},"schema":{"@context":"https:\/\/schema.org","@graph":[{"@type":"WebPage","@id":"http:\/\/pickle-ball.vn\/vi\/-product-\/vot-pickleball\/vot-pickleball-vot-pickleball-joola-ben-johns-hyperion-cfs-14-swift\/","url":"http:\/\/pickle-ball.vn\/vi\/-product-\/vot-pickleball\/vot-pickleball-vot-pickleball-joola-ben-johns-hyperion-cfs-14-swift\/","name":"V\u1ee3t PickleballV\u1ee3t Pickleball Joola Ben Johns Hyperion CFS 14 Swift - PickleBall Vi\u1ec7t Nam","isPartOf":{"@id":"https:\/\/pickle-ball.vn\/ja\/#website"},"primaryImageOfPage":{"@id":"http:\/\/pickle-ball.vn\/vi\/-product-\/vot-pickleball\/vot-pickleball-vot-pickleball-joola-ben-johns-hyperion-cfs-14-swift\/#primaryimage"},"image":{"@id":"http:\/\/pickle-ball.vn\/vi\/-product-\/vot-pickleball\/vot-pickleball-vot-pickleball-joola-ben-johns-hyperion-cfs-14-swift\/#primaryimage"},"thumbnailUrl":"https:\/\/pickle-ball.vn\/wp-content\/uploads\/2024\/11\/joola-ben-johns-hyperion-cfs-14-swift_720x720xcrop.webp","datePublished":"2024-11-04T06:35:41+00:00","dateModified":"2024-11-04T06:35:45+00:00","breadcrumb":{"@id":"http:\/\/pickle-ball.vn\/vi\/-product-\/vot-pickleball\/vot-pickleball-vot-pickleball-joola-ben-johns-hyperion-cfs-14-swift\/#breadcrumb"},"inLanguage":"ru-RU","potentialAction":[{"@type":"ReadAction","target":["http:\/\/pickle-ball.vn\/vi\/-product-\/vot-pickleball\/vot-pickleball-vot-pickleball-joola-ben-johns-hyperion-cfs-14-swift\/"]}]},{"@type":"ImageObject","inLanguage":"ru-RU","@id":"http:\/\/pickle-ball.vn\/vi\/-product-\/vot-pickleball\/vot-pickleball-vot-pickleball-joola-ben-johns-hyperion-cfs-14-swift\/#primaryimage","url":"https:\/\/pickle-ball.vn\/wp-content\/uploads\/2024\/11\/joola-ben-johns-hyperion-cfs-14-swift_720x720xcrop.webp","contentUrl":"https:\/\/pickle-ball.vn\/wp-content\/uploads\/2024\/11\/joola-ben-johns-hyperion-cfs-14-swift_720x720xcrop.webp","width":720,"height":720,"caption":"Joola Ben Johns Hyperion CFS 14 Swift"},{"@type":"BreadcrumbList","@id":"http:\/\/pickle-ball.vn\/vi\/-product-\/vot-pickleball\/vot-pickleball-vot-pickleball-joola-ben-johns-hyperion-cfs-14-swift\/#breadcrumb","itemListElement":[{"@type":"ListItem","position":1,"name":"Home","item":"https:\/\/pickle-ball.vn\/ja\/"},{"@type":"ListItem","position":2,"name":"Shop","item":"https:\/\/pickle-ball.vn\/vi\/shop\/"},{"@type":"ListItem","position":3,"name":"V\u1ee3t PickleballV\u1ee3t Pickleball Joola Ben Johns Hyperion CFS 14 Swift"}]},{"@type":"WebSite","@id":"https:\/\/pickle-ball.vn\/ja\/#website","url":"https:\/\/pickle-ball.vn\/ja\/","name":"Jabra","description":"","publisher":{"@id":"https:\/\/pickle-ball.vn\/ja\/#organization"},"potentialAction":[{"@type":"SearchAction","target":{"@type":"EntryPoint","urlTemplate":"https:\/\/pickle-ball.vn\/ja\/?s={search_term_string}"},"query-input":"required name=search_term_string"}],"inLanguage":"ru-RU"},{"@type":"Organization","@id":"https:\/\/pickle-ball.vn\/ja\/#organization","name":"Jabra","url":"https:\/\/pickle-ball.vn\/ja\/","logo":{"@type":"ImageObject","inLanguage":"ru-RU","@id":"https:\/\/pickle-ball.vn\/ja\/#\/schema\/logo\/image\/","url":"","contentUrl":"","caption":"Jabra"},"image":{"@id":"https:\/\/pickle-ball.vn\/ja\/#\/schema\/logo\/image\/"}}]}},"brands":[{"id":3245,"name":"Joola","slug":"joola"}],"_links":{"self":[{"href":"https:\/\/pickle-ball.vn\/ru\/wp-json\/wp\/v2\/product\/14920","targetHints":{"allow":["GET"]}}],"collection":[{"href":"https:\/\/pickle-ball.vn\/ru\/wp-json\/wp\/v2\/product"}],"about":[{"href":"https:\/\/pickle-ball.vn\/ru\/wp-json\/wp\/v2\/types\/product"}],"replies":[{"embeddable":true,"href":"https:\/\/pickle-ball.vn\/ru\/wp-json\/wp\/v2\/comments?post=14920"}],"wp:featuredmedia":[{"embeddable":true,"href":"https:\/\/pickle-ball.vn\/ru\/wp-json\/wp\/v2\/media\/14921"}],"wp:attachment":[{"href":"https:\/\/pickle-ball.vn\/ru\/wp-json\/wp\/v2\/media?parent=14920"}],"wp:term":[{"taxonomy":"pwb-brand","embeddable":true,"href":"https:\/\/pickle-ball.vn\/ru\/wp-json\/wp\/v2\/pwb-brand?post=14920"},{"taxonomy":"product_cat","embeddable":true,"href":"https:\/\/pickle-ball.vn\/ru\/wp-json\/wp\/v2\/product_cat?post=14920"},{"taxonomy":"product_tag","embeddable":true,"href":"https:\/\/pickle-ball.vn\/ru\/wp-json\/wp\/v2\/product_tag?post=14920"}],"curies":[{"name":"wp","href":"https:\/\/api.w.org\/{rel}","templated":true}]}}