{"id":15334,"date":"2024-11-04T16:50:38","date_gmt":"2024-11-04T09:50:38","guid":{"rendered":"http:\/\/pickle-ball.vn\/-product-\/uncategorized\/hop-dung-bong-joola-ball-hopper\/"},"modified":"2024-11-04T16:50:41","modified_gmt":"2024-11-04T09:50:41","slug":"hop-dung-bong-joola-ball-hopper","status":"publish","type":"product","link":"https:\/\/pickle-ball.vn\/ru\/-product-\/phu-kien-pickleball\/hop-dung-bong-joola-ball-hopper\/","title":{"rendered":"H\u1ed9p \u0111\u1ef1ng b\u00f3ng Joola Ball Hopper"},"content":{"rendered":"<div role=\"tabpanel\" class=\"tab-pane active\" id=\"tab-product-info\">\n<div class=\"vh-content\">\n<h2><strong>H\u1ed9p \u0111\u1ef1ng b\u00f3ng Joola Ball Hopper b\u1ec1n \u0111\u1eb9p, ti\u1ec7n d\u1ee5ng<\/strong><\/h2>\n<p>H\u1ed9p \u0111\u1ef1ng b\u00f3ng Joola Ball Hopper \u0111\u01b0\u1ee3c thi\u1ebft k\u1ebf v\u1edbi s\u1ee9c ch\u1ee9a t\u1edbi 100 qu\u1ea3 pickleball. H\u1ed9p \u0111\u1ef1ng b\u00f3ng Joola Ball Hopper c\u00f3 4 b\u00e1nh xe cho ph\u00e9p b\u1ea1n di chuy\u1ec3n xe \u0111\u1ea9y quanh s\u00e2n m\u1ed9t c\u00e1ch d\u1ec5 d\u00e0ng trong khi c\u00e1c b\u00e1nh xe c\u00f3 kh\u00f3a \u0111\u1ea3m b\u1ea3o xe v\u1eabn \u1edf \u0111\u00fang v\u1ecb tr\u00ed khi s\u1eed d\u1ee5ng. Khung c\u00f3 th\u1ec3 thu g\u1ecdn v\u00e0 k\u1ebft c\u1ea5u nh\u1eb9 gi\u00fap b\u1ea1n d\u1ec5 d\u00e0ng mang \u0111\u1ebfn v\u00e0 r\u1eddi kh\u1ecfi s\u00e2n.<\/p>\n<p style=\"text-align:center\"><img decoding=\"async\" alt=\"H\u1ed9p \u0111\u1ef1ng b\u00f3ng Joola Ball Hopper\" class=\"lazy\" src=\"http:\/\/pickle-ball.vn\/wp-content\/uploads\/2024\/11\/18569-ball-hopper-web-06.webp\" style=\"height:525px;width:750px\" title=\"H\u1ed9p \u0111\u1ef1ng b\u00f3ng Joola Ball Hopper\"><\/p>\n<p style=\"text-align:center\">H\u1ed9p \u0111\u1ef1ng b\u00f3ng Joola Ball Hopper Pickleball<\/p>\n<h3><strong>\u0110\u1eb7c \u0111i\u1ec3m n\u1ed5i b\u1eadt c\u1ee7a H\u1ed9p \u0111\u1ef1ng b\u00f3ng Joola Ball Hopper<\/strong><\/h3>\n<p>&#8211; H\u1ed9p \u0111\u1ef1ng b\u00f3ng Joola Ball Hopper ho\u1ea1t \u0111\u1ed9ng nh\u01b0 m\u1ed9t xe l\u01b0u tr\u1eef b\u00f3ng d\u01b0a cho nh\u1eefng qu\u1ea3 b\u00f3ng d\u01b0a s\u1ed1 l\u01b0\u1ee3ng l\u1edbn ho\u1eb7c m\u1ed9t m\u00f3n qu\u00e0 ho\u00e0n h\u1ea3o cho nh\u1eefng ng\u01b0\u1eddi y\u00eau th\u00edch b\u00f3ng d\u01b0a.<\/p>\n<p>&#8211; H\u1ed9p \u0111\u1ef1ng b\u00f3ng Joola Ball Hopper c\u00f3 gi\u1ecf \u0111\u1ef1ng qu\u1ea3 b\u00f3ng b\u1eb1ng v\u1ea3i b\u1ec1n c\u00f3 th\u1ec3 th\u00e1o r\u1eddi kh\u1ecfi xe \u0111\u1ea9y v\u00e0 c\u00f3 kh\u00f3a k\u00e9o \u0111\u00f3ng l\u1ea1i.<\/p>\n<p>&#8211; H\u1ed9p \u0111\u1ef1ng b\u00f3ng Joola Ball Hopper c\u00f3 tr\u1ecdng l\u01b0\u1ee3ng nh\u1eb9, ph\u1ec5u \u0111\u1ef1ng b\u00f3ng pickleball c\u00f3 th\u1ec3 thu g\u1ecdn ho\u00e0n to\u00e0n d\u1ec5 d\u00e0ng l\u1eafp v\u00e0o \u00f4 t\u00f4 ho\u1eb7c l\u00ean k\u1ec7 \u0111\u1ef1ng \u0111\u1ed3.<\/p>\n<p>&#8211; H\u1ed9p \u0111\u1ef1ng b\u00f3ng Joola Ball Hopper th\u00edch h\u1ee3p cho s\u00e2n pickleball trong nh\u00e0 v\u00e0 ngo\u00e0i tr\u1eddi.<\/p>\n<p>&#8211; K\u00edch th\u01b0\u1edbc: 16,3&#8243; x 16,3&#8243; x 36&#8243;<\/p>\n<p>&#8211; Tr\u1ecdng l\u01b0\u1ee3ng: 6,6 lbs.<\/p>\n<p>&#8211; M\u00e0u \u0111en<\/p>\n<\/p><\/div>\n<\/p><\/div>","protected":false},"excerpt":{"rendered":"<ul class=\"list-unstyled params\">\n<li class=\"btt\">Th\u00f4ng tin s\u1ea3n ph\u1ea9m:<\/li>\n<li class=\"dyn\">\n                                            <span class=\"n\">Th\u01b0\u01a1ng hi\u1ec7u:<\/span><br \/>\n\t\t\t\t\t\t\t\t\t\t\t<span class=\"v\"><b>Joola<\/b><\/span>\n                                        <\/li>\n<li class=\"dyn\">\n                                            <span class=\"n\">Number order:<\/span><br \/>\n\t\t\t\t\t\t\t\t\t\t\t<span class=\"v\">18569<\/span>\n                                        <\/li>\n<li class=\"dyn\">\n                                            <span class=\"n\">Nh\u00e0 cung c\u1ea5p:<\/span><br \/>\n                                            \t\t\t\t\t\t\t\t\t\t\t<span class=\"v\"><b>pickle-ball.vn<\/b> &#8211; \u0110\u1ea1i l\u00fd \u1ee7y quy\u1ec1n Joola \u00ae<\/span>\n\t\t\t\t\t\t\t\t\t\t\t                                        <\/li>\n<li class=\"dyn\">\n                                            <span class=\"n\">Lo\u1ea1i s\u1ea3n ph\u1ea9m:<\/span><br \/>\n                                            <span class=\"v\">H\u1ed9p \u0111\u1ef1ng b\u00f3ng<\/span>\n                                        <\/li>\n<li class=\"separator\">\n                                        <\/li>\n<li>\n                                            <span class=\"n\">Tr\u1ea1ng th\u00e1i:<\/span><br \/>\n                                            <span class=\"v\" style=\"font-weight:700;color: #d7000e\">T\u1ea1m h\u1ebft h\u00e0ng<\/span>\n                                        <\/li>\n<li>\n                                            <span class=\"n\">T\u00ecnh tr\u1ea1ng:<\/span><br \/>\n                                            <span class=\"v\">M\u1edbi 100%<\/span>\n                                        <\/li>\n<li>\n                                            <span class=\"n\">B\u1ea3o h\u00e0nh:<\/span><br \/>\n                                            <span class=\"v\">Ch\u00ednh h\u00e3ng<\/span>\n                                        <\/li>\n<li>\n<p>                                            <span class=\"n\">Giao h\u00e0ng:<\/span><br \/>\n                                            <span class=\"v\">To\u00e0n qu\u1ed1c<\/span>\n                                        <\/li>\n<\/ul>","protected":false},"featured_media":15335,"comment_status":"closed","ping_status":"closed","template":"","meta":[],"pwb-brand":[3245],"product_cat":[3232],"product_tag":[3248,3355,3249,3605,3606,25],"class_list":{"0":"post-15334","1":"product","2":"type-product","3":"status-publish","4":"has-post-thumbnail","6":"pwb-brand-joola","7":"product_cat-phu-kien-pickleball","8":"product_tag-bong","9":"product_tag-bong-picklebal","10":"product_tag-bong-pickleball","11":"product_tag-hop-dung-bong-joola-ball-hopper","12":"product_tag-joola-ball-hopper","13":"product_tag-man","15":"first","16":"instock","17":"shipping-taxable","18":"product-type-simple"},"yoast_head":"<!-- This site is optimized with the Yoast SEO plugin v22.9 - https:\/\/yoast.com\/wordpress\/plugins\/seo\/ -->\n<title>H\u1ed9p \u0111\u1ef1ng b\u00f3ng Joola Ball Hopper - PickleBall Vi\u1ec7t Nam<\/title>\n<meta name=\"robots\" content=\"index, follow, max-snippet:-1, max-image-preview:large, max-video-preview:-1\" \/>\n<link rel=\"canonical\" href=\"https:\/\/pickle-ball.vn\/ru\/-product-\/phu-kien-pickleball\/hop-dung-bong-joola-ball-hopper\/\" \/>\n<meta name=\"twitter:label1\" content=\"\u041f\u0440\u0438\u043c\u0435\u0440\u043d\u043e\u0435 \u0432\u0440\u0435\u043c\u044f \u0434\u043b\u044f \u0447\u0442\u0435\u043d\u0438\u044f\" \/>\n\t<meta name=\"twitter:data1\" content=\"2 \u043c\u0438\u043d\u0443\u0442\u044b\" \/>\n<script type=\"application\/ld+json\" class=\"yoast-schema-graph\">{\"@context\":\"https:\/\/schema.org\",\"@graph\":[{\"@type\":\"WebPage\",\"@id\":\"https:\/\/pickle-ball.vn\/de\/-product-\/phu-kien-pickleball\/hop-dung-bong-joola-ball-hopper\/\",\"url\":\"https:\/\/pickle-ball.vn\/de\/-product-\/phu-kien-pickleball\/hop-dung-bong-joola-ball-hopper\/\",\"name\":\"H\u1ed9p \u0111\u1ef1ng b\u00f3ng Joola Ball Hopper - PickleBall Vi\u1ec7t Nam\",\"isPartOf\":{\"@id\":\"https:\/\/pickle-ball.vn\/ja\/#website\"},\"primaryImageOfPage\":{\"@id\":\"https:\/\/pickle-ball.vn\/de\/-product-\/phu-kien-pickleball\/hop-dung-bong-joola-ball-hopper\/#primaryimage\"},\"image\":{\"@id\":\"https:\/\/pickle-ball.vn\/de\/-product-\/phu-kien-pickleball\/hop-dung-bong-joola-ball-hopper\/#primaryimage\"},\"thumbnailUrl\":\"https:\/\/pickle-ball.vn\/wp-content\/uploads\/2024\/11\/18569-ball-hopper_720x720xcrop.webp\",\"datePublished\":\"2024-11-04T09:50:38+00:00\",\"dateModified\":\"2024-11-04T09:50:41+00:00\",\"breadcrumb\":{\"@id\":\"https:\/\/pickle-ball.vn\/de\/-product-\/phu-kien-pickleball\/hop-dung-bong-joola-ball-hopper\/#breadcrumb\"},\"inLanguage\":\"ru-RU\",\"potentialAction\":[{\"@type\":\"ReadAction\",\"target\":[\"https:\/\/pickle-ball.vn\/de\/-product-\/phu-kien-pickleball\/hop-dung-bong-joola-ball-hopper\/\"]}]},{\"@type\":\"ImageObject\",\"inLanguage\":\"ru-RU\",\"@id\":\"https:\/\/pickle-ball.vn\/de\/-product-\/phu-kien-pickleball\/hop-dung-bong-joola-ball-hopper\/#primaryimage\",\"url\":\"https:\/\/pickle-ball.vn\/wp-content\/uploads\/2024\/11\/18569-ball-hopper_720x720xcrop.webp\",\"contentUrl\":\"https:\/\/pickle-ball.vn\/wp-content\/uploads\/2024\/11\/18569-ball-hopper_720x720xcrop.webp\",\"width\":720,\"height\":720,\"caption\":\"Joola Ball Hopper\"},{\"@type\":\"BreadcrumbList\",\"@id\":\"https:\/\/pickle-ball.vn\/de\/-product-\/phu-kien-pickleball\/hop-dung-bong-joola-ball-hopper\/#breadcrumb\",\"itemListElement\":[{\"@type\":\"ListItem\",\"position\":1,\"name\":\"Home\",\"item\":\"https:\/\/pickle-ball.vn\/ja\/\"},{\"@type\":\"ListItem\",\"position\":2,\"name\":\"Shop\",\"item\":\"https:\/\/pickle-ball.vn\/vi\/shop\/\"},{\"@type\":\"ListItem\",\"position\":3,\"name\":\"H\u1ed9p \u0111\u1ef1ng b\u00f3ng Joola Ball Hopper\"}]},{\"@type\":\"WebSite\",\"@id\":\"https:\/\/pickle-ball.vn\/ja\/#website\",\"url\":\"https:\/\/pickle-ball.vn\/ja\/\",\"name\":\"Jabra\",\"description\":\"\",\"publisher\":{\"@id\":\"https:\/\/pickle-ball.vn\/ja\/#organization\"},\"potentialAction\":[{\"@type\":\"SearchAction\",\"target\":{\"@type\":\"EntryPoint\",\"urlTemplate\":\"https:\/\/pickle-ball.vn\/ja\/?s={search_term_string}\"},\"query-input\":\"required name=search_term_string\"}],\"inLanguage\":\"ru-RU\"},{\"@type\":\"Organization\",\"@id\":\"https:\/\/pickle-ball.vn\/ja\/#organization\",\"name\":\"Jabra\",\"url\":\"https:\/\/pickle-ball.vn\/ja\/\",\"logo\":{\"@type\":\"ImageObject\",\"inLanguage\":\"ru-RU\",\"@id\":\"https:\/\/pickle-ball.vn\/ja\/#\/schema\/logo\/image\/\",\"url\":\"\",\"contentUrl\":\"\",\"caption\":\"Jabra\"},\"image\":{\"@id\":\"https:\/\/pickle-ball.vn\/ja\/#\/schema\/logo\/image\/\"}}]}<\/script>\n<!-- \/ Yoast SEO plugin. -->","yoast_head_json":{"title":"H\u1ed9p \u0111\u1ef1ng b\u00f3ng Joola Ball Hopper - PickleBall Vi\u1ec7t Nam","robots":{"index":"index","follow":"follow","max-snippet":"max-snippet:-1","max-image-preview":"max-image-preview:large","max-video-preview":"max-video-preview:-1"},"canonical":"https:\/\/pickle-ball.vn\/ru\/-product-\/phu-kien-pickleball\/hop-dung-bong-joola-ball-hopper\/","twitter_misc":{"\u041f\u0440\u0438\u043c\u0435\u0440\u043d\u043e\u0435 \u0432\u0440\u0435\u043c\u044f \u0434\u043b\u044f \u0447\u0442\u0435\u043d\u0438\u044f":"2 \u043c\u0438\u043d\u0443\u0442\u044b"},"schema":{"@context":"https:\/\/schema.org","@graph":[{"@type":"WebPage","@id":"https:\/\/pickle-ball.vn\/de\/-product-\/phu-kien-pickleball\/hop-dung-bong-joola-ball-hopper\/","url":"https:\/\/pickle-ball.vn\/de\/-product-\/phu-kien-pickleball\/hop-dung-bong-joola-ball-hopper\/","name":"H\u1ed9p \u0111\u1ef1ng b\u00f3ng Joola Ball Hopper - PickleBall Vi\u1ec7t Nam","isPartOf":{"@id":"https:\/\/pickle-ball.vn\/ja\/#website"},"primaryImageOfPage":{"@id":"https:\/\/pickle-ball.vn\/de\/-product-\/phu-kien-pickleball\/hop-dung-bong-joola-ball-hopper\/#primaryimage"},"image":{"@id":"https:\/\/pickle-ball.vn\/de\/-product-\/phu-kien-pickleball\/hop-dung-bong-joola-ball-hopper\/#primaryimage"},"thumbnailUrl":"https:\/\/pickle-ball.vn\/wp-content\/uploads\/2024\/11\/18569-ball-hopper_720x720xcrop.webp","datePublished":"2024-11-04T09:50:38+00:00","dateModified":"2024-11-04T09:50:41+00:00","breadcrumb":{"@id":"https:\/\/pickle-ball.vn\/de\/-product-\/phu-kien-pickleball\/hop-dung-bong-joola-ball-hopper\/#breadcrumb"},"inLanguage":"ru-RU","potentialAction":[{"@type":"ReadAction","target":["https:\/\/pickle-ball.vn\/de\/-product-\/phu-kien-pickleball\/hop-dung-bong-joola-ball-hopper\/"]}]},{"@type":"ImageObject","inLanguage":"ru-RU","@id":"https:\/\/pickle-ball.vn\/de\/-product-\/phu-kien-pickleball\/hop-dung-bong-joola-ball-hopper\/#primaryimage","url":"https:\/\/pickle-ball.vn\/wp-content\/uploads\/2024\/11\/18569-ball-hopper_720x720xcrop.webp","contentUrl":"https:\/\/pickle-ball.vn\/wp-content\/uploads\/2024\/11\/18569-ball-hopper_720x720xcrop.webp","width":720,"height":720,"caption":"Joola Ball Hopper"},{"@type":"BreadcrumbList","@id":"https:\/\/pickle-ball.vn\/de\/-product-\/phu-kien-pickleball\/hop-dung-bong-joola-ball-hopper\/#breadcrumb","itemListElement":[{"@type":"ListItem","position":1,"name":"Home","item":"https:\/\/pickle-ball.vn\/ja\/"},{"@type":"ListItem","position":2,"name":"Shop","item":"https:\/\/pickle-ball.vn\/vi\/shop\/"},{"@type":"ListItem","position":3,"name":"H\u1ed9p \u0111\u1ef1ng b\u00f3ng Joola Ball Hopper"}]},{"@type":"WebSite","@id":"https:\/\/pickle-ball.vn\/ja\/#website","url":"https:\/\/pickle-ball.vn\/ja\/","name":"Jabra","description":"","publisher":{"@id":"https:\/\/pickle-ball.vn\/ja\/#organization"},"potentialAction":[{"@type":"SearchAction","target":{"@type":"EntryPoint","urlTemplate":"https:\/\/pickle-ball.vn\/ja\/?s={search_term_string}"},"query-input":"required name=search_term_string"}],"inLanguage":"ru-RU"},{"@type":"Organization","@id":"https:\/\/pickle-ball.vn\/ja\/#organization","name":"Jabra","url":"https:\/\/pickle-ball.vn\/ja\/","logo":{"@type":"ImageObject","inLanguage":"ru-RU","@id":"https:\/\/pickle-ball.vn\/ja\/#\/schema\/logo\/image\/","url":"","contentUrl":"","caption":"Jabra"},"image":{"@id":"https:\/\/pickle-ball.vn\/ja\/#\/schema\/logo\/image\/"}}]}},"brands":[{"id":3245,"name":"Joola","slug":"joola"}],"_links":{"self":[{"href":"https:\/\/pickle-ball.vn\/ru\/wp-json\/wp\/v2\/product\/15334","targetHints":{"allow":["GET"]}}],"collection":[{"href":"https:\/\/pickle-ball.vn\/ru\/wp-json\/wp\/v2\/product"}],"about":[{"href":"https:\/\/pickle-ball.vn\/ru\/wp-json\/wp\/v2\/types\/product"}],"replies":[{"embeddable":true,"href":"https:\/\/pickle-ball.vn\/ru\/wp-json\/wp\/v2\/comments?post=15334"}],"wp:featuredmedia":[{"embeddable":true,"href":"https:\/\/pickle-ball.vn\/ru\/wp-json\/wp\/v2\/media\/15335"}],"wp:attachment":[{"href":"https:\/\/pickle-ball.vn\/ru\/wp-json\/wp\/v2\/media?parent=15334"}],"wp:term":[{"taxonomy":"pwb-brand","embeddable":true,"href":"https:\/\/pickle-ball.vn\/ru\/wp-json\/wp\/v2\/pwb-brand?post=15334"},{"taxonomy":"product_cat","embeddable":true,"href":"https:\/\/pickle-ball.vn\/ru\/wp-json\/wp\/v2\/product_cat?post=15334"},{"taxonomy":"product_tag","embeddable":true,"href":"https:\/\/pickle-ball.vn\/ru\/wp-json\/wp\/v2\/product_tag?post=15334"}],"curies":[{"name":"wp","href":"https:\/\/api.w.org\/{rel}","templated":true}]}}