{"id":15539,"date":"2024-11-04T18:35:47","date_gmt":"2024-11-04T11:35:47","guid":{"rendered":"http:\/\/pickle-ball.vn\/-product-\/uncategorized\/vot-pickleball-vot-pickleball-selkirk-vanguard-power-air-invikta\/"},"modified":"2024-11-04T18:35:52","modified_gmt":"2024-11-04T11:35:52","slug":"vot-pickleball-vot-pickleball-selkirk-vanguard-power-air-invikta","status":"publish","type":"product","link":"https:\/\/pickle-ball.vn\/ru\/-product-\/vot-pickleball\/vot-pickleball-vot-pickleball-selkirk-vanguard-power-air-invikta\/","title":{"rendered":"V\u1ee3t PickleballV\u1ee3t Pickleball Selkirk Vanguard Power Air &#8211; Invikta"},"content":{"rendered":"<div role=\"tabpanel\" class=\"tab-pane active\" id=\"tab-product-info\">\n<div class=\"vh-content\">\n<h3><strong>T\u1ed5ng quan v\u1ec1 V\u1ee3t Pickleball Selkirk Vanguard Power Air &#8211; Invikta<\/strong><\/h3>\n<p><strong>V\u1ee3t Pickleball Vanguard Power Air Invikta<\/strong> l\u00e0 s\u1ef1 l\u1ef1a ch\u1ecdn h\u00e0ng \u0111\u1ea7u cho nh\u1eefng ng\u01b0\u1eddi ch\u01a1i quy\u1ec1n l\u1ef1c. \u0110\u1ed1i v\u1edbi nh\u1eefng ng\u01b0\u1eddi ch\u01a1i \u0111ang t\u00ecm ki\u1ebfm \u0111\u1ed9 xo\u00e1y t\u1ed1i \u0111a cho c\u00e1c c\u00fa \u0111\u00e1nh c\u00f3 ki\u1ec3m so\u00e1t, m\u1ea1nh m\u1ebd, n\u00f3 c\u00f3 \u0111i\u1ec3m ng\u1ecdt l\u1edbn h\u01a1n so v\u1edbi v\u1ee3t tr\u1ee3 l\u1ef1c truy\u1ec1n th\u1ed1ng, cho ph\u00e9p th\u1ef1c hi\u1ec7n c\u00e1c c\u00fa \u0111\u00e1nh kh\u00f3 tr\u1ea3 l\u1ea1i v\u00e0 \u0111\u1ed9 xo\u00e1y b\u00f3ng v\u01b0\u1ee3t tr\u1ed9i.<\/p>\n<p>Phi\u00ean b\u1ea3n \u0111\u1ea7u ti\u00ean c\u1ee7a c\u00f4ng ngh\u1ec7 n\u00e0y \u0111\u01b0\u1ee3c ph\u00e1t tri\u1ec3n t\u1ea1i Selkirk Labs v\u00e0 ra m\u1eaft v\u1edbi t\u00ean g\u1ecdi D\u1ef1 \u00e1n 002. B\u1eb1ng c\u00e1ch s\u1eed d\u1ee5ng ph\u1ea3n h\u1ed3i c\u1ee7a th\u00e0nh vi\u00ean Labs, Power Air t\u1ed1i \u01b0u h\u00f3a 002, cung c\u1ea5p kh\u1ea3 n\u0103ng ki\u1ec3m so\u00e1t b\u1ed5 sung t\u1eeb SuperCore, n\u00e2ng cao t\u00ednh nh\u1ea5t qu\u00e1n v\u1edbi 360\u00b0 Proto Moulding c\u0169ng nh\u01b0 kh\u00ed \u0111\u1ed9ng h\u1ecdc v\u00e0 c\u1ea1nh \u1edf c\u1ea5p \u0111\u1ed9 ti\u1ebfp theo \u0111\u1ed9 b\u1ec1n cao v\u1edbi c\u00f4ng ngh\u1ec7 Aero-DuraEdge Edgeless.<\/p>\n<p style=\"text-align:center\"><img decoding=\"async\" alt=\"V\u1ee3t Pickleball Selkirk Vanguard Power Air\" class=\"lazy\" src=\"http:\/\/pickle-ball.vn\/wp-content\/uploads\/2024\/11\/ve1bba3t20pickleball20selkirk20vanguard20power20air20-20invikta.jpg\" style=\"height:750px;width:750px\" title=\"V\u1ee3t Pickleball Selkirk Vanguard Power Air\"><\/p>\n<p>&#8211; T\u1ea1o \u0111\u1ed9 xo\u00e1y t\u1ed1i \u0111a cho c\u00e1c c\u00fa \u0111\u00e1nh c\u00f3 ki\u1ec3m so\u00e1t, m\u1ea1nh m\u1ebd<\/p>\n<p>&#8211; C\u00f3 \u0111i\u1ec3m ng\u1ecdt l\u1edbn h\u01a1n so v\u1edbi v\u1ee3t pickleball \u0111i\u1ec7n truy\u1ec1n th\u1ed1ng<\/p>\n<p>&#8211; T\u1ea1o ra nh\u1eefng c\u00fa \u0111\u00e1nh kh\u00f3 \u0111\u00e1nh tr\u1ea3 nh\u1edd \u0111\u1ed9 xo\u00e1y b\u00f3ng v\u01b0\u1ee3t tr\u1ed9i<\/p>\n<p>&#8211; Cung c\u1ea5p s\u1ee9c m\u1ea1nh kh\u00f4ng ng\u1eebng, v\u1edbi kh\u1ea3 n\u0103ng ki\u1ec3m so\u00e1t \u0111\u00e1ng kinh ng\u1ea1c<\/p>\n<h3><strong>\u0110\u1eb7c tr\u01b0ng c\u1ee7a v\u1ee3t Pickleball Selkirk Vanguard Power Air &#8211; Invikta<\/strong><\/h3>\n<p>&#8211; Air Dynamic Throat cho t\u1ed1c \u0111\u1ed9 vung nhanh h\u01a1n: \u0110\u01b0\u1ee3c ph\u00e1t tri\u1ec3n trong Selkirk Labs v\u1edbi Project 002 v\u00e0 \u0111\u01b0\u1ee3c tinh ch\u1ec9nh \u0111\u1ec3 mang l\u1ea1i \u0111\u1ed9 u\u1ed1n t\u1ed1i \u0111a, Air Dynamic Throat gi\u1edd \u0111\u00e2y l\u1edbn h\u01a1n v\u00e0 th\u1eadm ch\u00ed g\u1ea7n tay c\u1ea7m h\u01a1n, mang l\u1ea1i lu\u1ed3ng kh\u00f4ng kh\u00ed t\u1ed1i \u01b0u v\u00e0 kh\u1ea3 n\u0103ng ki\u1ec3m so\u00e1t b\u00f3ng \u0111\u01b0\u1ee3c c\u1ea3i thi\u1ec7n.<\/p>\n<p>&#8211; ThroatFlex \u0111\u1ec3 c\u00f3 th\u00eam l\u1ef1c v\u00e0 th\u1eddi gian d\u1eebng: \u0110\u01b0\u1ee3c t\u1ea1o ra \u0111\u1ec3 mang l\u1ea1i \u0111\u1ed9 u\u1ed1n t\u1ed1i \u0111a khi b\u1ea1n ti\u1ebfp x\u00fac v\u1edbi b\u00f3ng, thi\u1ebft k\u1ebf c\u1ed5 h\u1ecdng m\u1edf ThotFlex m\u1edbi c\u1ee7a ch\u00fang t\u00f4i gi\u00fap k\u00e9o d\u00e0i th\u1eddi gian d\u1eebng tr\u00ean v\u1ee3t pickleball selkirk v\u00e0 t\u0103ng c\u01b0\u1eddng s\u1ee9c m\u1ea1nh khi ch\u01a1i, mang l\u1ea1i s\u1ef1 nh\u1ea5t qu\u00e1n v\u01b0\u1ee3t tr\u1ed9i.<\/p>\n<p style=\"text-align:center\"><img decoding=\"async\" alt=\"V\u1ee3t Pickleball Selkirk Vanguard Power Air\" class=\"lazy\" src=\"http:\/\/pickle-ball.vn\/wp-content\/uploads\/2024\/11\/ve1bba3t20pickleball20selkirk20vanguard20power20air20-20invikta2.jpg\" style=\"height:938px;width:750px\" title=\"V\u1ee3t Pickleball Selkirk Vanguard Power Air\"><\/p>\n<p>&#8211; K\u1ebft c\u1ea5u ProSpin+ NextGen cho b\u1ec1 m\u1eb7t k\u00e9o s\u1ee3i t\u1ed1i \u0111a l\u00e2u d\u00e0i: \u0110\u01b0\u1ee3c x\u00e2y d\u1ef1ng trong Ph\u00f2ng th\u00ed nghi\u1ec7m Selkirk \u0111\u1ec3 t\u1ea1o ra nhi\u1ec1u \u0111\u1ed9 xo\u00e1y h\u01a1n b\u1ea5t k\u1ef3 c\u00f4ng ngh\u1ec7 n\u00e0o tr\u00ean th\u1ecb tr\u01b0\u1eddng, c\u00f4ng ngh\u1ec7 K\u1ebft c\u1ea5u vi m\u00f4 ProSpin+ NextGen c\u1ee7a ch\u00fang t\u00f4i c\u00f3 b\u1ec1 m\u1eb7t k\u00e9o s\u1ee3i l\u00e2u h\u01a1n v\u00e0 mang l\u1ea1i \u0111\u1ed9 nh\u1ea5t qu\u00e1n tuy\u1ec7t v\u1eddi, \u0111\u1ea3m b\u1ea3o b\u1ea1n c\u00f3 th\u1ec3 \u0111\u1ecbnh h\u00ecnh v\u00e0 ki\u1ec3m so\u00e1t b\u00f3ng m\u1ed9t c\u00e1ch d\u1ec5 d\u00e0ng, \u0111\u1ec3 chi\u1ebfm \u01b0u th\u1ebf tr\u00ean s\u00e2n.<\/p>\n<p>&#8211; M\u1eb7t lai 4 l\u1edbp QuadFlex d\u00e0nh cho s\u1ee9c m\u1ea1nh v\u00e0 kh\u1ea3 n\u0103ng ki\u1ec3m so\u00e1t: \u0110\u01b0\u1ee3c kh\u1edfi x\u01b0\u1edbng t\u1ea1i Ph\u00f2ng th\u00ed nghi\u1ec7m Selkirk v\u1edbi D\u1ef1 \u00e1n 002, M\u1eb7t lai 4 l\u1edbp QuadFlex c\u00f3 s\u1ef1 k\u1ebft h\u1ee3p l\u1ea7n \u0111\u1ea7u ti\u00ean gi\u1eefa hai l\u1edbp Fiberflex v\u00e0 hai l\u1edbp Quantum+ carbon, \u0111\u1ec3 mang l\u1ea1i s\u1ee9c m\u1ea1nh d\u1ec5 d\u00e0ng v\u00e0 \u0111i\u1ec1u khi\u1ec3n.<\/p>\n<p>&#8211; 360\u00b0 Proto Molding \u0111\u1ec3 c\u00f3 s\u1ee9c m\u1ea1nh v\u00e0 \u0111i\u1ec3m ng\u1ecdt nh\u1ea5t qu\u00e1n: \u0110\u01b0\u1ee3c thi\u1ebft k\u1ebf \u0111\u1ec3 cung c\u1ea5p ph\u1ea1m vi ph\u1ee7 composite 360 \u200b\u200b\u0111\u1ed9, s\u1eed d\u1ee5ng quy tr\u00ecnh s\u1ea3n xu\u1ea5t \u00e1p su\u1ea5t cao \u0111\u1ed9c quy\u1ec1n, c\u00f4ng ngh\u1ec7 360\u00b0 Proto Molding t\u1ea1o ra s\u1ee9c m\u1ea1nh t\u1ed1i \u0111a, \u0111\u1ed3ng th\u1eddi mang l\u1ea1i c\u1ea3m gi\u00e1c nh\u1ea5t qu\u00e1n trong m\u1ed7i l\u1ea7n ch\u01a1i.<\/p>\n<p style=\"text-align:center\"><img decoding=\"async\" alt=\"V\u1ee3t Pickleball Selkirk Vanguard Power Air\" class=\"lazy\" src=\"http:\/\/pickle-ball.vn\/wp-content\/uploads\/2024\/11\/ve1bba3t20pickleball20selkirk20vanguard20power20air20-20invikta4.jpg\" style=\"height:938px;width:750px\" title=\"V\u1ee3t Pickleball Selkirk Vanguard Power Air\"><\/p>\n<p>&#8211; C\u00f4ng ngh\u1ec7 Aero-DuraEdge Edgeless \u0111\u1ec3 t\u0103ng \u0111\u1ed9 b\u1ec1n v\u00e0 t\u00ednh kh\u00ed \u0111\u1ed9ng h\u1ecdc: \u0110\u01b0\u1ee3c gi\u1edbi thi\u1ec7u \u0111\u1ec3 t\u0103ng \u0111\u1ed9 tin c\u1eady c\u1ee7a c\u1ea1nh c\u00f9ng v\u1edbi chu vi c\u1ea1nh FlexFoam, c\u00f4ng ngh\u1ec7 Aero-DuraEdge Edgeless bao g\u1ed3m h\u1ed7n h\u1ee3p v\u1eadt li\u1ec7u t\u1ed5ng h\u1ee3p v\u00e0 polymer \u0111\u1eb7c bi\u1ec7t, ch\u1ed1ng va \u0111\u1eadp c\u1ee7a ch\u00fang t\u00f4i.<\/p>\n<p>&#8211; FlexFoam Perimeter mang l\u1ea1i s\u1ee9c m\u1ea1nh, \u0111\u1ed9 b\u1ec1n v\u00e0 \u0111i\u1ec3m ng\u1ecdt l\u1edbn h\u01a1n: \u0110\u1ea1t \u0111\u01b0\u1ee3c b\u1eb1ng c\u00e1ch b\u01a1m b\u1ecdt c\u00f3 c\u00f4ng th\u1ee9c \u0111\u1eb7c bi\u1ec7t v\u00e0o to\u00e0n b\u1ed9 chu vi c\u1ee7a v\u1ee3t pickleball, c\u00f4ng ngh\u1ec7 FlexFoam Perimeter c\u1ee7a ch\u00fang t\u00f4i gi\u00fap t\u0103ng \u0111\u1ed9 b\u1ec1n, t\u0103ng th\u00eam tr\u1ecdng l\u01b0\u1ee3ng, m\u1edf r\u1ed9ng \u0111i\u1ec3m ng\u1ecdt v\u00e0 h\u1ea5p th\u1ee5 rung \u0111\u1ed9ng t\u1eeb m\u1ed7i c\u00fa \u0111\u00e1nh, \u0111\u1ec3 c\u00f3 \u0111\u01b0\u1ee3c m\u1ed9t c\u1ea3m gi\u00e1c \u1ed5n \u0111\u1ecbnh, \u0111\u00e1ng tin c\u1eady. C\u00f4ng ngh\u1ec7 n\u00e0y ban \u0111\u1ea7u \u0111\u01b0\u1ee3c ph\u00e1t tri\u1ec3n t\u1ea1i Selkirk Labs cho D\u1ef1 \u00e1n 002.<\/p>\n<h3><strong>Th\u00f4ng s\u1ed1 k\u1ef9 thu\u1eadt v\u1ee3t Pickleball Selkirk Vanguard Power Air &#8211; Invikta<\/strong><\/h3>\n<ul>\n<li>Ph\u1ea1m vi h\u1ea1ng trung: 7,7 &#8211; 8,1 oz.<\/li>\n<li>Tr\u1ecdng l\u01b0\u1ee3ng t\u00f9y ch\u1ec9nh kh\u00f4ng c\u00f3 s\u1eb5n<\/li>\n<li>Chu vi tay c\u1ea7m: 4 1\/4&#8243;<\/li>\n<li>Tay c\u1ea7m: Selkirk Geo Grip<\/li>\n<li>Chi\u1ec1u d\u00e0i tay c\u1ea7m: 5 1\/4&#8243;<\/li>\n<li>Chi\u1ec1u d\u00e0i v\u1ee3t pickleball: 16 1\/2&#8243;<\/li>\n<li>Chi\u1ec1u r\u1ed9ng v\u1ee3t pickleball: 7,375&#8243;<\/li>\n<li>M\u1eb7t: H\u1ed7n h\u1ee3p lai gi\u1eefa s\u1ee3i th\u1ee7y tinh v\u00e0 s\u1ee3i carbon<\/li>\n<li>V\u1eadt li\u1ec7u c\u1ed1t l\u00f5i: T\u1ed5 ong polymer<\/li>\n<li>\u0110\u1ed9 d\u00e0y l\u00f5i: 13mm<\/li>\n<li>Edge Guard: DuraEdge kh\u00f4ng vi\u1ec1n<\/li>\n<li>Nh\u00e0 s\u1ea3n xu\u1ea5t: Selkirk Sports<\/li>\n<li>\u0110\u01b0\u1ee3c s\u1ea3n xu\u1ea5t t\u1ea1i M\u1ef9<\/li>\n<\/ul>\n<p><strong>Pickleball Vi\u1ec7t Nam<\/strong> \u0111ang ph\u00e2n ph\u1ed1i c\u00e1c s\u1ea3n ph\u1ea9m v\u1ee3t Pickleball ch\u00ednh h\u00e3ng v\u1edbi gi\u00e1 th\u00e0nh h\u1ee3p l\u00fd. Q\u00fay kh\u00e1ch h\u00e0ng c\u00f3 nhu c\u1ea7u s\u1eed d\u1ee5ng xin vui l\u00f2ng li\u00ean h\u1ec7 v\u1edbi ch\u00fang t\u00f4i \u0111\u1ec3 \u0111\u01b0\u1ee3c t\u01b0 v\u1ea5n, h\u1ed7 tr\u1ee3 chi ti\u1ebft nh\u1ea5t.<\/p>\n<\/p><\/div>\n<\/p><\/div>","protected":false},"excerpt":{"rendered":"<ul class=\"list-unstyled params\">\n<li class=\"btt\">Th\u00f4ng tin s\u1ea3n ph\u1ea9m:<\/li>\n<li class=\"dyn\">\n                                            <span class=\"n\">Nh\u00e0 cung c\u1ea5p:<\/span><br \/>\n                                            \t\t\t\t\t\t\t\t\t\t\t<span class=\"v\">Pickleball Vi\u1ec7t Nam<\/span>\n\t\t\t\t\t\t\t\t\t\t\t                                        <\/li>\n<li class=\"separator\">\n                                        <\/li>\n<li>\n                                            <span class=\"n\">Tr\u1ea1ng th\u00e1i:<\/span><br \/>\n                                            <span class=\"v\" style=\"font-weight:700;color: #d7000e\">T\u1ea1m h\u1ebft h\u00e0ng<\/span>\n                                        <\/li>\n<li>\n                                            <span class=\"n\">T\u00ecnh tr\u1ea1ng:<\/span><br \/>\n                                            <span class=\"v\">M\u1edbi 100%<\/span>\n                                        <\/li>\n<li>\n                                            <span class=\"n\">B\u1ea3o h\u00e0nh:<\/span><br \/>\n                                            <span class=\"v\">Ch\u00ednh h\u00e3ng<\/span>\n                                        <\/li>\n<li>\n<p>                                            <span class=\"n\">Giao h\u00e0ng:<\/span><br \/>\n                                            <span class=\"v\">To\u00e0n qu\u1ed1c<\/span>\n                                        <\/li>\n<\/ul>","protected":false},"featured_media":15540,"comment_status":"closed","ping_status":"closed","template":"","meta":[],"pwb-brand":[],"product_cat":[2836],"product_tag":[3248,25,3690,55,3702,3417,3691,3703],"class_list":{"0":"post-15539","1":"product","2":"type-product","3":"status-publish","4":"has-post-thumbnail","6":"product_cat-vot-pickleball","7":"product_tag-bong","8":"product_tag-man","9":"product_tag-pickleball-selkirk","10":"product_tag-run","11":"product_tag-selkirk-vanguard-power-air-invikta","12":"product_tag-vot-pickleball","13":"product_tag-vot-pickleball-selkirk","14":"product_tag-vot-pickleball-selkirk-vanguard-power-air-invikta","16":"first","17":"instock","18":"shipping-taxable","19":"product-type-simple"},"yoast_head":"<!-- This site is optimized with the Yoast SEO plugin v22.9 - https:\/\/yoast.com\/wordpress\/plugins\/seo\/ -->\n<title>V\u1ee3t PickleballV\u1ee3t Pickleball Selkirk Vanguard Power Air - Invikta - PickleBall Vi\u1ec7t Nam<\/title>\n<meta name=\"robots\" content=\"index, follow, max-snippet:-1, max-image-preview:large, max-video-preview:-1\" \/>\n<link rel=\"canonical\" href=\"https:\/\/pickle-ball.vn\/ru\/-product-\/vot-pickleball\/vot-pickleball-vot-pickleball-selkirk-vanguard-power-air-invikta\/\" \/>\n<meta name=\"twitter:label1\" content=\"\u041f\u0440\u0438\u043c\u0435\u0440\u043d\u043e\u0435 \u0432\u0440\u0435\u043c\u044f \u0434\u043b\u044f \u0447\u0442\u0435\u043d\u0438\u044f\" \/>\n\t<meta name=\"twitter:data1\" content=\"6 \u043c\u0438\u043d\u0443\u0442\" \/>\n<script type=\"application\/ld+json\" class=\"yoast-schema-graph\">{\"@context\":\"https:\/\/schema.org\",\"@graph\":[{\"@type\":\"WebPage\",\"@id\":\"https:\/\/pickle-ball.vn\/hi\/-product-\/vot-pickleball\/vot-pickleball-vot-pickleball-selkirk-vanguard-power-air-invikta\/\",\"url\":\"https:\/\/pickle-ball.vn\/hi\/-product-\/vot-pickleball\/vot-pickleball-vot-pickleball-selkirk-vanguard-power-air-invikta\/\",\"name\":\"V\u1ee3t PickleballV\u1ee3t Pickleball Selkirk Vanguard Power Air - Invikta - PickleBall Vi\u1ec7t Nam\",\"isPartOf\":{\"@id\":\"https:\/\/pickle-ball.vn\/ja\/#website\"},\"primaryImageOfPage\":{\"@id\":\"https:\/\/pickle-ball.vn\/hi\/-product-\/vot-pickleball\/vot-pickleball-vot-pickleball-selkirk-vanguard-power-air-invikta\/#primaryimage\"},\"image\":{\"@id\":\"https:\/\/pickle-ball.vn\/hi\/-product-\/vot-pickleball\/vot-pickleball-vot-pickleball-selkirk-vanguard-power-air-invikta\/#primaryimage\"},\"thumbnailUrl\":\"https:\/\/pickle-ball.vn\/wp-content\/uploads\/2024\/11\/vot-pickleball-selkirk-vanguard-power-air-invikta_720x720xcrop.webp\",\"datePublished\":\"2024-11-04T11:35:47+00:00\",\"dateModified\":\"2024-11-04T11:35:52+00:00\",\"breadcrumb\":{\"@id\":\"https:\/\/pickle-ball.vn\/hi\/-product-\/vot-pickleball\/vot-pickleball-vot-pickleball-selkirk-vanguard-power-air-invikta\/#breadcrumb\"},\"inLanguage\":\"ru-RU\",\"potentialAction\":[{\"@type\":\"ReadAction\",\"target\":[\"https:\/\/pickle-ball.vn\/hi\/-product-\/vot-pickleball\/vot-pickleball-vot-pickleball-selkirk-vanguard-power-air-invikta\/\"]}]},{\"@type\":\"ImageObject\",\"inLanguage\":\"ru-RU\",\"@id\":\"https:\/\/pickle-ball.vn\/hi\/-product-\/vot-pickleball\/vot-pickleball-vot-pickleball-selkirk-vanguard-power-air-invikta\/#primaryimage\",\"url\":\"https:\/\/pickle-ball.vn\/wp-content\/uploads\/2024\/11\/vot-pickleball-selkirk-vanguard-power-air-invikta_720x720xcrop.webp\",\"contentUrl\":\"https:\/\/pickle-ball.vn\/wp-content\/uploads\/2024\/11\/vot-pickleball-selkirk-vanguard-power-air-invikta_720x720xcrop.webp\",\"width\":720,\"height\":720,\"caption\":\"V\u1ee3t Pickleball Selkirk Vanguard Power Air - Invikta\"},{\"@type\":\"BreadcrumbList\",\"@id\":\"https:\/\/pickle-ball.vn\/hi\/-product-\/vot-pickleball\/vot-pickleball-vot-pickleball-selkirk-vanguard-power-air-invikta\/#breadcrumb\",\"itemListElement\":[{\"@type\":\"ListItem\",\"position\":1,\"name\":\"Home\",\"item\":\"https:\/\/pickle-ball.vn\/ja\/\"},{\"@type\":\"ListItem\",\"position\":2,\"name\":\"Shop\",\"item\":\"https:\/\/pickle-ball.vn\/vi\/shop\/\"},{\"@type\":\"ListItem\",\"position\":3,\"name\":\"V\u1ee3t PickleballV\u1ee3t Pickleball Selkirk Vanguard Power Air &#8211; Invikta\"}]},{\"@type\":\"WebSite\",\"@id\":\"https:\/\/pickle-ball.vn\/ja\/#website\",\"url\":\"https:\/\/pickle-ball.vn\/ja\/\",\"name\":\"Jabra\",\"description\":\"\",\"publisher\":{\"@id\":\"https:\/\/pickle-ball.vn\/ja\/#organization\"},\"potentialAction\":[{\"@type\":\"SearchAction\",\"target\":{\"@type\":\"EntryPoint\",\"urlTemplate\":\"https:\/\/pickle-ball.vn\/ja\/?s={search_term_string}\"},\"query-input\":\"required name=search_term_string\"}],\"inLanguage\":\"ru-RU\"},{\"@type\":\"Organization\",\"@id\":\"https:\/\/pickle-ball.vn\/ja\/#organization\",\"name\":\"Jabra\",\"url\":\"https:\/\/pickle-ball.vn\/ja\/\",\"logo\":{\"@type\":\"ImageObject\",\"inLanguage\":\"ru-RU\",\"@id\":\"https:\/\/pickle-ball.vn\/ja\/#\/schema\/logo\/image\/\",\"url\":\"\",\"contentUrl\":\"\",\"caption\":\"Jabra\"},\"image\":{\"@id\":\"https:\/\/pickle-ball.vn\/ja\/#\/schema\/logo\/image\/\"}}]}<\/script>\n<!-- \/ Yoast SEO plugin. -->","yoast_head_json":{"title":"V\u1ee3t PickleballV\u1ee3t Pickleball Selkirk Vanguard Power Air - Invikta - PickleBall Vi\u1ec7t Nam","robots":{"index":"index","follow":"follow","max-snippet":"max-snippet:-1","max-image-preview":"max-image-preview:large","max-video-preview":"max-video-preview:-1"},"canonical":"https:\/\/pickle-ball.vn\/ru\/-product-\/vot-pickleball\/vot-pickleball-vot-pickleball-selkirk-vanguard-power-air-invikta\/","twitter_misc":{"\u041f\u0440\u0438\u043c\u0435\u0440\u043d\u043e\u0435 \u0432\u0440\u0435\u043c\u044f \u0434\u043b\u044f \u0447\u0442\u0435\u043d\u0438\u044f":"6 \u043c\u0438\u043d\u0443\u0442"},"schema":{"@context":"https:\/\/schema.org","@graph":[{"@type":"WebPage","@id":"https:\/\/pickle-ball.vn\/hi\/-product-\/vot-pickleball\/vot-pickleball-vot-pickleball-selkirk-vanguard-power-air-invikta\/","url":"https:\/\/pickle-ball.vn\/hi\/-product-\/vot-pickleball\/vot-pickleball-vot-pickleball-selkirk-vanguard-power-air-invikta\/","name":"V\u1ee3t PickleballV\u1ee3t Pickleball Selkirk Vanguard Power Air - Invikta - PickleBall Vi\u1ec7t Nam","isPartOf":{"@id":"https:\/\/pickle-ball.vn\/ja\/#website"},"primaryImageOfPage":{"@id":"https:\/\/pickle-ball.vn\/hi\/-product-\/vot-pickleball\/vot-pickleball-vot-pickleball-selkirk-vanguard-power-air-invikta\/#primaryimage"},"image":{"@id":"https:\/\/pickle-ball.vn\/hi\/-product-\/vot-pickleball\/vot-pickleball-vot-pickleball-selkirk-vanguard-power-air-invikta\/#primaryimage"},"thumbnailUrl":"https:\/\/pickle-ball.vn\/wp-content\/uploads\/2024\/11\/vot-pickleball-selkirk-vanguard-power-air-invikta_720x720xcrop.webp","datePublished":"2024-11-04T11:35:47+00:00","dateModified":"2024-11-04T11:35:52+00:00","breadcrumb":{"@id":"https:\/\/pickle-ball.vn\/hi\/-product-\/vot-pickleball\/vot-pickleball-vot-pickleball-selkirk-vanguard-power-air-invikta\/#breadcrumb"},"inLanguage":"ru-RU","potentialAction":[{"@type":"ReadAction","target":["https:\/\/pickle-ball.vn\/hi\/-product-\/vot-pickleball\/vot-pickleball-vot-pickleball-selkirk-vanguard-power-air-invikta\/"]}]},{"@type":"ImageObject","inLanguage":"ru-RU","@id":"https:\/\/pickle-ball.vn\/hi\/-product-\/vot-pickleball\/vot-pickleball-vot-pickleball-selkirk-vanguard-power-air-invikta\/#primaryimage","url":"https:\/\/pickle-ball.vn\/wp-content\/uploads\/2024\/11\/vot-pickleball-selkirk-vanguard-power-air-invikta_720x720xcrop.webp","contentUrl":"https:\/\/pickle-ball.vn\/wp-content\/uploads\/2024\/11\/vot-pickleball-selkirk-vanguard-power-air-invikta_720x720xcrop.webp","width":720,"height":720,"caption":"V\u1ee3t Pickleball Selkirk Vanguard Power Air - Invikta"},{"@type":"BreadcrumbList","@id":"https:\/\/pickle-ball.vn\/hi\/-product-\/vot-pickleball\/vot-pickleball-vot-pickleball-selkirk-vanguard-power-air-invikta\/#breadcrumb","itemListElement":[{"@type":"ListItem","position":1,"name":"Home","item":"https:\/\/pickle-ball.vn\/ja\/"},{"@type":"ListItem","position":2,"name":"Shop","item":"https:\/\/pickle-ball.vn\/vi\/shop\/"},{"@type":"ListItem","position":3,"name":"V\u1ee3t PickleballV\u1ee3t Pickleball Selkirk Vanguard Power Air &#8211; Invikta"}]},{"@type":"WebSite","@id":"https:\/\/pickle-ball.vn\/ja\/#website","url":"https:\/\/pickle-ball.vn\/ja\/","name":"Jabra","description":"","publisher":{"@id":"https:\/\/pickle-ball.vn\/ja\/#organization"},"potentialAction":[{"@type":"SearchAction","target":{"@type":"EntryPoint","urlTemplate":"https:\/\/pickle-ball.vn\/ja\/?s={search_term_string}"},"query-input":"required name=search_term_string"}],"inLanguage":"ru-RU"},{"@type":"Organization","@id":"https:\/\/pickle-ball.vn\/ja\/#organization","name":"Jabra","url":"https:\/\/pickle-ball.vn\/ja\/","logo":{"@type":"ImageObject","inLanguage":"ru-RU","@id":"https:\/\/pickle-ball.vn\/ja\/#\/schema\/logo\/image\/","url":"","contentUrl":"","caption":"Jabra"},"image":{"@id":"https:\/\/pickle-ball.vn\/ja\/#\/schema\/logo\/image\/"}}]}},"brands":[],"_links":{"self":[{"href":"https:\/\/pickle-ball.vn\/ru\/wp-json\/wp\/v2\/product\/15539","targetHints":{"allow":["GET"]}}],"collection":[{"href":"https:\/\/pickle-ball.vn\/ru\/wp-json\/wp\/v2\/product"}],"about":[{"href":"https:\/\/pickle-ball.vn\/ru\/wp-json\/wp\/v2\/types\/product"}],"replies":[{"embeddable":true,"href":"https:\/\/pickle-ball.vn\/ru\/wp-json\/wp\/v2\/comments?post=15539"}],"wp:featuredmedia":[{"embeddable":true,"href":"https:\/\/pickle-ball.vn\/ru\/wp-json\/wp\/v2\/media\/15540"}],"wp:attachment":[{"href":"https:\/\/pickle-ball.vn\/ru\/wp-json\/wp\/v2\/media?parent=15539"}],"wp:term":[{"taxonomy":"pwb-brand","embeddable":true,"href":"https:\/\/pickle-ball.vn\/ru\/wp-json\/wp\/v2\/pwb-brand?post=15539"},{"taxonomy":"product_cat","embeddable":true,"href":"https:\/\/pickle-ball.vn\/ru\/wp-json\/wp\/v2\/product_cat?post=15539"},{"taxonomy":"product_tag","embeddable":true,"href":"https:\/\/pickle-ball.vn\/ru\/wp-json\/wp\/v2\/product_tag?post=15539"}],"curies":[{"name":"wp","href":"https:\/\/api.w.org\/{rel}","templated":true}]}}