{"id":16171,"date":"2025-02-10T11:15:37","date_gmt":"2025-02-10T04:15:37","guid":{"rendered":"http:\/\/pickle-ball.vn\/-product-\/uncategorized\/tui-pickleball-selkirk-sling-bag-black\/"},"modified":"2025-02-10T11:15:47","modified_gmt":"2025-02-10T04:15:47","slug":"tui-pickleball-selkirk-sling-bag-black","status":"publish","type":"product","link":"https:\/\/pickle-ball.vn\/ru\/-product-\/phu-kien-pickleball\/tui-pickleball-selkirk-sling-bag-black\/","title":{"rendered":"T\u00fai Pickleball Selkirk Sling Bag Black"},"content":{"rendered":"<div role=\"tabpanel\" class=\"tab-pane active\" id=\"tab-product-info\">\n<div class=\"vh-content\">\n<h2><strong>T\u00fai Pickleball Selkirk Sling Bag Black m\u00e0u \u0110en b\u1ec1n \u0111\u1eb9p, gi\u00e1 t\u1ed1t<\/strong><\/h2>\n<p><strong>T\u00fai Pickleball Selkirk Sling Bag Black<\/strong> m\u00e0u \u0110en \u0111\u01b0\u1ee3c thi\u1ebft k\u1ebf cho nh\u1eefng ng\u01b0\u1eddi ch\u01a1i c\u1ea7n ch\u1ee9c n\u0103ng trong m\u1ed9t h\u00ecnh th\u1ee9c h\u1ee3p l\u00fd. T\u00fai v\u1ee3t pickleball c\u00f3 \u0111\u1ec7m c\u1ee7a n\u00f3 tho\u1ea3i m\u00e1i \u0111\u1ef1ng m\u1ed9t <strong>v\u1ee3t pickleball<\/strong> v\u00e0 m\u1ed9t qu\u1ea3 b\u00f3ng, trong khi t\u00fai \u0111\u1ef1ng chai n\u01b0\u1edbc r\u1ed9ng r\u00e3i c\u00f3 th\u1ec3 ch\u1ee9a t\u1edbi m\u1ed9t chai 24 oz. T\u00fai l\u01b0\u1edbi ph\u00eda sau gi\u00fap b\u1ea1n d\u1ec5 d\u00e0ng l\u1ea5y ph\u1ee5 ki\u1ec7n ho\u1eb7c \u0111i\u1ec7n tho\u1ea1i, v\u00e0 ng\u0103n ch\u00ednh, v\u1edbi m\u1ed9t t\u00fai c\u00f3 kh\u00f3a k\u00e9o ph\u00eda tr\u01b0\u1edbc, ho\u00e0n h\u1ea3o \u0111\u1ec3 \u0111\u1ef1ng \u0111\u1ed3 \u0103n nh\u1eb9 ho\u1eb7c k\u00ednh r\u00e2m. B\u00ean trong, b\u1ea1n s\u1ebd t\u00ecm th\u1ea5y m\u1ed9t t\u00fai an to\u00e0n \u0111\u1ec3 \u0111\u1ef1ng v\u00ed v\u00e0 ch\u00eca kh\u00f3a.<\/p>\n<p style=\"text-align:center\"><img decoding=\"async\" alt=\"T\u00fai Pickleball Selkirk Sling Bag Black\" class=\"lazy\" src=\"http:\/\/pickle-ball.vn\/wp-content\/uploads\/2025\/02\/balo-selkirk-sling-bag-black-01.webp\" style=\"height:800px;width:800px\" title=\"Balo Selkirk Sling Bag Black\"><\/p>\n<p>\u0110\u1ec3 tho\u1ea3i m\u00e1i h\u01a1n, d\u00e2y \u0111eo \u0111\u01b0\u1ee3c \u0111\u1ec7m nh\u1eb9 v\u00e0 c\u00f3 th\u1ec3 \u0111eo nh\u01b0 t\u00fai \u0111eo ch\u00e9o ho\u1eb7c m\u1edf kh\u00f3a \u0111\u1ec3 chuy\u1ec3n th\u00e0nh ba l\u00f4. Kh\u00f3a c\u00f3 th\u1ec3 \u0111i\u1ec1u ch\u1ec9nh \u0111\u1ea3m b\u1ea3o v\u1eeba v\u1eb7n ho\u00e0n h\u1ea3o v\u00e0 tay c\u1ea7m d\u1ec5 c\u1ea7m gi\u00fap treo t\u00fai \u0111\u01a1n gi\u1ea3n. \u0110\u01b0\u1ee3c ho\u00e0n thi\u1ec7n b\u1eb1ng kh\u00f3a k\u00e9o b\u1ec1n \u0111\u1ec3 d\u1ec5 d\u00e0ng truy c\u1eadp, t\u00fai \u0111eo ch\u00e9o n\u00e0y k\u1ebft h\u1ee3p phong c\u00e1ch b\u00f3ng b\u1ea9y v\u1edbi t\u1ea5t c\u1ea3 nh\u1eefng v\u1eadt d\u1ee5ng thi\u1ebft y\u1ebfu b\u1ea1n c\u1ea7n tr\u00ean s\u00e2n.<\/p>\n<p>Tr\u1ecdng l\u01b0\u1ee3ng: 2,35 oz<\/p>\n<p>K\u00edch th\u01b0\u1edbc: 7,87 x 17,72 x 2,76 inch<\/p>\n<p style=\"text-align:center\"><img decoding=\"async\" alt=\"T\u00fai Pickleball Selkirk Sling Bag Black\" class=\"lazy\" src=\"http:\/\/pickle-ball.vn\/wp-content\/uploads\/2025\/02\/balo-selkirk-sling-bag-black-02.webp\" style=\"height:800px;width:800px\" title=\"Balo Selkirk Sling Bag Black\"><\/p>\n<h3><strong>T\u00ednh n\u0103ng ch\u00ednh c\u1ee7a T\u00fai Pickleball Selkirk Sling Bag Black m\u00e0u \u0110en<\/strong><\/h3>\n<p>&#8211; T\u00fai \u0111\u1ef1ng v\u1ee3t pickleball c\u00f3 \u0111\u1ec7m v\u1eeba v\u1eb7n v\u1edbi 1 v\u1ee3t pickleball v\u00e0 1 qu\u1ea3 b\u00f3ng.<\/p>\n<p>&#8211; T\u00fai \u0111\u1ef1ng b\u00ecnh n\u01b0\u1edbc r\u1ed9ng r\u00e3i c\u00f3 th\u1ec3 ch\u1ee9a t\u1edbi 16,9 oz.<\/p>\n<p style=\"text-align:center\"><img decoding=\"async\" alt=\"T\u00fai Pickleball Selkirk Sling Bag Black\" class=\"lazy\" src=\"http:\/\/pickle-ball.vn\/wp-content\/uploads\/2025\/02\/balo-selkirk-sling-bag-black-04.webp\" style=\"height:800px;width:800px\" title=\"Balo Selkirk Sling Bag Black\"><\/p>\n<p>&#8211; T\u00fai l\u01b0\u1edbi \u0111\u1ef1ng ph\u1ee5 ki\u1ec7n ph\u00eda sau, l\u00fd t\u01b0\u1edfng \u0111\u1ec3 c\u1ea5t \u0111i\u1ec7n tho\u1ea1i.<\/p>\n<p>&#8211; Ng\u0103n ch\u00ednh c\u00f3 t\u00fai kh\u00f3a k\u00e9o ph\u00eda tr\u01b0\u1edbc \u0111\u1ec3 \u0111\u1ef1ng \u0111\u1ed3 \u0103n nh\u1eb9 ho\u1eb7c k\u00ednh m\u00e1t.<\/p>\n<p>&#8211; T\u00fai an to\u00e0n b\u00ean trong \u0111\u1ef1ng v\u00ed v\u00e0 ch\u00eca kh\u00f3a.<\/p>\n<p>&#8211; D\u00e2y \u0111eo c\u00f3 \u0111\u1ec7m nh\u1eb9 t\u1ea1o s\u1ef1 tho\u1ea3i m\u00e1i.<\/p>\n<p>&#8211; D\u00e2y \u0111eo c\u00f3 th\u1ec3 chuy\u1ec3n \u0111\u1ed5i: \u0111eo nh\u01b0 m\u1ed9t chi\u1ebfc \u0111\u1ecbu \u0111\u01a1n ho\u1eb7c m\u1edf kh\u00f3a \u0111\u1ec3 chuy\u1ec3n th\u00e0nh ba l\u00f4.<\/p>\n<p>&#8211; Kh\u00f3a c\u00f3 th\u1ec3 \u0111i\u1ec1u ch\u1ec9nh \u0111\u1ec3 v\u1eeba v\u1eb7n t\u00f9y \u00fd.<\/p>\n<p style=\"text-align:center\"><img decoding=\"async\" alt=\"T\u00fai Pickleball Selkirk Sling Bag Black\" class=\"lazy\" src=\"http:\/\/pickle-ball.vn\/wp-content\/uploads\/2025\/02\/balo-selkirk-sling-bag-black-05.webp\" style=\"height:800px;width:800px\" title=\"Balo Selkirk Sling Bag Black\"><\/p>\n<p>&#8211; Tay c\u1ea7m d\u1ec5 c\u1ea7m \u0111\u1ec3 treo ti\u1ec7n l\u1ee3i.<\/p>\n<p>&#8211; Kh\u00f3a k\u00e9o b\u1ec1n b\u1ec9 gi\u00fap thao t\u00e1c d\u1ec5 d\u00e0ng v\u00e0 tr\u01a1n tru.<\/p>\n<p>T\u00fai Pickleball Selkirk Sling Bag Black m\u00e0u \u0110en ch\u00ednh h\u00e3ng, \u0111ang c\u00f3 s\u1eb5n t\u1ea1i Pickleball Vi\u1ec7t Nam. Vui l\u00f2ng li\u00ean h\u1ec7 v\u1edbi ch\u00fang t\u00f4i\u00a00.87654321.9 \u0111\u1ec3 \u0111\u01b0\u1ee3c t\u01b0 v\u1ea5n, h\u1ed7 tr\u1ee3 chi ti\u1ebft c\u00e1c th\u00f4ng tin v\u1ec1 s\u1ea3n ph\u1ea9m.<\/p>\n<\/p><\/div>\n<\/p><\/div>","protected":false},"excerpt":{"rendered":"<ul class=\"list-unstyled params\">\n<li class=\"btt\">Th\u00f4ng tin s\u1ea3n ph\u1ea9m:<\/li>\n<li class=\"dyn\">\n                                            <span class=\"n\">Th\u01b0\u01a1ng hi\u1ec7u:<\/span><br \/>\n\t\t\t\t\t\t\t\t\t\t\t<span class=\"v\" style=\"text-transform: uppercase\"><b>Selkirk<\/b><\/span>\n                                        <\/li>\n<li class=\"dyn\">\n                                            <span class=\"n\">Xu\u1ea5t x\u1ee9:<\/span><br \/>\n\t\t\t\t\t\t\t\t\t\t\t<span class=\"v\">M\u1ef9 (Made in USA)<\/span>\n                                        <\/li>\n<li class=\"dyn\">\n                                            <span class=\"n\">Number order:<\/span><br \/>\n\t\t\t\t\t\t\t\t\t\t\t<span class=\"v\">10140<\/span>\n                                        <\/li>\n<li class=\"dyn\">\n                                            <span class=\"n\">Nh\u00e0 cung c\u1ea5p:<\/span><br \/>\n                                            \t\t\t\t\t\t\t\t\t\t\t<span class=\"v\">Pickleball Vi\u1ec7t Nam<\/span>\n\t\t\t\t\t\t\t\t\t\t\t                                        <\/li>\n<li class=\"dyn\">\n                                            <span class=\"n\">Lo\u1ea1i s\u1ea3n ph\u1ea9m:<\/span><br \/>\n                                            <span class=\"v\">T\u00fai Pickleball<\/span>\n                                        <\/li>\n<li class=\"separator\">\n                                        <\/li>\n<li>\n                                            <span class=\"n\">Tr\u1ea1ng th\u00e1i:<\/span><br \/>\n                                            <span class=\"v\" style=\"font-weight:700;color: #d7000e\">C\u00f3 s\u1eb5n h\u00e0ng<\/span>\n                                        <\/li>\n<li>\n                                            <span class=\"n\">Tr\u1ecdng l\u01b0\u1ee3ng:<\/span><br \/>\n                                            <span class=\"v\">2,35 oz<\/span>\n                                        <\/li>\n<li>\n                                            <span class=\"n\">T\u00ecnh tr\u1ea1ng:<\/span><br \/>\n                                            <span class=\"v\">M\u1edbi 100%<\/span>\n                                        <\/li>\n<li>\n                                            <span class=\"n\">B\u1ea3o h\u00e0nh:<\/span><br \/>\n                                            <span class=\"v\">Ch\u00ednh h\u00e3ng<\/span>\n                                        <\/li>\n<li>\n<p>                                            <span class=\"n\">Giao h\u00e0ng:<\/span><br \/>\n                                            <span class=\"v\">To\u00e0n qu\u1ed1c<\/span>\n                                        <\/li>\n<\/ul>","protected":false},"featured_media":16172,"comment_status":"closed","ping_status":"closed","template":"","meta":[],"pwb-brand":[3742],"product_cat":[3232],"product_tag":[46,3997,3996,3248,3445,3690,4006,3999,4005,3465,3417],"class_list":{"0":"post-16171","1":"product","2":"type-product","3":"status-publish","4":"has-post-thumbnail","6":"pwb-brand-selkirk","7":"product_cat-phu-kien-pickleball","8":"product_tag-bag","9":"product_tag-balo-pickleball","10":"product_tag-balo-selkirk","11":"product_tag-bong","12":"product_tag-luoi","13":"product_tag-pickleball-selkirk","14":"product_tag-selkirk-sling-bag-black","15":"product_tag-tui-pickleball","16":"product_tag-tui-pickleball-selkirk-sling-bag-black","17":"product_tag-tui-vot-pickleball","18":"product_tag-vot-pickleball","20":"first","21":"instock","22":"shipping-taxable","23":"product-type-simple"},"yoast_head":"<!-- This site is optimized with the Yoast SEO plugin v22.9 - https:\/\/yoast.com\/wordpress\/plugins\/seo\/ -->\n<title>T\u00fai Pickleball Selkirk Sling Bag Black - PickleBall Vi\u1ec7t Nam<\/title>\n<meta name=\"robots\" content=\"index, follow, max-snippet:-1, max-image-preview:large, max-video-preview:-1\" \/>\n<link rel=\"canonical\" href=\"http:\/\/pickle-ball.vn\/ru\/-product-\/phu-kien-pickleball\/tui-pickleball-selkirk-sling-bag-black\/\" \/>\n<meta name=\"twitter:label1\" content=\"\u041f\u0440\u0438\u043c\u0435\u0440\u043d\u043e\u0435 \u0432\u0440\u0435\u043c\u044f \u0434\u043b\u044f \u0447\u0442\u0435\u043d\u0438\u044f\" \/>\n\t<meta name=\"twitter:data1\" content=\"3 \u043c\u0438\u043d\u0443\u0442\u044b\" \/>\n<script type=\"application\/ld+json\" class=\"yoast-schema-graph\">{\"@context\":\"https:\/\/schema.org\",\"@graph\":[{\"@type\":\"WebPage\",\"@id\":\"http:\/\/pickle-ball.vn\/ur\/-product-\/phu-kien-pickleball\/tui-pickleball-selkirk-sling-bag-black\/\",\"url\":\"http:\/\/pickle-ball.vn\/ur\/-product-\/phu-kien-pickleball\/tui-pickleball-selkirk-sling-bag-black\/\",\"name\":\"T\u00fai Pickleball Selkirk Sling Bag Black - PickleBall Vi\u1ec7t Nam\",\"isPartOf\":{\"@id\":\"https:\/\/pickle-ball.vn\/ja\/#website\"},\"primaryImageOfPage\":{\"@id\":\"http:\/\/pickle-ball.vn\/ur\/-product-\/phu-kien-pickleball\/tui-pickleball-selkirk-sling-bag-black\/#primaryimage\"},\"image\":{\"@id\":\"http:\/\/pickle-ball.vn\/ur\/-product-\/phu-kien-pickleball\/tui-pickleball-selkirk-sling-bag-black\/#primaryimage\"},\"thumbnailUrl\":\"https:\/\/pickle-ball.vn\/wp-content\/uploads\/2025\/02\/balo-selkirk-sling-bag-black-01_720x720xcrop.webp\",\"datePublished\":\"2025-02-10T04:15:37+00:00\",\"dateModified\":\"2025-02-10T04:15:47+00:00\",\"breadcrumb\":{\"@id\":\"http:\/\/pickle-ball.vn\/ur\/-product-\/phu-kien-pickleball\/tui-pickleball-selkirk-sling-bag-black\/#breadcrumb\"},\"inLanguage\":\"ru-RU\",\"potentialAction\":[{\"@type\":\"ReadAction\",\"target\":[\"http:\/\/pickle-ball.vn\/ur\/-product-\/phu-kien-pickleball\/tui-pickleball-selkirk-sling-bag-black\/\"]}]},{\"@type\":\"ImageObject\",\"inLanguage\":\"ru-RU\",\"@id\":\"http:\/\/pickle-ball.vn\/ur\/-product-\/phu-kien-pickleball\/tui-pickleball-selkirk-sling-bag-black\/#primaryimage\",\"url\":\"https:\/\/pickle-ball.vn\/wp-content\/uploads\/2025\/02\/balo-selkirk-sling-bag-black-01_720x720xcrop.webp\",\"contentUrl\":\"https:\/\/pickle-ball.vn\/wp-content\/uploads\/2025\/02\/balo-selkirk-sling-bag-black-01_720x720xcrop.webp\",\"width\":720,\"height\":720,\"caption\":\"T\u00fai Pickleball Selkirk Sling Bag Black\"},{\"@type\":\"BreadcrumbList\",\"@id\":\"http:\/\/pickle-ball.vn\/ur\/-product-\/phu-kien-pickleball\/tui-pickleball-selkirk-sling-bag-black\/#breadcrumb\",\"itemListElement\":[{\"@type\":\"ListItem\",\"position\":1,\"name\":\"Home\",\"item\":\"https:\/\/pickle-ball.vn\/ja\/\"},{\"@type\":\"ListItem\",\"position\":2,\"name\":\"Shop\",\"item\":\"https:\/\/pickle-ball.vn\/vi\/shop\/\"},{\"@type\":\"ListItem\",\"position\":3,\"name\":\"T\u00fai Pickleball Selkirk Sling Bag Black\"}]},{\"@type\":\"WebSite\",\"@id\":\"https:\/\/pickle-ball.vn\/ja\/#website\",\"url\":\"https:\/\/pickle-ball.vn\/ja\/\",\"name\":\"Jabra\",\"description\":\"\",\"publisher\":{\"@id\":\"https:\/\/pickle-ball.vn\/ja\/#organization\"},\"potentialAction\":[{\"@type\":\"SearchAction\",\"target\":{\"@type\":\"EntryPoint\",\"urlTemplate\":\"https:\/\/pickle-ball.vn\/ja\/?s={search_term_string}\"},\"query-input\":\"required name=search_term_string\"}],\"inLanguage\":\"ru-RU\"},{\"@type\":\"Organization\",\"@id\":\"https:\/\/pickle-ball.vn\/ja\/#organization\",\"name\":\"Jabra\",\"url\":\"https:\/\/pickle-ball.vn\/ja\/\",\"logo\":{\"@type\":\"ImageObject\",\"inLanguage\":\"ru-RU\",\"@id\":\"https:\/\/pickle-ball.vn\/ja\/#\/schema\/logo\/image\/\",\"url\":\"\",\"contentUrl\":\"\",\"caption\":\"Jabra\"},\"image\":{\"@id\":\"https:\/\/pickle-ball.vn\/ja\/#\/schema\/logo\/image\/\"}}]}<\/script>\n<!-- \/ Yoast SEO plugin. -->","yoast_head_json":{"title":"T\u00fai Pickleball Selkirk Sling Bag Black - PickleBall Vi\u1ec7t Nam","robots":{"index":"index","follow":"follow","max-snippet":"max-snippet:-1","max-image-preview":"max-image-preview:large","max-video-preview":"max-video-preview:-1"},"canonical":"http:\/\/pickle-ball.vn\/ru\/-product-\/phu-kien-pickleball\/tui-pickleball-selkirk-sling-bag-black\/","twitter_misc":{"\u041f\u0440\u0438\u043c\u0435\u0440\u043d\u043e\u0435 \u0432\u0440\u0435\u043c\u044f \u0434\u043b\u044f \u0447\u0442\u0435\u043d\u0438\u044f":"3 \u043c\u0438\u043d\u0443\u0442\u044b"},"schema":{"@context":"https:\/\/schema.org","@graph":[{"@type":"WebPage","@id":"http:\/\/pickle-ball.vn\/ur\/-product-\/phu-kien-pickleball\/tui-pickleball-selkirk-sling-bag-black\/","url":"http:\/\/pickle-ball.vn\/ur\/-product-\/phu-kien-pickleball\/tui-pickleball-selkirk-sling-bag-black\/","name":"T\u00fai Pickleball Selkirk Sling Bag Black - PickleBall Vi\u1ec7t Nam","isPartOf":{"@id":"https:\/\/pickle-ball.vn\/ja\/#website"},"primaryImageOfPage":{"@id":"http:\/\/pickle-ball.vn\/ur\/-product-\/phu-kien-pickleball\/tui-pickleball-selkirk-sling-bag-black\/#primaryimage"},"image":{"@id":"http:\/\/pickle-ball.vn\/ur\/-product-\/phu-kien-pickleball\/tui-pickleball-selkirk-sling-bag-black\/#primaryimage"},"thumbnailUrl":"https:\/\/pickle-ball.vn\/wp-content\/uploads\/2025\/02\/balo-selkirk-sling-bag-black-01_720x720xcrop.webp","datePublished":"2025-02-10T04:15:37+00:00","dateModified":"2025-02-10T04:15:47+00:00","breadcrumb":{"@id":"http:\/\/pickle-ball.vn\/ur\/-product-\/phu-kien-pickleball\/tui-pickleball-selkirk-sling-bag-black\/#breadcrumb"},"inLanguage":"ru-RU","potentialAction":[{"@type":"ReadAction","target":["http:\/\/pickle-ball.vn\/ur\/-product-\/phu-kien-pickleball\/tui-pickleball-selkirk-sling-bag-black\/"]}]},{"@type":"ImageObject","inLanguage":"ru-RU","@id":"http:\/\/pickle-ball.vn\/ur\/-product-\/phu-kien-pickleball\/tui-pickleball-selkirk-sling-bag-black\/#primaryimage","url":"https:\/\/pickle-ball.vn\/wp-content\/uploads\/2025\/02\/balo-selkirk-sling-bag-black-01_720x720xcrop.webp","contentUrl":"https:\/\/pickle-ball.vn\/wp-content\/uploads\/2025\/02\/balo-selkirk-sling-bag-black-01_720x720xcrop.webp","width":720,"height":720,"caption":"T\u00fai Pickleball Selkirk Sling Bag Black"},{"@type":"BreadcrumbList","@id":"http:\/\/pickle-ball.vn\/ur\/-product-\/phu-kien-pickleball\/tui-pickleball-selkirk-sling-bag-black\/#breadcrumb","itemListElement":[{"@type":"ListItem","position":1,"name":"Home","item":"https:\/\/pickle-ball.vn\/ja\/"},{"@type":"ListItem","position":2,"name":"Shop","item":"https:\/\/pickle-ball.vn\/vi\/shop\/"},{"@type":"ListItem","position":3,"name":"T\u00fai Pickleball Selkirk Sling Bag Black"}]},{"@type":"WebSite","@id":"https:\/\/pickle-ball.vn\/ja\/#website","url":"https:\/\/pickle-ball.vn\/ja\/","name":"Jabra","description":"","publisher":{"@id":"https:\/\/pickle-ball.vn\/ja\/#organization"},"potentialAction":[{"@type":"SearchAction","target":{"@type":"EntryPoint","urlTemplate":"https:\/\/pickle-ball.vn\/ja\/?s={search_term_string}"},"query-input":"required name=search_term_string"}],"inLanguage":"ru-RU"},{"@type":"Organization","@id":"https:\/\/pickle-ball.vn\/ja\/#organization","name":"Jabra","url":"https:\/\/pickle-ball.vn\/ja\/","logo":{"@type":"ImageObject","inLanguage":"ru-RU","@id":"https:\/\/pickle-ball.vn\/ja\/#\/schema\/logo\/image\/","url":"","contentUrl":"","caption":"Jabra"},"image":{"@id":"https:\/\/pickle-ball.vn\/ja\/#\/schema\/logo\/image\/"}}]}},"brands":[{"id":3742,"name":"Selkirk","slug":"selkirk"}],"_links":{"self":[{"href":"https:\/\/pickle-ball.vn\/ru\/wp-json\/wp\/v2\/product\/16171","targetHints":{"allow":["GET"]}}],"collection":[{"href":"https:\/\/pickle-ball.vn\/ru\/wp-json\/wp\/v2\/product"}],"about":[{"href":"https:\/\/pickle-ball.vn\/ru\/wp-json\/wp\/v2\/types\/product"}],"replies":[{"embeddable":true,"href":"https:\/\/pickle-ball.vn\/ru\/wp-json\/wp\/v2\/comments?post=16171"}],"wp:featuredmedia":[{"embeddable":true,"href":"https:\/\/pickle-ball.vn\/ru\/wp-json\/wp\/v2\/media\/16172"}],"wp:attachment":[{"href":"https:\/\/pickle-ball.vn\/ru\/wp-json\/wp\/v2\/media?parent=16171"}],"wp:term":[{"taxonomy":"pwb-brand","embeddable":true,"href":"https:\/\/pickle-ball.vn\/ru\/wp-json\/wp\/v2\/pwb-brand?post=16171"},{"taxonomy":"product_cat","embeddable":true,"href":"https:\/\/pickle-ball.vn\/ru\/wp-json\/wp\/v2\/product_cat?post=16171"},{"taxonomy":"product_tag","embeddable":true,"href":"https:\/\/pickle-ball.vn\/ru\/wp-json\/wp\/v2\/product_tag?post=16171"}],"curies":[{"name":"wp","href":"https:\/\/api.w.org\/{rel}","templated":true}]}}