{"id":15072,"date":"2024-11-04T14:45:44","date_gmt":"2024-11-04T07:45:44","guid":{"rendered":"http:\/\/pickle-ball.vn\/-product-\/uncategorized\/vot-pickleball-vot-pickleball-joola-britto-landscape-colorful\/"},"modified":"2024-11-04T14:45:46","modified_gmt":"2024-11-04T07:45:46","slug":"vot-pickleball-vot-pickleball-joola-britto-landscape-colorful","status":"publish","type":"product","link":"https:\/\/pickle-ball.vn\/ur\/-product-\/vot-pickleball\/vot-pickleball-vot-pickleball-joola-britto-landscape-colorful\/","title":{"rendered":"V\u1ee3t PickleballV\u1ee3t Pickleball Joola Britto Landscape colorful"},"content":{"rendered":"<div role=\"tabpanel\" class=\"tab-pane active\" id=\"tab-product-info\">\n<div class=\"vh-content\">\n<h2><strong>V\u1ee3t Pickleball Joola Britto Landscape colorful<\/strong><\/h2>\n<p><strong>V\u1ee3t Joola Britto Landscape colorful<\/strong> c\u00f3 thi\u1ebft k\u1ebf \u0111\u1eb3ng c\u1ea5p th\u1ebf gi\u1edbi \u0111\u01b0\u1ee3c truy\u1ec1n v\u00e0o c\u00e2y v\u1ee3t 10 mm v\u1edbi b\u1ec1 m\u1eb7t s\u1ee3i th\u1ee7y tinh m\u1ecbn, b\u1ec1n. C\u00e2y v\u1ee3t kh\u00f4ng ch\u1ec9 c\u00f3 thi\u1ebft k\u1ebf b\u1eaft m\u1eaft m\u00e0 c\u00f2n ch\u1ee9a \u0111\u1ef1ng nh\u1eefng c\u00f4ng ngh\u1ec7 gi\u00fap n\u00e2ng t\u1ea7m tr\u00f2 ch\u01a1i Pickleball c\u1ee7a b\u1ea1n. V\u1ee3t Pickleball Joola n\u00e0y c\u00f3 k\u00edch th\u01b0\u1edbc chi\u1ec1u d\u00e0i 15,8in x r\u1ed9ng 7,8in v\u00e0 chi\u1ec1u d\u00e0i tay c\u1ea7m 5in. V\u1edbi tr\u1ecdng l\u01b0\u1ee3ng ch\u1ec9 7,8oz, <strong>Joola Britto Landscape colorful<\/strong> gi\u00fap b\u1ea1n di chuy\u1ec3n linh ho\u1ea1t h\u01a1n, d\u1ec5 d\u00e0ng ki\u1ec3m so\u00e1t v\u00e0 c\u00f3 nh\u1eefng c\u00fa \u0111\u00e1nh m\u1ea1nh.<\/p>\n<p style=\"text-align:center\"><img decoding=\"async\" alt=\"V\u1ee3t Pickleball Joola Britto Landscape colorful\" class=\"lazy\" src=\"http:\/\/pickle-ball.vn\/wp-content\/uploads\/2024\/11\/vot-pickleball-joola-18344-chinh-hang-05.webp\" style=\"height:525px;width:750px\" title=\"V\u1ee3t Pickleball Joola Britto Landscape colorful\"><\/p>\n<p style=\"text-align:center\"><em>H\u00ecnh \u1ea3nh: V\u1ee3t Pickleball Joola Britto Landscape colorful ch\u00ednh h\u00e3ng t\u1ea1i Pickleball Vi\u1ec7t Nam<\/em><\/p>\n<p>V\u1ee3t Pickleball n\u00e0y c\u00f2n c\u00f3 b\u1ec1 m\u1eb7t b\u1eb1ng s\u1ee3i th\u1ee7y tinh d\u00e0y 10 mm mang l\u1ea1i s\u1ee9c m\u1ea1nh t\u1ed1i \u01b0u \u0111\u1ec3 h\u1ed7 tr\u1ee3 ng\u01b0\u1eddi ch\u01a1i m\u1edbi b\u1eaft \u0111\u1ea7u h\u1ecdc k\u1ef9 thu\u1eadt di chuy\u1ec3n ph\u00f9 h\u1ee3p. V\u1ee3t c\u0169ng c\u00f3 s\u1ef1 k\u1ebft h\u1ee3p h\u00e0i h\u00f2a gi\u1eefa m\u00e0u s\u1eafc v\u00e0 ki\u1ec3u d\u00e1ng. L\u00f5i v\u1ee3t \u0111\u01b0\u1ee3c l\u00e0m t\u1eeb polymer ph\u1ea3n \u1ee9ng gi\u00fap gi\u1ea3m \u0111\u1ed9 rung v\u00e0 ki\u1ec3m so\u00e1t t\u1ed1t h\u01a1n. C\u1ea5u tr\u00fac t\u1ed5 ong c\u00f3 \u0111\u1eb7c t\u00ednh \u0111\u00e0n h\u1ed3i mang l\u1ea1i l\u1ef1c ch\u1ea1m v\u00e0 \u0111\u1ed9 b\u1ec1n t\u1ed1t h\u01a1n.<\/p>\n<p>C\u00f4ng ngh\u1ec7 Black Feel-Tec Pure Grip c\u1ee7a ch\u00fang t\u00f4i mang l\u1ea1i c\u1ea3m gi\u00e1c b\u00e1m tay \u0111\u1ec3 b\u1ea1n c\u1ea7m v\u1ee3t t\u1ed1t h\u01a1n, an to\u00e0n h\u01a1n. B\u00e1ng c\u1ea7m c\u0169ng gi\u00fap h\u1ea5p th\u1ee5 l\u1ef1c t\u00e1c \u0111\u1ed9ng, mang l\u1ea1i c\u1ea3m gi\u00e1c tho\u1ea3i m\u00e1i h\u01a1n v\u00e0 \u00edt m\u1ec7t m\u1ecfi h\u01a1n, gi\u00fap ng\u01b0\u1eddi ch\u01a1i ch\u01a1i l\u00e2u h\u01a1n.<\/p>\n<h3><strong>\u0110\u1eb7c \u0111i\u1ec3m k\u1ef9 thu\u1eadt V\u1ee3t Pickleball Joola Britto Landscape colorful<\/strong><\/h3>\n<table>\n<tbody>\n<tr>\n<td>H\u00e3ng<\/td>\n<td>JOOLA<\/td>\n<\/tr>\n<tr>\n<td>M\u00e3 s\u1ea3n ph\u1ea9m<\/td>\n<td>18344<\/td>\n<\/tr>\n<tr>\n<td>T\u00ean s\u1ea3n ph\u1ea9m<\/td>\n<td>V\u1ee3t Pickleball Joola Britto Landscape colorful<\/td>\n<\/tr>\n<tr>\n<td>C\u1ed1t l\u00f5i<\/td>\n<td>T\u1ed5 ong ph\u1ea3n h\u1ed3i<\/td>\n<\/tr>\n<tr>\n<td>L\u00f5i (mm)<\/td>\n<td>10<\/td>\n<\/tr>\n<tr>\n<td>Ki\u1ec3m so\u00e1t<\/td>\n<td>90<\/td>\n<\/tr>\n<tr>\n<td>S\u1ee9c m\u1ea1nh<\/td>\n<td>87<\/td>\n<\/tr>\n<tr>\n<td>Quay<\/td>\n<td>85<\/td>\n<\/tr>\n<tr>\n<td>\u0110\u01b0\u1ee3c USAPA ph\u00ea duy\u1ec7t<\/td>\n<td>C\u00f3<\/td>\n<\/tr>\n<tr>\n<td>Tr\u1ecdng l\u01b0\u1ee3ng trung b\u00ecnh<\/td>\n<td>7,8oz<\/td>\n<\/tr>\n<tr>\n<td>Chi\u1ec1u d\u00e0i v\u1ee3t pickleball<\/td>\n<td>15,8in<\/td>\n<\/tr>\n<tr>\n<td>Chi\u1ec1u r\u1ed9ng v\u1ee3t pickleball<\/td>\n<td>7,8in<\/td>\n<\/tr>\n<tr>\n<td>Lo\u1ea1i tay c\u1ea7m<\/td>\n<td>Feel-Tec Pure<\/td>\n<\/tr>\n<tr>\n<td>Chi\u1ec1u d\u00e0i tay c\u1ea7m<\/td>\n<td>5in<\/td>\n<\/tr>\n<\/tbody>\n<\/table>\n<p>V\u1ee3t Pickleball Joola Britto Landscape colorful ch\u00ednh h\u00e3ng, k\u00edch th\u01b0\u1edbc chi\u1ec1u d\u00e0i 15,8in x r\u1ed9ng 7,8in v\u00e0 chi\u1ec1u d\u00e0i tay c\u1ea7m 5in, tr\u1ecdng l\u01b0\u1ee3ng ch\u1ec9 7,8oz t\u1ea1i Pickleball Vi\u1ec7t Nam. Li\u00ean h\u1ec7 v\u1edbi ch\u00fang t\u00f4i 0.87654321.9 \u0111\u1ec3 \u0111\u01b0\u1ee3c t\u01b0 v\u1ea5n, h\u1ed7 tr\u1ee3 chi ti\u1ebft c\u00e1c th\u00f4ng tin v\u1ec1 s\u1ea3n ph\u1ea9m.<\/p>\n<\/p><\/div>\n<\/p><\/div>","protected":false},"excerpt":{"rendered":"<ul class=\"list-unstyled params\">\n<li class=\"btt\">Th\u00f4ng tin s\u1ea3n ph\u1ea9m:<\/li>\n<li class=\"dyn\">\n                                            <span class=\"n\">Th\u01b0\u01a1ng hi\u1ec7u:<\/span><br \/>\n\t\t\t\t\t\t\t\t\t\t\t<span class=\"v\"><b>JOOLA<\/b><\/span>\n                                        <\/li>\n<li class=\"dyn\">\n                                            <span class=\"n\">Number order:<\/span><br \/>\n\t\t\t\t\t\t\t\t\t\t\t<span class=\"v\">18344<\/span>\n                                        <\/li>\n<li class=\"dyn\">\n                                            <span class=\"n\">Nh\u00e0 cung c\u1ea5p:<\/span><br \/>\n                                            \t\t\t\t\t\t\t\t\t\t\t<span class=\"v\">Pickleball Vi\u1ec7t Nam<\/span>\n\t\t\t\t\t\t\t\t\t\t\t                                        <\/li>\n<li class=\"separator\">\n                                        <\/li>\n<li>\n                                            <span class=\"n\">Tr\u1ea1ng th\u00e1i:<\/span><br \/>\n                                            <span class=\"v\" style=\"font-weight:700;color: #d7000e\">T\u1ea1m h\u1ebft h\u00e0ng<\/span>\n                                        <\/li>\n<li>\n                                            <span class=\"n\">T\u00ecnh tr\u1ea1ng:<\/span><br \/>\n                                            <span class=\"v\">M\u1edbi 100%<\/span>\n                                        <\/li>\n<li>\n                                            <span class=\"n\">B\u1ea3o h\u00e0nh:<\/span><br \/>\n                                            <span class=\"v\">Ch\u00ednh h\u00e3ng<\/span>\n                                        <\/li>\n<li>\n<p>                                            <span class=\"n\">Giao h\u00e0ng:<\/span><br \/>\n                                            <span class=\"v\">To\u00e0n qu\u1ed1c<\/span>\n                                        <\/li>\n<\/ul>","protected":false},"featured_media":15073,"comment_status":"closed","ping_status":"closed","template":"","meta":[],"pwb-brand":[3245],"product_cat":[2836],"product_tag":[3441,3442,3440,25,55,3277,3417,3439],"class_list":{"0":"post-15072","1":"product","2":"type-product","3":"status-publish","4":"has-post-thumbnail","6":"pwb-brand-joola","7":"product_cat-vot-pickleball","8":"product_tag-3441","9":"product_tag-joola-18344","10":"product_tag-joola-britto","11":"product_tag-man","12":"product_tag-run","13":"product_tag-vot-joola","14":"product_tag-vot-pickleball","15":"product_tag-vot-pickleball-joola-britto-landscape-colorful","17":"first","18":"instock","19":"shipping-taxable","20":"product-type-simple"},"yoast_head":"<!-- This site is optimized with the Yoast SEO plugin v22.9 - https:\/\/yoast.com\/wordpress\/plugins\/seo\/ -->\n<title>V\u1ee3t PickleballV\u1ee3t Pickleball Joola Britto Landscape colorful - PickleBall Vi\u1ec7t Nam<\/title>\n<meta name=\"robots\" content=\"index, follow, max-snippet:-1, max-image-preview:large, max-video-preview:-1\" \/>\n<link rel=\"canonical\" href=\"https:\/\/pickle-ball.vn\/ur\/-product-\/vot-pickleball\/vot-pickleball-vot-pickleball-joola-britto-landscape-colorful\/\" \/>\n<meta name=\"twitter:label1\" content=\"Est. reading time\" \/>\n\t<meta name=\"twitter:data1\" content=\"3 \u0645\u0646\u0679\u0633\" \/>\n<script type=\"application\/ld+json\" class=\"yoast-schema-graph\">{\"@context\":\"https:\/\/schema.org\",\"@graph\":[{\"@type\":\"WebPage\",\"@id\":\"http:\/\/pickle-ball.vn\/vi\/-product-\/vot-pickleball\/vot-pickleball-vot-pickleball-joola-britto-landscape-colorful\/\",\"url\":\"http:\/\/pickle-ball.vn\/vi\/-product-\/vot-pickleball\/vot-pickleball-vot-pickleball-joola-britto-landscape-colorful\/\",\"name\":\"V\u1ee3t PickleballV\u1ee3t Pickleball Joola Britto Landscape colorful - PickleBall Vi\u1ec7t Nam\",\"isPartOf\":{\"@id\":\"https:\/\/pickle-ball.vn\/ja\/#website\"},\"primaryImageOfPage\":{\"@id\":\"http:\/\/pickle-ball.vn\/vi\/-product-\/vot-pickleball\/vot-pickleball-vot-pickleball-joola-britto-landscape-colorful\/#primaryimage\"},\"image\":{\"@id\":\"http:\/\/pickle-ball.vn\/vi\/-product-\/vot-pickleball\/vot-pickleball-vot-pickleball-joola-britto-landscape-colorful\/#primaryimage\"},\"thumbnailUrl\":\"https:\/\/pickle-ball.vn\/wp-content\/uploads\/2024\/11\/joola-18344_720x720xcrop.webp\",\"datePublished\":\"2024-11-04T07:45:44+00:00\",\"dateModified\":\"2024-11-04T07:45:46+00:00\",\"breadcrumb\":{\"@id\":\"http:\/\/pickle-ball.vn\/vi\/-product-\/vot-pickleball\/vot-pickleball-vot-pickleball-joola-britto-landscape-colorful\/#breadcrumb\"},\"inLanguage\":\"ur\",\"potentialAction\":[{\"@type\":\"ReadAction\",\"target\":[\"http:\/\/pickle-ball.vn\/vi\/-product-\/vot-pickleball\/vot-pickleball-vot-pickleball-joola-britto-landscape-colorful\/\"]}]},{\"@type\":\"ImageObject\",\"inLanguage\":\"ur\",\"@id\":\"http:\/\/pickle-ball.vn\/vi\/-product-\/vot-pickleball\/vot-pickleball-vot-pickleball-joola-britto-landscape-colorful\/#primaryimage\",\"url\":\"https:\/\/pickle-ball.vn\/wp-content\/uploads\/2024\/11\/joola-18344_720x720xcrop.webp\",\"contentUrl\":\"https:\/\/pickle-ball.vn\/wp-content\/uploads\/2024\/11\/joola-18344_720x720xcrop.webp\",\"width\":720,\"height\":720,\"caption\":\"V\u1ee3t Pickleball Joola Britto Landscape colorful\"},{\"@type\":\"BreadcrumbList\",\"@id\":\"http:\/\/pickle-ball.vn\/vi\/-product-\/vot-pickleball\/vot-pickleball-vot-pickleball-joola-britto-landscape-colorful\/#breadcrumb\",\"itemListElement\":[{\"@type\":\"ListItem\",\"position\":1,\"name\":\"Home\",\"item\":\"https:\/\/pickle-ball.vn\/ja\/\"},{\"@type\":\"ListItem\",\"position\":2,\"name\":\"Shop\",\"item\":\"https:\/\/pickle-ball.vn\/vi\/shop\/\"},{\"@type\":\"ListItem\",\"position\":3,\"name\":\"V\u1ee3t PickleballV\u1ee3t Pickleball Joola Britto Landscape colorful\"}]},{\"@type\":\"WebSite\",\"@id\":\"https:\/\/pickle-ball.vn\/ja\/#website\",\"url\":\"https:\/\/pickle-ball.vn\/ja\/\",\"name\":\"Jabra\",\"description\":\"\",\"publisher\":{\"@id\":\"https:\/\/pickle-ball.vn\/ja\/#organization\"},\"potentialAction\":[{\"@type\":\"SearchAction\",\"target\":{\"@type\":\"EntryPoint\",\"urlTemplate\":\"https:\/\/pickle-ball.vn\/ja\/?s={search_term_string}\"},\"query-input\":\"required name=search_term_string\"}],\"inLanguage\":\"ur\"},{\"@type\":\"Organization\",\"@id\":\"https:\/\/pickle-ball.vn\/ja\/#organization\",\"name\":\"Jabra\",\"url\":\"https:\/\/pickle-ball.vn\/ja\/\",\"logo\":{\"@type\":\"ImageObject\",\"inLanguage\":\"ur\",\"@id\":\"https:\/\/pickle-ball.vn\/ja\/#\/schema\/logo\/image\/\",\"url\":\"\",\"contentUrl\":\"\",\"caption\":\"Jabra\"},\"image\":{\"@id\":\"https:\/\/pickle-ball.vn\/ja\/#\/schema\/logo\/image\/\"}}]}<\/script>\n<!-- \/ Yoast SEO plugin. -->","yoast_head_json":{"title":"V\u1ee3t PickleballV\u1ee3t Pickleball Joola Britto Landscape colorful - PickleBall Vi\u1ec7t Nam","robots":{"index":"index","follow":"follow","max-snippet":"max-snippet:-1","max-image-preview":"max-image-preview:large","max-video-preview":"max-video-preview:-1"},"canonical":"https:\/\/pickle-ball.vn\/ur\/-product-\/vot-pickleball\/vot-pickleball-vot-pickleball-joola-britto-landscape-colorful\/","twitter_misc":{"Est. reading time":"3 \u0645\u0646\u0679\u0633"},"schema":{"@context":"https:\/\/schema.org","@graph":[{"@type":"WebPage","@id":"http:\/\/pickle-ball.vn\/vi\/-product-\/vot-pickleball\/vot-pickleball-vot-pickleball-joola-britto-landscape-colorful\/","url":"http:\/\/pickle-ball.vn\/vi\/-product-\/vot-pickleball\/vot-pickleball-vot-pickleball-joola-britto-landscape-colorful\/","name":"V\u1ee3t PickleballV\u1ee3t Pickleball Joola Britto Landscape colorful - PickleBall Vi\u1ec7t Nam","isPartOf":{"@id":"https:\/\/pickle-ball.vn\/ja\/#website"},"primaryImageOfPage":{"@id":"http:\/\/pickle-ball.vn\/vi\/-product-\/vot-pickleball\/vot-pickleball-vot-pickleball-joola-britto-landscape-colorful\/#primaryimage"},"image":{"@id":"http:\/\/pickle-ball.vn\/vi\/-product-\/vot-pickleball\/vot-pickleball-vot-pickleball-joola-britto-landscape-colorful\/#primaryimage"},"thumbnailUrl":"https:\/\/pickle-ball.vn\/wp-content\/uploads\/2024\/11\/joola-18344_720x720xcrop.webp","datePublished":"2024-11-04T07:45:44+00:00","dateModified":"2024-11-04T07:45:46+00:00","breadcrumb":{"@id":"http:\/\/pickle-ball.vn\/vi\/-product-\/vot-pickleball\/vot-pickleball-vot-pickleball-joola-britto-landscape-colorful\/#breadcrumb"},"inLanguage":"ur","potentialAction":[{"@type":"ReadAction","target":["http:\/\/pickle-ball.vn\/vi\/-product-\/vot-pickleball\/vot-pickleball-vot-pickleball-joola-britto-landscape-colorful\/"]}]},{"@type":"ImageObject","inLanguage":"ur","@id":"http:\/\/pickle-ball.vn\/vi\/-product-\/vot-pickleball\/vot-pickleball-vot-pickleball-joola-britto-landscape-colorful\/#primaryimage","url":"https:\/\/pickle-ball.vn\/wp-content\/uploads\/2024\/11\/joola-18344_720x720xcrop.webp","contentUrl":"https:\/\/pickle-ball.vn\/wp-content\/uploads\/2024\/11\/joola-18344_720x720xcrop.webp","width":720,"height":720,"caption":"V\u1ee3t Pickleball Joola Britto Landscape colorful"},{"@type":"BreadcrumbList","@id":"http:\/\/pickle-ball.vn\/vi\/-product-\/vot-pickleball\/vot-pickleball-vot-pickleball-joola-britto-landscape-colorful\/#breadcrumb","itemListElement":[{"@type":"ListItem","position":1,"name":"Home","item":"https:\/\/pickle-ball.vn\/ja\/"},{"@type":"ListItem","position":2,"name":"Shop","item":"https:\/\/pickle-ball.vn\/vi\/shop\/"},{"@type":"ListItem","position":3,"name":"V\u1ee3t PickleballV\u1ee3t Pickleball Joola Britto Landscape colorful"}]},{"@type":"WebSite","@id":"https:\/\/pickle-ball.vn\/ja\/#website","url":"https:\/\/pickle-ball.vn\/ja\/","name":"Jabra","description":"","publisher":{"@id":"https:\/\/pickle-ball.vn\/ja\/#organization"},"potentialAction":[{"@type":"SearchAction","target":{"@type":"EntryPoint","urlTemplate":"https:\/\/pickle-ball.vn\/ja\/?s={search_term_string}"},"query-input":"required name=search_term_string"}],"inLanguage":"ur"},{"@type":"Organization","@id":"https:\/\/pickle-ball.vn\/ja\/#organization","name":"Jabra","url":"https:\/\/pickle-ball.vn\/ja\/","logo":{"@type":"ImageObject","inLanguage":"ur","@id":"https:\/\/pickle-ball.vn\/ja\/#\/schema\/logo\/image\/","url":"","contentUrl":"","caption":"Jabra"},"image":{"@id":"https:\/\/pickle-ball.vn\/ja\/#\/schema\/logo\/image\/"}}]}},"brands":[{"id":3245,"name":"Joola","slug":"joola"}],"_links":{"self":[{"href":"https:\/\/pickle-ball.vn\/ur\/wp-json\/wp\/v2\/product\/15072","targetHints":{"allow":["GET"]}}],"collection":[{"href":"https:\/\/pickle-ball.vn\/ur\/wp-json\/wp\/v2\/product"}],"about":[{"href":"https:\/\/pickle-ball.vn\/ur\/wp-json\/wp\/v2\/types\/product"}],"replies":[{"embeddable":true,"href":"https:\/\/pickle-ball.vn\/ur\/wp-json\/wp\/v2\/comments?post=15072"}],"wp:featuredmedia":[{"embeddable":true,"href":"https:\/\/pickle-ball.vn\/ur\/wp-json\/wp\/v2\/media\/15073"}],"wp:attachment":[{"href":"https:\/\/pickle-ball.vn\/ur\/wp-json\/wp\/v2\/media?parent=15072"}],"wp:term":[{"taxonomy":"pwb-brand","embeddable":true,"href":"https:\/\/pickle-ball.vn\/ur\/wp-json\/wp\/v2\/pwb-brand?post=15072"},{"taxonomy":"product_cat","embeddable":true,"href":"https:\/\/pickle-ball.vn\/ur\/wp-json\/wp\/v2\/product_cat?post=15072"},{"taxonomy":"product_tag","embeddable":true,"href":"https:\/\/pickle-ball.vn\/ur\/wp-json\/wp\/v2\/product_tag?post=15072"}],"curies":[{"name":"wp","href":"https:\/\/api.w.org\/{rel}","templated":true}]}}