{"id":15345,"date":"2024-11-04T16:55:26","date_gmt":"2024-11-04T09:55:26","guid":{"rendered":"http:\/\/pickle-ball.vn\/-product-\/uncategorized\/vot-pickleball-nextgen-inspire-pickleball-paddle-gen5\/"},"modified":"2024-11-04T16:55:30","modified_gmt":"2024-11-04T09:55:30","slug":"vot-pickleball-nextgen-inspire-pickleball-paddle-gen5","status":"publish","type":"product","link":"https:\/\/pickle-ball.vn\/ur\/-product-\/vot-pickleball\/vot-pickleball-nextgen-inspire-pickleball-paddle-gen5\/","title":{"rendered":"V\u1ee3t PickleballNextGen Inspire Pickleball Paddle Gen5"},"content":{"rendered":"<div role=\"tabpanel\" class=\"tab-pane active\" id=\"tab-product-info\">\n<div class=\"vh-content\">\n<h2><strong>Gi\u1edbi thi\u1ec7u v\u1ee3t NextGen Inspire Pickleball Paddle Gen5<\/strong><\/h2>\n<p><strong>NextGen Inspire Pickleball Paddle Gen5<\/strong>, \u0111\u01b0\u1ee3c thi\u1ebft k\u1ebf t\u1ec9 m\u1ec9 \u0111\u1ec3 tr\u1edf th\u00e0nh ng\u01b0\u1eddi b\u1ea1n \u0111\u1ed3ng h\u00e0nh ho\u00e0n h\u1ea3o cho nh\u1eefng ng\u01b0\u1eddi m\u1edbi b\u1eaft \u0111\u1ea7u b\u01b0\u1edbc l\u00ean s\u00e2n ch\u01a1i pickleball. V\u1ee3t Pickleball n\u00e0y k\u1ebft h\u1ee3p ho\u00e0n h\u1ea3o gi\u1eefa thi\u1ebft k\u1ebf chu \u0111\u00e1o v\u1edbi c\u00e1c t\u00ednh n\u0103ng th\u00e2n thi\u1ec7n v\u1edbi ng\u01b0\u1eddi d\u00f9ng, mang l\u1ea1i tr\u1ea3i nghi\u1ec7m th\u00e2n thi\u1ec7n v\u1edbi ng\u01b0\u1eddi quay v\u00e0 hi\u1ec7u su\u1ea5t cao nh\u1ea5t qu\u00e1n, \u0111\u1ea3m b\u1ea3o ph\u1ea7n gi\u1edbi thi\u1ec7u th\u00fa v\u1ecb v\u00e0 h\u1ea5p d\u1eabn v\u1ec1 m\u00f4n th\u1ec3 thao n\u00e0y.<\/p>\n<p><strong>V\u1ee3t NextGen Inspire Pickleball Paddle Gen5<\/strong> th\u1ebf h\u1ec7 m\u1edbi \u0111\u01b0\u1ee3c thi\u1ebft k\u1ebf v\u1edbi c\u00e1c th\u00f4ng s\u1ed1 ch\u00ednh nh\u01b0:<\/p>\n<p>&#8211; K\u00edch th\u01b0\u1edbc: 417 * 188mm<\/p>\n<p>&#8211; Tr\u1ecdng l\u01b0\u1ee3ng: 220 \u00b1 10g<\/p>\n<p>&#8211; \u0110\u1ed9 d\u00e0y: 10\/13\/16mm<\/p>\n<p style=\"text-align:center\"><img decoding=\"async\" alt=\"NextGen Inspire Pickleball Paddle Gen5\" class=\"lazy\" src=\"http:\/\/pickle-ball.vn\/wp-content\/uploads\/2024\/11\/nextgen-inspire-pickleball-paddle-gen5.webp\" style=\"height:720px;width:720px\" title=\"NextGen Inspire Pickleball Paddle Gen5\"><\/p>\n<h3><strong>T\u00ednh n\u0103ng n\u1ed5i b\u1eadt c\u1ee7a s\u1ea3n ph\u1ea9m V\u1ee3t NextGen Inspire Pickleball Paddle Gen5 th\u1ebf h\u1ec7 m\u1edbi<\/strong><\/h3>\n<p>T\u1ef1 tin b\u1eaft \u0111\u1ea7u h\u00e0nh tr\u00ecnh n\u00e9m b\u00f3ng c\u1ee7a b\u1ea1n nh\u1edd b\u1ec1 m\u1eb7t quay chuy\u00ean d\u1ee5ng c\u1ee7a NextGen. \u0110\u01b0\u1ee3c thi\u1ebft k\u1ebf ri\u00eang cho ng\u01b0\u1eddi m\u1edbi b\u1eaft \u0111\u1ea7u, thi\u1ebft k\u1ebf chuy\u00ean bi\u1ec7t n\u00e0y gi\u00fap t\u0103ng c\u01b0\u1eddng \u0111\u1ed9 xo\u00e1y nh\u1ea5t qu\u00e1n v\u00e0 ki\u1ec3m so\u00e1t b\u00f3ng, mang l\u1ea1i n\u1ec1n t\u1ea3ng v\u1eefng ch\u1eafc \u0111\u1ec3 ph\u00e1t tri\u1ec3n k\u1ef9 n\u0103ng v\u00e0 tr\u1ea3i nghi\u1ec7m ch\u01a1i th\u00fa v\u1ecb.<\/p>\n<p style=\"text-align:center\"><img decoding=\"async\" alt=\"NextGen Inspire Pickleball Paddle Gen5\" class=\"lazy\" src=\"http:\/\/pickle-ball.vn\/wp-content\/uploads\/2024\/11\/nextgen-inspire-pickleball-paddle-gen5-2.webp\" style=\"height:720px;width:720px\" title=\"NextGen Inspire Pickleball Paddle Gen5\"><\/p>\n<h4><strong>S\u1ee3i th\u1ee7y tinh s\u1ee9c m\u1ea1nh mang t\u00ednh c\u00e1ch m\u1ea1ng<\/strong><\/h4>\n<p>C\u1ea3m nh\u1eadn s\u1ee9c m\u1ea1nh v\u1edbi M\u1eb7t s\u1ee3i th\u1ee7y tinh s\u1ee9c m\u1ea1nh mang t\u00ednh c\u00e1ch m\u1ea1ng NextGen Inspire Pickleball Gen5. \u0110\u01b0\u1ee3c thi\u1ebft k\u1ebf \u0111\u1ec3 cung c\u1ea5p cho ng\u01b0\u1eddi m\u1edbi b\u1eaft \u0111\u1ea7u s\u1ee9c m\u1ea1nh v\u00e0 kh\u1ea3 n\u0103ng ki\u1ec3m so\u00e1t tuy\u1ec7t v\u1eddi, c\u00f4ng ngh\u1ec7 ti\u00ean ti\u1ebfn n\u00e0y t\u1ea1o ra s\u1ef1 c\u00e2n b\u1eb1ng ho\u00e0n h\u1ea3o gi\u1eefa kh\u1ea3 n\u0103ng ph\u1ea3n h\u1ed3i v\u00e0 t\u00ednh d\u1ec5 ch\u01a1i, gi\u00fap ng\u01b0\u1eddi m\u1edbi t\u1ea1o \u0111\u01b0\u1ee3c d\u1ea5u \u1ea5n tr\u00ean s\u00e2n.<\/p>\n<p>NextGen Inspire Pickleball Paddle Gen5 \u0111\u01b0\u1ee3c trang b\u1ecb b\u1ed9 ph\u1eadn b\u1ea3o v\u1ec7 c\u1ea1nh c\u00e2n b\u1eb1ng, nh\u1eb9 v\u00e0 b\u1ec1n. T\u00ednh n\u0103ng ti\u00ean ti\u1ebfn n\u00e0y kh\u00f4ng ch\u1ec9 b\u1ea3o v\u1ec7 V\u1ee3t Pickleball Beesoul m\u00e0 c\u00f2n cho ph\u00e9p ng\u01b0\u1eddi m\u1edbi b\u1eaft \u0111\u1ea7u t\u1eadp trung v\u00e0o vi\u1ec7c h\u1ecdc v\u00e0 t\u1eadn h\u01b0\u1edfng tr\u00f2 ch\u01a1i m\u00e0 kh\u00f4ng c\u1ea7n lo l\u1eafng v\u1ec1 \u0111\u1ed9 b\u1ec1n c\u1ee7a thi\u1ebft b\u1ecb.<\/p>\n<p style=\"text-align:center\"><img decoding=\"async\" alt=\"NextGen Inspire Pickleball Paddle Gen5\" class=\"lazy\" src=\"http:\/\/pickle-ball.vn\/wp-content\/uploads\/2024\/11\/nextgen-inspire-pickleball-paddle-gen5-3.webp\" style=\"height:720px;width:720px\" title=\"NextGen Inspire Pickleball Paddle Gen5\"><\/p>\n<p>\u0110\u01b0\u1ee3c x\u00e2y d\u1ef1ng d\u1ef1a tr\u00ean c\u00f4ng ngh\u1ec7 t\u1ed5 ong polypropylen 13mm mang t\u00ednh c\u00e1ch m\u1ea1ng, NextGen Inspire Pickleball Paddle Gen5 k\u1ebft h\u1ee3p L\u00f5i Polymer Rev-Power. Thi\u1ebft k\u1ebf c\u1ed1t l\u00f5i n\u00e0y \u0111\u1ea3m b\u1ea3o t\u00ednh nh\u1ea5t qu\u00e1n trong t\u1eebng ph\u00e1t b\u1eafn, cung c\u1ea5p cho ng\u01b0\u1eddi m\u1edbi b\u1eaft \u0111\u1ea7u m\u1ed9t \u0111i\u1ec3m thu\u1eadn l\u1ee3i m\u1edf r\u1ed9ng \u0111\u1ec3 c\u00f3 \u0111\u01b0\u1ee3c s\u1ee9c m\u1ea1nh v\u00e0 \u0111\u1ed9 ch\u00ednh x\u00e1c t\u1ed1i \u01b0u, t\u1ea1o ti\u1ec1n \u0111\u1ec1 cho qu\u00e1 tr\u00ecnh ph\u00e1t tri\u1ec3n k\u1ef9 n\u0103ng.<\/p>\n<h4><strong>Tay c\u1ea7m b\u1eb1ng da PU<\/strong><\/h4>\n<p>Tr\u1ea3i nghi\u1ec7m s\u1ef1 tho\u1ea3i m\u00e1i v\u00e0 \u1ed5n \u0111\u1ecbnh v\u1edbi Tay c\u1ea7m si\u00eau tho\u1ea3i m\u00e1i c\u00f3 \u0111\u1ec7m. \u0110\u01b0\u1ee3c thi\u1ebft k\u1ebf \u0111\u1ec3 c\u1ea7m ch\u1eafc ch\u1eafn, ch\u1ed1ng tr\u01b0\u1ee3t v\u00e0 tho\u1ea3i m\u00e1i, tay c\u1ea7m n\u00e0y mang l\u1ea1i s\u1ef1 t\u1ef1 tin cho ng\u01b0\u1eddi m\u1edbi b\u1eaft \u0111\u1ea7u, cho ph\u00e9p h\u1ecd t\u1eadp trung ph\u00e1t tri\u1ec3n k\u1ef9 n\u0103ng v\u00e0 t\u1eadn h\u01b0\u1edfng tr\u00f2 ch\u01a1i.<\/p>\n<\/p><\/div>\n<\/p><\/div>","protected":false},"excerpt":{"rendered":"<ul class=\"list-unstyled params\">\n<li class=\"btt\">Th\u00f4ng tin s\u1ea3n ph\u1ea9m:<\/li>\n<li class=\"dyn\">\n                                            <span class=\"n\">Nh\u00e0 cung c\u1ea5p:<\/span><br \/>\n                                            \t\t\t\t\t\t\t\t\t\t\t<span class=\"v\">Pickleball Vi\u1ec7t Nam<\/span>\n\t\t\t\t\t\t\t\t\t\t\t                                        <\/li>\n<li class=\"separator\">\n                                        <\/li>\n<li>\n                                            <span class=\"n\">Tr\u1ea1ng th\u00e1i:<\/span><br \/>\n                                            <span class=\"v\" style=\"font-weight:700;color: #d7000e\">T\u1ea1m h\u1ebft h\u00e0ng<\/span>\n                                        <\/li>\n<li>\n                                            <span class=\"n\">T\u00ecnh tr\u1ea1ng:<\/span><br \/>\n                                            <span class=\"v\">M\u1edbi 100%<\/span>\n                                        <\/li>\n<li>\n                                            <span class=\"n\">B\u1ea3o h\u00e0nh:<\/span><br \/>\n                                            <span class=\"v\">Ch\u00ednh h\u00e3ng<\/span>\n                                        <\/li>\n<li>\n<p>                                            <span class=\"n\">Giao h\u00e0ng:<\/span><br \/>\n                                            <span class=\"v\">To\u00e0n qu\u1ed1c<\/span>\n                                        <\/li>\n<\/ul>","protected":false},"featured_media":15346,"comment_status":"closed","ping_status":"closed","template":"","meta":[],"pwb-brand":[],"product_cat":[2836],"product_tag":[3248,25,3613,55,3417],"class_list":{"0":"post-15345","1":"product","2":"type-product","3":"status-publish","4":"has-post-thumbnail","6":"product_cat-vot-pickleball","7":"product_tag-bong","8":"product_tag-man","9":"product_tag-nextgen-inspire-pickleball-paddle-gen5","10":"product_tag-run","11":"product_tag-vot-pickleball","13":"first","14":"instock","15":"shipping-taxable","16":"product-type-simple"},"yoast_head":"<!-- This site is optimized with the Yoast SEO plugin v22.9 - https:\/\/yoast.com\/wordpress\/plugins\/seo\/ -->\n<title>V\u1ee3t PickleballNextGen Inspire Pickleball Paddle Gen5 - PickleBall Vi\u1ec7t Nam<\/title>\n<meta name=\"robots\" content=\"index, follow, max-snippet:-1, max-image-preview:large, max-video-preview:-1\" \/>\n<link rel=\"canonical\" href=\"https:\/\/pickle-ball.vn\/ur\/-product-\/vot-pickleball\/vot-pickleball-nextgen-inspire-pickleball-paddle-gen5\/\" \/>\n<meta name=\"twitter:label1\" content=\"Est. reading time\" \/>\n\t<meta name=\"twitter:data1\" content=\"4 \u0645\u0646\u0679\u0633\" \/>\n<script type=\"application\/ld+json\" class=\"yoast-schema-graph\">{\"@context\":\"https:\/\/schema.org\",\"@graph\":[{\"@type\":\"WebPage\",\"@id\":\"https:\/\/pickle-ball.vn\/vi\/-product-\/vot-pickleball\/vot-pickleball-nextgen-inspire-pickleball-paddle-gen5\/\",\"url\":\"https:\/\/pickle-ball.vn\/vi\/-product-\/vot-pickleball\/vot-pickleball-nextgen-inspire-pickleball-paddle-gen5\/\",\"name\":\"V\u1ee3t PickleballNextGen Inspire Pickleball Paddle Gen5 - PickleBall Vi\u1ec7t Nam\",\"isPartOf\":{\"@id\":\"https:\/\/pickle-ball.vn\/ja\/#website\"},\"primaryImageOfPage\":{\"@id\":\"https:\/\/pickle-ball.vn\/vi\/-product-\/vot-pickleball\/vot-pickleball-nextgen-inspire-pickleball-paddle-gen5\/#primaryimage\"},\"image\":{\"@id\":\"https:\/\/pickle-ball.vn\/vi\/-product-\/vot-pickleball\/vot-pickleball-nextgen-inspire-pickleball-paddle-gen5\/#primaryimage\"},\"thumbnailUrl\":\"https:\/\/pickle-ball.vn\/wp-content\/uploads\/2024\/11\/nextgen-inspire-pickleball-paddle-gen5_720x720xcrop.webp\",\"datePublished\":\"2024-11-04T09:55:26+00:00\",\"dateModified\":\"2024-11-04T09:55:30+00:00\",\"breadcrumb\":{\"@id\":\"https:\/\/pickle-ball.vn\/vi\/-product-\/vot-pickleball\/vot-pickleball-nextgen-inspire-pickleball-paddle-gen5\/#breadcrumb\"},\"inLanguage\":\"ur\",\"potentialAction\":[{\"@type\":\"ReadAction\",\"target\":[\"https:\/\/pickle-ball.vn\/vi\/-product-\/vot-pickleball\/vot-pickleball-nextgen-inspire-pickleball-paddle-gen5\/\"]}]},{\"@type\":\"ImageObject\",\"inLanguage\":\"ur\",\"@id\":\"https:\/\/pickle-ball.vn\/vi\/-product-\/vot-pickleball\/vot-pickleball-nextgen-inspire-pickleball-paddle-gen5\/#primaryimage\",\"url\":\"https:\/\/pickle-ball.vn\/wp-content\/uploads\/2024\/11\/nextgen-inspire-pickleball-paddle-gen5_720x720xcrop.webp\",\"contentUrl\":\"https:\/\/pickle-ball.vn\/wp-content\/uploads\/2024\/11\/nextgen-inspire-pickleball-paddle-gen5_720x720xcrop.webp\",\"width\":720,\"height\":720,\"caption\":\"NextGen Inspire Pickleball Paddle Gen5\"},{\"@type\":\"BreadcrumbList\",\"@id\":\"https:\/\/pickle-ball.vn\/vi\/-product-\/vot-pickleball\/vot-pickleball-nextgen-inspire-pickleball-paddle-gen5\/#breadcrumb\",\"itemListElement\":[{\"@type\":\"ListItem\",\"position\":1,\"name\":\"Home\",\"item\":\"https:\/\/pickle-ball.vn\/ja\/\"},{\"@type\":\"ListItem\",\"position\":2,\"name\":\"Shop\",\"item\":\"https:\/\/pickle-ball.vn\/vi\/shop\/\"},{\"@type\":\"ListItem\",\"position\":3,\"name\":\"V\u1ee3t PickleballNextGen Inspire Pickleball Paddle Gen5\"}]},{\"@type\":\"WebSite\",\"@id\":\"https:\/\/pickle-ball.vn\/ja\/#website\",\"url\":\"https:\/\/pickle-ball.vn\/ja\/\",\"name\":\"Jabra\",\"description\":\"\",\"publisher\":{\"@id\":\"https:\/\/pickle-ball.vn\/ja\/#organization\"},\"potentialAction\":[{\"@type\":\"SearchAction\",\"target\":{\"@type\":\"EntryPoint\",\"urlTemplate\":\"https:\/\/pickle-ball.vn\/ja\/?s={search_term_string}\"},\"query-input\":\"required name=search_term_string\"}],\"inLanguage\":\"ur\"},{\"@type\":\"Organization\",\"@id\":\"https:\/\/pickle-ball.vn\/ja\/#organization\",\"name\":\"Jabra\",\"url\":\"https:\/\/pickle-ball.vn\/ja\/\",\"logo\":{\"@type\":\"ImageObject\",\"inLanguage\":\"ur\",\"@id\":\"https:\/\/pickle-ball.vn\/ja\/#\/schema\/logo\/image\/\",\"url\":\"\",\"contentUrl\":\"\",\"caption\":\"Jabra\"},\"image\":{\"@id\":\"https:\/\/pickle-ball.vn\/ja\/#\/schema\/logo\/image\/\"}}]}<\/script>\n<!-- \/ Yoast SEO plugin. -->","yoast_head_json":{"title":"V\u1ee3t PickleballNextGen Inspire Pickleball Paddle Gen5 - PickleBall Vi\u1ec7t Nam","robots":{"index":"index","follow":"follow","max-snippet":"max-snippet:-1","max-image-preview":"max-image-preview:large","max-video-preview":"max-video-preview:-1"},"canonical":"https:\/\/pickle-ball.vn\/ur\/-product-\/vot-pickleball\/vot-pickleball-nextgen-inspire-pickleball-paddle-gen5\/","twitter_misc":{"Est. reading time":"4 \u0645\u0646\u0679\u0633"},"schema":{"@context":"https:\/\/schema.org","@graph":[{"@type":"WebPage","@id":"https:\/\/pickle-ball.vn\/vi\/-product-\/vot-pickleball\/vot-pickleball-nextgen-inspire-pickleball-paddle-gen5\/","url":"https:\/\/pickle-ball.vn\/vi\/-product-\/vot-pickleball\/vot-pickleball-nextgen-inspire-pickleball-paddle-gen5\/","name":"V\u1ee3t PickleballNextGen Inspire Pickleball Paddle Gen5 - PickleBall Vi\u1ec7t Nam","isPartOf":{"@id":"https:\/\/pickle-ball.vn\/ja\/#website"},"primaryImageOfPage":{"@id":"https:\/\/pickle-ball.vn\/vi\/-product-\/vot-pickleball\/vot-pickleball-nextgen-inspire-pickleball-paddle-gen5\/#primaryimage"},"image":{"@id":"https:\/\/pickle-ball.vn\/vi\/-product-\/vot-pickleball\/vot-pickleball-nextgen-inspire-pickleball-paddle-gen5\/#primaryimage"},"thumbnailUrl":"https:\/\/pickle-ball.vn\/wp-content\/uploads\/2024\/11\/nextgen-inspire-pickleball-paddle-gen5_720x720xcrop.webp","datePublished":"2024-11-04T09:55:26+00:00","dateModified":"2024-11-04T09:55:30+00:00","breadcrumb":{"@id":"https:\/\/pickle-ball.vn\/vi\/-product-\/vot-pickleball\/vot-pickleball-nextgen-inspire-pickleball-paddle-gen5\/#breadcrumb"},"inLanguage":"ur","potentialAction":[{"@type":"ReadAction","target":["https:\/\/pickle-ball.vn\/vi\/-product-\/vot-pickleball\/vot-pickleball-nextgen-inspire-pickleball-paddle-gen5\/"]}]},{"@type":"ImageObject","inLanguage":"ur","@id":"https:\/\/pickle-ball.vn\/vi\/-product-\/vot-pickleball\/vot-pickleball-nextgen-inspire-pickleball-paddle-gen5\/#primaryimage","url":"https:\/\/pickle-ball.vn\/wp-content\/uploads\/2024\/11\/nextgen-inspire-pickleball-paddle-gen5_720x720xcrop.webp","contentUrl":"https:\/\/pickle-ball.vn\/wp-content\/uploads\/2024\/11\/nextgen-inspire-pickleball-paddle-gen5_720x720xcrop.webp","width":720,"height":720,"caption":"NextGen Inspire Pickleball Paddle Gen5"},{"@type":"BreadcrumbList","@id":"https:\/\/pickle-ball.vn\/vi\/-product-\/vot-pickleball\/vot-pickleball-nextgen-inspire-pickleball-paddle-gen5\/#breadcrumb","itemListElement":[{"@type":"ListItem","position":1,"name":"Home","item":"https:\/\/pickle-ball.vn\/ja\/"},{"@type":"ListItem","position":2,"name":"Shop","item":"https:\/\/pickle-ball.vn\/vi\/shop\/"},{"@type":"ListItem","position":3,"name":"V\u1ee3t PickleballNextGen Inspire Pickleball Paddle Gen5"}]},{"@type":"WebSite","@id":"https:\/\/pickle-ball.vn\/ja\/#website","url":"https:\/\/pickle-ball.vn\/ja\/","name":"Jabra","description":"","publisher":{"@id":"https:\/\/pickle-ball.vn\/ja\/#organization"},"potentialAction":[{"@type":"SearchAction","target":{"@type":"EntryPoint","urlTemplate":"https:\/\/pickle-ball.vn\/ja\/?s={search_term_string}"},"query-input":"required name=search_term_string"}],"inLanguage":"ur"},{"@type":"Organization","@id":"https:\/\/pickle-ball.vn\/ja\/#organization","name":"Jabra","url":"https:\/\/pickle-ball.vn\/ja\/","logo":{"@type":"ImageObject","inLanguage":"ur","@id":"https:\/\/pickle-ball.vn\/ja\/#\/schema\/logo\/image\/","url":"","contentUrl":"","caption":"Jabra"},"image":{"@id":"https:\/\/pickle-ball.vn\/ja\/#\/schema\/logo\/image\/"}}]}},"brands":[],"_links":{"self":[{"href":"https:\/\/pickle-ball.vn\/ur\/wp-json\/wp\/v2\/product\/15345","targetHints":{"allow":["GET"]}}],"collection":[{"href":"https:\/\/pickle-ball.vn\/ur\/wp-json\/wp\/v2\/product"}],"about":[{"href":"https:\/\/pickle-ball.vn\/ur\/wp-json\/wp\/v2\/types\/product"}],"replies":[{"embeddable":true,"href":"https:\/\/pickle-ball.vn\/ur\/wp-json\/wp\/v2\/comments?post=15345"}],"wp:featuredmedia":[{"embeddable":true,"href":"https:\/\/pickle-ball.vn\/ur\/wp-json\/wp\/v2\/media\/15346"}],"wp:attachment":[{"href":"https:\/\/pickle-ball.vn\/ur\/wp-json\/wp\/v2\/media?parent=15345"}],"wp:term":[{"taxonomy":"pwb-brand","embeddable":true,"href":"https:\/\/pickle-ball.vn\/ur\/wp-json\/wp\/v2\/pwb-brand?post=15345"},{"taxonomy":"product_cat","embeddable":true,"href":"https:\/\/pickle-ball.vn\/ur\/wp-json\/wp\/v2\/product_cat?post=15345"},{"taxonomy":"product_tag","embeddable":true,"href":"https:\/\/pickle-ball.vn\/ur\/wp-json\/wp\/v2\/product_tag?post=15345"}],"curies":[{"name":"wp","href":"https:\/\/api.w.org\/{rel}","templated":true}]}}