{"id":16039,"date":"2025-02-06T10:31:21","date_gmt":"2025-02-06T03:31:21","guid":{"rendered":"http:\/\/pickle-ball.vn\/-product-\/uncategorized\/vot-pickleball-vot-pickleball-amped-control-invikta-midweight-gray\/"},"modified":"2025-02-06T10:31:27","modified_gmt":"2025-02-06T03:31:27","slug":"vot-pickleball-vot-pickleball-amped-control-invikta-midweight-gray","status":"publish","type":"product","link":"https:\/\/pickle-ball.vn\/ur\/-product-\/vot-pickleball\/vot-pickleball-vot-pickleball-amped-control-invikta-midweight-gray\/","title":{"rendered":"V\u1ee3t PickleballV\u1ee3t Pickleball AMPED Control Invikta Midweight Gray"},"content":{"rendered":"<div role=\"tabpanel\" class=\"tab-pane active\" id=\"tab-product-info\">\n<div class=\"vh-content\">\n<h2><strong>V\u1ee3t Pickleball AMPED Control Invikta Midweight Gray<\/strong><\/h2>\n<p><strong>V\u1ee3t Pickleball AMPED Control Invikta Midweight Gray<\/strong>\u00a0(M\u00e3 6108) \u0111\u01b0\u1ee3c ch\u1ebf t\u1ea1o \u0111\u1ec3 mang l\u1ea1i kh\u1ea3 n\u0103ng ki\u1ec3m so\u00e1t v\u00e0 \u0111\u1ed9 xo\u00e1y trong m\u1ed9t v\u1ee3t ho\u00e0n h\u1ea3o, v\u1ee3t pickleball Selkirk AMPED Control mang l\u1ea1i c\u1ea3m gi\u00e1c quen thu\u1ed9c v\u00e0 nh\u1ea5t qu\u00e1n c\u1ee7a m\u1ed9t v\u1ee3t ki\u1ec3m so\u00e1t c\u00f9ng v\u1edbi \u0111\u1ed9 xo\u00e1y l\u00e2u d\u00e0i v\u00e0 c\u00f4ng ngh\u1ec7 pickleball ti\u00ean ti\u1ebfn.<\/p>\n<p>AMPED l\u00e0 c\u1ea3i ti\u1ebfn l\u00f5i d\u00e0y \u0111\u1ea7u ti\u00ean c\u1ee7a ng\u00e0nh, c\u00f3 k\u00edch th\u01b0\u1edbc 5\/8\u201d trong khi t\u1ea5t c\u1ea3 c\u00e1c lo\u1ea1i v\u1ee3t kh\u00e1c ch\u1ec9 c\u00f3 k\u00edch th\u01b0\u1edbc 1\/2\u201d ho\u1eb7c nh\u1ecf h\u01a1n. \u0110\u00e2y l\u00e0 lo\u1ea1i v\u1ee3t \u0111\u1ea7u ti\u00ean v\u1eeba c\u00f3 s\u1ee9c m\u1ea1nh v\u1eeba c\u00f3 kh\u1ea3 n\u0103ng ki\u1ec3m so\u00e1t trong m\u1ed9t, cho ph\u00e9p ng\u01b0\u1eddi ch\u01a1i tung ra nh\u1eefng c\u00fa \u0111\u00e1nh v\u1edbi s\u1ee9c m\u1ea1nh c\u1ea7n thi\u1ebft trong khi v\u1eabn chi\u1ebfm \u01b0u th\u1ebf tr\u00ean l\u01b0\u1edbi v\u1edbi \u0111\u1ed9 ch\u00ednh x\u00e1c. Nh\u1edd \u0111\u00f3, n\u00f3 \u0111\u00e3 thay \u0111\u1ed5i m\u00e3i m\u00e3i b\u1ed1i c\u1ea3nh c\u1ee7a m\u00f4n th\u1ec3 thao n\u00e0y.<\/p>\n<p style=\"text-align:center\"><img decoding=\"async\" alt=\"V\u1ee3t Pickleball AMPED Control Invikta Midweight Gray\" class=\"lazy\" src=\"http:\/\/pickle-ball.vn\/wp-content\/uploads\/2025\/02\/vot-pickleball-amped-control-invikta-midweight-gray-01.webp\" style=\"height:800px;width:800px\" title=\"V\u1ee3t Pickleball AMPED Control Invikta Midweight Gray\"><\/p>\n<p>B\u00e2y gi\u1edd, Selkirk r\u1ea5t vui m\u1eebng gi\u1edbi thi\u1ec7u AMPED Control, m\u1ed9t v\u1ee3t pickleball \u0111\u01b0\u1ee3c thi\u1ebft k\u1ebf \u0111\u1ec3 c\u1ea3i ti\u1ebfn tr\u00f2 ch\u01a1i c\u1ee7a b\u1ea1n. Phi\u00ean b\u1ea3n <strong>v\u1ee3t pickleball<\/strong> m\u1edbi n\u00e0y c\u00f3 l\u1edbp ph\u1ee7 b\u1ec1 m\u1eb7t Ultra Durable th\u1ebf h\u1ec7 ti\u1ebfp theo, mang l\u1ea1i \u0111\u1ed9 xo\u00e1y l\u00e2u d\u00e0i, \u0111\u1ed3ng th\u1eddi v\u1eabn gi\u1eef \u0111\u01b0\u1ee3c c\u1ea3m gi\u00e1c AMPED c\u1ed5 \u0111i\u1ec3n m\u00e0 ng\u01b0\u1eddi ch\u01a1i bi\u1ebft \u0111\u1ebfn v\u00e0 y\u00eau th\u00edch. L\u1edbp ph\u1ee7 Ultra Durable m\u1edbi l\u00e0 k\u1ebft qu\u1ea3 c\u1ee7a h\u00e0ng tr\u0103m l\u1ea7n c\u1ea3i ti\u1ebfn v\u00e0 l\u1eb7p l\u1ea1i trong quy tr\u00ecnh R&amp;D c\u1ee7a ch\u00fang t\u00f4i \u0111\u1ec3 t\u1ea1o ra m\u1ed9t v\u1ee3t hi\u1ec7n mang l\u1ea1i \u0111\u1ed9 xo\u00e1y l\u00e2u d\u00e0i h\u01a1n.<\/p>\n<h3><strong>\u0110\u1eb7c \u0111i\u1ec3m n\u1ed5i b\u1eadt c\u1ee7a\u00a0V\u1ee3t Pickleball AMPED Control Invikta Midweight Gray<\/strong><\/h3>\n<p>&#8211; M\u1eb7t \u0111i\u1ec1u khi\u1ec3n FiberFlex+ b\u1eb1ng s\u1ee3i th\u1ee7y tinh M\u1edaI<\/p>\n<p>M\u1eb7t v\u1ee3t Fiberglass FiberFlex+ m\u1edbi t\u1ea1o ra tr\u1ea3i nghi\u1ec7m n\u00e2ng c\u1ea5p, t\u0103ng c\u01b0\u1eddng kh\u1ea3 n\u0103ng ki\u1ec3m so\u00e1t \u0111\u1ec3 c\u00f3 c\u1ea3m gi\u00e1c v\u00e0 ph\u1ea3n h\u1ed3i t\u1ed1t h\u01a1n. M\u1eb7t v\u1ee3t n\u00e0y c\u1ea3i thi\u1ec7n kh\u1ea3 n\u0103ng ki\u1ec3m so\u00e1t \u1edf c\u1ea3 nh\u1eefng c\u00fa \u0111\u00e1nh v\u00e0o gi\u1eefa m\u1eb7t v\u1ee3t v\u00e0 nh\u1eefng c\u00fa \u0111\u00e1nh l\u1ec7ch t\u00e2m.<\/p>\n<p style=\"text-align:center\"><img decoding=\"async\" alt=\"V\u1ee3t Pickleball AMPED Control Invikta Midweight Gray\" class=\"lazy\" src=\"http:\/\/pickle-ball.vn\/wp-content\/uploads\/2025\/02\/vot-pickleball-amped-control-invikta-midweight-gray-02.webp\" style=\"height:800px;width:800px\" title=\"V\u1ee3t Pickleball AMPED Control Invikta Midweight Gray\"><\/p>\n<p>&#8211; L\u1edbp ph\u1ee7 si\u00eau b\u1ec1n M\u1edaI cho \u0111\u1ed9 quay l\u00e2u d\u00e0i<\/p>\n<p>L\u1edbp ph\u1ee7 si\u00eau b\u1ec1n m\u1edbi l\u00e0 l\u1edbp ph\u1ee7 b\u1ec1n, \u0111\u01b0\u1ee3c thi\u1ebft k\u1ebf \u0111\u1ec3 b\u1ec1n l\u00e2u v\u00e0 mang l\u1ea1i t\u1ed1c \u0111\u1ed9 quay cao h\u01a1n. C\u00e1c r\u00e3nh nh\u1ecf tr\u00ean m\u1eb7t g\u1eady b\u00e1m ch\u1eb7t v\u00e0o b\u00f3ng khi va ch\u1ea1m, t\u1ea1o ra nhi\u1ec1u v\u00f2ng quay h\u01a1n \u0111\u1ec3 t\u0103ng kh\u1ea3 n\u0103ng ki\u1ec3m so\u00e1t v\u00e0 \u0111\u1ed9 c\u1eafn t\u1ed1t h\u01a1n.<\/p>\n<p>&#8211; L\u00f5i 16mm X5 cho \u0110i\u1ec3m ng\u1ecdt nh\u1ea5t qu\u00e1n<\/p>\n<p>L\u00f5i t\u1ed5 ong polypropylene X5 16mm c\u00f3 \u0111\u1ed9 \u0111\u1ed3ng nh\u1ea5t v\u00e0 kh\u1ea3 n\u0103ng ki\u1ec3m so\u00e1t b\u00f3ng \u0111\u00e1ng kinh ng\u1ea1c nh\u1edd kh\u1ea3 n\u0103ng h\u1ea5p th\u1ee5 rung \u0111\u1ed9ng hi\u1ec7u qu\u1ea3, \u0111\u1ed3ng th\u1eddi t\u1ea1o ra l\u1ed7 ng\u1ecdt l\u1edbn v\u00e0 c\u1ea3m gi\u00e1c m\u1ec1m m\u1ea1i t\u1ed5ng th\u1ec3.<\/p>\n<p style=\"text-align:center\"><img decoding=\"async\" alt=\"V\u1ee3t Pickleball AMPED Control Invikta Midweight Gray\" class=\"lazy\" src=\"http:\/\/pickle-ball.vn\/wp-content\/uploads\/2025\/02\/vot-pickleball-amped-control-invikta-midweight-gray-03.webp\" style=\"height:800px;width:800px\" title=\"V\u1ee3t Pickleball AMPED Control Invikta Midweight Gray\"><\/p>\n<p>&#8211; EdgeSentry\u2122 B\u1ea3o v\u1ec7 c\u1ea1nh<\/p>\n<p>Thi\u1ebft k\u1ebf th\u1ea5p, nh\u1eb9 v\u00e0 b\u1ec1n, c\u00f4ng ngh\u1ec7 b\u1ea3o v\u1ec7 c\u1ea1nh c\u1ee7a ch\u00fang t\u00f4i t\u1ea1o n\u00ean m\u1ed9t v\u1ee3t ch\u1eafc ch\u1eafn v\u00e0 c\u00e2n b\u1eb1ng.<\/p>\n<h3><strong>Th\u00f4ng s\u1ed1 k\u1ef9 thu\u1eadt V\u1ee3t Pickleball AMPED Control Invikta Midweight Gray<\/strong><\/h3>\n<table>\n<tbody>\n<tr>\n<td>S\u1ea3n ph\u1ea9m<\/td>\n<td>AMPED Control Invikta Midweight Blue<\/td>\n<\/tr>\n<tr>\n<td>M\u00e3 s\u1ea3n ph\u1ea9m<\/td>\n<td>6108<\/td>\n<\/tr>\n<tr>\n<td>Tr\u00ecnh \u0111\u1ed9 k\u1ef9 n\u0103ng<\/td>\n<td>Ng\u01b0\u1eddi m\u1edbi b\u1eaft \u0111\u1ea7u &#8211; Chuy\u00ean nghi\u1ec7p<\/td>\n<\/tr>\n<tr>\n<td>Tr\u1ecdng l\u01b0\u1ee3ng trung b\u00ecnh<\/td>\n<td>7,8 &#8211; 8,4 oz<\/td>\n<\/tr>\n<tr>\n<td>Tr\u1ecdng l\u01b0\u1ee3ng nh\u1eb9 trung b\u00ecnh<\/td>\n<td>7,2 &#8211; 7,7 oz<\/td>\n<\/tr>\n<tr>\n<td>Chi\u1ec1u cao v\u1ee3t<\/td>\n<td>16,5\u201d<\/td>\n<\/tr>\n<tr>\n<td>Chi\u1ec1u r\u1ed9ng v\u1ee3t<\/td>\n<td>7,45\u201d<\/td>\n<\/tr>\n<tr>\n<td>\u0110\u1ed9 d\u00e0y l\u00f5i<\/td>\n<td>16mm<\/td>\n<\/tr>\n<tr>\n<td>Chi\u1ec1u d\u00e0i tay c\u1ea7m<\/td>\n<td>5,25\u201d<\/td>\n<\/tr>\n<tr>\n<td>Chu vi tay c\u1ea7m<\/td>\n<td>4,25\u201d<\/td>\n<\/tr>\n<tr>\n<td>Tr\u1ecdng l\u01b0\u1ee3ng vung trung b\u00ecnh<\/td>\n<td>114 (c\u00f3 th\u1ec3 thay \u0111\u1ed5i +\/- 2 \u0111i\u1ec3m)<\/td>\n<\/tr>\n<tr>\n<td>Twistweight trung b\u00ecnh<\/td>\n<td>5,79 (c\u00f3 th\u1ec3 thay \u0111\u1ed5i +\/- 0,3 \u0111i\u1ec3m)<\/td>\n<\/tr>\n<tr>\n<td>S\u1ea3n xu\u1ea5t t\u1ea1i<\/td>\n<td>Hoa K\u1ef3<\/td>\n<\/tr>\n<\/tbody>\n<\/table>\n<p>V\u1ee3t Pickleball AMPED Control Invikta Midweight Gray ch\u00ednh h\u00e3ng v\u00e0 s\u1eb5n c\u00f3 t\u1ea1i h\u1ec7 th\u1ed1ng ph\u00e2n ph\u1ed1i to\u00e0n qu\u1ed1c c\u1ee7a Pickleball Vi\u1ec7t Nam. H\u00e3y li\u00ean h\u1ec7 v\u1edbi ch\u00fang t\u00f4i 0.87654321.9 \u0111\u1ec3 \u0111\u01b0\u1ee3c t\u01b0 v\u1ea5n, h\u1ed7 tr\u1ee3 chi ti\u1ebft v\u1ec1 s\u1ea3n ph\u1ea9m.<\/p>\n<\/p><\/div>\n<\/p><\/div>","protected":false},"excerpt":{"rendered":"<ul class=\"list-unstyled params\">\n<li class=\"btt\">Th\u00f4ng tin s\u1ea3n ph\u1ea9m:<\/li>\n<li class=\"dyn\">\n                                            <span class=\"n\">Th\u01b0\u01a1ng hi\u1ec7u:<\/span><br \/>\n\t\t\t\t\t\t\t\t\t\t\t<span class=\"v\" style=\"text-transform: uppercase\"><b>Selkirk<\/b><\/span>\n                                        <\/li>\n<li class=\"dyn\">\n                                            <span class=\"n\">Xu\u1ea5t x\u1ee9:<\/span><br \/>\n\t\t\t\t\t\t\t\t\t\t\t<span class=\"v\">Trung Qu\u1ed1c<\/span>\n                                        <\/li>\n<li class=\"dyn\">\n                                            <span class=\"n\">Number order:<\/span><br \/>\n\t\t\t\t\t\t\t\t\t\t\t<span class=\"v\">6108<\/span>\n                                        <\/li>\n<li class=\"dyn\">\n                                            <span class=\"n\">Nh\u00e0 cung c\u1ea5p:<\/span><br \/>\n                                            \t\t\t\t\t\t\t\t\t\t\t<span class=\"v\">Pickleball Vi\u1ec7t Nam<\/span>\n\t\t\t\t\t\t\t\t\t\t\t                                        <\/li>\n<li class=\"dyn\">\n                                            <span class=\"n\">Lo\u1ea1i s\u1ea3n ph\u1ea9m:<\/span><br \/>\n                                            <span class=\"v\">C\u00f4ng, Th\u1ee7<\/span>\n                                        <\/li>\n<li class=\"separator\">\n                                        <\/li>\n<li>\n                                            <span class=\"n\">Tr\u1ea1ng th\u00e1i:<\/span><br \/>\n                                            <span class=\"v\" style=\"font-weight:700;color: #d7000e\">C\u00f3 s\u1eb5n h\u00e0ng<\/span>\n                                        <\/li>\n<li>\n                                            <span class=\"n\">\u0110\u1ed9 d\u00e0y:<\/span><br \/>\n                                            <span class=\"v\">16mm<\/span>\n                                        <\/li>\n<li>\n                                            <span class=\"n\">Tr\u1ecdng l\u01b0\u1ee3ng:<\/span><br \/>\n                                            <span class=\"v\">8,4oz<\/span>\n                                        <\/li>\n<li>\n                                            <span class=\"n\">T\u00ecnh tr\u1ea1ng:<\/span><br \/>\n                                            <span class=\"v\">M\u1edbi 100%<\/span>\n                                        <\/li>\n<li>\n                                            <span class=\"n\">B\u1ea3o h\u00e0nh:<\/span><br \/>\n                                            <span class=\"v\">Ch\u00ednh h\u00e3ng<\/span>\n                                        <\/li>\n<li>\n<p>                                            <span class=\"n\">Giao h\u00e0ng:<\/span><br \/>\n                                            <span class=\"v\">To\u00e0n qu\u1ed1c<\/span>\n                                        <\/li>\n<\/ul>","protected":false},"featured_media":16040,"comment_status":"closed","ping_status":"closed","template":"","meta":[],"pwb-brand":[3742],"product_cat":[2836],"product_tag":[3959,3954,3956,3248,3445,25,3690,55,3417,3955,3691],"class_list":{"0":"post-16039","1":"product","2":"type-product","3":"status-publish","4":"has-post-thumbnail","6":"pwb-brand-selkirk","7":"product_cat-vot-pickleball","8":"product_tag-amped-control-invikta","9":"product_tag-amped-control-invikta-midweight-blue","10":"product_tag-amped-control-invikta-midweight-gray","11":"product_tag-bong","12":"product_tag-luoi","13":"product_tag-man","14":"product_tag-pickleball-selkirk","15":"product_tag-run","16":"product_tag-vot-pickleball","17":"product_tag-vot-pickleball-amped-control-invikta-midweight-gray","18":"product_tag-vot-pickleball-selkirk","20":"first","21":"instock","22":"shipping-taxable","23":"product-type-simple"},"yoast_head":"<!-- This site is optimized with the Yoast SEO plugin v22.9 - https:\/\/yoast.com\/wordpress\/plugins\/seo\/ -->\n<title>V\u1ee3t PickleballV\u1ee3t Pickleball AMPED Control Invikta Midweight Gray - PickleBall Vi\u1ec7t Nam<\/title>\n<meta name=\"robots\" content=\"index, follow, max-snippet:-1, max-image-preview:large, max-video-preview:-1\" \/>\n<link rel=\"canonical\" href=\"https:\/\/pickle-ball.vn\/ur\/-product-\/vot-pickleball\/vot-pickleball-vot-pickleball-amped-control-invikta-midweight-gray\/\" \/>\n<meta name=\"twitter:label1\" content=\"Est. reading time\" \/>\n\t<meta name=\"twitter:data1\" content=\"5 \u0645\u0646\u0679\u0633\" \/>\n<script type=\"application\/ld+json\" class=\"yoast-schema-graph\">{\"@context\":\"https:\/\/schema.org\",\"@graph\":[{\"@type\":\"WebPage\",\"@id\":\"http:\/\/pickle-ball.vn\/vi\/-product-\/vot-pickleball\/vot-pickleball-vot-pickleball-amped-control-invikta-midweight-gray\/\",\"url\":\"http:\/\/pickle-ball.vn\/vi\/-product-\/vot-pickleball\/vot-pickleball-vot-pickleball-amped-control-invikta-midweight-gray\/\",\"name\":\"V\u1ee3t PickleballV\u1ee3t Pickleball AMPED Control Invikta Midweight Gray - PickleBall Vi\u1ec7t Nam\",\"isPartOf\":{\"@id\":\"https:\/\/pickle-ball.vn\/ja\/#website\"},\"primaryImageOfPage\":{\"@id\":\"http:\/\/pickle-ball.vn\/vi\/-product-\/vot-pickleball\/vot-pickleball-vot-pickleball-amped-control-invikta-midweight-gray\/#primaryimage\"},\"image\":{\"@id\":\"http:\/\/pickle-ball.vn\/vi\/-product-\/vot-pickleball\/vot-pickleball-vot-pickleball-amped-control-invikta-midweight-gray\/#primaryimage\"},\"thumbnailUrl\":\"https:\/\/pickle-ball.vn\/wp-content\/uploads\/2025\/02\/vot-pickleball-amped-control-invikta-midweight-gray-02_720x720xcrop.webp\",\"datePublished\":\"2025-02-06T03:31:21+00:00\",\"dateModified\":\"2025-02-06T03:31:27+00:00\",\"breadcrumb\":{\"@id\":\"http:\/\/pickle-ball.vn\/vi\/-product-\/vot-pickleball\/vot-pickleball-vot-pickleball-amped-control-invikta-midweight-gray\/#breadcrumb\"},\"inLanguage\":\"ur\",\"potentialAction\":[{\"@type\":\"ReadAction\",\"target\":[\"http:\/\/pickle-ball.vn\/vi\/-product-\/vot-pickleball\/vot-pickleball-vot-pickleball-amped-control-invikta-midweight-gray\/\"]}]},{\"@type\":\"ImageObject\",\"inLanguage\":\"ur\",\"@id\":\"http:\/\/pickle-ball.vn\/vi\/-product-\/vot-pickleball\/vot-pickleball-vot-pickleball-amped-control-invikta-midweight-gray\/#primaryimage\",\"url\":\"https:\/\/pickle-ball.vn\/wp-content\/uploads\/2025\/02\/vot-pickleball-amped-control-invikta-midweight-gray-02_720x720xcrop.webp\",\"contentUrl\":\"https:\/\/pickle-ball.vn\/wp-content\/uploads\/2025\/02\/vot-pickleball-amped-control-invikta-midweight-gray-02_720x720xcrop.webp\",\"width\":720,\"height\":720,\"caption\":\"AMPED Control Invikta Midweight Gray\"},{\"@type\":\"BreadcrumbList\",\"@id\":\"http:\/\/pickle-ball.vn\/vi\/-product-\/vot-pickleball\/vot-pickleball-vot-pickleball-amped-control-invikta-midweight-gray\/#breadcrumb\",\"itemListElement\":[{\"@type\":\"ListItem\",\"position\":1,\"name\":\"Home\",\"item\":\"https:\/\/pickle-ball.vn\/ja\/\"},{\"@type\":\"ListItem\",\"position\":2,\"name\":\"Shop\",\"item\":\"https:\/\/pickle-ball.vn\/vi\/shop\/\"},{\"@type\":\"ListItem\",\"position\":3,\"name\":\"V\u1ee3t PickleballV\u1ee3t Pickleball AMPED Control Invikta Midweight Gray\"}]},{\"@type\":\"WebSite\",\"@id\":\"https:\/\/pickle-ball.vn\/ja\/#website\",\"url\":\"https:\/\/pickle-ball.vn\/ja\/\",\"name\":\"Jabra\",\"description\":\"\",\"publisher\":{\"@id\":\"https:\/\/pickle-ball.vn\/ja\/#organization\"},\"potentialAction\":[{\"@type\":\"SearchAction\",\"target\":{\"@type\":\"EntryPoint\",\"urlTemplate\":\"https:\/\/pickle-ball.vn\/ja\/?s={search_term_string}\"},\"query-input\":\"required name=search_term_string\"}],\"inLanguage\":\"ur\"},{\"@type\":\"Organization\",\"@id\":\"https:\/\/pickle-ball.vn\/ja\/#organization\",\"name\":\"Jabra\",\"url\":\"https:\/\/pickle-ball.vn\/ja\/\",\"logo\":{\"@type\":\"ImageObject\",\"inLanguage\":\"ur\",\"@id\":\"https:\/\/pickle-ball.vn\/ja\/#\/schema\/logo\/image\/\",\"url\":\"\",\"contentUrl\":\"\",\"caption\":\"Jabra\"},\"image\":{\"@id\":\"https:\/\/pickle-ball.vn\/ja\/#\/schema\/logo\/image\/\"}}]}<\/script>\n<!-- \/ Yoast SEO plugin. -->","yoast_head_json":{"title":"V\u1ee3t PickleballV\u1ee3t Pickleball AMPED Control Invikta Midweight Gray - PickleBall Vi\u1ec7t Nam","robots":{"index":"index","follow":"follow","max-snippet":"max-snippet:-1","max-image-preview":"max-image-preview:large","max-video-preview":"max-video-preview:-1"},"canonical":"https:\/\/pickle-ball.vn\/ur\/-product-\/vot-pickleball\/vot-pickleball-vot-pickleball-amped-control-invikta-midweight-gray\/","twitter_misc":{"Est. reading time":"5 \u0645\u0646\u0679\u0633"},"schema":{"@context":"https:\/\/schema.org","@graph":[{"@type":"WebPage","@id":"http:\/\/pickle-ball.vn\/vi\/-product-\/vot-pickleball\/vot-pickleball-vot-pickleball-amped-control-invikta-midweight-gray\/","url":"http:\/\/pickle-ball.vn\/vi\/-product-\/vot-pickleball\/vot-pickleball-vot-pickleball-amped-control-invikta-midweight-gray\/","name":"V\u1ee3t PickleballV\u1ee3t Pickleball AMPED Control Invikta Midweight Gray - PickleBall Vi\u1ec7t Nam","isPartOf":{"@id":"https:\/\/pickle-ball.vn\/ja\/#website"},"primaryImageOfPage":{"@id":"http:\/\/pickle-ball.vn\/vi\/-product-\/vot-pickleball\/vot-pickleball-vot-pickleball-amped-control-invikta-midweight-gray\/#primaryimage"},"image":{"@id":"http:\/\/pickle-ball.vn\/vi\/-product-\/vot-pickleball\/vot-pickleball-vot-pickleball-amped-control-invikta-midweight-gray\/#primaryimage"},"thumbnailUrl":"https:\/\/pickle-ball.vn\/wp-content\/uploads\/2025\/02\/vot-pickleball-amped-control-invikta-midweight-gray-02_720x720xcrop.webp","datePublished":"2025-02-06T03:31:21+00:00","dateModified":"2025-02-06T03:31:27+00:00","breadcrumb":{"@id":"http:\/\/pickle-ball.vn\/vi\/-product-\/vot-pickleball\/vot-pickleball-vot-pickleball-amped-control-invikta-midweight-gray\/#breadcrumb"},"inLanguage":"ur","potentialAction":[{"@type":"ReadAction","target":["http:\/\/pickle-ball.vn\/vi\/-product-\/vot-pickleball\/vot-pickleball-vot-pickleball-amped-control-invikta-midweight-gray\/"]}]},{"@type":"ImageObject","inLanguage":"ur","@id":"http:\/\/pickle-ball.vn\/vi\/-product-\/vot-pickleball\/vot-pickleball-vot-pickleball-amped-control-invikta-midweight-gray\/#primaryimage","url":"https:\/\/pickle-ball.vn\/wp-content\/uploads\/2025\/02\/vot-pickleball-amped-control-invikta-midweight-gray-02_720x720xcrop.webp","contentUrl":"https:\/\/pickle-ball.vn\/wp-content\/uploads\/2025\/02\/vot-pickleball-amped-control-invikta-midweight-gray-02_720x720xcrop.webp","width":720,"height":720,"caption":"AMPED Control Invikta Midweight Gray"},{"@type":"BreadcrumbList","@id":"http:\/\/pickle-ball.vn\/vi\/-product-\/vot-pickleball\/vot-pickleball-vot-pickleball-amped-control-invikta-midweight-gray\/#breadcrumb","itemListElement":[{"@type":"ListItem","position":1,"name":"Home","item":"https:\/\/pickle-ball.vn\/ja\/"},{"@type":"ListItem","position":2,"name":"Shop","item":"https:\/\/pickle-ball.vn\/vi\/shop\/"},{"@type":"ListItem","position":3,"name":"V\u1ee3t PickleballV\u1ee3t Pickleball AMPED Control Invikta Midweight Gray"}]},{"@type":"WebSite","@id":"https:\/\/pickle-ball.vn\/ja\/#website","url":"https:\/\/pickle-ball.vn\/ja\/","name":"Jabra","description":"","publisher":{"@id":"https:\/\/pickle-ball.vn\/ja\/#organization"},"potentialAction":[{"@type":"SearchAction","target":{"@type":"EntryPoint","urlTemplate":"https:\/\/pickle-ball.vn\/ja\/?s={search_term_string}"},"query-input":"required name=search_term_string"}],"inLanguage":"ur"},{"@type":"Organization","@id":"https:\/\/pickle-ball.vn\/ja\/#organization","name":"Jabra","url":"https:\/\/pickle-ball.vn\/ja\/","logo":{"@type":"ImageObject","inLanguage":"ur","@id":"https:\/\/pickle-ball.vn\/ja\/#\/schema\/logo\/image\/","url":"","contentUrl":"","caption":"Jabra"},"image":{"@id":"https:\/\/pickle-ball.vn\/ja\/#\/schema\/logo\/image\/"}}]}},"brands":[{"id":3742,"name":"Selkirk","slug":"selkirk"}],"_links":{"self":[{"href":"https:\/\/pickle-ball.vn\/ur\/wp-json\/wp\/v2\/product\/16039","targetHints":{"allow":["GET"]}}],"collection":[{"href":"https:\/\/pickle-ball.vn\/ur\/wp-json\/wp\/v2\/product"}],"about":[{"href":"https:\/\/pickle-ball.vn\/ur\/wp-json\/wp\/v2\/types\/product"}],"replies":[{"embeddable":true,"href":"https:\/\/pickle-ball.vn\/ur\/wp-json\/wp\/v2\/comments?post=16039"}],"wp:featuredmedia":[{"embeddable":true,"href":"https:\/\/pickle-ball.vn\/ur\/wp-json\/wp\/v2\/media\/16040"}],"wp:attachment":[{"href":"https:\/\/pickle-ball.vn\/ur\/wp-json\/wp\/v2\/media?parent=16039"}],"wp:term":[{"taxonomy":"pwb-brand","embeddable":true,"href":"https:\/\/pickle-ball.vn\/ur\/wp-json\/wp\/v2\/pwb-brand?post=16039"},{"taxonomy":"product_cat","embeddable":true,"href":"https:\/\/pickle-ball.vn\/ur\/wp-json\/wp\/v2\/product_cat?post=16039"},{"taxonomy":"product_tag","embeddable":true,"href":"https:\/\/pickle-ball.vn\/ur\/wp-json\/wp\/v2\/product_tag?post=16039"}],"curies":[{"name":"wp","href":"https:\/\/api.w.org\/{rel}","templated":true}]}}