{"id":14802,"date":"2024-11-04T12:50:32","date_gmt":"2024-11-04T05:50:32","guid":{"rendered":"http:\/\/pickle-ball.vn\/-product-\/uncategorized\/balo-joola-tour-elite-black-light-blue\/"},"modified":"2024-11-04T12:50:36","modified_gmt":"2024-11-04T05:50:36","slug":"balo-joola-tour-elite-black-light-blue","status":"publish","type":"product","link":"https:\/\/pickle-ball.vn\/vi\/-product-\/phu-kien-pickleball\/balo-joola-tour-elite-black-light-blue\/","title":{"rendered":"Balo Joola Tour Elite Black &amp; Light Blue"},"content":{"rendered":"<div role=\"tabpanel\" class=\"tab-pane active\" id=\"tab-product-info\">\n<div class=\"vh-content\">\n<h2><strong>Balo Joola Tour Elite Black &amp; Light Blue ch\u00ednh h\u00e3ng<\/strong><\/h2>\n<p><strong>Balo Pickleball JOOLA Tour Elite Black &amp; Light Blue<\/strong> l\u00e0 t\u00fai \u0111\u1ef1ng v\u1ee3t v\u00e0 d\u1ee5ng c\u1ee5 Pickleball c\u1ee1 l\u1edbn m\u00e0 b\u1ea1n s\u1ebd th\u1ea5y nh\u1eefng ng\u01b0\u1eddi ch\u01a1i Pickleball c\u1ee7a JOOLA s\u1eed d\u1ee5ng. Tour Elite Black &amp; Light Blue c\u00f3 ch\u1ed7 cho t\u1ea5t c\u1ea3 c\u00e1c thi\u1ebft b\u1ecb Pickleball c\u1ee7a b\u1ea1n, chi\u1ebfc t\u00fai n\u00e0y s\u1ebd ch\u1ee9a m\u1ecdi th\u1ee9 b\u1ea1n c\u1ea7n cho c\u1ea3 ng\u00e0y \u1edf s\u00e2n \u0111\u1ea5u. Balo Joola Tour Elite Black &amp; Light Blue c\u00f3 k\u00edch th\u01b0\u1edbc 15in x 22in x 10in, v\u00e0 \u0111\u01b0\u1ee3c thi\u1ebft k\u1ebf linh ho\u1ea1t nh\u01b0 m\u1ed9t chi\u1ebfc vali x\u00e1ch tay, chi\u1ebfc vali \u0111eo ch\u00e9o v\u1edbi d\u00e2y v\u1ea3i th\u00f4 ho\u1eb7c c\u0169ng c\u00f3 th\u1ec3 \u0111eo nh\u01b0 m\u1ed9t chi\u1ebfc balo \u0111\u00fang ngh\u0129a tr\u00ean hai vai.<\/p>\n<p style=\"text-align:center\"><img decoding=\"async\" alt=\"Balo Joola Tour Elite Black &amp; Light Blue ch\u00ednh h\u00e3ng\" class=\"lazy\" src=\"http:\/\/pickle-ball.vn\/wp-content\/uploads\/2024\/11\/balo-joola-tour-elite-black-26-light-blue.jpg\" style=\"height:525px;width:750px\" title=\"Balo Joola Tour Elite Black &amp; Light Blue ch\u00ednh h\u00e3ng\"><\/p>\n<p style=\"text-align:center\">Balo Joola Tour Elite Black &amp; Light Blue ch\u00ednh h\u00e3ng, gi\u00e1 t\u1ed1t t\u1ea1i Pickleball Vi\u1ec7t Nam<\/p>\n<p>Balo Joola Tour Elite Black &amp; Light Blue thi\u00ean v\u1ec1 t\u00ednh n\u0103ng v\u00e0 ti\u1ec7n \u00edch, n\u00f3 ch\u1ec9 n\u1eb7ng c\u00f3 1,36kg n\u00ean r\u1ea5t d\u1ec5 d\u00e0ng cho vi\u1ec7c di chuy\u1ec3n c\u1ee7a ng\u01b0\u1eddi ch\u01a1i. B\u1ea1n c\u00f3 th\u1ec3 s\u1eed d\u1ee5ng n\u00f3 nh\u01b0 h\u00e0nh l\u00fd x\u00e1ch tay \u0111\u1ec3 gi\u1eef t\u1ea5t c\u1ea3 v\u1ee3t, qu\u1ea3 b\u00f3ng picklenall v\u00e0 thi\u1ebft b\u1ecb c\u1ee7a b\u1ea1n c\u00e0ng g\u1ea7n c\u00e0ng t\u1ed1t tr\u00ean \u0111\u01b0\u1eddng \u0111\u1ebfn c\u00e1c gi\u1ea3i \u0111\u1ea5u. N\u1ebfu b\u1ea1n ph\u1ea3i \u0111\u1ec3 v\u1ee3t Pickleball trong \u00f4 t\u00f4 ho\u1eb7c ch\u01a1i \u1edf n\u01a1i tr\u1eddi n\u00f3ng, c\u00e1c ng\u0103n ch\u1ee9a v\u1ee3t \u0111\u01b0\u1ee3c l\u00f3t nhi\u1ec7t s\u1ebd b\u1ea3o v\u1ec7 v\u1ee3t c\u1ee7a b\u1ea1n kh\u1ecfi nhi\u1ec7t \u0111\u1ed9 c\u1ef1c cao.<\/p>\n<p style=\"text-align:center\"><img decoding=\"async\" alt=\"Balo Joola Tour Elite Black &amp; Light Blue\" class=\"lazy\" src=\"http:\/\/pickle-ball.vn\/wp-content\/uploads\/2024\/11\/balo-joola-tour-elite-black-26-light-blue-1.jpg\" style=\"height:525px;width:750px\" title=\"Balo Joola Tour Elite Black &amp; Light Blue\"><\/p>\n<p style=\"text-align:center\">Balo Joola Tour Elite Black &amp; Light Blue ch\u00ednh h\u00e3ng, gi\u00e1 t\u1ed1t t\u1ea1i Pickleball Vi\u1ec7t Nam<\/p>\n<h3><strong>Th\u00f4ng tin Balo Joola Tour Elite Black &amp; Light Blue ch\u00ednh h\u00e3ng<\/strong><\/h3>\n<table>\n<tbody>\n<tr>\n<td>T\u00ean s\u1ea3n ph\u1ea9m<\/td>\n<td>Tour Elite Bags &#8211; Tour Elite Black &amp; Light Blue<\/td>\n<\/tr>\n<tr>\n<td>H\u00e3ng<\/td>\n<td>JOOLA<\/td>\n<\/tr>\n<tr>\n<td>M\u00e3 s\u1ea3n ph\u1ea9m<\/td>\n<td>18585<\/td>\n<\/tr>\n<tr>\n<td>K\u00edch th\u01b0\u1edbc<\/td>\n<td>15in x 22in x 10in<\/td>\n<\/tr>\n<tr>\n<td>C\u00e1ch nhi\u1ec7t<\/td>\n<td>C\u00f3<\/td>\n<\/tr>\n<tr>\n<td>T\u00fai \u0111\u1ef1ng v\u1ee3t<\/td>\n<td>S\u1ed1 l\u01b0\u1ee3ng 2, m\u1ed7i t\u00fai \u0111\u1ef1ng \u0111\u01b0\u1ee3c 2 v\u1ee3t<\/td>\n<\/tr>\n<tr>\n<td>C\u00f4ng d\u1ee5ng<\/td>\n<td>T\u00fai \u0111\u1ef1ng thi\u1ebft b\u1ecb, t\u00fai du l\u1ecbch, ba l\u00f4<\/td>\n<\/tr>\n<tr>\n<td>Tr\u1ecdng l\u01b0\u1ee3ng<\/td>\n<td>1,36kg<\/td>\n<\/tr>\n<\/tbody>\n<\/table>\n<p>Balo Joola Tour Elite Black &amp; Light Blue ch\u00ednh h\u00e3ng, gi\u00e1 t\u1ed1t s\u1eb5n c\u00f3 t\u1ea1i chu\u1ed7i h\u1ec7 th\u1ed1ng c\u1ee7a Pickleball Vi\u1ec7t Nam. H\u00e3y li\u00ean h\u1ec7 v\u1edbi ch\u00fang t\u00f4i 0.87654321.9 \u0111\u1ec3 \u0111\u01b0\u1ee3c t\u01b0 v\u1ea5n, h\u1ed7 tr\u1ee3 chi ti\u1ebft v\u1ec1 s\u1ea3n ph\u1ea9m.<\/p>\n<\/p><\/div>\n<\/p><\/div>\n","protected":false},"excerpt":{"rendered":"<ul class=\"list-unstyled params\">\n<li class=\"btt\">Th\u00f4ng tin s\u1ea3n ph\u1ea9m:<\/li>\n<li class=\"dyn\">\n                                            <span class=\"n\">Th\u01b0\u01a1ng hi\u1ec7u:<\/span><br \/>\n\t\t\t\t\t\t\t\t\t\t\t<span class=\"v\"><b>Joola<\/b><\/span>\n                                        <\/li>\n<li class=\"dyn\">\n                                            <span class=\"n\">Number order:<\/span><br \/>\n\t\t\t\t\t\t\t\t\t\t\t<span class=\"v\">18585<\/span>\n                                        <\/li>\n<li class=\"dyn\">\n                                            <span class=\"n\">Nh\u00e0 cung c\u1ea5p:<\/span><br \/>\n                                            \t\t\t\t\t\t\t\t\t\t\t<span class=\"v\"><b>pickle-ball.vn<\/b> &#8211; \u0110\u1ea1i l\u00fd \u1ee7y quy\u1ec1n Joola \u00ae<\/span>\n\t\t\t\t\t\t\t\t\t\t\t                                        <\/li>\n<li class=\"dyn\">\n                                            <span class=\"n\">Lo\u1ea1i s\u1ea3n ph\u1ea9m:<\/span><br \/>\n                                            <span class=\"v\">Balo Pickleball<\/span>\n                                        <\/li>\n<li class=\"separator\">\n                                        <\/li>\n<li>\n                                            <span class=\"n\">Tr\u1ea1ng th\u00e1i:<\/span><br \/>\n                                            <span class=\"v\" style=\"font-weight:700;color: #d7000e\">C\u00f3 s\u1eb5n h\u00e0ng<\/span>\n                                        <\/li>\n<li>\n                                            <span class=\"n\">Tr\u1ecdng l\u01b0\u1ee3ng:<\/span><br \/>\n                                            <span class=\"v\">1,36kg<\/span>\n                                        <\/li>\n<li>\n                                            <span class=\"n\">T\u00ecnh tr\u1ea1ng:<\/span><br \/>\n                                            <span class=\"v\">M\u1edbi 100%<\/span>\n                                        <\/li>\n<li>\n                                            <span class=\"n\">B\u1ea3o h\u00e0nh:<\/span><br \/>\n                                            <span class=\"v\">Ch\u00ednh h\u00e3ng<\/span>\n                                        <\/li>\n<li>\n<p>                                            <span class=\"n\">Giao h\u00e0ng:<\/span><br \/>\n                                            <span class=\"v\">To\u00e0n qu\u1ed1c<\/span>\n                                        <\/li>\n<\/ul>\n","protected":false},"featured_media":14803,"comment_status":"closed","ping_status":"closed","template":"","meta":[],"pwb-brand":[3245],"product_cat":[3232],"product_tag":[46,3304,3248],"class_list":{"0":"post-14802","1":"product","2":"type-product","3":"status-publish","4":"has-post-thumbnail","6":"pwb-brand-joola","7":"product_cat-phu-kien-pickleball","8":"product_tag-bag","9":"product_tag-balo-joola-tour-elite-black-light-blue","10":"product_tag-bong","12":"first","13":"instock","14":"shipping-taxable","15":"product-type-simple"},"yoast_head":"<!-- This site is optimized with the Yoast SEO plugin v22.9 - https:\/\/yoast.com\/wordpress\/plugins\/seo\/ -->\n<title>Balo Joola Tour Elite Black &amp; Light Blue - PickleBall Vi\u1ec7t Nam<\/title>\n<meta name=\"robots\" content=\"index, follow, max-snippet:-1, max-image-preview:large, max-video-preview:-1\" \/>\n<link rel=\"canonical\" href=\"https:\/\/pickle-ball.vn\/vi\/-product-\/phu-kien-pickleball\/balo-joola-tour-elite-black-light-blue\/\" \/>\n<meta name=\"twitter:label1\" content=\"\u01af\u1edbc t\u00ednh th\u1eddi gian \u0111\u1ecdc\" \/>\n\t<meta name=\"twitter:data1\" content=\"3 minutes\" \/>\n<script type=\"application\/ld+json\" class=\"yoast-schema-graph\">{\"@context\":\"https:\/\/schema.org\",\"@graph\":[{\"@type\":\"WebPage\",\"@id\":\"https:\/\/pickle-ball.vn\/ur\/-product-\/phu-kien-pickleball\/balo-joola-tour-elite-black-light-blue\/\",\"url\":\"https:\/\/pickle-ball.vn\/ur\/-product-\/phu-kien-pickleball\/balo-joola-tour-elite-black-light-blue\/\",\"name\":\"Balo Joola Tour Elite Black &amp; Light Blue - PickleBall Vi\u1ec7t Nam\",\"isPartOf\":{\"@id\":\"https:\/\/pickle-ball.vn\/ja\/#website\"},\"primaryImageOfPage\":{\"@id\":\"https:\/\/pickle-ball.vn\/ur\/-product-\/phu-kien-pickleball\/balo-joola-tour-elite-black-light-blue\/#primaryimage\"},\"image\":{\"@id\":\"https:\/\/pickle-ball.vn\/ur\/-product-\/phu-kien-pickleball\/balo-joola-tour-elite-black-light-blue\/#primaryimage\"},\"thumbnailUrl\":\"https:\/\/pickle-ball.vn\/wp-content\/uploads\/2024\/11\/balo-joola-tour-elite-black-light-blue_720x720xcrop.webp\",\"datePublished\":\"2024-11-04T05:50:32+00:00\",\"dateModified\":\"2024-11-04T05:50:36+00:00\",\"breadcrumb\":{\"@id\":\"https:\/\/pickle-ball.vn\/ur\/-product-\/phu-kien-pickleball\/balo-joola-tour-elite-black-light-blue\/#breadcrumb\"},\"inLanguage\":\"vi\",\"potentialAction\":[{\"@type\":\"ReadAction\",\"target\":[\"https:\/\/pickle-ball.vn\/ur\/-product-\/phu-kien-pickleball\/balo-joola-tour-elite-black-light-blue\/\"]}]},{\"@type\":\"ImageObject\",\"inLanguage\":\"vi\",\"@id\":\"https:\/\/pickle-ball.vn\/ur\/-product-\/phu-kien-pickleball\/balo-joola-tour-elite-black-light-blue\/#primaryimage\",\"url\":\"https:\/\/pickle-ball.vn\/wp-content\/uploads\/2024\/11\/balo-joola-tour-elite-black-light-blue_720x720xcrop.webp\",\"contentUrl\":\"https:\/\/pickle-ball.vn\/wp-content\/uploads\/2024\/11\/balo-joola-tour-elite-black-light-blue_720x720xcrop.webp\",\"width\":720,\"height\":720,\"caption\":\"Balo Joola Tour Elite Black & Light Blue\"},{\"@type\":\"BreadcrumbList\",\"@id\":\"https:\/\/pickle-ball.vn\/ur\/-product-\/phu-kien-pickleball\/balo-joola-tour-elite-black-light-blue\/#breadcrumb\",\"itemListElement\":[{\"@type\":\"ListItem\",\"position\":1,\"name\":\"Home\",\"item\":\"https:\/\/pickle-ball.vn\/ja\/\"},{\"@type\":\"ListItem\",\"position\":2,\"name\":\"Shop\",\"item\":\"https:\/\/pickle-ball.vn\/vi\/shop\/\"},{\"@type\":\"ListItem\",\"position\":3,\"name\":\"Balo Joola Tour Elite Black &amp; Light Blue\"}]},{\"@type\":\"WebSite\",\"@id\":\"https:\/\/pickle-ball.vn\/ja\/#website\",\"url\":\"https:\/\/pickle-ball.vn\/ja\/\",\"name\":\"Jabra\",\"description\":\"\",\"publisher\":{\"@id\":\"https:\/\/pickle-ball.vn\/ja\/#organization\"},\"potentialAction\":[{\"@type\":\"SearchAction\",\"target\":{\"@type\":\"EntryPoint\",\"urlTemplate\":\"https:\/\/pickle-ball.vn\/ja\/?s={search_term_string}\"},\"query-input\":\"required name=search_term_string\"}],\"inLanguage\":\"vi\"},{\"@type\":\"Organization\",\"@id\":\"https:\/\/pickle-ball.vn\/ja\/#organization\",\"name\":\"Jabra\",\"url\":\"https:\/\/pickle-ball.vn\/ja\/\",\"logo\":{\"@type\":\"ImageObject\",\"inLanguage\":\"vi\",\"@id\":\"https:\/\/pickle-ball.vn\/ja\/#\/schema\/logo\/image\/\",\"url\":\"\",\"contentUrl\":\"\",\"caption\":\"Jabra\"},\"image\":{\"@id\":\"https:\/\/pickle-ball.vn\/ja\/#\/schema\/logo\/image\/\"}}]}<\/script>\n<!-- \/ Yoast SEO plugin. -->","yoast_head_json":{"title":"Balo Joola Tour Elite Black &amp; Light Blue - PickleBall Vi\u1ec7t Nam","robots":{"index":"index","follow":"follow","max-snippet":"max-snippet:-1","max-image-preview":"max-image-preview:large","max-video-preview":"max-video-preview:-1"},"canonical":"https:\/\/pickle-ball.vn\/vi\/-product-\/phu-kien-pickleball\/balo-joola-tour-elite-black-light-blue\/","twitter_misc":{"\u01af\u1edbc t\u00ednh th\u1eddi gian \u0111\u1ecdc":"3 minutes"},"schema":{"@context":"https:\/\/schema.org","@graph":[{"@type":"WebPage","@id":"https:\/\/pickle-ball.vn\/ur\/-product-\/phu-kien-pickleball\/balo-joola-tour-elite-black-light-blue\/","url":"https:\/\/pickle-ball.vn\/ur\/-product-\/phu-kien-pickleball\/balo-joola-tour-elite-black-light-blue\/","name":"Balo Joola Tour Elite Black &amp; Light Blue - PickleBall Vi\u1ec7t Nam","isPartOf":{"@id":"https:\/\/pickle-ball.vn\/ja\/#website"},"primaryImageOfPage":{"@id":"https:\/\/pickle-ball.vn\/ur\/-product-\/phu-kien-pickleball\/balo-joola-tour-elite-black-light-blue\/#primaryimage"},"image":{"@id":"https:\/\/pickle-ball.vn\/ur\/-product-\/phu-kien-pickleball\/balo-joola-tour-elite-black-light-blue\/#primaryimage"},"thumbnailUrl":"https:\/\/pickle-ball.vn\/wp-content\/uploads\/2024\/11\/balo-joola-tour-elite-black-light-blue_720x720xcrop.webp","datePublished":"2024-11-04T05:50:32+00:00","dateModified":"2024-11-04T05:50:36+00:00","breadcrumb":{"@id":"https:\/\/pickle-ball.vn\/ur\/-product-\/phu-kien-pickleball\/balo-joola-tour-elite-black-light-blue\/#breadcrumb"},"inLanguage":"vi","potentialAction":[{"@type":"ReadAction","target":["https:\/\/pickle-ball.vn\/ur\/-product-\/phu-kien-pickleball\/balo-joola-tour-elite-black-light-blue\/"]}]},{"@type":"ImageObject","inLanguage":"vi","@id":"https:\/\/pickle-ball.vn\/ur\/-product-\/phu-kien-pickleball\/balo-joola-tour-elite-black-light-blue\/#primaryimage","url":"https:\/\/pickle-ball.vn\/wp-content\/uploads\/2024\/11\/balo-joola-tour-elite-black-light-blue_720x720xcrop.webp","contentUrl":"https:\/\/pickle-ball.vn\/wp-content\/uploads\/2024\/11\/balo-joola-tour-elite-black-light-blue_720x720xcrop.webp","width":720,"height":720,"caption":"Balo Joola Tour Elite Black & Light Blue"},{"@type":"BreadcrumbList","@id":"https:\/\/pickle-ball.vn\/ur\/-product-\/phu-kien-pickleball\/balo-joola-tour-elite-black-light-blue\/#breadcrumb","itemListElement":[{"@type":"ListItem","position":1,"name":"Home","item":"https:\/\/pickle-ball.vn\/ja\/"},{"@type":"ListItem","position":2,"name":"Shop","item":"https:\/\/pickle-ball.vn\/vi\/shop\/"},{"@type":"ListItem","position":3,"name":"Balo Joola Tour Elite Black &amp; Light Blue"}]},{"@type":"WebSite","@id":"https:\/\/pickle-ball.vn\/ja\/#website","url":"https:\/\/pickle-ball.vn\/ja\/","name":"Jabra","description":"","publisher":{"@id":"https:\/\/pickle-ball.vn\/ja\/#organization"},"potentialAction":[{"@type":"SearchAction","target":{"@type":"EntryPoint","urlTemplate":"https:\/\/pickle-ball.vn\/ja\/?s={search_term_string}"},"query-input":"required name=search_term_string"}],"inLanguage":"vi"},{"@type":"Organization","@id":"https:\/\/pickle-ball.vn\/ja\/#organization","name":"Jabra","url":"https:\/\/pickle-ball.vn\/ja\/","logo":{"@type":"ImageObject","inLanguage":"vi","@id":"https:\/\/pickle-ball.vn\/ja\/#\/schema\/logo\/image\/","url":"","contentUrl":"","caption":"Jabra"},"image":{"@id":"https:\/\/pickle-ball.vn\/ja\/#\/schema\/logo\/image\/"}}]}},"brands":[{"id":3245,"name":"Joola","slug":"joola"}],"_links":{"self":[{"href":"https:\/\/pickle-ball.vn\/vi\/wp-json\/wp\/v2\/product\/14802","targetHints":{"allow":["GET"]}}],"collection":[{"href":"https:\/\/pickle-ball.vn\/vi\/wp-json\/wp\/v2\/product"}],"about":[{"href":"https:\/\/pickle-ball.vn\/vi\/wp-json\/wp\/v2\/types\/product"}],"replies":[{"embeddable":true,"href":"https:\/\/pickle-ball.vn\/vi\/wp-json\/wp\/v2\/comments?post=14802"}],"wp:featuredmedia":[{"embeddable":true,"href":"https:\/\/pickle-ball.vn\/vi\/wp-json\/wp\/v2\/media\/14803"}],"wp:attachment":[{"href":"https:\/\/pickle-ball.vn\/vi\/wp-json\/wp\/v2\/media?parent=14802"}],"wp:term":[{"taxonomy":"pwb-brand","embeddable":true,"href":"https:\/\/pickle-ball.vn\/vi\/wp-json\/wp\/v2\/pwb-brand?post=14802"},{"taxonomy":"product_cat","embeddable":true,"href":"https:\/\/pickle-ball.vn\/vi\/wp-json\/wp\/v2\/product_cat?post=14802"},{"taxonomy":"product_tag","embeddable":true,"href":"https:\/\/pickle-ball.vn\/vi\/wp-json\/wp\/v2\/product_tag?post=14802"}],"curies":[{"name":"wp","href":"https:\/\/api.w.org\/{rel}","templated":true}]}}