{"id":14806,"date":"2024-11-04T12:50:36","date_gmt":"2024-11-04T05:50:36","guid":{"rendered":"http:\/\/pickle-ball.vn\/-product-\/uncategorized\/bong-pickleball-penn-40-outdoor-6-qua\/"},"modified":"2024-11-04T12:50:38","modified_gmt":"2024-11-04T05:50:38","slug":"bong-pickleball-penn-40-outdoor-6-qua","status":"publish","type":"product","link":"https:\/\/pickle-ball.vn\/vi\/-product-\/bong-pickleball\/bong-pickleball-penn-40-outdoor-6-qua\/","title":{"rendered":"B\u00f3ng Pickleball PENN 40 Outdoor 6 qu\u1ea3"},"content":{"rendered":"<div role=\"tabpanel\" class=\"tab-pane active\" id=\"tab-product-info\">\n<div class=\"vh-content\">\n<h2><strong>B\u00f3ng Pickleball PENN 40 Outdoor 6 qu\u1ea3<\/strong><\/h2>\n<p>B\u00f3ng Pickleball PENN 40 Outdoor 6 qu\u1ea3 s\u1ef1 l\u1ef1a ch\u1ecdn ho\u00e0n h\u1ea3o cho ch\u01a1i c\u00e1c c\u00e2u l\u1ea1c b\u1ed9 pickleball, hu\u1ea5n luy\u1ec7n vi\u00ean gi\u1ea3ng d\u1ea1y v\u00e0 cho c\u00e1c gi\u1ea3i \u0111\u1ea5u c\u1ea7n m\u1ed9t lo\u1ea1i b\u00f3ng m\u1ec1m h\u01a1n.<\/p>\n<p>C\u00e1c s\u1ea3n ph\u1ea9m ch\u1ea5t l\u01b0\u1ee3ng cao c\u1ee7a Penn tr\u00ean nhi\u1ec1u m\u00f4n th\u1ec3 thao, Penn 40, \u0111\u01b0\u1ee3c USAPA ph\u00ea duy\u1ec7t, cung c\u1ea5p \u0111\u1ed9 b\u1ec1n n\u00e2ng cao cho t\u1ea5t c\u1ea3 c\u00e1c c\u1ea5p \u0111\u1ed9 ch\u01a1i pickleball v\u00e0 c\u0169ng c\u00f3 kh\u1ea3 n\u0103ng hi\u1ec3n th\u1ecb t\u0103ng cho m\u1ecdi \u0111i\u1ec1u ki\u1ec7n \u00e1nh s\u00e1ng.<\/p>\n<p>Qu\u1ea3 b\u00f3ng ngo\u00e0i tr\u1eddi Penn 40 c\u0169ng c\u00f3 \u0111\u1ed9 n\u1ea3y \u0111\u1ed9ng cho hi\u1ec7u su\u1ea5t v\u00e0 kh\u1ea3 n\u0103ng ch\u01a1i tuy\u1ec7t \u0111\u1ec9nh m\u1ed7i khi b\u1ea1n b\u01b0\u1edbc l\u00ean s\u00e2n.<\/p>\n<p>B\u00f3ng Pickleball PENN 40 Outdoor 6 qu\u1ea3 l\u00e0 m\u1ed9t s\u1ea3n ph\u1ea9m \u0111\u01b0\u1ee3c \u01b0a chu\u1ed9ng b\u1edfi nhi\u1ec1u ng\u01b0\u1eddi ch\u01a1i pickleball ngo\u00e0i tr\u1eddi. B\u00f3ng \u0111\u01b0\u1ee3c l\u00e0m t\u1eeb ch\u1ea5t li\u1ec7u nh\u1ef1a cao c\u1ea5p, c\u00f3 \u0111\u1ed9 b\u1ec1n v\u00e0 \u0111\u1ed9 n\u1ea3y t\u1ed1t. B\u1ec1 m\u1eb7t b\u00f3ng c\u00f3 thi\u1ebft k\u1ebf \u0111\u1eb7c bi\u1ec7t gi\u00fap t\u0103ng kh\u1ea3 n\u0103ng hi\u1ec3n th\u1ecb trong m\u00f4i tr\u01b0\u1eddng ngo\u00e0i tr\u1eddi.<\/p>\n<p>B\u00f3ng pickleball PENN 40 Outdoor 6 qu\u1ea3 \u0111\u01b0\u1ee3c ch\u1ee9ng nh\u1eadn b\u1edfi USA Pickleball, \u0111\u1ea3m b\u1ea3o ch\u1ea5t l\u01b0\u1ee3ng v\u00e0 \u0111\u1ed9 ch\u00ednh x\u00e1c c\u1ee7a b\u00f3ng. B\u00f3ng ph\u00f9 h\u1ee3p cho ng\u01b0\u1eddi ch\u01a1i \u1edf m\u1ecdi c\u1ea5p \u0111\u1ed9, t\u1eeb ng\u01b0\u1eddi m\u1edbi b\u1eaft \u0111\u1ea7u \u0111\u1ebfn ng\u01b0\u1eddi ch\u01a1i chuy\u00ean nghi\u1ec7p.<\/p>\n<h3><strong>M\u1ed9t s\u1ed1 \u0111\u1eb7c \u0111i\u1ec3m n\u1ed5i b\u1eadt c\u1ee7a b\u00f3ng pickleball PENN 40 Outdoor 6 qu\u1ea3<\/strong><\/h3>\n<p>L\u00e0m t\u1eeb ch\u1ea5t li\u1ec7u nh\u1ef1a cao c\u1ea5p, c\u00f3 \u0111\u1ed9 b\u1ec1n v\u00e0 \u0111\u1ed9 n\u1ea3y t\u1ed1t.<\/p>\n<p>Thi\u1ebft k\u1ebf b\u1ec1 m\u1eb7t \u0111\u1eb7c bi\u1ec7t gi\u00fap t\u0103ng kh\u1ea3 n\u0103ng hi\u1ec3n th\u1ecb trong m\u00f4i tr\u01b0\u1eddng ngo\u00e0i tr\u1eddi.<\/p>\n<p>Ch\u1ee9ng nh\u1eadn b\u1edfi USA Pickleball, \u0111\u1ea3m b\u1ea3o ch\u1ea5t l\u01b0\u1ee3ng v\u00e0 \u0111\u1ed9 ch\u00ednh x\u00e1c c\u1ee7a b\u00f3ng.<\/p>\n<p>Ph\u00f9 h\u1ee3p cho ng\u01b0\u1eddi ch\u01a1i \u1edf m\u1ecdi c\u1ea5p \u0111\u1ed9.<\/p>\n<p>B\u00f3ng pickleball PENN 40 Outdoor 6 qu\u1ea3 l\u00e0 m\u1ed9t s\u1ea3n ph\u1ea9m tuy\u1ec7t v\u1eddi cho nh\u1eefng ai \u0111ang t\u00ecm ki\u1ebfm m\u1ed9t lo\u1ea1i b\u00f3ng pickleball ch\u1ea5t l\u01b0\u1ee3ng cao, ph\u00f9 h\u1ee3p cho ch\u01a1i ngo\u00e0i tr\u1eddi.<\/p>\n<\/p><\/div>\n<\/p><\/div>\n","protected":false},"excerpt":{"rendered":"<ul class=\"list-unstyled params\">\n<li class=\"btt\">Th\u00f4ng tin s\u1ea3n ph\u1ea9m:<\/li>\n<li class=\"dyn\">\n                                            <span class=\"n\">Nh\u00e0 cung c\u1ea5p:<\/span><br \/>\n                                            \t\t\t\t\t\t\t\t\t\t\t<span class=\"v\">Pickleball Vi\u1ec7t Nam<\/span>\n\t\t\t\t\t\t\t\t\t\t\t                                        <\/li>\n<li class=\"separator\">\n                                        <\/li>\n<li>\n                                            <span class=\"n\">Tr\u1ea1ng th\u00e1i:<\/span><br \/>\n                                            <span class=\"v\" style=\"font-weight:700;color: #d7000e\">T\u1ea1m h\u1ebft h\u00e0ng<\/span>\n                                        <\/li>\n<li>\n                                            <span class=\"n\">T\u00ecnh tr\u1ea1ng:<\/span><br \/>\n                                            <span class=\"v\">M\u1edbi 100%<\/span>\n                                        <\/li>\n<li>\n                                            <span class=\"n\">B\u1ea3o h\u00e0nh:<\/span><br \/>\n                                            <span class=\"v\">Ch\u00ednh h\u00e3ng<\/span>\n                                        <\/li>\n<li>\n<p>                                            <span class=\"n\">Giao h\u00e0ng:<\/span><br \/>\n                                            <span class=\"v\">To\u00e0n qu\u1ed1c<\/span>\n                                        <\/li>\n<\/ul>\n","protected":false},"featured_media":14807,"comment_status":"closed","ping_status":"closed","template":"","meta":[],"pwb-brand":[],"product_cat":[3231],"product_tag":[3248,3249,3305,3306],"class_list":{"0":"post-14806","1":"product","2":"type-product","3":"status-publish","4":"has-post-thumbnail","6":"product_cat-bong-pickleball","7":"product_tag-bong","8":"product_tag-bong-pickleball","9":"product_tag-bong-pickleball-ngoai-troi","10":"product_tag-penn-40-outdoor-6-qua","12":"first","13":"instock","14":"shipping-taxable","15":"product-type-simple"},"yoast_head":"<!-- This site is optimized with the Yoast SEO plugin v22.9 - https:\/\/yoast.com\/wordpress\/plugins\/seo\/ -->\n<title>B\u00f3ng Pickleball PENN 40 Outdoor 6 qu\u1ea3 - PickleBall Vi\u1ec7t Nam<\/title>\n<meta name=\"robots\" content=\"index, follow, max-snippet:-1, max-image-preview:large, max-video-preview:-1\" \/>\n<link rel=\"canonical\" href=\"http:\/\/pickle-ball.vn\/vi\/-product-\/bong-pickleball\/bong-pickleball-penn-40-outdoor-6-qua\/\" \/>\n<meta name=\"twitter:label1\" content=\"\u01af\u1edbc t\u00ednh th\u1eddi gian \u0111\u1ecdc\" \/>\n\t<meta name=\"twitter:data1\" content=\"2 minutes\" \/>\n<script type=\"application\/ld+json\" class=\"yoast-schema-graph\">{\"@context\":\"https:\/\/schema.org\",\"@graph\":[{\"@type\":\"WebPage\",\"@id\":\"http:\/\/pickle-ball.vn\/vi\/-product-\/bong-pickleball\/bong-pickleball-penn-40-outdoor-6-qua\/\",\"url\":\"http:\/\/pickle-ball.vn\/vi\/-product-\/bong-pickleball\/bong-pickleball-penn-40-outdoor-6-qua\/\",\"name\":\"B\u00f3ng Pickleball PENN 40 Outdoor 6 qu\u1ea3 - PickleBall Vi\u1ec7t Nam\",\"isPartOf\":{\"@id\":\"https:\/\/pickle-ball.vn\/ja\/#website\"},\"primaryImageOfPage\":{\"@id\":\"http:\/\/pickle-ball.vn\/vi\/-product-\/bong-pickleball\/bong-pickleball-penn-40-outdoor-6-qua\/#primaryimage\"},\"image\":{\"@id\":\"http:\/\/pickle-ball.vn\/vi\/-product-\/bong-pickleball\/bong-pickleball-penn-40-outdoor-6-qua\/#primaryimage\"},\"thumbnailUrl\":\"https:\/\/pickle-ball.vn\/wp-content\/uploads\/2024\/11\/bong-pickleball-penn-40-outdoor-6-qua_720x720xcrop.webp\",\"datePublished\":\"2024-11-04T05:50:36+00:00\",\"dateModified\":\"2024-11-04T05:50:38+00:00\",\"breadcrumb\":{\"@id\":\"http:\/\/pickle-ball.vn\/vi\/-product-\/bong-pickleball\/bong-pickleball-penn-40-outdoor-6-qua\/#breadcrumb\"},\"inLanguage\":\"vi\",\"potentialAction\":[{\"@type\":\"ReadAction\",\"target\":[\"http:\/\/pickle-ball.vn\/vi\/-product-\/bong-pickleball\/bong-pickleball-penn-40-outdoor-6-qua\/\"]}]},{\"@type\":\"ImageObject\",\"inLanguage\":\"vi\",\"@id\":\"http:\/\/pickle-ball.vn\/vi\/-product-\/bong-pickleball\/bong-pickleball-penn-40-outdoor-6-qua\/#primaryimage\",\"url\":\"https:\/\/pickle-ball.vn\/wp-content\/uploads\/2024\/11\/bong-pickleball-penn-40-outdoor-6-qua_720x720xcrop.webp\",\"contentUrl\":\"https:\/\/pickle-ball.vn\/wp-content\/uploads\/2024\/11\/bong-pickleball-penn-40-outdoor-6-qua_720x720xcrop.webp\",\"width\":720,\"height\":720,\"caption\":\"B\u00f3ng Pickleball PENN 40 Outdoor 6 qu\u1ea3\"},{\"@type\":\"BreadcrumbList\",\"@id\":\"http:\/\/pickle-ball.vn\/vi\/-product-\/bong-pickleball\/bong-pickleball-penn-40-outdoor-6-qua\/#breadcrumb\",\"itemListElement\":[{\"@type\":\"ListItem\",\"position\":1,\"name\":\"Home\",\"item\":\"https:\/\/pickle-ball.vn\/ja\/\"},{\"@type\":\"ListItem\",\"position\":2,\"name\":\"Shop\",\"item\":\"https:\/\/pickle-ball.vn\/vi\/shop\/\"},{\"@type\":\"ListItem\",\"position\":3,\"name\":\"B\u00f3ng Pickleball PENN 40 Outdoor 6 qu\u1ea3\"}]},{\"@type\":\"WebSite\",\"@id\":\"https:\/\/pickle-ball.vn\/ja\/#website\",\"url\":\"https:\/\/pickle-ball.vn\/ja\/\",\"name\":\"Jabra\",\"description\":\"\",\"publisher\":{\"@id\":\"https:\/\/pickle-ball.vn\/ja\/#organization\"},\"potentialAction\":[{\"@type\":\"SearchAction\",\"target\":{\"@type\":\"EntryPoint\",\"urlTemplate\":\"https:\/\/pickle-ball.vn\/ja\/?s={search_term_string}\"},\"query-input\":\"required name=search_term_string\"}],\"inLanguage\":\"vi\"},{\"@type\":\"Organization\",\"@id\":\"https:\/\/pickle-ball.vn\/ja\/#organization\",\"name\":\"Jabra\",\"url\":\"https:\/\/pickle-ball.vn\/ja\/\",\"logo\":{\"@type\":\"ImageObject\",\"inLanguage\":\"vi\",\"@id\":\"https:\/\/pickle-ball.vn\/ja\/#\/schema\/logo\/image\/\",\"url\":\"\",\"contentUrl\":\"\",\"caption\":\"Jabra\"},\"image\":{\"@id\":\"https:\/\/pickle-ball.vn\/ja\/#\/schema\/logo\/image\/\"}}]}<\/script>\n<!-- \/ Yoast SEO plugin. -->","yoast_head_json":{"title":"B\u00f3ng Pickleball PENN 40 Outdoor 6 qu\u1ea3 - PickleBall Vi\u1ec7t Nam","robots":{"index":"index","follow":"follow","max-snippet":"max-snippet:-1","max-image-preview":"max-image-preview:large","max-video-preview":"max-video-preview:-1"},"canonical":"http:\/\/pickle-ball.vn\/vi\/-product-\/bong-pickleball\/bong-pickleball-penn-40-outdoor-6-qua\/","twitter_misc":{"\u01af\u1edbc t\u00ednh th\u1eddi gian \u0111\u1ecdc":"2 minutes"},"schema":{"@context":"https:\/\/schema.org","@graph":[{"@type":"WebPage","@id":"http:\/\/pickle-ball.vn\/vi\/-product-\/bong-pickleball\/bong-pickleball-penn-40-outdoor-6-qua\/","url":"http:\/\/pickle-ball.vn\/vi\/-product-\/bong-pickleball\/bong-pickleball-penn-40-outdoor-6-qua\/","name":"B\u00f3ng Pickleball PENN 40 Outdoor 6 qu\u1ea3 - PickleBall Vi\u1ec7t Nam","isPartOf":{"@id":"https:\/\/pickle-ball.vn\/ja\/#website"},"primaryImageOfPage":{"@id":"http:\/\/pickle-ball.vn\/vi\/-product-\/bong-pickleball\/bong-pickleball-penn-40-outdoor-6-qua\/#primaryimage"},"image":{"@id":"http:\/\/pickle-ball.vn\/vi\/-product-\/bong-pickleball\/bong-pickleball-penn-40-outdoor-6-qua\/#primaryimage"},"thumbnailUrl":"https:\/\/pickle-ball.vn\/wp-content\/uploads\/2024\/11\/bong-pickleball-penn-40-outdoor-6-qua_720x720xcrop.webp","datePublished":"2024-11-04T05:50:36+00:00","dateModified":"2024-11-04T05:50:38+00:00","breadcrumb":{"@id":"http:\/\/pickle-ball.vn\/vi\/-product-\/bong-pickleball\/bong-pickleball-penn-40-outdoor-6-qua\/#breadcrumb"},"inLanguage":"vi","potentialAction":[{"@type":"ReadAction","target":["http:\/\/pickle-ball.vn\/vi\/-product-\/bong-pickleball\/bong-pickleball-penn-40-outdoor-6-qua\/"]}]},{"@type":"ImageObject","inLanguage":"vi","@id":"http:\/\/pickle-ball.vn\/vi\/-product-\/bong-pickleball\/bong-pickleball-penn-40-outdoor-6-qua\/#primaryimage","url":"https:\/\/pickle-ball.vn\/wp-content\/uploads\/2024\/11\/bong-pickleball-penn-40-outdoor-6-qua_720x720xcrop.webp","contentUrl":"https:\/\/pickle-ball.vn\/wp-content\/uploads\/2024\/11\/bong-pickleball-penn-40-outdoor-6-qua_720x720xcrop.webp","width":720,"height":720,"caption":"B\u00f3ng Pickleball PENN 40 Outdoor 6 qu\u1ea3"},{"@type":"BreadcrumbList","@id":"http:\/\/pickle-ball.vn\/vi\/-product-\/bong-pickleball\/bong-pickleball-penn-40-outdoor-6-qua\/#breadcrumb","itemListElement":[{"@type":"ListItem","position":1,"name":"Home","item":"https:\/\/pickle-ball.vn\/ja\/"},{"@type":"ListItem","position":2,"name":"Shop","item":"https:\/\/pickle-ball.vn\/vi\/shop\/"},{"@type":"ListItem","position":3,"name":"B\u00f3ng Pickleball PENN 40 Outdoor 6 qu\u1ea3"}]},{"@type":"WebSite","@id":"https:\/\/pickle-ball.vn\/ja\/#website","url":"https:\/\/pickle-ball.vn\/ja\/","name":"Jabra","description":"","publisher":{"@id":"https:\/\/pickle-ball.vn\/ja\/#organization"},"potentialAction":[{"@type":"SearchAction","target":{"@type":"EntryPoint","urlTemplate":"https:\/\/pickle-ball.vn\/ja\/?s={search_term_string}"},"query-input":"required name=search_term_string"}],"inLanguage":"vi"},{"@type":"Organization","@id":"https:\/\/pickle-ball.vn\/ja\/#organization","name":"Jabra","url":"https:\/\/pickle-ball.vn\/ja\/","logo":{"@type":"ImageObject","inLanguage":"vi","@id":"https:\/\/pickle-ball.vn\/ja\/#\/schema\/logo\/image\/","url":"","contentUrl":"","caption":"Jabra"},"image":{"@id":"https:\/\/pickle-ball.vn\/ja\/#\/schema\/logo\/image\/"}}]}},"brands":[],"_links":{"self":[{"href":"https:\/\/pickle-ball.vn\/vi\/wp-json\/wp\/v2\/product\/14806","targetHints":{"allow":["GET"]}}],"collection":[{"href":"https:\/\/pickle-ball.vn\/vi\/wp-json\/wp\/v2\/product"}],"about":[{"href":"https:\/\/pickle-ball.vn\/vi\/wp-json\/wp\/v2\/types\/product"}],"replies":[{"embeddable":true,"href":"https:\/\/pickle-ball.vn\/vi\/wp-json\/wp\/v2\/comments?post=14806"}],"wp:featuredmedia":[{"embeddable":true,"href":"https:\/\/pickle-ball.vn\/vi\/wp-json\/wp\/v2\/media\/14807"}],"wp:attachment":[{"href":"https:\/\/pickle-ball.vn\/vi\/wp-json\/wp\/v2\/media?parent=14806"}],"wp:term":[{"taxonomy":"pwb-brand","embeddable":true,"href":"https:\/\/pickle-ball.vn\/vi\/wp-json\/wp\/v2\/pwb-brand?post=14806"},{"taxonomy":"product_cat","embeddable":true,"href":"https:\/\/pickle-ball.vn\/vi\/wp-json\/wp\/v2\/product_cat?post=14806"},{"taxonomy":"product_tag","embeddable":true,"href":"https:\/\/pickle-ball.vn\/vi\/wp-json\/wp\/v2\/product_tag?post=14806"}],"curies":[{"name":"wp","href":"https:\/\/api.w.org\/{rel}","templated":true}]}}