{"id":14885,"date":"2024-11-04T13:20:41","date_gmt":"2024-11-04T06:20:41","guid":{"rendered":"http:\/\/pickle-ball.vn\/-product-\/uncategorized\/bong-pickleball-franklin-x-40-outdoor\/"},"modified":"2024-11-04T13:20:42","modified_gmt":"2024-11-04T06:20:42","slug":"bong-pickleball-franklin-x-40-outdoor","status":"publish","type":"product","link":"https:\/\/pickle-ball.vn\/vi\/-product-\/bong-pickleball\/bong-pickleball-franklin-x-40-outdoor\/","title":{"rendered":"B\u00f3ng Pickleball Franklin X-40 Outdoor"},"content":{"rendered":"<div role=\"tabpanel\" class=\"tab-pane active\" id=\"tab-product-info\">\n<div class=\"vh-content\">\n<h2><strong>B\u00f3ng Pickleball Franklin X-40 Outdoor <\/strong><\/h2>\n<p><strong>B\u00f3ng pickleball x-performance 40 pickleball-x<\/strong> \u0111\u01b0\u1ee3c usapa ph\u00ea duy\u1ec7t l\u00e0 m\u1ed9t trong nh\u1eefng qu\u1ea3 b\u00f3ng t\u1ed1t nh\u1ea5t t\u1eebng \u0111\u01b0\u1ee3c t\u1ea1o ra cho m\u00f4n th\u1ec3 thao pickleball. ch\u1ec9 s\u1eed d\u1ee5ng v\u1eadt li\u1ec7u pe t\u1ed1t nh\u1ea5t v\u00e0 thi\u1ebft k\u1ebf t\u1eebng m\u1ea3nh ti\u00ean ti\u1ebfn c\u1ee7a ch\u00fang t\u00f4i, qu\u1ea3 b\u00f3ng n\u00e0y s\u1ebd ch\u1ecbu \u0111\u01b0\u1ee3c nhi\u1ec1u gi\u1edd ch\u01a1i quy\u1ebft li\u1ec7t nh\u1ea5t. <strong>B\u00f3ng pickleball x-performance 40<\/strong> mang \u0111\u1ebfn \u0111\u01b0\u1eddng bay tuy\u1ec7t v\u1eddi nh\u1edd \u0111\u1ed9 ch\u00ednh x\u00e1c c\u1ee7a c\u00e1c l\u1ed7 khoan tr\u00ean m\u00e1y c\u1ee7a ch\u00fang t\u00f4i. v\u1edbi tr\u1ecdng l\u01b0\u1ee3ng v\u00e0 k\u00edch th\u01b0\u1edbc ho\u00e0n h\u1ea3o, nh\u1eefng qu\u1ea3 b\u00f3ng n\u00e0y ch\u1eafc ch\u1eafn s\u1ebd g\u00e2y \u1ea5n t\u01b0\u1ee3ng v\u1edbi b\u1ea5t k\u1ef3 ai tr\u00ean s\u00e2n!<\/p>\n<h3><strong>B\u00f3ng Pickleball X-40 Hi\u1ec7n L\u00e0 Qu\u1ea3 B\u00f3ng Ch\u00ednh Th\u1ee9c C\u1ee7a Gi\u1ea3i V\u00f4 \u0110\u1ecbch Pickleball M\u1ef9 M\u1edf R\u1ed9ng!<\/strong><\/h3>\n<h4><strong>\u0110\u0103\u0323c Tr\u01b0ng B\u00f3ng Pickleball Franklin X-40 Outdoor<\/strong><\/h4>\n<ul>\n<li>Tr\u1ecdng L\u01b0\u1ee3ng 26 Gram; \u0110\u01b0\u1eddng K\u00ednh 74mm<\/li>\n<li>Ki\u1ec3u Bay C\u00e2n B\u1eb1ng Nh\u1edd 40 L\u1ed7 \u0110\u01b0\u1ee3c Khoan B\u1eb1ng M\u00e1y Ch\u00ednh X\u00e1c<\/li>\n<li>C\u1ea5u Tr\u00fac M\u1ed9t M\u1ea3nh V\u1edbi Khu\u00f4n Quay T\u1ea1o Ra M\u1ed9t Qu\u1ea3 B\u00f3ng Ch\u1eafc Ch\u1eafn H\u01a1n, B\u1ec1n L\u00e2u H\u01a1n<\/li>\n<li>Usapa \u0110\u00e3 Ph\u00ea Duy\u1ec7t Cho Gi\u1ea3i \u0110\u1ea5u Pickleball Ngo\u00e0i Tr\u1eddi. Qu\u1ea3 B\u00f3ng Ch\u00ednh Th\u1ee9c C\u1ee7a Gi\u1ea3i V\u00f4 \u0110\u1ecbch Pickleball M\u1ef9 M\u1edf R\u1ed9ng<\/li>\n<\/ul><\/div>\n<\/p><\/div>\n","protected":false},"excerpt":{"rendered":"<ul class=\"list-unstyled params\">\n<li class=\"btt\">Th\u00f4ng tin s\u1ea3n ph\u1ea9m:<\/li>\n<li class=\"dyn\">\n                                            <span class=\"n\">Nh\u00e0 cung c\u1ea5p:<\/span><br \/>\n                                            \t\t\t\t\t\t\t\t\t\t\t<span class=\"v\">Pickleball Vi\u1ec7t Nam<\/span>\n\t\t\t\t\t\t\t\t\t\t\t                                        <\/li>\n<li class=\"separator\">\n                                        <\/li>\n<li>\n                                            <span class=\"n\">Tr\u1ea1ng th\u00e1i:<\/span><br \/>\n                                            <span class=\"v\" style=\"font-weight:700;color: #d7000e\">T\u1ea1m h\u1ebft h\u00e0ng<\/span>\n                                        <\/li>\n<li>\n                                            <span class=\"n\">T\u00ecnh tr\u1ea1ng:<\/span><br \/>\n                                            <span class=\"v\">M\u1edbi 100%<\/span>\n                                        <\/li>\n<li>\n                                            <span class=\"n\">B\u1ea3o h\u00e0nh:<\/span><br \/>\n                                            <span class=\"v\">Ch\u00ednh h\u00e3ng<\/span>\n                                        <\/li>\n<li>\n<p>                                            <span class=\"n\">Giao h\u00e0ng:<\/span><br \/>\n                                            <span class=\"v\">To\u00e0n qu\u1ed1c<\/span>\n                                        <\/li>\n<\/ul>\n","protected":false},"featured_media":14886,"comment_status":"closed","ping_status":"closed","template":"","meta":[],"pwb-brand":[],"product_cat":[3231],"product_tag":[3249,3344,3343],"class_list":{"0":"post-14885","1":"product","2":"type-product","3":"status-publish","4":"has-post-thumbnail","6":"product_cat-bong-pickleball","7":"product_tag-bong-pickleball","8":"product_tag-bong-pickleball-franklin-x-40-outdoor","9":"product_tag-bong-pickleball-x-40-outdoor","11":"first","12":"instock","13":"shipping-taxable","14":"product-type-simple"},"yoast_head":"<!-- This site is optimized with the Yoast SEO plugin v22.9 - https:\/\/yoast.com\/wordpress\/plugins\/seo\/ -->\n<title>B\u00f3ng Pickleball Franklin X-40 Outdoor - PickleBall Vi\u1ec7t Nam<\/title>\n<meta name=\"robots\" content=\"index, follow, max-snippet:-1, max-image-preview:large, max-video-preview:-1\" \/>\n<link rel=\"canonical\" href=\"https:\/\/pickle-ball.vn\/vi\/-product-\/bong-pickleball\/bong-pickleball-franklin-x-40-outdoor\/\" \/>\n<meta name=\"twitter:label1\" content=\"\u01af\u1edbc t\u00ednh th\u1eddi gian \u0111\u1ecdc\" \/>\n\t<meta name=\"twitter:data1\" content=\"1 minute\" \/>\n<script type=\"application\/ld+json\" class=\"yoast-schema-graph\">{\"@context\":\"https:\/\/schema.org\",\"@graph\":[{\"@type\":\"WebPage\",\"@id\":\"https:\/\/pickle-ball.vn\/hi\/-product-\/bong-pickleball\/bong-pickleball-franklin-x-40-outdoor\/\",\"url\":\"https:\/\/pickle-ball.vn\/hi\/-product-\/bong-pickleball\/bong-pickleball-franklin-x-40-outdoor\/\",\"name\":\"B\u00f3ng Pickleball Franklin X-40 Outdoor - PickleBall Vi\u1ec7t Nam\",\"isPartOf\":{\"@id\":\"https:\/\/pickle-ball.vn\/ja\/#website\"},\"primaryImageOfPage\":{\"@id\":\"https:\/\/pickle-ball.vn\/hi\/-product-\/bong-pickleball\/bong-pickleball-franklin-x-40-outdoor\/#primaryimage\"},\"image\":{\"@id\":\"https:\/\/pickle-ball.vn\/hi\/-product-\/bong-pickleball\/bong-pickleball-franklin-x-40-outdoor\/#primaryimage\"},\"thumbnailUrl\":\"https:\/\/pickle-ball.vn\/wp-content\/uploads\/2024\/11\/bong-pickleball-x-40-outdoor_720x720xcrop.webp\",\"datePublished\":\"2024-11-04T06:20:41+00:00\",\"dateModified\":\"2024-11-04T06:20:42+00:00\",\"breadcrumb\":{\"@id\":\"https:\/\/pickle-ball.vn\/hi\/-product-\/bong-pickleball\/bong-pickleball-franklin-x-40-outdoor\/#breadcrumb\"},\"inLanguage\":\"vi\",\"potentialAction\":[{\"@type\":\"ReadAction\",\"target\":[\"https:\/\/pickle-ball.vn\/hi\/-product-\/bong-pickleball\/bong-pickleball-franklin-x-40-outdoor\/\"]}]},{\"@type\":\"ImageObject\",\"inLanguage\":\"vi\",\"@id\":\"https:\/\/pickle-ball.vn\/hi\/-product-\/bong-pickleball\/bong-pickleball-franklin-x-40-outdoor\/#primaryimage\",\"url\":\"https:\/\/pickle-ball.vn\/wp-content\/uploads\/2024\/11\/bong-pickleball-x-40-outdoor_720x720xcrop.webp\",\"contentUrl\":\"https:\/\/pickle-ball.vn\/wp-content\/uploads\/2024\/11\/bong-pickleball-x-40-outdoor_720x720xcrop.webp\",\"width\":720,\"height\":720,\"caption\":\"B\u00f3ng Pickleball X-40 Outdoor\"},{\"@type\":\"BreadcrumbList\",\"@id\":\"https:\/\/pickle-ball.vn\/hi\/-product-\/bong-pickleball\/bong-pickleball-franklin-x-40-outdoor\/#breadcrumb\",\"itemListElement\":[{\"@type\":\"ListItem\",\"position\":1,\"name\":\"Home\",\"item\":\"https:\/\/pickle-ball.vn\/ja\/\"},{\"@type\":\"ListItem\",\"position\":2,\"name\":\"Shop\",\"item\":\"https:\/\/pickle-ball.vn\/vi\/shop\/\"},{\"@type\":\"ListItem\",\"position\":3,\"name\":\"B\u00f3ng Pickleball Franklin X-40 Outdoor\"}]},{\"@type\":\"WebSite\",\"@id\":\"https:\/\/pickle-ball.vn\/ja\/#website\",\"url\":\"https:\/\/pickle-ball.vn\/ja\/\",\"name\":\"Jabra\",\"description\":\"\",\"publisher\":{\"@id\":\"https:\/\/pickle-ball.vn\/ja\/#organization\"},\"potentialAction\":[{\"@type\":\"SearchAction\",\"target\":{\"@type\":\"EntryPoint\",\"urlTemplate\":\"https:\/\/pickle-ball.vn\/ja\/?s={search_term_string}\"},\"query-input\":\"required name=search_term_string\"}],\"inLanguage\":\"vi\"},{\"@type\":\"Organization\",\"@id\":\"https:\/\/pickle-ball.vn\/ja\/#organization\",\"name\":\"Jabra\",\"url\":\"https:\/\/pickle-ball.vn\/ja\/\",\"logo\":{\"@type\":\"ImageObject\",\"inLanguage\":\"vi\",\"@id\":\"https:\/\/pickle-ball.vn\/ja\/#\/schema\/logo\/image\/\",\"url\":\"\",\"contentUrl\":\"\",\"caption\":\"Jabra\"},\"image\":{\"@id\":\"https:\/\/pickle-ball.vn\/ja\/#\/schema\/logo\/image\/\"}}]}<\/script>\n<!-- \/ Yoast SEO plugin. -->","yoast_head_json":{"title":"B\u00f3ng Pickleball Franklin X-40 Outdoor - PickleBall Vi\u1ec7t Nam","robots":{"index":"index","follow":"follow","max-snippet":"max-snippet:-1","max-image-preview":"max-image-preview:large","max-video-preview":"max-video-preview:-1"},"canonical":"https:\/\/pickle-ball.vn\/vi\/-product-\/bong-pickleball\/bong-pickleball-franklin-x-40-outdoor\/","twitter_misc":{"\u01af\u1edbc t\u00ednh th\u1eddi gian \u0111\u1ecdc":"1 minute"},"schema":{"@context":"https:\/\/schema.org","@graph":[{"@type":"WebPage","@id":"https:\/\/pickle-ball.vn\/hi\/-product-\/bong-pickleball\/bong-pickleball-franklin-x-40-outdoor\/","url":"https:\/\/pickle-ball.vn\/hi\/-product-\/bong-pickleball\/bong-pickleball-franklin-x-40-outdoor\/","name":"B\u00f3ng Pickleball Franklin X-40 Outdoor - PickleBall Vi\u1ec7t Nam","isPartOf":{"@id":"https:\/\/pickle-ball.vn\/ja\/#website"},"primaryImageOfPage":{"@id":"https:\/\/pickle-ball.vn\/hi\/-product-\/bong-pickleball\/bong-pickleball-franklin-x-40-outdoor\/#primaryimage"},"image":{"@id":"https:\/\/pickle-ball.vn\/hi\/-product-\/bong-pickleball\/bong-pickleball-franklin-x-40-outdoor\/#primaryimage"},"thumbnailUrl":"https:\/\/pickle-ball.vn\/wp-content\/uploads\/2024\/11\/bong-pickleball-x-40-outdoor_720x720xcrop.webp","datePublished":"2024-11-04T06:20:41+00:00","dateModified":"2024-11-04T06:20:42+00:00","breadcrumb":{"@id":"https:\/\/pickle-ball.vn\/hi\/-product-\/bong-pickleball\/bong-pickleball-franklin-x-40-outdoor\/#breadcrumb"},"inLanguage":"vi","potentialAction":[{"@type":"ReadAction","target":["https:\/\/pickle-ball.vn\/hi\/-product-\/bong-pickleball\/bong-pickleball-franklin-x-40-outdoor\/"]}]},{"@type":"ImageObject","inLanguage":"vi","@id":"https:\/\/pickle-ball.vn\/hi\/-product-\/bong-pickleball\/bong-pickleball-franklin-x-40-outdoor\/#primaryimage","url":"https:\/\/pickle-ball.vn\/wp-content\/uploads\/2024\/11\/bong-pickleball-x-40-outdoor_720x720xcrop.webp","contentUrl":"https:\/\/pickle-ball.vn\/wp-content\/uploads\/2024\/11\/bong-pickleball-x-40-outdoor_720x720xcrop.webp","width":720,"height":720,"caption":"B\u00f3ng Pickleball X-40 Outdoor"},{"@type":"BreadcrumbList","@id":"https:\/\/pickle-ball.vn\/hi\/-product-\/bong-pickleball\/bong-pickleball-franklin-x-40-outdoor\/#breadcrumb","itemListElement":[{"@type":"ListItem","position":1,"name":"Home","item":"https:\/\/pickle-ball.vn\/ja\/"},{"@type":"ListItem","position":2,"name":"Shop","item":"https:\/\/pickle-ball.vn\/vi\/shop\/"},{"@type":"ListItem","position":3,"name":"B\u00f3ng Pickleball Franklin X-40 Outdoor"}]},{"@type":"WebSite","@id":"https:\/\/pickle-ball.vn\/ja\/#website","url":"https:\/\/pickle-ball.vn\/ja\/","name":"Jabra","description":"","publisher":{"@id":"https:\/\/pickle-ball.vn\/ja\/#organization"},"potentialAction":[{"@type":"SearchAction","target":{"@type":"EntryPoint","urlTemplate":"https:\/\/pickle-ball.vn\/ja\/?s={search_term_string}"},"query-input":"required name=search_term_string"}],"inLanguage":"vi"},{"@type":"Organization","@id":"https:\/\/pickle-ball.vn\/ja\/#organization","name":"Jabra","url":"https:\/\/pickle-ball.vn\/ja\/","logo":{"@type":"ImageObject","inLanguage":"vi","@id":"https:\/\/pickle-ball.vn\/ja\/#\/schema\/logo\/image\/","url":"","contentUrl":"","caption":"Jabra"},"image":{"@id":"https:\/\/pickle-ball.vn\/ja\/#\/schema\/logo\/image\/"}}]}},"brands":[],"_links":{"self":[{"href":"https:\/\/pickle-ball.vn\/vi\/wp-json\/wp\/v2\/product\/14885","targetHints":{"allow":["GET"]}}],"collection":[{"href":"https:\/\/pickle-ball.vn\/vi\/wp-json\/wp\/v2\/product"}],"about":[{"href":"https:\/\/pickle-ball.vn\/vi\/wp-json\/wp\/v2\/types\/product"}],"replies":[{"embeddable":true,"href":"https:\/\/pickle-ball.vn\/vi\/wp-json\/wp\/v2\/comments?post=14885"}],"wp:featuredmedia":[{"embeddable":true,"href":"https:\/\/pickle-ball.vn\/vi\/wp-json\/wp\/v2\/media\/14886"}],"wp:attachment":[{"href":"https:\/\/pickle-ball.vn\/vi\/wp-json\/wp\/v2\/media?parent=14885"}],"wp:term":[{"taxonomy":"pwb-brand","embeddable":true,"href":"https:\/\/pickle-ball.vn\/vi\/wp-json\/wp\/v2\/pwb-brand?post=14885"},{"taxonomy":"product_cat","embeddable":true,"href":"https:\/\/pickle-ball.vn\/vi\/wp-json\/wp\/v2\/product_cat?post=14885"},{"taxonomy":"product_tag","embeddable":true,"href":"https:\/\/pickle-ball.vn\/vi\/wp-json\/wp\/v2\/product_tag?post=14885"}],"curies":[{"name":"wp","href":"https:\/\/api.w.org\/{rel}","templated":true}]}}