{"id":14908,"date":"2024-11-04T13:30:44","date_gmt":"2024-11-04T06:30:44","guid":{"rendered":"http:\/\/pickle-ball.vn\/-product-\/uncategorized\/pro-penn-40-outdoor-3-qua-hop\/"},"modified":"2024-11-04T13:30:45","modified_gmt":"2024-11-04T06:30:45","slug":"pro-penn-40-outdoor-3-qua-hop","status":"publish","type":"product","link":"https:\/\/pickle-ball.vn\/vi\/-product-\/bong-pickleball\/pro-penn-40-outdoor-3-qua-hop\/","title":{"rendered":"Pro Penn 40 Outdoor 3 qu\u1ea3\/h\u1ed9p"},"content":{"rendered":"<div role=\"tabpanel\" class=\"tab-pane active\" id=\"tab-product-info\">\n<div class=\"vh-content\">\n<h2><strong>B\u00f3ng Pickleball Pro Penn 40 Outdoor 3 qu\u1ea3\/h\u1ed9p<\/strong><\/h2>\n<p><strong>Pro Penn 40 Outdoor<\/strong> b\u00f3ng Pickleball l\u00fd t\u01b0\u1edfng v\u1edbi t\u1ea5t c\u1ea3 ng\u01b0\u1eddi ch\u01a1i pickleball c\u1ea7n b\u00f3ng b\u1ec1n l\u00e2u, \u1ed5n \u0111\u1ecbnh cho gi\u1ea3i chuy\u00ean nghi\u1ec7p.<strong> B\u00f3ng pickleball<\/strong> n\u00e0y ch\u01a1i \u0111\u01b0\u1ee3c l\u00e2u, n\u1ea3y v\u00e0 gi\u1eef nguy\u00ean \u0111\u01b0\u1ee3c \u0111\u1ed9 tr\u00f2n trong su\u1ed1t qu\u00e1 tr\u00ecnh ch\u01a1i. B\u00f3ng n\u00e0y c\u0169ng r\u1ea5t b\u1ec1n v\u00e0 c\u00f3 t\u1ed1c \u0111\u1ed9 t\u1ed1i \u01b0u v\u1edbi ng\u01b0\u1eddi ch\u01a1i \u1edf tr\u00ecnh \u0111\u1ed9 cao.<\/p>\n<\/p><\/div>\n<\/p><\/div>\n","protected":false},"excerpt":{"rendered":"<ul class=\"list-unstyled params\">\n<li class=\"btt\">Th\u00f4ng tin s\u1ea3n ph\u1ea9m:<\/li>\n<li class=\"dyn\">\n                                            <span class=\"n\">Nh\u00e0 cung c\u1ea5p:<\/span><br \/>\n                                            \t\t\t\t\t\t\t\t\t\t\t<span class=\"v\">Pickleball Vi\u1ec7t Nam<\/span>\n\t\t\t\t\t\t\t\t\t\t\t                                        <\/li>\n<li class=\"separator\">\n                                        <\/li>\n<li>\n                                            <span class=\"n\">Tr\u1ea1ng th\u00e1i:<\/span><br \/>\n                                            <span class=\"v\" style=\"font-weight:700;color: #d7000e\">T\u1ea1m h\u1ebft h\u00e0ng<\/span>\n                                        <\/li>\n<li>\n                                            <span class=\"n\">T\u00ecnh tr\u1ea1ng:<\/span><br \/>\n                                            <span class=\"v\">M\u1edbi 100%<\/span>\n                                        <\/li>\n<li>\n                                            <span class=\"n\">B\u1ea3o h\u00e0nh:<\/span><br \/>\n                                            <span class=\"v\">Ch\u00ednh h\u00e3ng<\/span>\n                                        <\/li>\n<li>\n<p>                                            <span class=\"n\">Giao h\u00e0ng:<\/span><br \/>\n                                            <span class=\"v\">To\u00e0n qu\u1ed1c<\/span>\n                                        <\/li>\n<\/ul>\n","protected":false},"featured_media":14909,"comment_status":"closed","ping_status":"closed","template":"","meta":[],"pwb-brand":[],"product_cat":[3231],"product_tag":[3355,3357,3356],"class_list":{"0":"post-14908","1":"product","2":"type-product","3":"status-publish","4":"has-post-thumbnail","6":"product_cat-bong-pickleball","7":"product_tag-bong-picklebal","8":"product_tag-pro-penn-40-outdoor","9":"product_tag-qua-bong-pickleball","11":"first","12":"instock","13":"shipping-taxable","14":"product-type-simple"},"yoast_head":"<!-- This site is optimized with the Yoast SEO plugin v22.9 - https:\/\/yoast.com\/wordpress\/plugins\/seo\/ -->\n<title>Pro Penn 40 Outdoor 3 qu\u1ea3\/h\u1ed9p - PickleBall Vi\u1ec7t Nam<\/title>\n<meta name=\"robots\" content=\"index, follow, max-snippet:-1, max-image-preview:large, max-video-preview:-1\" \/>\n<link rel=\"canonical\" href=\"http:\/\/pickle-ball.vn\/vi\/-product-\/bong-pickleball\/pro-penn-40-outdoor-3-qua-hop\/\" \/>\n<script type=\"application\/ld+json\" class=\"yoast-schema-graph\">{\"@context\":\"https:\/\/schema.org\",\"@graph\":[{\"@type\":\"WebPage\",\"@id\":\"http:\/\/pickle-ball.vn\/ru\/-product-\/bong-pickleball\/pro-penn-40-outdoor-3-qua-hop\/\",\"url\":\"http:\/\/pickle-ball.vn\/ru\/-product-\/bong-pickleball\/pro-penn-40-outdoor-3-qua-hop\/\",\"name\":\"Pro Penn 40 Outdoor 3 qu\u1ea3\/h\u1ed9p - PickleBall Vi\u1ec7t Nam\",\"isPartOf\":{\"@id\":\"https:\/\/pickle-ball.vn\/ja\/#website\"},\"primaryImageOfPage\":{\"@id\":\"http:\/\/pickle-ball.vn\/ru\/-product-\/bong-pickleball\/pro-penn-40-outdoor-3-qua-hop\/#primaryimage\"},\"image\":{\"@id\":\"http:\/\/pickle-ball.vn\/ru\/-product-\/bong-pickleball\/pro-penn-40-outdoor-3-qua-hop\/#primaryimage\"},\"thumbnailUrl\":\"https:\/\/pickle-ball.vn\/wp-content\/uploads\/2024\/11\/pro-penn-40-outdoor-3-quahop-1_720x720xcrop.webp\",\"datePublished\":\"2024-11-04T06:30:44+00:00\",\"dateModified\":\"2024-11-04T06:30:45+00:00\",\"breadcrumb\":{\"@id\":\"http:\/\/pickle-ball.vn\/ru\/-product-\/bong-pickleball\/pro-penn-40-outdoor-3-qua-hop\/#breadcrumb\"},\"inLanguage\":\"vi\",\"potentialAction\":[{\"@type\":\"ReadAction\",\"target\":[\"http:\/\/pickle-ball.vn\/ru\/-product-\/bong-pickleball\/pro-penn-40-outdoor-3-qua-hop\/\"]}]},{\"@type\":\"ImageObject\",\"inLanguage\":\"vi\",\"@id\":\"http:\/\/pickle-ball.vn\/ru\/-product-\/bong-pickleball\/pro-penn-40-outdoor-3-qua-hop\/#primaryimage\",\"url\":\"https:\/\/pickle-ball.vn\/wp-content\/uploads\/2024\/11\/pro-penn-40-outdoor-3-quahop-1_720x720xcrop.webp\",\"contentUrl\":\"https:\/\/pickle-ball.vn\/wp-content\/uploads\/2024\/11\/pro-penn-40-outdoor-3-quahop-1_720x720xcrop.webp\",\"width\":720,\"height\":720,\"caption\":\"B\u00f3ng Pickleball Pro Penn 40 Outdoor\"},{\"@type\":\"BreadcrumbList\",\"@id\":\"http:\/\/pickle-ball.vn\/ru\/-product-\/bong-pickleball\/pro-penn-40-outdoor-3-qua-hop\/#breadcrumb\",\"itemListElement\":[{\"@type\":\"ListItem\",\"position\":1,\"name\":\"Home\",\"item\":\"https:\/\/pickle-ball.vn\/ja\/\"},{\"@type\":\"ListItem\",\"position\":2,\"name\":\"Shop\",\"item\":\"https:\/\/pickle-ball.vn\/vi\/shop\/\"},{\"@type\":\"ListItem\",\"position\":3,\"name\":\"Pro Penn 40 Outdoor 3 qu\u1ea3\/h\u1ed9p\"}]},{\"@type\":\"WebSite\",\"@id\":\"https:\/\/pickle-ball.vn\/ja\/#website\",\"url\":\"https:\/\/pickle-ball.vn\/ja\/\",\"name\":\"Jabra\",\"description\":\"\",\"publisher\":{\"@id\":\"https:\/\/pickle-ball.vn\/ja\/#organization\"},\"potentialAction\":[{\"@type\":\"SearchAction\",\"target\":{\"@type\":\"EntryPoint\",\"urlTemplate\":\"https:\/\/pickle-ball.vn\/ja\/?s={search_term_string}\"},\"query-input\":\"required name=search_term_string\"}],\"inLanguage\":\"vi\"},{\"@type\":\"Organization\",\"@id\":\"https:\/\/pickle-ball.vn\/ja\/#organization\",\"name\":\"Jabra\",\"url\":\"https:\/\/pickle-ball.vn\/ja\/\",\"logo\":{\"@type\":\"ImageObject\",\"inLanguage\":\"vi\",\"@id\":\"https:\/\/pickle-ball.vn\/ja\/#\/schema\/logo\/image\/\",\"url\":\"\",\"contentUrl\":\"\",\"caption\":\"Jabra\"},\"image\":{\"@id\":\"https:\/\/pickle-ball.vn\/ja\/#\/schema\/logo\/image\/\"}}]}<\/script>\n<!-- \/ Yoast SEO plugin. -->","yoast_head_json":{"title":"Pro Penn 40 Outdoor 3 qu\u1ea3\/h\u1ed9p - PickleBall Vi\u1ec7t Nam","robots":{"index":"index","follow":"follow","max-snippet":"max-snippet:-1","max-image-preview":"max-image-preview:large","max-video-preview":"max-video-preview:-1"},"canonical":"http:\/\/pickle-ball.vn\/vi\/-product-\/bong-pickleball\/pro-penn-40-outdoor-3-qua-hop\/","schema":{"@context":"https:\/\/schema.org","@graph":[{"@type":"WebPage","@id":"http:\/\/pickle-ball.vn\/ru\/-product-\/bong-pickleball\/pro-penn-40-outdoor-3-qua-hop\/","url":"http:\/\/pickle-ball.vn\/ru\/-product-\/bong-pickleball\/pro-penn-40-outdoor-3-qua-hop\/","name":"Pro Penn 40 Outdoor 3 qu\u1ea3\/h\u1ed9p - PickleBall Vi\u1ec7t Nam","isPartOf":{"@id":"https:\/\/pickle-ball.vn\/ja\/#website"},"primaryImageOfPage":{"@id":"http:\/\/pickle-ball.vn\/ru\/-product-\/bong-pickleball\/pro-penn-40-outdoor-3-qua-hop\/#primaryimage"},"image":{"@id":"http:\/\/pickle-ball.vn\/ru\/-product-\/bong-pickleball\/pro-penn-40-outdoor-3-qua-hop\/#primaryimage"},"thumbnailUrl":"https:\/\/pickle-ball.vn\/wp-content\/uploads\/2024\/11\/pro-penn-40-outdoor-3-quahop-1_720x720xcrop.webp","datePublished":"2024-11-04T06:30:44+00:00","dateModified":"2024-11-04T06:30:45+00:00","breadcrumb":{"@id":"http:\/\/pickle-ball.vn\/ru\/-product-\/bong-pickleball\/pro-penn-40-outdoor-3-qua-hop\/#breadcrumb"},"inLanguage":"vi","potentialAction":[{"@type":"ReadAction","target":["http:\/\/pickle-ball.vn\/ru\/-product-\/bong-pickleball\/pro-penn-40-outdoor-3-qua-hop\/"]}]},{"@type":"ImageObject","inLanguage":"vi","@id":"http:\/\/pickle-ball.vn\/ru\/-product-\/bong-pickleball\/pro-penn-40-outdoor-3-qua-hop\/#primaryimage","url":"https:\/\/pickle-ball.vn\/wp-content\/uploads\/2024\/11\/pro-penn-40-outdoor-3-quahop-1_720x720xcrop.webp","contentUrl":"https:\/\/pickle-ball.vn\/wp-content\/uploads\/2024\/11\/pro-penn-40-outdoor-3-quahop-1_720x720xcrop.webp","width":720,"height":720,"caption":"B\u00f3ng Pickleball Pro Penn 40 Outdoor"},{"@type":"BreadcrumbList","@id":"http:\/\/pickle-ball.vn\/ru\/-product-\/bong-pickleball\/pro-penn-40-outdoor-3-qua-hop\/#breadcrumb","itemListElement":[{"@type":"ListItem","position":1,"name":"Home","item":"https:\/\/pickle-ball.vn\/ja\/"},{"@type":"ListItem","position":2,"name":"Shop","item":"https:\/\/pickle-ball.vn\/vi\/shop\/"},{"@type":"ListItem","position":3,"name":"Pro Penn 40 Outdoor 3 qu\u1ea3\/h\u1ed9p"}]},{"@type":"WebSite","@id":"https:\/\/pickle-ball.vn\/ja\/#website","url":"https:\/\/pickle-ball.vn\/ja\/","name":"Jabra","description":"","publisher":{"@id":"https:\/\/pickle-ball.vn\/ja\/#organization"},"potentialAction":[{"@type":"SearchAction","target":{"@type":"EntryPoint","urlTemplate":"https:\/\/pickle-ball.vn\/ja\/?s={search_term_string}"},"query-input":"required name=search_term_string"}],"inLanguage":"vi"},{"@type":"Organization","@id":"https:\/\/pickle-ball.vn\/ja\/#organization","name":"Jabra","url":"https:\/\/pickle-ball.vn\/ja\/","logo":{"@type":"ImageObject","inLanguage":"vi","@id":"https:\/\/pickle-ball.vn\/ja\/#\/schema\/logo\/image\/","url":"","contentUrl":"","caption":"Jabra"},"image":{"@id":"https:\/\/pickle-ball.vn\/ja\/#\/schema\/logo\/image\/"}}]}},"brands":[],"_links":{"self":[{"href":"https:\/\/pickle-ball.vn\/vi\/wp-json\/wp\/v2\/product\/14908","targetHints":{"allow":["GET"]}}],"collection":[{"href":"https:\/\/pickle-ball.vn\/vi\/wp-json\/wp\/v2\/product"}],"about":[{"href":"https:\/\/pickle-ball.vn\/vi\/wp-json\/wp\/v2\/types\/product"}],"replies":[{"embeddable":true,"href":"https:\/\/pickle-ball.vn\/vi\/wp-json\/wp\/v2\/comments?post=14908"}],"wp:featuredmedia":[{"embeddable":true,"href":"https:\/\/pickle-ball.vn\/vi\/wp-json\/wp\/v2\/media\/14909"}],"wp:attachment":[{"href":"https:\/\/pickle-ball.vn\/vi\/wp-json\/wp\/v2\/media?parent=14908"}],"wp:term":[{"taxonomy":"pwb-brand","embeddable":true,"href":"https:\/\/pickle-ball.vn\/vi\/wp-json\/wp\/v2\/pwb-brand?post=14908"},{"taxonomy":"product_cat","embeddable":true,"href":"https:\/\/pickle-ball.vn\/vi\/wp-json\/wp\/v2\/product_cat?post=14908"},{"taxonomy":"product_tag","embeddable":true,"href":"https:\/\/pickle-ball.vn\/vi\/wp-json\/wp\/v2\/product_tag?post=14908"}],"curies":[{"name":"wp","href":"https:\/\/api.w.org\/{rel}","templated":true}]}}