{"id":14934,"date":"2024-11-04T13:40:40","date_gmt":"2024-11-04T06:40:40","guid":{"rendered":"http:\/\/pickle-ball.vn\/-product-\/uncategorized\/bong-pickleball-joola-primo-4-qua\/"},"modified":"2024-11-04T13:40:42","modified_gmt":"2024-11-04T06:40:42","slug":"bong-pickleball-joola-primo-4-qua","status":"publish","type":"product","link":"https:\/\/pickle-ball.vn\/vi\/-product-\/bong-pickleball\/bong-pickleball-joola-primo-4-qua\/","title":{"rendered":"B\u00f3ng Pickleball Joola Primo 4 qu\u1ea3"},"content":{"rendered":"<div role=\"tabpanel\" class=\"tab-pane active\" id=\"tab-product-info\">\n<div class=\"vh-content\">\n<h2><strong>B\u00f3ng Pickleball Joola Primo 4 qu\u1ea3<\/strong><\/h2>\n<p><strong>B\u00f3ng Pickleball Joola Primo<\/strong> l\u00e0 s\u1ef1 l\u1ef1a ch\u1ecdn l\u00fd t\u01b0\u1edfng cho c\u00e1c gi\u1ea3i \u0111\u1ea5u v\u00e0 gi\u1ea3i tr\u00ed. Nh\u1eefng qu\u1ea3 <strong>b\u00f3ng Pickleball<\/strong> ngo\u00e0i tr\u1eddi ch\u00ednh th\u1ee9c n\u00e0y c\u00f3 \u0111\u01b0\u1eddng k\u00ednh 74 mm v\u00e0 n\u1eb7ng 26 gram. <strong>B\u00f3ng pickleball<\/strong> c\u00e2n b\u1eb1ng t\u1ed1t gi\u1ea3m thi\u1ec3u hi\u1ec7u \u1ee9ng l\u1eafc l\u01b0 v\u00e0 cho ph\u00e9p s\u1eed d\u1ee5ng t\u1ed1t h\u01a1n v\u1edbi m\u00e1y n\u00e9m b\u00f3ng.<\/p>\n<h3><strong>Th\u00f4ng tin c\u1ee7a b\u00f3ng Pickleball Joola Primo<\/strong><\/h3>\n<p>Kh\u1ed1i l\u01b0\u1ee3ng t\u1ecbnh (g): 26<br \/>\nTr\u1ecdng l\u01b0\u1ee3ng (t\u00ednh b\u1eb1ng kg): 0,104<\/p>\n<h3><strong>C\u00e1c l\u1ef1a ch\u1ecdn mua b\u00f3ng Primo 3 Star<\/strong><\/h3>\n<p>Primo 3 Star &#8211; 4 Pack = 305.000\u0111<br \/>\nPrimo 3 Star &#8211; 20 Pack = 1.3000.000\u0111<br \/>\nPrimo 3 Star &#8211; 100 Pack = 5.200.000\u0111<\/p>\n<\/p><\/div>\n<\/p><\/div>\n","protected":false},"excerpt":{"rendered":"<ul class=\"list-unstyled params\">\n<li class=\"btt\">Th\u00f4ng tin s\u1ea3n ph\u1ea9m:<\/li>\n<li class=\"dyn\">\n                                            <span class=\"n\">Th\u01b0\u01a1ng hi\u1ec7u:<\/span><br \/>\n\t\t\t\t\t\t\t\t\t\t\t<span class=\"v\"><b>Joola<\/b><\/span>\n                                        <\/li>\n<li class=\"dyn\">\n                                            <span class=\"n\">Nh\u00e0 cung c\u1ea5p:<\/span><br \/>\n                                            \t\t\t\t\t\t\t\t\t\t\t<span class=\"v\"><b>pickle-ball.vn<\/b> &#8211; \u0110\u1ea1i l\u00fd \u1ee7y quy\u1ec1n Joola \u00ae<\/span>\n\t\t\t\t\t\t\t\t\t\t\t                                        <\/li>\n<li class=\"dyn\">\n                                            <span class=\"n\">Lo\u1ea1i s\u1ea3n ph\u1ea9m:<\/span><br \/>\n                                            <span class=\"v\">B\u00f3ng Pickleball<\/span>\n                                        <\/li>\n<li class=\"separator\">\n                                        <\/li>\n<li>\n                                            <span class=\"n\">Tr\u1ea1ng th\u00e1i:<\/span><br \/>\n                                            <span class=\"v\" style=\"font-weight:700;color: #d7000e\">C\u00f3 s\u1eb5n h\u00e0ng<\/span>\n                                        <\/li>\n<li>\n                                            <span class=\"n\">T\u00ecnh tr\u1ea1ng:<\/span><br \/>\n                                            <span class=\"v\">M\u1edbi 100%<\/span>\n                                        <\/li>\n<li>\n                                            <span class=\"n\">B\u1ea3o h\u00e0nh:<\/span><br \/>\n                                            <span class=\"v\">Ch\u00ednh h\u00e3ng<\/span>\n                                        <\/li>\n<li>\n<p>                                            <span class=\"n\">Giao h\u00e0ng:<\/span><br \/>\n                                            <span class=\"v\">To\u00e0n qu\u1ed1c<\/span>\n                                        <\/li>\n<\/ul>\n","protected":false},"featured_media":14935,"comment_status":"closed","ping_status":"closed","template":"","meta":[],"pwb-brand":[3245],"product_cat":[3231],"product_tag":[3248,3355,3249,3268,3366,3367,3305,3365,3356],"class_list":{"0":"post-14934","1":"product","2":"type-product","3":"status-publish","4":"has-post-thumbnail","6":"pwb-brand-joola","7":"product_cat-bong-pickleball","8":"product_tag-bong","9":"product_tag-bong-picklebal","10":"product_tag-bong-pickleball","11":"product_tag-bong-pickleball-joola","12":"product_tag-bong-pickleball-joola-primo","13":"product_tag-bong-pickleball-joola-primo-4-qua","14":"product_tag-bong-pickleball-ngoai-troi","15":"product_tag-joola-primo","16":"product_tag-qua-bong-pickleball","18":"first","19":"instock","20":"shipping-taxable","21":"product-type-simple"},"yoast_head":"<!-- This site is optimized with the Yoast SEO plugin v22.9 - https:\/\/yoast.com\/wordpress\/plugins\/seo\/ -->\n<title>B\u00f3ng Pickleball Joola Primo 4 qu\u1ea3 - PickleBall Vi\u1ec7t Nam<\/title>\n<meta name=\"robots\" content=\"index, follow, max-snippet:-1, max-image-preview:large, max-video-preview:-1\" \/>\n<link rel=\"canonical\" href=\"http:\/\/pickle-ball.vn\/vi\/-product-\/bong-pickleball\/bong-pickleball-joola-primo-4-qua\/\" \/>\n<meta name=\"twitter:label1\" content=\"\u01af\u1edbc t\u00ednh th\u1eddi gian \u0111\u1ecdc\" \/>\n\t<meta name=\"twitter:data1\" content=\"1 minute\" \/>\n<script type=\"application\/ld+json\" class=\"yoast-schema-graph\">{\"@context\":\"https:\/\/schema.org\",\"@graph\":[{\"@type\":\"WebPage\",\"@id\":\"http:\/\/pickle-ball.vn\/fr\/-product-\/bong-pickleball\/bong-pickleball-joola-primo-4-qua\/\",\"url\":\"http:\/\/pickle-ball.vn\/fr\/-product-\/bong-pickleball\/bong-pickleball-joola-primo-4-qua\/\",\"name\":\"B\u00f3ng Pickleball Joola Primo 4 qu\u1ea3 - PickleBall Vi\u1ec7t Nam\",\"isPartOf\":{\"@id\":\"https:\/\/pickle-ball.vn\/ja\/#website\"},\"primaryImageOfPage\":{\"@id\":\"http:\/\/pickle-ball.vn\/fr\/-product-\/bong-pickleball\/bong-pickleball-joola-primo-4-qua\/#primaryimage\"},\"image\":{\"@id\":\"http:\/\/pickle-ball.vn\/fr\/-product-\/bong-pickleball\/bong-pickleball-joola-primo-4-qua\/#primaryimage\"},\"thumbnailUrl\":\"https:\/\/pickle-ball.vn\/wp-content\/uploads\/2024\/11\/bong-pickleball-joola-primo_720x720xcrop.webp\",\"datePublished\":\"2024-11-04T06:40:40+00:00\",\"dateModified\":\"2024-11-04T06:40:42+00:00\",\"breadcrumb\":{\"@id\":\"http:\/\/pickle-ball.vn\/fr\/-product-\/bong-pickleball\/bong-pickleball-joola-primo-4-qua\/#breadcrumb\"},\"inLanguage\":\"vi\",\"potentialAction\":[{\"@type\":\"ReadAction\",\"target\":[\"http:\/\/pickle-ball.vn\/fr\/-product-\/bong-pickleball\/bong-pickleball-joola-primo-4-qua\/\"]}]},{\"@type\":\"ImageObject\",\"inLanguage\":\"vi\",\"@id\":\"http:\/\/pickle-ball.vn\/fr\/-product-\/bong-pickleball\/bong-pickleball-joola-primo-4-qua\/#primaryimage\",\"url\":\"https:\/\/pickle-ball.vn\/wp-content\/uploads\/2024\/11\/bong-pickleball-joola-primo_720x720xcrop.webp\",\"contentUrl\":\"https:\/\/pickle-ball.vn\/wp-content\/uploads\/2024\/11\/bong-pickleball-joola-primo_720x720xcrop.webp\",\"width\":720,\"height\":720,\"caption\":\"B\u00f3ng Pickleball Joola Primo\"},{\"@type\":\"BreadcrumbList\",\"@id\":\"http:\/\/pickle-ball.vn\/fr\/-product-\/bong-pickleball\/bong-pickleball-joola-primo-4-qua\/#breadcrumb\",\"itemListElement\":[{\"@type\":\"ListItem\",\"position\":1,\"name\":\"Home\",\"item\":\"https:\/\/pickle-ball.vn\/ja\/\"},{\"@type\":\"ListItem\",\"position\":2,\"name\":\"Shop\",\"item\":\"https:\/\/pickle-ball.vn\/vi\/shop\/\"},{\"@type\":\"ListItem\",\"position\":3,\"name\":\"B\u00f3ng Pickleball Joola Primo 4 qu\u1ea3\"}]},{\"@type\":\"WebSite\",\"@id\":\"https:\/\/pickle-ball.vn\/ja\/#website\",\"url\":\"https:\/\/pickle-ball.vn\/ja\/\",\"name\":\"Jabra\",\"description\":\"\",\"publisher\":{\"@id\":\"https:\/\/pickle-ball.vn\/ja\/#organization\"},\"potentialAction\":[{\"@type\":\"SearchAction\",\"target\":{\"@type\":\"EntryPoint\",\"urlTemplate\":\"https:\/\/pickle-ball.vn\/ja\/?s={search_term_string}\"},\"query-input\":\"required name=search_term_string\"}],\"inLanguage\":\"vi\"},{\"@type\":\"Organization\",\"@id\":\"https:\/\/pickle-ball.vn\/ja\/#organization\",\"name\":\"Jabra\",\"url\":\"https:\/\/pickle-ball.vn\/ja\/\",\"logo\":{\"@type\":\"ImageObject\",\"inLanguage\":\"vi\",\"@id\":\"https:\/\/pickle-ball.vn\/ja\/#\/schema\/logo\/image\/\",\"url\":\"\",\"contentUrl\":\"\",\"caption\":\"Jabra\"},\"image\":{\"@id\":\"https:\/\/pickle-ball.vn\/ja\/#\/schema\/logo\/image\/\"}}]}<\/script>\n<!-- \/ Yoast SEO plugin. -->","yoast_head_json":{"title":"B\u00f3ng Pickleball Joola Primo 4 qu\u1ea3 - PickleBall Vi\u1ec7t Nam","robots":{"index":"index","follow":"follow","max-snippet":"max-snippet:-1","max-image-preview":"max-image-preview:large","max-video-preview":"max-video-preview:-1"},"canonical":"http:\/\/pickle-ball.vn\/vi\/-product-\/bong-pickleball\/bong-pickleball-joola-primo-4-qua\/","twitter_misc":{"\u01af\u1edbc t\u00ednh th\u1eddi gian \u0111\u1ecdc":"1 minute"},"schema":{"@context":"https:\/\/schema.org","@graph":[{"@type":"WebPage","@id":"http:\/\/pickle-ball.vn\/fr\/-product-\/bong-pickleball\/bong-pickleball-joola-primo-4-qua\/","url":"http:\/\/pickle-ball.vn\/fr\/-product-\/bong-pickleball\/bong-pickleball-joola-primo-4-qua\/","name":"B\u00f3ng Pickleball Joola Primo 4 qu\u1ea3 - PickleBall Vi\u1ec7t Nam","isPartOf":{"@id":"https:\/\/pickle-ball.vn\/ja\/#website"},"primaryImageOfPage":{"@id":"http:\/\/pickle-ball.vn\/fr\/-product-\/bong-pickleball\/bong-pickleball-joola-primo-4-qua\/#primaryimage"},"image":{"@id":"http:\/\/pickle-ball.vn\/fr\/-product-\/bong-pickleball\/bong-pickleball-joola-primo-4-qua\/#primaryimage"},"thumbnailUrl":"https:\/\/pickle-ball.vn\/wp-content\/uploads\/2024\/11\/bong-pickleball-joola-primo_720x720xcrop.webp","datePublished":"2024-11-04T06:40:40+00:00","dateModified":"2024-11-04T06:40:42+00:00","breadcrumb":{"@id":"http:\/\/pickle-ball.vn\/fr\/-product-\/bong-pickleball\/bong-pickleball-joola-primo-4-qua\/#breadcrumb"},"inLanguage":"vi","potentialAction":[{"@type":"ReadAction","target":["http:\/\/pickle-ball.vn\/fr\/-product-\/bong-pickleball\/bong-pickleball-joola-primo-4-qua\/"]}]},{"@type":"ImageObject","inLanguage":"vi","@id":"http:\/\/pickle-ball.vn\/fr\/-product-\/bong-pickleball\/bong-pickleball-joola-primo-4-qua\/#primaryimage","url":"https:\/\/pickle-ball.vn\/wp-content\/uploads\/2024\/11\/bong-pickleball-joola-primo_720x720xcrop.webp","contentUrl":"https:\/\/pickle-ball.vn\/wp-content\/uploads\/2024\/11\/bong-pickleball-joola-primo_720x720xcrop.webp","width":720,"height":720,"caption":"B\u00f3ng Pickleball Joola Primo"},{"@type":"BreadcrumbList","@id":"http:\/\/pickle-ball.vn\/fr\/-product-\/bong-pickleball\/bong-pickleball-joola-primo-4-qua\/#breadcrumb","itemListElement":[{"@type":"ListItem","position":1,"name":"Home","item":"https:\/\/pickle-ball.vn\/ja\/"},{"@type":"ListItem","position":2,"name":"Shop","item":"https:\/\/pickle-ball.vn\/vi\/shop\/"},{"@type":"ListItem","position":3,"name":"B\u00f3ng Pickleball Joola Primo 4 qu\u1ea3"}]},{"@type":"WebSite","@id":"https:\/\/pickle-ball.vn\/ja\/#website","url":"https:\/\/pickle-ball.vn\/ja\/","name":"Jabra","description":"","publisher":{"@id":"https:\/\/pickle-ball.vn\/ja\/#organization"},"potentialAction":[{"@type":"SearchAction","target":{"@type":"EntryPoint","urlTemplate":"https:\/\/pickle-ball.vn\/ja\/?s={search_term_string}"},"query-input":"required name=search_term_string"}],"inLanguage":"vi"},{"@type":"Organization","@id":"https:\/\/pickle-ball.vn\/ja\/#organization","name":"Jabra","url":"https:\/\/pickle-ball.vn\/ja\/","logo":{"@type":"ImageObject","inLanguage":"vi","@id":"https:\/\/pickle-ball.vn\/ja\/#\/schema\/logo\/image\/","url":"","contentUrl":"","caption":"Jabra"},"image":{"@id":"https:\/\/pickle-ball.vn\/ja\/#\/schema\/logo\/image\/"}}]}},"brands":[{"id":3245,"name":"Joola","slug":"joola"}],"_links":{"self":[{"href":"https:\/\/pickle-ball.vn\/vi\/wp-json\/wp\/v2\/product\/14934","targetHints":{"allow":["GET"]}}],"collection":[{"href":"https:\/\/pickle-ball.vn\/vi\/wp-json\/wp\/v2\/product"}],"about":[{"href":"https:\/\/pickle-ball.vn\/vi\/wp-json\/wp\/v2\/types\/product"}],"replies":[{"embeddable":true,"href":"https:\/\/pickle-ball.vn\/vi\/wp-json\/wp\/v2\/comments?post=14934"}],"wp:featuredmedia":[{"embeddable":true,"href":"https:\/\/pickle-ball.vn\/vi\/wp-json\/wp\/v2\/media\/14935"}],"wp:attachment":[{"href":"https:\/\/pickle-ball.vn\/vi\/wp-json\/wp\/v2\/media?parent=14934"}],"wp:term":[{"taxonomy":"pwb-brand","embeddable":true,"href":"https:\/\/pickle-ball.vn\/vi\/wp-json\/wp\/v2\/pwb-brand?post=14934"},{"taxonomy":"product_cat","embeddable":true,"href":"https:\/\/pickle-ball.vn\/vi\/wp-json\/wp\/v2\/product_cat?post=14934"},{"taxonomy":"product_tag","embeddable":true,"href":"https:\/\/pickle-ball.vn\/vi\/wp-json\/wp\/v2\/product_tag?post=14934"}],"curies":[{"name":"wp","href":"https:\/\/api.w.org\/{rel}","templated":true}]}}