{"id":15028,"date":"2024-11-04T14:20:43","date_gmt":"2024-11-04T07:20:43","guid":{"rendered":"http:\/\/pickle-ball.vn\/-product-\/uncategorized\/giay-nikecourt-air-zoom-vapor-pro-2-cho-nam\/"},"modified":"2024-11-04T14:20:45","modified_gmt":"2024-11-04T07:20:45","slug":"giay-nikecourt-air-zoom-vapor-pro-2-cho-nam","status":"publish","type":"product","link":"https:\/\/pickle-ball.vn\/vi\/-product-\/quan-ao-phu-kien\/giay-nikecourt-air-zoom-vapor-pro-2-cho-nam\/","title":{"rendered":"Gi\u00e0y NikeCourt Air Zoom Vapor Pro 2 cho nam"},"content":{"rendered":"<div role=\"tabpanel\" class=\"tab-pane active\" id=\"tab-product-info\">\n<div class=\"vh-content\">\n<h2><strong>Gi\u00e0y Pickleball NikeCourt Air Zoom Vapor Pro 2 ch\u00ednh h\u00e3ng<\/strong><\/h2>\n<p>NikeCourt Air Zoom Vapor Pro 2 \u0111\u00f4i gi\u00e0y Pickleball \u0111\u01b0\u1ee3c thi\u1ebft k\u1ebf \u0111\u1eb7c bi\u1ec7t d\u00e0nh cho nam tr\u00ean b\u1ec1 m\u1eb7t s\u00e2n c\u1ee9ng. NikeCourt Air Zoom Vapor Pro 2 \u0111a d\u1ea1ng v\u1edbi nhi\u1ec1u c\u00e1c k\u00edch th\u01b0\u1edbc 6, 6,5, 7, 7,5, 8,5, 9, 9,5, 10, 10,5, 11, 11,5, 12, 12,5, 13, 14 \u0111\u1ec3 b\u1ea1n c\u00f3 th\u1ec3 l\u1ef1a ch\u1ecdn, s\u1eed d\u1ee5ng.<\/p>\n<p style=\"text-align:center\"><img decoding=\"async\" alt=\"Gi\u00e0y\u00a0NikeCourt Air Zoom Vapor Pro 2 d\u00e0nh cho Nam\" class=\"lazy\" src=\"http:\/\/pickle-ball.vn\/wp-content\/uploads\/2024\/11\/nikecourt-air-zoom-vapor-pro-2-mens.webp\" style=\"height:525px;width:750px\" title=\"Gi\u00e0y\u00a0NikeCourt Air Zoom Vapor Pro 2 d\u00e0nh cho Nam\"><\/p>\n<p style=\"text-align:center\"><em>H\u00ecnh \u1ea3nh: Gi\u00e0y NikeCourt Air Zoom Vapor Pro 2 d\u00e0nh cho Nam<\/em><\/p>\n<p>NikeCourt Air Zoom Vapor Pro 2 s\u1edf h\u1eefu thi\u1ebft k\u1ebf th\u1ea5p mang l\u1ea1i cho b\u1ea1n c\u1ea3m gi\u00e1c nh\u1eb9 nh\u00e0ng \u0111\u00e1ng kinh ng\u1ea1c khi th\u1ef1c hi\u1ec7n c\u00e1c chuy\u1ec3n \u0111\u1ed9ng nhanh.<\/p>\n<p>B\u1ed9 ph\u1eadn Zoom Air \u1edf b\u00e0n ch\u00e2n tr\u01b0\u1edbc mang l\u1ea1i l\u1ef1c b\u1eadt \u1edf b\u01b0\u1edbc \u0111\u1ea7u ti\u00ean c\u1ee7a b\u1ea1n, gi\u00fap b\u1ea1n ti\u1ebfp c\u1eadn ng\u01b0\u1eddi th\u1eafng thu\u1eadn tay d\u1ecdc theo \u0111\u01b0\u1eddng bi\u00ean ngang ho\u1eb7c ti\u1ebfp c\u1eadn l\u01b0\u1edbi m\u1ed9t c\u00e1ch b\u1ea5t ng\u1edd. \u0110\u1ebf gi\u1eefa c\u00f3 \u0111\u1ec7m gi\u00fap h\u1ed7 tr\u1ee3 m\u00e0 kh\u00f4ng t\u0103ng th\u00eam tr\u1ecdng l\u01b0\u1ee3ng kh\u00f4ng c\u1ea7n thi\u1ebft.<\/p>\n<p>C\u1ed5 gi\u00e0y b\u00ean trong co gi\u00e3n \u00f4m s\u00e1t b\u00e0n ch\u00e2n c\u1ee7a b\u1ea1n t\u1ea1o c\u1ea3m gi\u00e1c v\u1eeba v\u1eb7n nh\u01b0 m\u1ed9t chi\u1ebfc t\u1ea5t. \u0110\u1ebf ngo\u00e0i x\u01b0\u01a1ng c\u00e1 s\u1eed d\u1ee5ng thi\u1ebft k\u1ebf d\u1ef1a tr\u00ean d\u1eef li\u1ec7u \u0111\u1ec3 t\u1ea1o \u0111\u1ed9 b\u00e1m t\u1ed1i \u01b0u m\u00e0 kh\u00f4ng \u1ea3nh h\u01b0\u1edfng \u0111\u1ebfn kh\u1ea3 n\u0103ng tr\u01b0\u1ee3t c\u1ee7a b\u1ea1n. NikeCourt Air Zoom Vapor Pro 2 \u0111\u00e3 lo\u1ea1i b\u1ecf cao su \u1edf nh\u1eefng khu v\u1ef1c \u00edt m\u00e0i m\u00f2n \u0111\u1ec3 gi\u00fap gi\u1eef tr\u1ecdng l\u01b0\u1ee3ng \u1edf m\u1ee9c t\u1ed1i thi\u1ec3u. Khung ch\u00e2n c\u00f3 chi\u1ec1u d\u00e0i t\u1ed1i \u0111a \u1edf b\u00ean ngo\u00e0i gi\u00e0y gi\u00fap \u1ed5n \u0111\u1ecbnh b\u00e0n ch\u00e2n c\u1ee7a b\u1ea1n trong nh\u1eefng pha c\u1eaft nhanh.<\/p>\n<p>Gi\u00e0y Pickleball NikeCourt Air Zoom Vapor Pro 2 ch\u00ednh h\u00e3ng \u0111ang \u0111\u01b0\u1ee3c ph\u00e2n ph\u1ed1i b\u1edfi Pickleball Vi\u1ec7t Nam v\u1edbi m\u1ee9c gi\u00e1 th\u00e0nh h\u1ee3p l\u00fd. H\u00e3y li\u00ean h\u1ec7 v\u1edbi ch\u00fang t\u00f4i 0.87654321.9 \u0111\u1ec3 \u0111\u01b0\u1ee3c t\u01b0 v\u1ea5n, h\u1ed7 tr\u1ee3 chi ti\u1ebft h\u01a1n v\u1ec1 s\u1ea3n ph\u1ea9m.<\/p>\n<\/p><\/div>\n<\/p><\/div>\n","protected":false},"excerpt":{"rendered":"<ul class=\"list-unstyled params\">\n<li class=\"btt\">Th\u00f4ng tin s\u1ea3n ph\u1ea9m:<\/li>\n<li class=\"dyn\">\n                                            <span class=\"n\">Th\u01b0\u01a1ng hi\u1ec7u:<\/span><br \/>\n\t\t\t\t\t\t\t\t\t\t\t<span class=\"v\"><b>Nike<\/b><\/span>\n                                        <\/li>\n<li class=\"dyn\">\n                                            <span class=\"n\">Nh\u00e0 cung c\u1ea5p:<\/span><br \/>\n                                            \t\t\t\t\t\t\t\t\t\t\t<span class=\"v\">Pickleball Vi\u1ec7t Nam<\/span>\n\t\t\t\t\t\t\t\t\t\t\t                                        <\/li>\n<li class=\"separator\">\n                                        <\/li>\n<li>\n                                            <span class=\"n\">Tr\u1ea1ng th\u00e1i:<\/span><br \/>\n                                            <span class=\"v\" style=\"font-weight:700;color: #d7000e\">T\u1ea1m h\u1ebft h\u00e0ng<\/span>\n                                        <\/li>\n<li>\n                                            <span class=\"n\">T\u00ecnh tr\u1ea1ng:<\/span><br \/>\n                                            <span class=\"v\">M\u1edbi 100%<\/span>\n                                        <\/li>\n<li>\n                                            <span class=\"n\">B\u1ea3o h\u00e0nh:<\/span><br \/>\n                                            <span class=\"v\">Ch\u00ednh h\u00e3ng<\/span>\n                                        <\/li>\n<li>\n<p>                                            <span class=\"n\">Giao h\u00e0ng:<\/span><br \/>\n                                            <span class=\"v\">To\u00e0n qu\u1ed1c<\/span>\n                                        <\/li>\n<\/ul>\n","protected":false},"featured_media":15029,"comment_status":"closed","ping_status":"closed","template":"","meta":[],"pwb-brand":[3266],"product_cat":[3233],"product_tag":[3405,3269],"class_list":{"0":"post-15028","1":"product","2":"type-product","3":"status-publish","4":"has-post-thumbnail","6":"pwb-brand-nike","7":"product_cat-quan-ao-phu-kien","8":"product_tag-giay-pickleball-nikecourt-air-zoom-vapor-pro-2","9":"product_tag-nikecourt-air-zoom-vapor-pro-2","11":"first","12":"instock","13":"shipping-taxable","14":"product-type-simple"},"yoast_head":"<!-- This site is optimized with the Yoast SEO plugin v22.9 - https:\/\/yoast.com\/wordpress\/plugins\/seo\/ -->\n<title>Gi\u00e0y NikeCourt Air Zoom Vapor Pro 2 cho nam - PickleBall Vi\u1ec7t Nam<\/title>\n<meta name=\"robots\" content=\"index, follow, max-snippet:-1, max-image-preview:large, max-video-preview:-1\" \/>\n<link rel=\"canonical\" href=\"https:\/\/pickle-ball.vn\/vi\/-product-\/quan-ao-phu-kien\/giay-nikecourt-air-zoom-vapor-pro-2-cho-nam\/\" \/>\n<meta name=\"twitter:label1\" content=\"\u01af\u1edbc t\u00ednh th\u1eddi gian \u0111\u1ecdc\" \/>\n\t<meta name=\"twitter:data1\" content=\"2 minutes\" \/>\n<script type=\"application\/ld+json\" class=\"yoast-schema-graph\">{\"@context\":\"https:\/\/schema.org\",\"@graph\":[{\"@type\":\"WebPage\",\"@id\":\"https:\/\/pickle-ball.vn\/vi\/-product-\/quan-ao-phu-kien\/giay-nikecourt-air-zoom-vapor-pro-2-cho-nam\/\",\"url\":\"https:\/\/pickle-ball.vn\/vi\/-product-\/quan-ao-phu-kien\/giay-nikecourt-air-zoom-vapor-pro-2-cho-nam\/\",\"name\":\"Gi\u00e0y NikeCourt Air Zoom Vapor Pro 2 cho nam - PickleBall Vi\u1ec7t Nam\",\"isPartOf\":{\"@id\":\"https:\/\/pickle-ball.vn\/ja\/#website\"},\"primaryImageOfPage\":{\"@id\":\"https:\/\/pickle-ball.vn\/vi\/-product-\/quan-ao-phu-kien\/giay-nikecourt-air-zoom-vapor-pro-2-cho-nam\/#primaryimage\"},\"image\":{\"@id\":\"https:\/\/pickle-ball.vn\/vi\/-product-\/quan-ao-phu-kien\/giay-nikecourt-air-zoom-vapor-pro-2-cho-nam\/#primaryimage\"},\"thumbnailUrl\":\"https:\/\/pickle-ball.vn\/wp-content\/uploads\/2024\/11\/nikecourt-air-zoom-vapor-pro-2-mens-hard-court-tennis-shoes-02_720x720xcrop.webp\",\"datePublished\":\"2024-11-04T07:20:43+00:00\",\"dateModified\":\"2024-11-04T07:20:45+00:00\",\"breadcrumb\":{\"@id\":\"https:\/\/pickle-ball.vn\/vi\/-product-\/quan-ao-phu-kien\/giay-nikecourt-air-zoom-vapor-pro-2-cho-nam\/#breadcrumb\"},\"inLanguage\":\"vi\",\"potentialAction\":[{\"@type\":\"ReadAction\",\"target\":[\"https:\/\/pickle-ball.vn\/vi\/-product-\/quan-ao-phu-kien\/giay-nikecourt-air-zoom-vapor-pro-2-cho-nam\/\"]}]},{\"@type\":\"ImageObject\",\"inLanguage\":\"vi\",\"@id\":\"https:\/\/pickle-ball.vn\/vi\/-product-\/quan-ao-phu-kien\/giay-nikecourt-air-zoom-vapor-pro-2-cho-nam\/#primaryimage\",\"url\":\"https:\/\/pickle-ball.vn\/wp-content\/uploads\/2024\/11\/nikecourt-air-zoom-vapor-pro-2-mens-hard-court-tennis-shoes-02_720x720xcrop.webp\",\"contentUrl\":\"https:\/\/pickle-ball.vn\/wp-content\/uploads\/2024\/11\/nikecourt-air-zoom-vapor-pro-2-mens-hard-court-tennis-shoes-02_720x720xcrop.webp\",\"width\":720,\"height\":720,\"caption\":\"Gi\u00e0y NikeCourt Air Zoom Vapor Pro 2\"},{\"@type\":\"BreadcrumbList\",\"@id\":\"https:\/\/pickle-ball.vn\/vi\/-product-\/quan-ao-phu-kien\/giay-nikecourt-air-zoom-vapor-pro-2-cho-nam\/#breadcrumb\",\"itemListElement\":[{\"@type\":\"ListItem\",\"position\":1,\"name\":\"Home\",\"item\":\"https:\/\/pickle-ball.vn\/ja\/\"},{\"@type\":\"ListItem\",\"position\":2,\"name\":\"Shop\",\"item\":\"https:\/\/pickle-ball.vn\/vi\/shop\/\"},{\"@type\":\"ListItem\",\"position\":3,\"name\":\"Gi\u00e0y NikeCourt Air Zoom Vapor Pro 2 cho nam\"}]},{\"@type\":\"WebSite\",\"@id\":\"https:\/\/pickle-ball.vn\/ja\/#website\",\"url\":\"https:\/\/pickle-ball.vn\/ja\/\",\"name\":\"Jabra\",\"description\":\"\",\"publisher\":{\"@id\":\"https:\/\/pickle-ball.vn\/ja\/#organization\"},\"potentialAction\":[{\"@type\":\"SearchAction\",\"target\":{\"@type\":\"EntryPoint\",\"urlTemplate\":\"https:\/\/pickle-ball.vn\/ja\/?s={search_term_string}\"},\"query-input\":\"required name=search_term_string\"}],\"inLanguage\":\"vi\"},{\"@type\":\"Organization\",\"@id\":\"https:\/\/pickle-ball.vn\/ja\/#organization\",\"name\":\"Jabra\",\"url\":\"https:\/\/pickle-ball.vn\/ja\/\",\"logo\":{\"@type\":\"ImageObject\",\"inLanguage\":\"vi\",\"@id\":\"https:\/\/pickle-ball.vn\/ja\/#\/schema\/logo\/image\/\",\"url\":\"\",\"contentUrl\":\"\",\"caption\":\"Jabra\"},\"image\":{\"@id\":\"https:\/\/pickle-ball.vn\/ja\/#\/schema\/logo\/image\/\"}}]}<\/script>\n<!-- \/ Yoast SEO plugin. -->","yoast_head_json":{"title":"Gi\u00e0y NikeCourt Air Zoom Vapor Pro 2 cho nam - PickleBall Vi\u1ec7t Nam","robots":{"index":"index","follow":"follow","max-snippet":"max-snippet:-1","max-image-preview":"max-image-preview:large","max-video-preview":"max-video-preview:-1"},"canonical":"https:\/\/pickle-ball.vn\/vi\/-product-\/quan-ao-phu-kien\/giay-nikecourt-air-zoom-vapor-pro-2-cho-nam\/","twitter_misc":{"\u01af\u1edbc t\u00ednh th\u1eddi gian \u0111\u1ecdc":"2 minutes"},"schema":{"@context":"https:\/\/schema.org","@graph":[{"@type":"WebPage","@id":"https:\/\/pickle-ball.vn\/vi\/-product-\/quan-ao-phu-kien\/giay-nikecourt-air-zoom-vapor-pro-2-cho-nam\/","url":"https:\/\/pickle-ball.vn\/vi\/-product-\/quan-ao-phu-kien\/giay-nikecourt-air-zoom-vapor-pro-2-cho-nam\/","name":"Gi\u00e0y NikeCourt Air Zoom Vapor Pro 2 cho nam - PickleBall Vi\u1ec7t Nam","isPartOf":{"@id":"https:\/\/pickle-ball.vn\/ja\/#website"},"primaryImageOfPage":{"@id":"https:\/\/pickle-ball.vn\/vi\/-product-\/quan-ao-phu-kien\/giay-nikecourt-air-zoom-vapor-pro-2-cho-nam\/#primaryimage"},"image":{"@id":"https:\/\/pickle-ball.vn\/vi\/-product-\/quan-ao-phu-kien\/giay-nikecourt-air-zoom-vapor-pro-2-cho-nam\/#primaryimage"},"thumbnailUrl":"https:\/\/pickle-ball.vn\/wp-content\/uploads\/2024\/11\/nikecourt-air-zoom-vapor-pro-2-mens-hard-court-tennis-shoes-02_720x720xcrop.webp","datePublished":"2024-11-04T07:20:43+00:00","dateModified":"2024-11-04T07:20:45+00:00","breadcrumb":{"@id":"https:\/\/pickle-ball.vn\/vi\/-product-\/quan-ao-phu-kien\/giay-nikecourt-air-zoom-vapor-pro-2-cho-nam\/#breadcrumb"},"inLanguage":"vi","potentialAction":[{"@type":"ReadAction","target":["https:\/\/pickle-ball.vn\/vi\/-product-\/quan-ao-phu-kien\/giay-nikecourt-air-zoom-vapor-pro-2-cho-nam\/"]}]},{"@type":"ImageObject","inLanguage":"vi","@id":"https:\/\/pickle-ball.vn\/vi\/-product-\/quan-ao-phu-kien\/giay-nikecourt-air-zoom-vapor-pro-2-cho-nam\/#primaryimage","url":"https:\/\/pickle-ball.vn\/wp-content\/uploads\/2024\/11\/nikecourt-air-zoom-vapor-pro-2-mens-hard-court-tennis-shoes-02_720x720xcrop.webp","contentUrl":"https:\/\/pickle-ball.vn\/wp-content\/uploads\/2024\/11\/nikecourt-air-zoom-vapor-pro-2-mens-hard-court-tennis-shoes-02_720x720xcrop.webp","width":720,"height":720,"caption":"Gi\u00e0y NikeCourt Air Zoom Vapor Pro 2"},{"@type":"BreadcrumbList","@id":"https:\/\/pickle-ball.vn\/vi\/-product-\/quan-ao-phu-kien\/giay-nikecourt-air-zoom-vapor-pro-2-cho-nam\/#breadcrumb","itemListElement":[{"@type":"ListItem","position":1,"name":"Home","item":"https:\/\/pickle-ball.vn\/ja\/"},{"@type":"ListItem","position":2,"name":"Shop","item":"https:\/\/pickle-ball.vn\/vi\/shop\/"},{"@type":"ListItem","position":3,"name":"Gi\u00e0y NikeCourt Air Zoom Vapor Pro 2 cho nam"}]},{"@type":"WebSite","@id":"https:\/\/pickle-ball.vn\/ja\/#website","url":"https:\/\/pickle-ball.vn\/ja\/","name":"Jabra","description":"","publisher":{"@id":"https:\/\/pickle-ball.vn\/ja\/#organization"},"potentialAction":[{"@type":"SearchAction","target":{"@type":"EntryPoint","urlTemplate":"https:\/\/pickle-ball.vn\/ja\/?s={search_term_string}"},"query-input":"required name=search_term_string"}],"inLanguage":"vi"},{"@type":"Organization","@id":"https:\/\/pickle-ball.vn\/ja\/#organization","name":"Jabra","url":"https:\/\/pickle-ball.vn\/ja\/","logo":{"@type":"ImageObject","inLanguage":"vi","@id":"https:\/\/pickle-ball.vn\/ja\/#\/schema\/logo\/image\/","url":"","contentUrl":"","caption":"Jabra"},"image":{"@id":"https:\/\/pickle-ball.vn\/ja\/#\/schema\/logo\/image\/"}}]}},"brands":[{"id":3266,"name":"Nike","slug":"nike"}],"_links":{"self":[{"href":"https:\/\/pickle-ball.vn\/vi\/wp-json\/wp\/v2\/product\/15028","targetHints":{"allow":["GET"]}}],"collection":[{"href":"https:\/\/pickle-ball.vn\/vi\/wp-json\/wp\/v2\/product"}],"about":[{"href":"https:\/\/pickle-ball.vn\/vi\/wp-json\/wp\/v2\/types\/product"}],"replies":[{"embeddable":true,"href":"https:\/\/pickle-ball.vn\/vi\/wp-json\/wp\/v2\/comments?post=15028"}],"wp:featuredmedia":[{"embeddable":true,"href":"https:\/\/pickle-ball.vn\/vi\/wp-json\/wp\/v2\/media\/15029"}],"wp:attachment":[{"href":"https:\/\/pickle-ball.vn\/vi\/wp-json\/wp\/v2\/media?parent=15028"}],"wp:term":[{"taxonomy":"pwb-brand","embeddable":true,"href":"https:\/\/pickle-ball.vn\/vi\/wp-json\/wp\/v2\/pwb-brand?post=15028"},{"taxonomy":"product_cat","embeddable":true,"href":"https:\/\/pickle-ball.vn\/vi\/wp-json\/wp\/v2\/product_cat?post=15028"},{"taxonomy":"product_tag","embeddable":true,"href":"https:\/\/pickle-ball.vn\/vi\/wp-json\/wp\/v2\/product_tag?post=15028"}],"curies":[{"name":"wp","href":"https:\/\/api.w.org\/{rel}","templated":true}]}}