{"id":15040,"date":"2024-11-04T14:30:36","date_gmt":"2024-11-04T07:30:36","guid":{"rendered":"http:\/\/pickle-ball.vn\/-product-\/uncategorized\/giay-pickleball-nikecourt-air-zoom-vapor-11-cho-nam\/"},"modified":"2024-11-04T14:30:39","modified_gmt":"2024-11-04T07:30:39","slug":"giay-pickleball-nikecourt-air-zoom-vapor-11-cho-nam","status":"publish","type":"product","link":"https:\/\/pickle-ball.vn\/vi\/-product-\/quan-ao-phu-kien\/giay-pickleball-nikecourt-air-zoom-vapor-11-cho-nam\/","title":{"rendered":"Gi\u00e0y Pickleball NikeCourt Air Zoom Vapor 11 cho nam"},"content":{"rendered":"<div role=\"tabpanel\" class=\"tab-pane active\" id=\"tab-product-info\">\n<div class=\"vh-content\">\n<h2><strong>Gi\u00e0y Pickleball NikeCourt Air Zoom Vapor 11 cho nam<\/strong><\/h2>\n<p>NikeCourt Air Zoom Vapor 11 cho nam \u0111\u01b0\u1ee3c thi\u1ebft k\u1ebf v\u1edbi c\u1ea5u tr\u00fac v\u00e0 ch\u1ea5t li\u1ec7u cao c\u1ea5p gi\u00fap h\u1ed7 tr\u1ee3 \u0111\u1eafc l\u1ef1c cho vi\u1ec7c t\u1eadp luy\u1ec7n v\u00e0 thi \u0111\u1ea5u. NikeCourt Air Zoom Vapor 11 c\u00f3 c\u00e1c k\u00edch th\u01b0\u1edbc 6, 6,5, 7, 7,5, 8,5, 9, 9,5, 10, 10,5, 11, 11,5, 12, 12,5, 13, 14 \u0111\u1ec3 b\u1ea1n l\u1ef1a ch\u1ecdn, s\u1eed d\u1ee5ng.<\/p>\n<p style=\"text-align:center\"><img decoding=\"async\" alt=\"Gi\u00e0y Pickleball NikeCourt Air Zoom Vapor 11\" class=\"lazy\" src=\"http:\/\/pickle-ball.vn\/wp-content\/uploads\/2024\/11\/nikecourt-air-zoom-vapor-11.webp\" style=\"height:525px;width:750px\" title=\"Gi\u00e0y Pickleball NikeCourt Air Zoom Vapor 11\"><\/p>\n<p style=\"text-align:center\"><em>H\u00ecn h\u1ea3nh: Gi\u00e0y Pickleball NikeCourt Air Zoom Vapor 11<\/em><\/p>\n<p>Thi\u1ebft k\u1ebf c\u1ee7a Vapor 11 th\u1ea5p h\u01a1n so v\u1edbi b\u1ea5t k\u1ef3 phi\u00ean b\u1ea3n n\u00e0o tr\u01b0\u1edbc \u0111\u00e2y, mang l\u1ea1i cho b\u1ea1n c\u1ea3m gi\u00e1c nh\u1eb9 nh\u00e0ng \u0111\u00e1ng kinh ng\u1ea1c khi th\u1ef1c hi\u1ec7n c\u00e1c chuy\u1ec3n \u0111\u1ed9ng nhanh v\u00e0 c\u00e1c \u0111\u01b0\u1eddng c\u1eaft b\u00f9ng n\u1ed5. NikeCourt Air Zoom Vapor 11 \u0111\u00e3 \u0111\u01a1n gi\u1ea3n h\u00f3a vi\u1ec7c x\u1ecf gi\u00e0y v\u00e0o b\u1eb1ng \u1ed1ng b\u1ecdc 1\/2 b\u00ean trong tho\u1ea3i m\u00e1i gi\u00fap b\u1ea1n d\u1ec5 d\u00e0ng mang v\u00e0o, c\u1edfi ra.<\/p>\n<p>B\u1ed9 ph\u1eadn Zoom Air \u1edf b\u00e0n ch\u00e2n tr\u01b0\u1edbc mang l\u1ea1i l\u1ef1c b\u1eadt \u1edf b\u01b0\u1edbc \u0111\u1ea7u ti\u00ean c\u1ee7a b\u1ea1n, gi\u00fap b\u1ea1n th\u1ef1c hi\u1ec7n c\u00fa \u0111\u1eadp thu\u1eadn tay d\u1ecdc theo \u0111\u01b0\u1eddng bi\u00ean ngang ho\u1eb7c ti\u1ebfp c\u1eadn l\u01b0\u1edbi m\u1ed9t c\u00e1ch b\u1ea5t ng\u1edd. \u0110\u1ebf gi\u1eefa c\u00f3 \u0111\u1ec7m gi\u00fap h\u1ed7 tr\u1ee3 m\u00e0 kh\u00f4ng t\u0103ng th\u00eam tr\u1ecdng l\u01b0\u1ee3ng kh\u00f4ng c\u1ea7n thi\u1ebft.<\/p>\n<p>Gi\u00e0y Pickleball NikeCourt Air Zoom Vapor 11 cho nam hi\u1ec7n \u0111ang c\u00f3 s\u1eb5n t\u1ea1i h\u1ec7 th\u1ed1ng c\u00e1c c\u1eeda h\u00e0ng c\u1ee7a Pickleball Vi\u1ec7t Nam. H\u00e3y li\u00ean h\u1ec7 v\u1edbi ch\u00fang t\u00f4i 0.87654321.9 \u0111\u1ec3 \u0111\u01b0\u1ee3c t\u01b0 v\u1ea5n, h\u1ed7 tr\u1ee3 b\u00e1o gi\u00e1 chi ti\u1ebft c\u00e1c th\u00f4ng tin v\u1ec1 s\u1ea3n ph\u1ea9m.<\/p>\n<\/p><\/div>\n<\/p><\/div>\n","protected":false},"excerpt":{"rendered":"<ul class=\"list-unstyled params\">\n<li class=\"btt\">Th\u00f4ng tin s\u1ea3n ph\u1ea9m:<\/li>\n<li class=\"dyn\">\n                                            <span class=\"n\">Th\u01b0\u01a1ng hi\u1ec7u:<\/span><br \/>\n\t\t\t\t\t\t\t\t\t\t\t<span class=\"v\"><b>Nike<\/b><\/span>\n                                        <\/li>\n<li class=\"dyn\">\n                                            <span class=\"n\">Nh\u00e0 cung c\u1ea5p:<\/span><br \/>\n                                            \t\t\t\t\t\t\t\t\t\t\t<span class=\"v\">Pickleball Vi\u1ec7t Nam<\/span>\n\t\t\t\t\t\t\t\t\t\t\t                                        <\/li>\n<li class=\"separator\">\n                                        <\/li>\n<li>\n                                            <span class=\"n\">Tr\u1ea1ng th\u00e1i:<\/span><br \/>\n                                            <span class=\"v\" style=\"font-weight:700;color: #d7000e\">T\u1ea1m h\u1ebft h\u00e0ng<\/span>\n                                        <\/li>\n<li>\n                                            <span class=\"n\">T\u00ecnh tr\u1ea1ng:<\/span><br \/>\n                                            <span class=\"v\">M\u1edbi 100%<\/span>\n                                        <\/li>\n<li>\n                                            <span class=\"n\">B\u1ea3o h\u00e0nh:<\/span><br \/>\n                                            <span class=\"v\">Ch\u00ednh h\u00e3ng<\/span>\n                                        <\/li>\n<li>\n<p>                                            <span class=\"n\">Giao h\u00e0ng:<\/span><br \/>\n                                            <span class=\"v\">To\u00e0n qu\u1ed1c<\/span>\n                                        <\/li>\n<\/ul>\n","protected":false},"featured_media":15041,"comment_status":"closed","ping_status":"closed","template":"","meta":[],"pwb-brand":[3266],"product_cat":[3233],"product_tag":[3263,3415,3402],"class_list":{"0":"post-15040","1":"product","2":"type-product","3":"status-publish","4":"has-post-thumbnail","6":"pwb-brand-nike","7":"product_cat-quan-ao-phu-kien","8":"product_tag-giay-pickleball","9":"product_tag-giay-pickleball-nikecourt-air-zoom-vapor-11","10":"product_tag-nikecourt-air-zoom-vapor-11","12":"first","13":"instock","14":"shipping-taxable","15":"product-type-simple"},"yoast_head":"<!-- This site is optimized with the Yoast SEO plugin v22.9 - https:\/\/yoast.com\/wordpress\/plugins\/seo\/ -->\n<title>Gi\u00e0y Pickleball NikeCourt Air Zoom Vapor 11 cho nam - PickleBall Vi\u1ec7t Nam<\/title>\n<meta name=\"robots\" content=\"index, follow, max-snippet:-1, max-image-preview:large, max-video-preview:-1\" \/>\n<link rel=\"canonical\" href=\"http:\/\/pickle-ball.vn\/vi\/-product-\/quan-ao-phu-kien\/giay-pickleball-nikecourt-air-zoom-vapor-11-cho-nam\/\" \/>\n<meta name=\"twitter:label1\" content=\"\u01af\u1edbc t\u00ednh th\u1eddi gian \u0111\u1ecdc\" \/>\n\t<meta name=\"twitter:data1\" content=\"2 minutes\" \/>\n<script type=\"application\/ld+json\" class=\"yoast-schema-graph\">{\"@context\":\"https:\/\/schema.org\",\"@graph\":[{\"@type\":\"WebPage\",\"@id\":\"http:\/\/pickle-ball.vn\/vi\/-product-\/quan-ao-phu-kien\/giay-pickleball-nikecourt-air-zoom-vapor-11-cho-nam\/\",\"url\":\"http:\/\/pickle-ball.vn\/vi\/-product-\/quan-ao-phu-kien\/giay-pickleball-nikecourt-air-zoom-vapor-11-cho-nam\/\",\"name\":\"Gi\u00e0y Pickleball NikeCourt Air Zoom Vapor 11 cho nam - PickleBall Vi\u1ec7t Nam\",\"isPartOf\":{\"@id\":\"https:\/\/pickle-ball.vn\/ja\/#website\"},\"primaryImageOfPage\":{\"@id\":\"http:\/\/pickle-ball.vn\/vi\/-product-\/quan-ao-phu-kien\/giay-pickleball-nikecourt-air-zoom-vapor-11-cho-nam\/#primaryimage\"},\"image\":{\"@id\":\"http:\/\/pickle-ball.vn\/vi\/-product-\/quan-ao-phu-kien\/giay-pickleball-nikecourt-air-zoom-vapor-11-cho-nam\/#primaryimage\"},\"thumbnailUrl\":\"https:\/\/pickle-ball.vn\/wp-content\/uploads\/2024\/11\/nikecourt-air-zoom-vapor-11-mens-hard-court-tennis-shoes-02_720x720xcrop.webp\",\"datePublished\":\"2024-11-04T07:30:36+00:00\",\"dateModified\":\"2024-11-04T07:30:39+00:00\",\"breadcrumb\":{\"@id\":\"http:\/\/pickle-ball.vn\/vi\/-product-\/quan-ao-phu-kien\/giay-pickleball-nikecourt-air-zoom-vapor-11-cho-nam\/#breadcrumb\"},\"inLanguage\":\"vi\",\"potentialAction\":[{\"@type\":\"ReadAction\",\"target\":[\"http:\/\/pickle-ball.vn\/vi\/-product-\/quan-ao-phu-kien\/giay-pickleball-nikecourt-air-zoom-vapor-11-cho-nam\/\"]}]},{\"@type\":\"ImageObject\",\"inLanguage\":\"vi\",\"@id\":\"http:\/\/pickle-ball.vn\/vi\/-product-\/quan-ao-phu-kien\/giay-pickleball-nikecourt-air-zoom-vapor-11-cho-nam\/#primaryimage\",\"url\":\"https:\/\/pickle-ball.vn\/wp-content\/uploads\/2024\/11\/nikecourt-air-zoom-vapor-11-mens-hard-court-tennis-shoes-02_720x720xcrop.webp\",\"contentUrl\":\"https:\/\/pickle-ball.vn\/wp-content\/uploads\/2024\/11\/nikecourt-air-zoom-vapor-11-mens-hard-court-tennis-shoes-02_720x720xcrop.webp\",\"width\":720,\"height\":720,\"caption\":\"NikeCourt Air Zoom Vapor 11\"},{\"@type\":\"BreadcrumbList\",\"@id\":\"http:\/\/pickle-ball.vn\/vi\/-product-\/quan-ao-phu-kien\/giay-pickleball-nikecourt-air-zoom-vapor-11-cho-nam\/#breadcrumb\",\"itemListElement\":[{\"@type\":\"ListItem\",\"position\":1,\"name\":\"Home\",\"item\":\"https:\/\/pickle-ball.vn\/ja\/\"},{\"@type\":\"ListItem\",\"position\":2,\"name\":\"Shop\",\"item\":\"https:\/\/pickle-ball.vn\/vi\/shop\/\"},{\"@type\":\"ListItem\",\"position\":3,\"name\":\"Gi\u00e0y Pickleball NikeCourt Air Zoom Vapor 11 cho nam\"}]},{\"@type\":\"WebSite\",\"@id\":\"https:\/\/pickle-ball.vn\/ja\/#website\",\"url\":\"https:\/\/pickle-ball.vn\/ja\/\",\"name\":\"Jabra\",\"description\":\"\",\"publisher\":{\"@id\":\"https:\/\/pickle-ball.vn\/ja\/#organization\"},\"potentialAction\":[{\"@type\":\"SearchAction\",\"target\":{\"@type\":\"EntryPoint\",\"urlTemplate\":\"https:\/\/pickle-ball.vn\/ja\/?s={search_term_string}\"},\"query-input\":\"required name=search_term_string\"}],\"inLanguage\":\"vi\"},{\"@type\":\"Organization\",\"@id\":\"https:\/\/pickle-ball.vn\/ja\/#organization\",\"name\":\"Jabra\",\"url\":\"https:\/\/pickle-ball.vn\/ja\/\",\"logo\":{\"@type\":\"ImageObject\",\"inLanguage\":\"vi\",\"@id\":\"https:\/\/pickle-ball.vn\/ja\/#\/schema\/logo\/image\/\",\"url\":\"\",\"contentUrl\":\"\",\"caption\":\"Jabra\"},\"image\":{\"@id\":\"https:\/\/pickle-ball.vn\/ja\/#\/schema\/logo\/image\/\"}}]}<\/script>\n<!-- \/ Yoast SEO plugin. -->","yoast_head_json":{"title":"Gi\u00e0y Pickleball NikeCourt Air Zoom Vapor 11 cho nam - PickleBall Vi\u1ec7t Nam","robots":{"index":"index","follow":"follow","max-snippet":"max-snippet:-1","max-image-preview":"max-image-preview:large","max-video-preview":"max-video-preview:-1"},"canonical":"http:\/\/pickle-ball.vn\/vi\/-product-\/quan-ao-phu-kien\/giay-pickleball-nikecourt-air-zoom-vapor-11-cho-nam\/","twitter_misc":{"\u01af\u1edbc t\u00ednh th\u1eddi gian \u0111\u1ecdc":"2 minutes"},"schema":{"@context":"https:\/\/schema.org","@graph":[{"@type":"WebPage","@id":"http:\/\/pickle-ball.vn\/vi\/-product-\/quan-ao-phu-kien\/giay-pickleball-nikecourt-air-zoom-vapor-11-cho-nam\/","url":"http:\/\/pickle-ball.vn\/vi\/-product-\/quan-ao-phu-kien\/giay-pickleball-nikecourt-air-zoom-vapor-11-cho-nam\/","name":"Gi\u00e0y Pickleball NikeCourt Air Zoom Vapor 11 cho nam - PickleBall Vi\u1ec7t Nam","isPartOf":{"@id":"https:\/\/pickle-ball.vn\/ja\/#website"},"primaryImageOfPage":{"@id":"http:\/\/pickle-ball.vn\/vi\/-product-\/quan-ao-phu-kien\/giay-pickleball-nikecourt-air-zoom-vapor-11-cho-nam\/#primaryimage"},"image":{"@id":"http:\/\/pickle-ball.vn\/vi\/-product-\/quan-ao-phu-kien\/giay-pickleball-nikecourt-air-zoom-vapor-11-cho-nam\/#primaryimage"},"thumbnailUrl":"https:\/\/pickle-ball.vn\/wp-content\/uploads\/2024\/11\/nikecourt-air-zoom-vapor-11-mens-hard-court-tennis-shoes-02_720x720xcrop.webp","datePublished":"2024-11-04T07:30:36+00:00","dateModified":"2024-11-04T07:30:39+00:00","breadcrumb":{"@id":"http:\/\/pickle-ball.vn\/vi\/-product-\/quan-ao-phu-kien\/giay-pickleball-nikecourt-air-zoom-vapor-11-cho-nam\/#breadcrumb"},"inLanguage":"vi","potentialAction":[{"@type":"ReadAction","target":["http:\/\/pickle-ball.vn\/vi\/-product-\/quan-ao-phu-kien\/giay-pickleball-nikecourt-air-zoom-vapor-11-cho-nam\/"]}]},{"@type":"ImageObject","inLanguage":"vi","@id":"http:\/\/pickle-ball.vn\/vi\/-product-\/quan-ao-phu-kien\/giay-pickleball-nikecourt-air-zoom-vapor-11-cho-nam\/#primaryimage","url":"https:\/\/pickle-ball.vn\/wp-content\/uploads\/2024\/11\/nikecourt-air-zoom-vapor-11-mens-hard-court-tennis-shoes-02_720x720xcrop.webp","contentUrl":"https:\/\/pickle-ball.vn\/wp-content\/uploads\/2024\/11\/nikecourt-air-zoom-vapor-11-mens-hard-court-tennis-shoes-02_720x720xcrop.webp","width":720,"height":720,"caption":"NikeCourt Air Zoom Vapor 11"},{"@type":"BreadcrumbList","@id":"http:\/\/pickle-ball.vn\/vi\/-product-\/quan-ao-phu-kien\/giay-pickleball-nikecourt-air-zoom-vapor-11-cho-nam\/#breadcrumb","itemListElement":[{"@type":"ListItem","position":1,"name":"Home","item":"https:\/\/pickle-ball.vn\/ja\/"},{"@type":"ListItem","position":2,"name":"Shop","item":"https:\/\/pickle-ball.vn\/vi\/shop\/"},{"@type":"ListItem","position":3,"name":"Gi\u00e0y Pickleball NikeCourt Air Zoom Vapor 11 cho nam"}]},{"@type":"WebSite","@id":"https:\/\/pickle-ball.vn\/ja\/#website","url":"https:\/\/pickle-ball.vn\/ja\/","name":"Jabra","description":"","publisher":{"@id":"https:\/\/pickle-ball.vn\/ja\/#organization"},"potentialAction":[{"@type":"SearchAction","target":{"@type":"EntryPoint","urlTemplate":"https:\/\/pickle-ball.vn\/ja\/?s={search_term_string}"},"query-input":"required name=search_term_string"}],"inLanguage":"vi"},{"@type":"Organization","@id":"https:\/\/pickle-ball.vn\/ja\/#organization","name":"Jabra","url":"https:\/\/pickle-ball.vn\/ja\/","logo":{"@type":"ImageObject","inLanguage":"vi","@id":"https:\/\/pickle-ball.vn\/ja\/#\/schema\/logo\/image\/","url":"","contentUrl":"","caption":"Jabra"},"image":{"@id":"https:\/\/pickle-ball.vn\/ja\/#\/schema\/logo\/image\/"}}]}},"brands":[{"id":3266,"name":"Nike","slug":"nike"}],"_links":{"self":[{"href":"https:\/\/pickle-ball.vn\/vi\/wp-json\/wp\/v2\/product\/15040","targetHints":{"allow":["GET"]}}],"collection":[{"href":"https:\/\/pickle-ball.vn\/vi\/wp-json\/wp\/v2\/product"}],"about":[{"href":"https:\/\/pickle-ball.vn\/vi\/wp-json\/wp\/v2\/types\/product"}],"replies":[{"embeddable":true,"href":"https:\/\/pickle-ball.vn\/vi\/wp-json\/wp\/v2\/comments?post=15040"}],"wp:featuredmedia":[{"embeddable":true,"href":"https:\/\/pickle-ball.vn\/vi\/wp-json\/wp\/v2\/media\/15041"}],"wp:attachment":[{"href":"https:\/\/pickle-ball.vn\/vi\/wp-json\/wp\/v2\/media?parent=15040"}],"wp:term":[{"taxonomy":"pwb-brand","embeddable":true,"href":"https:\/\/pickle-ball.vn\/vi\/wp-json\/wp\/v2\/pwb-brand?post=15040"},{"taxonomy":"product_cat","embeddable":true,"href":"https:\/\/pickle-ball.vn\/vi\/wp-json\/wp\/v2\/product_cat?post=15040"},{"taxonomy":"product_tag","embeddable":true,"href":"https:\/\/pickle-ball.vn\/vi\/wp-json\/wp\/v2\/product_tag?post=15040"}],"curies":[{"name":"wp","href":"https:\/\/api.w.org\/{rel}","templated":true}]}}