{"id":15114,"date":"2024-11-04T15:05:25","date_gmt":"2024-11-04T08:05:25","guid":{"rendered":"http:\/\/pickle-ball.vn\/-product-\/uncategorized\/vot-pickleball-joola-perseus-14mm-mod-ta-15-pro-player-edition\/"},"modified":"2024-11-04T15:05:33","modified_gmt":"2024-11-04T08:05:33","slug":"vot-pickleball-joola-perseus-14mm-mod-ta-15-pro-player-edition","status":"publish","type":"product","link":"https:\/\/pickle-ball.vn\/vi\/-product-\/vot-pickleball\/vot-pickleball-joola-perseus-14mm-mod-ta-15-pro-player-edition\/","title":{"rendered":"V\u1ee3t PickleballJoola Perseus 14mm Mod TA-15 Pro Player Edition"},"content":{"rendered":"<div role=\"tabpanel\" class=\"tab-pane active\" id=\"tab-product-info\">\n<div class=\"vh-content\">\n<h2><strong>Joola Perseus 14mm Mod TA-15 Pro Player Edition<\/strong><\/h2>\n<p><strong>Joola Perseus 14mm Mod TA-15<\/strong> l\u00f5i d\u00e0y 14mm mang l\u1ea1i l\u1ef1c b\u1eadt \u0111\u1eb7c bi\u1ec7t m\u00e0 kh\u00f4ng \u1ea3nh h\u01b0\u1edfng \u0111\u1ebfn kh\u1ea3 n\u0103ng ph\u1ea3n h\u1ed3i v\u00e0 c\u1ea3m gi\u00e1c trong m\u1ed7i c\u00fa \u0111\u00e1nh. Tr\u1ea3i nghi\u1ec7m t\u01b0\u01a1ng lai c\u1ee7a pickleball v\u1edbi v\u1ee3t pickleball <strong>JOOLA Perseus 14mm MOD TA-15<\/strong>. <strong>JOOLA MOD-TA-15<\/strong> k\u1ebft h\u1ee3p c\u00f4ng ngh\u1ec7 ti\u00ean ti\u1ebfn v\u1edbi thi\u1ebft k\u1ebf v\u01b0\u1ee3t tr\u1ed9i, b\u1eaft ngu\u1ed3n t\u1eeb thi\u1ebft k\u1ebf Gen3 th\u1ebf h\u1ec7 ti\u1ebfp theo c\u1ee7a ch\u00fang t\u00f4i.<\/p>\n<p style=\"text-align:center\"><img decoding=\"async\" alt=\"V\u1ee3t Pickleball Joola Perseus 14mm Mod TA-15 Pro Player Edition\" class=\"lazy\" src=\"http:\/\/pickle-ball.vn\/wp-content\/uploads\/2024\/11\/mod-ta-15-ig-05.webp\" style=\"height:820px;width:820px\" title=\"mod-ta-15-ig-05\"><\/p>\n<p>\u0110\u01b0\u1ee3c thi\u1ebft k\u1ebf v\u00e0 th\u1eed nghi\u1ec7m v\u1edbi s\u1ef1 \u0111\u00f3ng g\u00f3p \u00fd ki\u1ebfn \u200b\u200bt\u1eeb nh\u1eefng chuy\u00ean gia h\u00e0ng \u0111\u1ea7u c\u1ee7a m\u00f4n th\u1ec3 thao n\u00e0y, <strong>JOOLA MOD TA-15 14mm<\/strong> l\u00e0 s\u1ef1 l\u1ef1a ch\u1ecdn ho\u00e0n h\u1ea3o cho l\u1ed1i ch\u01a1i c\u1ea1nh tranh \u1edf m\u1ecdi c\u1ea5p \u0111\u1ed9. H\u00e3y \u0111\u00f3n nh\u1eadn nghi\u00ean c\u1ee9u, k\u1ef9 thu\u1eadt v\u00e0 c\u00f4ng ngh\u1ec7 ti\u00ean ti\u1ebfn s\u1ebd gi\u00fap b\u1ea1n tr\u1edf th\u00e0nh ng\u01b0\u1eddi thay \u0111\u1ed5i cu\u1ed9c ch\u01a1i tr\u00ean s\u00e2n \u0111\u1ea5u. \u0110\u01b0\u1ee3c USAP ch\u1ea5p thu\u1eadn.<\/p>\n<p style=\"text-align:center\"><img decoding=\"async\" alt=\"Joola Perseus 14mm Mod TA-15 Pro Player Edition\" class=\"lazy\" src=\"http:\/\/pickle-ball.vn\/wp-content\/uploads\/2024\/11\/mod-ta-15-ig-01.webp\" style=\"height:820px;width:820px\" title=\"mod-ta-15-ig-01\"><\/p>\n<p style=\"text-align:center\"><img decoding=\"async\" alt=\"Joola Perseus 14mm Mod TA-15 Pro Player Edition\" class=\"lazy\" src=\"http:\/\/pickle-ball.vn\/wp-content\/uploads\/2024\/11\/mod-ta-15-ig-02.webp\" style=\"height:820px;width:820px\" title=\"mod-ta-15-ig-02\"><\/p>\n<p style=\"text-align:center\"><img decoding=\"async\" alt=\"Perseus 14mm Mod TA-15 Pro Player Edition\" class=\"lazy\" src=\"http:\/\/pickle-ball.vn\/wp-content\/uploads\/2024\/11\/mod-ta-15-ig-03.webp\" style=\"height:820px;width:820px\" title=\"mod-ta-15-ig-03\"><\/p>\n<p style=\"text-align:center\"><img decoding=\"async\" alt=\"Joola Perseus 14mm Mod TA-15 Pro Player Edition\" class=\"lazy\" src=\"http:\/\/pickle-ball.vn\/wp-content\/uploads\/2024\/11\/mod-ta-15-ig-04.webp\" style=\"height:820px;width:820px\" title=\"mod-ta-15-ig-04\"><\/p>\n<h3><strong>C\u00f4ng ngh\u1ec7 ti\u00ean ti\u1ebfn v\u1edbi thi\u1ebft k\u1ebf v\u01b0\u1ee3t tr\u1ed9i c\u1ee7a Joola Pickleball<\/strong><\/h3>\n<p><strong>L\u00f5i \u0110\u1ea9y<\/strong><\/p>\n<p>L\u00f5i \u0111\u1ea9y \u0111ang ch\u1edd c\u1ea5p b\u1eb1ng s\u00e1ng ch\u1ebf cho ph\u00e9p t\u1ea1o ra s\u1ee9c m\u1ea1nh b\u00f9ng n\u1ed5 khi l\u00e1i, ph\u1ea3n c\u00f4ng v\u00e0 t\u0103ng t\u1ed1c, nh\u01b0ng v\u1eabn mang l\u1ea1i c\u1ea3m gi\u00e1c v\u00e0 kh\u1ea3 n\u0103ng ki\u1ec3m so\u00e1t tinh t\u1ebf khi \u0111\u1eb7t l\u1ea1i, th\u1ea3 v\u00e0 tr\u01b0\u1ee3t.<\/p>\n<p><strong>B\u1ec1 M\u1eb7t Cacbon T\u00edch \u0110i\u1ec7n<\/strong><\/p>\n<p>M\u1ed9t ph\u01b0\u01a1ng ph\u00e1p x\u1eed l\u00fd li\u00ean k\u1ebft ph\u1ee5 gia gi\u00fap t\u0103ng c\u01b0\u1eddng b\u1ec1 m\u1eb7t c\u1ee7a v\u1ee3t pickleball \u0111\u1ec3 mang l\u1ea1i c\u1ea3m gi\u00e1c s\u1eafc n\u00e9t h\u01a1n v\u1edbi kh\u1ea3 n\u0103ng ph\u1ea3n h\u1ed3i n\u0103ng l\u01b0\u1ee3ng l\u1edbn h\u01a1n. Mang l\u1ea1i ph\u1ea3n h\u1ed3i \u1ea5n t\u01b0\u1ee3ng v\u1edbi ph\u1ea3n \u1ee9ng m\u1ea1nh m\u1ebd h\u01a1n.<\/p>\n<p><strong>Chip NFC C\u00f3 Th\u1ec3 Truy C\u1eadp<\/strong><\/p>\n<p>M\u1edf kh\u00f3a tr\u1ea3i nghi\u1ec7m JOOLA v\u1edbi v\u1ee3t pickleball c\u00f3 chip NFC. Ch\u1ea1m \u0111i\u1ec7n tho\u1ea1i v\u00e0o tay c\u1ea7m \u0111\u1ec3 x\u00e1c th\u1ef1c v\u1ee3t c\u1ee7a b\u1ea1n v\u00e0 m\u1edf kh\u00f3a tr\u1ea3i nghi\u1ec7m s\u1ea3n ph\u1ea9m \u0111\u1ed9c quy\u1ec1n th\u00f4ng qua JOOLA Connect.<\/p>\n<p><strong>L\u00f5i T\u1ed5 Ong Ph\u1ea3n \u1ee9ng<\/strong><\/p>\n<p>\u0110\u01b0\u1ee3c thi\u1ebft k\u1ebf \u0111\u1eb7c bi\u1ec7t cho ng\u01b0\u1eddi ch\u01a1i tr\u00ecnh \u0111\u1ed9 cao \u0111\u1ec3 t\u1ed1i \u0111a h\u00f3a \u0111\u1ed9 n\u1ea3y \u1ed5n \u0111\u1ecbnh v\u00e0 c\u1ea3m gi\u00e1c c\u1ea7n thi\u1ebft cho m\u1ecdi c\u00fa \u0111\u00e1nh.<\/p>\n<p><strong>T\u01b0\u1eddng C\u1ea1nh Hyperfoam<\/strong><\/p>\n<p>B\u1ecdt chuy\u00ean d\u1ee5ng \u0111\u01b0\u1ee3c phun v\u00e0o chu vi c\u1ee7a v\u1ee3t pickleball gi\u00fap t\u0103ng th\u00eam tr\u1ecdng l\u01b0\u1ee3ng v\u00e0 \u0111\u1ed9 \u1ed5n \u0111\u1ecbnh, t\u0103ng \u0111i\u1ec3m ng\u1ecdt \u0111\u1ec3 c\u00f3 hi\u1ec7u su\u1ea5t nh\u1ea5t qu\u00e1n t\u1eeb c\u1ea1nh n\u00e0y sang c\u1ea1nh kia<\/p>\n<p><strong>H\u00ecnh D\u1ea1ng T\u1ed1i \u01afu H\u00f3a \u0110i\u1ec3m Ng\u1ecdt<\/strong><\/p>\n<p>H\u00ecnh d\u1ea1ng v\u1ee3t pickleball \u0111\u01b0\u1ee3c thi\u1ebft k\u1ebf \u0111\u1eb7c bi\u1ec7t mang l\u1ea1i \u0111i\u1ec3m ng\u1ecdt l\u1edbn h\u01a1n cho c\u1ea3m gi\u00e1c \u0111\u00e1nh b\u00f3ng v\u00e0 hi\u1ec7u su\u1ea5t \u0111\u00e1nh b\u00f3ng t\u1ed1i \u01b0u<\/p>\n<h3><strong>Th\u00f4ng s\u1ed1 c\u1ee7a Joola Perseus 14mm Mod TA-15 Pro Player Edition<\/strong><\/h3>\n<table>\n<tbody>\n<tr>\n<td><strong>H\u00e3ng s\u1ea3n xu\u1ea5t:<\/strong><\/td>\n<td>Joola Pickleball<\/td>\n<\/tr>\n<tr>\n<td><strong>T\u00ean s\u1ea3n ph\u1ea9m:<\/strong><\/td>\n<td>Perseus 14mm MOD TA-15<\/td>\n<\/tr>\n<tr>\n<td><strong>Nh\u00e0 ph\u00e2n ph\u1ed1i:<\/strong><\/td>\n<td>Pickleball Vi\u1ec7t Nam<\/td>\n<\/tr>\n<tr>\n<td><strong>Surface:<\/strong><\/td>\n<td>Carbon Friction<\/td>\n<\/tr>\n<tr>\n<td><strong>Core:<\/strong><\/td>\n<td>Propulsion<\/td>\n<\/tr>\n<tr>\n<td><strong>Control:<\/strong><\/td>\n<td>96<\/td>\n<\/tr>\n<tr>\n<td><strong>Power:<\/strong><\/td>\n<td>98<\/td>\n<\/tr>\n<tr>\n<td><strong>Spin:<\/strong><\/td>\n<td>98<\/td>\n<\/tr>\n<tr>\n<td><strong>USAPA Approved:<\/strong><\/td>\n<td>Yes<\/td>\n<\/tr>\n<tr>\n<td><strong>Class:<\/strong><\/td>\n<td>Paddles : Professional (200+)<\/td>\n<\/tr>\n<tr>\n<td><strong>Average Weight:<\/strong><\/td>\n<td>7.8oz<\/td>\n<\/tr>\n<tr>\n<td><strong>Grip Type:<\/strong><\/td>\n<td>White Feel-Tec Pure<\/td>\n<\/tr>\n<tr>\n<td><strong>Grip Length:<\/strong><\/td>\n<td>5.5in<\/td>\n<\/tr>\n<\/tbody>\n<\/table><\/div>\n<\/p><\/div>\n","protected":false},"excerpt":{"rendered":"<ul class=\"list-unstyled params\">\n<li class=\"btt\">Th\u00f4ng tin s\u1ea3n ph\u1ea9m:<\/li>\n<li class=\"dyn\">\n                                            <span class=\"n\">Th\u01b0\u01a1ng hi\u1ec7u:<\/span><br \/>\n\t\t\t\t\t\t\t\t\t\t\t<span class=\"v\"><b>Joola<\/b><\/span>\n                                        <\/li>\n<li class=\"dyn\">\n                                            <span class=\"n\">Number order:<\/span><br \/>\n\t\t\t\t\t\t\t\t\t\t\t<span class=\"v\">18447<\/span>\n                                        <\/li>\n<li class=\"dyn\">\n                                            <span class=\"n\">Nh\u00e0 cung c\u1ea5p:<\/span><br \/>\n                                            \t\t\t\t\t\t\t\t\t\t\t<span class=\"v\"><b>pickle-ball.vn<\/b> &#8211; \u0110\u1ea1i l\u00fd \u1ee7y quy\u1ec1n Joola \u00ae<\/span>\n\t\t\t\t\t\t\t\t\t\t\t                                        <\/li>\n<li class=\"dyn\">\n                                            <span class=\"n\">Lo\u1ea1i s\u1ea3n ph\u1ea9m:<\/span><br \/>\n                                            <span class=\"v\">V\u1ee3t c\u00f4ng, th\u1ee7<\/span>\n                                        <\/li>\n<li class=\"dyn\">\n                                            <span class=\"n\">Ch\u1ea5t li\u1ec7u:<\/span><br \/>\n                                            <span class=\"v\">Carbon Friction<\/span>\n                                        <\/li>\n<li class=\"separator\">\n                                        <\/li>\n<li>\n                                            <span class=\"n\">Tr\u1ea1ng th\u00e1i:<\/span><br \/>\n                                            <span class=\"v\" style=\"font-weight:700;color: #d7000e\">T\u1ea1m h\u1ebft h\u00e0ng<\/span>\n                                        <\/li>\n<li>\n                                            <span class=\"n\">\u0110\u1ed9 d\u00e0y:<\/span><br \/>\n                                            <span class=\"v\">14mm<\/span>\n                                        <\/li>\n<li>\n                                            <span class=\"n\">Tr\u1ecdng l\u01b0\u1ee3ng:<\/span><br \/>\n                                            <span class=\"v\">221g<\/span>\n                                        <\/li>\n<li>\n                                            <span class=\"n\">T\u00ecnh tr\u1ea1ng:<\/span><br \/>\n                                            <span class=\"v\">M\u1edbi 100%<\/span>\n                                        <\/li>\n<li>\n                                            <span class=\"n\">B\u1ea3o h\u00e0nh:<\/span><br \/>\n                                            <span class=\"v\">Ch\u00ednh h\u00e3ng<\/span>\n                                        <\/li>\n<li>\n<p>                                            <span class=\"n\">Giao h\u00e0ng:<\/span><br \/>\n                                            <span class=\"v\">To\u00e0n qu\u1ed1c<\/span>\n                                        <\/li>\n<\/ul>\n","protected":false},"featured_media":15115,"comment_status":"closed","ping_status":"closed","template":"","meta":[],"pwb-brand":[3245],"product_cat":[2836],"product_tag":[3248,3476,3475,25,3473,3474,3417,27],"class_list":{"0":"post-15114","1":"product","2":"type-product","3":"status-publish","4":"has-post-thumbnail","6":"pwb-brand-joola","7":"product_cat-vot-pickleball","8":"product_tag-bong","9":"product_tag-joola-perseus-14mm-mod-ta-15","10":"product_tag-joola-perseus-mod-ta-15","11":"product_tag-man","12":"product_tag-mod-ta-15-pro","13":"product_tag-perseus-14mm-mod-ta-15","14":"product_tag-vot-pickleball","15":"product_tag-white","17":"first","18":"instock","19":"sale","20":"shipping-taxable","21":"purchasable","22":"product-type-simple"},"yoast_head":"<!-- This site is optimized with the Yoast SEO plugin v22.9 - https:\/\/yoast.com\/wordpress\/plugins\/seo\/ -->\n<title>V\u1ee3t PickleballJoola Perseus 14mm Mod TA-15 Pro Player Edition - PickleBall Vi\u1ec7t Nam<\/title>\n<meta name=\"robots\" content=\"index, follow, max-snippet:-1, max-image-preview:large, max-video-preview:-1\" \/>\n<link rel=\"canonical\" href=\"http:\/\/pickle-ball.vn\/vi\/-product-\/vot-pickleball\/vot-pickleball-joola-perseus-14mm-mod-ta-15-pro-player-edition\/\" \/>\n<meta name=\"twitter:label1\" content=\"\u01af\u1edbc t\u00ednh th\u1eddi gian \u0111\u1ecdc\" \/>\n\t<meta name=\"twitter:data1\" content=\"3 minutes\" \/>\n<script type=\"application\/ld+json\" class=\"yoast-schema-graph\">{\"@context\":\"https:\/\/schema.org\",\"@graph\":[{\"@type\":\"WebPage\",\"@id\":\"http:\/\/pickle-ball.vn\/vi\/-product-\/vot-pickleball\/vot-pickleball-joola-perseus-14mm-mod-ta-15-pro-player-edition\/\",\"url\":\"http:\/\/pickle-ball.vn\/vi\/-product-\/vot-pickleball\/vot-pickleball-joola-perseus-14mm-mod-ta-15-pro-player-edition\/\",\"name\":\"V\u1ee3t PickleballJoola Perseus 14mm Mod TA-15 Pro Player Edition - PickleBall Vi\u1ec7t Nam\",\"isPartOf\":{\"@id\":\"https:\/\/pickle-ball.vn\/ja\/#website\"},\"primaryImageOfPage\":{\"@id\":\"http:\/\/pickle-ball.vn\/vi\/-product-\/vot-pickleball\/vot-pickleball-joola-perseus-14mm-mod-ta-15-pro-player-edition\/#primaryimage\"},\"image\":{\"@id\":\"http:\/\/pickle-ball.vn\/vi\/-product-\/vot-pickleball\/vot-pickleball-joola-perseus-14mm-mod-ta-15-pro-player-edition\/#primaryimage\"},\"thumbnailUrl\":\"https:\/\/pickle-ball.vn\/wp-content\/uploads\/2024\/11\/joola-perseus-14mm-mod-ta-15-pro-player-edition_720x720xcrop.webp\",\"datePublished\":\"2024-11-04T08:05:25+00:00\",\"dateModified\":\"2024-11-04T08:05:33+00:00\",\"breadcrumb\":{\"@id\":\"http:\/\/pickle-ball.vn\/vi\/-product-\/vot-pickleball\/vot-pickleball-joola-perseus-14mm-mod-ta-15-pro-player-edition\/#breadcrumb\"},\"inLanguage\":\"vi\",\"potentialAction\":[{\"@type\":\"ReadAction\",\"target\":[\"http:\/\/pickle-ball.vn\/vi\/-product-\/vot-pickleball\/vot-pickleball-joola-perseus-14mm-mod-ta-15-pro-player-edition\/\"]}]},{\"@type\":\"ImageObject\",\"inLanguage\":\"vi\",\"@id\":\"http:\/\/pickle-ball.vn\/vi\/-product-\/vot-pickleball\/vot-pickleball-joola-perseus-14mm-mod-ta-15-pro-player-edition\/#primaryimage\",\"url\":\"https:\/\/pickle-ball.vn\/wp-content\/uploads\/2024\/11\/joola-perseus-14mm-mod-ta-15-pro-player-edition_720x720xcrop.webp\",\"contentUrl\":\"https:\/\/pickle-ball.vn\/wp-content\/uploads\/2024\/11\/joola-perseus-14mm-mod-ta-15-pro-player-edition_720x720xcrop.webp\",\"width\":720,\"height\":720,\"caption\":\"Perseus 14mm Mod TA-15 Pro Player Edition\"},{\"@type\":\"BreadcrumbList\",\"@id\":\"http:\/\/pickle-ball.vn\/vi\/-product-\/vot-pickleball\/vot-pickleball-joola-perseus-14mm-mod-ta-15-pro-player-edition\/#breadcrumb\",\"itemListElement\":[{\"@type\":\"ListItem\",\"position\":1,\"name\":\"Home\",\"item\":\"https:\/\/pickle-ball.vn\/ja\/\"},{\"@type\":\"ListItem\",\"position\":2,\"name\":\"Shop\",\"item\":\"https:\/\/pickle-ball.vn\/vi\/shop\/\"},{\"@type\":\"ListItem\",\"position\":3,\"name\":\"V\u1ee3t PickleballJoola Perseus 14mm Mod TA-15 Pro Player Edition\"}]},{\"@type\":\"WebSite\",\"@id\":\"https:\/\/pickle-ball.vn\/ja\/#website\",\"url\":\"https:\/\/pickle-ball.vn\/ja\/\",\"name\":\"Jabra\",\"description\":\"\",\"publisher\":{\"@id\":\"https:\/\/pickle-ball.vn\/ja\/#organization\"},\"potentialAction\":[{\"@type\":\"SearchAction\",\"target\":{\"@type\":\"EntryPoint\",\"urlTemplate\":\"https:\/\/pickle-ball.vn\/ja\/?s={search_term_string}\"},\"query-input\":\"required name=search_term_string\"}],\"inLanguage\":\"vi\"},{\"@type\":\"Organization\",\"@id\":\"https:\/\/pickle-ball.vn\/ja\/#organization\",\"name\":\"Jabra\",\"url\":\"https:\/\/pickle-ball.vn\/ja\/\",\"logo\":{\"@type\":\"ImageObject\",\"inLanguage\":\"vi\",\"@id\":\"https:\/\/pickle-ball.vn\/ja\/#\/schema\/logo\/image\/\",\"url\":\"\",\"contentUrl\":\"\",\"caption\":\"Jabra\"},\"image\":{\"@id\":\"https:\/\/pickle-ball.vn\/ja\/#\/schema\/logo\/image\/\"}}]}<\/script>\n<!-- \/ Yoast SEO plugin. -->","yoast_head_json":{"title":"V\u1ee3t PickleballJoola Perseus 14mm Mod TA-15 Pro Player Edition - PickleBall Vi\u1ec7t Nam","robots":{"index":"index","follow":"follow","max-snippet":"max-snippet:-1","max-image-preview":"max-image-preview:large","max-video-preview":"max-video-preview:-1"},"canonical":"http:\/\/pickle-ball.vn\/vi\/-product-\/vot-pickleball\/vot-pickleball-joola-perseus-14mm-mod-ta-15-pro-player-edition\/","twitter_misc":{"\u01af\u1edbc t\u00ednh th\u1eddi gian \u0111\u1ecdc":"3 minutes"},"schema":{"@context":"https:\/\/schema.org","@graph":[{"@type":"WebPage","@id":"http:\/\/pickle-ball.vn\/vi\/-product-\/vot-pickleball\/vot-pickleball-joola-perseus-14mm-mod-ta-15-pro-player-edition\/","url":"http:\/\/pickle-ball.vn\/vi\/-product-\/vot-pickleball\/vot-pickleball-joola-perseus-14mm-mod-ta-15-pro-player-edition\/","name":"V\u1ee3t PickleballJoola Perseus 14mm Mod TA-15 Pro Player Edition - PickleBall Vi\u1ec7t Nam","isPartOf":{"@id":"https:\/\/pickle-ball.vn\/ja\/#website"},"primaryImageOfPage":{"@id":"http:\/\/pickle-ball.vn\/vi\/-product-\/vot-pickleball\/vot-pickleball-joola-perseus-14mm-mod-ta-15-pro-player-edition\/#primaryimage"},"image":{"@id":"http:\/\/pickle-ball.vn\/vi\/-product-\/vot-pickleball\/vot-pickleball-joola-perseus-14mm-mod-ta-15-pro-player-edition\/#primaryimage"},"thumbnailUrl":"https:\/\/pickle-ball.vn\/wp-content\/uploads\/2024\/11\/joola-perseus-14mm-mod-ta-15-pro-player-edition_720x720xcrop.webp","datePublished":"2024-11-04T08:05:25+00:00","dateModified":"2024-11-04T08:05:33+00:00","breadcrumb":{"@id":"http:\/\/pickle-ball.vn\/vi\/-product-\/vot-pickleball\/vot-pickleball-joola-perseus-14mm-mod-ta-15-pro-player-edition\/#breadcrumb"},"inLanguage":"vi","potentialAction":[{"@type":"ReadAction","target":["http:\/\/pickle-ball.vn\/vi\/-product-\/vot-pickleball\/vot-pickleball-joola-perseus-14mm-mod-ta-15-pro-player-edition\/"]}]},{"@type":"ImageObject","inLanguage":"vi","@id":"http:\/\/pickle-ball.vn\/vi\/-product-\/vot-pickleball\/vot-pickleball-joola-perseus-14mm-mod-ta-15-pro-player-edition\/#primaryimage","url":"https:\/\/pickle-ball.vn\/wp-content\/uploads\/2024\/11\/joola-perseus-14mm-mod-ta-15-pro-player-edition_720x720xcrop.webp","contentUrl":"https:\/\/pickle-ball.vn\/wp-content\/uploads\/2024\/11\/joola-perseus-14mm-mod-ta-15-pro-player-edition_720x720xcrop.webp","width":720,"height":720,"caption":"Perseus 14mm Mod TA-15 Pro Player Edition"},{"@type":"BreadcrumbList","@id":"http:\/\/pickle-ball.vn\/vi\/-product-\/vot-pickleball\/vot-pickleball-joola-perseus-14mm-mod-ta-15-pro-player-edition\/#breadcrumb","itemListElement":[{"@type":"ListItem","position":1,"name":"Home","item":"https:\/\/pickle-ball.vn\/ja\/"},{"@type":"ListItem","position":2,"name":"Shop","item":"https:\/\/pickle-ball.vn\/vi\/shop\/"},{"@type":"ListItem","position":3,"name":"V\u1ee3t PickleballJoola Perseus 14mm Mod TA-15 Pro Player Edition"}]},{"@type":"WebSite","@id":"https:\/\/pickle-ball.vn\/ja\/#website","url":"https:\/\/pickle-ball.vn\/ja\/","name":"Jabra","description":"","publisher":{"@id":"https:\/\/pickle-ball.vn\/ja\/#organization"},"potentialAction":[{"@type":"SearchAction","target":{"@type":"EntryPoint","urlTemplate":"https:\/\/pickle-ball.vn\/ja\/?s={search_term_string}"},"query-input":"required name=search_term_string"}],"inLanguage":"vi"},{"@type":"Organization","@id":"https:\/\/pickle-ball.vn\/ja\/#organization","name":"Jabra","url":"https:\/\/pickle-ball.vn\/ja\/","logo":{"@type":"ImageObject","inLanguage":"vi","@id":"https:\/\/pickle-ball.vn\/ja\/#\/schema\/logo\/image\/","url":"","contentUrl":"","caption":"Jabra"},"image":{"@id":"https:\/\/pickle-ball.vn\/ja\/#\/schema\/logo\/image\/"}}]}},"brands":[{"id":3245,"name":"Joola","slug":"joola"}],"_links":{"self":[{"href":"https:\/\/pickle-ball.vn\/vi\/wp-json\/wp\/v2\/product\/15114","targetHints":{"allow":["GET"]}}],"collection":[{"href":"https:\/\/pickle-ball.vn\/vi\/wp-json\/wp\/v2\/product"}],"about":[{"href":"https:\/\/pickle-ball.vn\/vi\/wp-json\/wp\/v2\/types\/product"}],"replies":[{"embeddable":true,"href":"https:\/\/pickle-ball.vn\/vi\/wp-json\/wp\/v2\/comments?post=15114"}],"wp:featuredmedia":[{"embeddable":true,"href":"https:\/\/pickle-ball.vn\/vi\/wp-json\/wp\/v2\/media\/15115"}],"wp:attachment":[{"href":"https:\/\/pickle-ball.vn\/vi\/wp-json\/wp\/v2\/media?parent=15114"}],"wp:term":[{"taxonomy":"pwb-brand","embeddable":true,"href":"https:\/\/pickle-ball.vn\/vi\/wp-json\/wp\/v2\/pwb-brand?post=15114"},{"taxonomy":"product_cat","embeddable":true,"href":"https:\/\/pickle-ball.vn\/vi\/wp-json\/wp\/v2\/product_cat?post=15114"},{"taxonomy":"product_tag","embeddable":true,"href":"https:\/\/pickle-ball.vn\/vi\/wp-json\/wp\/v2\/product_tag?post=15114"}],"curies":[{"name":"wp","href":"https:\/\/api.w.org\/{rel}","templated":true}]}}