{"id":15166,"date":"2024-11-04T15:30:39","date_gmt":"2024-11-04T08:30:39","guid":{"rendered":"http:\/\/pickle-ball.vn\/-product-\/uncategorized\/balo-joola-britto-tour-elite-bags-hot-pink\/"},"modified":"2024-11-04T15:30:43","modified_gmt":"2024-11-04T08:30:43","slug":"balo-joola-britto-tour-elite-bags-hot-pink","status":"publish","type":"product","link":"https:\/\/pickle-ball.vn\/vi\/-product-\/phu-kien-pickleball\/balo-joola-britto-tour-elite-bags-hot-pink\/","title":{"rendered":"Balo Joola Britto Tour Elite Bags Hot Pink"},"content":{"rendered":"<div role=\"tabpanel\" class=\"tab-pane active\" id=\"tab-product-info\">\n<div class=\"vh-content\">\n<h2><strong>Balo Joola Britto Tour Elite Bags Hot Pink ch\u00ednh h\u00e3ng<\/strong><\/h2>\n<p><strong>Balo Joola Britto Tour Elite Bags Hot Pink<\/strong> l\u00e0 t\u00fai \u0111\u1ef1ng v\u1ee3t, balo \u0111\u1ef1ng v\u1ee3t pickleball m\u00e0 b\u1ea5t c\u1ee9 ng\u01b0\u1eddi ch\u01a1i n\u00e0o c\u0169ng c\u1ea7n thi\u1ebft. Balo Joola Britto Tour Elite Bags Hot Pink c\u00f3 m\u00e0u h\u1ed3ng n\u1eef t\u00ednh, v\u00e0 c\u0169ng ch\u1ec9 n\u1eb7ng c\u00f3 1,36kg n\u00ean r\u1ea5t th\u00edch h\u1ee3p cho nh\u1eefng ng\u01b0\u1eddi ch\u01a1i l\u00e0 ph\u1ee5 n\u1eef. N\u00f3 \u0111\u01b0\u1ee3c thi\u1ebft k\u1ebf v\u1edbi m\u00f3c balo, c\u00f3 th\u1ec3 linh ho\u1ea1t s\u1eed d\u1ee5ng nh\u01b0 1 chi\u1ebfc vali x\u00e1ch tay ho\u1eb7c chuy\u1ec3n \u0111\u1ed5i sang d\u1ea1ng \u0111eo nh\u01b0 balo mang t\u1edbi s\u1ef1 thu\u1eadn ti\u1ec7n v\u00e0 linh ho\u1ea1t cho ng\u01b0\u1eddi d\u00f9ng.<\/p>\n<p style=\"text-align:center\"><img decoding=\"async\" alt=\"Balo Joola Britto Tour Elite Bags Hot Pink\" class=\"lazy\" src=\"http:\/\/pickle-ball.vn\/wp-content\/uploads\/2024\/11\/britto-tour-elite-bags-hot-pink.webp\" style=\"height:525px;width:750px\" title=\"Balo Joola Britto Tour Elite Bags Hot Pink\"><\/p>\n<p style=\"text-align:center\">Balo Joola Britto Tour Elite Bags Hot Pink ch\u00ednh h\u00e3ng t\u1ea1i Pickleball Vi\u1ec7t Nam<\/p>\n<p>Balo Joola Britto Tour Elite Bags Hot Pink \u0111\u01b0\u1ee3c l\u00e0m t\u1eeb ch\u1ea5t li\u1ec7u cao c\u1ea5p, c\u00f3 \u0111\u1ed9 b\u1ec1n cao. Ngo\u00e0i ra, n\u00f3 c\u0169ng \u0111\u01b0\u1ee3c thi\u1ebft k\u1ebf v\u1edbi nhi\u1ec1u t\u00fai kh\u00f3a \u0111\u1ec3 t\u1ed1i \u01b0u h\u00f3a nhu c\u1ea7u s\u1eed d\u1ee5ng c\u1ee7a ng\u01b0\u1eddi ch\u01a1i. To\u00e0n b\u1ed9 Balo Joola Britto Tour Elite Bags Hot Pink c\u00f3 8 t\u00fai kh\u00f3a, trong \u0111\u00f3, khoang t\u00fai ch\u00ednh \u1edf gi\u1eefa r\u1ed9ng nh\u1ea5t c\u00f3 th\u1ec3 \u0111\u1ec3 ch\u1ee9a qu\u1ea7n \u00e1o, b\u00ecnh n\u01b0\u1edbc hay nhi\u1ec1u ph\u1ee5 ki\u1ec7n kh\u00e1c. Hai b\u00ean h\u00f4ng balo l\u00e0 2 t\u00fai \u0111\u1ef1ng v\u1ee3t v\u1edbi s\u1ee9c ch\u1ee9a t\u1ed1i \u0111a 4 v\u1ee3t, ngo\u00e0i c\u00f9ng l\u00e0 4 t\u00fai nh\u1ecf \u0111\u1ec3 c\u00e1c ph\u1ee5 ki\u1ec7n kh\u00e1c v\u00e0 t\u00e1ch bi\u1ec7t \u1edf ph\u00eda d\u01b0\u1edbi c\u1ee7a balo l\u00e0 t\u00fai \u0111\u1ec3 \u0111\u1ef1ng gi\u00e0y.<\/p>\n<p style=\"text-align:center\"><img decoding=\"async\" alt=\"Balo Joola Britto Tour Elite Bags Hot Pink\" class=\"lazy\" src=\"http:\/\/pickle-ball.vn\/wp-content\/uploads\/2024\/11\/britto-tour-elite-bags-hot-pink-1.webp\" style=\"height:525px;width:750px\" title=\"Balo Joola Britto Tour Elite Bags Hot Pink\"><\/p>\n<p style=\"text-align:center\">Balo Joola Britto Tour Elite Bags Hot Pink ch\u00ednh h\u00e3ng t\u1ea1i Pickleball Vi\u1ec7t Nam<\/p>\n<p>Balo Joola Britto Tour Elite Bags Hot Pink ch\u00ednh h\u00e3ng, k\u00edch th\u01b0\u1edbc 16in x 24in x 11in, n\u1eb7ng 1,36kg thu\u1eadn ti\u1ec7n cho vi\u1ec7c di chuy\u1ec3n v\u00e0 s\u1eed d\u1ee5ng.<\/p>\n<h3><strong>Nh\u1eefng th\u00f4ng tin ch\u00ednh tr\u00ean Balo Joola Britto Tour Elite Bags Hot Pink<\/strong><\/h3>\n<table>\n<tbody>\n<tr>\n<td>T\u00ean s\u1ea3n ph\u1ea9m<\/td>\n<td>Britto Tour Elite Bags Hot Pink<\/td>\n<\/tr>\n<tr>\n<td>H\u00e3ng<\/td>\n<td>JOOLA<\/td>\n<\/tr>\n<tr>\n<td>M\u00e3 s\u1ea3n ph\u1ea9m<\/td>\n<td>17302<\/td>\n<\/tr>\n<tr>\n<td>K\u00edch th\u01b0\u1edbc<\/td>\n<td>16in x 24in x 11in<\/td>\n<\/tr>\n<tr>\n<td>C\u00e1ch nhi\u1ec7t<\/td>\n<td>C\u00f3<\/td>\n<\/tr>\n<tr>\n<td>T\u00fai \u0111\u1ef1ng v\u1ee3t<\/td>\n<td>S\u1ed1 l\u01b0\u1ee3ng 2, m\u1ed7i t\u00fai \u0111\u1ef1ng \u0111\u01b0\u1ee3c 2 v\u1ee3t<\/td>\n<\/tr>\n<tr>\n<td>C\u00f4ng d\u1ee5ng<\/td>\n<td>T\u00fai \u0111\u1ef1ng thi\u1ebft b\u1ecb, t\u00fai du l\u1ecbch, ba l\u00f4<\/td>\n<\/tr>\n<tr>\n<td>Tr\u1ecdng l\u01b0\u1ee3ng<\/td>\n<td>1,36kg<\/td>\n<\/tr>\n<\/tbody>\n<\/table>\n<p>Balo Joola Britto Tour Elite Bags Hot Pink ch\u00ednh h\u00e3ng, k\u00edch th\u01b0\u1edbc 16in x 24in x 11in, n\u1eb7ng 1,36kg thu\u1eadn ti\u1ec7n cho vi\u1ec7c di chuy\u1ec3n v\u00e0 s\u1eed d\u1ee5ng. Balo Joola Britto Tour Elite Bags Hot Pink ch\u00ednh h\u00e3ng \u0111ang \u0111\u01b0\u1ee3c ph\u00e2n ph\u1ed1i b\u1edfi Pickleball Vi\u1ec7t Nam, h\u00e3y li\u00ean h\u1ec7 v\u1edbi ch\u00fang t\u00f4i 0.87654321.9 \u0111\u1ec3 \u0111\u01b0\u1ee3c t\u01b0 v\u1ea5n, h\u1ed7 tr\u1ee3.<\/p>\n<\/p><\/div>\n<\/p><\/div>\n","protected":false},"excerpt":{"rendered":"<ul class=\"list-unstyled params\">\n<li class=\"btt\">Th\u00f4ng tin s\u1ea3n ph\u1ea9m:<\/li>\n<li class=\"dyn\">\n                                            <span class=\"n\">Th\u01b0\u01a1ng hi\u1ec7u:<\/span><br \/>\n\t\t\t\t\t\t\t\t\t\t\t<span class=\"v\"><b>Joola<\/b><\/span>\n                                        <\/li>\n<li class=\"dyn\">\n                                            <span class=\"n\">Number order:<\/span><br \/>\n\t\t\t\t\t\t\t\t\t\t\t<span class=\"v\">17302<\/span>\n                                        <\/li>\n<li class=\"dyn\">\n                                            <span class=\"n\">Nh\u00e0 cung c\u1ea5p:<\/span><br \/>\n                                            \t\t\t\t\t\t\t\t\t\t\t<span class=\"v\"><b>pickle-ball.vn<\/b> &#8211; \u0110\u1ea1i l\u00fd \u1ee7y quy\u1ec1n Joola \u00ae<\/span>\n\t\t\t\t\t\t\t\t\t\t\t                                        <\/li>\n<li class=\"dyn\">\n                                            <span class=\"n\">Lo\u1ea1i s\u1ea3n ph\u1ea9m:<\/span><br \/>\n                                            <span class=\"v\">Balo<\/span>\n                                        <\/li>\n<li class=\"separator\">\n                                        <\/li>\n<li>\n                                            <span class=\"n\">Tr\u1ea1ng th\u00e1i:<\/span><br \/>\n                                            <span class=\"v\" style=\"font-weight:700;color: #d7000e\">T\u1ea1m h\u1ebft h\u00e0ng<\/span>\n                                        <\/li>\n<li>\n                                            <span class=\"n\">Tr\u1ecdng l\u01b0\u1ee3ng:<\/span><br \/>\n                                            <span class=\"v\">1,36kg<\/span>\n                                        <\/li>\n<li>\n                                            <span class=\"n\">T\u00ecnh tr\u1ea1ng:<\/span><br \/>\n                                            <span class=\"v\">M\u1edbi 100%<\/span>\n                                        <\/li>\n<li>\n                                            <span class=\"n\">B\u1ea3o h\u00e0nh:<\/span><br \/>\n                                            <span class=\"v\">Ch\u00ednh h\u00e3ng<\/span>\n                                        <\/li>\n<li>\n<p>                                            <span class=\"n\">Giao h\u00e0ng:<\/span><br \/>\n                                            <span class=\"v\">To\u00e0n qu\u1ed1c<\/span>\n                                        <\/li>\n<\/ul>\n","protected":false},"featured_media":15167,"comment_status":"closed","ping_status":"closed","template":"","meta":[],"pwb-brand":[3245],"product_cat":[3232],"product_tag":[3502,3503],"class_list":{"0":"post-15166","1":"product","2":"type-product","3":"status-publish","4":"has-post-thumbnail","6":"pwb-brand-joola","7":"product_cat-phu-kien-pickleball","8":"product_tag-balo-joola-britto-tour-elite-bags-hot-pink","9":"product_tag-britto-tour-elite-bags-hot-pink","11":"first","12":"instock","13":"shipping-taxable","14":"product-type-simple"},"yoast_head":"<!-- This site is optimized with the Yoast SEO plugin v22.9 - https:\/\/yoast.com\/wordpress\/plugins\/seo\/ -->\n<title>Balo Joola Britto Tour Elite Bags Hot Pink - PickleBall Vi\u1ec7t Nam<\/title>\n<meta name=\"robots\" content=\"index, follow, max-snippet:-1, max-image-preview:large, max-video-preview:-1\" \/>\n<link rel=\"canonical\" href=\"http:\/\/pickle-ball.vn\/vi\/-product-\/phu-kien-pickleball\/balo-joola-britto-tour-elite-bags-hot-pink\/\" \/>\n<meta name=\"twitter:label1\" content=\"\u01af\u1edbc t\u00ednh th\u1eddi gian \u0111\u1ecdc\" \/>\n\t<meta name=\"twitter:data1\" content=\"3 minutes\" \/>\n<script type=\"application\/ld+json\" class=\"yoast-schema-graph\">{\"@context\":\"https:\/\/schema.org\",\"@graph\":[{\"@type\":\"WebPage\",\"@id\":\"http:\/\/pickle-ball.vn\/vi\/-product-\/phu-kien-pickleball\/balo-joola-britto-tour-elite-bags-hot-pink\/\",\"url\":\"http:\/\/pickle-ball.vn\/vi\/-product-\/phu-kien-pickleball\/balo-joola-britto-tour-elite-bags-hot-pink\/\",\"name\":\"Balo Joola Britto Tour Elite Bags Hot Pink - PickleBall Vi\u1ec7t Nam\",\"isPartOf\":{\"@id\":\"https:\/\/pickle-ball.vn\/ja\/#website\"},\"primaryImageOfPage\":{\"@id\":\"http:\/\/pickle-ball.vn\/vi\/-product-\/phu-kien-pickleball\/balo-joola-britto-tour-elite-bags-hot-pink\/#primaryimage\"},\"image\":{\"@id\":\"http:\/\/pickle-ball.vn\/vi\/-product-\/phu-kien-pickleball\/balo-joola-britto-tour-elite-bags-hot-pink\/#primaryimage\"},\"thumbnailUrl\":\"https:\/\/pickle-ball.vn\/wp-content\/uploads\/2024\/11\/britto-tour-elite-bags-hot-pink_720x720xcrop.webp\",\"datePublished\":\"2024-11-04T08:30:39+00:00\",\"dateModified\":\"2024-11-04T08:30:43+00:00\",\"breadcrumb\":{\"@id\":\"http:\/\/pickle-ball.vn\/vi\/-product-\/phu-kien-pickleball\/balo-joola-britto-tour-elite-bags-hot-pink\/#breadcrumb\"},\"inLanguage\":\"vi\",\"potentialAction\":[{\"@type\":\"ReadAction\",\"target\":[\"http:\/\/pickle-ball.vn\/vi\/-product-\/phu-kien-pickleball\/balo-joola-britto-tour-elite-bags-hot-pink\/\"]}]},{\"@type\":\"ImageObject\",\"inLanguage\":\"vi\",\"@id\":\"http:\/\/pickle-ball.vn\/vi\/-product-\/phu-kien-pickleball\/balo-joola-britto-tour-elite-bags-hot-pink\/#primaryimage\",\"url\":\"https:\/\/pickle-ball.vn\/wp-content\/uploads\/2024\/11\/britto-tour-elite-bags-hot-pink_720x720xcrop.webp\",\"contentUrl\":\"https:\/\/pickle-ball.vn\/wp-content\/uploads\/2024\/11\/britto-tour-elite-bags-hot-pink_720x720xcrop.webp\",\"width\":720,\"height\":720,\"caption\":\"Britto Tour Elite Bags Hot Pink\"},{\"@type\":\"BreadcrumbList\",\"@id\":\"http:\/\/pickle-ball.vn\/vi\/-product-\/phu-kien-pickleball\/balo-joola-britto-tour-elite-bags-hot-pink\/#breadcrumb\",\"itemListElement\":[{\"@type\":\"ListItem\",\"position\":1,\"name\":\"Home\",\"item\":\"https:\/\/pickle-ball.vn\/ja\/\"},{\"@type\":\"ListItem\",\"position\":2,\"name\":\"Shop\",\"item\":\"https:\/\/pickle-ball.vn\/vi\/shop\/\"},{\"@type\":\"ListItem\",\"position\":3,\"name\":\"Balo Joola Britto Tour Elite Bags Hot Pink\"}]},{\"@type\":\"WebSite\",\"@id\":\"https:\/\/pickle-ball.vn\/ja\/#website\",\"url\":\"https:\/\/pickle-ball.vn\/ja\/\",\"name\":\"Jabra\",\"description\":\"\",\"publisher\":{\"@id\":\"https:\/\/pickle-ball.vn\/ja\/#organization\"},\"potentialAction\":[{\"@type\":\"SearchAction\",\"target\":{\"@type\":\"EntryPoint\",\"urlTemplate\":\"https:\/\/pickle-ball.vn\/ja\/?s={search_term_string}\"},\"query-input\":\"required name=search_term_string\"}],\"inLanguage\":\"vi\"},{\"@type\":\"Organization\",\"@id\":\"https:\/\/pickle-ball.vn\/ja\/#organization\",\"name\":\"Jabra\",\"url\":\"https:\/\/pickle-ball.vn\/ja\/\",\"logo\":{\"@type\":\"ImageObject\",\"inLanguage\":\"vi\",\"@id\":\"https:\/\/pickle-ball.vn\/ja\/#\/schema\/logo\/image\/\",\"url\":\"\",\"contentUrl\":\"\",\"caption\":\"Jabra\"},\"image\":{\"@id\":\"https:\/\/pickle-ball.vn\/ja\/#\/schema\/logo\/image\/\"}}]}<\/script>\n<!-- \/ Yoast SEO plugin. -->","yoast_head_json":{"title":"Balo Joola Britto Tour Elite Bags Hot Pink - PickleBall Vi\u1ec7t Nam","robots":{"index":"index","follow":"follow","max-snippet":"max-snippet:-1","max-image-preview":"max-image-preview:large","max-video-preview":"max-video-preview:-1"},"canonical":"http:\/\/pickle-ball.vn\/vi\/-product-\/phu-kien-pickleball\/balo-joola-britto-tour-elite-bags-hot-pink\/","twitter_misc":{"\u01af\u1edbc t\u00ednh th\u1eddi gian \u0111\u1ecdc":"3 minutes"},"schema":{"@context":"https:\/\/schema.org","@graph":[{"@type":"WebPage","@id":"http:\/\/pickle-ball.vn\/vi\/-product-\/phu-kien-pickleball\/balo-joola-britto-tour-elite-bags-hot-pink\/","url":"http:\/\/pickle-ball.vn\/vi\/-product-\/phu-kien-pickleball\/balo-joola-britto-tour-elite-bags-hot-pink\/","name":"Balo Joola Britto Tour Elite Bags Hot Pink - PickleBall Vi\u1ec7t Nam","isPartOf":{"@id":"https:\/\/pickle-ball.vn\/ja\/#website"},"primaryImageOfPage":{"@id":"http:\/\/pickle-ball.vn\/vi\/-product-\/phu-kien-pickleball\/balo-joola-britto-tour-elite-bags-hot-pink\/#primaryimage"},"image":{"@id":"http:\/\/pickle-ball.vn\/vi\/-product-\/phu-kien-pickleball\/balo-joola-britto-tour-elite-bags-hot-pink\/#primaryimage"},"thumbnailUrl":"https:\/\/pickle-ball.vn\/wp-content\/uploads\/2024\/11\/britto-tour-elite-bags-hot-pink_720x720xcrop.webp","datePublished":"2024-11-04T08:30:39+00:00","dateModified":"2024-11-04T08:30:43+00:00","breadcrumb":{"@id":"http:\/\/pickle-ball.vn\/vi\/-product-\/phu-kien-pickleball\/balo-joola-britto-tour-elite-bags-hot-pink\/#breadcrumb"},"inLanguage":"vi","potentialAction":[{"@type":"ReadAction","target":["http:\/\/pickle-ball.vn\/vi\/-product-\/phu-kien-pickleball\/balo-joola-britto-tour-elite-bags-hot-pink\/"]}]},{"@type":"ImageObject","inLanguage":"vi","@id":"http:\/\/pickle-ball.vn\/vi\/-product-\/phu-kien-pickleball\/balo-joola-britto-tour-elite-bags-hot-pink\/#primaryimage","url":"https:\/\/pickle-ball.vn\/wp-content\/uploads\/2024\/11\/britto-tour-elite-bags-hot-pink_720x720xcrop.webp","contentUrl":"https:\/\/pickle-ball.vn\/wp-content\/uploads\/2024\/11\/britto-tour-elite-bags-hot-pink_720x720xcrop.webp","width":720,"height":720,"caption":"Britto Tour Elite Bags Hot Pink"},{"@type":"BreadcrumbList","@id":"http:\/\/pickle-ball.vn\/vi\/-product-\/phu-kien-pickleball\/balo-joola-britto-tour-elite-bags-hot-pink\/#breadcrumb","itemListElement":[{"@type":"ListItem","position":1,"name":"Home","item":"https:\/\/pickle-ball.vn\/ja\/"},{"@type":"ListItem","position":2,"name":"Shop","item":"https:\/\/pickle-ball.vn\/vi\/shop\/"},{"@type":"ListItem","position":3,"name":"Balo Joola Britto Tour Elite Bags Hot Pink"}]},{"@type":"WebSite","@id":"https:\/\/pickle-ball.vn\/ja\/#website","url":"https:\/\/pickle-ball.vn\/ja\/","name":"Jabra","description":"","publisher":{"@id":"https:\/\/pickle-ball.vn\/ja\/#organization"},"potentialAction":[{"@type":"SearchAction","target":{"@type":"EntryPoint","urlTemplate":"https:\/\/pickle-ball.vn\/ja\/?s={search_term_string}"},"query-input":"required name=search_term_string"}],"inLanguage":"vi"},{"@type":"Organization","@id":"https:\/\/pickle-ball.vn\/ja\/#organization","name":"Jabra","url":"https:\/\/pickle-ball.vn\/ja\/","logo":{"@type":"ImageObject","inLanguage":"vi","@id":"https:\/\/pickle-ball.vn\/ja\/#\/schema\/logo\/image\/","url":"","contentUrl":"","caption":"Jabra"},"image":{"@id":"https:\/\/pickle-ball.vn\/ja\/#\/schema\/logo\/image\/"}}]}},"brands":[{"id":3245,"name":"Joola","slug":"joola"}],"_links":{"self":[{"href":"https:\/\/pickle-ball.vn\/vi\/wp-json\/wp\/v2\/product\/15166","targetHints":{"allow":["GET"]}}],"collection":[{"href":"https:\/\/pickle-ball.vn\/vi\/wp-json\/wp\/v2\/product"}],"about":[{"href":"https:\/\/pickle-ball.vn\/vi\/wp-json\/wp\/v2\/types\/product"}],"replies":[{"embeddable":true,"href":"https:\/\/pickle-ball.vn\/vi\/wp-json\/wp\/v2\/comments?post=15166"}],"wp:featuredmedia":[{"embeddable":true,"href":"https:\/\/pickle-ball.vn\/vi\/wp-json\/wp\/v2\/media\/15167"}],"wp:attachment":[{"href":"https:\/\/pickle-ball.vn\/vi\/wp-json\/wp\/v2\/media?parent=15166"}],"wp:term":[{"taxonomy":"pwb-brand","embeddable":true,"href":"https:\/\/pickle-ball.vn\/vi\/wp-json\/wp\/v2\/pwb-brand?post=15166"},{"taxonomy":"product_cat","embeddable":true,"href":"https:\/\/pickle-ball.vn\/vi\/wp-json\/wp\/v2\/product_cat?post=15166"},{"taxonomy":"product_tag","embeddable":true,"href":"https:\/\/pickle-ball.vn\/vi\/wp-json\/wp\/v2\/product_tag?post=15166"}],"curies":[{"name":"wp","href":"https:\/\/api.w.org\/{rel}","templated":true}]}}