{"id":16114,"date":"2025-02-06T18:46:05","date_gmt":"2025-02-06T11:46:05","guid":{"rendered":"http:\/\/pickle-ball.vn\/-product-\/uncategorized\/vot-pickleball-vot-pickleball-slk-halo-control-max-volt-green-control\/"},"modified":"2025-02-06T18:46:16","modified_gmt":"2025-02-06T11:46:16","slug":"vot-pickleball-vot-pickleball-slk-halo-control-max-volt-green-control","status":"publish","type":"product","link":"https:\/\/pickle-ball.vn\/vi\/-product-\/vot-pickleball\/vot-pickleball-vot-pickleball-slk-halo-control-max-volt-green-control\/","title":{"rendered":"V\u1ee3t PickleballV\u1ee3t Pickleball SLK Halo Control Max Volt Green Control"},"content":{"rendered":"<div role=\"tabpanel\" class=\"tab-pane active\" id=\"tab-product-info\">\n<div class=\"vh-content\">\n<h2><strong>V\u1ee3t Pickleball SLK Halo Control Max Volt Green Control th\u1ebf h\u1ec7 m\u1edbi<\/strong><\/h2>\n<p><strong>V\u1ee3t Pickleball SLK Halo Control Max Volt Green Control<\/strong> \u0111\u01b0\u1ee3c thi\u1ebft k\u1ebf d\u00e0nh cho ng\u01b0\u1eddi m\u1edbi b\u1eaft \u0111\u1ea7u \u0111\u1ebfn ng\u01b0\u1eddi ch\u01a1i n\u00e2ng cao \u0111ang t\u00ecm ki\u1ebfm m\u1ed9t c\u00e2y v\u1ee3t \u0111i\u1ec7n d\u1ec5 s\u1eed d\u1ee5ng. <strong>V\u1ee3t Pickleball<\/strong> n\u00e0y \u0111\u01b0\u1ee3c l\u00e0m b\u1eb1ng s\u1ee3i carbon th\u00f4 T700, SLK HALO Power s\u1ebd mang \u0111\u1ebfn cho ng\u01b0\u1eddi ch\u01a1i pickleball s\u1ee9c m\u1ea1nh \u0111\u1eb7c bi\u1ec7t tr\u00ean s\u00e2n.<br \/>\n\u0110\u01b0\u1ee3c thi\u1ebft k\u1ebf cho nh\u1eefng ng\u01b0\u1eddi ch\u01a1i hung h\u0103ng mu\u1ed1n c\u00f3 chi\u1ec1u d\u00e0i m\u1edf r\u1ed9ng v\u00e0 s\u1ee9c m\u1ea1nh t\u0103ng l\u00ean, h\u00ecnh d\u1ea1ng m\u00e1i ch\u00e8o XL mang l\u1ea1i hi\u1ec7u su\u1ea5t v\u00f4 song tr\u00ean s\u00e2n.<\/p>\n<p style=\"text-align:center\"><img decoding=\"async\" alt=\"V\u1ee3t Pickleball SLK Halo Control Max Volt Green Control\" class=\"lazy\" src=\"http:\/\/pickle-ball.vn\/wp-content\/uploads\/2025\/02\/vot-pickleball-slk-halo-control-max-volt-green-control-01.webp\" style=\"height:800px;width:800px\" title=\"V\u1ee3t Pickleball SLK Halo Control Max Volt Green Control\"><\/p>\n<p>V\u1edbi di\u1ec7n t\u00edch b\u1ec1 m\u1eb7t v\u00e0 \u0111i\u1ec3m ng\u1ecdt l\u1edbn nh\u1ea5t trong t\u1ea5t c\u1ea3 c\u00e1c h\u00ecnh d\u1ea1ng v\u1ee3t, Max \u0111\u01b0\u1ee3c thi\u1ebft k\u1ebf \u0111\u1ec3 cung c\u1ea5p cho ng\u01b0\u1eddi ch\u01a1i c\u00e2n b\u1eb1ng v\u1edbi hi\u1ec7u su\u1ea5t v\u00f4 song tr\u00ean s\u00e2n. V\u1edbi \u0111i\u1ec3m ng\u1ecdt t\u1ed1i \u0111a v\u00e0 di\u1ec7n t\u00edch b\u1ec1 m\u1eb7t r\u1ed9ng r\u00e3i, h\u00ecnh d\u1ea1ng Max mang l\u1ea1i s\u1ee9c m\u1ea1nh v\u00e0 kh\u1ea3 n\u0103ng ki\u1ec3m so\u00e1t t\u1ed1i \u01b0u, khi\u1ebfn n\u00f3 tr\u1edf th\u00e0nh h\u00ecnh d\u1ea1ng l\u00fd t\u01b0\u1edfng cho ng\u01b0\u1eddi ch\u01a1i \u1edf m\u1ecdi c\u1ea5p \u0111\u1ed9 k\u1ef9 n\u0103ng.<\/p>\n<p style=\"text-align:center\"><img decoding=\"async\" alt=\"V\u1ee3t Pickleball SLK Halo Control Max Volt Green Control\" class=\"lazy\" src=\"http:\/\/pickle-ball.vn\/wp-content\/uploads\/2025\/02\/vot-pickleball-slk-halo-control-max-volt-green-control-02.webp\" style=\"height:800px;width:800px\" title=\"V\u1ee3t Pickleball SLK Halo Control Max Volt Green Control\"><\/p>\n<h3><strong>\u0110\u1eb7c \u0111i\u1ec3m n\u1ed5i b\u1eadt V\u1ee3t Pickleball SLK Halo Control Max Volt Green Control<\/strong><\/h3>\n<p>&#8211; M\u1eb7t v\u1ee3t b\u1eb1ng s\u1ee3i carbon UltraWeave 18k: S\u1ee3i carbon UltraWeave 18K \u0111\u01b0\u1ee3c s\u1eed d\u1ee5ng tr\u00ean m\u1eb7t v\u1ee3t HALO Control \u0111\u1ec3 t\u1ea1o ra b\u1ec1 m\u1eb7t nh\u1eb9 v\u1edbi \u0111\u1ed9 c\u1ee9ng \u0111\u01b0\u1ee3c t\u0103ng c\u01b0\u1eddng, cho ph\u00e9p \u0111\u1ed9 ch\u00ednh x\u00e1c cao h\u01a1n tr\u00ean \u0111i\u1ec3m ng\u1ecdt l\u1edbn h\u01a1n.<\/p>\n<p>&#8211; L\u00f5i t\u1ed5 ong polymer Rev-Control: \u0110\u1ea1t \u0111\u01b0\u1ee3c s\u1ef1 nh\u1ea5t qu\u00e1n trong m\u1ed7i c\u00fa \u0111\u00e1nh, nh\u1edd v\u00e0o L\u00f5i polymer Rev-Core Control, c\u00f3 \u0111i\u1ec3m ng\u1ecdt l\u1edbn \u0111\u1ec3 ki\u1ec3m so\u00e1t v\u00e0 \u0111\u1ed9 ch\u00ednh x\u00e1c t\u1ed1i \u01b0u.<\/p>\n<p style=\"text-align:center\"><img decoding=\"async\" alt=\"V\u1ee3t Pickleball SLK Halo Control Max Volt Green Control\" class=\"lazy\" src=\"http:\/\/pickle-ball.vn\/wp-content\/uploads\/2025\/02\/vot-pickleball-slk-halo-control-max-volt-green-control-03.webp\" style=\"height:800px;width:800px\" title=\"V\u1ee3t Pickleball SLK Halo Control Max Volt Green Control\"><\/p>\n<p>&#8211; B\u1ec1 m\u1eb7t c\u00f4ng ngh\u1ec7 Raw Spin: C\u00f4ng ngh\u1ec7 Raw Spin c\u1ee7a ch\u00fang t\u00f4i l\u00e0 b\u1ec1 m\u1eb7t th\u00f4, c\u00f3 k\u1ebft c\u1ea5u \u0111\u01b0\u1ee3c thi\u1ebft k\u1ebf \u0111\u1ec3 t\u0103ng \u0111\u1ed9 xo\u00e1y v\u00e0 c\u1ea3i thi\u1ec7n kh\u1ea3 n\u0103ng ki\u1ec3m so\u00e1t b\u00f3ng.<\/p>\n<p>&#8211; EdgeSentry: B\u1ed9 ph\u1eadn b\u1ea3o v\u1ec7 c\u1ea1nh m\u00e1i ch\u00e8o b\u1ec1n, nh\u1eb9, c\u00f3 c\u1ea5u tr\u00fac th\u1ea5p gi\u00fap m\u00e1i ch\u00e8o c\u00e2n b\u1eb1ng v\u00e0 ch\u1eafc ch\u1eafn.<\/p>\n<p style=\"text-align:center\"><img decoding=\"async\" alt=\"V\u1ee3t Pickleball SLK Halo Control Max Volt Green Control\" class=\"lazy\" src=\"http:\/\/pickle-ball.vn\/wp-content\/uploads\/2025\/02\/vot-pickleball-slk-halo-control-max-volt-green-control-04.webp\" style=\"height:800px;width:800px\" title=\"V\u1ee3t Pickleball SLK Halo Control Max Volt Green Control\"><\/p>\n<h3><strong>Th\u00f4ng s\u1ed1 k\u1ef9 thu\u1eadt V\u1ee3t Pickleball SLK Halo Control Max Volt Green Control<\/strong><\/h3>\n<table>\n<tbody>\n<tr>\n<td>S\u1ea3n ph\u1ea9m<\/td>\n<td>V\u1ee3t Pickleball SLK Halo Control Max Volt Green Control<\/td>\n<\/tr>\n<tr>\n<td>M\u00e3 s\u1ea3n ph\u1ea9m<\/td>\n<td>8533<\/td>\n<\/tr>\n<tr>\n<td>Tr\u00ecnh \u0111\u1ed9 k\u1ef9 n\u0103ng<\/td>\n<td>Ng\u01b0\u1eddi m\u1edbi b\u1eaft \u0111\u1ea7u &#8211; N\u00e2ng cao<\/td>\n<\/tr>\n<tr>\n<td>Ph\u1ea1m vi tr\u1ecdng l\u01b0\u1ee3ng<\/td>\n<td>7,7 &#8211; 8,0 oz<\/td>\n<\/tr>\n<tr>\n<td>Chu vi tay c\u1ea7m<\/td>\n<td>4,25\u201d<\/td>\n<\/tr>\n<tr>\n<td>Tay c\u1ea7m<\/td>\n<td>SLK Ultra-Comfort Grip<\/td>\n<\/tr>\n<tr>\n<td>Chi\u1ec1u d\u00e0i tay c\u1ea7m<\/td>\n<td>4,85\u201d<\/td>\n<\/tr>\n<tr>\n<td>Chi\u1ec1u d\u00e0i m\u00e1i ch\u00e8o<\/td>\n<td>16\u201d<\/td>\n<\/tr>\n<tr>\n<td>Chi\u1ec1u r\u1ed9ng m\u00e1i ch\u00e8o<\/td>\n<td>7,85\u201d<\/td>\n<\/tr>\n<tr>\n<td>M\u1eb7t<\/td>\n<td>S\u1ee3i Carbon UltraWeave 18k<\/td>\n<\/tr>\n<tr>\n<td>L\u00f5i<\/td>\n<td>T\u1ed5 ong Polymer ki\u1ec3m so\u00e1t v\u00f2ng tua<\/td>\n<\/tr>\n<tr>\n<td>\u0110\u1ed9 d\u00e0y l\u00f5i<\/td>\n<td>16mm<\/td>\n<\/tr>\n<tr>\n<td>K\u1ebft c\u1ea5u quay<\/td>\n<td>C\u00f4ng ngh\u1ec7 quay th\u00f4<\/td>\n<\/tr>\n<tr>\n<td>Edgeguard<\/td>\n<td>EdgeSentry Edgeguard<\/td>\n<\/tr>\n<tr>\n<td>\u0110\u01b0\u1ee3c thi\u1ebft k\u1ebf v\u00e0 ki\u1ec3m so\u00e1t ch\u1ea5t l\u01b0\u1ee3ng t\u1ea1i<\/td>\n<td>Hoa K\u1ef3<\/td>\n<\/tr>\n<tr>\n<td>N\u01b0\u1edbc xu\u1ea5t x\u1ee9<\/td>\n<td>Trung Qu\u1ed1c<\/td>\n<\/tr>\n<tr>\n<td>B\u1ea3o h\u00e0nh c\u00f3 gi\u1edbi h\u1ea1n<\/td>\n<td>1 n\u0103m<\/td>\n<\/tr>\n<\/tbody>\n<\/table>\n<p>V\u1ee3t Pickleball SLK Halo Control Max Volt Green Control ch\u00ednh h\u00e3ng v\u00e0 s\u1eb5n c\u00f3 t\u1ea1i h\u1ec7 th\u1ed1ng ph\u00e2n ph\u1ed1i to\u00e0n qu\u1ed1c c\u1ee7a Pickleball Vi\u1ec7t Nam. H\u00e3y li\u00ean h\u1ec7 v\u1edbi ch\u00fang t\u00f4i 0.87654321.9 \u0111\u1ec3 \u0111\u01b0\u1ee3c t\u01b0 v\u1ea5n, h\u1ed7 tr\u1ee3 chi ti\u1ebft v\u1ec1 s\u1ea3n ph\u1ea9m.<\/p>\n<\/p><\/div>\n<\/p><\/div>\n","protected":false},"excerpt":{"rendered":"<ul class=\"list-unstyled params\">\n<li class=\"btt\">Th\u00f4ng tin s\u1ea3n ph\u1ea9m:<\/li>\n<li class=\"dyn\">\n                                            <span class=\"n\">Th\u01b0\u01a1ng hi\u1ec7u:<\/span><br \/>\n\t\t\t\t\t\t\t\t\t\t\t<span class=\"v\" style=\"text-transform: uppercase\"><b>Selkirk<\/b><\/span>\n                                        <\/li>\n<li class=\"dyn\">\n                                            <span class=\"n\">Xu\u1ea5t x\u1ee9:<\/span><br \/>\n\t\t\t\t\t\t\t\t\t\t\t<span class=\"v\">M\u1ef9 (Made in USA)<\/span>\n                                        <\/li>\n<li class=\"dyn\">\n                                            <span class=\"n\">Number order:<\/span><br \/>\n\t\t\t\t\t\t\t\t\t\t\t<span class=\"v\">8533<\/span>\n                                        <\/li>\n<li class=\"dyn\">\n                                            <span class=\"n\">Nh\u00e0 cung c\u1ea5p:<\/span><br \/>\n                                            \t\t\t\t\t\t\t\t\t\t\t<span class=\"v\">Pickleball Vi\u1ec7t Nam<\/span>\n\t\t\t\t\t\t\t\t\t\t\t                                        <\/li>\n<li class=\"dyn\">\n                                            <span class=\"n\">Lo\u1ea1i s\u1ea3n ph\u1ea9m:<\/span><br \/>\n                                            <span class=\"v\">C\u00f4ng, Th\u1ee7<\/span>\n                                        <\/li>\n<li class=\"dyn\">\n                                            <span class=\"n\">Ch\u1ea5t li\u1ec7u:<\/span><br \/>\n                                            <span class=\"v\">UltraWeave Raw Carbon<\/span>\n                                        <\/li>\n<li class=\"separator\">\n                                        <\/li>\n<li>\n                                            <span class=\"n\">Tr\u1ea1ng th\u00e1i:<\/span><br \/>\n                                            <span class=\"v\" style=\"font-weight:700;color: #d7000e\">C\u00f3 s\u1eb5n h\u00e0ng<\/span>\n                                        <\/li>\n<li>\n                                            <span class=\"n\">\u0110\u1ed9 d\u00e0y:<\/span><br \/>\n                                            <span class=\"v\">16mm<\/span>\n                                        <\/li>\n<li>\n                                            <span class=\"n\">Tr\u1ecdng l\u01b0\u1ee3ng:<\/span><br \/>\n                                            <span class=\"v\">8,0oz<\/span>\n                                        <\/li>\n<li>\n                                            <span class=\"n\">T\u00ecnh tr\u1ea1ng:<\/span><br \/>\n                                            <span class=\"v\">M\u1edbi 100%<\/span>\n                                        <\/li>\n<li>\n                                            <span class=\"n\">B\u1ea3o h\u00e0nh:<\/span><br \/>\n                                            <span class=\"v\">Ch\u00ednh h\u00e3ng<\/span>\n                                        <\/li>\n<li>\n<p>                                            <span class=\"n\">Giao h\u00e0ng:<\/span><br \/>\n                                            <span class=\"v\">To\u00e0n qu\u1ed1c<\/span>\n                                        <\/li>\n<\/ul>\n","protected":false},"featured_media":16115,"comment_status":"closed","ping_status":"closed","template":"","meta":[],"pwb-brand":[3742],"product_cat":[2836],"product_tag":[3248,50,25,55,3985,3417,3984],"class_list":{"0":"post-16114","1":"product","2":"type-product","3":"status-publish","4":"has-post-thumbnail","6":"pwb-brand-selkirk","7":"product_cat-vot-pickleball","8":"product_tag-bong","9":"product_tag-green","10":"product_tag-man","11":"product_tag-run","12":"product_tag-slk-halo-control-max-volt-green-control","13":"product_tag-vot-pickleball","14":"product_tag-vot-pickleball-slk-halo-control-max-volt-green-control","16":"first","17":"instock","18":"shipping-taxable","19":"product-type-simple"},"yoast_head":"<!-- This site is optimized with the Yoast SEO plugin v22.9 - https:\/\/yoast.com\/wordpress\/plugins\/seo\/ -->\n<title>V\u1ee3t PickleballV\u1ee3t Pickleball SLK Halo Control Max Volt Green Control - PickleBall Vi\u1ec7t Nam<\/title>\n<meta name=\"robots\" content=\"index, follow, max-snippet:-1, max-image-preview:large, max-video-preview:-1\" \/>\n<link rel=\"canonical\" href=\"https:\/\/pickle-ball.vn\/vi\/-product-\/vot-pickleball\/vot-pickleball-vot-pickleball-slk-halo-control-max-volt-green-control\/\" \/>\n<meta name=\"twitter:label1\" content=\"\u01af\u1edbc t\u00ednh th\u1eddi gian \u0111\u1ecdc\" \/>\n\t<meta name=\"twitter:data1\" content=\"4 minutes\" \/>\n<script type=\"application\/ld+json\" class=\"yoast-schema-graph\">{\"@context\":\"https:\/\/schema.org\",\"@graph\":[{\"@type\":\"WebPage\",\"@id\":\"https:\/\/pickle-ball.vn\/vi\/-product-\/vot-pickleball\/vot-pickleball-vot-pickleball-slk-halo-control-max-volt-green-control\/\",\"url\":\"https:\/\/pickle-ball.vn\/vi\/-product-\/vot-pickleball\/vot-pickleball-vot-pickleball-slk-halo-control-max-volt-green-control\/\",\"name\":\"V\u1ee3t PickleballV\u1ee3t Pickleball SLK Halo Control Max Volt Green Control - PickleBall Vi\u1ec7t Nam\",\"isPartOf\":{\"@id\":\"https:\/\/pickle-ball.vn\/ja\/#website\"},\"primaryImageOfPage\":{\"@id\":\"https:\/\/pickle-ball.vn\/vi\/-product-\/vot-pickleball\/vot-pickleball-vot-pickleball-slk-halo-control-max-volt-green-control\/#primaryimage\"},\"image\":{\"@id\":\"https:\/\/pickle-ball.vn\/vi\/-product-\/vot-pickleball\/vot-pickleball-vot-pickleball-slk-halo-control-max-volt-green-control\/#primaryimage\"},\"thumbnailUrl\":\"https:\/\/pickle-ball.vn\/wp-content\/uploads\/2025\/02\/vot-pickleball-slk-halo-control-max-volt-green-control-02_720x720xcrop.webp\",\"datePublished\":\"2025-02-06T11:46:05+00:00\",\"dateModified\":\"2025-02-06T11:46:16+00:00\",\"breadcrumb\":{\"@id\":\"https:\/\/pickle-ball.vn\/vi\/-product-\/vot-pickleball\/vot-pickleball-vot-pickleball-slk-halo-control-max-volt-green-control\/#breadcrumb\"},\"inLanguage\":\"vi\",\"potentialAction\":[{\"@type\":\"ReadAction\",\"target\":[\"https:\/\/pickle-ball.vn\/vi\/-product-\/vot-pickleball\/vot-pickleball-vot-pickleball-slk-halo-control-max-volt-green-control\/\"]}]},{\"@type\":\"ImageObject\",\"inLanguage\":\"vi\",\"@id\":\"https:\/\/pickle-ball.vn\/vi\/-product-\/vot-pickleball\/vot-pickleball-vot-pickleball-slk-halo-control-max-volt-green-control\/#primaryimage\",\"url\":\"https:\/\/pickle-ball.vn\/wp-content\/uploads\/2025\/02\/vot-pickleball-slk-halo-control-max-volt-green-control-02_720x720xcrop.webp\",\"contentUrl\":\"https:\/\/pickle-ball.vn\/wp-content\/uploads\/2025\/02\/vot-pickleball-slk-halo-control-max-volt-green-control-02_720x720xcrop.webp\",\"width\":720,\"height\":720,\"caption\":\"V\u1ee3t Pickleball SLK Halo Control Max Volt Green Control\"},{\"@type\":\"BreadcrumbList\",\"@id\":\"https:\/\/pickle-ball.vn\/vi\/-product-\/vot-pickleball\/vot-pickleball-vot-pickleball-slk-halo-control-max-volt-green-control\/#breadcrumb\",\"itemListElement\":[{\"@type\":\"ListItem\",\"position\":1,\"name\":\"Home\",\"item\":\"https:\/\/pickle-ball.vn\/ja\/\"},{\"@type\":\"ListItem\",\"position\":2,\"name\":\"Shop\",\"item\":\"https:\/\/pickle-ball.vn\/vi\/shop\/\"},{\"@type\":\"ListItem\",\"position\":3,\"name\":\"V\u1ee3t PickleballV\u1ee3t Pickleball SLK Halo Control Max Volt Green Control\"}]},{\"@type\":\"WebSite\",\"@id\":\"https:\/\/pickle-ball.vn\/ja\/#website\",\"url\":\"https:\/\/pickle-ball.vn\/ja\/\",\"name\":\"Jabra\",\"description\":\"\",\"publisher\":{\"@id\":\"https:\/\/pickle-ball.vn\/ja\/#organization\"},\"potentialAction\":[{\"@type\":\"SearchAction\",\"target\":{\"@type\":\"EntryPoint\",\"urlTemplate\":\"https:\/\/pickle-ball.vn\/ja\/?s={search_term_string}\"},\"query-input\":\"required name=search_term_string\"}],\"inLanguage\":\"vi\"},{\"@type\":\"Organization\",\"@id\":\"https:\/\/pickle-ball.vn\/ja\/#organization\",\"name\":\"Jabra\",\"url\":\"https:\/\/pickle-ball.vn\/ja\/\",\"logo\":{\"@type\":\"ImageObject\",\"inLanguage\":\"vi\",\"@id\":\"https:\/\/pickle-ball.vn\/ja\/#\/schema\/logo\/image\/\",\"url\":\"\",\"contentUrl\":\"\",\"caption\":\"Jabra\"},\"image\":{\"@id\":\"https:\/\/pickle-ball.vn\/ja\/#\/schema\/logo\/image\/\"}}]}<\/script>\n<!-- \/ Yoast SEO plugin. -->","yoast_head_json":{"title":"V\u1ee3t PickleballV\u1ee3t Pickleball SLK Halo Control Max Volt Green Control - PickleBall Vi\u1ec7t Nam","robots":{"index":"index","follow":"follow","max-snippet":"max-snippet:-1","max-image-preview":"max-image-preview:large","max-video-preview":"max-video-preview:-1"},"canonical":"https:\/\/pickle-ball.vn\/vi\/-product-\/vot-pickleball\/vot-pickleball-vot-pickleball-slk-halo-control-max-volt-green-control\/","twitter_misc":{"\u01af\u1edbc t\u00ednh th\u1eddi gian \u0111\u1ecdc":"4 minutes"},"schema":{"@context":"https:\/\/schema.org","@graph":[{"@type":"WebPage","@id":"https:\/\/pickle-ball.vn\/vi\/-product-\/vot-pickleball\/vot-pickleball-vot-pickleball-slk-halo-control-max-volt-green-control\/","url":"https:\/\/pickle-ball.vn\/vi\/-product-\/vot-pickleball\/vot-pickleball-vot-pickleball-slk-halo-control-max-volt-green-control\/","name":"V\u1ee3t PickleballV\u1ee3t Pickleball SLK Halo Control Max Volt Green Control - PickleBall Vi\u1ec7t Nam","isPartOf":{"@id":"https:\/\/pickle-ball.vn\/ja\/#website"},"primaryImageOfPage":{"@id":"https:\/\/pickle-ball.vn\/vi\/-product-\/vot-pickleball\/vot-pickleball-vot-pickleball-slk-halo-control-max-volt-green-control\/#primaryimage"},"image":{"@id":"https:\/\/pickle-ball.vn\/vi\/-product-\/vot-pickleball\/vot-pickleball-vot-pickleball-slk-halo-control-max-volt-green-control\/#primaryimage"},"thumbnailUrl":"https:\/\/pickle-ball.vn\/wp-content\/uploads\/2025\/02\/vot-pickleball-slk-halo-control-max-volt-green-control-02_720x720xcrop.webp","datePublished":"2025-02-06T11:46:05+00:00","dateModified":"2025-02-06T11:46:16+00:00","breadcrumb":{"@id":"https:\/\/pickle-ball.vn\/vi\/-product-\/vot-pickleball\/vot-pickleball-vot-pickleball-slk-halo-control-max-volt-green-control\/#breadcrumb"},"inLanguage":"vi","potentialAction":[{"@type":"ReadAction","target":["https:\/\/pickle-ball.vn\/vi\/-product-\/vot-pickleball\/vot-pickleball-vot-pickleball-slk-halo-control-max-volt-green-control\/"]}]},{"@type":"ImageObject","inLanguage":"vi","@id":"https:\/\/pickle-ball.vn\/vi\/-product-\/vot-pickleball\/vot-pickleball-vot-pickleball-slk-halo-control-max-volt-green-control\/#primaryimage","url":"https:\/\/pickle-ball.vn\/wp-content\/uploads\/2025\/02\/vot-pickleball-slk-halo-control-max-volt-green-control-02_720x720xcrop.webp","contentUrl":"https:\/\/pickle-ball.vn\/wp-content\/uploads\/2025\/02\/vot-pickleball-slk-halo-control-max-volt-green-control-02_720x720xcrop.webp","width":720,"height":720,"caption":"V\u1ee3t Pickleball SLK Halo Control Max Volt Green Control"},{"@type":"BreadcrumbList","@id":"https:\/\/pickle-ball.vn\/vi\/-product-\/vot-pickleball\/vot-pickleball-vot-pickleball-slk-halo-control-max-volt-green-control\/#breadcrumb","itemListElement":[{"@type":"ListItem","position":1,"name":"Home","item":"https:\/\/pickle-ball.vn\/ja\/"},{"@type":"ListItem","position":2,"name":"Shop","item":"https:\/\/pickle-ball.vn\/vi\/shop\/"},{"@type":"ListItem","position":3,"name":"V\u1ee3t PickleballV\u1ee3t Pickleball SLK Halo Control Max Volt Green Control"}]},{"@type":"WebSite","@id":"https:\/\/pickle-ball.vn\/ja\/#website","url":"https:\/\/pickle-ball.vn\/ja\/","name":"Jabra","description":"","publisher":{"@id":"https:\/\/pickle-ball.vn\/ja\/#organization"},"potentialAction":[{"@type":"SearchAction","target":{"@type":"EntryPoint","urlTemplate":"https:\/\/pickle-ball.vn\/ja\/?s={search_term_string}"},"query-input":"required name=search_term_string"}],"inLanguage":"vi"},{"@type":"Organization","@id":"https:\/\/pickle-ball.vn\/ja\/#organization","name":"Jabra","url":"https:\/\/pickle-ball.vn\/ja\/","logo":{"@type":"ImageObject","inLanguage":"vi","@id":"https:\/\/pickle-ball.vn\/ja\/#\/schema\/logo\/image\/","url":"","contentUrl":"","caption":"Jabra"},"image":{"@id":"https:\/\/pickle-ball.vn\/ja\/#\/schema\/logo\/image\/"}}]}},"brands":[{"id":3742,"name":"Selkirk","slug":"selkirk"}],"_links":{"self":[{"href":"https:\/\/pickle-ball.vn\/vi\/wp-json\/wp\/v2\/product\/16114","targetHints":{"allow":["GET"]}}],"collection":[{"href":"https:\/\/pickle-ball.vn\/vi\/wp-json\/wp\/v2\/product"}],"about":[{"href":"https:\/\/pickle-ball.vn\/vi\/wp-json\/wp\/v2\/types\/product"}],"replies":[{"embeddable":true,"href":"https:\/\/pickle-ball.vn\/vi\/wp-json\/wp\/v2\/comments?post=16114"}],"wp:featuredmedia":[{"embeddable":true,"href":"https:\/\/pickle-ball.vn\/vi\/wp-json\/wp\/v2\/media\/16115"}],"wp:attachment":[{"href":"https:\/\/pickle-ball.vn\/vi\/wp-json\/wp\/v2\/media?parent=16114"}],"wp:term":[{"taxonomy":"pwb-brand","embeddable":true,"href":"https:\/\/pickle-ball.vn\/vi\/wp-json\/wp\/v2\/pwb-brand?post=16114"},{"taxonomy":"product_cat","embeddable":true,"href":"https:\/\/pickle-ball.vn\/vi\/wp-json\/wp\/v2\/product_cat?post=16114"},{"taxonomy":"product_tag","embeddable":true,"href":"https:\/\/pickle-ball.vn\/vi\/wp-json\/wp\/v2\/product_tag?post=16114"}],"curies":[{"name":"wp","href":"https:\/\/api.w.org\/{rel}","templated":true}]}}