{"id":15592,"date":"2024-11-04T19:00:39","date_gmt":"2024-11-04T12:00:39","guid":{"rendered":"http:\/\/pickle-ball.vn\/-product-\/uncategorized\/vot-pickleball-vot-pickleball-slk-by-selkirk-x-the-holderness-family-evo-2-0-control-max\/"},"modified":"2024-11-04T19:00:42","modified_gmt":"2024-11-04T12:00:42","slug":"vot-pickleball-vot-pickleball-slk-by-selkirk-x-the-holderness-family-evo-2-0-control-max","status":"publish","type":"product","link":"https:\/\/pickle-ball.vn\/zh\/-product-\/vot-pickleball\/vot-pickleball-vot-pickleball-slk-by-selkirk-x-the-holderness-family-evo-2-0-control-max\/","title":{"rendered":"V\u1ee3t PickleballV\u1ee3t Pickleball SLK by Selkirk x The Holderness Family Evo 2.0 &#8211; Control &#8211; Max"},"content":{"rendered":"<div role=\"tabpanel\" class=\"tab-pane active\" id=\"tab-product-info\">\n<div class=\"vh-content\">\n<h2><strong>V\u1ee3t Pickleball Selkirk x The Holderness Family Evo 2.0 &#8211; Control &#8211; Max<\/strong><\/h2>\n<p>SLK c\u1ee7a Selkirk x The Holderness Family Evo 2.0 Control Max Pickleball Paddle c\u1ee7a Selkirk Sport, th\u01b0\u01a1ng hi\u1ec7u s\u1ed1 1 \u1edf Pickleball, v\u00e0 b\u1ed9 \u0111\u00f4i internet vui nh\u1ed9n v\u00e0 \u1ea5m \u00e1p c\u00f3 t\u00ean The Holderness Family, \u0111\u00e3 h\u1ee3p t\u00e1c \u0111\u1ec3 mang \u0111\u1ebfn cho b\u1ea1n m\u1ecdi th\u1ee9 b\u1ea1n c\u1ea7n \u0111\u1ec3 b\u1eaft \u0111\u1ea7u ch\u01a1i Pickleball .<\/p>\n<p style=\"text-align:center\"><img decoding=\"async\" alt=\"V\u1ee3t Pickleball\u00a0Selkirk x The Holderness Family Evo 2.0 - Control - Max\" class=\"lazy\" src=\"http:\/\/pickle-ball.vn\/wp-content\/uploads\/2024\/11\/selkirk-x-the-holderness-family-evo-2-0-control-max-01.webp\" style=\"height:525px;width:750px\" title=\"V\u1ee3t Pickleball\u00a0Selkirk x The Holderness Family Evo 2.0 - Control - Max\"><\/p>\n<p style=\"text-align:center\"><em>V\u1ee3t Pickleball Selkirk x The Holderness Family Evo 2.0 &#8211; Control &#8211; Max ch\u00ednh h\u00e3ng<\/em><\/p>\n<h3><strong>\u0110\u1eb7c tr\u01b0ng n\u1ed5i b\u1eadt c\u1ee7a Selkirk x The Holderness Family Evo 2.0 &#8211; Control &#8211; Max<\/strong><\/h3>\n<p>V\u1edbi \u0111i\u1ec3m nh\u1ea5n tuy\u1ec7t v\u1eddi, s\u00f3ng m\u00e0u m\u1edbi t\u00e1o b\u1ea1o v\u00e0 c\u00f4ng ngh\u1ec7 v\u1ee3t pickleball h\u00e0ng \u0111\u1ea7u trong ng\u00e0nh, Evo Control Max mang \u0111\u1ebfn cho b\u1ea1n s\u1ef1 tho\u1ea3i m\u00e1i v\u00e0 kh\u1ea3 n\u0103ng ki\u1ec3m so\u00e1t m\u00e0 b\u1ea1n c\u1ea7n \u0111\u1ec3 l\u00e0m ch\u1ee7 tr\u00f2 ch\u01a1i. C\u00f3 s\u1eb5n \u1edf c\u1ea3 hai h\u00ecnh d\u1ea1ng v\u1ee3t pickleball Max v\u00e0 XL. C\u00f9ng ch\u01a1i Pickleball nh\u00e9 c\u00e1c b\u1ea1n!<\/p>\n<p><strong>B\u1ec1 m\u1eb7t xoay SpinFlex m\u1edbi:<\/strong> \u0110\u01b0\u1ee3c thi\u1ebft k\u1ebf \u0111\u1ec3 t\u0103ng t\u00ednh nh\u1ea5t qu\u00e1n c\u1ee7a \u0111\u1ed9 xo\u00e1y v\u00e0 kh\u1ea3 n\u0103ng ki\u1ec3m so\u00e1t b\u00f3ng n\u00e2ng cao, B\u1ec1 m\u1eb7t xoay SpinFlex c\u1ea3i ti\u1ebfn s\u1ebd \u0111\u01b0a tr\u00f2 ch\u01a1i c\u1ee7a b\u1ea1n l\u00ean m\u1ed9t t\u1ea7m cao m\u1edbi.<\/p>\n<p><strong>S\u1ee3i carbon \u0111i\u1ec1u khi\u1ec3n G8-Flex:<\/strong> \u0110\u01b0\u1ee3c thi\u1ebft k\u1ebf \u0111\u1ec3 mang l\u1ea1i kh\u1ea3 n\u0103ng \u0111i\u1ec1u khi\u1ec3n t\u1ed1i \u01b0u v\u00e0 c\u1ea3m gi\u00e1c si\u00eau m\u1ec1m, M\u1eb7t s\u1ee3i carbon SLK G8-Flex gi\u00fap b\u1ea1n ho\u00e0n to\u00e0n l\u00e0m ch\u1ee7 tr\u00f2 ch\u01a1i.<\/p>\n<p><strong>Edge Sentry Edgeguard:<\/strong> \u0110\u01b0\u1ee3c ch\u1ebf t\u1ea1o th\u1ee7 c\u00f4ng \u0111\u1ec3 \u0111\u1ea1t \u0111\u01b0\u1ee3c m\u1ed9t v\u1ee3t pickleball v\u00f4 song, c\u00e2n b\u1eb1ng v\u00e0 ch\u1eafc ch\u1eafn, c\u00f4ng ngh\u1ec7 b\u1ea3o v\u1ec7 c\u1ea1nh EdgeSentry b\u1ec1n b\u1ec9 c\u00f3 c\u1ea5u h\u00ecnh th\u1ea5p v\u00e0 nh\u1eb9.<\/p>\n<p style=\"text-align:center\"><img decoding=\"async\" alt=\"V\u1ee3t Pickleball\u00a0Selkirk x The Holderness Family Evo 2.0 - Control - Max\" class=\"lazy\" src=\"http:\/\/pickle-ball.vn\/wp-content\/uploads\/2024\/11\/selkirk-x-the-holderness-family-evo-2-0-control-max-02.webp\" style=\"height:525px;width:750px\" title=\"V\u1ee3t Pickleball\u00a0Selkirk x The Holderness Family Evo 2.0 - Control - Max\"><\/p>\n<p style=\"text-align:center\"><em>V\u1ee3t Pickleball Selkirk x The Holderness Family Evo 2.0 &#8211; Control &#8211; Max<\/em><\/p>\n<p><strong>L\u00f5i Polymer \u0110i\u1ec1u khi\u1ec3n Rev-Core 16mm:<\/strong> K\u1ebft h\u1ee3p m\u1ed9t \u0111i\u1ec3m h\u1ea5p d\u1eabn l\u1edbn v\u1edbi l\u00f5i d\u00e0y h\u01a1n c\u00f3 kh\u1ea3 n\u0103ng thay \u0111\u1ed5i cu\u1ed9c ch\u01a1i, c\u00f4ng ngh\u1ec7 SLK Rev-Core Control Polymer Core mang l\u1ea1i c\u1ea3m gi\u00e1c nh\u1eb9 nh\u00e0ng h\u01a1n, t\u0103ng c\u01b0\u1eddng hi\u1ec7u su\u1ea5t v\u00e0 t\u1ed1i \u0111a h\u00f3a ti\u1ec1m n\u0103ng c\u1ee7a b\u1ea1n.<\/p>\n<p><strong>Tay c\u1ea7m si\u00eau tho\u1ea3i m\u00e1i SLK:<\/strong> \u0110\u01b0\u1ee3c thi\u1ebft k\u1ebf \u0111\u1ec3 c\u1ea7m ch\u1eafc ch\u1eafn, tay c\u1ea7m c\u00f3 \u0111\u1ec7m SLK c\u1ef1c k\u1ef3 tho\u1ea3i m\u00e1i v\u00e0 kh\u00f4ng tr\u01a1n tr\u01b0\u1ee3t.<\/p>\n<p><strong>Hai h\u00ecnh d\u1ea1ng v\u1ee3t pickleball n\u0103ng \u0111\u1ed9ng:<\/strong> Ch\u1ecdn gi\u1eefa h\u00ecnh d\u1ea1ng v\u1ee3t pickleball Max v\u00e0 XL. Max cung c\u1ea5p di\u1ec7n t\u00edch b\u1ec1 m\u1eb7t t\u1ed1i \u0111a \u0111\u1ec3 c\u00f3 \u0111i\u1ec3m ng\u1ecdt l\u1edbn h\u01a1n v\u00e0 ch\u01a1i c\u00e2n b\u1eb1ng, trong khi h\u00ecnh d\u1ea1ng XL k\u00e9o d\u00e0i h\u1ed7 tr\u1ee3 tay c\u1ea7m d\u00e0i h\u01a1n v\u00e0 t\u0103ng \u0111\u1ed9 xo\u00e1y \u0111\u1ec3 t\u0103ng th\u00eam s\u1ee9c m\u1ea1nh.<\/p>\n<h3><strong>Th\u00f4ng s\u1ed1 k\u1ef9 thu\u1eadt Selkirk x The Holderness Family Evo 2.0 &#8211; Control &#8211; Max<\/strong><\/h3>\n<ul>\n<li>Ph\u1ea1m vi tr\u1ecdng l\u01b0\u1ee3ng: 7,6 &#8211; 8,1 oz.<\/li>\n<li>Chi\u1ec1u d\u00e0i: 16&#8243;<\/li>\n<li>Chi\u1ec1u r\u1ed9ng: 7,85&#8243;<\/li>\n<li>M\u1eb7t: S\u1ee3i carbon G8-Flex<\/li>\n<li>Chu vi tay c\u1ea7m: 4,25&#8243;<\/li>\n<li>Tay c\u1ea7m: Tay c\u1ea7m si\u00eau tho\u1ea3i m\u00e1i SLK<\/li>\n<li>Chi\u1ec1u d\u00e0i tay c\u1ea7m: 4,85&#8243;<\/li>\n<li>L\u00f5i: L\u00f5i polymer ki\u1ec3m so\u00e1t v\u00f2ng quay 16mm<\/li>\n<\/ul><\/div>\n<\/p><\/div>","protected":false},"excerpt":{"rendered":"<ul class=\"list-unstyled params\">\n<li class=\"btt\">Th\u00f4ng tin s\u1ea3n ph\u1ea9m:<\/li>\n<li class=\"dyn\">\n                                            <span class=\"n\">Nh\u00e0 cung c\u1ea5p:<\/span><br \/>\n                                            \t\t\t\t\t\t\t\t\t\t\t<span class=\"v\">Pickleball Vi\u1ec7t Nam<\/span>\n\t\t\t\t\t\t\t\t\t\t\t                                        <\/li>\n<li class=\"separator\">\n                                        <\/li>\n<li>\n                                            <span class=\"n\">Tr\u1ea1ng th\u00e1i:<\/span><br \/>\n                                            <span class=\"v\" style=\"font-weight:700;color: #d7000e\">T\u1ea1m h\u1ebft h\u00e0ng<\/span>\n                                        <\/li>\n<li>\n                                            <span class=\"n\">T\u00ecnh tr\u1ea1ng:<\/span><br \/>\n                                            <span class=\"v\">M\u1edbi 100%<\/span>\n                                        <\/li>\n<li>\n                                            <span class=\"n\">B\u1ea3o h\u00e0nh:<\/span><br \/>\n                                            <span class=\"v\">Ch\u00ednh h\u00e3ng<\/span>\n                                        <\/li>\n<li>\n<p>                                            <span class=\"n\">Giao h\u00e0ng:<\/span><br \/>\n                                            <span class=\"v\">To\u00e0n qu\u1ed1c<\/span>\n                                        <\/li>\n<\/ul>","protected":false},"featured_media":15593,"comment_status":"closed","ping_status":"closed","template":"","meta":[],"pwb-brand":[],"product_cat":[2836],"product_tag":[3248,25,3690,3728,3417,3691],"class_list":{"0":"post-15592","1":"product","2":"type-product","3":"status-publish","4":"has-post-thumbnail","6":"product_cat-vot-pickleball","7":"product_tag-bong","8":"product_tag-man","9":"product_tag-pickleball-selkirk","10":"product_tag-selkirk-x-the-holderness-family-evo-2-0-control-max","11":"product_tag-vot-pickleball","12":"product_tag-vot-pickleball-selkirk","14":"first","15":"instock","16":"shipping-taxable","17":"product-type-simple"},"yoast_head":"<!-- This site is optimized with the Yoast SEO plugin v22.9 - https:\/\/yoast.com\/wordpress\/plugins\/seo\/ -->\n<title>V\u1ee3t PickleballV\u1ee3t Pickleball SLK by Selkirk x The Holderness Family Evo 2.0 - Control - Max - PickleBall Vi\u1ec7t Nam<\/title>\n<meta name=\"robots\" content=\"index, follow, max-snippet:-1, max-image-preview:large, max-video-preview:-1\" \/>\n<link rel=\"canonical\" href=\"https:\/\/pickle-ball.vn\/zh\/-product-\/vot-pickleball\/vot-pickleball-vot-pickleball-slk-by-selkirk-x-the-holderness-family-evo-2-0-control-max\/\" \/>\n<meta name=\"twitter:label1\" content=\"\u9884\u8ba1\u9605\u8bfb\u65f6\u95f4\" \/>\n\t<meta name=\"twitter:data1\" content=\"3 \u5206\" \/>\n<script type=\"application\/ld+json\" class=\"yoast-schema-graph\">{\"@context\":\"https:\/\/schema.org\",\"@graph\":[{\"@type\":\"WebPage\",\"@id\":\"https:\/\/pickle-ball.vn\/ar\/-product-\/vot-pickleball\/vot-pickleball-vot-pickleball-slk-by-selkirk-x-the-holderness-family-evo-2-0-control-max\/\",\"url\":\"https:\/\/pickle-ball.vn\/ar\/-product-\/vot-pickleball\/vot-pickleball-vot-pickleball-slk-by-selkirk-x-the-holderness-family-evo-2-0-control-max\/\",\"name\":\"V\u1ee3t PickleballV\u1ee3t Pickleball SLK by Selkirk x The Holderness Family Evo 2.0 - Control - Max - PickleBall Vi\u1ec7t Nam\",\"isPartOf\":{\"@id\":\"https:\/\/pickle-ball.vn\/ja\/#website\"},\"primaryImageOfPage\":{\"@id\":\"https:\/\/pickle-ball.vn\/ar\/-product-\/vot-pickleball\/vot-pickleball-vot-pickleball-slk-by-selkirk-x-the-holderness-family-evo-2-0-control-max\/#primaryimage\"},\"image\":{\"@id\":\"https:\/\/pickle-ball.vn\/ar\/-product-\/vot-pickleball\/vot-pickleball-vot-pickleball-slk-by-selkirk-x-the-holderness-family-evo-2-0-control-max\/#primaryimage\"},\"thumbnailUrl\":\"https:\/\/pickle-ball.vn\/wp-content\/uploads\/2024\/11\/selkirk-x-the-holderness-family-evo-20-control-max-01_720x720xcrop.webp\",\"datePublished\":\"2024-11-04T12:00:39+00:00\",\"dateModified\":\"2024-11-04T12:00:42+00:00\",\"breadcrumb\":{\"@id\":\"https:\/\/pickle-ball.vn\/ar\/-product-\/vot-pickleball\/vot-pickleball-vot-pickleball-slk-by-selkirk-x-the-holderness-family-evo-2-0-control-max\/#breadcrumb\"},\"inLanguage\":\"zh-Hans\",\"potentialAction\":[{\"@type\":\"ReadAction\",\"target\":[\"https:\/\/pickle-ball.vn\/ar\/-product-\/vot-pickleball\/vot-pickleball-vot-pickleball-slk-by-selkirk-x-the-holderness-family-evo-2-0-control-max\/\"]}]},{\"@type\":\"ImageObject\",\"inLanguage\":\"zh-Hans\",\"@id\":\"https:\/\/pickle-ball.vn\/ar\/-product-\/vot-pickleball\/vot-pickleball-vot-pickleball-slk-by-selkirk-x-the-holderness-family-evo-2-0-control-max\/#primaryimage\",\"url\":\"https:\/\/pickle-ball.vn\/wp-content\/uploads\/2024\/11\/selkirk-x-the-holderness-family-evo-20-control-max-01_720x720xcrop.webp\",\"contentUrl\":\"https:\/\/pickle-ball.vn\/wp-content\/uploads\/2024\/11\/selkirk-x-the-holderness-family-evo-20-control-max-01_720x720xcrop.webp\",\"width\":720,\"height\":720,\"caption\":\"Selkirk x The Holderness Family Evo 2.0 - Control - Max\"},{\"@type\":\"BreadcrumbList\",\"@id\":\"https:\/\/pickle-ball.vn\/ar\/-product-\/vot-pickleball\/vot-pickleball-vot-pickleball-slk-by-selkirk-x-the-holderness-family-evo-2-0-control-max\/#breadcrumb\",\"itemListElement\":[{\"@type\":\"ListItem\",\"position\":1,\"name\":\"Home\",\"item\":\"https:\/\/pickle-ball.vn\/ja\/\"},{\"@type\":\"ListItem\",\"position\":2,\"name\":\"Shop\",\"item\":\"https:\/\/pickle-ball.vn\/vi\/shop\/\"},{\"@type\":\"ListItem\",\"position\":3,\"name\":\"V\u1ee3t PickleballV\u1ee3t Pickleball SLK by Selkirk x The Holderness Family Evo 2.0 &#8211; Control &#8211; Max\"}]},{\"@type\":\"WebSite\",\"@id\":\"https:\/\/pickle-ball.vn\/ja\/#website\",\"url\":\"https:\/\/pickle-ball.vn\/ja\/\",\"name\":\"Jabra\",\"description\":\"\",\"publisher\":{\"@id\":\"https:\/\/pickle-ball.vn\/ja\/#organization\"},\"potentialAction\":[{\"@type\":\"SearchAction\",\"target\":{\"@type\":\"EntryPoint\",\"urlTemplate\":\"https:\/\/pickle-ball.vn\/ja\/?s={search_term_string}\"},\"query-input\":\"required name=search_term_string\"}],\"inLanguage\":\"zh-Hans\"},{\"@type\":\"Organization\",\"@id\":\"https:\/\/pickle-ball.vn\/ja\/#organization\",\"name\":\"Jabra\",\"url\":\"https:\/\/pickle-ball.vn\/ja\/\",\"logo\":{\"@type\":\"ImageObject\",\"inLanguage\":\"zh-Hans\",\"@id\":\"https:\/\/pickle-ball.vn\/ja\/#\/schema\/logo\/image\/\",\"url\":\"\",\"contentUrl\":\"\",\"caption\":\"Jabra\"},\"image\":{\"@id\":\"https:\/\/pickle-ball.vn\/ja\/#\/schema\/logo\/image\/\"}}]}<\/script>\n<!-- \/ Yoast SEO plugin. -->","yoast_head_json":{"title":"V\u1ee3t PickleballV\u1ee3t Pickleball SLK by Selkirk x The Holderness Family Evo 2.0 - Control - Max - PickleBall Vi\u1ec7t Nam","robots":{"index":"index","follow":"follow","max-snippet":"max-snippet:-1","max-image-preview":"max-image-preview:large","max-video-preview":"max-video-preview:-1"},"canonical":"https:\/\/pickle-ball.vn\/zh\/-product-\/vot-pickleball\/vot-pickleball-vot-pickleball-slk-by-selkirk-x-the-holderness-family-evo-2-0-control-max\/","twitter_misc":{"\u9884\u8ba1\u9605\u8bfb\u65f6\u95f4":"3 \u5206"},"schema":{"@context":"https:\/\/schema.org","@graph":[{"@type":"WebPage","@id":"https:\/\/pickle-ball.vn\/ar\/-product-\/vot-pickleball\/vot-pickleball-vot-pickleball-slk-by-selkirk-x-the-holderness-family-evo-2-0-control-max\/","url":"https:\/\/pickle-ball.vn\/ar\/-product-\/vot-pickleball\/vot-pickleball-vot-pickleball-slk-by-selkirk-x-the-holderness-family-evo-2-0-control-max\/","name":"V\u1ee3t PickleballV\u1ee3t Pickleball SLK by Selkirk x The Holderness Family Evo 2.0 - Control - Max - PickleBall Vi\u1ec7t Nam","isPartOf":{"@id":"https:\/\/pickle-ball.vn\/ja\/#website"},"primaryImageOfPage":{"@id":"https:\/\/pickle-ball.vn\/ar\/-product-\/vot-pickleball\/vot-pickleball-vot-pickleball-slk-by-selkirk-x-the-holderness-family-evo-2-0-control-max\/#primaryimage"},"image":{"@id":"https:\/\/pickle-ball.vn\/ar\/-product-\/vot-pickleball\/vot-pickleball-vot-pickleball-slk-by-selkirk-x-the-holderness-family-evo-2-0-control-max\/#primaryimage"},"thumbnailUrl":"https:\/\/pickle-ball.vn\/wp-content\/uploads\/2024\/11\/selkirk-x-the-holderness-family-evo-20-control-max-01_720x720xcrop.webp","datePublished":"2024-11-04T12:00:39+00:00","dateModified":"2024-11-04T12:00:42+00:00","breadcrumb":{"@id":"https:\/\/pickle-ball.vn\/ar\/-product-\/vot-pickleball\/vot-pickleball-vot-pickleball-slk-by-selkirk-x-the-holderness-family-evo-2-0-control-max\/#breadcrumb"},"inLanguage":"zh-Hans","potentialAction":[{"@type":"ReadAction","target":["https:\/\/pickle-ball.vn\/ar\/-product-\/vot-pickleball\/vot-pickleball-vot-pickleball-slk-by-selkirk-x-the-holderness-family-evo-2-0-control-max\/"]}]},{"@type":"ImageObject","inLanguage":"zh-Hans","@id":"https:\/\/pickle-ball.vn\/ar\/-product-\/vot-pickleball\/vot-pickleball-vot-pickleball-slk-by-selkirk-x-the-holderness-family-evo-2-0-control-max\/#primaryimage","url":"https:\/\/pickle-ball.vn\/wp-content\/uploads\/2024\/11\/selkirk-x-the-holderness-family-evo-20-control-max-01_720x720xcrop.webp","contentUrl":"https:\/\/pickle-ball.vn\/wp-content\/uploads\/2024\/11\/selkirk-x-the-holderness-family-evo-20-control-max-01_720x720xcrop.webp","width":720,"height":720,"caption":"Selkirk x The Holderness Family Evo 2.0 - Control - Max"},{"@type":"BreadcrumbList","@id":"https:\/\/pickle-ball.vn\/ar\/-product-\/vot-pickleball\/vot-pickleball-vot-pickleball-slk-by-selkirk-x-the-holderness-family-evo-2-0-control-max\/#breadcrumb","itemListElement":[{"@type":"ListItem","position":1,"name":"Home","item":"https:\/\/pickle-ball.vn\/ja\/"},{"@type":"ListItem","position":2,"name":"Shop","item":"https:\/\/pickle-ball.vn\/vi\/shop\/"},{"@type":"ListItem","position":3,"name":"V\u1ee3t PickleballV\u1ee3t Pickleball SLK by Selkirk x The Holderness Family Evo 2.0 &#8211; Control &#8211; Max"}]},{"@type":"WebSite","@id":"https:\/\/pickle-ball.vn\/ja\/#website","url":"https:\/\/pickle-ball.vn\/ja\/","name":"Jabra","description":"","publisher":{"@id":"https:\/\/pickle-ball.vn\/ja\/#organization"},"potentialAction":[{"@type":"SearchAction","target":{"@type":"EntryPoint","urlTemplate":"https:\/\/pickle-ball.vn\/ja\/?s={search_term_string}"},"query-input":"required name=search_term_string"}],"inLanguage":"zh-Hans"},{"@type":"Organization","@id":"https:\/\/pickle-ball.vn\/ja\/#organization","name":"Jabra","url":"https:\/\/pickle-ball.vn\/ja\/","logo":{"@type":"ImageObject","inLanguage":"zh-Hans","@id":"https:\/\/pickle-ball.vn\/ja\/#\/schema\/logo\/image\/","url":"","contentUrl":"","caption":"Jabra"},"image":{"@id":"https:\/\/pickle-ball.vn\/ja\/#\/schema\/logo\/image\/"}}]}},"brands":[],"_links":{"self":[{"href":"https:\/\/pickle-ball.vn\/zh\/wp-json\/wp\/v2\/product\/15592","targetHints":{"allow":["GET"]}}],"collection":[{"href":"https:\/\/pickle-ball.vn\/zh\/wp-json\/wp\/v2\/product"}],"about":[{"href":"https:\/\/pickle-ball.vn\/zh\/wp-json\/wp\/v2\/types\/product"}],"replies":[{"embeddable":true,"href":"https:\/\/pickle-ball.vn\/zh\/wp-json\/wp\/v2\/comments?post=15592"}],"wp:featuredmedia":[{"embeddable":true,"href":"https:\/\/pickle-ball.vn\/zh\/wp-json\/wp\/v2\/media\/15593"}],"wp:attachment":[{"href":"https:\/\/pickle-ball.vn\/zh\/wp-json\/wp\/v2\/media?parent=15592"}],"wp:term":[{"taxonomy":"pwb-brand","embeddable":true,"href":"https:\/\/pickle-ball.vn\/zh\/wp-json\/wp\/v2\/pwb-brand?post=15592"},{"taxonomy":"product_cat","embeddable":true,"href":"https:\/\/pickle-ball.vn\/zh\/wp-json\/wp\/v2\/product_cat?post=15592"},{"taxonomy":"product_tag","embeddable":true,"href":"https:\/\/pickle-ball.vn\/zh\/wp-json\/wp\/v2\/product_tag?post=15592"}],"curies":[{"name":"wp","href":"https:\/\/api.w.org\/{rel}","templated":true}]}}