{"id":16177,"date":"2025-02-10T11:15:48","date_gmt":"2025-02-10T04:15:48","guid":{"rendered":"http:\/\/pickle-ball.vn\/-product-\/uncategorized\/balo-pickleball-selkirk-core-line-day-bag-pickleball-backpack-red\/"},"modified":"2025-02-10T11:15:56","modified_gmt":"2025-02-10T04:15:56","slug":"balo-pickleball-selkirk-core-line-day-bag-pickleball-backpack-red","status":"publish","type":"product","link":"https:\/\/pickle-ball.vn\/zh\/-product-\/phu-kien-pickleball\/balo-pickleball-selkirk-core-line-day-bag-pickleball-backpack-red\/","title":{"rendered":"Balo Pickleball Selkirk &#8211; Core Line &#8211; Day Bag &#8211; Pickleball Backpack Red"},"content":{"rendered":"<div role=\"tabpanel\" class=\"tab-pane active\" id=\"tab-product-info\">\n<div class=\"vh-content\">\n<h2><strong>Balo Selkirk &#8211; Core Line &#8211; Day Bag &#8211; Pickleball Backpack Red gi\u00e1 t\u1ed1t<\/strong><\/h2>\n<p><strong>Selkirk Core Line Day Bag Pickleball Backpack Red<\/strong> l\u00e0 ng\u01b0\u1eddi b\u1ea1n \u0111\u1ed3ng h\u00e0nh c\u1ee7a b\u1ea1n trong m\u1ed9t ng\u00e0y ch\u01a1i pickleball. <strong>Balo\u00a0Pickleball<\/strong> ch\u1ebf t\u00e1c t\u1eeb ch\u1ea5t li\u1ec7u +V11 Max Polyfiber Performance b\u1ec1n b\u1ec9 c\u1ee7a Selkirk, chi\u1ebfc t\u00fai n\u00e0y mang \u0111\u1ebfn kh\u1ea3 n\u0103ng b\u1ea3o v\u1ec7 nh\u1eb9 cho <strong>v\u1ee3t pickleball<\/strong> v\u00e0 c\u00e1c thi\u1ebft b\u1ecb kh\u00e1c c\u1ee7a b\u1ea1n.<\/p>\n<p><strong>T\u00fai Selkirk Sport Core Line Day<\/strong> l\u00e0 ng\u01b0\u1eddi b\u1ea1n \u0111\u1ed3ng h\u00e0nh c\u1ee7a b\u1ea1n trong m\u1ed9t ng\u00e0y ch\u01a1i pickleball. \u0110\u01b0\u1ee3c ch\u1ebf t\u00e1c t\u1eeb ch\u1ea5t li\u1ec7u +V11 Max Polyfiber Performance b\u1ec1n b\u1ec9 c\u1ee7a Selkirk, chi\u1ebfc t\u00fai n\u00e0y mang \u0111\u1ebfn kh\u1ea3 n\u0103ng b\u1ea3o v\u1ec7 nh\u1eb9 cho thi\u1ebft b\u1ecb c\u1ee7a b\u1ea1n.<\/p>\n<p style=\"text-align:center\"><img decoding=\"async\" alt=\"Selkirk - Core Line - Day Bag - Pickleball Backpack Red gi\u00e1 t\u1ed1t\" class=\"lazy\" src=\"http:\/\/pickle-ball.vn\/wp-content\/uploads\/2025\/02\/balo-selkirk-core-line-day-bag-pickleball-backpack-red-01.webp\" style=\"height:800px;width:800px\" title=\"Selkirk - Core Line - Day Bag - Pickleball Backpack Red gi\u00e1 t\u1ed1t\"><\/p>\n<p>Ng\u0103n ch\u00ednh c\u00f3 th\u1ec3 ch\u1ee9a t\u1edbi 6 v\u1ee3t pickleball ho\u1eb7c n\u1ebfu b\u1ea1n th\u00edch \u0111\u00f3ng g\u00f3i nh\u1eb9, \u0111\u00e2y l\u00e0 k\u00edch th\u01b0\u1edbc ho\u00e0n h\u1ea3o cho m\u1ed9t v\u1ee3t pickleball, gi\u00e0y d\u00e9p v\u00e0 m\u1ed9t s\u1ed1 v\u1eadt d\u1ee5ng thi\u1ebft y\u1ebfu kh\u00e1c. M\u1ed9t t\u00fai \u0111\u1ec7m ph\u00eda tr\u01b0\u1edbc gi\u1eef \u0111i\u1ec7n tho\u1ea1i v\u00e0 ch\u00eca kh\u00f3a c\u1ee7a b\u1ea1n m\u1ed9t c\u00e1ch an to\u00e0n, trong khi t\u00fai t\u1ed5 ch\u1ee9c b\u00ean trong gi\u1eef c\u00e1c v\u1eadt d\u1ee5ng nh\u1ecf c\u1ed1 \u0111\u1ecbnh.<\/p>\n<p>Chi\u1ebfc t\u00fai th\u1eadm ch\u00ed c\u00f2n bao g\u1ed3m m\u1ed9t ng\u0103n \u0111\u1ef1ng m\u00e1y t\u00ednh x\u00e1ch tay \u0111\u01b0\u1ee3c b\u1ea3o v\u1ec7 c\u00f3 th\u1ec3 \u0111\u1ef1ng v\u1eeba m\u00e1y t\u00ednh x\u00e1ch tay l\u00ean \u0111\u1ebfn 15 inch, v\u00ec v\u1eady b\u1ea1n c\u00f3 th\u1ec3 d\u1ec5 d\u00e0ng di chuy\u1ec3n t\u1eeb s\u00e2n \u0111\u1ebfn v\u0103n ph\u00f2ng. V\u1edbi t\u00fai l\u01b0\u1edbi \u0111\u1ef1ng b\u00ecnh n\u01b0\u1edbc v\u00e0 h\u1ec7 th\u1ed1ng d\u00e2y \u0111eo c\u00f3 th\u1ec3 \u0111i\u1ec1u ch\u1ec9nh \u0111\u1ec3 t\u1ea1o s\u1ef1 tho\u1ea3i m\u00e1i, chi\u1ebfc t\u00fai n\u00e0y \u0111\u01b0\u1ee3c thi\u1ebft k\u1ebf \u0111\u1ec3 v\u1eeba ti\u1ec7n d\u1ee5ng v\u1eeba phong c\u00e1ch.<\/p>\n<p style=\"text-align:center\"><img decoding=\"async\" alt=\"Selkirk - Core Line - Day Bag - Pickleball Backpack Red gi\u00e1 t\u1ed1t\" class=\"lazy\" src=\"http:\/\/pickle-ball.vn\/wp-content\/uploads\/2025\/02\/balo-selkirk-core-line-day-bag-pickleball-backpack-red-02.webp\" style=\"height:800px;width:800px\" title=\"Selkirk - Core Line - Day Bag - Pickleball Backpack Red gi\u00e1 t\u1ed1t\"><\/p>\n<h3><strong>\u0110\u1eb7c \u0111i\u00eam ch\u00ednh c\u1ee7a Balo Selkirk &#8211; Core Line &#8211; Day Bag &#8211; Pickleball Backpack Red<\/strong><\/h3>\n<p>&#8211; K\u00edch th\u01b0\u1edbc t\u00fai: R\u1ed9ng 13&#8243; x S\u00e2u 5&#8243; x Cao 16&#8243;<\/p>\n<p>&#8211; \u0110\u01b0\u1ee3c l\u00e0m t\u1eeb v\u1eadt li\u1ec7u hi\u1ec7u su\u1ea5t +V11 Max Polyfiber b\u1ec1n b\u1ec9<\/p>\n<p>&#8211; Ng\u0103n ch\u00ednh r\u1ed9ng r\u00e3i c\u00f3 th\u1ec3 ch\u1ee9a t\u1edbi 6 v\u1ee3t pickleball ho\u1eb7c c\u00e1c thi\u1ebft b\u1ecb kh\u00e1c<\/p>\n<p>&#8211; T\u00fai \u0111\u1ef1ng m\u00e1y t\u00ednh x\u00e1ch tay \u0111\u01b0\u1ee3c b\u1ea3o v\u1ec7 v\u1eeba v\u1eb7n v\u1edbi m\u00e1y t\u00ednh x\u00e1ch tay 15 inch<\/p>\n<p>&#8211; T\u00fai t\u1ed5 ch\u1ee9c b\u00ean trong cho c\u00e1c v\u1eadt d\u1ee5ng nh\u1ecf<\/p>\n<p>&#8211; T\u00fai \u0111\u1ec7m ph\u00eda tr\u01b0\u1edbc \u0111\u1ef1ng \u0111i\u1ec7n tho\u1ea1i v\u00e0 ch\u00eca kh\u00f3a<\/p>\n<p>&#8211; T\u00fai l\u01b0\u1edbi \u0111\u1ef1ng b\u00ecnh n\u01b0\u1edbc<\/p>\n<p>&#8211; H\u1ec7 th\u1ed1ng d\u00e2y \u0111eo c\u00f3 th\u1ec3 \u0111i\u1ec1u ch\u1ec9nh \u0111\u1ec3 t\u1ea1o s\u1ef1 tho\u1ea3i m\u00e1i v\u00e0 \u1ed5n \u0111\u1ecbnh<\/p>\n<p>&#8211; Kh\u00f3a k\u00e9o Selkirk cao c\u1ea5p cho \u0111\u1ed9 b\u1ec1n cao<\/p>\n<p>Selkirk &#8211; Core Line &#8211; Day Bag &#8211; Pickleball Backpack Red ch\u00ednh h\u00e3ng, \u0111ang c\u00f3 s\u1eb5n t\u1ea1i Pickleball Vi\u1ec7t Nam. Vui l\u00f2ng li\u00ean h\u1ec7 v\u1edbi ch\u00fang t\u00f4i\u00a00.87654321.9 \u0111\u1ec3 \u0111\u01b0\u1ee3c t\u01b0 v\u1ea5n, h\u1ed7 tr\u1ee3 chi ti\u1ebft c\u00e1c th\u00f4ng tin v\u1ec1 s\u1ea3n ph\u1ea9m.<\/p>\n<\/p><\/div>\n<\/p><\/div>","protected":false},"excerpt":{"rendered":"<ul class=\"list-unstyled params\">\n<li class=\"btt\">Th\u00f4ng tin s\u1ea3n ph\u1ea9m:<\/li>\n<li class=\"dyn\">\n                                            <span class=\"n\">Th\u01b0\u01a1ng hi\u1ec7u:<\/span><br \/>\n\t\t\t\t\t\t\t\t\t\t\t<span class=\"v\" style=\"text-transform: uppercase\"><b>Selkirk<\/b><\/span>\n                                        <\/li>\n<li class=\"dyn\">\n                                            <span class=\"n\">Xu\u1ea5t x\u1ee9:<\/span><br \/>\n\t\t\t\t\t\t\t\t\t\t\t<span class=\"v\">M\u1ef9 (Made in USA)<\/span>\n                                        <\/li>\n<li class=\"dyn\">\n                                            <span class=\"n\">Number order:<\/span><br \/>\n\t\t\t\t\t\t\t\t\t\t\t<span class=\"v\">10048<\/span>\n                                        <\/li>\n<li class=\"dyn\">\n                                            <span class=\"n\">Nh\u00e0 cung c\u1ea5p:<\/span><br \/>\n                                            \t\t\t\t\t\t\t\t\t\t\t<span class=\"v\">Pickleball Vi\u1ec7t Nam<\/span>\n\t\t\t\t\t\t\t\t\t\t\t                                        <\/li>\n<li class=\"dyn\">\n                                            <span class=\"n\">Lo\u1ea1i s\u1ea3n ph\u1ea9m:<\/span><br \/>\n                                            <span class=\"v\">Balo Pickleball<\/span>\n                                        <\/li>\n<li class=\"dyn\">\n                                            <span class=\"n\">Ch\u1ea5t li\u1ec7u:<\/span><br \/>\n                                            <span class=\"v\">+V11 Max Polyfiber Performance<\/span>\n                                        <\/li>\n<li class=\"separator\">\n                                        <\/li>\n<li>\n                                            <span class=\"n\">Tr\u1ea1ng th\u00e1i:<\/span><br \/>\n                                            <span class=\"v\" style=\"font-weight:700;color: #d7000e\">C\u00f3 s\u1eb5n h\u00e0ng<\/span>\n                                        <\/li>\n<li>\n                                            <span class=\"n\">T\u00ecnh tr\u1ea1ng:<\/span><br \/>\n                                            <span class=\"v\">M\u1edbi 100%<\/span>\n                                        <\/li>\n<li>\n                                            <span class=\"n\">B\u1ea3o h\u00e0nh:<\/span><br \/>\n                                            <span class=\"v\">Ch\u00ednh h\u00e3ng<\/span>\n                                        <\/li>\n<li>\n<p>                                            <span class=\"n\">Giao h\u00e0ng:<\/span><br \/>\n                                            <span class=\"v\">To\u00e0n qu\u1ed1c<\/span>\n                                        <\/li>\n<\/ul>","protected":false},"featured_media":16178,"comment_status":"closed","ping_status":"closed","template":"","meta":[],"pwb-brand":[3742],"product_cat":[3232],"product_tag":[46,3997,3996,3445,25,3690,4007,3417],"class_list":{"0":"post-16177","1":"product","2":"type-product","3":"status-publish","4":"has-post-thumbnail","6":"pwb-brand-selkirk","7":"product_cat-phu-kien-pickleball","8":"product_tag-bag","9":"product_tag-balo-pickleball","10":"product_tag-balo-selkirk","11":"product_tag-luoi","12":"product_tag-man","13":"product_tag-pickleball-selkirk","14":"product_tag-selkirk-core-line-day-bag-pickleball-backpack-red","15":"product_tag-vot-pickleball","17":"first","18":"instock","19":"shipping-taxable","20":"product-type-simple"},"yoast_head":"<!-- This site is optimized with the Yoast SEO plugin v22.9 - https:\/\/yoast.com\/wordpress\/plugins\/seo\/ -->\n<title>Balo Pickleball Selkirk - Core Line - Day Bag - Pickleball Backpack Red - PickleBall Vi\u1ec7t Nam<\/title>\n<meta name=\"robots\" content=\"index, follow, max-snippet:-1, max-image-preview:large, max-video-preview:-1\" \/>\n<link rel=\"canonical\" href=\"https:\/\/pickle-ball.vn\/zh\/-product-\/phu-kien-pickleball\/balo-pickleball-selkirk-core-line-day-bag-pickleball-backpack-red\/\" \/>\n<meta name=\"twitter:label1\" content=\"\u9884\u8ba1\u9605\u8bfb\u65f6\u95f4\" \/>\n\t<meta name=\"twitter:data1\" content=\"3 \u5206\" \/>\n<script type=\"application\/ld+json\" class=\"yoast-schema-graph\">{\"@context\":\"https:\/\/schema.org\",\"@graph\":[{\"@type\":\"WebPage\",\"@id\":\"http:\/\/pickle-ball.vn\/vi\/-product-\/phu-kien-pickleball\/balo-pickleball-selkirk-core-line-day-bag-pickleball-backpack-red\/\",\"url\":\"http:\/\/pickle-ball.vn\/vi\/-product-\/phu-kien-pickleball\/balo-pickleball-selkirk-core-line-day-bag-pickleball-backpack-red\/\",\"name\":\"Balo Pickleball Selkirk - Core Line - Day Bag - Pickleball Backpack Red - PickleBall Vi\u1ec7t Nam\",\"isPartOf\":{\"@id\":\"https:\/\/pickle-ball.vn\/ja\/#website\"},\"primaryImageOfPage\":{\"@id\":\"http:\/\/pickle-ball.vn\/vi\/-product-\/phu-kien-pickleball\/balo-pickleball-selkirk-core-line-day-bag-pickleball-backpack-red\/#primaryimage\"},\"image\":{\"@id\":\"http:\/\/pickle-ball.vn\/vi\/-product-\/phu-kien-pickleball\/balo-pickleball-selkirk-core-line-day-bag-pickleball-backpack-red\/#primaryimage\"},\"thumbnailUrl\":\"https:\/\/pickle-ball.vn\/wp-content\/uploads\/2025\/02\/balo-selkirk-core-line-day-bag-pickleball-backpack-red-01_720x720xcrop.webp\",\"datePublished\":\"2025-02-10T04:15:48+00:00\",\"dateModified\":\"2025-02-10T04:15:56+00:00\",\"breadcrumb\":{\"@id\":\"http:\/\/pickle-ball.vn\/vi\/-product-\/phu-kien-pickleball\/balo-pickleball-selkirk-core-line-day-bag-pickleball-backpack-red\/#breadcrumb\"},\"inLanguage\":\"zh-Hans\",\"potentialAction\":[{\"@type\":\"ReadAction\",\"target\":[\"http:\/\/pickle-ball.vn\/vi\/-product-\/phu-kien-pickleball\/balo-pickleball-selkirk-core-line-day-bag-pickleball-backpack-red\/\"]}]},{\"@type\":\"ImageObject\",\"inLanguage\":\"zh-Hans\",\"@id\":\"http:\/\/pickle-ball.vn\/vi\/-product-\/phu-kien-pickleball\/balo-pickleball-selkirk-core-line-day-bag-pickleball-backpack-red\/#primaryimage\",\"url\":\"https:\/\/pickle-ball.vn\/wp-content\/uploads\/2025\/02\/balo-selkirk-core-line-day-bag-pickleball-backpack-red-01_720x720xcrop.webp\",\"contentUrl\":\"https:\/\/pickle-ball.vn\/wp-content\/uploads\/2025\/02\/balo-selkirk-core-line-day-bag-pickleball-backpack-red-01_720x720xcrop.webp\",\"width\":720,\"height\":720,\"caption\":\"Selkirk - Core Line - Day Bag - Pickleball Backpack Red\"},{\"@type\":\"BreadcrumbList\",\"@id\":\"http:\/\/pickle-ball.vn\/vi\/-product-\/phu-kien-pickleball\/balo-pickleball-selkirk-core-line-day-bag-pickleball-backpack-red\/#breadcrumb\",\"itemListElement\":[{\"@type\":\"ListItem\",\"position\":1,\"name\":\"Home\",\"item\":\"https:\/\/pickle-ball.vn\/ja\/\"},{\"@type\":\"ListItem\",\"position\":2,\"name\":\"Shop\",\"item\":\"https:\/\/pickle-ball.vn\/vi\/shop\/\"},{\"@type\":\"ListItem\",\"position\":3,\"name\":\"Balo Pickleball Selkirk &#8211; Core Line &#8211; Day Bag &#8211; Pickleball Backpack Red\"}]},{\"@type\":\"WebSite\",\"@id\":\"https:\/\/pickle-ball.vn\/ja\/#website\",\"url\":\"https:\/\/pickle-ball.vn\/ja\/\",\"name\":\"Jabra\",\"description\":\"\",\"publisher\":{\"@id\":\"https:\/\/pickle-ball.vn\/ja\/#organization\"},\"potentialAction\":[{\"@type\":\"SearchAction\",\"target\":{\"@type\":\"EntryPoint\",\"urlTemplate\":\"https:\/\/pickle-ball.vn\/ja\/?s={search_term_string}\"},\"query-input\":\"required name=search_term_string\"}],\"inLanguage\":\"zh-Hans\"},{\"@type\":\"Organization\",\"@id\":\"https:\/\/pickle-ball.vn\/ja\/#organization\",\"name\":\"Jabra\",\"url\":\"https:\/\/pickle-ball.vn\/ja\/\",\"logo\":{\"@type\":\"ImageObject\",\"inLanguage\":\"zh-Hans\",\"@id\":\"https:\/\/pickle-ball.vn\/ja\/#\/schema\/logo\/image\/\",\"url\":\"\",\"contentUrl\":\"\",\"caption\":\"Jabra\"},\"image\":{\"@id\":\"https:\/\/pickle-ball.vn\/ja\/#\/schema\/logo\/image\/\"}}]}<\/script>\n<!-- \/ Yoast SEO plugin. -->","yoast_head_json":{"title":"Balo Pickleball Selkirk - Core Line - Day Bag - Pickleball Backpack Red - PickleBall Vi\u1ec7t Nam","robots":{"index":"index","follow":"follow","max-snippet":"max-snippet:-1","max-image-preview":"max-image-preview:large","max-video-preview":"max-video-preview:-1"},"canonical":"https:\/\/pickle-ball.vn\/zh\/-product-\/phu-kien-pickleball\/balo-pickleball-selkirk-core-line-day-bag-pickleball-backpack-red\/","twitter_misc":{"\u9884\u8ba1\u9605\u8bfb\u65f6\u95f4":"3 \u5206"},"schema":{"@context":"https:\/\/schema.org","@graph":[{"@type":"WebPage","@id":"http:\/\/pickle-ball.vn\/vi\/-product-\/phu-kien-pickleball\/balo-pickleball-selkirk-core-line-day-bag-pickleball-backpack-red\/","url":"http:\/\/pickle-ball.vn\/vi\/-product-\/phu-kien-pickleball\/balo-pickleball-selkirk-core-line-day-bag-pickleball-backpack-red\/","name":"Balo Pickleball Selkirk - Core Line - Day Bag - Pickleball Backpack Red - PickleBall Vi\u1ec7t Nam","isPartOf":{"@id":"https:\/\/pickle-ball.vn\/ja\/#website"},"primaryImageOfPage":{"@id":"http:\/\/pickle-ball.vn\/vi\/-product-\/phu-kien-pickleball\/balo-pickleball-selkirk-core-line-day-bag-pickleball-backpack-red\/#primaryimage"},"image":{"@id":"http:\/\/pickle-ball.vn\/vi\/-product-\/phu-kien-pickleball\/balo-pickleball-selkirk-core-line-day-bag-pickleball-backpack-red\/#primaryimage"},"thumbnailUrl":"https:\/\/pickle-ball.vn\/wp-content\/uploads\/2025\/02\/balo-selkirk-core-line-day-bag-pickleball-backpack-red-01_720x720xcrop.webp","datePublished":"2025-02-10T04:15:48+00:00","dateModified":"2025-02-10T04:15:56+00:00","breadcrumb":{"@id":"http:\/\/pickle-ball.vn\/vi\/-product-\/phu-kien-pickleball\/balo-pickleball-selkirk-core-line-day-bag-pickleball-backpack-red\/#breadcrumb"},"inLanguage":"zh-Hans","potentialAction":[{"@type":"ReadAction","target":["http:\/\/pickle-ball.vn\/vi\/-product-\/phu-kien-pickleball\/balo-pickleball-selkirk-core-line-day-bag-pickleball-backpack-red\/"]}]},{"@type":"ImageObject","inLanguage":"zh-Hans","@id":"http:\/\/pickle-ball.vn\/vi\/-product-\/phu-kien-pickleball\/balo-pickleball-selkirk-core-line-day-bag-pickleball-backpack-red\/#primaryimage","url":"https:\/\/pickle-ball.vn\/wp-content\/uploads\/2025\/02\/balo-selkirk-core-line-day-bag-pickleball-backpack-red-01_720x720xcrop.webp","contentUrl":"https:\/\/pickle-ball.vn\/wp-content\/uploads\/2025\/02\/balo-selkirk-core-line-day-bag-pickleball-backpack-red-01_720x720xcrop.webp","width":720,"height":720,"caption":"Selkirk - Core Line - Day Bag - Pickleball Backpack Red"},{"@type":"BreadcrumbList","@id":"http:\/\/pickle-ball.vn\/vi\/-product-\/phu-kien-pickleball\/balo-pickleball-selkirk-core-line-day-bag-pickleball-backpack-red\/#breadcrumb","itemListElement":[{"@type":"ListItem","position":1,"name":"Home","item":"https:\/\/pickle-ball.vn\/ja\/"},{"@type":"ListItem","position":2,"name":"Shop","item":"https:\/\/pickle-ball.vn\/vi\/shop\/"},{"@type":"ListItem","position":3,"name":"Balo Pickleball Selkirk &#8211; Core Line &#8211; Day Bag &#8211; Pickleball Backpack Red"}]},{"@type":"WebSite","@id":"https:\/\/pickle-ball.vn\/ja\/#website","url":"https:\/\/pickle-ball.vn\/ja\/","name":"Jabra","description":"","publisher":{"@id":"https:\/\/pickle-ball.vn\/ja\/#organization"},"potentialAction":[{"@type":"SearchAction","target":{"@type":"EntryPoint","urlTemplate":"https:\/\/pickle-ball.vn\/ja\/?s={search_term_string}"},"query-input":"required name=search_term_string"}],"inLanguage":"zh-Hans"},{"@type":"Organization","@id":"https:\/\/pickle-ball.vn\/ja\/#organization","name":"Jabra","url":"https:\/\/pickle-ball.vn\/ja\/","logo":{"@type":"ImageObject","inLanguage":"zh-Hans","@id":"https:\/\/pickle-ball.vn\/ja\/#\/schema\/logo\/image\/","url":"","contentUrl":"","caption":"Jabra"},"image":{"@id":"https:\/\/pickle-ball.vn\/ja\/#\/schema\/logo\/image\/"}}]}},"brands":[{"id":3742,"name":"Selkirk","slug":"selkirk"}],"_links":{"self":[{"href":"https:\/\/pickle-ball.vn\/zh\/wp-json\/wp\/v2\/product\/16177","targetHints":{"allow":["GET"]}}],"collection":[{"href":"https:\/\/pickle-ball.vn\/zh\/wp-json\/wp\/v2\/product"}],"about":[{"href":"https:\/\/pickle-ball.vn\/zh\/wp-json\/wp\/v2\/types\/product"}],"replies":[{"embeddable":true,"href":"https:\/\/pickle-ball.vn\/zh\/wp-json\/wp\/v2\/comments?post=16177"}],"wp:featuredmedia":[{"embeddable":true,"href":"https:\/\/pickle-ball.vn\/zh\/wp-json\/wp\/v2\/media\/16178"}],"wp:attachment":[{"href":"https:\/\/pickle-ball.vn\/zh\/wp-json\/wp\/v2\/media?parent=16177"}],"wp:term":[{"taxonomy":"pwb-brand","embeddable":true,"href":"https:\/\/pickle-ball.vn\/zh\/wp-json\/wp\/v2\/pwb-brand?post=16177"},{"taxonomy":"product_cat","embeddable":true,"href":"https:\/\/pickle-ball.vn\/zh\/wp-json\/wp\/v2\/product_cat?post=16177"},{"taxonomy":"product_tag","embeddable":true,"href":"https:\/\/pickle-ball.vn\/zh\/wp-json\/wp\/v2\/product_tag?post=16177"}],"curies":[{"name":"wp","href":"https:\/\/api.w.org\/{rel}","templated":true}]}}